{"id":55471,"date":"2025-03-06T00:07:15","date_gmt":"2025-03-05T22:07:15","guid":{"rendered":"https:\/\/vmsport.fi\/verkkokauppa\/Ei-luokiteltu\/ohjaustanko-bontrager-race-lite-aero-clip-on-s-bend\/"},"modified":"2026-01-16T13:26:07","modified_gmt":"2026-01-16T11:26:07","slug":"styre-bontrager-race-lite-aero-clip-on-s-boj","status":"publish","type":"product","link":"https:\/\/vmsport.fi\/sv\/verkkokauppa\/varaosat\/ohjaamo\/ohjaustangot\/ohjaustanko-bontrager-race-lite-aero-clip-on-s-bend\/","title":{"rendered":"Bontrager Race Lite Aero Clip-On S-Bend-styrst\u00e5ng"},"content":{"rendered":"<p>Bontrager Race Lite Aero Clip-On S-Bend-styret \u00e4r utformat f\u00f6r att ge en aerodynamisk k\u00f6rst\u00e4llning och kombinerar prestanda och funktionalitet. Det \u00e4r tillverkat av en h\u00e5llbar och l\u00e4tt aluminiumlegering och har en elegant svart finish som ger minimalism till cyklingen. Detta styre \u00e4r ett utm\u00e4rkt val f\u00f6r cyklister, eftersom dess S-formade b\u00f6jning ger en optimal k\u00f6rst\u00e4llning. Tack vare den l\u00e4ttmonterade clip-on-designen g\u00e5r det snabbt att installera styret, vilket g\u00f6r det till ett utm\u00e4rkt komplement till alla cyklar och ger en konkurrensf\u00f6rdel p\u00e5 aerodynamiska stigar.<\/p>","protected":false},"excerpt":{"rendered":"<p>Bontrager Race Lite Aero Clip-On S-Bend ohjaustanko on suunniteltu tarjoamaan aerodynaamista ajoasentoa, yhdist\u00e4en suorituskyvyn ja k\u00e4yt\u00e4nn\u00f6llisyyden. Valmistettu kest\u00e4v\u00e4st\u00e4 ja kevyest\u00e4 alumiiniseoksesta, se korostuu sen tyylikk\u00e4\u00e4ll\u00e4 mustalla viimeistelyll\u00e4, joka tuo minimalismia py\u00f6r\u00e4ilyyn. T\u00e4m\u00e4 ohjaustanko on erinomainen valinta py\u00f6r\u00e4ilij\u00f6ille, sill\u00e4 sen S-muotoinen taivutus mahdollistaa optimaalisen ajoasennon. Helposti kiinnitett\u00e4v\u00e4n klipsirakenteensa ansiosta tanko on nopea asentaa, mik\u00e4 tekee siit\u00e4 [&#8230;]<\/p>\n<p><a class=\"btn btn-secondary understrap-read-more-link\" href=\"https:\/\/vmsport.fi\/sv\/verkkokauppa\/varaosat\/ohjaamo\/ohjaustangot\/ohjaustanko-bontrager-race-lite-aero-clip-on-s-bend\/\">L\u00e4s mer \u2026<span class=\"screen-reader-text\"> from Ohjaustanko Bontrager Race Lite Aero Clip-On S-Bend<\/span><\/a><\/p>\n","protected":false},"featured_media":55469,"comment_status":"open","ping_status":"closed","template":"","meta":{"_acf_changed":false,"_improvement_type_select":"improve_an_existing","_thumb_yes_seoaic":false,"_frame_yes_seoaic":false,"seoaic_generate_description":"","seoaic_improve_instructions_prompt":"","seoaic_rollback_content_improvement":"","seoaic_idea_thumbnail_generator":"","thumbnail_generated":false,"thumbnail_generate_prompt":"","seoaic_article_description":"","_supplier_stock_quantity":0},"product_brand":[],"product_model":[],"product_cat":[9490],"product_tag":[],"industry-terminology":[],"class_list":{"0":"post-55471","1":"product","2":"type-product","3":"status-publish","4":"has-post-thumbnail","6":"product_cat-ohjaustangot","8":"first","9":"outofstock","10":"taxable","11":"shipping-taxable","12":"product-type-simple"},"acf":{"bike_features":null,"overview":{"copy_overview":null,"key_features":null,"statement":"","youtube_url":""}},"yoast_head":"<!-- This site is optimized with the Yoast SEO plugin v27.3 - https:\/\/yoast.com\/product\/yoast-seo-wordpress\/ -->\n<title>Ohjaustanko Bontrager Race Lite Aero Clip-On S-Bend - VM Sport<\/title>\n<meta name=\"robots\" content=\"index, follow, max-snippet:-1, max-image-preview:large, max-video-preview:-1\" \/>\n<link rel=\"canonical\" href=\"https:\/\/vmsport.fi\/sv\/webbutik\/reservdelar\/taxi\/styrstanger\/styre-bontrager-race-lite-aero-clip-on-s-boj\/\" \/>\n<meta property=\"og:locale\" content=\"sv_SE\" \/>\n<meta property=\"og:type\" content=\"article\" \/>\n<meta property=\"og:title\" content=\"Ohjaustanko Bontrager Race Lite Aero Clip-On S-Bend - VM Sport\" \/>\n<meta property=\"og:description\" content=\"Bontrager Race Lite Aero Clip-On S-Bend ohjaustanko on suunniteltu tarjoamaan aerodynaamista ajoasentoa, yhdist\u00e4en suorituskyvyn ja k\u00e4yt\u00e4nn\u00f6llisyyden. Valmistettu kest\u00e4v\u00e4st\u00e4 ja kevyest\u00e4 alumiiniseoksesta, se korostuu sen tyylikk\u00e4\u00e4ll\u00e4 mustalla viimeistelyll\u00e4, joka tuo minimalismia py\u00f6r\u00e4ilyyn. T\u00e4m\u00e4 ohjaustanko on erinomainen valinta py\u00f6r\u00e4ilij\u00f6ille, sill\u00e4 sen S-muotoinen taivutus mahdollistaa optimaalisen ajoasennon. Helposti kiinnitett\u00e4v\u00e4n klipsirakenteensa ansiosta tanko on nopea asentaa, mik\u00e4 tekee siit\u00e4 [...]L\u00e4s mer \u2026 from Ohjaustanko Bontrager Race Lite Aero Clip-On S-Bend\" \/>\n<meta property=\"og:url\" content=\"https:\/\/vmsport.fi\/sv\/webbutik\/reservdelar\/taxi\/styrstanger\/styre-bontrager-race-lite-aero-clip-on-s-boj\/\" \/>\n<meta property=\"og:site_name\" content=\"VM Sport\" \/>\n<meta property=\"article:publisher\" content=\"https:\/\/www.facebook.com\/Vmsport.fi\/\" \/>\n<meta property=\"article:modified_time\" content=\"2026-01-16T11:26:07+00:00\" \/>\n<meta property=\"og:image\" content=\"https:\/\/vmsport.fi\/wp-content\/uploads\/2025\/03\/fb681da8-4c98-42cd-a9f4-fac111f093d0-1.jpg\" \/>\n\t<meta property=\"og:image:width\" content=\"720\" \/>\n\t<meta property=\"og:image:height\" content=\"720\" \/>\n\t<meta property=\"og:image:type\" content=\"image\/jpeg\" \/>\n<meta name=\"twitter:card\" content=\"summary_large_image\" \/>\n<script type=\"application\/ld+json\" class=\"yoast-schema-graph\">{\"@context\":\"https:\\\/\\\/schema.org\",\"@graph\":[{\"@type\":[\"WebPage\",\"ItemPage\"],\"@id\":\"https:\\\/\\\/vmsport.fi\\\/verkkokauppa\\\/varaosat\\\/ohjaamo\\\/ohjaustangot\\\/ohjaustanko-bontrager-race-lite-aero-clip-on-s-bend\\\/\",\"url\":\"https:\\\/\\\/vmsport.fi\\\/verkkokauppa\\\/varaosat\\\/ohjaamo\\\/ohjaustangot\\\/ohjaustanko-bontrager-race-lite-aero-clip-on-s-bend\\\/\",\"name\":\"Ohjaustanko Bontrager Race Lite Aero Clip-On S-Bend - VM Sport\",\"isPartOf\":{\"@id\":\"https:\\\/\\\/vmsport.fi\\\/#website\"},\"primaryImageOfPage\":{\"@id\":\"https:\\\/\\\/vmsport.fi\\\/verkkokauppa\\\/varaosat\\\/ohjaamo\\\/ohjaustangot\\\/ohjaustanko-bontrager-race-lite-aero-clip-on-s-bend\\\/#primaryimage\"},\"image\":{\"@id\":\"https:\\\/\\\/vmsport.fi\\\/verkkokauppa\\\/varaosat\\\/ohjaamo\\\/ohjaustangot\\\/ohjaustanko-bontrager-race-lite-aero-clip-on-s-bend\\\/#primaryimage\"},\"thumbnailUrl\":\"https:\\\/\\\/vmsport.fi\\\/wp-content\\\/uploads\\\/2025\\\/03\\\/fb681da8-4c98-42cd-a9f4-fac111f093d0-1.jpg\",\"datePublished\":\"2025-03-05T22:07:15+00:00\",\"dateModified\":\"2026-01-16T11:26:07+00:00\",\"breadcrumb\":{\"@id\":\"https:\\\/\\\/vmsport.fi\\\/verkkokauppa\\\/varaosat\\\/ohjaamo\\\/ohjaustangot\\\/ohjaustanko-bontrager-race-lite-aero-clip-on-s-bend\\\/#breadcrumb\"},\"inLanguage\":\"sv-SE\",\"potentialAction\":[{\"@type\":\"ReadAction\",\"target\":[\"https:\\\/\\\/vmsport.fi\\\/verkkokauppa\\\/varaosat\\\/ohjaamo\\\/ohjaustangot\\\/ohjaustanko-bontrager-race-lite-aero-clip-on-s-bend\\\/\"]}]},{\"@type\":\"ImageObject\",\"inLanguage\":\"sv-SE\",\"@id\":\"https:\\\/\\\/vmsport.fi\\\/verkkokauppa\\\/varaosat\\\/ohjaamo\\\/ohjaustangot\\\/ohjaustanko-bontrager-race-lite-aero-clip-on-s-bend\\\/#primaryimage\",\"url\":\"https:\\\/\\\/vmsport.fi\\\/wp-content\\\/uploads\\\/2025\\\/03\\\/fb681da8-4c98-42cd-a9f4-fac111f093d0-1.jpg\",\"contentUrl\":\"https:\\\/\\\/vmsport.fi\\\/wp-content\\\/uploads\\\/2025\\\/03\\\/fb681da8-4c98-42cd-a9f4-fac111f093d0-1.jpg\",\"width\":720,\"height\":720,\"caption\":\"fb681da8-4c98-42cd-a9f4-fac111f093d0\"},{\"@type\":\"BreadcrumbList\",\"@id\":\"https:\\\/\\\/vmsport.fi\\\/verkkokauppa\\\/varaosat\\\/ohjaamo\\\/ohjaustangot\\\/ohjaustanko-bontrager-race-lite-aero-clip-on-s-bend\\\/#breadcrumb\",\"itemListElement\":[{\"@type\":\"ListItem\",\"position\":1,\"name\":\"Etusivu\",\"item\":\"https:\\\/\\\/vmsport.fi\\\/\"},{\"@type\":\"ListItem\",\"position\":2,\"name\":\"Online Store\",\"item\":\"https:\\\/\\\/vmsport.fi\\\/en\\\/online-store\\\/\"},{\"@type\":\"ListItem\",\"position\":3,\"name\":\"Ohjaustanko Bontrager Race Lite Aero Clip-On S-Bend\"}]},{\"@type\":\"WebSite\",\"@id\":\"https:\\\/\\\/vmsport.fi\\\/#website\",\"url\":\"https:\\\/\\\/vmsport.fi\\\/\",\"name\":\"Vmsport\",\"description\":\"Kaikki py\u00f6r\u00e4ilyyn yhdest\u00e4 paikasta\",\"publisher\":{\"@id\":\"https:\\\/\\\/vmsport.fi\\\/#organization\"},\"potentialAction\":[{\"@type\":\"SearchAction\",\"target\":{\"@type\":\"EntryPoint\",\"urlTemplate\":\"https:\\\/\\\/vmsport.fi\\\/?s={search_term_string}\"},\"query-input\":{\"@type\":\"PropertyValueSpecification\",\"valueRequired\":true,\"valueName\":\"search_term_string\"}}],\"inLanguage\":\"sv-SE\"},{\"@type\":\"Organization\",\"@id\":\"https:\\\/\\\/vmsport.fi\\\/#organization\",\"name\":\"Vmsport\",\"url\":\"https:\\\/\\\/vmsport.fi\\\/\",\"logo\":{\"@type\":\"ImageObject\",\"inLanguage\":\"sv-SE\",\"@id\":\"https:\\\/\\\/vmsport.fi\\\/#\\\/schema\\\/logo\\\/image\\\/\",\"url\":\"https:\\\/\\\/vmsport.fi\\\/wp-content\\\/uploads\\\/2024\\\/12\\\/vm_sport_RGB_horisontal-e1734526017575.png\",\"contentUrl\":\"https:\\\/\\\/vmsport.fi\\\/wp-content\\\/uploads\\\/2024\\\/12\\\/vm_sport_RGB_horisontal-e1734526017575.png\",\"width\":668,\"height\":85,\"caption\":\"Vmsport\"},\"image\":{\"@id\":\"https:\\\/\\\/vmsport.fi\\\/#\\\/schema\\\/logo\\\/image\\\/\"},\"sameAs\":[\"https:\\\/\\\/www.facebook.com\\\/Vmsport.fi\\\/\",\"https:\\\/\\\/www.instagram.com\\\/vmsport\\\/\"]}]}<\/script>\n<!-- \/ Yoast SEO plugin. -->","yoast_head_json":{"title":"Bontrager Race Lite Aero Clip-On S-Bend-styrst\u00e5ng - VM Sport","robots":{"index":"index","follow":"follow","max-snippet":"max-snippet:-1","max-image-preview":"max-image-preview:large","max-video-preview":"max-video-preview:-1"},"canonical":"https:\/\/vmsport.fi\/sv\/webbutik\/reservdelar\/taxi\/styrstanger\/styre-bontrager-race-lite-aero-clip-on-s-boj\/","og_locale":"sv_SE","og_type":"article","og_title":"Ohjaustanko Bontrager Race Lite Aero Clip-On S-Bend - VM Sport","og_description":"Bontrager Race Lite Aero Clip-On S-Bend ohjaustanko on suunniteltu tarjoamaan aerodynaamista ajoasentoa, yhdist\u00e4en suorituskyvyn ja k\u00e4yt\u00e4nn\u00f6llisyyden. Valmistettu kest\u00e4v\u00e4st\u00e4 ja kevyest\u00e4 alumiiniseoksesta, se korostuu sen tyylikk\u00e4\u00e4ll\u00e4 mustalla viimeistelyll\u00e4, joka tuo minimalismia py\u00f6r\u00e4ilyyn. T\u00e4m\u00e4 ohjaustanko on erinomainen valinta py\u00f6r\u00e4ilij\u00f6ille, sill\u00e4 sen S-muotoinen taivutus mahdollistaa optimaalisen ajoasennon. Helposti kiinnitett\u00e4v\u00e4n klipsirakenteensa ansiosta tanko on nopea asentaa, mik\u00e4 tekee siit\u00e4 [...]L\u00e4s mer \u2026 from Ohjaustanko Bontrager Race Lite Aero Clip-On S-Bend","og_url":"https:\/\/vmsport.fi\/sv\/webbutik\/reservdelar\/taxi\/styrstanger\/styre-bontrager-race-lite-aero-clip-on-s-boj\/","og_site_name":"VM Sport","article_publisher":"https:\/\/www.facebook.com\/Vmsport.fi\/","article_modified_time":"2026-01-16T11:26:07+00:00","og_image":[{"width":720,"height":720,"url":"https:\/\/vmsport.fi\/wp-content\/uploads\/2025\/03\/fb681da8-4c98-42cd-a9f4-fac111f093d0-1.jpg","type":"image\/jpeg"}],"twitter_card":"summary_large_image","schema":{"@context":"https:\/\/schema.org","@graph":[{"@type":["WebPage","ItemPage"],"@id":"https:\/\/vmsport.fi\/verkkokauppa\/varaosat\/ohjaamo\/ohjaustangot\/ohjaustanko-bontrager-race-lite-aero-clip-on-s-bend\/","url":"https:\/\/vmsport.fi\/verkkokauppa\/varaosat\/ohjaamo\/ohjaustangot\/ohjaustanko-bontrager-race-lite-aero-clip-on-s-bend\/","name":"Bontrager Race Lite Aero Clip-On S-Bend-styrst\u00e5ng - VM Sport","isPartOf":{"@id":"https:\/\/vmsport.fi\/#website"},"primaryImageOfPage":{"@id":"https:\/\/vmsport.fi\/verkkokauppa\/varaosat\/ohjaamo\/ohjaustangot\/ohjaustanko-bontrager-race-lite-aero-clip-on-s-bend\/#primaryimage"},"image":{"@id":"https:\/\/vmsport.fi\/verkkokauppa\/varaosat\/ohjaamo\/ohjaustangot\/ohjaustanko-bontrager-race-lite-aero-clip-on-s-bend\/#primaryimage"},"thumbnailUrl":"https:\/\/vmsport.fi\/wp-content\/uploads\/2025\/03\/fb681da8-4c98-42cd-a9f4-fac111f093d0-1.jpg","datePublished":"2025-03-05T22:07:15+00:00","dateModified":"2026-01-16T11:26:07+00:00","breadcrumb":{"@id":"https:\/\/vmsport.fi\/verkkokauppa\/varaosat\/ohjaamo\/ohjaustangot\/ohjaustanko-bontrager-race-lite-aero-clip-on-s-bend\/#breadcrumb"},"inLanguage":"sv-SE","potentialAction":[{"@type":"ReadAction","target":["https:\/\/vmsport.fi\/verkkokauppa\/varaosat\/ohjaamo\/ohjaustangot\/ohjaustanko-bontrager-race-lite-aero-clip-on-s-bend\/"]}]},{"@type":"ImageObject","inLanguage":"sv-SE","@id":"https:\/\/vmsport.fi\/verkkokauppa\/varaosat\/ohjaamo\/ohjaustangot\/ohjaustanko-bontrager-race-lite-aero-clip-on-s-bend\/#primaryimage","url":"https:\/\/vmsport.fi\/wp-content\/uploads\/2025\/03\/fb681da8-4c98-42cd-a9f4-fac111f093d0-1.jpg","contentUrl":"https:\/\/vmsport.fi\/wp-content\/uploads\/2025\/03\/fb681da8-4c98-42cd-a9f4-fac111f093d0-1.jpg","width":720,"height":720,"caption":"fb681da8-4c98-42cd-a9f4-fac111f093d0"},{"@type":"BreadcrumbList","@id":"https:\/\/vmsport.fi\/verkkokauppa\/varaosat\/ohjaamo\/ohjaustangot\/ohjaustanko-bontrager-race-lite-aero-clip-on-s-bend\/#breadcrumb","itemListElement":[{"@type":"ListItem","position":1,"name":"Etusivu","item":"https:\/\/vmsport.fi\/"},{"@type":"ListItem","position":2,"name":"Online Store","item":"https:\/\/vmsport.fi\/en\/online-store\/"},{"@type":"ListItem","position":3,"name":"Ohjaustanko Bontrager Race Lite Aero Clip-On S-Bend"}]},{"@type":"WebSite","@id":"https:\/\/vmsport.fi\/#website","url":"https:\/\/vmsport.fi\/","name":"Vmsport","description":"Allt p\u00e5 ett st\u00e4lle f\u00f6r cykling","publisher":{"@id":"https:\/\/vmsport.fi\/#organization"},"potentialAction":[{"@type":"SearchAction","target":{"@type":"EntryPoint","urlTemplate":"https:\/\/vmsport.fi\/?s={search_term_string}"},"query-input":{"@type":"PropertyValueSpecification","valueRequired":true,"valueName":"search_term_string"}}],"inLanguage":"sv-SE"},{"@type":"Organization","@id":"https:\/\/vmsport.fi\/#organization","name":"Vmsport","url":"https:\/\/vmsport.fi\/","logo":{"@type":"ImageObject","inLanguage":"sv-SE","@id":"https:\/\/vmsport.fi\/#\/schema\/logo\/image\/","url":"https:\/\/vmsport.fi\/wp-content\/uploads\/2024\/12\/vm_sport_RGB_horisontal-e1734526017575.png","contentUrl":"https:\/\/vmsport.fi\/wp-content\/uploads\/2024\/12\/vm_sport_RGB_horisontal-e1734526017575.png","width":668,"height":85,"caption":"Vmsport"},"image":{"@id":"https:\/\/vmsport.fi\/#\/schema\/logo\/image\/"},"sameAs":["https:\/\/www.facebook.com\/Vmsport.fi\/","https:\/\/www.instagram.com\/vmsport\/"]}]}},"global_unique_id":"","_links":{"self":[{"href":"https:\/\/vmsport.fi\/sv\/wp-json\/wp\/v2\/product\/55471","targetHints":{"allow":["GET"]}}],"collection":[{"href":"https:\/\/vmsport.fi\/sv\/wp-json\/wp\/v2\/product"}],"about":[{"href":"https:\/\/vmsport.fi\/sv\/wp-json\/wp\/v2\/types\/product"}],"replies":[{"embeddable":true,"href":"https:\/\/vmsport.fi\/sv\/wp-json\/wp\/v2\/comments?post=55471"}],"wp:featuredmedia":[{"embeddable":true,"href":"https:\/\/vmsport.fi\/sv\/wp-json\/wp\/v2\/media\/55469"}],"wp:attachment":[{"href":"https:\/\/vmsport.fi\/sv\/wp-json\/wp\/v2\/media?parent=55471"}],"wp:term":[{"taxonomy":"product_brand","embeddable":true,"href":"https:\/\/vmsport.fi\/sv\/wp-json\/wp\/v2\/product_brand?post=55471"},{"taxonomy":"product_model","embeddable":true,"href":"https:\/\/vmsport.fi\/sv\/wp-json\/wp\/v2\/product_model?post=55471"},{"taxonomy":"product_cat","embeddable":true,"href":"https:\/\/vmsport.fi\/sv\/wp-json\/wp\/v2\/product_cat?post=55471"},{"taxonomy":"product_tag","embeddable":true,"href":"https:\/\/vmsport.fi\/sv\/wp-json\/wp\/v2\/product_tag?post=55471"},{"taxonomy":"industry_terminology","embeddable":true,"href":"https:\/\/vmsport.fi\/sv\/wp-json\/wp\/v2\/industry-terminology?post=55471"}],"curies":[{"name":"wp","href":"https:\/\/api.w.org\/{rel}","templated":true}]}}