{"id":55457,"date":"2025-03-06T00:07:08","date_gmt":"2025-03-05T22:07:08","guid":{"rendered":"https:\/\/vmsport.fi\/verkkokauppa\/Ei-luokiteltu\/xlc-riser-bar-hb-m19-780-mm-30mm-rise-black-brilliance\/"},"modified":"2026-03-27T02:00:27","modified_gmt":"2026-03-27T00:00:27","slug":"xlc-forhojningsstang-hb-m19-780-mm-30mm-forhojning-svart-briljans","status":"publish","type":"product","link":"https:\/\/vmsport.fi\/sv\/verkkokauppa\/varaosat\/ohjaamo\/ohjaustangot\/xlc-riser-bar-hb-m19-780-mm-30mm-rise-black-brilliance\/","title":{"rendered":"XLC F\u00f6rh\u00f6jningsst\u00e5ng HB-M19 780 mm 30 mm stigning Svart\/Brilliance"},"content":{"rendered":"<p>XLC Riser Bar HB-M19 kombinerar h\u00e5llbarhet och elegans och ger en optimal styrk\u00e4nsla. Den 780 mm breda konstruktionen s\u00e4kerst\u00e4ller stabilitet och h\u00e5ller kontrollen s\u00e4ker \u00e4ven i den mest kr\u00e4vande terr\u00e4ngen. Riser-lyftet p\u00e5 30 mm ger en ergonomisk k\u00f6rst\u00e4llning och minskar trycket p\u00e5 armarna under l\u00e5nga resor. Kombinationen av svart och ljusa f\u00e4rger ger styret en modern look som \u00e4r b\u00e5de enkel och effektiv. Det h\u00e4r riser-styret \u00e4r det perfekta valet f\u00f6r alla cyklister som uppskattar funktionalitet och estetik.<\/p>","protected":false},"excerpt":{"rendered":"<p>XLC Riser Bar HB-M19 yhdist\u00e4\u00e4 kest\u00e4vyyden ja tyylikkyyden, tarjoten optimaalisen ohjaustuntuman. 780 mm leve\u00e4 rakenne takaa vakauden, pit\u00e4en hallinnan varmana vaativimmissakin maastoissa. Riserin 30 mm noste mahdollistaa ergonomisen ajoasennon, lievitt\u00e4en painetta k\u00e4sivarsista pitkien matkojen aikana. Mustan ja kirkkaan v\u00e4rin yhdistelm\u00e4 antaa ohjaustangolle modernin ilmeen, joka on samanaikaisesti yksinkertainen ja tehokas. T\u00e4m\u00e4 riser-tanko on t\u00e4ydellinen valinta [&#8230;]<\/p>\n<p><a class=\"btn btn-secondary understrap-read-more-link\" href=\"https:\/\/vmsport.fi\/sv\/verkkokauppa\/varaosat\/ohjaamo\/ohjaustangot\/xlc-riser-bar-hb-m19-780-mm-30mm-rise-black-brilliance\/\">L\u00e4s mer \u2026<span class=\"screen-reader-text\"> from XLC Riser bar HB-M19 780 mm 30mm rise Black\/Brilliance<\/span><\/a><\/p>\n","protected":false},"featured_media":55456,"comment_status":"open","ping_status":"closed","template":"","meta":{"_acf_changed":false,"_improvement_type_select":"improve_an_existing","_thumb_yes_seoaic":false,"_frame_yes_seoaic":false,"seoaic_generate_description":"","seoaic_improve_instructions_prompt":"","seoaic_rollback_content_improvement":"","seoaic_idea_thumbnail_generator":"","thumbnail_generated":false,"thumbnail_generate_prompt":"","seoaic_article_description":"","_supplier_stock_quantity":0},"product_brand":[],"product_model":[],"product_cat":[9490],"product_tag":[],"industry-terminology":[],"class_list":{"0":"post-55457","1":"product","2":"type-product","3":"status-publish","4":"has-post-thumbnail","6":"product_cat-ohjaustangot","8":"first","9":"outofstock","10":"taxable","11":"shipping-taxable","12":"product-type-simple"},"acf":{"bike_features":null,"overview":{"copy_overview":null,"key_features":null,"statement":"","youtube_url":""}},"yoast_head":"<!-- This site is optimized with the Yoast SEO plugin v27.3 - https:\/\/yoast.com\/product\/yoast-seo-wordpress\/ -->\n<title>XLC Riser bar HB-M19 780 mm 30mm rise Black\/Brilliance - VM Sport<\/title>\n<meta name=\"robots\" content=\"index, follow, max-snippet:-1, max-image-preview:large, max-video-preview:-1\" \/>\n<link rel=\"canonical\" href=\"https:\/\/vmsport.fi\/sv\/webbutik\/reservdelar\/taxi\/styrstanger\/xlc-forhojningsstang-hb-m19-780-mm-30mm-forhojning-svart-briljans\/\" \/>\n<meta property=\"og:locale\" content=\"sv_SE\" \/>\n<meta property=\"og:type\" content=\"article\" \/>\n<meta property=\"og:title\" content=\"XLC Riser bar HB-M19 780 mm 30mm rise Black\/Brilliance - VM Sport\" \/>\n<meta property=\"og:description\" content=\"XLC Riser Bar HB-M19 yhdist\u00e4\u00e4 kest\u00e4vyyden ja tyylikkyyden, tarjoten optimaalisen ohjaustuntuman. 780 mm leve\u00e4 rakenne takaa vakauden, pit\u00e4en hallinnan varmana vaativimmissakin maastoissa. Riserin 30 mm noste mahdollistaa ergonomisen ajoasennon, lievitt\u00e4en painetta k\u00e4sivarsista pitkien matkojen aikana. Mustan ja kirkkaan v\u00e4rin yhdistelm\u00e4 antaa ohjaustangolle modernin ilmeen, joka on samanaikaisesti yksinkertainen ja tehokas. T\u00e4m\u00e4 riser-tanko on t\u00e4ydellinen valinta [...]L\u00e4s mer \u2026 from XLC Riser bar HB-M19 780 mm 30mm rise Black\/Brilliance\" \/>\n<meta property=\"og:url\" content=\"https:\/\/vmsport.fi\/sv\/webbutik\/reservdelar\/taxi\/styrstanger\/xlc-forhojningsstang-hb-m19-780-mm-30mm-forhojning-svart-briljans\/\" \/>\n<meta property=\"og:site_name\" content=\"VM Sport\" \/>\n<meta property=\"article:publisher\" content=\"https:\/\/www.facebook.com\/Vmsport.fi\/\" \/>\n<meta property=\"article:modified_time\" content=\"2026-03-27T00:00:27+00:00\" \/>\n<meta property=\"og:image\" content=\"https:\/\/vmsport.fi\/wp-content\/uploads\/2025\/03\/7M1AVcHrTLX7w64tKrSSnI8f0iHYT3If4mzmu7UAMRAQCw74w3-1.jpg\" \/>\n\t<meta property=\"og:image:width\" content=\"800\" \/>\n\t<meta property=\"og:image:height\" content=\"800\" \/>\n\t<meta property=\"og:image:type\" content=\"image\/jpeg\" \/>\n<meta name=\"twitter:card\" content=\"summary_large_image\" \/>\n<script type=\"application\/ld+json\" class=\"yoast-schema-graph\">{\"@context\":\"https:\\\/\\\/schema.org\",\"@graph\":[{\"@type\":[\"WebPage\",\"ItemPage\"],\"@id\":\"https:\\\/\\\/vmsport.fi\\\/verkkokauppa\\\/varaosat\\\/ohjaamo\\\/ohjaustangot\\\/xlc-riser-bar-hb-m19-780-mm-30mm-rise-black-brilliance\\\/\",\"url\":\"https:\\\/\\\/vmsport.fi\\\/verkkokauppa\\\/varaosat\\\/ohjaamo\\\/ohjaustangot\\\/xlc-riser-bar-hb-m19-780-mm-30mm-rise-black-brilliance\\\/\",\"name\":\"XLC Riser bar HB-M19 780 mm 30mm rise Black\\\/Brilliance - VM Sport\",\"isPartOf\":{\"@id\":\"https:\\\/\\\/vmsport.fi\\\/#website\"},\"primaryImageOfPage\":{\"@id\":\"https:\\\/\\\/vmsport.fi\\\/verkkokauppa\\\/varaosat\\\/ohjaamo\\\/ohjaustangot\\\/xlc-riser-bar-hb-m19-780-mm-30mm-rise-black-brilliance\\\/#primaryimage\"},\"image\":{\"@id\":\"https:\\\/\\\/vmsport.fi\\\/verkkokauppa\\\/varaosat\\\/ohjaamo\\\/ohjaustangot\\\/xlc-riser-bar-hb-m19-780-mm-30mm-rise-black-brilliance\\\/#primaryimage\"},\"thumbnailUrl\":\"https:\\\/\\\/vmsport.fi\\\/wp-content\\\/uploads\\\/2025\\\/03\\\/7M1AVcHrTLX7w64tKrSSnI8f0iHYT3If4mzmu7UAMRAQCw74w3-1.jpg\",\"datePublished\":\"2025-03-05T22:07:08+00:00\",\"dateModified\":\"2026-03-27T00:00:27+00:00\",\"breadcrumb\":{\"@id\":\"https:\\\/\\\/vmsport.fi\\\/verkkokauppa\\\/varaosat\\\/ohjaamo\\\/ohjaustangot\\\/xlc-riser-bar-hb-m19-780-mm-30mm-rise-black-brilliance\\\/#breadcrumb\"},\"inLanguage\":\"sv-SE\",\"potentialAction\":[{\"@type\":\"ReadAction\",\"target\":[\"https:\\\/\\\/vmsport.fi\\\/verkkokauppa\\\/varaosat\\\/ohjaamo\\\/ohjaustangot\\\/xlc-riser-bar-hb-m19-780-mm-30mm-rise-black-brilliance\\\/\"]}]},{\"@type\":\"ImageObject\",\"inLanguage\":\"sv-SE\",\"@id\":\"https:\\\/\\\/vmsport.fi\\\/verkkokauppa\\\/varaosat\\\/ohjaamo\\\/ohjaustangot\\\/xlc-riser-bar-hb-m19-780-mm-30mm-rise-black-brilliance\\\/#primaryimage\",\"url\":\"https:\\\/\\\/vmsport.fi\\\/wp-content\\\/uploads\\\/2025\\\/03\\\/7M1AVcHrTLX7w64tKrSSnI8f0iHYT3If4mzmu7UAMRAQCw74w3-1.jpg\",\"contentUrl\":\"https:\\\/\\\/vmsport.fi\\\/wp-content\\\/uploads\\\/2025\\\/03\\\/7M1AVcHrTLX7w64tKrSSnI8f0iHYT3If4mzmu7UAMRAQCw74w3-1.jpg\",\"width\":800,\"height\":800,\"caption\":\"7M1AVcHrTLX7w64tKrSSnI8f0iHYT3If4mzmu7UAMRAQCw74w3\"},{\"@type\":\"BreadcrumbList\",\"@id\":\"https:\\\/\\\/vmsport.fi\\\/verkkokauppa\\\/varaosat\\\/ohjaamo\\\/ohjaustangot\\\/xlc-riser-bar-hb-m19-780-mm-30mm-rise-black-brilliance\\\/#breadcrumb\",\"itemListElement\":[{\"@type\":\"ListItem\",\"position\":1,\"name\":\"Etusivu\",\"item\":\"https:\\\/\\\/vmsport.fi\\\/\"},{\"@type\":\"ListItem\",\"position\":2,\"name\":\"Online Store\",\"item\":\"https:\\\/\\\/vmsport.fi\\\/en\\\/online-store\\\/\"},{\"@type\":\"ListItem\",\"position\":3,\"name\":\"XLC Riser bar HB-M19 780 mm 30mm rise Black\\\/Brilliance\"}]},{\"@type\":\"WebSite\",\"@id\":\"https:\\\/\\\/vmsport.fi\\\/#website\",\"url\":\"https:\\\/\\\/vmsport.fi\\\/\",\"name\":\"Vmsport\",\"description\":\"Kaikki py\u00f6r\u00e4ilyyn yhdest\u00e4 paikasta\",\"publisher\":{\"@id\":\"https:\\\/\\\/vmsport.fi\\\/#organization\"},\"potentialAction\":[{\"@type\":\"SearchAction\",\"target\":{\"@type\":\"EntryPoint\",\"urlTemplate\":\"https:\\\/\\\/vmsport.fi\\\/?s={search_term_string}\"},\"query-input\":{\"@type\":\"PropertyValueSpecification\",\"valueRequired\":true,\"valueName\":\"search_term_string\"}}],\"inLanguage\":\"sv-SE\"},{\"@type\":\"Organization\",\"@id\":\"https:\\\/\\\/vmsport.fi\\\/#organization\",\"name\":\"Vmsport\",\"url\":\"https:\\\/\\\/vmsport.fi\\\/\",\"logo\":{\"@type\":\"ImageObject\",\"inLanguage\":\"sv-SE\",\"@id\":\"https:\\\/\\\/vmsport.fi\\\/#\\\/schema\\\/logo\\\/image\\\/\",\"url\":\"https:\\\/\\\/vmsport.fi\\\/wp-content\\\/uploads\\\/2024\\\/12\\\/vm_sport_RGB_horisontal-e1734526017575.png\",\"contentUrl\":\"https:\\\/\\\/vmsport.fi\\\/wp-content\\\/uploads\\\/2024\\\/12\\\/vm_sport_RGB_horisontal-e1734526017575.png\",\"width\":668,\"height\":85,\"caption\":\"Vmsport\"},\"image\":{\"@id\":\"https:\\\/\\\/vmsport.fi\\\/#\\\/schema\\\/logo\\\/image\\\/\"},\"sameAs\":[\"https:\\\/\\\/www.facebook.com\\\/Vmsport.fi\\\/\",\"https:\\\/\\\/www.instagram.com\\\/vmsport\\\/\"]}]}<\/script>\n<!-- \/ Yoast SEO plugin. -->","yoast_head_json":{"title":"XLC F\u00f6rh\u00f6jningsstag HB-M19 780 mm 30 mm stigning Svart\/Brilliance - VM Sport","robots":{"index":"index","follow":"follow","max-snippet":"max-snippet:-1","max-image-preview":"max-image-preview:large","max-video-preview":"max-video-preview:-1"},"canonical":"https:\/\/vmsport.fi\/sv\/webbutik\/reservdelar\/taxi\/styrstanger\/xlc-forhojningsstang-hb-m19-780-mm-30mm-forhojning-svart-briljans\/","og_locale":"sv_SE","og_type":"article","og_title":"XLC Riser bar HB-M19 780 mm 30mm rise Black\/Brilliance - VM Sport","og_description":"XLC Riser Bar HB-M19 yhdist\u00e4\u00e4 kest\u00e4vyyden ja tyylikkyyden, tarjoten optimaalisen ohjaustuntuman. 780 mm leve\u00e4 rakenne takaa vakauden, pit\u00e4en hallinnan varmana vaativimmissakin maastoissa. Riserin 30 mm noste mahdollistaa ergonomisen ajoasennon, lievitt\u00e4en painetta k\u00e4sivarsista pitkien matkojen aikana. Mustan ja kirkkaan v\u00e4rin yhdistelm\u00e4 antaa ohjaustangolle modernin ilmeen, joka on samanaikaisesti yksinkertainen ja tehokas. T\u00e4m\u00e4 riser-tanko on t\u00e4ydellinen valinta [...]L\u00e4s mer \u2026 from XLC Riser bar HB-M19 780 mm 30mm rise Black\/Brilliance","og_url":"https:\/\/vmsport.fi\/sv\/webbutik\/reservdelar\/taxi\/styrstanger\/xlc-forhojningsstang-hb-m19-780-mm-30mm-forhojning-svart-briljans\/","og_site_name":"VM Sport","article_publisher":"https:\/\/www.facebook.com\/Vmsport.fi\/","article_modified_time":"2026-03-27T00:00:27+00:00","og_image":[{"width":800,"height":800,"url":"https:\/\/vmsport.fi\/wp-content\/uploads\/2025\/03\/7M1AVcHrTLX7w64tKrSSnI8f0iHYT3If4mzmu7UAMRAQCw74w3-1.jpg","type":"image\/jpeg"}],"twitter_card":"summary_large_image","schema":{"@context":"https:\/\/schema.org","@graph":[{"@type":["WebPage","ItemPage"],"@id":"https:\/\/vmsport.fi\/verkkokauppa\/varaosat\/ohjaamo\/ohjaustangot\/xlc-riser-bar-hb-m19-780-mm-30mm-rise-black-brilliance\/","url":"https:\/\/vmsport.fi\/verkkokauppa\/varaosat\/ohjaamo\/ohjaustangot\/xlc-riser-bar-hb-m19-780-mm-30mm-rise-black-brilliance\/","name":"XLC F\u00f6rh\u00f6jningsstag HB-M19 780 mm 30 mm stigning Svart\/Brilliance - VM Sport","isPartOf":{"@id":"https:\/\/vmsport.fi\/#website"},"primaryImageOfPage":{"@id":"https:\/\/vmsport.fi\/verkkokauppa\/varaosat\/ohjaamo\/ohjaustangot\/xlc-riser-bar-hb-m19-780-mm-30mm-rise-black-brilliance\/#primaryimage"},"image":{"@id":"https:\/\/vmsport.fi\/verkkokauppa\/varaosat\/ohjaamo\/ohjaustangot\/xlc-riser-bar-hb-m19-780-mm-30mm-rise-black-brilliance\/#primaryimage"},"thumbnailUrl":"https:\/\/vmsport.fi\/wp-content\/uploads\/2025\/03\/7M1AVcHrTLX7w64tKrSSnI8f0iHYT3If4mzmu7UAMRAQCw74w3-1.jpg","datePublished":"2025-03-05T22:07:08+00:00","dateModified":"2026-03-27T00:00:27+00:00","breadcrumb":{"@id":"https:\/\/vmsport.fi\/verkkokauppa\/varaosat\/ohjaamo\/ohjaustangot\/xlc-riser-bar-hb-m19-780-mm-30mm-rise-black-brilliance\/#breadcrumb"},"inLanguage":"sv-SE","potentialAction":[{"@type":"ReadAction","target":["https:\/\/vmsport.fi\/verkkokauppa\/varaosat\/ohjaamo\/ohjaustangot\/xlc-riser-bar-hb-m19-780-mm-30mm-rise-black-brilliance\/"]}]},{"@type":"ImageObject","inLanguage":"sv-SE","@id":"https:\/\/vmsport.fi\/verkkokauppa\/varaosat\/ohjaamo\/ohjaustangot\/xlc-riser-bar-hb-m19-780-mm-30mm-rise-black-brilliance\/#primaryimage","url":"https:\/\/vmsport.fi\/wp-content\/uploads\/2025\/03\/7M1AVcHrTLX7w64tKrSSnI8f0iHYT3If4mzmu7UAMRAQCw74w3-1.jpg","contentUrl":"https:\/\/vmsport.fi\/wp-content\/uploads\/2025\/03\/7M1AVcHrTLX7w64tKrSSnI8f0iHYT3If4mzmu7UAMRAQCw74w3-1.jpg","width":800,"height":800,"caption":"7M1AVcHrTLX7w64tKrSSnI8f0iHYT3If4mzmu7UAMRAQCw74w3"},{"@type":"BreadcrumbList","@id":"https:\/\/vmsport.fi\/verkkokauppa\/varaosat\/ohjaamo\/ohjaustangot\/xlc-riser-bar-hb-m19-780-mm-30mm-rise-black-brilliance\/#breadcrumb","itemListElement":[{"@type":"ListItem","position":1,"name":"Etusivu","item":"https:\/\/vmsport.fi\/"},{"@type":"ListItem","position":2,"name":"Online Store","item":"https:\/\/vmsport.fi\/en\/online-store\/"},{"@type":"ListItem","position":3,"name":"XLC Riser bar HB-M19 780 mm 30mm rise Black\/Brilliance"}]},{"@type":"WebSite","@id":"https:\/\/vmsport.fi\/#website","url":"https:\/\/vmsport.fi\/","name":"Vmsport","description":"Allt p\u00e5 ett st\u00e4lle f\u00f6r cykling","publisher":{"@id":"https:\/\/vmsport.fi\/#organization"},"potentialAction":[{"@type":"SearchAction","target":{"@type":"EntryPoint","urlTemplate":"https:\/\/vmsport.fi\/?s={search_term_string}"},"query-input":{"@type":"PropertyValueSpecification","valueRequired":true,"valueName":"search_term_string"}}],"inLanguage":"sv-SE"},{"@type":"Organization","@id":"https:\/\/vmsport.fi\/#organization","name":"Vmsport","url":"https:\/\/vmsport.fi\/","logo":{"@type":"ImageObject","inLanguage":"sv-SE","@id":"https:\/\/vmsport.fi\/#\/schema\/logo\/image\/","url":"https:\/\/vmsport.fi\/wp-content\/uploads\/2024\/12\/vm_sport_RGB_horisontal-e1734526017575.png","contentUrl":"https:\/\/vmsport.fi\/wp-content\/uploads\/2024\/12\/vm_sport_RGB_horisontal-e1734526017575.png","width":668,"height":85,"caption":"Vmsport"},"image":{"@id":"https:\/\/vmsport.fi\/#\/schema\/logo\/image\/"},"sameAs":["https:\/\/www.facebook.com\/Vmsport.fi\/","https:\/\/www.instagram.com\/vmsport\/"]}]}},"global_unique_id":"","_links":{"self":[{"href":"https:\/\/vmsport.fi\/sv\/wp-json\/wp\/v2\/product\/55457","targetHints":{"allow":["GET"]}}],"collection":[{"href":"https:\/\/vmsport.fi\/sv\/wp-json\/wp\/v2\/product"}],"about":[{"href":"https:\/\/vmsport.fi\/sv\/wp-json\/wp\/v2\/types\/product"}],"replies":[{"embeddable":true,"href":"https:\/\/vmsport.fi\/sv\/wp-json\/wp\/v2\/comments?post=55457"}],"wp:featuredmedia":[{"embeddable":true,"href":"https:\/\/vmsport.fi\/sv\/wp-json\/wp\/v2\/media\/55456"}],"wp:attachment":[{"href":"https:\/\/vmsport.fi\/sv\/wp-json\/wp\/v2\/media?parent=55457"}],"wp:term":[{"taxonomy":"product_brand","embeddable":true,"href":"https:\/\/vmsport.fi\/sv\/wp-json\/wp\/v2\/product_brand?post=55457"},{"taxonomy":"product_model","embeddable":true,"href":"https:\/\/vmsport.fi\/sv\/wp-json\/wp\/v2\/product_model?post=55457"},{"taxonomy":"product_cat","embeddable":true,"href":"https:\/\/vmsport.fi\/sv\/wp-json\/wp\/v2\/product_cat?post=55457"},{"taxonomy":"product_tag","embeddable":true,"href":"https:\/\/vmsport.fi\/sv\/wp-json\/wp\/v2\/product_tag?post=55457"},{"taxonomy":"industry_terminology","embeddable":true,"href":"https:\/\/vmsport.fi\/sv\/wp-json\/wp\/v2\/industry-terminology?post=55457"}],"curies":[{"name":"wp","href":"https:\/\/api.w.org\/{rel}","templated":true}]}}