{"id":55448,"date":"2025-03-06T00:06:57","date_gmt":"2025-03-05T22:06:57","guid":{"rendered":"https:\/\/vmsport.fi\/verkkokauppa\/Ei-luokiteltu\/continental-gp5000s-tr-32-622-musta-tubeless\/"},"modified":"2026-04-22T15:07:28","modified_gmt":"2026-04-22T12:07:28","slug":"continental-gp5000s-tr-32-622-svart-slanglos","status":"publish","type":"product","link":"https:\/\/vmsport.fi\/sv\/verkkokauppa\/renkaat\/ulkorenkaat\/maantierenkaat\/continental-gp5000s-tr-32-622-musta-tubeless\/","title":{"rendered":"CONTINENTAL GP5000S TR 32-622 svart, slangl\u00f6s"},"content":{"rendered":"<p>Continental GP5000S TR 32-622-d\u00e4cket, som \u00e4r utformat f\u00f6r att leverera topprestanda och h\u00e5llbarhet, kombinerar innovativa l\u00f6sningar med modern teknik. Detta slangl\u00f6sa d\u00e4ck minskar rullmotst\u00e5ndet med 20 %, vilket inneb\u00e4r h\u00f6gre hastighet och l\u00e4ttare kl\u00e4ttring i backar tack vare d\u00e4ckets l\u00e4tta vulst. F\u00f6rst\u00e4rkta sidov\u00e4ggar, som \u00e4r 28 % mer slitstarka, g\u00f6r d\u00e4cket s\u00e4rskilt motst\u00e5ndskraftigt mot sk\u00e4rs\u00e5r och st\u00f6tar samtidigt som det f\u00f6rblir l\u00e4tt.<\/p>\n<p>BlackChili blandningen kombinerar nanoteknik och gummiblandningar f\u00f6r att ge ett slitstarkt m\u00f6nster f\u00f6r olika underlag. Mikrom\u00f6nstret \u00e4r utformat med Lazer Grip-teknik som f\u00f6rb\u00e4ttrar kurvtagningskontrollen och \u00f6kar sj\u00e4lvf\u00f6rtroendet i sn\u00e4va kurvor. Vectran\u2122 punkteringsskydd anv\u00e4nder l\u00e4ttviktsfiber som kombinerar exceptionellt rivmotst\u00e5nd med skydd mot punktering.<\/p>\n<p>Denna modell har varit framg\u00e5ngsrik i t\u00e4vlingar som Paris-Roubaix och VM i tempolopp och \u00e5terspeglar Continentals engagemang f\u00f6r kvalitet och prestanda, vilket g\u00f6r den till det perfekta valet f\u00f6r kr\u00e4vande cyklister. Designen, som passar f\u00f6r b\u00e5de slangl\u00f6sa och innerslangssystem, g\u00f6r d\u00e4cket \u00e4nnu mer m\u00e5ngsidigt och till ett attraktivt val f\u00f6r b\u00e5de t\u00e4vling och vardagsanv\u00e4ndning.<\/p>","protected":false},"excerpt":{"rendered":"<p>Continental GP5000S TR 32-622 rengas, joka on suunniteltu tarjoamaan huipputason suorituskyky\u00e4 ja kest\u00e4vyytt\u00e4, yhdist\u00e4\u00e4 innovatiivisia ratkaisuja ja nykyaikaista teknologiaa. T\u00e4m\u00e4 ilman sis\u00e4kumia toimiva rengas v\u00e4hent\u00e4\u00e4 vierint\u00e4vastusta 20 %, mik\u00e4 tarkoittaa lis\u00e4\u00e4 vauhtia ja helpompaa m\u00e4ennousua rengaskehikon keveyden ansiosta. Vahvistetut sivusein\u00e4m\u00e4t, jotka ovat 28 % kest\u00e4v\u00e4mm\u00e4t, tekev\u00e4t renkaasta erityisen vastustuskykyisen viilloille ja iskuille s\u00e4ilytt\u00e4en samalla keveytens\u00e4. [&#8230;]<\/p>\n<p><a class=\"btn btn-secondary understrap-read-more-link\" href=\"https:\/\/vmsport.fi\/sv\/verkkokauppa\/renkaat\/ulkorenkaat\/maantierenkaat\/continental-gp5000s-tr-32-622-musta-tubeless\/\">L\u00e4s mer \u2026<span class=\"screen-reader-text\"> from CONTINENTAL GP5000S TR 32-622 musta, tubeless<\/span><\/a><\/p>\n","protected":false},"featured_media":55447,"comment_status":"open","ping_status":"closed","template":"","meta":{"_acf_changed":false,"_improvement_type_select":"improve_an_existing","_thumb_yes_seoaic":false,"_frame_yes_seoaic":false,"seoaic_generate_description":"","seoaic_improve_instructions_prompt":"","seoaic_rollback_content_improvement":"","seoaic_idea_thumbnail_generator":"","thumbnail_generated":false,"thumbnail_generate_prompt":"","seoaic_article_description":"","_supplier_stock_quantity":0},"product_brand":[1585],"product_model":[],"product_cat":[9320],"product_tag":[],"industry-terminology":[],"class_list":{"0":"post-55448","1":"product","2":"type-product","3":"status-publish","4":"has-post-thumbnail","6":"product_brand-continental","7":"product_cat-maantierenkaat","9":"first","10":"instock","11":"taxable","12":"shipping-taxable","13":"purchasable","14":"product-type-simple"},"acf":{"bike_features":null,"overview":{"copy_overview":null,"key_features":null,"statement":"","youtube_url":""}},"yoast_head":"<!-- This site is optimized with the Yoast SEO plugin v27.4 - https:\/\/yoast.com\/product\/yoast-seo-wordpress\/ -->\n<title>CONTINENTAL GP5000S TR 32-622 musta, tubeless - VM Sport<\/title>\n<meta name=\"robots\" content=\"index, follow, max-snippet:-1, max-image-preview:large, max-video-preview:-1\" \/>\n<link rel=\"canonical\" href=\"https:\/\/vmsport.fi\/sv\/webbutik\/dack\/dack-for-utomhusbruk\/maantierenkaat\/continental-gp5000s-tr-32-622-svart-slanglos\/\" \/>\n<meta property=\"og:locale\" content=\"sv_SE\" \/>\n<meta property=\"og:type\" content=\"article\" \/>\n<meta property=\"og:title\" content=\"CONTINENTAL GP5000S TR 32-622 musta, tubeless - VM Sport\" \/>\n<meta property=\"og:description\" content=\"Continental GP5000S TR 32-622 rengas, joka on suunniteltu tarjoamaan huipputason suorituskyky\u00e4 ja kest\u00e4vyytt\u00e4, yhdist\u00e4\u00e4 innovatiivisia ratkaisuja ja nykyaikaista teknologiaa. T\u00e4m\u00e4 ilman sis\u00e4kumia toimiva rengas v\u00e4hent\u00e4\u00e4 vierint\u00e4vastusta 20 %, mik\u00e4 tarkoittaa lis\u00e4\u00e4 vauhtia ja helpompaa m\u00e4ennousua rengaskehikon keveyden ansiosta. Vahvistetut sivusein\u00e4m\u00e4t, jotka ovat 28 % kest\u00e4v\u00e4mm\u00e4t, tekev\u00e4t renkaasta erityisen vastustuskykyisen viilloille ja iskuille s\u00e4ilytt\u00e4en samalla keveytens\u00e4. [...]L\u00e4s mer \u2026 from CONTINENTAL GP5000S TR 32-622 musta, tubeless\" \/>\n<meta property=\"og:url\" content=\"https:\/\/vmsport.fi\/sv\/webbutik\/dack\/dack-for-utomhusbruk\/maantierenkaat\/continental-gp5000s-tr-32-622-svart-slanglos\/\" \/>\n<meta property=\"og:site_name\" content=\"VM Sport\" \/>\n<meta property=\"article:publisher\" content=\"https:\/\/www.facebook.com\/Vmsport.fi\/\" \/>\n<meta property=\"article:modified_time\" content=\"2026-04-22T12:07:28+00:00\" \/>\n<meta property=\"og:image\" content=\"https:\/\/vmsport.fi\/wp-content\/uploads\/2025\/03\/gp5000str-1.jpg\" \/>\n\t<meta property=\"og:image:width\" content=\"1000\" \/>\n\t<meta property=\"og:image:height\" content=\"1000\" \/>\n\t<meta property=\"og:image:type\" content=\"image\/jpeg\" \/>\n<meta name=\"twitter:card\" content=\"summary_large_image\" \/>\n<meta name=\"twitter:label1\" content=\"Ber\u00e4knad l\u00e4stid\" \/>\n\t<meta name=\"twitter:data1\" content=\"1 minut\" \/>\n<script type=\"application\/ld+json\" class=\"yoast-schema-graph\">{\"@context\":\"https:\\\/\\\/schema.org\",\"@graph\":[{\"@type\":[\"WebPage\",\"ItemPage\"],\"@id\":\"https:\\\/\\\/vmsport.fi\\\/verkkokauppa\\\/renkaat\\\/ulkorenkaat\\\/maantierenkaat\\\/continental-gp5000s-tr-32-622-musta-tubeless\\\/\",\"url\":\"https:\\\/\\\/vmsport.fi\\\/verkkokauppa\\\/renkaat\\\/ulkorenkaat\\\/maantierenkaat\\\/continental-gp5000s-tr-32-622-musta-tubeless\\\/\",\"name\":\"CONTINENTAL GP5000S TR 32-622 musta, tubeless - VM Sport\",\"isPartOf\":{\"@id\":\"https:\\\/\\\/vmsport.fi\\\/#website\"},\"primaryImageOfPage\":{\"@id\":\"https:\\\/\\\/vmsport.fi\\\/verkkokauppa\\\/renkaat\\\/ulkorenkaat\\\/maantierenkaat\\\/continental-gp5000s-tr-32-622-musta-tubeless\\\/#primaryimage\"},\"image\":{\"@id\":\"https:\\\/\\\/vmsport.fi\\\/verkkokauppa\\\/renkaat\\\/ulkorenkaat\\\/maantierenkaat\\\/continental-gp5000s-tr-32-622-musta-tubeless\\\/#primaryimage\"},\"thumbnailUrl\":\"https:\\\/\\\/vmsport.fi\\\/wp-content\\\/uploads\\\/2025\\\/03\\\/gp5000str-1.jpg\",\"datePublished\":\"2025-03-05T22:06:57+00:00\",\"dateModified\":\"2026-04-22T12:07:28+00:00\",\"breadcrumb\":{\"@id\":\"https:\\\/\\\/vmsport.fi\\\/verkkokauppa\\\/renkaat\\\/ulkorenkaat\\\/maantierenkaat\\\/continental-gp5000s-tr-32-622-musta-tubeless\\\/#breadcrumb\"},\"inLanguage\":\"sv-SE\",\"potentialAction\":[{\"@type\":\"ReadAction\",\"target\":[\"https:\\\/\\\/vmsport.fi\\\/verkkokauppa\\\/renkaat\\\/ulkorenkaat\\\/maantierenkaat\\\/continental-gp5000s-tr-32-622-musta-tubeless\\\/\"]}]},{\"@type\":\"ImageObject\",\"inLanguage\":\"sv-SE\",\"@id\":\"https:\\\/\\\/vmsport.fi\\\/verkkokauppa\\\/renkaat\\\/ulkorenkaat\\\/maantierenkaat\\\/continental-gp5000s-tr-32-622-musta-tubeless\\\/#primaryimage\",\"url\":\"https:\\\/\\\/vmsport.fi\\\/wp-content\\\/uploads\\\/2025\\\/03\\\/gp5000str-1.jpg\",\"contentUrl\":\"https:\\\/\\\/vmsport.fi\\\/wp-content\\\/uploads\\\/2025\\\/03\\\/gp5000str-1.jpg\",\"width\":1000,\"height\":1000,\"caption\":\"gp5000str\"},{\"@type\":\"BreadcrumbList\",\"@id\":\"https:\\\/\\\/vmsport.fi\\\/verkkokauppa\\\/renkaat\\\/ulkorenkaat\\\/maantierenkaat\\\/continental-gp5000s-tr-32-622-musta-tubeless\\\/#breadcrumb\",\"itemListElement\":[{\"@type\":\"ListItem\",\"position\":1,\"name\":\"Etusivu\",\"item\":\"https:\\\/\\\/vmsport.fi\\\/\"},{\"@type\":\"ListItem\",\"position\":2,\"name\":\"Online Store\",\"item\":\"https:\\\/\\\/vmsport.fi\\\/en\\\/online-store\\\/\"},{\"@type\":\"ListItem\",\"position\":3,\"name\":\"CONTINENTAL GP5000S TR 32-622 musta, tubeless\"}]},{\"@type\":\"WebSite\",\"@id\":\"https:\\\/\\\/vmsport.fi\\\/#website\",\"url\":\"https:\\\/\\\/vmsport.fi\\\/\",\"name\":\"Vmsport\",\"description\":\"Kaikki py\u00f6r\u00e4ilyyn yhdest\u00e4 paikasta\",\"publisher\":{\"@id\":\"https:\\\/\\\/vmsport.fi\\\/#organization\"},\"potentialAction\":[{\"@type\":\"SearchAction\",\"target\":{\"@type\":\"EntryPoint\",\"urlTemplate\":\"https:\\\/\\\/vmsport.fi\\\/?s={search_term_string}\"},\"query-input\":{\"@type\":\"PropertyValueSpecification\",\"valueRequired\":true,\"valueName\":\"search_term_string\"}}],\"inLanguage\":\"sv-SE\"},{\"@type\":\"Organization\",\"@id\":\"https:\\\/\\\/vmsport.fi\\\/#organization\",\"name\":\"Vmsport\",\"url\":\"https:\\\/\\\/vmsport.fi\\\/\",\"logo\":{\"@type\":\"ImageObject\",\"inLanguage\":\"sv-SE\",\"@id\":\"https:\\\/\\\/vmsport.fi\\\/#\\\/schema\\\/logo\\\/image\\\/\",\"url\":\"https:\\\/\\\/vmsport.fi\\\/wp-content\\\/uploads\\\/2024\\\/12\\\/vm_sport_RGB_horisontal-e1734526017575.png\",\"contentUrl\":\"https:\\\/\\\/vmsport.fi\\\/wp-content\\\/uploads\\\/2024\\\/12\\\/vm_sport_RGB_horisontal-e1734526017575.png\",\"width\":668,\"height\":85,\"caption\":\"Vmsport\"},\"image\":{\"@id\":\"https:\\\/\\\/vmsport.fi\\\/#\\\/schema\\\/logo\\\/image\\\/\"},\"sameAs\":[\"https:\\\/\\\/www.facebook.com\\\/Vmsport.fi\\\/\",\"https:\\\/\\\/www.instagram.com\\\/vmsport\\\/\"]}]}<\/script>\n<!-- \/ Yoast SEO plugin. -->","yoast_head_json":{"title":"CONTINENTAL GP5000S TR 32-622 svart, slangl\u00f6s - VM Sport","robots":{"index":"index","follow":"follow","max-snippet":"max-snippet:-1","max-image-preview":"max-image-preview:large","max-video-preview":"max-video-preview:-1"},"canonical":"https:\/\/vmsport.fi\/sv\/webbutik\/dack\/dack-for-utomhusbruk\/maantierenkaat\/continental-gp5000s-tr-32-622-svart-slanglos\/","og_locale":"sv_SE","og_type":"article","og_title":"CONTINENTAL GP5000S TR 32-622 musta, tubeless - VM Sport","og_description":"Continental GP5000S TR 32-622 rengas, joka on suunniteltu tarjoamaan huipputason suorituskyky\u00e4 ja kest\u00e4vyytt\u00e4, yhdist\u00e4\u00e4 innovatiivisia ratkaisuja ja nykyaikaista teknologiaa. T\u00e4m\u00e4 ilman sis\u00e4kumia toimiva rengas v\u00e4hent\u00e4\u00e4 vierint\u00e4vastusta 20 %, mik\u00e4 tarkoittaa lis\u00e4\u00e4 vauhtia ja helpompaa m\u00e4ennousua rengaskehikon keveyden ansiosta. Vahvistetut sivusein\u00e4m\u00e4t, jotka ovat 28 % kest\u00e4v\u00e4mm\u00e4t, tekev\u00e4t renkaasta erityisen vastustuskykyisen viilloille ja iskuille s\u00e4ilytt\u00e4en samalla keveytens\u00e4. [...]L\u00e4s mer \u2026 from CONTINENTAL GP5000S TR 32-622 musta, tubeless","og_url":"https:\/\/vmsport.fi\/sv\/webbutik\/dack\/dack-for-utomhusbruk\/maantierenkaat\/continental-gp5000s-tr-32-622-svart-slanglos\/","og_site_name":"VM Sport","article_publisher":"https:\/\/www.facebook.com\/Vmsport.fi\/","article_modified_time":"2026-04-22T12:07:28+00:00","og_image":[{"width":1000,"height":1000,"url":"https:\/\/vmsport.fi\/wp-content\/uploads\/2025\/03\/gp5000str-1.jpg","type":"image\/jpeg"}],"twitter_card":"summary_large_image","twitter_misc":{"Ber\u00e4knad l\u00e4stid":"1 minut"},"schema":{"@context":"https:\/\/schema.org","@graph":[{"@type":["WebPage","ItemPage"],"@id":"https:\/\/vmsport.fi\/verkkokauppa\/renkaat\/ulkorenkaat\/maantierenkaat\/continental-gp5000s-tr-32-622-musta-tubeless\/","url":"https:\/\/vmsport.fi\/verkkokauppa\/renkaat\/ulkorenkaat\/maantierenkaat\/continental-gp5000s-tr-32-622-musta-tubeless\/","name":"CONTINENTAL GP5000S TR 32-622 svart, slangl\u00f6s - VM Sport","isPartOf":{"@id":"https:\/\/vmsport.fi\/#website"},"primaryImageOfPage":{"@id":"https:\/\/vmsport.fi\/verkkokauppa\/renkaat\/ulkorenkaat\/maantierenkaat\/continental-gp5000s-tr-32-622-musta-tubeless\/#primaryimage"},"image":{"@id":"https:\/\/vmsport.fi\/verkkokauppa\/renkaat\/ulkorenkaat\/maantierenkaat\/continental-gp5000s-tr-32-622-musta-tubeless\/#primaryimage"},"thumbnailUrl":"https:\/\/vmsport.fi\/wp-content\/uploads\/2025\/03\/gp5000str-1.jpg","datePublished":"2025-03-05T22:06:57+00:00","dateModified":"2026-04-22T12:07:28+00:00","breadcrumb":{"@id":"https:\/\/vmsport.fi\/verkkokauppa\/renkaat\/ulkorenkaat\/maantierenkaat\/continental-gp5000s-tr-32-622-musta-tubeless\/#breadcrumb"},"inLanguage":"sv-SE","potentialAction":[{"@type":"ReadAction","target":["https:\/\/vmsport.fi\/verkkokauppa\/renkaat\/ulkorenkaat\/maantierenkaat\/continental-gp5000s-tr-32-622-musta-tubeless\/"]}]},{"@type":"ImageObject","inLanguage":"sv-SE","@id":"https:\/\/vmsport.fi\/verkkokauppa\/renkaat\/ulkorenkaat\/maantierenkaat\/continental-gp5000s-tr-32-622-musta-tubeless\/#primaryimage","url":"https:\/\/vmsport.fi\/wp-content\/uploads\/2025\/03\/gp5000str-1.jpg","contentUrl":"https:\/\/vmsport.fi\/wp-content\/uploads\/2025\/03\/gp5000str-1.jpg","width":1000,"height":1000,"caption":"gp5000str"},{"@type":"BreadcrumbList","@id":"https:\/\/vmsport.fi\/verkkokauppa\/renkaat\/ulkorenkaat\/maantierenkaat\/continental-gp5000s-tr-32-622-musta-tubeless\/#breadcrumb","itemListElement":[{"@type":"ListItem","position":1,"name":"Etusivu","item":"https:\/\/vmsport.fi\/"},{"@type":"ListItem","position":2,"name":"Online Store","item":"https:\/\/vmsport.fi\/en\/online-store\/"},{"@type":"ListItem","position":3,"name":"CONTINENTAL GP5000S TR 32-622 musta, tubeless"}]},{"@type":"WebSite","@id":"https:\/\/vmsport.fi\/#website","url":"https:\/\/vmsport.fi\/","name":"Vmsport","description":"Allt p\u00e5 ett st\u00e4lle f\u00f6r cykling","publisher":{"@id":"https:\/\/vmsport.fi\/#organization"},"potentialAction":[{"@type":"SearchAction","target":{"@type":"EntryPoint","urlTemplate":"https:\/\/vmsport.fi\/?s={search_term_string}"},"query-input":{"@type":"PropertyValueSpecification","valueRequired":true,"valueName":"search_term_string"}}],"inLanguage":"sv-SE"},{"@type":"Organization","@id":"https:\/\/vmsport.fi\/#organization","name":"Vmsport","url":"https:\/\/vmsport.fi\/","logo":{"@type":"ImageObject","inLanguage":"sv-SE","@id":"https:\/\/vmsport.fi\/#\/schema\/logo\/image\/","url":"https:\/\/vmsport.fi\/wp-content\/uploads\/2024\/12\/vm_sport_RGB_horisontal-e1734526017575.png","contentUrl":"https:\/\/vmsport.fi\/wp-content\/uploads\/2024\/12\/vm_sport_RGB_horisontal-e1734526017575.png","width":668,"height":85,"caption":"Vmsport"},"image":{"@id":"https:\/\/vmsport.fi\/#\/schema\/logo\/image\/"},"sameAs":["https:\/\/www.facebook.com\/Vmsport.fi\/","https:\/\/www.instagram.com\/vmsport\/"]}]}},"global_unique_id":"","_links":{"self":[{"href":"https:\/\/vmsport.fi\/sv\/wp-json\/wp\/v2\/product\/55448","targetHints":{"allow":["GET"]}}],"collection":[{"href":"https:\/\/vmsport.fi\/sv\/wp-json\/wp\/v2\/product"}],"about":[{"href":"https:\/\/vmsport.fi\/sv\/wp-json\/wp\/v2\/types\/product"}],"replies":[{"embeddable":true,"href":"https:\/\/vmsport.fi\/sv\/wp-json\/wp\/v2\/comments?post=55448"}],"wp:featuredmedia":[{"embeddable":true,"href":"https:\/\/vmsport.fi\/sv\/wp-json\/wp\/v2\/media\/55447"}],"wp:attachment":[{"href":"https:\/\/vmsport.fi\/sv\/wp-json\/wp\/v2\/media?parent=55448"}],"wp:term":[{"taxonomy":"product_brand","embeddable":true,"href":"https:\/\/vmsport.fi\/sv\/wp-json\/wp\/v2\/product_brand?post=55448"},{"taxonomy":"product_model","embeddable":true,"href":"https:\/\/vmsport.fi\/sv\/wp-json\/wp\/v2\/product_model?post=55448"},{"taxonomy":"product_cat","embeddable":true,"href":"https:\/\/vmsport.fi\/sv\/wp-json\/wp\/v2\/product_cat?post=55448"},{"taxonomy":"product_tag","embeddable":true,"href":"https:\/\/vmsport.fi\/sv\/wp-json\/wp\/v2\/product_tag?post=55448"},{"taxonomy":"industry_terminology","embeddable":true,"href":"https:\/\/vmsport.fi\/sv\/wp-json\/wp\/v2\/industry-terminology?post=55448"}],"curies":[{"name":"wp","href":"https:\/\/api.w.org\/{rel}","templated":true}]}}