{"id":55426,"date":"2025-03-06T00:06:32","date_gmt":"2025-03-05T22:06:32","guid":{"rendered":"https:\/\/vmsport.fi\/verkkokauppa\/Ei-luokiteltu\/takakiekko-28-18-622-nexus-3v-alex-ace-17-2-pohja-alumiini\/"},"modified":"2026-04-02T13:25:41","modified_gmt":"2026-04-02T10:25:41","slug":"bakre-skiva-28-18-622-nexus-3v-alex-ace-17-2-bas-aluminium","status":"publish","type":"product","link":"https:\/\/vmsport.fi\/sv\/verkkokauppa\/varaosat\/kiekot-ja-navat\/takakiekot\/takakiekko-28-18-622-nexus-3v-alex-ace-17-2-pohja-alumiini\/","title":{"rendered":"Bakre skiva 28\u2033 18-622 NEXUS 3v. Alex ACE 17, 2-sula, aluminium"},"content":{"rendered":"<p>28\u2033 18-622 NEXUS 3v bakhjulet erbjuder p\u00e5litlig och m\u00e5ngsidig prestanda f\u00f6r ett brett spektrum av cyklister. Dess Shimano Nexus-navv\u00e4xling ger en k\u00f6rupplevelse som \u00e4r b\u00e5de smidig och effektiv. Alex ACE 17:s dubbla ramkonstruktion garanterar h\u00e5llbarhet och l\u00e5ng livsl\u00e4ngd, vilket g\u00f6r den till ett p\u00e5litligt val f\u00f6r en m\u00e4ngd olika cykelbehov. Aluminiumramen kombinerar l\u00e4tthet och styrka f\u00f6r f\u00f6rb\u00e4ttrad hantering utan att kompromissa med h\u00e5llbarheten.<\/p>\n<p>36 Sapim Leader-m\u00e4rkta ekrar ger stabilitet och balans f\u00f6r en stabil och s\u00e4ker cykling, medan 14 mm genomskinliga nipplar ger en snygg finish samtidigt som tillf\u00f6rlitligheten bibeh\u00e5lls. Denna kombination s\u00e4kerst\u00e4ller prestanda som passar ett brett spektrum av cykelm\u00e5l och behov.<\/p>","protected":false},"excerpt":{"rendered":"<p>Takapy\u00f6r\u00e4 28&#8243; 18-622 NEXUS 3v tarjoaa luotettavaa ja monipuolista suorituskyky\u00e4 monille ajajille. Sen Shimano Nexus -vaihteistolla varustettu napavaihde mahdollistaa ajokokemuksen, joka on sek\u00e4 sujuva ett\u00e4 tehokas. Alex ACE 17 -mallin kaksinkertainen keh\u00e4rakenne takaa kest\u00e4vyyden ja pitk\u00e4ik\u00e4isyyden, mik\u00e4 tekee siit\u00e4 luotettavan valinnan erilaisiin py\u00f6r\u00e4ilytarpeisiin. Alumiininen runko yhdist\u00e4\u00e4 keveyden ja lujuuden, mik\u00e4 parantaa k\u00e4sitelt\u00e4vyytt\u00e4 ilman kest\u00e4vyyden heikentymist\u00e4. [&#8230;]<\/p>\n<p><a class=\"btn btn-secondary understrap-read-more-link\" href=\"https:\/\/vmsport.fi\/sv\/verkkokauppa\/varaosat\/kiekot-ja-navat\/takakiekot\/takakiekko-28-18-622-nexus-3v-alex-ace-17-2-pohja-alumiini\/\">L\u00e4s mer \u2026<span class=\"screen-reader-text\"> from Takakiekko 28&#8243; 18-622 NEXUS 3v. Alex ACE 17, 2-pohja, alumiini<\/span><\/a><\/p>\n","protected":false},"featured_media":55425,"comment_status":"open","ping_status":"closed","template":"","meta":{"_acf_changed":false,"_improvement_type_select":"improve_an_existing","_thumb_yes_seoaic":false,"_frame_yes_seoaic":false,"seoaic_generate_description":"","seoaic_improve_instructions_prompt":"","seoaic_rollback_content_improvement":"","seoaic_idea_thumbnail_generator":"","thumbnail_generated":false,"thumbnail_generate_prompt":"","seoaic_article_description":"","_supplier_stock_quantity":0},"product_brand":[],"product_model":[],"product_cat":[9486],"product_tag":[],"industry-terminology":[],"class_list":{"0":"post-55426","1":"product","2":"type-product","3":"status-publish","4":"has-post-thumbnail","6":"product_cat-takakiekot","8":"first","9":"instock","10":"taxable","11":"shipping-taxable","12":"purchasable","13":"product-type-simple"},"acf":{"bike_features":null,"overview":{"copy_overview":null,"key_features":null,"statement":"","youtube_url":""}},"yoast_head":"<!-- This site is optimized with the Yoast SEO plugin v27.3 - https:\/\/yoast.com\/product\/yoast-seo-wordpress\/ -->\n<title>Takakiekko 28&quot; 18-622 NEXUS 3v. Alex ACE 17, 2-pohja, alumiini - VM Sport<\/title>\n<meta name=\"robots\" content=\"index, follow, max-snippet:-1, max-image-preview:large, max-video-preview:-1\" \/>\n<link rel=\"canonical\" href=\"https:\/\/vmsport.fi\/sv\/webbutik\/reservdelar\/skivor-och-nav\/bakgrund\/bakre-skiva-28-18-622-nexus-3v-alex-ace-17-2-bas-aluminium\/\" \/>\n<meta property=\"og:locale\" content=\"sv_SE\" \/>\n<meta property=\"og:type\" content=\"article\" \/>\n<meta property=\"og:title\" content=\"Takakiekko 28&quot; 18-622 NEXUS 3v. Alex ACE 17, 2-pohja, alumiini - VM Sport\" \/>\n<meta property=\"og:description\" content=\"Takapy\u00f6r\u00e4 28&#8243; 18-622 NEXUS 3v tarjoaa luotettavaa ja monipuolista suorituskyky\u00e4 monille ajajille. Sen Shimano Nexus -vaihteistolla varustettu napavaihde mahdollistaa ajokokemuksen, joka on sek\u00e4 sujuva ett\u00e4 tehokas. Alex ACE 17 -mallin kaksinkertainen keh\u00e4rakenne takaa kest\u00e4vyyden ja pitk\u00e4ik\u00e4isyyden, mik\u00e4 tekee siit\u00e4 luotettavan valinnan erilaisiin py\u00f6r\u00e4ilytarpeisiin. Alumiininen runko yhdist\u00e4\u00e4 keveyden ja lujuuden, mik\u00e4 parantaa k\u00e4sitelt\u00e4vyytt\u00e4 ilman kest\u00e4vyyden heikentymist\u00e4. [...]L\u00e4s mer \u2026 from Takakiekko 28&#8243; 18-622 NEXUS 3v. Alex ACE 17, 2-pohja, alumiini\" \/>\n<meta property=\"og:url\" content=\"https:\/\/vmsport.fi\/sv\/webbutik\/reservdelar\/skivor-och-nav\/bakgrund\/bakre-skiva-28-18-622-nexus-3v-alex-ace-17-2-bas-aluminium\/\" \/>\n<meta property=\"og:site_name\" content=\"VM Sport\" \/>\n<meta property=\"article:publisher\" content=\"https:\/\/www.facebook.com\/Vmsport.fi\/\" \/>\n<meta property=\"article:modified_time\" content=\"2026-04-02T10:25:41+00:00\" \/>\n<meta property=\"og:image\" content=\"https:\/\/vmsport.fi\/wp-content\/uploads\/2025\/03\/59091-1.jpg\" \/>\n\t<meta property=\"og:image:width\" content=\"1000\" \/>\n\t<meta property=\"og:image:height\" content=\"1000\" \/>\n\t<meta property=\"og:image:type\" content=\"image\/jpeg\" \/>\n<meta name=\"twitter:card\" content=\"summary_large_image\" \/>\n<meta name=\"twitter:label1\" content=\"Ber\u00e4knad l\u00e4stid\" \/>\n\t<meta name=\"twitter:data1\" content=\"1 minut\" \/>\n<script type=\"application\/ld+json\" class=\"yoast-schema-graph\">{\"@context\":\"https:\\\/\\\/schema.org\",\"@graph\":[{\"@type\":[\"WebPage\",\"ItemPage\"],\"@id\":\"https:\\\/\\\/vmsport.fi\\\/verkkokauppa\\\/varaosat\\\/kiekot-ja-navat\\\/takakiekot\\\/takakiekko-28-18-622-nexus-3v-alex-ace-17-2-pohja-alumiini\\\/\",\"url\":\"https:\\\/\\\/vmsport.fi\\\/verkkokauppa\\\/varaosat\\\/kiekot-ja-navat\\\/takakiekot\\\/takakiekko-28-18-622-nexus-3v-alex-ace-17-2-pohja-alumiini\\\/\",\"name\":\"Takakiekko 28\\\" 18-622 NEXUS 3v. Alex ACE 17, 2-pohja, alumiini - VM Sport\",\"isPartOf\":{\"@id\":\"https:\\\/\\\/vmsport.fi\\\/#website\"},\"primaryImageOfPage\":{\"@id\":\"https:\\\/\\\/vmsport.fi\\\/verkkokauppa\\\/varaosat\\\/kiekot-ja-navat\\\/takakiekot\\\/takakiekko-28-18-622-nexus-3v-alex-ace-17-2-pohja-alumiini\\\/#primaryimage\"},\"image\":{\"@id\":\"https:\\\/\\\/vmsport.fi\\\/verkkokauppa\\\/varaosat\\\/kiekot-ja-navat\\\/takakiekot\\\/takakiekko-28-18-622-nexus-3v-alex-ace-17-2-pohja-alumiini\\\/#primaryimage\"},\"thumbnailUrl\":\"https:\\\/\\\/vmsport.fi\\\/wp-content\\\/uploads\\\/2025\\\/03\\\/59091-1.jpg\",\"datePublished\":\"2025-03-05T22:06:32+00:00\",\"dateModified\":\"2026-04-02T10:25:41+00:00\",\"breadcrumb\":{\"@id\":\"https:\\\/\\\/vmsport.fi\\\/verkkokauppa\\\/varaosat\\\/kiekot-ja-navat\\\/takakiekot\\\/takakiekko-28-18-622-nexus-3v-alex-ace-17-2-pohja-alumiini\\\/#breadcrumb\"},\"inLanguage\":\"sv-SE\",\"potentialAction\":[{\"@type\":\"ReadAction\",\"target\":[\"https:\\\/\\\/vmsport.fi\\\/verkkokauppa\\\/varaosat\\\/kiekot-ja-navat\\\/takakiekot\\\/takakiekko-28-18-622-nexus-3v-alex-ace-17-2-pohja-alumiini\\\/\"]}]},{\"@type\":\"ImageObject\",\"inLanguage\":\"sv-SE\",\"@id\":\"https:\\\/\\\/vmsport.fi\\\/verkkokauppa\\\/varaosat\\\/kiekot-ja-navat\\\/takakiekot\\\/takakiekko-28-18-622-nexus-3v-alex-ace-17-2-pohja-alumiini\\\/#primaryimage\",\"url\":\"https:\\\/\\\/vmsport.fi\\\/wp-content\\\/uploads\\\/2025\\\/03\\\/59091-1.jpg\",\"contentUrl\":\"https:\\\/\\\/vmsport.fi\\\/wp-content\\\/uploads\\\/2025\\\/03\\\/59091-1.jpg\",\"width\":1000,\"height\":1000,\"caption\":\"59091\"},{\"@type\":\"BreadcrumbList\",\"@id\":\"https:\\\/\\\/vmsport.fi\\\/verkkokauppa\\\/varaosat\\\/kiekot-ja-navat\\\/takakiekot\\\/takakiekko-28-18-622-nexus-3v-alex-ace-17-2-pohja-alumiini\\\/#breadcrumb\",\"itemListElement\":[{\"@type\":\"ListItem\",\"position\":1,\"name\":\"Etusivu\",\"item\":\"https:\\\/\\\/vmsport.fi\\\/\"},{\"@type\":\"ListItem\",\"position\":2,\"name\":\"Online Store\",\"item\":\"https:\\\/\\\/vmsport.fi\\\/en\\\/online-store\\\/\"},{\"@type\":\"ListItem\",\"position\":3,\"name\":\"Takakiekko 28&#8243; 18-622 NEXUS 3v. Alex ACE 17, 2-pohja, alumiini\"}]},{\"@type\":\"WebSite\",\"@id\":\"https:\\\/\\\/vmsport.fi\\\/#website\",\"url\":\"https:\\\/\\\/vmsport.fi\\\/\",\"name\":\"Vmsport\",\"description\":\"Kaikki py\u00f6r\u00e4ilyyn yhdest\u00e4 paikasta\",\"publisher\":{\"@id\":\"https:\\\/\\\/vmsport.fi\\\/#organization\"},\"potentialAction\":[{\"@type\":\"SearchAction\",\"target\":{\"@type\":\"EntryPoint\",\"urlTemplate\":\"https:\\\/\\\/vmsport.fi\\\/?s={search_term_string}\"},\"query-input\":{\"@type\":\"PropertyValueSpecification\",\"valueRequired\":true,\"valueName\":\"search_term_string\"}}],\"inLanguage\":\"sv-SE\"},{\"@type\":\"Organization\",\"@id\":\"https:\\\/\\\/vmsport.fi\\\/#organization\",\"name\":\"Vmsport\",\"url\":\"https:\\\/\\\/vmsport.fi\\\/\",\"logo\":{\"@type\":\"ImageObject\",\"inLanguage\":\"sv-SE\",\"@id\":\"https:\\\/\\\/vmsport.fi\\\/#\\\/schema\\\/logo\\\/image\\\/\",\"url\":\"https:\\\/\\\/vmsport.fi\\\/wp-content\\\/uploads\\\/2024\\\/12\\\/vm_sport_RGB_horisontal-e1734526017575.png\",\"contentUrl\":\"https:\\\/\\\/vmsport.fi\\\/wp-content\\\/uploads\\\/2024\\\/12\\\/vm_sport_RGB_horisontal-e1734526017575.png\",\"width\":668,\"height\":85,\"caption\":\"Vmsport\"},\"image\":{\"@id\":\"https:\\\/\\\/vmsport.fi\\\/#\\\/schema\\\/logo\\\/image\\\/\"},\"sameAs\":[\"https:\\\/\\\/www.facebook.com\\\/Vmsport.fi\\\/\",\"https:\\\/\\\/www.instagram.com\\\/vmsport\\\/\"]}]}<\/script>\n<!-- \/ Yoast SEO plugin. -->","yoast_head_json":{"title":"Bakre skiva 28\" 18-622 NEXUS 3v. Alex ACE 17, 2-sulor, aluminium - VM Sport","robots":{"index":"index","follow":"follow","max-snippet":"max-snippet:-1","max-image-preview":"max-image-preview:large","max-video-preview":"max-video-preview:-1"},"canonical":"https:\/\/vmsport.fi\/sv\/webbutik\/reservdelar\/skivor-och-nav\/bakgrund\/bakre-skiva-28-18-622-nexus-3v-alex-ace-17-2-bas-aluminium\/","og_locale":"sv_SE","og_type":"article","og_title":"Takakiekko 28\" 18-622 NEXUS 3v. Alex ACE 17, 2-pohja, alumiini - VM Sport","og_description":"Takapy\u00f6r\u00e4 28&#8243; 18-622 NEXUS 3v tarjoaa luotettavaa ja monipuolista suorituskyky\u00e4 monille ajajille. Sen Shimano Nexus -vaihteistolla varustettu napavaihde mahdollistaa ajokokemuksen, joka on sek\u00e4 sujuva ett\u00e4 tehokas. Alex ACE 17 -mallin kaksinkertainen keh\u00e4rakenne takaa kest\u00e4vyyden ja pitk\u00e4ik\u00e4isyyden, mik\u00e4 tekee siit\u00e4 luotettavan valinnan erilaisiin py\u00f6r\u00e4ilytarpeisiin. Alumiininen runko yhdist\u00e4\u00e4 keveyden ja lujuuden, mik\u00e4 parantaa k\u00e4sitelt\u00e4vyytt\u00e4 ilman kest\u00e4vyyden heikentymist\u00e4. [...]L\u00e4s mer \u2026 from Takakiekko 28&#8243; 18-622 NEXUS 3v. Alex ACE 17, 2-pohja, alumiini","og_url":"https:\/\/vmsport.fi\/sv\/webbutik\/reservdelar\/skivor-och-nav\/bakgrund\/bakre-skiva-28-18-622-nexus-3v-alex-ace-17-2-bas-aluminium\/","og_site_name":"VM Sport","article_publisher":"https:\/\/www.facebook.com\/Vmsport.fi\/","article_modified_time":"2026-04-02T10:25:41+00:00","og_image":[{"width":1000,"height":1000,"url":"https:\/\/vmsport.fi\/wp-content\/uploads\/2025\/03\/59091-1.jpg","type":"image\/jpeg"}],"twitter_card":"summary_large_image","twitter_misc":{"Ber\u00e4knad l\u00e4stid":"1 minut"},"schema":{"@context":"https:\/\/schema.org","@graph":[{"@type":["WebPage","ItemPage"],"@id":"https:\/\/vmsport.fi\/verkkokauppa\/varaosat\/kiekot-ja-navat\/takakiekot\/takakiekko-28-18-622-nexus-3v-alex-ace-17-2-pohja-alumiini\/","url":"https:\/\/vmsport.fi\/verkkokauppa\/varaosat\/kiekot-ja-navat\/takakiekot\/takakiekko-28-18-622-nexus-3v-alex-ace-17-2-pohja-alumiini\/","name":"Bakre skiva 28\" 18-622 NEXUS 3v. Alex ACE 17, 2-sulor, aluminium - VM Sport","isPartOf":{"@id":"https:\/\/vmsport.fi\/#website"},"primaryImageOfPage":{"@id":"https:\/\/vmsport.fi\/verkkokauppa\/varaosat\/kiekot-ja-navat\/takakiekot\/takakiekko-28-18-622-nexus-3v-alex-ace-17-2-pohja-alumiini\/#primaryimage"},"image":{"@id":"https:\/\/vmsport.fi\/verkkokauppa\/varaosat\/kiekot-ja-navat\/takakiekot\/takakiekko-28-18-622-nexus-3v-alex-ace-17-2-pohja-alumiini\/#primaryimage"},"thumbnailUrl":"https:\/\/vmsport.fi\/wp-content\/uploads\/2025\/03\/59091-1.jpg","datePublished":"2025-03-05T22:06:32+00:00","dateModified":"2026-04-02T10:25:41+00:00","breadcrumb":{"@id":"https:\/\/vmsport.fi\/verkkokauppa\/varaosat\/kiekot-ja-navat\/takakiekot\/takakiekko-28-18-622-nexus-3v-alex-ace-17-2-pohja-alumiini\/#breadcrumb"},"inLanguage":"sv-SE","potentialAction":[{"@type":"ReadAction","target":["https:\/\/vmsport.fi\/verkkokauppa\/varaosat\/kiekot-ja-navat\/takakiekot\/takakiekko-28-18-622-nexus-3v-alex-ace-17-2-pohja-alumiini\/"]}]},{"@type":"ImageObject","inLanguage":"sv-SE","@id":"https:\/\/vmsport.fi\/verkkokauppa\/varaosat\/kiekot-ja-navat\/takakiekot\/takakiekko-28-18-622-nexus-3v-alex-ace-17-2-pohja-alumiini\/#primaryimage","url":"https:\/\/vmsport.fi\/wp-content\/uploads\/2025\/03\/59091-1.jpg","contentUrl":"https:\/\/vmsport.fi\/wp-content\/uploads\/2025\/03\/59091-1.jpg","width":1000,"height":1000,"caption":"59091"},{"@type":"BreadcrumbList","@id":"https:\/\/vmsport.fi\/verkkokauppa\/varaosat\/kiekot-ja-navat\/takakiekot\/takakiekko-28-18-622-nexus-3v-alex-ace-17-2-pohja-alumiini\/#breadcrumb","itemListElement":[{"@type":"ListItem","position":1,"name":"Etusivu","item":"https:\/\/vmsport.fi\/"},{"@type":"ListItem","position":2,"name":"Online Store","item":"https:\/\/vmsport.fi\/en\/online-store\/"},{"@type":"ListItem","position":3,"name":"Takakiekko 28&#8243; 18-622 NEXUS 3v. Alex ACE 17, 2-pohja, alumiini"}]},{"@type":"WebSite","@id":"https:\/\/vmsport.fi\/#website","url":"https:\/\/vmsport.fi\/","name":"Vmsport","description":"Allt p\u00e5 ett st\u00e4lle f\u00f6r cykling","publisher":{"@id":"https:\/\/vmsport.fi\/#organization"},"potentialAction":[{"@type":"SearchAction","target":{"@type":"EntryPoint","urlTemplate":"https:\/\/vmsport.fi\/?s={search_term_string}"},"query-input":{"@type":"PropertyValueSpecification","valueRequired":true,"valueName":"search_term_string"}}],"inLanguage":"sv-SE"},{"@type":"Organization","@id":"https:\/\/vmsport.fi\/#organization","name":"Vmsport","url":"https:\/\/vmsport.fi\/","logo":{"@type":"ImageObject","inLanguage":"sv-SE","@id":"https:\/\/vmsport.fi\/#\/schema\/logo\/image\/","url":"https:\/\/vmsport.fi\/wp-content\/uploads\/2024\/12\/vm_sport_RGB_horisontal-e1734526017575.png","contentUrl":"https:\/\/vmsport.fi\/wp-content\/uploads\/2024\/12\/vm_sport_RGB_horisontal-e1734526017575.png","width":668,"height":85,"caption":"Vmsport"},"image":{"@id":"https:\/\/vmsport.fi\/#\/schema\/logo\/image\/"},"sameAs":["https:\/\/www.facebook.com\/Vmsport.fi\/","https:\/\/www.instagram.com\/vmsport\/"]}]}},"global_unique_id":"","_links":{"self":[{"href":"https:\/\/vmsport.fi\/sv\/wp-json\/wp\/v2\/product\/55426","targetHints":{"allow":["GET"]}}],"collection":[{"href":"https:\/\/vmsport.fi\/sv\/wp-json\/wp\/v2\/product"}],"about":[{"href":"https:\/\/vmsport.fi\/sv\/wp-json\/wp\/v2\/types\/product"}],"replies":[{"embeddable":true,"href":"https:\/\/vmsport.fi\/sv\/wp-json\/wp\/v2\/comments?post=55426"}],"wp:featuredmedia":[{"embeddable":true,"href":"https:\/\/vmsport.fi\/sv\/wp-json\/wp\/v2\/media\/55425"}],"wp:attachment":[{"href":"https:\/\/vmsport.fi\/sv\/wp-json\/wp\/v2\/media?parent=55426"}],"wp:term":[{"taxonomy":"product_brand","embeddable":true,"href":"https:\/\/vmsport.fi\/sv\/wp-json\/wp\/v2\/product_brand?post=55426"},{"taxonomy":"product_model","embeddable":true,"href":"https:\/\/vmsport.fi\/sv\/wp-json\/wp\/v2\/product_model?post=55426"},{"taxonomy":"product_cat","embeddable":true,"href":"https:\/\/vmsport.fi\/sv\/wp-json\/wp\/v2\/product_cat?post=55426"},{"taxonomy":"product_tag","embeddable":true,"href":"https:\/\/vmsport.fi\/sv\/wp-json\/wp\/v2\/product_tag?post=55426"},{"taxonomy":"industry_terminology","embeddable":true,"href":"https:\/\/vmsport.fi\/sv\/wp-json\/wp\/v2\/industry-terminology?post=55426"}],"curies":[{"name":"wp","href":"https:\/\/api.w.org\/{rel}","templated":true}]}}