{"id":55415,"date":"2025-03-06T00:06:20","date_gmt":"2025-03-05T22:06:20","guid":{"rendered":"https:\/\/vmsport.fi\/verkkokauppa\/Ei-luokiteltu\/suomi-tyres-routa-tlr-w248-42-622-nastarengas\/"},"modified":"2026-04-22T15:04:55","modified_gmt":"2026-04-22T12:04:55","slug":"suomi-tyres-routa-tlr-w248-42-622-nastarengas","status":"publish","type":"product","link":"https:\/\/vmsport.fi\/sv\/verkkokauppa\/renkaat\/ulkorenkaat\/nastarenkaat\/suomi-tyres-routa-tlr-w248-42-622-nastarengas\/","title":{"rendered":"Suomi Tyres Routa TLR W248 42-622 Dubbd\u00e4ck"},"content":{"rendered":"<p>Routa TLR W248 42-622 Suomi Tyresin nastarengas on suunniteltu monipuolisiin ajokeleihin, soveltuen erinomaisesti sek\u00e4 kaupunki- ett\u00e4 maastopy\u00f6r\u00e4ilyyn. T\u00e4m\u00e4 tubeless ready -rengas on taitettava, mik\u00e4 tekee siit\u00e4 kevyen ja helpon asentaa. <\/p>\n<p>Huolella suunniteltu kuviointi takaa erinomaisen pidon, ja 248 kest\u00e4v\u00e4\u00e4 ter\u00e4snastaa varmistavat varman otteen liukkailla ja j\u00e4isill\u00e4 teill\u00e4. Renkaan vierint\u00e4vastus on optimoitu suomalaisessa Wheel Energy -laboratoriossa, mik\u00e4 takaa sujuvan ajokokemuksen. <\/p>\n<p>Kest\u00e4v\u00e4t ter\u00e4snastat on suunniteltu kest\u00e4m\u00e4\u00e4n tuhansia ajokilometrej\u00e4, ja kevyt aramidikuitu lis\u00e4\u00e4 renkaan joustavuutta ja kest\u00e4vyytt\u00e4. Heijastinnauha parantaa n\u00e4kyvyytt\u00e4 ja turvallisuutta pime\u00e4ll\u00e4 ajettaessa. <\/p>\n<p>T\u00e4m\u00e4 rengas on ihanteellinen valinta py\u00f6r\u00e4ilij\u00f6ille, jotka arvostavat kest\u00e4vyytt\u00e4, mukautumiskyky\u00e4 ja suorituskyky\u00e4 vaihtelevissa maastoissa ja s\u00e4\u00e4olosuhteissa.<\/p>","protected":false},"excerpt":{"rendered":"<p>Routa TLR W248 42-622 Suomi Tyresin nastarengas on suunniteltu monipuolisiin ajokeleihin, soveltuen erinomaisesti sek\u00e4 kaupunki- ett\u00e4 maastopy\u00f6r\u00e4ilyyn. T\u00e4m\u00e4 tubeless ready -rengas on taitettava, mik\u00e4 tekee siit\u00e4 kevyen ja helpon asentaa. Huolella suunniteltu kuviointi takaa erinomaisen pidon, ja 248 kest\u00e4v\u00e4\u00e4 ter\u00e4snastaa varmistavat varman otteen liukkailla ja j\u00e4isill\u00e4 teill\u00e4. Renkaan vierint\u00e4vastus on optimoitu suomalaisessa Wheel Energy -laboratoriossa, [&#8230;]<\/p>\n<p><a class=\"btn btn-secondary understrap-read-more-link\" href=\"https:\/\/vmsport.fi\/sv\/verkkokauppa\/renkaat\/ulkorenkaat\/nastarenkaat\/suomi-tyres-routa-tlr-w248-42-622-nastarengas\/\">L\u00e4s mer \u2026<span class=\"screen-reader-text\"> from Suomi Tyres Routa TLR W248 42-622 Nastarengas<\/span><\/a><\/p>\n","protected":false},"featured_media":55414,"comment_status":"open","ping_status":"closed","template":"","meta":{"_acf_changed":false,"_improvement_type_select":"improve_an_existing","_thumb_yes_seoaic":false,"_frame_yes_seoaic":false,"seoaic_generate_description":"","seoaic_improve_instructions_prompt":"","seoaic_rollback_content_improvement":"","seoaic_idea_thumbnail_generator":"","thumbnail_generated":false,"thumbnail_generate_prompt":"","seoaic_article_description":"","_supplier_stock_quantity":0},"product_brand":[1591],"product_model":[],"product_cat":[9336],"product_tag":[],"industry-terminology":[],"class_list":{"0":"post-55415","1":"product","2":"type-product","3":"status-publish","4":"has-post-thumbnail","6":"product_brand-suomi-tyres","7":"product_cat-nastarenkaat","9":"first","10":"outofstock","11":"taxable","12":"shipping-taxable","13":"product-type-simple"},"acf":{"bike_features":null,"overview":{"copy_overview":null,"key_features":null,"statement":"","youtube_url":""}},"yoast_head":"<!-- This site is optimized with the Yoast SEO plugin v27.4 - https:\/\/yoast.com\/product\/yoast-seo-wordpress\/ -->\n<title>Suomi Tyres Routa TLR W248 42-622 Nastarengas - VM Sport<\/title>\n<meta name=\"robots\" content=\"index, follow, max-snippet:-1, max-image-preview:large, max-video-preview:-1\" \/>\n<link rel=\"canonical\" href=\"https:\/\/vmsport.fi\/sv\/webbutik\/dack\/dack-for-utomhusbruk\/dubbdack\/suomi-tyres-routa-tlr-w248-42-622-nastarengas\/\" \/>\n<meta property=\"og:locale\" content=\"sv_SE\" \/>\n<meta property=\"og:type\" content=\"article\" \/>\n<meta property=\"og:title\" content=\"Suomi Tyres Routa TLR W248 42-622 Nastarengas - VM Sport\" \/>\n<meta property=\"og:description\" content=\"Routa TLR W248 42-622 Suomi Tyresin nastarengas on suunniteltu monipuolisiin ajokeleihin, soveltuen erinomaisesti sek\u00e4 kaupunki- ett\u00e4 maastopy\u00f6r\u00e4ilyyn. T\u00e4m\u00e4 tubeless ready -rengas on taitettava, mik\u00e4 tekee siit\u00e4 kevyen ja helpon asentaa. Huolella suunniteltu kuviointi takaa erinomaisen pidon, ja 248 kest\u00e4v\u00e4\u00e4 ter\u00e4snastaa varmistavat varman otteen liukkailla ja j\u00e4isill\u00e4 teill\u00e4. Renkaan vierint\u00e4vastus on optimoitu suomalaisessa Wheel Energy -laboratoriossa, [...]L\u00e4s mer \u2026 from Suomi Tyres Routa TLR W248 42-622 Nastarengas\" \/>\n<meta property=\"og:url\" content=\"https:\/\/vmsport.fi\/sv\/webbutik\/dack\/dack-for-utomhusbruk\/dubbdack\/suomi-tyres-routa-tlr-w248-42-622-nastarengas\/\" \/>\n<meta property=\"og:site_name\" content=\"VM Sport\" \/>\n<meta property=\"article:publisher\" content=\"https:\/\/www.facebook.com\/Vmsport.fi\/\" \/>\n<meta property=\"article:modified_time\" content=\"2026-04-22T12:04:55+00:00\" \/>\n<meta property=\"og:image\" content=\"https:\/\/vmsport.fi\/wp-content\/uploads\/2025\/03\/20210125-T502081-42-622routaw248tlr-1.jpg\" \/>\n\t<meta property=\"og:image:width\" content=\"600\" \/>\n\t<meta property=\"og:image:height\" content=\"600\" \/>\n\t<meta property=\"og:image:type\" content=\"image\/jpeg\" \/>\n<meta name=\"twitter:card\" content=\"summary_large_image\" \/>\n<meta name=\"twitter:label1\" content=\"Ber\u00e4knad l\u00e4stid\" \/>\n\t<meta name=\"twitter:data1\" content=\"1 minut\" \/>\n<script type=\"application\/ld+json\" class=\"yoast-schema-graph\">{\"@context\":\"https:\\\/\\\/schema.org\",\"@graph\":[{\"@type\":[\"WebPage\",\"ItemPage\"],\"@id\":\"https:\\\/\\\/vmsport.fi\\\/verkkokauppa\\\/renkaat\\\/ulkorenkaat\\\/nastarenkaat\\\/suomi-tyres-routa-tlr-w248-42-622-nastarengas\\\/\",\"url\":\"https:\\\/\\\/vmsport.fi\\\/verkkokauppa\\\/renkaat\\\/ulkorenkaat\\\/nastarenkaat\\\/suomi-tyres-routa-tlr-w248-42-622-nastarengas\\\/\",\"name\":\"Suomi Tyres Routa TLR W248 42-622 Nastarengas - VM Sport\",\"isPartOf\":{\"@id\":\"https:\\\/\\\/vmsport.fi\\\/#website\"},\"primaryImageOfPage\":{\"@id\":\"https:\\\/\\\/vmsport.fi\\\/verkkokauppa\\\/renkaat\\\/ulkorenkaat\\\/nastarenkaat\\\/suomi-tyres-routa-tlr-w248-42-622-nastarengas\\\/#primaryimage\"},\"image\":{\"@id\":\"https:\\\/\\\/vmsport.fi\\\/verkkokauppa\\\/renkaat\\\/ulkorenkaat\\\/nastarenkaat\\\/suomi-tyres-routa-tlr-w248-42-622-nastarengas\\\/#primaryimage\"},\"thumbnailUrl\":\"https:\\\/\\\/vmsport.fi\\\/wp-content\\\/uploads\\\/2025\\\/03\\\/20210125-T502081-42-622routaw248tlr-1.jpg\",\"datePublished\":\"2025-03-05T22:06:20+00:00\",\"dateModified\":\"2026-04-22T12:04:55+00:00\",\"breadcrumb\":{\"@id\":\"https:\\\/\\\/vmsport.fi\\\/verkkokauppa\\\/renkaat\\\/ulkorenkaat\\\/nastarenkaat\\\/suomi-tyres-routa-tlr-w248-42-622-nastarengas\\\/#breadcrumb\"},\"inLanguage\":\"sv-SE\",\"potentialAction\":[{\"@type\":\"ReadAction\",\"target\":[\"https:\\\/\\\/vmsport.fi\\\/verkkokauppa\\\/renkaat\\\/ulkorenkaat\\\/nastarenkaat\\\/suomi-tyres-routa-tlr-w248-42-622-nastarengas\\\/\"]}]},{\"@type\":\"ImageObject\",\"inLanguage\":\"sv-SE\",\"@id\":\"https:\\\/\\\/vmsport.fi\\\/verkkokauppa\\\/renkaat\\\/ulkorenkaat\\\/nastarenkaat\\\/suomi-tyres-routa-tlr-w248-42-622-nastarengas\\\/#primaryimage\",\"url\":\"https:\\\/\\\/vmsport.fi\\\/wp-content\\\/uploads\\\/2025\\\/03\\\/20210125-T502081-42-622routaw248tlr-1.jpg\",\"contentUrl\":\"https:\\\/\\\/vmsport.fi\\\/wp-content\\\/uploads\\\/2025\\\/03\\\/20210125-T502081-42-622routaw248tlr-1.jpg\",\"width\":600,\"height\":600,\"caption\":\"20210125-T502081-42-622routaw248tlr\"},{\"@type\":\"BreadcrumbList\",\"@id\":\"https:\\\/\\\/vmsport.fi\\\/verkkokauppa\\\/renkaat\\\/ulkorenkaat\\\/nastarenkaat\\\/suomi-tyres-routa-tlr-w248-42-622-nastarengas\\\/#breadcrumb\",\"itemListElement\":[{\"@type\":\"ListItem\",\"position\":1,\"name\":\"Etusivu\",\"item\":\"https:\\\/\\\/vmsport.fi\\\/\"},{\"@type\":\"ListItem\",\"position\":2,\"name\":\"Online Store\",\"item\":\"https:\\\/\\\/vmsport.fi\\\/en\\\/online-store\\\/\"},{\"@type\":\"ListItem\",\"position\":3,\"name\":\"Suomi Tyres Routa TLR W248 42-622 Nastarengas\"}]},{\"@type\":\"WebSite\",\"@id\":\"https:\\\/\\\/vmsport.fi\\\/#website\",\"url\":\"https:\\\/\\\/vmsport.fi\\\/\",\"name\":\"Vmsport\",\"description\":\"Kaikki py\u00f6r\u00e4ilyyn yhdest\u00e4 paikasta\",\"publisher\":{\"@id\":\"https:\\\/\\\/vmsport.fi\\\/#organization\"},\"potentialAction\":[{\"@type\":\"SearchAction\",\"target\":{\"@type\":\"EntryPoint\",\"urlTemplate\":\"https:\\\/\\\/vmsport.fi\\\/?s={search_term_string}\"},\"query-input\":{\"@type\":\"PropertyValueSpecification\",\"valueRequired\":true,\"valueName\":\"search_term_string\"}}],\"inLanguage\":\"sv-SE\"},{\"@type\":\"Organization\",\"@id\":\"https:\\\/\\\/vmsport.fi\\\/#organization\",\"name\":\"Vmsport\",\"url\":\"https:\\\/\\\/vmsport.fi\\\/\",\"logo\":{\"@type\":\"ImageObject\",\"inLanguage\":\"sv-SE\",\"@id\":\"https:\\\/\\\/vmsport.fi\\\/#\\\/schema\\\/logo\\\/image\\\/\",\"url\":\"https:\\\/\\\/vmsport.fi\\\/wp-content\\\/uploads\\\/2024\\\/12\\\/vm_sport_RGB_horisontal-e1734526017575.png\",\"contentUrl\":\"https:\\\/\\\/vmsport.fi\\\/wp-content\\\/uploads\\\/2024\\\/12\\\/vm_sport_RGB_horisontal-e1734526017575.png\",\"width\":668,\"height\":85,\"caption\":\"Vmsport\"},\"image\":{\"@id\":\"https:\\\/\\\/vmsport.fi\\\/#\\\/schema\\\/logo\\\/image\\\/\"},\"sameAs\":[\"https:\\\/\\\/www.facebook.com\\\/Vmsport.fi\\\/\",\"https:\\\/\\\/www.instagram.com\\\/vmsport\\\/\"]}]}<\/script>\n<!-- \/ Yoast SEO plugin. -->","yoast_head_json":{"title":"Suomi Tyres Routa TLR W248 42-622 Nastarengas - VM Sport","robots":{"index":"index","follow":"follow","max-snippet":"max-snippet:-1","max-image-preview":"max-image-preview:large","max-video-preview":"max-video-preview:-1"},"canonical":"https:\/\/vmsport.fi\/sv\/webbutik\/dack\/dack-for-utomhusbruk\/dubbdack\/suomi-tyres-routa-tlr-w248-42-622-nastarengas\/","og_locale":"sv_SE","og_type":"article","og_title":"Suomi Tyres Routa TLR W248 42-622 Nastarengas - VM Sport","og_description":"Routa TLR W248 42-622 Suomi Tyresin nastarengas on suunniteltu monipuolisiin ajokeleihin, soveltuen erinomaisesti sek\u00e4 kaupunki- ett\u00e4 maastopy\u00f6r\u00e4ilyyn. T\u00e4m\u00e4 tubeless ready -rengas on taitettava, mik\u00e4 tekee siit\u00e4 kevyen ja helpon asentaa. Huolella suunniteltu kuviointi takaa erinomaisen pidon, ja 248 kest\u00e4v\u00e4\u00e4 ter\u00e4snastaa varmistavat varman otteen liukkailla ja j\u00e4isill\u00e4 teill\u00e4. Renkaan vierint\u00e4vastus on optimoitu suomalaisessa Wheel Energy -laboratoriossa, [...]L\u00e4s mer \u2026 from Suomi Tyres Routa TLR W248 42-622 Nastarengas","og_url":"https:\/\/vmsport.fi\/sv\/webbutik\/dack\/dack-for-utomhusbruk\/dubbdack\/suomi-tyres-routa-tlr-w248-42-622-nastarengas\/","og_site_name":"VM Sport","article_publisher":"https:\/\/www.facebook.com\/Vmsport.fi\/","article_modified_time":"2026-04-22T12:04:55+00:00","og_image":[{"width":600,"height":600,"url":"https:\/\/vmsport.fi\/wp-content\/uploads\/2025\/03\/20210125-T502081-42-622routaw248tlr-1.jpg","type":"image\/jpeg"}],"twitter_card":"summary_large_image","twitter_misc":{"Ber\u00e4knad l\u00e4stid":"1 minut"},"schema":{"@context":"https:\/\/schema.org","@graph":[{"@type":["WebPage","ItemPage"],"@id":"https:\/\/vmsport.fi\/verkkokauppa\/renkaat\/ulkorenkaat\/nastarenkaat\/suomi-tyres-routa-tlr-w248-42-622-nastarengas\/","url":"https:\/\/vmsport.fi\/verkkokauppa\/renkaat\/ulkorenkaat\/nastarenkaat\/suomi-tyres-routa-tlr-w248-42-622-nastarengas\/","name":"Suomi Tyres Routa TLR W248 42-622 Nastarengas - VM Sport","isPartOf":{"@id":"https:\/\/vmsport.fi\/#website"},"primaryImageOfPage":{"@id":"https:\/\/vmsport.fi\/verkkokauppa\/renkaat\/ulkorenkaat\/nastarenkaat\/suomi-tyres-routa-tlr-w248-42-622-nastarengas\/#primaryimage"},"image":{"@id":"https:\/\/vmsport.fi\/verkkokauppa\/renkaat\/ulkorenkaat\/nastarenkaat\/suomi-tyres-routa-tlr-w248-42-622-nastarengas\/#primaryimage"},"thumbnailUrl":"https:\/\/vmsport.fi\/wp-content\/uploads\/2025\/03\/20210125-T502081-42-622routaw248tlr-1.jpg","datePublished":"2025-03-05T22:06:20+00:00","dateModified":"2026-04-22T12:04:55+00:00","breadcrumb":{"@id":"https:\/\/vmsport.fi\/verkkokauppa\/renkaat\/ulkorenkaat\/nastarenkaat\/suomi-tyres-routa-tlr-w248-42-622-nastarengas\/#breadcrumb"},"inLanguage":"sv-SE","potentialAction":[{"@type":"ReadAction","target":["https:\/\/vmsport.fi\/verkkokauppa\/renkaat\/ulkorenkaat\/nastarenkaat\/suomi-tyres-routa-tlr-w248-42-622-nastarengas\/"]}]},{"@type":"ImageObject","inLanguage":"sv-SE","@id":"https:\/\/vmsport.fi\/verkkokauppa\/renkaat\/ulkorenkaat\/nastarenkaat\/suomi-tyres-routa-tlr-w248-42-622-nastarengas\/#primaryimage","url":"https:\/\/vmsport.fi\/wp-content\/uploads\/2025\/03\/20210125-T502081-42-622routaw248tlr-1.jpg","contentUrl":"https:\/\/vmsport.fi\/wp-content\/uploads\/2025\/03\/20210125-T502081-42-622routaw248tlr-1.jpg","width":600,"height":600,"caption":"20210125-T502081-42-622routaw248tlr"},{"@type":"BreadcrumbList","@id":"https:\/\/vmsport.fi\/verkkokauppa\/renkaat\/ulkorenkaat\/nastarenkaat\/suomi-tyres-routa-tlr-w248-42-622-nastarengas\/#breadcrumb","itemListElement":[{"@type":"ListItem","position":1,"name":"Etusivu","item":"https:\/\/vmsport.fi\/"},{"@type":"ListItem","position":2,"name":"Online Store","item":"https:\/\/vmsport.fi\/en\/online-store\/"},{"@type":"ListItem","position":3,"name":"Suomi Tyres Routa TLR W248 42-622 Nastarengas"}]},{"@type":"WebSite","@id":"https:\/\/vmsport.fi\/#website","url":"https:\/\/vmsport.fi\/","name":"Vmsport","description":"Allt p\u00e5 ett st\u00e4lle f\u00f6r cykling","publisher":{"@id":"https:\/\/vmsport.fi\/#organization"},"potentialAction":[{"@type":"SearchAction","target":{"@type":"EntryPoint","urlTemplate":"https:\/\/vmsport.fi\/?s={search_term_string}"},"query-input":{"@type":"PropertyValueSpecification","valueRequired":true,"valueName":"search_term_string"}}],"inLanguage":"sv-SE"},{"@type":"Organization","@id":"https:\/\/vmsport.fi\/#organization","name":"Vmsport","url":"https:\/\/vmsport.fi\/","logo":{"@type":"ImageObject","inLanguage":"sv-SE","@id":"https:\/\/vmsport.fi\/#\/schema\/logo\/image\/","url":"https:\/\/vmsport.fi\/wp-content\/uploads\/2024\/12\/vm_sport_RGB_horisontal-e1734526017575.png","contentUrl":"https:\/\/vmsport.fi\/wp-content\/uploads\/2024\/12\/vm_sport_RGB_horisontal-e1734526017575.png","width":668,"height":85,"caption":"Vmsport"},"image":{"@id":"https:\/\/vmsport.fi\/#\/schema\/logo\/image\/"},"sameAs":["https:\/\/www.facebook.com\/Vmsport.fi\/","https:\/\/www.instagram.com\/vmsport\/"]}]}},"global_unique_id":"","_links":{"self":[{"href":"https:\/\/vmsport.fi\/sv\/wp-json\/wp\/v2\/product\/55415","targetHints":{"allow":["GET"]}}],"collection":[{"href":"https:\/\/vmsport.fi\/sv\/wp-json\/wp\/v2\/product"}],"about":[{"href":"https:\/\/vmsport.fi\/sv\/wp-json\/wp\/v2\/types\/product"}],"replies":[{"embeddable":true,"href":"https:\/\/vmsport.fi\/sv\/wp-json\/wp\/v2\/comments?post=55415"}],"wp:featuredmedia":[{"embeddable":true,"href":"https:\/\/vmsport.fi\/sv\/wp-json\/wp\/v2\/media\/55414"}],"wp:attachment":[{"href":"https:\/\/vmsport.fi\/sv\/wp-json\/wp\/v2\/media?parent=55415"}],"wp:term":[{"taxonomy":"product_brand","embeddable":true,"href":"https:\/\/vmsport.fi\/sv\/wp-json\/wp\/v2\/product_brand?post=55415"},{"taxonomy":"product_model","embeddable":true,"href":"https:\/\/vmsport.fi\/sv\/wp-json\/wp\/v2\/product_model?post=55415"},{"taxonomy":"product_cat","embeddable":true,"href":"https:\/\/vmsport.fi\/sv\/wp-json\/wp\/v2\/product_cat?post=55415"},{"taxonomy":"product_tag","embeddable":true,"href":"https:\/\/vmsport.fi\/sv\/wp-json\/wp\/v2\/product_tag?post=55415"},{"taxonomy":"industry_terminology","embeddable":true,"href":"https:\/\/vmsport.fi\/sv\/wp-json\/wp\/v2\/industry-terminology?post=55415"}],"curies":[{"name":"wp","href":"https:\/\/api.w.org\/{rel}","templated":true}]}}