{"id":55413,"date":"2025-03-06T00:06:19","date_gmt":"2025-03-05T22:06:19","guid":{"rendered":"https:\/\/vmsport.fi\/verkkokauppa\/Ei-luokiteltu\/continental-ride-tour-32-622\/"},"modified":"2026-04-01T15:40:41","modified_gmt":"2026-04-01T12:40:41","slug":"kontinentala-akturer-32-622","status":"publish","type":"product","link":"https:\/\/vmsport.fi\/sv\/verkkokauppa\/renkaat\/ulkorenkaat\/kaupunki-ja-hybridirenkaat\/continental-ride-tour-32-622\/","title":{"rendered":"CONTINENTAL Ride Tour 32-622"},"content":{"rendered":"<p>CONTINENTAL Ride Tour 32-622 \u00e4r ett utm\u00e4rkt val f\u00f6r b\u00e5de touring och daglig k\u00f6rning. Dess m\u00e5ngsidiga design ger utm\u00e4rkta prestanda f\u00f6r b\u00e5de l\u00e5ngresor och pendling. D\u00e4cket \u00e4r utformat f\u00f6r att klara olika v\u00e4gbel\u00e4ggningar, vilket ger tillf\u00f6rlitlighet under varierande k\u00f6rf\u00f6rh\u00e5llanden. Det optimerade slitbanem\u00f6nstret ger ett stabilt grepp och en balanserad k\u00f6rning. Dessutom har s\u00e4rskild uppm\u00e4rksamhet \u00e4gnats \u00e5t komfort i konstruktionen, vilket minskar vibrationer och absorberar st\u00f6tar. Dimensionen 32-622 \u00e4r det perfekta valet f\u00f6r dig som letar efter ett slitstarkt och p\u00e5litligt d\u00e4ck.<\/p>","protected":false},"excerpt":{"rendered":"<p>CONTINENTAL Ride Tour 32-622 -rengas on erinomainen valinta sek\u00e4 retkille ett\u00e4 p\u00e4ivitt\u00e4iseen ajoon. Sen monipuolinen suunnittelu takaa loistavan suorituskyvyn sek\u00e4 pitkille matkoille ett\u00e4 ty\u00f6matkoille. Rengas on suunniteltu kest\u00e4m\u00e4\u00e4n erilaisia tienpintoja, mik\u00e4 tarjoaa luotettavuutta vaihtelevissa ajo-olosuhteissa. Optimoitu kulutuspinta varmistaa vakaan pidon ja tasapainoisen ajon. Lis\u00e4ksi mukavuuteen on kiinnitetty erityist\u00e4 huomiota suunnittelussa, mik\u00e4 v\u00e4hent\u00e4\u00e4 t\u00e4rin\u00e4\u00e4 ja vaimentaa [&#8230;]<\/p>\n<p><a class=\"btn btn-secondary understrap-read-more-link\" href=\"https:\/\/vmsport.fi\/sv\/verkkokauppa\/renkaat\/ulkorenkaat\/kaupunki-ja-hybridirenkaat\/continental-ride-tour-32-622\/\">L\u00e4s mer \u2026<span class=\"screen-reader-text\"> from CONTINENTAL Ride Tour 32-622<\/span><\/a><\/p>\n","protected":false},"featured_media":55412,"comment_status":"open","ping_status":"closed","template":"","meta":{"_acf_changed":false,"_improvement_type_select":"improve_an_existing","_thumb_yes_seoaic":false,"_frame_yes_seoaic":false,"seoaic_generate_description":"","seoaic_improve_instructions_prompt":"","seoaic_rollback_content_improvement":"","seoaic_idea_thumbnail_generator":"","thumbnail_generated":false,"thumbnail_generate_prompt":"","seoaic_article_description":"","_supplier_stock_quantity":0},"product_brand":[1585],"product_model":[],"product_cat":[9318],"product_tag":[],"industry-terminology":[],"class_list":{"0":"post-55413","1":"product","2":"type-product","3":"status-publish","4":"has-post-thumbnail","6":"product_brand-continental","7":"product_cat-kaupunki-ja-hybridirenkaat","9":"first","10":"instock","11":"taxable","12":"shipping-taxable","13":"purchasable","14":"product-type-simple"},"acf":{"bike_features":null,"overview":{"copy_overview":null,"key_features":null,"statement":"","youtube_url":""}},"yoast_head":"<!-- This site is optimized with the Yoast SEO plugin v27.4 - https:\/\/yoast.com\/product\/yoast-seo-wordpress\/ -->\n<title>CONTINENTAL Ride Tour 32-622 - VM Sport<\/title>\n<meta name=\"robots\" content=\"index, follow, max-snippet:-1, max-image-preview:large, max-video-preview:-1\" \/>\n<link rel=\"canonical\" href=\"https:\/\/vmsport.fi\/sv\/webbutik\/dack\/dack-for-utomhusbruk\/stads-och-hybriddack\/kontinentala-akturer-32-622\/\" \/>\n<meta property=\"og:locale\" content=\"sv_SE\" \/>\n<meta property=\"og:type\" content=\"article\" \/>\n<meta property=\"og:title\" content=\"CONTINENTAL Ride Tour 32-622 - VM Sport\" \/>\n<meta property=\"og:description\" content=\"CONTINENTAL Ride Tour 32-622 -rengas on erinomainen valinta sek\u00e4 retkille ett\u00e4 p\u00e4ivitt\u00e4iseen ajoon. Sen monipuolinen suunnittelu takaa loistavan suorituskyvyn sek\u00e4 pitkille matkoille ett\u00e4 ty\u00f6matkoille. Rengas on suunniteltu kest\u00e4m\u00e4\u00e4n erilaisia tienpintoja, mik\u00e4 tarjoaa luotettavuutta vaihtelevissa ajo-olosuhteissa. Optimoitu kulutuspinta varmistaa vakaan pidon ja tasapainoisen ajon. Lis\u00e4ksi mukavuuteen on kiinnitetty erityist\u00e4 huomiota suunnittelussa, mik\u00e4 v\u00e4hent\u00e4\u00e4 t\u00e4rin\u00e4\u00e4 ja vaimentaa [...]L\u00e4s mer \u2026 from CONTINENTAL Ride Tour 32-622\" \/>\n<meta property=\"og:url\" content=\"https:\/\/vmsport.fi\/sv\/webbutik\/dack\/dack-for-utomhusbruk\/stads-och-hybriddack\/kontinentala-akturer-32-622\/\" \/>\n<meta property=\"og:site_name\" content=\"VM Sport\" \/>\n<meta property=\"article:publisher\" content=\"https:\/\/www.facebook.com\/Vmsport.fi\/\" \/>\n<meta property=\"article:modified_time\" content=\"2026-04-01T12:40:41+00:00\" \/>\n<meta property=\"og:image\" content=\"https:\/\/vmsport.fi\/wp-content\/uploads\/2025\/03\/ride-tour-2-1.jpg\" \/>\n\t<meta property=\"og:image:width\" content=\"1000\" \/>\n\t<meta property=\"og:image:height\" content=\"1000\" \/>\n\t<meta property=\"og:image:type\" content=\"image\/jpeg\" \/>\n<meta name=\"twitter:card\" content=\"summary_large_image\" \/>\n<script type=\"application\/ld+json\" class=\"yoast-schema-graph\">{\"@context\":\"https:\\\/\\\/schema.org\",\"@graph\":[{\"@type\":[\"WebPage\",\"ItemPage\"],\"@id\":\"https:\\\/\\\/vmsport.fi\\\/verkkokauppa\\\/renkaat\\\/ulkorenkaat\\\/kaupunki-ja-hybridirenkaat\\\/continental-ride-tour-32-622\\\/\",\"url\":\"https:\\\/\\\/vmsport.fi\\\/verkkokauppa\\\/renkaat\\\/ulkorenkaat\\\/kaupunki-ja-hybridirenkaat\\\/continental-ride-tour-32-622\\\/\",\"name\":\"CONTINENTAL Ride Tour 32-622 - VM Sport\",\"isPartOf\":{\"@id\":\"https:\\\/\\\/vmsport.fi\\\/#website\"},\"primaryImageOfPage\":{\"@id\":\"https:\\\/\\\/vmsport.fi\\\/verkkokauppa\\\/renkaat\\\/ulkorenkaat\\\/kaupunki-ja-hybridirenkaat\\\/continental-ride-tour-32-622\\\/#primaryimage\"},\"image\":{\"@id\":\"https:\\\/\\\/vmsport.fi\\\/verkkokauppa\\\/renkaat\\\/ulkorenkaat\\\/kaupunki-ja-hybridirenkaat\\\/continental-ride-tour-32-622\\\/#primaryimage\"},\"thumbnailUrl\":\"https:\\\/\\\/vmsport.fi\\\/wp-content\\\/uploads\\\/2025\\\/03\\\/ride-tour-2-1.jpg\",\"datePublished\":\"2025-03-05T22:06:19+00:00\",\"dateModified\":\"2026-04-01T12:40:41+00:00\",\"breadcrumb\":{\"@id\":\"https:\\\/\\\/vmsport.fi\\\/verkkokauppa\\\/renkaat\\\/ulkorenkaat\\\/kaupunki-ja-hybridirenkaat\\\/continental-ride-tour-32-622\\\/#breadcrumb\"},\"inLanguage\":\"sv-SE\",\"potentialAction\":[{\"@type\":\"ReadAction\",\"target\":[\"https:\\\/\\\/vmsport.fi\\\/verkkokauppa\\\/renkaat\\\/ulkorenkaat\\\/kaupunki-ja-hybridirenkaat\\\/continental-ride-tour-32-622\\\/\"]}]},{\"@type\":\"ImageObject\",\"inLanguage\":\"sv-SE\",\"@id\":\"https:\\\/\\\/vmsport.fi\\\/verkkokauppa\\\/renkaat\\\/ulkorenkaat\\\/kaupunki-ja-hybridirenkaat\\\/continental-ride-tour-32-622\\\/#primaryimage\",\"url\":\"https:\\\/\\\/vmsport.fi\\\/wp-content\\\/uploads\\\/2025\\\/03\\\/ride-tour-2-1.jpg\",\"contentUrl\":\"https:\\\/\\\/vmsport.fi\\\/wp-content\\\/uploads\\\/2025\\\/03\\\/ride-tour-2-1.jpg\",\"width\":1000,\"height\":1000,\"caption\":\"ride-tour-2\"},{\"@type\":\"BreadcrumbList\",\"@id\":\"https:\\\/\\\/vmsport.fi\\\/verkkokauppa\\\/renkaat\\\/ulkorenkaat\\\/kaupunki-ja-hybridirenkaat\\\/continental-ride-tour-32-622\\\/#breadcrumb\",\"itemListElement\":[{\"@type\":\"ListItem\",\"position\":1,\"name\":\"Etusivu\",\"item\":\"https:\\\/\\\/vmsport.fi\\\/\"},{\"@type\":\"ListItem\",\"position\":2,\"name\":\"Online Store\",\"item\":\"https:\\\/\\\/vmsport.fi\\\/en\\\/online-store\\\/\"},{\"@type\":\"ListItem\",\"position\":3,\"name\":\"CONTINENTAL Ride Tour 32-622\"}]},{\"@type\":\"WebSite\",\"@id\":\"https:\\\/\\\/vmsport.fi\\\/#website\",\"url\":\"https:\\\/\\\/vmsport.fi\\\/\",\"name\":\"Vmsport\",\"description\":\"Kaikki py\u00f6r\u00e4ilyyn yhdest\u00e4 paikasta\",\"publisher\":{\"@id\":\"https:\\\/\\\/vmsport.fi\\\/#organization\"},\"potentialAction\":[{\"@type\":\"SearchAction\",\"target\":{\"@type\":\"EntryPoint\",\"urlTemplate\":\"https:\\\/\\\/vmsport.fi\\\/?s={search_term_string}\"},\"query-input\":{\"@type\":\"PropertyValueSpecification\",\"valueRequired\":true,\"valueName\":\"search_term_string\"}}],\"inLanguage\":\"sv-SE\"},{\"@type\":\"Organization\",\"@id\":\"https:\\\/\\\/vmsport.fi\\\/#organization\",\"name\":\"Vmsport\",\"url\":\"https:\\\/\\\/vmsport.fi\\\/\",\"logo\":{\"@type\":\"ImageObject\",\"inLanguage\":\"sv-SE\",\"@id\":\"https:\\\/\\\/vmsport.fi\\\/#\\\/schema\\\/logo\\\/image\\\/\",\"url\":\"https:\\\/\\\/vmsport.fi\\\/wp-content\\\/uploads\\\/2024\\\/12\\\/vm_sport_RGB_horisontal-e1734526017575.png\",\"contentUrl\":\"https:\\\/\\\/vmsport.fi\\\/wp-content\\\/uploads\\\/2024\\\/12\\\/vm_sport_RGB_horisontal-e1734526017575.png\",\"width\":668,\"height\":85,\"caption\":\"Vmsport\"},\"image\":{\"@id\":\"https:\\\/\\\/vmsport.fi\\\/#\\\/schema\\\/logo\\\/image\\\/\"},\"sameAs\":[\"https:\\\/\\\/www.facebook.com\\\/Vmsport.fi\\\/\",\"https:\\\/\\\/www.instagram.com\\\/vmsport\\\/\"]}]}<\/script>\n<!-- \/ Yoast SEO plugin. -->","yoast_head_json":{"title":"CONTINENTAL Ride Tour 32-622 - VM Sport","robots":{"index":"index","follow":"follow","max-snippet":"max-snippet:-1","max-image-preview":"max-image-preview:large","max-video-preview":"max-video-preview:-1"},"canonical":"https:\/\/vmsport.fi\/sv\/webbutik\/dack\/dack-for-utomhusbruk\/stads-och-hybriddack\/kontinentala-akturer-32-622\/","og_locale":"sv_SE","og_type":"article","og_title":"CONTINENTAL Ride Tour 32-622 - VM Sport","og_description":"CONTINENTAL Ride Tour 32-622 -rengas on erinomainen valinta sek\u00e4 retkille ett\u00e4 p\u00e4ivitt\u00e4iseen ajoon. Sen monipuolinen suunnittelu takaa loistavan suorituskyvyn sek\u00e4 pitkille matkoille ett\u00e4 ty\u00f6matkoille. Rengas on suunniteltu kest\u00e4m\u00e4\u00e4n erilaisia tienpintoja, mik\u00e4 tarjoaa luotettavuutta vaihtelevissa ajo-olosuhteissa. Optimoitu kulutuspinta varmistaa vakaan pidon ja tasapainoisen ajon. Lis\u00e4ksi mukavuuteen on kiinnitetty erityist\u00e4 huomiota suunnittelussa, mik\u00e4 v\u00e4hent\u00e4\u00e4 t\u00e4rin\u00e4\u00e4 ja vaimentaa [...]L\u00e4s mer \u2026 from CONTINENTAL Ride Tour 32-622","og_url":"https:\/\/vmsport.fi\/sv\/webbutik\/dack\/dack-for-utomhusbruk\/stads-och-hybriddack\/kontinentala-akturer-32-622\/","og_site_name":"VM Sport","article_publisher":"https:\/\/www.facebook.com\/Vmsport.fi\/","article_modified_time":"2026-04-01T12:40:41+00:00","og_image":[{"width":1000,"height":1000,"url":"https:\/\/vmsport.fi\/wp-content\/uploads\/2025\/03\/ride-tour-2-1.jpg","type":"image\/jpeg"}],"twitter_card":"summary_large_image","schema":{"@context":"https:\/\/schema.org","@graph":[{"@type":["WebPage","ItemPage"],"@id":"https:\/\/vmsport.fi\/verkkokauppa\/renkaat\/ulkorenkaat\/kaupunki-ja-hybridirenkaat\/continental-ride-tour-32-622\/","url":"https:\/\/vmsport.fi\/verkkokauppa\/renkaat\/ulkorenkaat\/kaupunki-ja-hybridirenkaat\/continental-ride-tour-32-622\/","name":"CONTINENTAL Ride Tour 32-622 - VM Sport","isPartOf":{"@id":"https:\/\/vmsport.fi\/#website"},"primaryImageOfPage":{"@id":"https:\/\/vmsport.fi\/verkkokauppa\/renkaat\/ulkorenkaat\/kaupunki-ja-hybridirenkaat\/continental-ride-tour-32-622\/#primaryimage"},"image":{"@id":"https:\/\/vmsport.fi\/verkkokauppa\/renkaat\/ulkorenkaat\/kaupunki-ja-hybridirenkaat\/continental-ride-tour-32-622\/#primaryimage"},"thumbnailUrl":"https:\/\/vmsport.fi\/wp-content\/uploads\/2025\/03\/ride-tour-2-1.jpg","datePublished":"2025-03-05T22:06:19+00:00","dateModified":"2026-04-01T12:40:41+00:00","breadcrumb":{"@id":"https:\/\/vmsport.fi\/verkkokauppa\/renkaat\/ulkorenkaat\/kaupunki-ja-hybridirenkaat\/continental-ride-tour-32-622\/#breadcrumb"},"inLanguage":"sv-SE","potentialAction":[{"@type":"ReadAction","target":["https:\/\/vmsport.fi\/verkkokauppa\/renkaat\/ulkorenkaat\/kaupunki-ja-hybridirenkaat\/continental-ride-tour-32-622\/"]}]},{"@type":"ImageObject","inLanguage":"sv-SE","@id":"https:\/\/vmsport.fi\/verkkokauppa\/renkaat\/ulkorenkaat\/kaupunki-ja-hybridirenkaat\/continental-ride-tour-32-622\/#primaryimage","url":"https:\/\/vmsport.fi\/wp-content\/uploads\/2025\/03\/ride-tour-2-1.jpg","contentUrl":"https:\/\/vmsport.fi\/wp-content\/uploads\/2025\/03\/ride-tour-2-1.jpg","width":1000,"height":1000,"caption":"ride-tour-2"},{"@type":"BreadcrumbList","@id":"https:\/\/vmsport.fi\/verkkokauppa\/renkaat\/ulkorenkaat\/kaupunki-ja-hybridirenkaat\/continental-ride-tour-32-622\/#breadcrumb","itemListElement":[{"@type":"ListItem","position":1,"name":"Etusivu","item":"https:\/\/vmsport.fi\/"},{"@type":"ListItem","position":2,"name":"Online Store","item":"https:\/\/vmsport.fi\/en\/online-store\/"},{"@type":"ListItem","position":3,"name":"CONTINENTAL Ride Tour 32-622"}]},{"@type":"WebSite","@id":"https:\/\/vmsport.fi\/#website","url":"https:\/\/vmsport.fi\/","name":"Vmsport","description":"Allt p\u00e5 ett st\u00e4lle f\u00f6r cykling","publisher":{"@id":"https:\/\/vmsport.fi\/#organization"},"potentialAction":[{"@type":"SearchAction","target":{"@type":"EntryPoint","urlTemplate":"https:\/\/vmsport.fi\/?s={search_term_string}"},"query-input":{"@type":"PropertyValueSpecification","valueRequired":true,"valueName":"search_term_string"}}],"inLanguage":"sv-SE"},{"@type":"Organization","@id":"https:\/\/vmsport.fi\/#organization","name":"Vmsport","url":"https:\/\/vmsport.fi\/","logo":{"@type":"ImageObject","inLanguage":"sv-SE","@id":"https:\/\/vmsport.fi\/#\/schema\/logo\/image\/","url":"https:\/\/vmsport.fi\/wp-content\/uploads\/2024\/12\/vm_sport_RGB_horisontal-e1734526017575.png","contentUrl":"https:\/\/vmsport.fi\/wp-content\/uploads\/2024\/12\/vm_sport_RGB_horisontal-e1734526017575.png","width":668,"height":85,"caption":"Vmsport"},"image":{"@id":"https:\/\/vmsport.fi\/#\/schema\/logo\/image\/"},"sameAs":["https:\/\/www.facebook.com\/Vmsport.fi\/","https:\/\/www.instagram.com\/vmsport\/"]}]}},"global_unique_id":"","_links":{"self":[{"href":"https:\/\/vmsport.fi\/sv\/wp-json\/wp\/v2\/product\/55413","targetHints":{"allow":["GET"]}}],"collection":[{"href":"https:\/\/vmsport.fi\/sv\/wp-json\/wp\/v2\/product"}],"about":[{"href":"https:\/\/vmsport.fi\/sv\/wp-json\/wp\/v2\/types\/product"}],"replies":[{"embeddable":true,"href":"https:\/\/vmsport.fi\/sv\/wp-json\/wp\/v2\/comments?post=55413"}],"wp:featuredmedia":[{"embeddable":true,"href":"https:\/\/vmsport.fi\/sv\/wp-json\/wp\/v2\/media\/55412"}],"wp:attachment":[{"href":"https:\/\/vmsport.fi\/sv\/wp-json\/wp\/v2\/media?parent=55413"}],"wp:term":[{"taxonomy":"product_brand","embeddable":true,"href":"https:\/\/vmsport.fi\/sv\/wp-json\/wp\/v2\/product_brand?post=55413"},{"taxonomy":"product_model","embeddable":true,"href":"https:\/\/vmsport.fi\/sv\/wp-json\/wp\/v2\/product_model?post=55413"},{"taxonomy":"product_cat","embeddable":true,"href":"https:\/\/vmsport.fi\/sv\/wp-json\/wp\/v2\/product_cat?post=55413"},{"taxonomy":"product_tag","embeddable":true,"href":"https:\/\/vmsport.fi\/sv\/wp-json\/wp\/v2\/product_tag?post=55413"},{"taxonomy":"industry_terminology","embeddable":true,"href":"https:\/\/vmsport.fi\/sv\/wp-json\/wp\/v2\/industry-terminology?post=55413"}],"curies":[{"name":"wp","href":"https:\/\/api.w.org\/{rel}","templated":true}]}}