{"id":55402,"date":"2025-03-06T00:06:15","date_gmt":"2025-03-05T22:06:15","guid":{"rendered":"https:\/\/vmsport.fi\/verkkokauppa\/Ei-luokiteltu\/jarrupala-trek-db01-pala\/"},"modified":"2026-04-22T15:01:04","modified_gmt":"2026-04-22T12:01:04","slug":"bromssko-trek-db01-sko","status":"publish","type":"product","link":"https:\/\/vmsport.fi\/sv\/verkkokauppa\/varaosat\/jarrut\/jarrupalat\/jarrupala-trek-db01-pala\/","title":{"rendered":"Bromsbel\u00e4gg Trek DB01 stycke"},"content":{"rendered":"<p>Trek DB01-bromsbel\u00e4gget \u00e4r en komponent som \u00e4r s\u00e4rskilt utformad f\u00f6r cykling och passar perfekt till skivbromssystem. Bromsbel\u00e4gget ger en utm\u00e4rkt bromsf\u00f6rm\u00e5ga och \u00f6kar s\u00e4kerheten och kontrollen under cykelturen. Den slitstarka konstruktionen ger en l\u00e5ng livsl\u00e4ngd, s\u00e5 att du kan lita p\u00e5 den utan behov av st\u00e4ndigt underh\u00e5ll. Det h\u00e4r \u00e4r ett utm\u00e4rkt val f\u00f6r alla som v\u00e4rdes\u00e4tter tillf\u00f6rlitlighet och topprestanda i sin cykelutrustning.<\/p>","protected":false},"excerpt":{"rendered":"<p>Trek DB01 -jarrupala on erityisesti py\u00f6r\u00e4ilyyn suunniteltu komponentti, joka sopii t\u00e4ydellisesti levyjarruj\u00e4rjestelmiin. T\u00e4m\u00e4 jarrupala takaa erinomaiset pys\u00e4htymisominaisuudet, mik\u00e4 lis\u00e4\u00e4 turvallisuutta ja hallittavuutta ajosi aikana. Sen kest\u00e4v\u00e4 rakenne varmistaa pitk\u00e4n k\u00e4ytt\u00f6i\u00e4n, joten voit luottaa siihen ilman jatkuvaa huoltotarvetta. T\u00e4m\u00e4 on erinomainen valinta kaikille, jotka arvostavat py\u00f6r\u00e4ilyvarusteissaan luotettavuutta ja huippusuorituskyky\u00e4. [&#8230;]<\/p>\n<p><a class=\"btn btn-secondary understrap-read-more-link\" href=\"https:\/\/vmsport.fi\/sv\/verkkokauppa\/varaosat\/jarrut\/jarrupalat\/jarrupala-trek-db01-pala\/\">L\u00e4s mer \u2026<span class=\"screen-reader-text\"> from Jarrupala Trek DB01 pala<\/span><\/a><\/p>\n","protected":false},"featured_media":55401,"comment_status":"open","ping_status":"closed","template":"","meta":{"_acf_changed":false,"_improvement_type_select":"improve_an_existing","_thumb_yes_seoaic":false,"_frame_yes_seoaic":false,"seoaic_generate_description":"","seoaic_improve_instructions_prompt":"","seoaic_rollback_content_improvement":"","seoaic_idea_thumbnail_generator":"","thumbnail_generated":false,"thumbnail_generate_prompt":"","seoaic_article_description":"","_supplier_stock_quantity":0},"product_brand":[37],"product_model":[],"product_cat":[9288],"product_tag":[],"industry-terminology":[],"class_list":{"0":"post-55402","1":"product","2":"type-product","3":"status-publish","4":"has-post-thumbnail","6":"product_brand-trek","7":"product_cat-jarrupalat","9":"first","10":"outofstock","11":"taxable","12":"shipping-taxable","13":"product-type-simple"},"acf":{"bike_features":null,"overview":{"copy_overview":null,"key_features":null,"statement":"","youtube_url":""}},"yoast_head":"<!-- This site is optimized with the Yoast SEO plugin v27.4 - https:\/\/yoast.com\/product\/yoast-seo-wordpress\/ -->\n<title>Jarrupala Trek DB01 pala - VM Sport<\/title>\n<meta name=\"robots\" content=\"index, follow, max-snippet:-1, max-image-preview:large, max-video-preview:-1\" \/>\n<link rel=\"canonical\" href=\"https:\/\/vmsport.fi\/sv\/webbutik\/reservdelar\/bromsar\/bromsbelagg\/bromssko-trek-db01-sko\/\" \/>\n<meta property=\"og:locale\" content=\"sv_SE\" \/>\n<meta property=\"og:type\" content=\"article\" \/>\n<meta property=\"og:title\" content=\"Jarrupala Trek DB01 pala - VM Sport\" \/>\n<meta property=\"og:description\" content=\"Trek DB01 -jarrupala on erityisesti py\u00f6r\u00e4ilyyn suunniteltu komponentti, joka sopii t\u00e4ydellisesti levyjarruj\u00e4rjestelmiin. T\u00e4m\u00e4 jarrupala takaa erinomaiset pys\u00e4htymisominaisuudet, mik\u00e4 lis\u00e4\u00e4 turvallisuutta ja hallittavuutta ajosi aikana. Sen kest\u00e4v\u00e4 rakenne varmistaa pitk\u00e4n k\u00e4ytt\u00f6i\u00e4n, joten voit luottaa siihen ilman jatkuvaa huoltotarvetta. T\u00e4m\u00e4 on erinomainen valinta kaikille, jotka arvostavat py\u00f6r\u00e4ilyvarusteissaan luotettavuutta ja huippusuorituskyky\u00e4. [...]L\u00e4s mer \u2026 from Jarrupala Trek DB01 pala\" \/>\n<meta property=\"og:url\" content=\"https:\/\/vmsport.fi\/sv\/webbutik\/reservdelar\/bromsar\/bromsbelagg\/bromssko-trek-db01-sko\/\" \/>\n<meta property=\"og:site_name\" content=\"VM Sport\" \/>\n<meta property=\"article:publisher\" content=\"https:\/\/www.facebook.com\/Vmsport.fi\/\" \/>\n<meta property=\"article:modified_time\" content=\"2026-04-22T12:01:04+00:00\" \/>\n<meta property=\"og:image\" content=\"https:\/\/vmsport.fi\/wp-content\/uploads\/2025\/03\/TpmdtTjFEYNkwcQiPGPl2HjFb37ZRIdtqOZpqyb9jZqRUNvwsL-1.jpg\" \/>\n\t<meta property=\"og:image:width\" content=\"1000\" \/>\n\t<meta property=\"og:image:height\" content=\"269\" \/>\n\t<meta property=\"og:image:type\" content=\"image\/jpeg\" \/>\n<meta name=\"twitter:card\" content=\"summary_large_image\" \/>\n<script type=\"application\/ld+json\" class=\"yoast-schema-graph\">{\"@context\":\"https:\\\/\\\/schema.org\",\"@graph\":[{\"@type\":[\"WebPage\",\"ItemPage\"],\"@id\":\"https:\\\/\\\/vmsport.fi\\\/verkkokauppa\\\/varaosat\\\/jarrut\\\/jarrupalat\\\/jarrupala-trek-db01-pala\\\/\",\"url\":\"https:\\\/\\\/vmsport.fi\\\/verkkokauppa\\\/varaosat\\\/jarrut\\\/jarrupalat\\\/jarrupala-trek-db01-pala\\\/\",\"name\":\"Jarrupala Trek DB01 pala - VM Sport\",\"isPartOf\":{\"@id\":\"https:\\\/\\\/vmsport.fi\\\/#website\"},\"primaryImageOfPage\":{\"@id\":\"https:\\\/\\\/vmsport.fi\\\/verkkokauppa\\\/varaosat\\\/jarrut\\\/jarrupalat\\\/jarrupala-trek-db01-pala\\\/#primaryimage\"},\"image\":{\"@id\":\"https:\\\/\\\/vmsport.fi\\\/verkkokauppa\\\/varaosat\\\/jarrut\\\/jarrupalat\\\/jarrupala-trek-db01-pala\\\/#primaryimage\"},\"thumbnailUrl\":\"https:\\\/\\\/vmsport.fi\\\/wp-content\\\/uploads\\\/2025\\\/03\\\/TpmdtTjFEYNkwcQiPGPl2HjFb37ZRIdtqOZpqyb9jZqRUNvwsL-1.jpg\",\"datePublished\":\"2025-03-05T22:06:15+00:00\",\"dateModified\":\"2026-04-22T12:01:04+00:00\",\"breadcrumb\":{\"@id\":\"https:\\\/\\\/vmsport.fi\\\/verkkokauppa\\\/varaosat\\\/jarrut\\\/jarrupalat\\\/jarrupala-trek-db01-pala\\\/#breadcrumb\"},\"inLanguage\":\"sv-SE\",\"potentialAction\":[{\"@type\":\"ReadAction\",\"target\":[\"https:\\\/\\\/vmsport.fi\\\/verkkokauppa\\\/varaosat\\\/jarrut\\\/jarrupalat\\\/jarrupala-trek-db01-pala\\\/\"]}]},{\"@type\":\"ImageObject\",\"inLanguage\":\"sv-SE\",\"@id\":\"https:\\\/\\\/vmsport.fi\\\/verkkokauppa\\\/varaosat\\\/jarrut\\\/jarrupalat\\\/jarrupala-trek-db01-pala\\\/#primaryimage\",\"url\":\"https:\\\/\\\/vmsport.fi\\\/wp-content\\\/uploads\\\/2025\\\/03\\\/TpmdtTjFEYNkwcQiPGPl2HjFb37ZRIdtqOZpqyb9jZqRUNvwsL-1.jpg\",\"contentUrl\":\"https:\\\/\\\/vmsport.fi\\\/wp-content\\\/uploads\\\/2025\\\/03\\\/TpmdtTjFEYNkwcQiPGPl2HjFb37ZRIdtqOZpqyb9jZqRUNvwsL-1.jpg\",\"width\":1000,\"height\":269,\"caption\":\"TpmdtTjFEYNkwcQiPGPl2HjFb37ZRIdtqOZpqyb9jZqRUNvwsL\"},{\"@type\":\"BreadcrumbList\",\"@id\":\"https:\\\/\\\/vmsport.fi\\\/verkkokauppa\\\/varaosat\\\/jarrut\\\/jarrupalat\\\/jarrupala-trek-db01-pala\\\/#breadcrumb\",\"itemListElement\":[{\"@type\":\"ListItem\",\"position\":1,\"name\":\"Etusivu\",\"item\":\"https:\\\/\\\/vmsport.fi\\\/\"},{\"@type\":\"ListItem\",\"position\":2,\"name\":\"Online Store\",\"item\":\"https:\\\/\\\/vmsport.fi\\\/en\\\/online-store\\\/\"},{\"@type\":\"ListItem\",\"position\":3,\"name\":\"Trek polkupy\u00f6r\u00e4t\",\"item\":\"https:\\\/\\\/vmsport.fi\\\/sv\\\/merkki\\\/trek\\\/\"},{\"@type\":\"ListItem\",\"position\":4,\"name\":\"Jarrupala Trek DB01 pala\"}]},{\"@type\":\"WebSite\",\"@id\":\"https:\\\/\\\/vmsport.fi\\\/#website\",\"url\":\"https:\\\/\\\/vmsport.fi\\\/\",\"name\":\"Vmsport\",\"description\":\"Kaikki py\u00f6r\u00e4ilyyn yhdest\u00e4 paikasta\",\"publisher\":{\"@id\":\"https:\\\/\\\/vmsport.fi\\\/#organization\"},\"potentialAction\":[{\"@type\":\"SearchAction\",\"target\":{\"@type\":\"EntryPoint\",\"urlTemplate\":\"https:\\\/\\\/vmsport.fi\\\/?s={search_term_string}\"},\"query-input\":{\"@type\":\"PropertyValueSpecification\",\"valueRequired\":true,\"valueName\":\"search_term_string\"}}],\"inLanguage\":\"sv-SE\"},{\"@type\":\"Organization\",\"@id\":\"https:\\\/\\\/vmsport.fi\\\/#organization\",\"name\":\"Vmsport\",\"url\":\"https:\\\/\\\/vmsport.fi\\\/\",\"logo\":{\"@type\":\"ImageObject\",\"inLanguage\":\"sv-SE\",\"@id\":\"https:\\\/\\\/vmsport.fi\\\/#\\\/schema\\\/logo\\\/image\\\/\",\"url\":\"https:\\\/\\\/vmsport.fi\\\/wp-content\\\/uploads\\\/2024\\\/12\\\/vm_sport_RGB_horisontal-e1734526017575.png\",\"contentUrl\":\"https:\\\/\\\/vmsport.fi\\\/wp-content\\\/uploads\\\/2024\\\/12\\\/vm_sport_RGB_horisontal-e1734526017575.png\",\"width\":668,\"height\":85,\"caption\":\"Vmsport\"},\"image\":{\"@id\":\"https:\\\/\\\/vmsport.fi\\\/#\\\/schema\\\/logo\\\/image\\\/\"},\"sameAs\":[\"https:\\\/\\\/www.facebook.com\\\/Vmsport.fi\\\/\",\"https:\\\/\\\/www.instagram.com\\\/vmsport\\\/\"]}]}<\/script>\n<!-- \/ Yoast SEO plugin. -->","yoast_head_json":{"title":"Bromsbel\u00e4gg Trek DB01 bit - VM Sport","robots":{"index":"index","follow":"follow","max-snippet":"max-snippet:-1","max-image-preview":"max-image-preview:large","max-video-preview":"max-video-preview:-1"},"canonical":"https:\/\/vmsport.fi\/sv\/webbutik\/reservdelar\/bromsar\/bromsbelagg\/bromssko-trek-db01-sko\/","og_locale":"sv_SE","og_type":"article","og_title":"Jarrupala Trek DB01 pala - VM Sport","og_description":"Trek DB01 -jarrupala on erityisesti py\u00f6r\u00e4ilyyn suunniteltu komponentti, joka sopii t\u00e4ydellisesti levyjarruj\u00e4rjestelmiin. T\u00e4m\u00e4 jarrupala takaa erinomaiset pys\u00e4htymisominaisuudet, mik\u00e4 lis\u00e4\u00e4 turvallisuutta ja hallittavuutta ajosi aikana. Sen kest\u00e4v\u00e4 rakenne varmistaa pitk\u00e4n k\u00e4ytt\u00f6i\u00e4n, joten voit luottaa siihen ilman jatkuvaa huoltotarvetta. T\u00e4m\u00e4 on erinomainen valinta kaikille, jotka arvostavat py\u00f6r\u00e4ilyvarusteissaan luotettavuutta ja huippusuorituskyky\u00e4. [...]L\u00e4s mer \u2026 from Jarrupala Trek DB01 pala","og_url":"https:\/\/vmsport.fi\/sv\/webbutik\/reservdelar\/bromsar\/bromsbelagg\/bromssko-trek-db01-sko\/","og_site_name":"VM Sport","article_publisher":"https:\/\/www.facebook.com\/Vmsport.fi\/","article_modified_time":"2026-04-22T12:01:04+00:00","og_image":[{"width":1000,"height":269,"url":"https:\/\/vmsport.fi\/wp-content\/uploads\/2025\/03\/TpmdtTjFEYNkwcQiPGPl2HjFb37ZRIdtqOZpqyb9jZqRUNvwsL-1.jpg","type":"image\/jpeg"}],"twitter_card":"summary_large_image","schema":{"@context":"https:\/\/schema.org","@graph":[{"@type":["WebPage","ItemPage"],"@id":"https:\/\/vmsport.fi\/verkkokauppa\/varaosat\/jarrut\/jarrupalat\/jarrupala-trek-db01-pala\/","url":"https:\/\/vmsport.fi\/verkkokauppa\/varaosat\/jarrut\/jarrupalat\/jarrupala-trek-db01-pala\/","name":"Bromsbel\u00e4gg Trek DB01 bit - VM Sport","isPartOf":{"@id":"https:\/\/vmsport.fi\/#website"},"primaryImageOfPage":{"@id":"https:\/\/vmsport.fi\/verkkokauppa\/varaosat\/jarrut\/jarrupalat\/jarrupala-trek-db01-pala\/#primaryimage"},"image":{"@id":"https:\/\/vmsport.fi\/verkkokauppa\/varaosat\/jarrut\/jarrupalat\/jarrupala-trek-db01-pala\/#primaryimage"},"thumbnailUrl":"https:\/\/vmsport.fi\/wp-content\/uploads\/2025\/03\/TpmdtTjFEYNkwcQiPGPl2HjFb37ZRIdtqOZpqyb9jZqRUNvwsL-1.jpg","datePublished":"2025-03-05T22:06:15+00:00","dateModified":"2026-04-22T12:01:04+00:00","breadcrumb":{"@id":"https:\/\/vmsport.fi\/verkkokauppa\/varaosat\/jarrut\/jarrupalat\/jarrupala-trek-db01-pala\/#breadcrumb"},"inLanguage":"sv-SE","potentialAction":[{"@type":"ReadAction","target":["https:\/\/vmsport.fi\/verkkokauppa\/varaosat\/jarrut\/jarrupalat\/jarrupala-trek-db01-pala\/"]}]},{"@type":"ImageObject","inLanguage":"sv-SE","@id":"https:\/\/vmsport.fi\/verkkokauppa\/varaosat\/jarrut\/jarrupalat\/jarrupala-trek-db01-pala\/#primaryimage","url":"https:\/\/vmsport.fi\/wp-content\/uploads\/2025\/03\/TpmdtTjFEYNkwcQiPGPl2HjFb37ZRIdtqOZpqyb9jZqRUNvwsL-1.jpg","contentUrl":"https:\/\/vmsport.fi\/wp-content\/uploads\/2025\/03\/TpmdtTjFEYNkwcQiPGPl2HjFb37ZRIdtqOZpqyb9jZqRUNvwsL-1.jpg","width":1000,"height":269,"caption":"TpmdtTjFEYNkwcQiPGPl2HjFb37ZRIdtqOZpqyb9jZqRUNvwsL"},{"@type":"BreadcrumbList","@id":"https:\/\/vmsport.fi\/verkkokauppa\/varaosat\/jarrut\/jarrupalat\/jarrupala-trek-db01-pala\/#breadcrumb","itemListElement":[{"@type":"ListItem","position":1,"name":"Etusivu","item":"https:\/\/vmsport.fi\/"},{"@type":"ListItem","position":2,"name":"Online Store","item":"https:\/\/vmsport.fi\/en\/online-store\/"},{"@type":"ListItem","position":3,"name":"Trek polkupy\u00f6r\u00e4t","item":"https:\/\/vmsport.fi\/sv\/merkki\/trek\/"},{"@type":"ListItem","position":4,"name":"Jarrupala Trek DB01 pala"}]},{"@type":"WebSite","@id":"https:\/\/vmsport.fi\/#website","url":"https:\/\/vmsport.fi\/","name":"Vmsport","description":"Allt p\u00e5 ett st\u00e4lle f\u00f6r cykling","publisher":{"@id":"https:\/\/vmsport.fi\/#organization"},"potentialAction":[{"@type":"SearchAction","target":{"@type":"EntryPoint","urlTemplate":"https:\/\/vmsport.fi\/?s={search_term_string}"},"query-input":{"@type":"PropertyValueSpecification","valueRequired":true,"valueName":"search_term_string"}}],"inLanguage":"sv-SE"},{"@type":"Organization","@id":"https:\/\/vmsport.fi\/#organization","name":"Vmsport","url":"https:\/\/vmsport.fi\/","logo":{"@type":"ImageObject","inLanguage":"sv-SE","@id":"https:\/\/vmsport.fi\/#\/schema\/logo\/image\/","url":"https:\/\/vmsport.fi\/wp-content\/uploads\/2024\/12\/vm_sport_RGB_horisontal-e1734526017575.png","contentUrl":"https:\/\/vmsport.fi\/wp-content\/uploads\/2024\/12\/vm_sport_RGB_horisontal-e1734526017575.png","width":668,"height":85,"caption":"Vmsport"},"image":{"@id":"https:\/\/vmsport.fi\/#\/schema\/logo\/image\/"},"sameAs":["https:\/\/www.facebook.com\/Vmsport.fi\/","https:\/\/www.instagram.com\/vmsport\/"]}]}},"global_unique_id":"","_links":{"self":[{"href":"https:\/\/vmsport.fi\/sv\/wp-json\/wp\/v2\/product\/55402","targetHints":{"allow":["GET"]}}],"collection":[{"href":"https:\/\/vmsport.fi\/sv\/wp-json\/wp\/v2\/product"}],"about":[{"href":"https:\/\/vmsport.fi\/sv\/wp-json\/wp\/v2\/types\/product"}],"replies":[{"embeddable":true,"href":"https:\/\/vmsport.fi\/sv\/wp-json\/wp\/v2\/comments?post=55402"}],"wp:featuredmedia":[{"embeddable":true,"href":"https:\/\/vmsport.fi\/sv\/wp-json\/wp\/v2\/media\/55401"}],"wp:attachment":[{"href":"https:\/\/vmsport.fi\/sv\/wp-json\/wp\/v2\/media?parent=55402"}],"wp:term":[{"taxonomy":"product_brand","embeddable":true,"href":"https:\/\/vmsport.fi\/sv\/wp-json\/wp\/v2\/product_brand?post=55402"},{"taxonomy":"product_model","embeddable":true,"href":"https:\/\/vmsport.fi\/sv\/wp-json\/wp\/v2\/product_model?post=55402"},{"taxonomy":"product_cat","embeddable":true,"href":"https:\/\/vmsport.fi\/sv\/wp-json\/wp\/v2\/product_cat?post=55402"},{"taxonomy":"product_tag","embeddable":true,"href":"https:\/\/vmsport.fi\/sv\/wp-json\/wp\/v2\/product_tag?post=55402"},{"taxonomy":"industry_terminology","embeddable":true,"href":"https:\/\/vmsport.fi\/sv\/wp-json\/wp\/v2\/industry-terminology?post=55402"}],"curies":[{"name":"wp","href":"https:\/\/api.w.org\/{rel}","templated":true}]}}