{"id":55394,"date":"2025-03-06T00:06:10","date_gmt":"2025-03-05T22:06:10","guid":{"rendered":"https:\/\/vmsport.fi\/verkkokauppa\/Ei-luokiteltu\/bontrager-kovee-takakiekko-tlr-32-hole-29-6-bolt-disc-shimano-hg-8-9-10-speed\/"},"modified":"2026-01-16T13:21:08","modified_gmt":"2026-01-16T11:21:08","slug":"bontrager-kovee-takakiekko-tlr-32-hole-29-6-bolt-disc-shimano-hg-8-9-10-speed","status":"publish","type":"product","link":"https:\/\/vmsport.fi\/sv\/verkkokauppa\/varaosat\/kiekot-ja-navat\/takakiekot\/bontrager-kovee-takakiekko-tlr-32-hole-29-6-bolt-disc-shimano-hg-8-9-10-speed\/","title":{"rendered":"Bontrager Kovee bakre skivtallrik TLR 32 h\u00e5l 29\u2033 6-bultars skivtallrik Shimano HG 8\/9\/10 v\u00e4xlar"},"content":{"rendered":"<p>Bontrager Kovee -takakiekko on suunniteltu maastopy\u00f6r\u00e4ilyyn, yhdist\u00e4en kest\u00e4vyyden ja tyylikkyyden. T\u00e4m\u00e4 kiekko on yhteensopiva Shimano HG 8-, 9- ja 10-nopeusj\u00e4rjestelmien kanssa, mik\u00e4 takaa sen sopivuuden monenlaisiin vaihteistoihin. Tubeless Ready (TLR) -ominaisuus tekee renkaan asentamisesta helppoa ja v\u00e4hent\u00e4\u00e4 puhkeamisriski\u00e4, mik\u00e4 tekee siit\u00e4 erinomaisen valinnan haastaville maastoreiteille.<\/p>\n<p>32-puolainen rakenne lis\u00e4\u00e4 kest\u00e4vyytt\u00e4 ja vankkuutta, tehden siit\u00e4 erinomaisen intensiiviseen k\u00e4ytt\u00f6\u00f6n. Luotettava 6-pulttinen levyjarruj\u00e4rjestelm\u00e4 tarjoaa tehokasta jarrutustehoa ja on yhteensopiva useiden levyjarrutyyppien kanssa. Kiekon 29 tuuman halkaisija parantaa ajomukavuutta ja hallittavuutta, kun taas tyylik\u00e4s musta v\u00e4ri antaa modernin ilmeen, joka sulautuu saumattomasti erilaisten py\u00f6r\u00e4mallien kanssa.<\/p>","protected":false},"excerpt":{"rendered":"<p>Bontrager Kovee -takakiekko on suunniteltu maastopy\u00f6r\u00e4ilyyn, yhdist\u00e4en kest\u00e4vyyden ja tyylikkyyden. T\u00e4m\u00e4 kiekko on yhteensopiva Shimano HG 8-, 9- ja 10-nopeusj\u00e4rjestelmien kanssa, mik\u00e4 takaa sen sopivuuden monenlaisiin vaihteistoihin. Tubeless Ready (TLR) -ominaisuus tekee renkaan asentamisesta helppoa ja v\u00e4hent\u00e4\u00e4 puhkeamisriski\u00e4, mik\u00e4 tekee siit\u00e4 erinomaisen valinnan haastaville maastoreiteille. 32-puolainen rakenne lis\u00e4\u00e4 kest\u00e4vyytt\u00e4 ja vankkuutta, tehden siit\u00e4 erinomaisen intensiiviseen [&#8230;]<\/p>\n<p><a class=\"btn btn-secondary understrap-read-more-link\" href=\"https:\/\/vmsport.fi\/sv\/verkkokauppa\/varaosat\/kiekot-ja-navat\/takakiekot\/bontrager-kovee-takakiekko-tlr-32-hole-29-6-bolt-disc-shimano-hg-8-9-10-speed\/\">L\u00e4s mer \u2026<span class=\"screen-reader-text\"> from Bontrager Kovee Takakiekko TLR 32 Hole 29&#8243; 6-Bolt Disc Shimano HG 8\/9\/10-speed<\/span><\/a><\/p>\n","protected":false},"featured_media":55393,"comment_status":"open","ping_status":"closed","template":"","meta":{"_acf_changed":false,"_improvement_type_select":"improve_an_existing","_thumb_yes_seoaic":false,"_frame_yes_seoaic":false,"seoaic_generate_description":"","seoaic_improve_instructions_prompt":"","seoaic_rollback_content_improvement":"","seoaic_idea_thumbnail_generator":"","thumbnail_generated":false,"thumbnail_generate_prompt":"","seoaic_article_description":"","_supplier_stock_quantity":0},"product_brand":[],"product_model":[],"product_cat":[9486],"product_tag":[],"industry-terminology":[],"class_list":{"0":"post-55394","1":"product","2":"type-product","3":"status-publish","4":"has-post-thumbnail","6":"product_cat-takakiekot","8":"first","9":"outofstock","10":"taxable","11":"shipping-taxable","12":"product-type-simple"},"acf":{"bike_features":null,"overview":{"copy_overview":null,"key_features":null,"statement":"","youtube_url":""}},"yoast_head":"<!-- This site is optimized with the Yoast SEO plugin v27.3 - https:\/\/yoast.com\/product\/yoast-seo-wordpress\/ -->\n<title>Bontrager Kovee Takakiekko TLR 32 Hole 29&quot; 6-Bolt Disc Shimano HG 8\/9\/10-speed - VM Sport<\/title>\n<meta name=\"robots\" content=\"index, follow, max-snippet:-1, max-image-preview:large, max-video-preview:-1\" \/>\n<link rel=\"canonical\" href=\"https:\/\/vmsport.fi\/sv\/webbutik\/reservdelar\/skivor-och-nav\/bakgrund\/bontrager-kovee-takakiekko-tlr-32-hole-29-6-bolt-disc-shimano-hg-8-9-10-speed\/\" \/>\n<meta property=\"og:locale\" content=\"sv_SE\" \/>\n<meta property=\"og:type\" content=\"article\" \/>\n<meta property=\"og:title\" content=\"Bontrager Kovee Takakiekko TLR 32 Hole 29&quot; 6-Bolt Disc Shimano HG 8\/9\/10-speed - VM Sport\" \/>\n<meta property=\"og:description\" content=\"Bontrager Kovee -takakiekko on suunniteltu maastopy\u00f6r\u00e4ilyyn, yhdist\u00e4en kest\u00e4vyyden ja tyylikkyyden. T\u00e4m\u00e4 kiekko on yhteensopiva Shimano HG 8-, 9- ja 10-nopeusj\u00e4rjestelmien kanssa, mik\u00e4 takaa sen sopivuuden monenlaisiin vaihteistoihin. Tubeless Ready (TLR) -ominaisuus tekee renkaan asentamisesta helppoa ja v\u00e4hent\u00e4\u00e4 puhkeamisriski\u00e4, mik\u00e4 tekee siit\u00e4 erinomaisen valinnan haastaville maastoreiteille. 32-puolainen rakenne lis\u00e4\u00e4 kest\u00e4vyytt\u00e4 ja vankkuutta, tehden siit\u00e4 erinomaisen intensiiviseen [...]L\u00e4s mer \u2026 from Bontrager Kovee Takakiekko TLR 32 Hole 29&#8243; 6-Bolt Disc Shimano HG 8\/9\/10-speed\" \/>\n<meta property=\"og:url\" content=\"https:\/\/vmsport.fi\/sv\/webbutik\/reservdelar\/skivor-och-nav\/bakgrund\/bontrager-kovee-takakiekko-tlr-32-hole-29-6-bolt-disc-shimano-hg-8-9-10-speed\/\" \/>\n<meta property=\"og:site_name\" content=\"VM Sport\" \/>\n<meta property=\"article:publisher\" content=\"https:\/\/www.facebook.com\/Vmsport.fi\/\" \/>\n<meta property=\"article:modified_time\" content=\"2026-01-16T11:21:08+00:00\" \/>\n<meta property=\"og:image\" content=\"https:\/\/vmsport.fi\/wp-content\/uploads\/2025\/03\/BontragerKoveeTLR32Hole296BoltDiscMTBWheel-36043-B-Primary-1.jpg\" \/>\n\t<meta property=\"og:image:width\" content=\"1000\" \/>\n\t<meta property=\"og:image:height\" content=\"750\" \/>\n\t<meta property=\"og:image:type\" content=\"image\/jpeg\" \/>\n<meta name=\"twitter:card\" content=\"summary_large_image\" \/>\n<meta name=\"twitter:label1\" content=\"Ber\u00e4knad l\u00e4stid\" \/>\n\t<meta name=\"twitter:data1\" content=\"1 minut\" \/>\n<script type=\"application\/ld+json\" class=\"yoast-schema-graph\">{\"@context\":\"https:\\\/\\\/schema.org\",\"@graph\":[{\"@type\":[\"WebPage\",\"ItemPage\"],\"@id\":\"https:\\\/\\\/vmsport.fi\\\/verkkokauppa\\\/varaosat\\\/kiekot-ja-navat\\\/takakiekot\\\/bontrager-kovee-takakiekko-tlr-32-hole-29-6-bolt-disc-shimano-hg-8-9-10-speed\\\/\",\"url\":\"https:\\\/\\\/vmsport.fi\\\/verkkokauppa\\\/varaosat\\\/kiekot-ja-navat\\\/takakiekot\\\/bontrager-kovee-takakiekko-tlr-32-hole-29-6-bolt-disc-shimano-hg-8-9-10-speed\\\/\",\"name\":\"Bontrager Kovee Takakiekko TLR 32 Hole 29\\\" 6-Bolt Disc Shimano HG 8\\\/9\\\/10-speed - VM Sport\",\"isPartOf\":{\"@id\":\"https:\\\/\\\/vmsport.fi\\\/#website\"},\"primaryImageOfPage\":{\"@id\":\"https:\\\/\\\/vmsport.fi\\\/verkkokauppa\\\/varaosat\\\/kiekot-ja-navat\\\/takakiekot\\\/bontrager-kovee-takakiekko-tlr-32-hole-29-6-bolt-disc-shimano-hg-8-9-10-speed\\\/#primaryimage\"},\"image\":{\"@id\":\"https:\\\/\\\/vmsport.fi\\\/verkkokauppa\\\/varaosat\\\/kiekot-ja-navat\\\/takakiekot\\\/bontrager-kovee-takakiekko-tlr-32-hole-29-6-bolt-disc-shimano-hg-8-9-10-speed\\\/#primaryimage\"},\"thumbnailUrl\":\"https:\\\/\\\/vmsport.fi\\\/wp-content\\\/uploads\\\/2025\\\/03\\\/BontragerKoveeTLR32Hole296BoltDiscMTBWheel-36043-B-Primary-1.jpg\",\"datePublished\":\"2025-03-05T22:06:10+00:00\",\"dateModified\":\"2026-01-16T11:21:08+00:00\",\"breadcrumb\":{\"@id\":\"https:\\\/\\\/vmsport.fi\\\/verkkokauppa\\\/varaosat\\\/kiekot-ja-navat\\\/takakiekot\\\/bontrager-kovee-takakiekko-tlr-32-hole-29-6-bolt-disc-shimano-hg-8-9-10-speed\\\/#breadcrumb\"},\"inLanguage\":\"sv-SE\",\"potentialAction\":[{\"@type\":\"ReadAction\",\"target\":[\"https:\\\/\\\/vmsport.fi\\\/verkkokauppa\\\/varaosat\\\/kiekot-ja-navat\\\/takakiekot\\\/bontrager-kovee-takakiekko-tlr-32-hole-29-6-bolt-disc-shimano-hg-8-9-10-speed\\\/\"]}]},{\"@type\":\"ImageObject\",\"inLanguage\":\"sv-SE\",\"@id\":\"https:\\\/\\\/vmsport.fi\\\/verkkokauppa\\\/varaosat\\\/kiekot-ja-navat\\\/takakiekot\\\/bontrager-kovee-takakiekko-tlr-32-hole-29-6-bolt-disc-shimano-hg-8-9-10-speed\\\/#primaryimage\",\"url\":\"https:\\\/\\\/vmsport.fi\\\/wp-content\\\/uploads\\\/2025\\\/03\\\/BontragerKoveeTLR32Hole296BoltDiscMTBWheel-36043-B-Primary-1.jpg\",\"contentUrl\":\"https:\\\/\\\/vmsport.fi\\\/wp-content\\\/uploads\\\/2025\\\/03\\\/BontragerKoveeTLR32Hole296BoltDiscMTBWheel-36043-B-Primary-1.jpg\",\"width\":1000,\"height\":750,\"caption\":\"BontragerKoveeTLR32Hole296BoltDiscMTBWheel-36043-B-Primary\"},{\"@type\":\"BreadcrumbList\",\"@id\":\"https:\\\/\\\/vmsport.fi\\\/verkkokauppa\\\/varaosat\\\/kiekot-ja-navat\\\/takakiekot\\\/bontrager-kovee-takakiekko-tlr-32-hole-29-6-bolt-disc-shimano-hg-8-9-10-speed\\\/#breadcrumb\",\"itemListElement\":[{\"@type\":\"ListItem\",\"position\":1,\"name\":\"Etusivu\",\"item\":\"https:\\\/\\\/vmsport.fi\\\/\"},{\"@type\":\"ListItem\",\"position\":2,\"name\":\"Online Store\",\"item\":\"https:\\\/\\\/vmsport.fi\\\/en\\\/online-store\\\/\"},{\"@type\":\"ListItem\",\"position\":3,\"name\":\"Bontrager Kovee Takakiekko TLR 32 Hole 29&#8243; 6-Bolt Disc Shimano HG 8\\\/9\\\/10-speed\"}]},{\"@type\":\"WebSite\",\"@id\":\"https:\\\/\\\/vmsport.fi\\\/#website\",\"url\":\"https:\\\/\\\/vmsport.fi\\\/\",\"name\":\"Vmsport\",\"description\":\"Kaikki py\u00f6r\u00e4ilyyn yhdest\u00e4 paikasta\",\"publisher\":{\"@id\":\"https:\\\/\\\/vmsport.fi\\\/#organization\"},\"potentialAction\":[{\"@type\":\"SearchAction\",\"target\":{\"@type\":\"EntryPoint\",\"urlTemplate\":\"https:\\\/\\\/vmsport.fi\\\/?s={search_term_string}\"},\"query-input\":{\"@type\":\"PropertyValueSpecification\",\"valueRequired\":true,\"valueName\":\"search_term_string\"}}],\"inLanguage\":\"sv-SE\"},{\"@type\":\"Organization\",\"@id\":\"https:\\\/\\\/vmsport.fi\\\/#organization\",\"name\":\"Vmsport\",\"url\":\"https:\\\/\\\/vmsport.fi\\\/\",\"logo\":{\"@type\":\"ImageObject\",\"inLanguage\":\"sv-SE\",\"@id\":\"https:\\\/\\\/vmsport.fi\\\/#\\\/schema\\\/logo\\\/image\\\/\",\"url\":\"https:\\\/\\\/vmsport.fi\\\/wp-content\\\/uploads\\\/2024\\\/12\\\/vm_sport_RGB_horisontal-e1734526017575.png\",\"contentUrl\":\"https:\\\/\\\/vmsport.fi\\\/wp-content\\\/uploads\\\/2024\\\/12\\\/vm_sport_RGB_horisontal-e1734526017575.png\",\"width\":668,\"height\":85,\"caption\":\"Vmsport\"},\"image\":{\"@id\":\"https:\\\/\\\/vmsport.fi\\\/#\\\/schema\\\/logo\\\/image\\\/\"},\"sameAs\":[\"https:\\\/\\\/www.facebook.com\\\/Vmsport.fi\\\/\",\"https:\\\/\\\/www.instagram.com\\\/vmsport\\\/\"]}]}<\/script>\n<!-- \/ Yoast SEO plugin. -->","yoast_head_json":{"title":"Bontrager Kovee Takakiekko TLR 32 Hole 29\" 6-Bolt Disc Shimano HG 8\/9\/10-speed - VM Sport","robots":{"index":"index","follow":"follow","max-snippet":"max-snippet:-1","max-image-preview":"max-image-preview:large","max-video-preview":"max-video-preview:-1"},"canonical":"https:\/\/vmsport.fi\/sv\/webbutik\/reservdelar\/skivor-och-nav\/bakgrund\/bontrager-kovee-takakiekko-tlr-32-hole-29-6-bolt-disc-shimano-hg-8-9-10-speed\/","og_locale":"sv_SE","og_type":"article","og_title":"Bontrager Kovee Takakiekko TLR 32 Hole 29\" 6-Bolt Disc Shimano HG 8\/9\/10-speed - VM Sport","og_description":"Bontrager Kovee -takakiekko on suunniteltu maastopy\u00f6r\u00e4ilyyn, yhdist\u00e4en kest\u00e4vyyden ja tyylikkyyden. T\u00e4m\u00e4 kiekko on yhteensopiva Shimano HG 8-, 9- ja 10-nopeusj\u00e4rjestelmien kanssa, mik\u00e4 takaa sen sopivuuden monenlaisiin vaihteistoihin. Tubeless Ready (TLR) -ominaisuus tekee renkaan asentamisesta helppoa ja v\u00e4hent\u00e4\u00e4 puhkeamisriski\u00e4, mik\u00e4 tekee siit\u00e4 erinomaisen valinnan haastaville maastoreiteille. 32-puolainen rakenne lis\u00e4\u00e4 kest\u00e4vyytt\u00e4 ja vankkuutta, tehden siit\u00e4 erinomaisen intensiiviseen [...]L\u00e4s mer \u2026 from Bontrager Kovee Takakiekko TLR 32 Hole 29&#8243; 6-Bolt Disc Shimano HG 8\/9\/10-speed","og_url":"https:\/\/vmsport.fi\/sv\/webbutik\/reservdelar\/skivor-och-nav\/bakgrund\/bontrager-kovee-takakiekko-tlr-32-hole-29-6-bolt-disc-shimano-hg-8-9-10-speed\/","og_site_name":"VM Sport","article_publisher":"https:\/\/www.facebook.com\/Vmsport.fi\/","article_modified_time":"2026-01-16T11:21:08+00:00","og_image":[{"width":1000,"height":750,"url":"https:\/\/vmsport.fi\/wp-content\/uploads\/2025\/03\/BontragerKoveeTLR32Hole296BoltDiscMTBWheel-36043-B-Primary-1.jpg","type":"image\/jpeg"}],"twitter_card":"summary_large_image","twitter_misc":{"Ber\u00e4knad l\u00e4stid":"1 minut"},"schema":{"@context":"https:\/\/schema.org","@graph":[{"@type":["WebPage","ItemPage"],"@id":"https:\/\/vmsport.fi\/verkkokauppa\/varaosat\/kiekot-ja-navat\/takakiekot\/bontrager-kovee-takakiekko-tlr-32-hole-29-6-bolt-disc-shimano-hg-8-9-10-speed\/","url":"https:\/\/vmsport.fi\/verkkokauppa\/varaosat\/kiekot-ja-navat\/takakiekot\/bontrager-kovee-takakiekko-tlr-32-hole-29-6-bolt-disc-shimano-hg-8-9-10-speed\/","name":"Bontrager Kovee Takakiekko TLR 32 Hole 29\" 6-Bolt Disc Shimano HG 8\/9\/10-speed - VM Sport","isPartOf":{"@id":"https:\/\/vmsport.fi\/#website"},"primaryImageOfPage":{"@id":"https:\/\/vmsport.fi\/verkkokauppa\/varaosat\/kiekot-ja-navat\/takakiekot\/bontrager-kovee-takakiekko-tlr-32-hole-29-6-bolt-disc-shimano-hg-8-9-10-speed\/#primaryimage"},"image":{"@id":"https:\/\/vmsport.fi\/verkkokauppa\/varaosat\/kiekot-ja-navat\/takakiekot\/bontrager-kovee-takakiekko-tlr-32-hole-29-6-bolt-disc-shimano-hg-8-9-10-speed\/#primaryimage"},"thumbnailUrl":"https:\/\/vmsport.fi\/wp-content\/uploads\/2025\/03\/BontragerKoveeTLR32Hole296BoltDiscMTBWheel-36043-B-Primary-1.jpg","datePublished":"2025-03-05T22:06:10+00:00","dateModified":"2026-01-16T11:21:08+00:00","breadcrumb":{"@id":"https:\/\/vmsport.fi\/verkkokauppa\/varaosat\/kiekot-ja-navat\/takakiekot\/bontrager-kovee-takakiekko-tlr-32-hole-29-6-bolt-disc-shimano-hg-8-9-10-speed\/#breadcrumb"},"inLanguage":"sv-SE","potentialAction":[{"@type":"ReadAction","target":["https:\/\/vmsport.fi\/verkkokauppa\/varaosat\/kiekot-ja-navat\/takakiekot\/bontrager-kovee-takakiekko-tlr-32-hole-29-6-bolt-disc-shimano-hg-8-9-10-speed\/"]}]},{"@type":"ImageObject","inLanguage":"sv-SE","@id":"https:\/\/vmsport.fi\/verkkokauppa\/varaosat\/kiekot-ja-navat\/takakiekot\/bontrager-kovee-takakiekko-tlr-32-hole-29-6-bolt-disc-shimano-hg-8-9-10-speed\/#primaryimage","url":"https:\/\/vmsport.fi\/wp-content\/uploads\/2025\/03\/BontragerKoveeTLR32Hole296BoltDiscMTBWheel-36043-B-Primary-1.jpg","contentUrl":"https:\/\/vmsport.fi\/wp-content\/uploads\/2025\/03\/BontragerKoveeTLR32Hole296BoltDiscMTBWheel-36043-B-Primary-1.jpg","width":1000,"height":750,"caption":"BontragerKoveeTLR32Hole296BoltDiscMTBWheel-36043-B-Primary"},{"@type":"BreadcrumbList","@id":"https:\/\/vmsport.fi\/verkkokauppa\/varaosat\/kiekot-ja-navat\/takakiekot\/bontrager-kovee-takakiekko-tlr-32-hole-29-6-bolt-disc-shimano-hg-8-9-10-speed\/#breadcrumb","itemListElement":[{"@type":"ListItem","position":1,"name":"Etusivu","item":"https:\/\/vmsport.fi\/"},{"@type":"ListItem","position":2,"name":"Online Store","item":"https:\/\/vmsport.fi\/en\/online-store\/"},{"@type":"ListItem","position":3,"name":"Bontrager Kovee Takakiekko TLR 32 Hole 29&#8243; 6-Bolt Disc Shimano HG 8\/9\/10-speed"}]},{"@type":"WebSite","@id":"https:\/\/vmsport.fi\/#website","url":"https:\/\/vmsport.fi\/","name":"Vmsport","description":"Allt p\u00e5 ett st\u00e4lle f\u00f6r cykling","publisher":{"@id":"https:\/\/vmsport.fi\/#organization"},"potentialAction":[{"@type":"SearchAction","target":{"@type":"EntryPoint","urlTemplate":"https:\/\/vmsport.fi\/?s={search_term_string}"},"query-input":{"@type":"PropertyValueSpecification","valueRequired":true,"valueName":"search_term_string"}}],"inLanguage":"sv-SE"},{"@type":"Organization","@id":"https:\/\/vmsport.fi\/#organization","name":"Vmsport","url":"https:\/\/vmsport.fi\/","logo":{"@type":"ImageObject","inLanguage":"sv-SE","@id":"https:\/\/vmsport.fi\/#\/schema\/logo\/image\/","url":"https:\/\/vmsport.fi\/wp-content\/uploads\/2024\/12\/vm_sport_RGB_horisontal-e1734526017575.png","contentUrl":"https:\/\/vmsport.fi\/wp-content\/uploads\/2024\/12\/vm_sport_RGB_horisontal-e1734526017575.png","width":668,"height":85,"caption":"Vmsport"},"image":{"@id":"https:\/\/vmsport.fi\/#\/schema\/logo\/image\/"},"sameAs":["https:\/\/www.facebook.com\/Vmsport.fi\/","https:\/\/www.instagram.com\/vmsport\/"]}]}},"global_unique_id":"","_links":{"self":[{"href":"https:\/\/vmsport.fi\/sv\/wp-json\/wp\/v2\/product\/55394","targetHints":{"allow":["GET"]}}],"collection":[{"href":"https:\/\/vmsport.fi\/sv\/wp-json\/wp\/v2\/product"}],"about":[{"href":"https:\/\/vmsport.fi\/sv\/wp-json\/wp\/v2\/types\/product"}],"replies":[{"embeddable":true,"href":"https:\/\/vmsport.fi\/sv\/wp-json\/wp\/v2\/comments?post=55394"}],"wp:featuredmedia":[{"embeddable":true,"href":"https:\/\/vmsport.fi\/sv\/wp-json\/wp\/v2\/media\/55393"}],"wp:attachment":[{"href":"https:\/\/vmsport.fi\/sv\/wp-json\/wp\/v2\/media?parent=55394"}],"wp:term":[{"taxonomy":"product_brand","embeddable":true,"href":"https:\/\/vmsport.fi\/sv\/wp-json\/wp\/v2\/product_brand?post=55394"},{"taxonomy":"product_model","embeddable":true,"href":"https:\/\/vmsport.fi\/sv\/wp-json\/wp\/v2\/product_model?post=55394"},{"taxonomy":"product_cat","embeddable":true,"href":"https:\/\/vmsport.fi\/sv\/wp-json\/wp\/v2\/product_cat?post=55394"},{"taxonomy":"product_tag","embeddable":true,"href":"https:\/\/vmsport.fi\/sv\/wp-json\/wp\/v2\/product_tag?post=55394"},{"taxonomy":"industry_terminology","embeddable":true,"href":"https:\/\/vmsport.fi\/sv\/wp-json\/wp\/v2\/industry-terminology?post=55394"}],"curies":[{"name":"wp","href":"https:\/\/api.w.org\/{rel}","templated":true}]}}