{"id":55378,"date":"2025-03-06T00:05:56","date_gmt":"2025-03-05T22:05:56","guid":{"rendered":"https:\/\/vmsport.fi\/verkkokauppa\/Ei-luokiteltu\/sks-anywhere-without-topcage-black-o-80-250-mm\/"},"modified":"2026-01-16T13:20:59","modified_gmt":"2026-01-16T11:20:59","slug":"sks-anywhere-utan-topcage-svart-o-80-250-mm","status":"publish","type":"product","link":"https:\/\/vmsport.fi\/sv\/verkkokauppa\/tarvikkeet\/telineet\/pullotelineet\/sks-anywhere-without-topcage-black-o-80-250-mm\/","title":{"rendered":"SKS Anywhere utan Topcage Svart O 80-250 mm"},"content":{"rendered":"<p>SKS Anywhere-flaskh\u00e5llaradapter erbjuder en flexibel monteringsl\u00f6sning f\u00f6r cyklister vars cyklar inte har traditionella monteringsh\u00e5l. Tack vare de gummibelagda remmarna kan adaptern f\u00e4stas s\u00e4kert p\u00e5 slangar av olika storlek och form. Adaptern \u00e4r l\u00e4tt att ta bort och justera med kardborreband, vilket g\u00f6r den enkel att anv\u00e4nda. Den h\u00e4r svarta adaptern \u00e4r idealisk f\u00f6r att f\u00e4sta flaskburar n\u00e4r de \u00f6nskas som tillbeh\u00f6r. Den \u00e4r l\u00e4mplig f\u00f6r slangar med en diameter p\u00e5 50-80 mm. Den erbjuder d\u00e4rf\u00f6r en praktisk l\u00f6sning utan extra kr\u00e5ngel.<\/p>","protected":false},"excerpt":{"rendered":"<p>SKS Anywhere -pullotelineadapteri tarjoaa joustavan asennusratkaisun py\u00f6r\u00e4ilij\u00f6ille, joiden py\u00f6riss\u00e4 ei ole perinteisi\u00e4 kiinnitysreiki\u00e4. Kumip\u00e4\u00e4llysteisten hihnojen ansiosta adapteri kiinnittyy tukevasti erikokoisiin ja -muotoisiin putkiin. Adapteri on helposti irrotettava ja s\u00e4\u00e4dett\u00e4v\u00e4 tarrakiinnityksell\u00e4, mik\u00e4 tekee sen k\u00e4yt\u00f6st\u00e4 vaivatonta. T\u00e4m\u00e4 musta adapteri on ideaali pullotelineiden kiinnitt\u00e4miseen silloin, kun ne halutaan lis\u00e4varusteena. Se sopii putkille, joiden halkaisija on 50\u201380 mm. [&#8230;]<\/p>\n<p><a class=\"btn btn-secondary understrap-read-more-link\" href=\"https:\/\/vmsport.fi\/sv\/verkkokauppa\/tarvikkeet\/telineet\/pullotelineet\/sks-anywhere-without-topcage-black-o-80-250-mm\/\">L\u00e4s mer \u2026<span class=\"screen-reader-text\"> from SKS Anywhere without Topcage Black O 80-250 mm<\/span><\/a><\/p>\n","protected":false},"featured_media":55377,"comment_status":"open","ping_status":"closed","template":"","meta":{"_acf_changed":false,"_improvement_type_select":"improve_an_existing","_thumb_yes_seoaic":false,"_frame_yes_seoaic":false,"seoaic_generate_description":"","seoaic_improve_instructions_prompt":"","seoaic_rollback_content_improvement":"","seoaic_idea_thumbnail_generator":"","thumbnail_generated":false,"thumbnail_generate_prompt":"","seoaic_article_description":"","_supplier_stock_quantity":0},"product_brand":[1583],"product_model":[],"product_cat":[9344],"product_tag":[],"industry-terminology":[],"class_list":{"0":"post-55378","1":"product","2":"type-product","3":"status-publish","4":"has-post-thumbnail","6":"product_brand-sks-germany","7":"product_cat-pullotelineet","9":"first","10":"instock","11":"taxable","12":"shipping-taxable","13":"purchasable","14":"product-type-simple"},"acf":{"bike_features":null,"overview":{"copy_overview":null,"key_features":null,"statement":"","youtube_url":""}},"yoast_head":"<!-- This site is optimized with the Yoast SEO plugin v27.4 - https:\/\/yoast.com\/product\/yoast-seo-wordpress\/ -->\n<title>SKS Anywhere without Topcage Black O 80-250 mm - VM Sport<\/title>\n<meta name=\"robots\" content=\"index, follow, max-snippet:-1, max-image-preview:large, max-video-preview:-1\" \/>\n<link rel=\"canonical\" href=\"https:\/\/vmsport.fi\/sv\/webbutik\/tillbehor\/byggnadsstallningar\/flaskhallare\/sks-anywhere-utan-topcage-svart-o-80-250-mm\/\" \/>\n<meta property=\"og:locale\" content=\"sv_SE\" \/>\n<meta property=\"og:type\" content=\"article\" \/>\n<meta property=\"og:title\" content=\"SKS Anywhere without Topcage Black O 80-250 mm - VM Sport\" \/>\n<meta property=\"og:description\" content=\"SKS Anywhere -pullotelineadapteri tarjoaa joustavan asennusratkaisun py\u00f6r\u00e4ilij\u00f6ille, joiden py\u00f6riss\u00e4 ei ole perinteisi\u00e4 kiinnitysreiki\u00e4. Kumip\u00e4\u00e4llysteisten hihnojen ansiosta adapteri kiinnittyy tukevasti erikokoisiin ja -muotoisiin putkiin. Adapteri on helposti irrotettava ja s\u00e4\u00e4dett\u00e4v\u00e4 tarrakiinnityksell\u00e4, mik\u00e4 tekee sen k\u00e4yt\u00f6st\u00e4 vaivatonta. T\u00e4m\u00e4 musta adapteri on ideaali pullotelineiden kiinnitt\u00e4miseen silloin, kun ne halutaan lis\u00e4varusteena. Se sopii putkille, joiden halkaisija on 50\u201380 mm. [...]L\u00e4s mer \u2026 from SKS Anywhere without Topcage Black O 80-250 mm\" \/>\n<meta property=\"og:url\" content=\"https:\/\/vmsport.fi\/sv\/webbutik\/tillbehor\/byggnadsstallningar\/flaskhallare\/sks-anywhere-utan-topcage-svart-o-80-250-mm\/\" \/>\n<meta property=\"og:site_name\" content=\"VM Sport\" \/>\n<meta property=\"article:publisher\" content=\"https:\/\/www.facebook.com\/Vmsport.fi\/\" \/>\n<meta property=\"article:modified_time\" content=\"2026-01-16T11:20:59+00:00\" \/>\n<meta property=\"og:image\" content=\"https:\/\/vmsport.fi\/wp-content\/uploads\/2025\/03\/WfZs51LryrhqUwFGoeCDAuOPGtUWZVCBH4UKcNfGggpjrp1wpU-1.jpg\" \/>\n\t<meta property=\"og:image:width\" content=\"1000\" \/>\n\t<meta property=\"og:image:height\" content=\"1000\" \/>\n\t<meta property=\"og:image:type\" content=\"image\/jpeg\" \/>\n<meta name=\"twitter:card\" content=\"summary_large_image\" \/>\n<script type=\"application\/ld+json\" class=\"yoast-schema-graph\">{\"@context\":\"https:\\\/\\\/schema.org\",\"@graph\":[{\"@type\":[\"WebPage\",\"ItemPage\"],\"@id\":\"https:\\\/\\\/vmsport.fi\\\/verkkokauppa\\\/tarvikkeet\\\/telineet\\\/pullotelineet\\\/sks-anywhere-without-topcage-black-o-80-250-mm\\\/\",\"url\":\"https:\\\/\\\/vmsport.fi\\\/verkkokauppa\\\/tarvikkeet\\\/telineet\\\/pullotelineet\\\/sks-anywhere-without-topcage-black-o-80-250-mm\\\/\",\"name\":\"SKS Anywhere without Topcage Black O 80-250 mm - VM Sport\",\"isPartOf\":{\"@id\":\"https:\\\/\\\/vmsport.fi\\\/#website\"},\"primaryImageOfPage\":{\"@id\":\"https:\\\/\\\/vmsport.fi\\\/verkkokauppa\\\/tarvikkeet\\\/telineet\\\/pullotelineet\\\/sks-anywhere-without-topcage-black-o-80-250-mm\\\/#primaryimage\"},\"image\":{\"@id\":\"https:\\\/\\\/vmsport.fi\\\/verkkokauppa\\\/tarvikkeet\\\/telineet\\\/pullotelineet\\\/sks-anywhere-without-topcage-black-o-80-250-mm\\\/#primaryimage\"},\"thumbnailUrl\":\"https:\\\/\\\/vmsport.fi\\\/wp-content\\\/uploads\\\/2025\\\/03\\\/WfZs51LryrhqUwFGoeCDAuOPGtUWZVCBH4UKcNfGggpjrp1wpU-1.jpg\",\"datePublished\":\"2025-03-05T22:05:56+00:00\",\"dateModified\":\"2026-01-16T11:20:59+00:00\",\"breadcrumb\":{\"@id\":\"https:\\\/\\\/vmsport.fi\\\/verkkokauppa\\\/tarvikkeet\\\/telineet\\\/pullotelineet\\\/sks-anywhere-without-topcage-black-o-80-250-mm\\\/#breadcrumb\"},\"inLanguage\":\"sv-SE\",\"potentialAction\":[{\"@type\":\"ReadAction\",\"target\":[\"https:\\\/\\\/vmsport.fi\\\/verkkokauppa\\\/tarvikkeet\\\/telineet\\\/pullotelineet\\\/sks-anywhere-without-topcage-black-o-80-250-mm\\\/\"]}]},{\"@type\":\"ImageObject\",\"inLanguage\":\"sv-SE\",\"@id\":\"https:\\\/\\\/vmsport.fi\\\/verkkokauppa\\\/tarvikkeet\\\/telineet\\\/pullotelineet\\\/sks-anywhere-without-topcage-black-o-80-250-mm\\\/#primaryimage\",\"url\":\"https:\\\/\\\/vmsport.fi\\\/wp-content\\\/uploads\\\/2025\\\/03\\\/WfZs51LryrhqUwFGoeCDAuOPGtUWZVCBH4UKcNfGggpjrp1wpU-1.jpg\",\"contentUrl\":\"https:\\\/\\\/vmsport.fi\\\/wp-content\\\/uploads\\\/2025\\\/03\\\/WfZs51LryrhqUwFGoeCDAuOPGtUWZVCBH4UKcNfGggpjrp1wpU-1.jpg\",\"width\":1000,\"height\":1000,\"caption\":\"WfZs51LryrhqUwFGoeCDAuOPGtUWZVCBH4UKcNfGggpjrp1wpU\"},{\"@type\":\"BreadcrumbList\",\"@id\":\"https:\\\/\\\/vmsport.fi\\\/verkkokauppa\\\/tarvikkeet\\\/telineet\\\/pullotelineet\\\/sks-anywhere-without-topcage-black-o-80-250-mm\\\/#breadcrumb\",\"itemListElement\":[{\"@type\":\"ListItem\",\"position\":1,\"name\":\"Etusivu\",\"item\":\"https:\\\/\\\/vmsport.fi\\\/\"},{\"@type\":\"ListItem\",\"position\":2,\"name\":\"Online Store\",\"item\":\"https:\\\/\\\/vmsport.fi\\\/en\\\/online-store\\\/\"},{\"@type\":\"ListItem\",\"position\":3,\"name\":\"SKS Anywhere without Topcage Black O 80-250 mm\"}]},{\"@type\":\"WebSite\",\"@id\":\"https:\\\/\\\/vmsport.fi\\\/#website\",\"url\":\"https:\\\/\\\/vmsport.fi\\\/\",\"name\":\"Vmsport\",\"description\":\"Kaikki py\u00f6r\u00e4ilyyn yhdest\u00e4 paikasta\",\"publisher\":{\"@id\":\"https:\\\/\\\/vmsport.fi\\\/#organization\"},\"potentialAction\":[{\"@type\":\"SearchAction\",\"target\":{\"@type\":\"EntryPoint\",\"urlTemplate\":\"https:\\\/\\\/vmsport.fi\\\/?s={search_term_string}\"},\"query-input\":{\"@type\":\"PropertyValueSpecification\",\"valueRequired\":true,\"valueName\":\"search_term_string\"}}],\"inLanguage\":\"sv-SE\"},{\"@type\":\"Organization\",\"@id\":\"https:\\\/\\\/vmsport.fi\\\/#organization\",\"name\":\"Vmsport\",\"url\":\"https:\\\/\\\/vmsport.fi\\\/\",\"logo\":{\"@type\":\"ImageObject\",\"inLanguage\":\"sv-SE\",\"@id\":\"https:\\\/\\\/vmsport.fi\\\/#\\\/schema\\\/logo\\\/image\\\/\",\"url\":\"https:\\\/\\\/vmsport.fi\\\/wp-content\\\/uploads\\\/2024\\\/12\\\/vm_sport_RGB_horisontal-e1734526017575.png\",\"contentUrl\":\"https:\\\/\\\/vmsport.fi\\\/wp-content\\\/uploads\\\/2024\\\/12\\\/vm_sport_RGB_horisontal-e1734526017575.png\",\"width\":668,\"height\":85,\"caption\":\"Vmsport\"},\"image\":{\"@id\":\"https:\\\/\\\/vmsport.fi\\\/#\\\/schema\\\/logo\\\/image\\\/\"},\"sameAs\":[\"https:\\\/\\\/www.facebook.com\\\/Vmsport.fi\\\/\",\"https:\\\/\\\/www.instagram.com\\\/vmsport\\\/\"]}]}<\/script>\n<!-- \/ Yoast SEO plugin. -->","yoast_head_json":{"title":"SKS Anywhere utan toppk\u00e5pa Svart O 80-250 mm - VM Sport","robots":{"index":"index","follow":"follow","max-snippet":"max-snippet:-1","max-image-preview":"max-image-preview:large","max-video-preview":"max-video-preview:-1"},"canonical":"https:\/\/vmsport.fi\/sv\/webbutik\/tillbehor\/byggnadsstallningar\/flaskhallare\/sks-anywhere-utan-topcage-svart-o-80-250-mm\/","og_locale":"sv_SE","og_type":"article","og_title":"SKS Anywhere without Topcage Black O 80-250 mm - VM Sport","og_description":"SKS Anywhere -pullotelineadapteri tarjoaa joustavan asennusratkaisun py\u00f6r\u00e4ilij\u00f6ille, joiden py\u00f6riss\u00e4 ei ole perinteisi\u00e4 kiinnitysreiki\u00e4. Kumip\u00e4\u00e4llysteisten hihnojen ansiosta adapteri kiinnittyy tukevasti erikokoisiin ja -muotoisiin putkiin. Adapteri on helposti irrotettava ja s\u00e4\u00e4dett\u00e4v\u00e4 tarrakiinnityksell\u00e4, mik\u00e4 tekee sen k\u00e4yt\u00f6st\u00e4 vaivatonta. T\u00e4m\u00e4 musta adapteri on ideaali pullotelineiden kiinnitt\u00e4miseen silloin, kun ne halutaan lis\u00e4varusteena. Se sopii putkille, joiden halkaisija on 50\u201380 mm. [...]L\u00e4s mer \u2026 from SKS Anywhere without Topcage Black O 80-250 mm","og_url":"https:\/\/vmsport.fi\/sv\/webbutik\/tillbehor\/byggnadsstallningar\/flaskhallare\/sks-anywhere-utan-topcage-svart-o-80-250-mm\/","og_site_name":"VM Sport","article_publisher":"https:\/\/www.facebook.com\/Vmsport.fi\/","article_modified_time":"2026-01-16T11:20:59+00:00","og_image":[{"width":1000,"height":1000,"url":"https:\/\/vmsport.fi\/wp-content\/uploads\/2025\/03\/WfZs51LryrhqUwFGoeCDAuOPGtUWZVCBH4UKcNfGggpjrp1wpU-1.jpg","type":"image\/jpeg"}],"twitter_card":"summary_large_image","schema":{"@context":"https:\/\/schema.org","@graph":[{"@type":["WebPage","ItemPage"],"@id":"https:\/\/vmsport.fi\/verkkokauppa\/tarvikkeet\/telineet\/pullotelineet\/sks-anywhere-without-topcage-black-o-80-250-mm\/","url":"https:\/\/vmsport.fi\/verkkokauppa\/tarvikkeet\/telineet\/pullotelineet\/sks-anywhere-without-topcage-black-o-80-250-mm\/","name":"SKS Anywhere utan toppk\u00e5pa Svart O 80-250 mm - VM Sport","isPartOf":{"@id":"https:\/\/vmsport.fi\/#website"},"primaryImageOfPage":{"@id":"https:\/\/vmsport.fi\/verkkokauppa\/tarvikkeet\/telineet\/pullotelineet\/sks-anywhere-without-topcage-black-o-80-250-mm\/#primaryimage"},"image":{"@id":"https:\/\/vmsport.fi\/verkkokauppa\/tarvikkeet\/telineet\/pullotelineet\/sks-anywhere-without-topcage-black-o-80-250-mm\/#primaryimage"},"thumbnailUrl":"https:\/\/vmsport.fi\/wp-content\/uploads\/2025\/03\/WfZs51LryrhqUwFGoeCDAuOPGtUWZVCBH4UKcNfGggpjrp1wpU-1.jpg","datePublished":"2025-03-05T22:05:56+00:00","dateModified":"2026-01-16T11:20:59+00:00","breadcrumb":{"@id":"https:\/\/vmsport.fi\/verkkokauppa\/tarvikkeet\/telineet\/pullotelineet\/sks-anywhere-without-topcage-black-o-80-250-mm\/#breadcrumb"},"inLanguage":"sv-SE","potentialAction":[{"@type":"ReadAction","target":["https:\/\/vmsport.fi\/verkkokauppa\/tarvikkeet\/telineet\/pullotelineet\/sks-anywhere-without-topcage-black-o-80-250-mm\/"]}]},{"@type":"ImageObject","inLanguage":"sv-SE","@id":"https:\/\/vmsport.fi\/verkkokauppa\/tarvikkeet\/telineet\/pullotelineet\/sks-anywhere-without-topcage-black-o-80-250-mm\/#primaryimage","url":"https:\/\/vmsport.fi\/wp-content\/uploads\/2025\/03\/WfZs51LryrhqUwFGoeCDAuOPGtUWZVCBH4UKcNfGggpjrp1wpU-1.jpg","contentUrl":"https:\/\/vmsport.fi\/wp-content\/uploads\/2025\/03\/WfZs51LryrhqUwFGoeCDAuOPGtUWZVCBH4UKcNfGggpjrp1wpU-1.jpg","width":1000,"height":1000,"caption":"WfZs51LryrhqUwFGoeCDAuOPGtUWZVCBH4UKcNfGggpjrp1wpU"},{"@type":"BreadcrumbList","@id":"https:\/\/vmsport.fi\/verkkokauppa\/tarvikkeet\/telineet\/pullotelineet\/sks-anywhere-without-topcage-black-o-80-250-mm\/#breadcrumb","itemListElement":[{"@type":"ListItem","position":1,"name":"Etusivu","item":"https:\/\/vmsport.fi\/"},{"@type":"ListItem","position":2,"name":"Online Store","item":"https:\/\/vmsport.fi\/en\/online-store\/"},{"@type":"ListItem","position":3,"name":"SKS Anywhere without Topcage Black O 80-250 mm"}]},{"@type":"WebSite","@id":"https:\/\/vmsport.fi\/#website","url":"https:\/\/vmsport.fi\/","name":"Vmsport","description":"Allt p\u00e5 ett st\u00e4lle f\u00f6r cykling","publisher":{"@id":"https:\/\/vmsport.fi\/#organization"},"potentialAction":[{"@type":"SearchAction","target":{"@type":"EntryPoint","urlTemplate":"https:\/\/vmsport.fi\/?s={search_term_string}"},"query-input":{"@type":"PropertyValueSpecification","valueRequired":true,"valueName":"search_term_string"}}],"inLanguage":"sv-SE"},{"@type":"Organization","@id":"https:\/\/vmsport.fi\/#organization","name":"Vmsport","url":"https:\/\/vmsport.fi\/","logo":{"@type":"ImageObject","inLanguage":"sv-SE","@id":"https:\/\/vmsport.fi\/#\/schema\/logo\/image\/","url":"https:\/\/vmsport.fi\/wp-content\/uploads\/2024\/12\/vm_sport_RGB_horisontal-e1734526017575.png","contentUrl":"https:\/\/vmsport.fi\/wp-content\/uploads\/2024\/12\/vm_sport_RGB_horisontal-e1734526017575.png","width":668,"height":85,"caption":"Vmsport"},"image":{"@id":"https:\/\/vmsport.fi\/#\/schema\/logo\/image\/"},"sameAs":["https:\/\/www.facebook.com\/Vmsport.fi\/","https:\/\/www.instagram.com\/vmsport\/"]}]}},"global_unique_id":"","_links":{"self":[{"href":"https:\/\/vmsport.fi\/sv\/wp-json\/wp\/v2\/product\/55378","targetHints":{"allow":["GET"]}}],"collection":[{"href":"https:\/\/vmsport.fi\/sv\/wp-json\/wp\/v2\/product"}],"about":[{"href":"https:\/\/vmsport.fi\/sv\/wp-json\/wp\/v2\/types\/product"}],"replies":[{"embeddable":true,"href":"https:\/\/vmsport.fi\/sv\/wp-json\/wp\/v2\/comments?post=55378"}],"wp:featuredmedia":[{"embeddable":true,"href":"https:\/\/vmsport.fi\/sv\/wp-json\/wp\/v2\/media\/55377"}],"wp:attachment":[{"href":"https:\/\/vmsport.fi\/sv\/wp-json\/wp\/v2\/media?parent=55378"}],"wp:term":[{"taxonomy":"product_brand","embeddable":true,"href":"https:\/\/vmsport.fi\/sv\/wp-json\/wp\/v2\/product_brand?post=55378"},{"taxonomy":"product_model","embeddable":true,"href":"https:\/\/vmsport.fi\/sv\/wp-json\/wp\/v2\/product_model?post=55378"},{"taxonomy":"product_cat","embeddable":true,"href":"https:\/\/vmsport.fi\/sv\/wp-json\/wp\/v2\/product_cat?post=55378"},{"taxonomy":"product_tag","embeddable":true,"href":"https:\/\/vmsport.fi\/sv\/wp-json\/wp\/v2\/product_tag?post=55378"},{"taxonomy":"industry_terminology","embeddable":true,"href":"https:\/\/vmsport.fi\/sv\/wp-json\/wp\/v2\/industry-terminology?post=55378"}],"curies":[{"name":"wp","href":"https:\/\/api.w.org\/{rel}","templated":true}]}}