{"id":55363,"date":"2025-03-06T00:05:44","date_gmt":"2025-03-05T22:05:44","guid":{"rendered":"https:\/\/vmsport.fi\/verkkokauppa\/Ei-luokiteltu\/loffler-alushousut-pehmusteella-miesten\/"},"modified":"2026-01-29T02:00:13","modified_gmt":"2026-01-29T00:00:13","slug":"loffler-kalsonger-med-vaddering-for-man","status":"publish","type":"product","link":"https:\/\/vmsport.fi\/sv\/verkkokauppa\/ajovarusteet\/vaatteet\/shortsit\/loffler-alushousut-pehmusteella-miesten\/","title":{"rendered":"L\u00f6ffler kalsonger med vaddering Herr"},"content":{"rendered":"<p>L\u00f6fflers vadderade underbyxor f\u00f6r herrar \u00e4r designade f\u00f6r cykling och erbjuder komfort och skydd f\u00f6r b\u00e5de l\u00e5nga och korta resor. De \u00e4r tillverkade av 93 % polyamid och 7 % elastan, vilket g\u00f6r dem l\u00e4tta och andningsbara. De snabbtorkande egenskaperna f\u00f6rb\u00e4ttrar komforten under aktiv r\u00f6relse. Det smala elastiska midjebandet och de flexibla bensluten g\u00f6r att byxorna sitter p\u00e5 plats och ger god r\u00f6rlighet. Den slimmade designen ger en n\u00e4ra men bekv\u00e4m passform, medan de f\u00e4rgglada s\u00f6mmarna ger en touch av stil. Komforten f\u00f6rb\u00e4ttras av L\u00f6fflers Comfort-elastiska skumvaddering, som hj\u00e4lper till att f\u00f6rhindra domningar. Kalsongerna \u00e4r utformade f\u00f6r att b\u00e4ras direkt p\u00e5 bar hud f\u00f6r maximal effekt. Rekommenderad tv\u00e4ttemperatur \u00e4r 40 grader Celsius f\u00f6r att bevara materialets och vadderingens egenskaper s\u00e5 mycket som m\u00f6jligt.<\/p>","protected":false},"excerpt":{"rendered":"<p>L\u00f6fflerin miesten pehmustetut alushousut on suunniteltu erinomaisesti py\u00f6r\u00e4ilyyn ja tarjoavat mukavuutta ja suojaa sek\u00e4 pitkille ett\u00e4 lyhyille matkoille. Niiden materiaali koostuu 93 % polyamidista ja 7 % elastaanista, mik\u00e4 tekee alushousuista kevyet ja hengitt\u00e4v\u00e4t. Nopeasti kuivuvat ominaisuudet parantavat k\u00e4ytt\u00f6mukavuutta aktiivisessa liikkumisessa. Kapea joustovy\u00f6t\u00e4r\u00f6nauha ja joustavat lahkeensuut varmistavat, ett\u00e4 housut pysyv\u00e4t paikoillaan ja tukevat liikkuvuutta. Slimt-malli [&#8230;]<\/p>\n<p><a class=\"btn btn-secondary understrap-read-more-link\" href=\"https:\/\/vmsport.fi\/sv\/verkkokauppa\/ajovarusteet\/vaatteet\/shortsit\/loffler-alushousut-pehmusteella-miesten\/\">L\u00e4s mer \u2026<span class=\"screen-reader-text\"> from L\u00f6ffler alushousut pehmusteella Miesten<\/span><\/a><\/p>\n","protected":false},"featured_media":55362,"comment_status":"open","ping_status":"closed","template":"","meta":{"_acf_changed":false,"_improvement_type_select":"improve_an_existing","_thumb_yes_seoaic":false,"_frame_yes_seoaic":false,"seoaic_generate_description":"","seoaic_improve_instructions_prompt":"","seoaic_rollback_content_improvement":"","seoaic_idea_thumbnail_generator":"","thumbnail_generated":false,"thumbnail_generate_prompt":"","seoaic_article_description":"","_supplier_stock_quantity":0},"product_brand":[],"product_model":[],"product_cat":[9462],"product_tag":[],"industry-terminology":[],"class_list":{"0":"post-55363","1":"product","2":"type-product","3":"status-publish","4":"has-post-thumbnail","6":"product_cat-shortsit","8":"first","9":"instock","10":"taxable","11":"shipping-taxable","12":"purchasable","13":"product-type-variable"},"acf":{"bike_features":null,"overview":{"copy_overview":null,"key_features":null,"statement":"","youtube_url":""}},"yoast_head":"<!-- This site is optimized with the Yoast SEO plugin v27.3 - https:\/\/yoast.com\/product\/yoast-seo-wordpress\/ -->\n<title>L\u00f6ffler alushousut pehmusteella Miesten - VM Sport<\/title>\n<meta name=\"robots\" content=\"index, follow, max-snippet:-1, max-image-preview:large, max-video-preview:-1\" \/>\n<link rel=\"canonical\" href=\"https:\/\/vmsport.fi\/sv\/webbutik\/korutrustning\/klader\/shorts\/loffler-kalsonger-med-vaddering-for-man\/\" \/>\n<meta property=\"og:locale\" content=\"sv_SE\" \/>\n<meta property=\"og:type\" content=\"article\" \/>\n<meta property=\"og:title\" content=\"L\u00f6ffler alushousut pehmusteella Miesten - VM Sport\" \/>\n<meta property=\"og:description\" content=\"L\u00f6fflerin miesten pehmustetut alushousut on suunniteltu erinomaisesti py\u00f6r\u00e4ilyyn ja tarjoavat mukavuutta ja suojaa sek\u00e4 pitkille ett\u00e4 lyhyille matkoille. Niiden materiaali koostuu 93 % polyamidista ja 7 % elastaanista, mik\u00e4 tekee alushousuista kevyet ja hengitt\u00e4v\u00e4t. Nopeasti kuivuvat ominaisuudet parantavat k\u00e4ytt\u00f6mukavuutta aktiivisessa liikkumisessa. Kapea joustovy\u00f6t\u00e4r\u00f6nauha ja joustavat lahkeensuut varmistavat, ett\u00e4 housut pysyv\u00e4t paikoillaan ja tukevat liikkuvuutta. Slimt-malli [...]L\u00e4s mer \u2026 from L\u00f6ffler alushousut pehmusteella Miesten\" \/>\n<meta property=\"og:url\" content=\"https:\/\/vmsport.fi\/sv\/webbutik\/korutrustning\/klader\/shorts\/loffler-kalsonger-med-vaddering-for-man\/\" \/>\n<meta property=\"og:site_name\" content=\"VM Sport\" \/>\n<meta property=\"article:publisher\" content=\"https:\/\/www.facebook.com\/Vmsport.fi\/\" \/>\n<meta property=\"article:modified_time\" content=\"2026-01-29T00:00:13+00:00\" \/>\n<meta property=\"og:image\" content=\"https:\/\/vmsport.fi\/wp-content\/uploads\/2025\/03\/26585990-83-1.png\" \/>\n\t<meta property=\"og:image:width\" content=\"750\" \/>\n\t<meta property=\"og:image:height\" content=\"750\" \/>\n\t<meta property=\"og:image:type\" content=\"image\/png\" \/>\n<meta name=\"twitter:card\" content=\"summary_large_image\" \/>\n<meta name=\"twitter:label1\" content=\"Ber\u00e4knad l\u00e4stid\" \/>\n\t<meta name=\"twitter:data1\" content=\"1 minut\" \/>\n<script type=\"application\/ld+json\" class=\"yoast-schema-graph\">{\"@context\":\"https:\\\/\\\/schema.org\",\"@graph\":[{\"@type\":[\"WebPage\",\"ItemPage\"],\"@id\":\"https:\\\/\\\/vmsport.fi\\\/verkkokauppa\\\/ajovarusteet\\\/vaatteet\\\/shortsit\\\/loffler-alushousut-pehmusteella-miesten\\\/\",\"url\":\"https:\\\/\\\/vmsport.fi\\\/verkkokauppa\\\/ajovarusteet\\\/vaatteet\\\/shortsit\\\/loffler-alushousut-pehmusteella-miesten\\\/\",\"name\":\"L\u00f6ffler alushousut pehmusteella Miesten - VM Sport\",\"isPartOf\":{\"@id\":\"https:\\\/\\\/vmsport.fi\\\/#website\"},\"primaryImageOfPage\":{\"@id\":\"https:\\\/\\\/vmsport.fi\\\/verkkokauppa\\\/ajovarusteet\\\/vaatteet\\\/shortsit\\\/loffler-alushousut-pehmusteella-miesten\\\/#primaryimage\"},\"image\":{\"@id\":\"https:\\\/\\\/vmsport.fi\\\/verkkokauppa\\\/ajovarusteet\\\/vaatteet\\\/shortsit\\\/loffler-alushousut-pehmusteella-miesten\\\/#primaryimage\"},\"thumbnailUrl\":\"https:\\\/\\\/vmsport.fi\\\/wp-content\\\/uploads\\\/2025\\\/03\\\/26585990-83-1.png\",\"datePublished\":\"2025-03-05T22:05:44+00:00\",\"dateModified\":\"2026-01-29T00:00:13+00:00\",\"breadcrumb\":{\"@id\":\"https:\\\/\\\/vmsport.fi\\\/verkkokauppa\\\/ajovarusteet\\\/vaatteet\\\/shortsit\\\/loffler-alushousut-pehmusteella-miesten\\\/#breadcrumb\"},\"inLanguage\":\"sv-SE\",\"potentialAction\":[{\"@type\":\"ReadAction\",\"target\":[\"https:\\\/\\\/vmsport.fi\\\/verkkokauppa\\\/ajovarusteet\\\/vaatteet\\\/shortsit\\\/loffler-alushousut-pehmusteella-miesten\\\/\"]}]},{\"@type\":\"ImageObject\",\"inLanguage\":\"sv-SE\",\"@id\":\"https:\\\/\\\/vmsport.fi\\\/verkkokauppa\\\/ajovarusteet\\\/vaatteet\\\/shortsit\\\/loffler-alushousut-pehmusteella-miesten\\\/#primaryimage\",\"url\":\"https:\\\/\\\/vmsport.fi\\\/wp-content\\\/uploads\\\/2025\\\/03\\\/26585990-83-1.png\",\"contentUrl\":\"https:\\\/\\\/vmsport.fi\\\/wp-content\\\/uploads\\\/2025\\\/03\\\/26585990-83-1.png\",\"width\":750,\"height\":750,\"caption\":\"26585990-83\"},{\"@type\":\"BreadcrumbList\",\"@id\":\"https:\\\/\\\/vmsport.fi\\\/verkkokauppa\\\/ajovarusteet\\\/vaatteet\\\/shortsit\\\/loffler-alushousut-pehmusteella-miesten\\\/#breadcrumb\",\"itemListElement\":[{\"@type\":\"ListItem\",\"position\":1,\"name\":\"Etusivu\",\"item\":\"https:\\\/\\\/vmsport.fi\\\/\"},{\"@type\":\"ListItem\",\"position\":2,\"name\":\"Online Store\",\"item\":\"https:\\\/\\\/vmsport.fi\\\/en\\\/online-store\\\/\"},{\"@type\":\"ListItem\",\"position\":3,\"name\":\"L\u00f6ffler alushousut pehmusteella Miesten\"}]},{\"@type\":\"WebSite\",\"@id\":\"https:\\\/\\\/vmsport.fi\\\/#website\",\"url\":\"https:\\\/\\\/vmsport.fi\\\/\",\"name\":\"Vmsport\",\"description\":\"Kaikki py\u00f6r\u00e4ilyyn yhdest\u00e4 paikasta\",\"publisher\":{\"@id\":\"https:\\\/\\\/vmsport.fi\\\/#organization\"},\"potentialAction\":[{\"@type\":\"SearchAction\",\"target\":{\"@type\":\"EntryPoint\",\"urlTemplate\":\"https:\\\/\\\/vmsport.fi\\\/?s={search_term_string}\"},\"query-input\":{\"@type\":\"PropertyValueSpecification\",\"valueRequired\":true,\"valueName\":\"search_term_string\"}}],\"inLanguage\":\"sv-SE\"},{\"@type\":\"Organization\",\"@id\":\"https:\\\/\\\/vmsport.fi\\\/#organization\",\"name\":\"Vmsport\",\"url\":\"https:\\\/\\\/vmsport.fi\\\/\",\"logo\":{\"@type\":\"ImageObject\",\"inLanguage\":\"sv-SE\",\"@id\":\"https:\\\/\\\/vmsport.fi\\\/#\\\/schema\\\/logo\\\/image\\\/\",\"url\":\"https:\\\/\\\/vmsport.fi\\\/wp-content\\\/uploads\\\/2024\\\/12\\\/vm_sport_RGB_horisontal-e1734526017575.png\",\"contentUrl\":\"https:\\\/\\\/vmsport.fi\\\/wp-content\\\/uploads\\\/2024\\\/12\\\/vm_sport_RGB_horisontal-e1734526017575.png\",\"width\":668,\"height\":85,\"caption\":\"Vmsport\"},\"image\":{\"@id\":\"https:\\\/\\\/vmsport.fi\\\/#\\\/schema\\\/logo\\\/image\\\/\"},\"sameAs\":[\"https:\\\/\\\/www.facebook.com\\\/Vmsport.fi\\\/\",\"https:\\\/\\\/www.instagram.com\\\/vmsport\\\/\"]}]}<\/script>\n<!-- \/ Yoast SEO plugin. -->","yoast_head_json":{"title":"L\u00f6ffler underbyxor med vaddering Herr - VM Sport","robots":{"index":"index","follow":"follow","max-snippet":"max-snippet:-1","max-image-preview":"max-image-preview:large","max-video-preview":"max-video-preview:-1"},"canonical":"https:\/\/vmsport.fi\/sv\/webbutik\/korutrustning\/klader\/shorts\/loffler-kalsonger-med-vaddering-for-man\/","og_locale":"sv_SE","og_type":"article","og_title":"L\u00f6ffler alushousut pehmusteella Miesten - VM Sport","og_description":"L\u00f6fflerin miesten pehmustetut alushousut on suunniteltu erinomaisesti py\u00f6r\u00e4ilyyn ja tarjoavat mukavuutta ja suojaa sek\u00e4 pitkille ett\u00e4 lyhyille matkoille. Niiden materiaali koostuu 93 % polyamidista ja 7 % elastaanista, mik\u00e4 tekee alushousuista kevyet ja hengitt\u00e4v\u00e4t. Nopeasti kuivuvat ominaisuudet parantavat k\u00e4ytt\u00f6mukavuutta aktiivisessa liikkumisessa. Kapea joustovy\u00f6t\u00e4r\u00f6nauha ja joustavat lahkeensuut varmistavat, ett\u00e4 housut pysyv\u00e4t paikoillaan ja tukevat liikkuvuutta. Slimt-malli [...]L\u00e4s mer \u2026 from L\u00f6ffler alushousut pehmusteella Miesten","og_url":"https:\/\/vmsport.fi\/sv\/webbutik\/korutrustning\/klader\/shorts\/loffler-kalsonger-med-vaddering-for-man\/","og_site_name":"VM Sport","article_publisher":"https:\/\/www.facebook.com\/Vmsport.fi\/","article_modified_time":"2026-01-29T00:00:13+00:00","og_image":[{"width":750,"height":750,"url":"https:\/\/vmsport.fi\/wp-content\/uploads\/2025\/03\/26585990-83-1.png","type":"image\/png"}],"twitter_card":"summary_large_image","twitter_misc":{"Ber\u00e4knad l\u00e4stid":"1 minut"},"schema":{"@context":"https:\/\/schema.org","@graph":[{"@type":["WebPage","ItemPage"],"@id":"https:\/\/vmsport.fi\/verkkokauppa\/ajovarusteet\/vaatteet\/shortsit\/loffler-alushousut-pehmusteella-miesten\/","url":"https:\/\/vmsport.fi\/verkkokauppa\/ajovarusteet\/vaatteet\/shortsit\/loffler-alushousut-pehmusteella-miesten\/","name":"L\u00f6ffler underbyxor med vaddering Herr - VM Sport","isPartOf":{"@id":"https:\/\/vmsport.fi\/#website"},"primaryImageOfPage":{"@id":"https:\/\/vmsport.fi\/verkkokauppa\/ajovarusteet\/vaatteet\/shortsit\/loffler-alushousut-pehmusteella-miesten\/#primaryimage"},"image":{"@id":"https:\/\/vmsport.fi\/verkkokauppa\/ajovarusteet\/vaatteet\/shortsit\/loffler-alushousut-pehmusteella-miesten\/#primaryimage"},"thumbnailUrl":"https:\/\/vmsport.fi\/wp-content\/uploads\/2025\/03\/26585990-83-1.png","datePublished":"2025-03-05T22:05:44+00:00","dateModified":"2026-01-29T00:00:13+00:00","breadcrumb":{"@id":"https:\/\/vmsport.fi\/verkkokauppa\/ajovarusteet\/vaatteet\/shortsit\/loffler-alushousut-pehmusteella-miesten\/#breadcrumb"},"inLanguage":"sv-SE","potentialAction":[{"@type":"ReadAction","target":["https:\/\/vmsport.fi\/verkkokauppa\/ajovarusteet\/vaatteet\/shortsit\/loffler-alushousut-pehmusteella-miesten\/"]}]},{"@type":"ImageObject","inLanguage":"sv-SE","@id":"https:\/\/vmsport.fi\/verkkokauppa\/ajovarusteet\/vaatteet\/shortsit\/loffler-alushousut-pehmusteella-miesten\/#primaryimage","url":"https:\/\/vmsport.fi\/wp-content\/uploads\/2025\/03\/26585990-83-1.png","contentUrl":"https:\/\/vmsport.fi\/wp-content\/uploads\/2025\/03\/26585990-83-1.png","width":750,"height":750,"caption":"26585990-83"},{"@type":"BreadcrumbList","@id":"https:\/\/vmsport.fi\/verkkokauppa\/ajovarusteet\/vaatteet\/shortsit\/loffler-alushousut-pehmusteella-miesten\/#breadcrumb","itemListElement":[{"@type":"ListItem","position":1,"name":"Etusivu","item":"https:\/\/vmsport.fi\/"},{"@type":"ListItem","position":2,"name":"Online Store","item":"https:\/\/vmsport.fi\/en\/online-store\/"},{"@type":"ListItem","position":3,"name":"L\u00f6ffler alushousut pehmusteella Miesten"}]},{"@type":"WebSite","@id":"https:\/\/vmsport.fi\/#website","url":"https:\/\/vmsport.fi\/","name":"Vmsport","description":"Allt p\u00e5 ett st\u00e4lle f\u00f6r cykling","publisher":{"@id":"https:\/\/vmsport.fi\/#organization"},"potentialAction":[{"@type":"SearchAction","target":{"@type":"EntryPoint","urlTemplate":"https:\/\/vmsport.fi\/?s={search_term_string}"},"query-input":{"@type":"PropertyValueSpecification","valueRequired":true,"valueName":"search_term_string"}}],"inLanguage":"sv-SE"},{"@type":"Organization","@id":"https:\/\/vmsport.fi\/#organization","name":"Vmsport","url":"https:\/\/vmsport.fi\/","logo":{"@type":"ImageObject","inLanguage":"sv-SE","@id":"https:\/\/vmsport.fi\/#\/schema\/logo\/image\/","url":"https:\/\/vmsport.fi\/wp-content\/uploads\/2024\/12\/vm_sport_RGB_horisontal-e1734526017575.png","contentUrl":"https:\/\/vmsport.fi\/wp-content\/uploads\/2024\/12\/vm_sport_RGB_horisontal-e1734526017575.png","width":668,"height":85,"caption":"Vmsport"},"image":{"@id":"https:\/\/vmsport.fi\/#\/schema\/logo\/image\/"},"sameAs":["https:\/\/www.facebook.com\/Vmsport.fi\/","https:\/\/www.instagram.com\/vmsport\/"]}]}},"global_unique_id":"","_links":{"self":[{"href":"https:\/\/vmsport.fi\/sv\/wp-json\/wp\/v2\/product\/55363","targetHints":{"allow":["GET"]}}],"collection":[{"href":"https:\/\/vmsport.fi\/sv\/wp-json\/wp\/v2\/product"}],"about":[{"href":"https:\/\/vmsport.fi\/sv\/wp-json\/wp\/v2\/types\/product"}],"replies":[{"embeddable":true,"href":"https:\/\/vmsport.fi\/sv\/wp-json\/wp\/v2\/comments?post=55363"}],"wp:featuredmedia":[{"embeddable":true,"href":"https:\/\/vmsport.fi\/sv\/wp-json\/wp\/v2\/media\/55362"}],"wp:attachment":[{"href":"https:\/\/vmsport.fi\/sv\/wp-json\/wp\/v2\/media?parent=55363"}],"wp:term":[{"taxonomy":"product_brand","embeddable":true,"href":"https:\/\/vmsport.fi\/sv\/wp-json\/wp\/v2\/product_brand?post=55363"},{"taxonomy":"product_model","embeddable":true,"href":"https:\/\/vmsport.fi\/sv\/wp-json\/wp\/v2\/product_model?post=55363"},{"taxonomy":"product_cat","embeddable":true,"href":"https:\/\/vmsport.fi\/sv\/wp-json\/wp\/v2\/product_cat?post=55363"},{"taxonomy":"product_tag","embeddable":true,"href":"https:\/\/vmsport.fi\/sv\/wp-json\/wp\/v2\/product_tag?post=55363"},{"taxonomy":"industry_terminology","embeddable":true,"href":"https:\/\/vmsport.fi\/sv\/wp-json\/wp\/v2\/industry-terminology?post=55363"}],"curies":[{"name":"wp","href":"https:\/\/api.w.org\/{rel}","templated":true}]}}