{"id":55355,"date":"2025-03-06T00:05:40","date_gmt":"2025-03-05T22:05:40","guid":{"rendered":"https:\/\/vmsport.fi\/verkkokauppa\/Ei-luokiteltu\/takakiekko-28-21-622-hybrid-disc-kasetti-8-9-10-mach1-karma-2-pohja-32r\/"},"modified":"2026-01-16T13:22:05","modified_gmt":"2026-01-16T11:22:05","slug":"bakre-skiva-28-21-622-hybridskiva-kassett-8-9-10-mach1-karma-2-botten-32r","status":"publish","type":"product","link":"https:\/\/vmsport.fi\/sv\/verkkokauppa\/varaosat\/kiekot-ja-navat\/takakiekot\/takakiekko-28-21-622-hybrid-disc-kasetti-8-9-10-mach1-karma-2-pohja-32r\/","title":{"rendered":"Bakre skiva 28\u2033 21-622 Hybrid Disc kassett 8\/9\/10, MACH1 KARMA, 2-bottnad, 32r"},"content":{"rendered":"<p>Det 28-tums MACH1 KARMA bakhjulet erbjuder tillf\u00f6rlitlighet och m\u00e5ngsidighet f\u00f6r hybridcyklisten. Kassettf\u00e4stet \u00e4r kompatibelt med 8-, 9- eller 10-v\u00e4xlade system, vilket m\u00f6jligg\u00f6r flexibla v\u00e4xelval. Den dubbelv\u00e4ggiga konstruktionen \u00f6kar h\u00e5llbarheten hos skivan, medan 32-spolskonfigurationen s\u00e4kerst\u00e4ller en stabil och balanserad k\u00f6rupplevelse. Dessutom \u00e4r skivan utrustad med en h\u00f6gpresterande bromsskiveenhet som ger utm\u00e4rkt bromsprestanda i ett brett spektrum av k\u00f6rf\u00f6rh\u00e5llanden.<\/p>","protected":false},"excerpt":{"rendered":"<p>28-tuumainen MACH1 KARMA -takakiekko tarjoaa luotettavuutta ja monipuolisuutta hybridipy\u00f6r\u00e4ilij\u00e4lle. Sen kasettikiinnitys on yhteensopiva 8-, 9- tai 10-vaihteisten j\u00e4rjestelmien kanssa, mik\u00e4 mahdollistaa joustavan vaihdevalinnan. Kaksoissein\u00e4m\u00e4inen rakenne lis\u00e4\u00e4 kiekon kest\u00e4vyytt\u00e4, ja 32 puolan kokoonpano takaa vakaan ja tasapainoisen ajokokemuksen. Lis\u00e4ksi kiekko on varustettu tehokkaalla jarrulevykokoonpanolla, joka tarjoaa erinomaisen jarrutustehon erilaisissa ajo-olosuhteissa. [&#8230;]<\/p>\n<p><a class=\"btn btn-secondary understrap-read-more-link\" href=\"https:\/\/vmsport.fi\/sv\/verkkokauppa\/varaosat\/kiekot-ja-navat\/takakiekot\/takakiekko-28-21-622-hybrid-disc-kasetti-8-9-10-mach1-karma-2-pohja-32r\/\">L\u00e4s mer \u2026<span class=\"screen-reader-text\"> from Takakiekko 28&#8243; 21-622 Hybrid Disc kasetti 8\/9\/10, MACH1 KARMA, 2-pohja, 32r<\/span><\/a><\/p>\n","protected":false},"featured_media":55354,"comment_status":"open","ping_status":"closed","template":"","meta":{"_acf_changed":false,"_improvement_type_select":"improve_an_existing","_thumb_yes_seoaic":false,"_frame_yes_seoaic":false,"seoaic_generate_description":"","seoaic_improve_instructions_prompt":"","seoaic_rollback_content_improvement":"","seoaic_idea_thumbnail_generator":"","thumbnail_generated":false,"thumbnail_generate_prompt":"","seoaic_article_description":"","_supplier_stock_quantity":0},"product_brand":[],"product_model":[],"product_cat":[9486],"product_tag":[],"industry-terminology":[],"class_list":{"0":"post-55355","1":"product","2":"type-product","3":"status-publish","4":"has-post-thumbnail","6":"product_cat-takakiekot","8":"first","9":"outofstock","10":"taxable","11":"shipping-taxable","12":"product-type-simple"},"acf":{"bike_features":null,"overview":{"copy_overview":null,"key_features":null,"statement":"","youtube_url":""}},"yoast_head":"<!-- This site is optimized with the Yoast SEO plugin v27.3 - https:\/\/yoast.com\/product\/yoast-seo-wordpress\/ -->\n<title>Takakiekko 28&quot; 21-622 Hybrid Disc kasetti 8\/9\/10, MACH1 KARMA, 2-pohja, 32r - VM Sport<\/title>\n<meta name=\"robots\" content=\"index, follow, max-snippet:-1, max-image-preview:large, max-video-preview:-1\" \/>\n<link rel=\"canonical\" href=\"https:\/\/vmsport.fi\/sv\/webbutik\/reservdelar\/skivor-och-nav\/bakgrund\/bakre-skiva-28-21-622-hybridskiva-kassett-8-9-10-mach1-karma-2-botten-32r\/\" \/>\n<meta property=\"og:locale\" content=\"sv_SE\" \/>\n<meta property=\"og:type\" content=\"article\" \/>\n<meta property=\"og:title\" content=\"Takakiekko 28&quot; 21-622 Hybrid Disc kasetti 8\/9\/10, MACH1 KARMA, 2-pohja, 32r - VM Sport\" \/>\n<meta property=\"og:description\" content=\"28-tuumainen MACH1 KARMA -takakiekko tarjoaa luotettavuutta ja monipuolisuutta hybridipy\u00f6r\u00e4ilij\u00e4lle. Sen kasettikiinnitys on yhteensopiva 8-, 9- tai 10-vaihteisten j\u00e4rjestelmien kanssa, mik\u00e4 mahdollistaa joustavan vaihdevalinnan. Kaksoissein\u00e4m\u00e4inen rakenne lis\u00e4\u00e4 kiekon kest\u00e4vyytt\u00e4, ja 32 puolan kokoonpano takaa vakaan ja tasapainoisen ajokokemuksen. Lis\u00e4ksi kiekko on varustettu tehokkaalla jarrulevykokoonpanolla, joka tarjoaa erinomaisen jarrutustehon erilaisissa ajo-olosuhteissa. [...]L\u00e4s mer \u2026 from Takakiekko 28&#8243; 21-622 Hybrid Disc kasetti 8\/9\/10, MACH1 KARMA, 2-pohja, 32r\" \/>\n<meta property=\"og:url\" content=\"https:\/\/vmsport.fi\/sv\/webbutik\/reservdelar\/skivor-och-nav\/bakgrund\/bakre-skiva-28-21-622-hybridskiva-kassett-8-9-10-mach1-karma-2-botten-32r\/\" \/>\n<meta property=\"og:site_name\" content=\"VM Sport\" \/>\n<meta property=\"article:publisher\" content=\"https:\/\/www.facebook.com\/Vmsport.fi\/\" \/>\n<meta property=\"article:modified_time\" content=\"2026-01-16T11:22:05+00:00\" \/>\n<meta property=\"og:image\" content=\"https:\/\/vmsport.fi\/wp-content\/uploads\/2025\/03\/59278-1.jpg\" \/>\n\t<meta property=\"og:image:width\" content=\"867\" \/>\n\t<meta property=\"og:image:height\" content=\"1000\" \/>\n\t<meta property=\"og:image:type\" content=\"image\/jpeg\" \/>\n<meta name=\"twitter:card\" content=\"summary_large_image\" \/>\n<script type=\"application\/ld+json\" class=\"yoast-schema-graph\">{\"@context\":\"https:\\\/\\\/schema.org\",\"@graph\":[{\"@type\":[\"WebPage\",\"ItemPage\"],\"@id\":\"https:\\\/\\\/vmsport.fi\\\/verkkokauppa\\\/varaosat\\\/kiekot-ja-navat\\\/takakiekot\\\/takakiekko-28-21-622-hybrid-disc-kasetti-8-9-10-mach1-karma-2-pohja-32r\\\/\",\"url\":\"https:\\\/\\\/vmsport.fi\\\/verkkokauppa\\\/varaosat\\\/kiekot-ja-navat\\\/takakiekot\\\/takakiekko-28-21-622-hybrid-disc-kasetti-8-9-10-mach1-karma-2-pohja-32r\\\/\",\"name\":\"Takakiekko 28\\\" 21-622 Hybrid Disc kasetti 8\\\/9\\\/10, MACH1 KARMA, 2-pohja, 32r - VM Sport\",\"isPartOf\":{\"@id\":\"https:\\\/\\\/vmsport.fi\\\/#website\"},\"primaryImageOfPage\":{\"@id\":\"https:\\\/\\\/vmsport.fi\\\/verkkokauppa\\\/varaosat\\\/kiekot-ja-navat\\\/takakiekot\\\/takakiekko-28-21-622-hybrid-disc-kasetti-8-9-10-mach1-karma-2-pohja-32r\\\/#primaryimage\"},\"image\":{\"@id\":\"https:\\\/\\\/vmsport.fi\\\/verkkokauppa\\\/varaosat\\\/kiekot-ja-navat\\\/takakiekot\\\/takakiekko-28-21-622-hybrid-disc-kasetti-8-9-10-mach1-karma-2-pohja-32r\\\/#primaryimage\"},\"thumbnailUrl\":\"https:\\\/\\\/vmsport.fi\\\/wp-content\\\/uploads\\\/2025\\\/03\\\/59278-1.jpg\",\"datePublished\":\"2025-03-05T22:05:40+00:00\",\"dateModified\":\"2026-01-16T11:22:05+00:00\",\"breadcrumb\":{\"@id\":\"https:\\\/\\\/vmsport.fi\\\/verkkokauppa\\\/varaosat\\\/kiekot-ja-navat\\\/takakiekot\\\/takakiekko-28-21-622-hybrid-disc-kasetti-8-9-10-mach1-karma-2-pohja-32r\\\/#breadcrumb\"},\"inLanguage\":\"sv-SE\",\"potentialAction\":[{\"@type\":\"ReadAction\",\"target\":[\"https:\\\/\\\/vmsport.fi\\\/verkkokauppa\\\/varaosat\\\/kiekot-ja-navat\\\/takakiekot\\\/takakiekko-28-21-622-hybrid-disc-kasetti-8-9-10-mach1-karma-2-pohja-32r\\\/\"]}]},{\"@type\":\"ImageObject\",\"inLanguage\":\"sv-SE\",\"@id\":\"https:\\\/\\\/vmsport.fi\\\/verkkokauppa\\\/varaosat\\\/kiekot-ja-navat\\\/takakiekot\\\/takakiekko-28-21-622-hybrid-disc-kasetti-8-9-10-mach1-karma-2-pohja-32r\\\/#primaryimage\",\"url\":\"https:\\\/\\\/vmsport.fi\\\/wp-content\\\/uploads\\\/2025\\\/03\\\/59278-1.jpg\",\"contentUrl\":\"https:\\\/\\\/vmsport.fi\\\/wp-content\\\/uploads\\\/2025\\\/03\\\/59278-1.jpg\",\"width\":867,\"height\":1000,\"caption\":\"59278\"},{\"@type\":\"BreadcrumbList\",\"@id\":\"https:\\\/\\\/vmsport.fi\\\/verkkokauppa\\\/varaosat\\\/kiekot-ja-navat\\\/takakiekot\\\/takakiekko-28-21-622-hybrid-disc-kasetti-8-9-10-mach1-karma-2-pohja-32r\\\/#breadcrumb\",\"itemListElement\":[{\"@type\":\"ListItem\",\"position\":1,\"name\":\"Etusivu\",\"item\":\"https:\\\/\\\/vmsport.fi\\\/\"},{\"@type\":\"ListItem\",\"position\":2,\"name\":\"Online Store\",\"item\":\"https:\\\/\\\/vmsport.fi\\\/en\\\/online-store\\\/\"},{\"@type\":\"ListItem\",\"position\":3,\"name\":\"Takakiekko 28&#8243; 21-622 Hybrid Disc kasetti 8\\\/9\\\/10, MACH1 KARMA, 2-pohja, 32r\"}]},{\"@type\":\"WebSite\",\"@id\":\"https:\\\/\\\/vmsport.fi\\\/#website\",\"url\":\"https:\\\/\\\/vmsport.fi\\\/\",\"name\":\"Vmsport\",\"description\":\"Kaikki py\u00f6r\u00e4ilyyn yhdest\u00e4 paikasta\",\"publisher\":{\"@id\":\"https:\\\/\\\/vmsport.fi\\\/#organization\"},\"potentialAction\":[{\"@type\":\"SearchAction\",\"target\":{\"@type\":\"EntryPoint\",\"urlTemplate\":\"https:\\\/\\\/vmsport.fi\\\/?s={search_term_string}\"},\"query-input\":{\"@type\":\"PropertyValueSpecification\",\"valueRequired\":true,\"valueName\":\"search_term_string\"}}],\"inLanguage\":\"sv-SE\"},{\"@type\":\"Organization\",\"@id\":\"https:\\\/\\\/vmsport.fi\\\/#organization\",\"name\":\"Vmsport\",\"url\":\"https:\\\/\\\/vmsport.fi\\\/\",\"logo\":{\"@type\":\"ImageObject\",\"inLanguage\":\"sv-SE\",\"@id\":\"https:\\\/\\\/vmsport.fi\\\/#\\\/schema\\\/logo\\\/image\\\/\",\"url\":\"https:\\\/\\\/vmsport.fi\\\/wp-content\\\/uploads\\\/2024\\\/12\\\/vm_sport_RGB_horisontal-e1734526017575.png\",\"contentUrl\":\"https:\\\/\\\/vmsport.fi\\\/wp-content\\\/uploads\\\/2024\\\/12\\\/vm_sport_RGB_horisontal-e1734526017575.png\",\"width\":668,\"height\":85,\"caption\":\"Vmsport\"},\"image\":{\"@id\":\"https:\\\/\\\/vmsport.fi\\\/#\\\/schema\\\/logo\\\/image\\\/\"},\"sameAs\":[\"https:\\\/\\\/www.facebook.com\\\/Vmsport.fi\\\/\",\"https:\\\/\\\/www.instagram.com\\\/vmsport\\\/\"]}]}<\/script>\n<!-- \/ Yoast SEO plugin. -->","yoast_head_json":{"title":"Bakre skiva 28\" 21-622 Hybrid Disc kassett 8\/9\/10, MACH1 KARMA, 2-sula, 32r - VM Sport","robots":{"index":"index","follow":"follow","max-snippet":"max-snippet:-1","max-image-preview":"max-image-preview:large","max-video-preview":"max-video-preview:-1"},"canonical":"https:\/\/vmsport.fi\/sv\/webbutik\/reservdelar\/skivor-och-nav\/bakgrund\/bakre-skiva-28-21-622-hybridskiva-kassett-8-9-10-mach1-karma-2-botten-32r\/","og_locale":"sv_SE","og_type":"article","og_title":"Takakiekko 28\" 21-622 Hybrid Disc kasetti 8\/9\/10, MACH1 KARMA, 2-pohja, 32r - VM Sport","og_description":"28-tuumainen MACH1 KARMA -takakiekko tarjoaa luotettavuutta ja monipuolisuutta hybridipy\u00f6r\u00e4ilij\u00e4lle. Sen kasettikiinnitys on yhteensopiva 8-, 9- tai 10-vaihteisten j\u00e4rjestelmien kanssa, mik\u00e4 mahdollistaa joustavan vaihdevalinnan. Kaksoissein\u00e4m\u00e4inen rakenne lis\u00e4\u00e4 kiekon kest\u00e4vyytt\u00e4, ja 32 puolan kokoonpano takaa vakaan ja tasapainoisen ajokokemuksen. Lis\u00e4ksi kiekko on varustettu tehokkaalla jarrulevykokoonpanolla, joka tarjoaa erinomaisen jarrutustehon erilaisissa ajo-olosuhteissa. [...]L\u00e4s mer \u2026 from Takakiekko 28&#8243; 21-622 Hybrid Disc kasetti 8\/9\/10, MACH1 KARMA, 2-pohja, 32r","og_url":"https:\/\/vmsport.fi\/sv\/webbutik\/reservdelar\/skivor-och-nav\/bakgrund\/bakre-skiva-28-21-622-hybridskiva-kassett-8-9-10-mach1-karma-2-botten-32r\/","og_site_name":"VM Sport","article_publisher":"https:\/\/www.facebook.com\/Vmsport.fi\/","article_modified_time":"2026-01-16T11:22:05+00:00","og_image":[{"width":867,"height":1000,"url":"https:\/\/vmsport.fi\/wp-content\/uploads\/2025\/03\/59278-1.jpg","type":"image\/jpeg"}],"twitter_card":"summary_large_image","schema":{"@context":"https:\/\/schema.org","@graph":[{"@type":["WebPage","ItemPage"],"@id":"https:\/\/vmsport.fi\/verkkokauppa\/varaosat\/kiekot-ja-navat\/takakiekot\/takakiekko-28-21-622-hybrid-disc-kasetti-8-9-10-mach1-karma-2-pohja-32r\/","url":"https:\/\/vmsport.fi\/verkkokauppa\/varaosat\/kiekot-ja-navat\/takakiekot\/takakiekko-28-21-622-hybrid-disc-kasetti-8-9-10-mach1-karma-2-pohja-32r\/","name":"Bakre skiva 28\" 21-622 Hybrid Disc kassett 8\/9\/10, MACH1 KARMA, 2-sula, 32r - VM Sport","isPartOf":{"@id":"https:\/\/vmsport.fi\/#website"},"primaryImageOfPage":{"@id":"https:\/\/vmsport.fi\/verkkokauppa\/varaosat\/kiekot-ja-navat\/takakiekot\/takakiekko-28-21-622-hybrid-disc-kasetti-8-9-10-mach1-karma-2-pohja-32r\/#primaryimage"},"image":{"@id":"https:\/\/vmsport.fi\/verkkokauppa\/varaosat\/kiekot-ja-navat\/takakiekot\/takakiekko-28-21-622-hybrid-disc-kasetti-8-9-10-mach1-karma-2-pohja-32r\/#primaryimage"},"thumbnailUrl":"https:\/\/vmsport.fi\/wp-content\/uploads\/2025\/03\/59278-1.jpg","datePublished":"2025-03-05T22:05:40+00:00","dateModified":"2026-01-16T11:22:05+00:00","breadcrumb":{"@id":"https:\/\/vmsport.fi\/verkkokauppa\/varaosat\/kiekot-ja-navat\/takakiekot\/takakiekko-28-21-622-hybrid-disc-kasetti-8-9-10-mach1-karma-2-pohja-32r\/#breadcrumb"},"inLanguage":"sv-SE","potentialAction":[{"@type":"ReadAction","target":["https:\/\/vmsport.fi\/verkkokauppa\/varaosat\/kiekot-ja-navat\/takakiekot\/takakiekko-28-21-622-hybrid-disc-kasetti-8-9-10-mach1-karma-2-pohja-32r\/"]}]},{"@type":"ImageObject","inLanguage":"sv-SE","@id":"https:\/\/vmsport.fi\/verkkokauppa\/varaosat\/kiekot-ja-navat\/takakiekot\/takakiekko-28-21-622-hybrid-disc-kasetti-8-9-10-mach1-karma-2-pohja-32r\/#primaryimage","url":"https:\/\/vmsport.fi\/wp-content\/uploads\/2025\/03\/59278-1.jpg","contentUrl":"https:\/\/vmsport.fi\/wp-content\/uploads\/2025\/03\/59278-1.jpg","width":867,"height":1000,"caption":"59278"},{"@type":"BreadcrumbList","@id":"https:\/\/vmsport.fi\/verkkokauppa\/varaosat\/kiekot-ja-navat\/takakiekot\/takakiekko-28-21-622-hybrid-disc-kasetti-8-9-10-mach1-karma-2-pohja-32r\/#breadcrumb","itemListElement":[{"@type":"ListItem","position":1,"name":"Etusivu","item":"https:\/\/vmsport.fi\/"},{"@type":"ListItem","position":2,"name":"Online Store","item":"https:\/\/vmsport.fi\/en\/online-store\/"},{"@type":"ListItem","position":3,"name":"Takakiekko 28&#8243; 21-622 Hybrid Disc kasetti 8\/9\/10, MACH1 KARMA, 2-pohja, 32r"}]},{"@type":"WebSite","@id":"https:\/\/vmsport.fi\/#website","url":"https:\/\/vmsport.fi\/","name":"Vmsport","description":"Allt p\u00e5 ett st\u00e4lle f\u00f6r cykling","publisher":{"@id":"https:\/\/vmsport.fi\/#organization"},"potentialAction":[{"@type":"SearchAction","target":{"@type":"EntryPoint","urlTemplate":"https:\/\/vmsport.fi\/?s={search_term_string}"},"query-input":{"@type":"PropertyValueSpecification","valueRequired":true,"valueName":"search_term_string"}}],"inLanguage":"sv-SE"},{"@type":"Organization","@id":"https:\/\/vmsport.fi\/#organization","name":"Vmsport","url":"https:\/\/vmsport.fi\/","logo":{"@type":"ImageObject","inLanguage":"sv-SE","@id":"https:\/\/vmsport.fi\/#\/schema\/logo\/image\/","url":"https:\/\/vmsport.fi\/wp-content\/uploads\/2024\/12\/vm_sport_RGB_horisontal-e1734526017575.png","contentUrl":"https:\/\/vmsport.fi\/wp-content\/uploads\/2024\/12\/vm_sport_RGB_horisontal-e1734526017575.png","width":668,"height":85,"caption":"Vmsport"},"image":{"@id":"https:\/\/vmsport.fi\/#\/schema\/logo\/image\/"},"sameAs":["https:\/\/www.facebook.com\/Vmsport.fi\/","https:\/\/www.instagram.com\/vmsport\/"]}]}},"global_unique_id":"","_links":{"self":[{"href":"https:\/\/vmsport.fi\/sv\/wp-json\/wp\/v2\/product\/55355","targetHints":{"allow":["GET"]}}],"collection":[{"href":"https:\/\/vmsport.fi\/sv\/wp-json\/wp\/v2\/product"}],"about":[{"href":"https:\/\/vmsport.fi\/sv\/wp-json\/wp\/v2\/types\/product"}],"replies":[{"embeddable":true,"href":"https:\/\/vmsport.fi\/sv\/wp-json\/wp\/v2\/comments?post=55355"}],"wp:featuredmedia":[{"embeddable":true,"href":"https:\/\/vmsport.fi\/sv\/wp-json\/wp\/v2\/media\/55354"}],"wp:attachment":[{"href":"https:\/\/vmsport.fi\/sv\/wp-json\/wp\/v2\/media?parent=55355"}],"wp:term":[{"taxonomy":"product_brand","embeddable":true,"href":"https:\/\/vmsport.fi\/sv\/wp-json\/wp\/v2\/product_brand?post=55355"},{"taxonomy":"product_model","embeddable":true,"href":"https:\/\/vmsport.fi\/sv\/wp-json\/wp\/v2\/product_model?post=55355"},{"taxonomy":"product_cat","embeddable":true,"href":"https:\/\/vmsport.fi\/sv\/wp-json\/wp\/v2\/product_cat?post=55355"},{"taxonomy":"product_tag","embeddable":true,"href":"https:\/\/vmsport.fi\/sv\/wp-json\/wp\/v2\/product_tag?post=55355"},{"taxonomy":"industry_terminology","embeddable":true,"href":"https:\/\/vmsport.fi\/sv\/wp-json\/wp\/v2\/industry-terminology?post=55355"}],"curies":[{"name":"wp","href":"https:\/\/api.w.org\/{rel}","templated":true}]}}