{"id":55342,"date":"2025-03-06T00:05:21","date_gmt":"2025-03-05T22:05:21","guid":{"rendered":"https:\/\/vmsport.fi\/verkkokauppa\/Ei-luokiteltu\/xlc-disc-brake-pad-bp-o31-for-formula-mega-one-r-rx-organic-pad-steel-plate-1-set-2-pads\/"},"modified":"2026-04-22T15:02:26","modified_gmt":"2026-04-22T12:02:26","slug":"xlc-disc-brake-pad-bp-o31-for-formula-mega-one-r-rx-organic-pad-steel-plate-1-set-2-pads","status":"publish","type":"product","link":"https:\/\/vmsport.fi\/sv\/verkkokauppa\/varaosat\/jarrut\/jarrupalat\/xlc-disc-brake-pad-bp-o31-for-formula-mega-one-r-rx-organic-pad-steel-plate-1-set-2-pads\/","title":{"rendered":"XLC Skivbromsbel\u00e4gg BP-O31 f\u00f6r Formula Mega ONE, R, RX Organiska bel\u00e4gg St\u00e5lplatta 1 set (2 bel\u00e4gg)"},"content":{"rendered":"<p>XLC:n BP-O31-levyjarrupalat on suunniteltu Formula-jarrumallien Mega, ONE, R ja RX kanssa yhteensopiviksi. Jarrupalat on valmistettu orgaanisesta yhdisteest\u00e4, joka tarjoaa tasapainoista suorituskyky\u00e4 kaikissa s\u00e4\u00e4olosuhteissa. Ne mahdollistavat pehme\u00e4n jarrutuksen v\u00e4hent\u00e4en melua samalla, kun s\u00e4ilytt\u00e4v\u00e4t hyv\u00e4n pidon ja nopean vasteen. Ter\u00e4ksinen taustalevy parantaa kest\u00e4vyytt\u00e4 ja luotettavuutta, mik\u00e4 edist\u00e4\u00e4 jarruj\u00e4rjestelm\u00e4n pitk\u00e4ik\u00e4isyytt\u00e4. Innovatiivinen pinnoitus varmistaa tasaisen jarrutustehon s\u00e4\u00e4st\u00e4 riippumatta, mik\u00e4 tekee jarrupaloista erinomaiset niin jokap\u00e4iv\u00e4iseen k\u00e4ytt\u00f6\u00f6n kuin vaativille py\u00f6r\u00e4ilij\u00f6ille. Pakkaus sis\u00e4lt\u00e4\u00e4 yhden jarrupalasetin, joka sopii t\u00e4ydellisesti yhteen jarruyksikk\u00f6\u00f6n.<\/p>","protected":false},"excerpt":{"rendered":"<p>XLC:n BP-O31-levyjarrupalat on suunniteltu Formula-jarrumallien Mega, ONE, R ja RX kanssa yhteensopiviksi. Jarrupalat on valmistettu orgaanisesta yhdisteest\u00e4, joka tarjoaa tasapainoista suorituskyky\u00e4 kaikissa s\u00e4\u00e4olosuhteissa. Ne mahdollistavat pehme\u00e4n jarrutuksen v\u00e4hent\u00e4en melua samalla, kun s\u00e4ilytt\u00e4v\u00e4t hyv\u00e4n pidon ja nopean vasteen. Ter\u00e4ksinen taustalevy parantaa kest\u00e4vyytt\u00e4 ja luotettavuutta, mik\u00e4 edist\u00e4\u00e4 jarruj\u00e4rjestelm\u00e4n pitk\u00e4ik\u00e4isyytt\u00e4. Innovatiivinen pinnoitus varmistaa tasaisen jarrutustehon s\u00e4\u00e4st\u00e4 riippumatta, mik\u00e4 [&#8230;]<\/p>\n<p><a class=\"btn btn-secondary understrap-read-more-link\" href=\"https:\/\/vmsport.fi\/sv\/verkkokauppa\/varaosat\/jarrut\/jarrupalat\/xlc-disc-brake-pad-bp-o31-for-formula-mega-one-r-rx-organic-pad-steel-plate-1-set-2-pads\/\">L\u00e4s mer \u2026<span class=\"screen-reader-text\"> from XLC Disc brake pad BP-O31 For Formula Mega ONE, R, RX Organic pad Steel plate 1 set (2 pads)<\/span><\/a><\/p>\n","protected":false},"featured_media":55341,"comment_status":"open","ping_status":"closed","template":"","meta":{"_acf_changed":false,"_improvement_type_select":"improve_an_existing","_thumb_yes_seoaic":false,"_frame_yes_seoaic":false,"seoaic_generate_description":"","seoaic_improve_instructions_prompt":"","seoaic_rollback_content_improvement":"","seoaic_idea_thumbnail_generator":"","thumbnail_generated":false,"thumbnail_generate_prompt":"","seoaic_article_description":"","_supplier_stock_quantity":0},"product_brand":[],"product_model":[],"product_cat":[9288],"product_tag":[],"industry-terminology":[],"class_list":{"0":"post-55342","1":"product","2":"type-product","3":"status-publish","4":"has-post-thumbnail","6":"product_cat-jarrupalat","8":"first","9":"outofstock","10":"taxable","11":"shipping-taxable","12":"product-type-simple"},"acf":{"bike_features":null,"overview":{"copy_overview":null,"key_features":null,"statement":"","youtube_url":""}},"yoast_head":"<!-- This site is optimized with the Yoast SEO plugin v27.4 - https:\/\/yoast.com\/product\/yoast-seo-wordpress\/ -->\n<title>XLC Disc brake pad BP-O31 For Formula Mega ONE, R, RX Organic pad Steel plate 1 set (2 pads) - VM Sport<\/title>\n<meta name=\"robots\" content=\"index, follow, max-snippet:-1, max-image-preview:large, max-video-preview:-1\" \/>\n<link rel=\"canonical\" href=\"https:\/\/vmsport.fi\/sv\/webbutik\/reservdelar\/bromsar\/bromsbelagg\/xlc-disc-brake-pad-bp-o31-for-formula-mega-one-r-rx-organic-pad-steel-plate-1-set-2-pads\/\" \/>\n<meta property=\"og:locale\" content=\"sv_SE\" \/>\n<meta property=\"og:type\" content=\"article\" \/>\n<meta property=\"og:title\" content=\"XLC Disc brake pad BP-O31 For Formula Mega ONE, R, RX Organic pad Steel plate 1 set (2 pads) - VM Sport\" \/>\n<meta property=\"og:description\" content=\"XLC:n BP-O31-levyjarrupalat on suunniteltu Formula-jarrumallien Mega, ONE, R ja RX kanssa yhteensopiviksi. Jarrupalat on valmistettu orgaanisesta yhdisteest\u00e4, joka tarjoaa tasapainoista suorituskyky\u00e4 kaikissa s\u00e4\u00e4olosuhteissa. Ne mahdollistavat pehme\u00e4n jarrutuksen v\u00e4hent\u00e4en melua samalla, kun s\u00e4ilytt\u00e4v\u00e4t hyv\u00e4n pidon ja nopean vasteen. Ter\u00e4ksinen taustalevy parantaa kest\u00e4vyytt\u00e4 ja luotettavuutta, mik\u00e4 edist\u00e4\u00e4 jarruj\u00e4rjestelm\u00e4n pitk\u00e4ik\u00e4isyytt\u00e4. Innovatiivinen pinnoitus varmistaa tasaisen jarrutustehon s\u00e4\u00e4st\u00e4 riippumatta, mik\u00e4 [...]L\u00e4s mer \u2026 from XLC Disc brake pad BP-O31 For Formula Mega ONE, R, RX Organic pad Steel plate 1 set (2 pads)\" \/>\n<meta property=\"og:url\" content=\"https:\/\/vmsport.fi\/sv\/webbutik\/reservdelar\/bromsar\/bromsbelagg\/xlc-disc-brake-pad-bp-o31-for-formula-mega-one-r-rx-organic-pad-steel-plate-1-set-2-pads\/\" \/>\n<meta property=\"og:site_name\" content=\"VM Sport\" \/>\n<meta property=\"article:publisher\" content=\"https:\/\/www.facebook.com\/Vmsport.fi\/\" \/>\n<meta property=\"article:modified_time\" content=\"2026-04-22T12:02:26+00:00\" \/>\n<meta property=\"og:image\" content=\"https:\/\/vmsport.fi\/wp-content\/uploads\/2025\/03\/fd66uh9YUxZWIZuLs54JpHuAcENPYrfueSHKKPkhVH8MP0tayy-1.jpg\" \/>\n\t<meta property=\"og:image:width\" content=\"312\" \/>\n\t<meta property=\"og:image:height\" content=\"312\" \/>\n\t<meta property=\"og:image:type\" content=\"image\/jpeg\" \/>\n<meta name=\"twitter:card\" content=\"summary_large_image\" \/>\n<meta name=\"twitter:label1\" content=\"Ber\u00e4knad l\u00e4stid\" \/>\n\t<meta name=\"twitter:data1\" content=\"1 minut\" \/>\n<script type=\"application\/ld+json\" class=\"yoast-schema-graph\">{\"@context\":\"https:\\\/\\\/schema.org\",\"@graph\":[{\"@type\":[\"WebPage\",\"ItemPage\"],\"@id\":\"https:\\\/\\\/vmsport.fi\\\/verkkokauppa\\\/varaosat\\\/jarrut\\\/jarrupalat\\\/xlc-disc-brake-pad-bp-o31-for-formula-mega-one-r-rx-organic-pad-steel-plate-1-set-2-pads\\\/\",\"url\":\"https:\\\/\\\/vmsport.fi\\\/verkkokauppa\\\/varaosat\\\/jarrut\\\/jarrupalat\\\/xlc-disc-brake-pad-bp-o31-for-formula-mega-one-r-rx-organic-pad-steel-plate-1-set-2-pads\\\/\",\"name\":\"XLC Disc brake pad BP-O31 For Formula Mega ONE, R, RX Organic pad Steel plate 1 set (2 pads) - VM Sport\",\"isPartOf\":{\"@id\":\"https:\\\/\\\/vmsport.fi\\\/#website\"},\"primaryImageOfPage\":{\"@id\":\"https:\\\/\\\/vmsport.fi\\\/verkkokauppa\\\/varaosat\\\/jarrut\\\/jarrupalat\\\/xlc-disc-brake-pad-bp-o31-for-formula-mega-one-r-rx-organic-pad-steel-plate-1-set-2-pads\\\/#primaryimage\"},\"image\":{\"@id\":\"https:\\\/\\\/vmsport.fi\\\/verkkokauppa\\\/varaosat\\\/jarrut\\\/jarrupalat\\\/xlc-disc-brake-pad-bp-o31-for-formula-mega-one-r-rx-organic-pad-steel-plate-1-set-2-pads\\\/#primaryimage\"},\"thumbnailUrl\":\"https:\\\/\\\/vmsport.fi\\\/wp-content\\\/uploads\\\/2025\\\/03\\\/fd66uh9YUxZWIZuLs54JpHuAcENPYrfueSHKKPkhVH8MP0tayy-1.jpg\",\"datePublished\":\"2025-03-05T22:05:21+00:00\",\"dateModified\":\"2026-04-22T12:02:26+00:00\",\"breadcrumb\":{\"@id\":\"https:\\\/\\\/vmsport.fi\\\/verkkokauppa\\\/varaosat\\\/jarrut\\\/jarrupalat\\\/xlc-disc-brake-pad-bp-o31-for-formula-mega-one-r-rx-organic-pad-steel-plate-1-set-2-pads\\\/#breadcrumb\"},\"inLanguage\":\"sv-SE\",\"potentialAction\":[{\"@type\":\"ReadAction\",\"target\":[\"https:\\\/\\\/vmsport.fi\\\/verkkokauppa\\\/varaosat\\\/jarrut\\\/jarrupalat\\\/xlc-disc-brake-pad-bp-o31-for-formula-mega-one-r-rx-organic-pad-steel-plate-1-set-2-pads\\\/\"]}]},{\"@type\":\"ImageObject\",\"inLanguage\":\"sv-SE\",\"@id\":\"https:\\\/\\\/vmsport.fi\\\/verkkokauppa\\\/varaosat\\\/jarrut\\\/jarrupalat\\\/xlc-disc-brake-pad-bp-o31-for-formula-mega-one-r-rx-organic-pad-steel-plate-1-set-2-pads\\\/#primaryimage\",\"url\":\"https:\\\/\\\/vmsport.fi\\\/wp-content\\\/uploads\\\/2025\\\/03\\\/fd66uh9YUxZWIZuLs54JpHuAcENPYrfueSHKKPkhVH8MP0tayy-1.jpg\",\"contentUrl\":\"https:\\\/\\\/vmsport.fi\\\/wp-content\\\/uploads\\\/2025\\\/03\\\/fd66uh9YUxZWIZuLs54JpHuAcENPYrfueSHKKPkhVH8MP0tayy-1.jpg\",\"width\":312,\"height\":312,\"caption\":\"fd66uh9YUxZWIZuLs54JpHuAcENPYrfueSHKKPkhVH8MP0tayy\"},{\"@type\":\"BreadcrumbList\",\"@id\":\"https:\\\/\\\/vmsport.fi\\\/verkkokauppa\\\/varaosat\\\/jarrut\\\/jarrupalat\\\/xlc-disc-brake-pad-bp-o31-for-formula-mega-one-r-rx-organic-pad-steel-plate-1-set-2-pads\\\/#breadcrumb\",\"itemListElement\":[{\"@type\":\"ListItem\",\"position\":1,\"name\":\"Etusivu\",\"item\":\"https:\\\/\\\/vmsport.fi\\\/\"},{\"@type\":\"ListItem\",\"position\":2,\"name\":\"Online Store\",\"item\":\"https:\\\/\\\/vmsport.fi\\\/en\\\/online-store\\\/\"},{\"@type\":\"ListItem\",\"position\":3,\"name\":\"XLC Disc brake pad BP-O31 For Formula Mega ONE, R, RX Organic pad Steel plate 1 set (2 pads)\"}]},{\"@type\":\"WebSite\",\"@id\":\"https:\\\/\\\/vmsport.fi\\\/#website\",\"url\":\"https:\\\/\\\/vmsport.fi\\\/\",\"name\":\"Vmsport\",\"description\":\"Kaikki py\u00f6r\u00e4ilyyn yhdest\u00e4 paikasta\",\"publisher\":{\"@id\":\"https:\\\/\\\/vmsport.fi\\\/#organization\"},\"potentialAction\":[{\"@type\":\"SearchAction\",\"target\":{\"@type\":\"EntryPoint\",\"urlTemplate\":\"https:\\\/\\\/vmsport.fi\\\/?s={search_term_string}\"},\"query-input\":{\"@type\":\"PropertyValueSpecification\",\"valueRequired\":true,\"valueName\":\"search_term_string\"}}],\"inLanguage\":\"sv-SE\"},{\"@type\":\"Organization\",\"@id\":\"https:\\\/\\\/vmsport.fi\\\/#organization\",\"name\":\"Vmsport\",\"url\":\"https:\\\/\\\/vmsport.fi\\\/\",\"logo\":{\"@type\":\"ImageObject\",\"inLanguage\":\"sv-SE\",\"@id\":\"https:\\\/\\\/vmsport.fi\\\/#\\\/schema\\\/logo\\\/image\\\/\",\"url\":\"https:\\\/\\\/vmsport.fi\\\/wp-content\\\/uploads\\\/2024\\\/12\\\/vm_sport_RGB_horisontal-e1734526017575.png\",\"contentUrl\":\"https:\\\/\\\/vmsport.fi\\\/wp-content\\\/uploads\\\/2024\\\/12\\\/vm_sport_RGB_horisontal-e1734526017575.png\",\"width\":668,\"height\":85,\"caption\":\"Vmsport\"},\"image\":{\"@id\":\"https:\\\/\\\/vmsport.fi\\\/#\\\/schema\\\/logo\\\/image\\\/\"},\"sameAs\":[\"https:\\\/\\\/www.facebook.com\\\/Vmsport.fi\\\/\",\"https:\\\/\\\/www.instagram.com\\\/vmsport\\\/\"]}]}<\/script>\n<!-- \/ Yoast SEO plugin. -->","yoast_head_json":{"title":"XLC Disc brake pad BP-O31 For Formula Mega ONE, R, RX Organic pad Steel plate 1 set (2 pads) - VM Sport","robots":{"index":"index","follow":"follow","max-snippet":"max-snippet:-1","max-image-preview":"max-image-preview:large","max-video-preview":"max-video-preview:-1"},"canonical":"https:\/\/vmsport.fi\/sv\/webbutik\/reservdelar\/bromsar\/bromsbelagg\/xlc-disc-brake-pad-bp-o31-for-formula-mega-one-r-rx-organic-pad-steel-plate-1-set-2-pads\/","og_locale":"sv_SE","og_type":"article","og_title":"XLC Disc brake pad BP-O31 For Formula Mega ONE, R, RX Organic pad Steel plate 1 set (2 pads) - VM Sport","og_description":"XLC:n BP-O31-levyjarrupalat on suunniteltu Formula-jarrumallien Mega, ONE, R ja RX kanssa yhteensopiviksi. Jarrupalat on valmistettu orgaanisesta yhdisteest\u00e4, joka tarjoaa tasapainoista suorituskyky\u00e4 kaikissa s\u00e4\u00e4olosuhteissa. Ne mahdollistavat pehme\u00e4n jarrutuksen v\u00e4hent\u00e4en melua samalla, kun s\u00e4ilytt\u00e4v\u00e4t hyv\u00e4n pidon ja nopean vasteen. Ter\u00e4ksinen taustalevy parantaa kest\u00e4vyytt\u00e4 ja luotettavuutta, mik\u00e4 edist\u00e4\u00e4 jarruj\u00e4rjestelm\u00e4n pitk\u00e4ik\u00e4isyytt\u00e4. Innovatiivinen pinnoitus varmistaa tasaisen jarrutustehon s\u00e4\u00e4st\u00e4 riippumatta, mik\u00e4 [...]L\u00e4s mer \u2026 from XLC Disc brake pad BP-O31 For Formula Mega ONE, R, RX Organic pad Steel plate 1 set (2 pads)","og_url":"https:\/\/vmsport.fi\/sv\/webbutik\/reservdelar\/bromsar\/bromsbelagg\/xlc-disc-brake-pad-bp-o31-for-formula-mega-one-r-rx-organic-pad-steel-plate-1-set-2-pads\/","og_site_name":"VM Sport","article_publisher":"https:\/\/www.facebook.com\/Vmsport.fi\/","article_modified_time":"2026-04-22T12:02:26+00:00","og_image":[{"width":312,"height":312,"url":"https:\/\/vmsport.fi\/wp-content\/uploads\/2025\/03\/fd66uh9YUxZWIZuLs54JpHuAcENPYrfueSHKKPkhVH8MP0tayy-1.jpg","type":"image\/jpeg"}],"twitter_card":"summary_large_image","twitter_misc":{"Ber\u00e4knad l\u00e4stid":"1 minut"},"schema":{"@context":"https:\/\/schema.org","@graph":[{"@type":["WebPage","ItemPage"],"@id":"https:\/\/vmsport.fi\/verkkokauppa\/varaosat\/jarrut\/jarrupalat\/xlc-disc-brake-pad-bp-o31-for-formula-mega-one-r-rx-organic-pad-steel-plate-1-set-2-pads\/","url":"https:\/\/vmsport.fi\/verkkokauppa\/varaosat\/jarrut\/jarrupalat\/xlc-disc-brake-pad-bp-o31-for-formula-mega-one-r-rx-organic-pad-steel-plate-1-set-2-pads\/","name":"XLC Disc brake pad BP-O31 For Formula Mega ONE, R, RX Organic pad Steel plate 1 set (2 pads) - VM Sport","isPartOf":{"@id":"https:\/\/vmsport.fi\/#website"},"primaryImageOfPage":{"@id":"https:\/\/vmsport.fi\/verkkokauppa\/varaosat\/jarrut\/jarrupalat\/xlc-disc-brake-pad-bp-o31-for-formula-mega-one-r-rx-organic-pad-steel-plate-1-set-2-pads\/#primaryimage"},"image":{"@id":"https:\/\/vmsport.fi\/verkkokauppa\/varaosat\/jarrut\/jarrupalat\/xlc-disc-brake-pad-bp-o31-for-formula-mega-one-r-rx-organic-pad-steel-plate-1-set-2-pads\/#primaryimage"},"thumbnailUrl":"https:\/\/vmsport.fi\/wp-content\/uploads\/2025\/03\/fd66uh9YUxZWIZuLs54JpHuAcENPYrfueSHKKPkhVH8MP0tayy-1.jpg","datePublished":"2025-03-05T22:05:21+00:00","dateModified":"2026-04-22T12:02:26+00:00","breadcrumb":{"@id":"https:\/\/vmsport.fi\/verkkokauppa\/varaosat\/jarrut\/jarrupalat\/xlc-disc-brake-pad-bp-o31-for-formula-mega-one-r-rx-organic-pad-steel-plate-1-set-2-pads\/#breadcrumb"},"inLanguage":"sv-SE","potentialAction":[{"@type":"ReadAction","target":["https:\/\/vmsport.fi\/verkkokauppa\/varaosat\/jarrut\/jarrupalat\/xlc-disc-brake-pad-bp-o31-for-formula-mega-one-r-rx-organic-pad-steel-plate-1-set-2-pads\/"]}]},{"@type":"ImageObject","inLanguage":"sv-SE","@id":"https:\/\/vmsport.fi\/verkkokauppa\/varaosat\/jarrut\/jarrupalat\/xlc-disc-brake-pad-bp-o31-for-formula-mega-one-r-rx-organic-pad-steel-plate-1-set-2-pads\/#primaryimage","url":"https:\/\/vmsport.fi\/wp-content\/uploads\/2025\/03\/fd66uh9YUxZWIZuLs54JpHuAcENPYrfueSHKKPkhVH8MP0tayy-1.jpg","contentUrl":"https:\/\/vmsport.fi\/wp-content\/uploads\/2025\/03\/fd66uh9YUxZWIZuLs54JpHuAcENPYrfueSHKKPkhVH8MP0tayy-1.jpg","width":312,"height":312,"caption":"fd66uh9YUxZWIZuLs54JpHuAcENPYrfueSHKKPkhVH8MP0tayy"},{"@type":"BreadcrumbList","@id":"https:\/\/vmsport.fi\/verkkokauppa\/varaosat\/jarrut\/jarrupalat\/xlc-disc-brake-pad-bp-o31-for-formula-mega-one-r-rx-organic-pad-steel-plate-1-set-2-pads\/#breadcrumb","itemListElement":[{"@type":"ListItem","position":1,"name":"Etusivu","item":"https:\/\/vmsport.fi\/"},{"@type":"ListItem","position":2,"name":"Online Store","item":"https:\/\/vmsport.fi\/en\/online-store\/"},{"@type":"ListItem","position":3,"name":"XLC Disc brake pad BP-O31 For Formula Mega ONE, R, RX Organic pad Steel plate 1 set (2 pads)"}]},{"@type":"WebSite","@id":"https:\/\/vmsport.fi\/#website","url":"https:\/\/vmsport.fi\/","name":"Vmsport","description":"Allt p\u00e5 ett st\u00e4lle f\u00f6r cykling","publisher":{"@id":"https:\/\/vmsport.fi\/#organization"},"potentialAction":[{"@type":"SearchAction","target":{"@type":"EntryPoint","urlTemplate":"https:\/\/vmsport.fi\/?s={search_term_string}"},"query-input":{"@type":"PropertyValueSpecification","valueRequired":true,"valueName":"search_term_string"}}],"inLanguage":"sv-SE"},{"@type":"Organization","@id":"https:\/\/vmsport.fi\/#organization","name":"Vmsport","url":"https:\/\/vmsport.fi\/","logo":{"@type":"ImageObject","inLanguage":"sv-SE","@id":"https:\/\/vmsport.fi\/#\/schema\/logo\/image\/","url":"https:\/\/vmsport.fi\/wp-content\/uploads\/2024\/12\/vm_sport_RGB_horisontal-e1734526017575.png","contentUrl":"https:\/\/vmsport.fi\/wp-content\/uploads\/2024\/12\/vm_sport_RGB_horisontal-e1734526017575.png","width":668,"height":85,"caption":"Vmsport"},"image":{"@id":"https:\/\/vmsport.fi\/#\/schema\/logo\/image\/"},"sameAs":["https:\/\/www.facebook.com\/Vmsport.fi\/","https:\/\/www.instagram.com\/vmsport\/"]}]}},"global_unique_id":"","_links":{"self":[{"href":"https:\/\/vmsport.fi\/sv\/wp-json\/wp\/v2\/product\/55342","targetHints":{"allow":["GET"]}}],"collection":[{"href":"https:\/\/vmsport.fi\/sv\/wp-json\/wp\/v2\/product"}],"about":[{"href":"https:\/\/vmsport.fi\/sv\/wp-json\/wp\/v2\/types\/product"}],"replies":[{"embeddable":true,"href":"https:\/\/vmsport.fi\/sv\/wp-json\/wp\/v2\/comments?post=55342"}],"wp:featuredmedia":[{"embeddable":true,"href":"https:\/\/vmsport.fi\/sv\/wp-json\/wp\/v2\/media\/55341"}],"wp:attachment":[{"href":"https:\/\/vmsport.fi\/sv\/wp-json\/wp\/v2\/media?parent=55342"}],"wp:term":[{"taxonomy":"product_brand","embeddable":true,"href":"https:\/\/vmsport.fi\/sv\/wp-json\/wp\/v2\/product_brand?post=55342"},{"taxonomy":"product_model","embeddable":true,"href":"https:\/\/vmsport.fi\/sv\/wp-json\/wp\/v2\/product_model?post=55342"},{"taxonomy":"product_cat","embeddable":true,"href":"https:\/\/vmsport.fi\/sv\/wp-json\/wp\/v2\/product_cat?post=55342"},{"taxonomy":"product_tag","embeddable":true,"href":"https:\/\/vmsport.fi\/sv\/wp-json\/wp\/v2\/product_tag?post=55342"},{"taxonomy":"industry_terminology","embeddable":true,"href":"https:\/\/vmsport.fi\/sv\/wp-json\/wp\/v2\/industry-terminology?post=55342"}],"curies":[{"name":"wp","href":"https:\/\/api.w.org\/{rel}","templated":true}]}}