{"id":55337,"date":"2025-03-06T00:05:19","date_gmt":"2025-03-05T22:05:19","guid":{"rendered":"https:\/\/vmsport.fi\/verkkokauppa\/Ei-luokiteltu\/tyokalu-tl-fc10-kammen-ulosvetaja-4-kantti\/"},"modified":"2026-01-16T13:24:36","modified_gmt":"2026-01-16T11:24:36","slug":"verktyg-tl-fc10-kamutdragare-4-positioner","status":"publish","type":"product","link":"https:\/\/vmsport.fi\/sv\/verkkokauppa\/tarvikkeet\/tyokalut\/voimansiirtotyokalut\/tyokalu-tl-fc10-kammen-ulosvetaja-4-kantti\/","title":{"rendered":"Verktyg TL-FC10 Skorstenssug 4-kantad"},"content":{"rendered":"<p>TL-FC10, en fyrkantig vevsatsborttagare, \u00e4r utformad f\u00f6r enkel och effektiv borttagning av hjulvevar. Detta precisionsverktyg kombinerar h\u00e5llbar konstruktion med enkel anv\u00e4ndning, vilket g\u00f6r det till ett utm\u00e4rkt val f\u00f6r b\u00e5de proffs och amat\u00f6rer. Den kompakta designen g\u00f6r verktyget l\u00e4tthanterligt och de h\u00f6gkvalitativa materialen garanterar l\u00e5ng livsl\u00e4ngd. Extraktorn \u00e4r s\u00e4rskilt l\u00e4mpad f\u00f6r fyrkantiga vevstakar och s\u00e4tter effektiviteten fr\u00e4mst i alla extraktionsuppgifter.<\/p>","protected":false},"excerpt":{"rendered":"<p>Ty\u00f6kalu TL-FC10, neli\u00f6nmallinen kampien irrotin, on suunniteltu py\u00f6r\u00e4n kampien vaivattomaan ja tehokkaaseen irrottamiseen. T\u00e4m\u00e4 tarkkuusty\u00f6kalu yhdist\u00e4\u00e4 kest\u00e4v\u00e4n rakenteen ja helpon k\u00e4ytett\u00e4vyyden, mik\u00e4 tekee siit\u00e4 erinomaisen valinnan sek\u00e4 ammattilaisille ett\u00e4 harrastajille. Sen kompakti muotoilu helpottaa k\u00e4sittely\u00e4, ja korkealaatuiset materiaalit varmistavat ty\u00f6kalun kest\u00e4vyyden. Erityisesti nelikanttisiin kampiin sopiva irrotin asettaa tehokkuuden etusijalle kaikissa irrotusteht\u00e4viss\u00e4. [&#8230;]<\/p>\n<p><a class=\"btn btn-secondary understrap-read-more-link\" href=\"https:\/\/vmsport.fi\/sv\/verkkokauppa\/tarvikkeet\/tyokalut\/voimansiirtotyokalut\/tyokalu-tl-fc10-kammen-ulosvetaja-4-kantti\/\">L\u00e4s mer \u2026<span class=\"screen-reader-text\"> from Ty\u00f6kalu TL-FC10 Kammen ulosvet\u00e4j\u00e4 4-kantti<\/span><\/a><\/p>\n","protected":false},"featured_media":55336,"comment_status":"open","ping_status":"closed","template":"","meta":{"_acf_changed":false,"_improvement_type_select":"improve_an_existing","_thumb_yes_seoaic":false,"_frame_yes_seoaic":false,"seoaic_generate_description":"","seoaic_improve_instructions_prompt":"","seoaic_rollback_content_improvement":"","seoaic_idea_thumbnail_generator":"","thumbnail_generated":false,"thumbnail_generate_prompt":"","seoaic_article_description":"","_supplier_stock_quantity":0},"product_brand":[],"product_model":[],"product_cat":[9342],"product_tag":[],"industry-terminology":[],"class_list":{"0":"post-55337","1":"product","2":"type-product","3":"status-publish","4":"has-post-thumbnail","6":"product_cat-voimansiirtotyokalut","8":"first","9":"outofstock","10":"taxable","11":"shipping-taxable","12":"product-type-simple"},"acf":{"bike_features":null,"overview":{"copy_overview":null,"key_features":null,"statement":"","youtube_url":""}},"yoast_head":"<!-- This site is optimized with the Yoast SEO plugin v27.3 - https:\/\/yoast.com\/product\/yoast-seo-wordpress\/ -->\n<title>Ty\u00f6kalu TL-FC10 Kammen ulosvet\u00e4j\u00e4 4-kantti - VM Sport<\/title>\n<meta name=\"robots\" content=\"index, follow, max-snippet:-1, max-image-preview:large, max-video-preview:-1\" \/>\n<link rel=\"canonical\" href=\"https:\/\/vmsport.fi\/sv\/webbutik\/tillbehor\/tyokalut\/transmissionsfasten\/verktyg-tl-fc10-kamutdragare-4-positioner\/\" \/>\n<meta property=\"og:locale\" content=\"sv_SE\" \/>\n<meta property=\"og:type\" content=\"article\" \/>\n<meta property=\"og:title\" content=\"Ty\u00f6kalu TL-FC10 Kammen ulosvet\u00e4j\u00e4 4-kantti - VM Sport\" \/>\n<meta property=\"og:description\" content=\"Ty\u00f6kalu TL-FC10, neli\u00f6nmallinen kampien irrotin, on suunniteltu py\u00f6r\u00e4n kampien vaivattomaan ja tehokkaaseen irrottamiseen. T\u00e4m\u00e4 tarkkuusty\u00f6kalu yhdist\u00e4\u00e4 kest\u00e4v\u00e4n rakenteen ja helpon k\u00e4ytett\u00e4vyyden, mik\u00e4 tekee siit\u00e4 erinomaisen valinnan sek\u00e4 ammattilaisille ett\u00e4 harrastajille. Sen kompakti muotoilu helpottaa k\u00e4sittely\u00e4, ja korkealaatuiset materiaalit varmistavat ty\u00f6kalun kest\u00e4vyyden. Erityisesti nelikanttisiin kampiin sopiva irrotin asettaa tehokkuuden etusijalle kaikissa irrotusteht\u00e4viss\u00e4. [...]L\u00e4s mer \u2026 from Ty\u00f6kalu TL-FC10 Kammen ulosvet\u00e4j\u00e4 4-kantti\" \/>\n<meta property=\"og:url\" content=\"https:\/\/vmsport.fi\/sv\/webbutik\/tillbehor\/tyokalut\/transmissionsfasten\/verktyg-tl-fc10-kamutdragare-4-positioner\/\" \/>\n<meta property=\"og:site_name\" content=\"VM Sport\" \/>\n<meta property=\"article:publisher\" content=\"https:\/\/www.facebook.com\/Vmsport.fi\/\" \/>\n<meta property=\"article:modified_time\" content=\"2026-01-16T11:24:36+00:00\" \/>\n<meta property=\"og:image\" content=\"https:\/\/vmsport.fi\/wp-content\/uploads\/2025\/03\/DeLJw2PzjBVLgDGR7otwl2H2gPzwHis4be8c7xRhIQWLF7SmUq-1.jpg\" \/>\n\t<meta property=\"og:image:width\" content=\"600\" \/>\n\t<meta property=\"og:image:height\" content=\"600\" \/>\n\t<meta property=\"og:image:type\" content=\"image\/jpeg\" \/>\n<meta name=\"twitter:card\" content=\"summary_large_image\" \/>\n<script type=\"application\/ld+json\" class=\"yoast-schema-graph\">{\"@context\":\"https:\\\/\\\/schema.org\",\"@graph\":[{\"@type\":[\"WebPage\",\"ItemPage\"],\"@id\":\"https:\\\/\\\/vmsport.fi\\\/verkkokauppa\\\/tarvikkeet\\\/tyokalut\\\/voimansiirtotyokalut\\\/tyokalu-tl-fc10-kammen-ulosvetaja-4-kantti\\\/\",\"url\":\"https:\\\/\\\/vmsport.fi\\\/verkkokauppa\\\/tarvikkeet\\\/tyokalut\\\/voimansiirtotyokalut\\\/tyokalu-tl-fc10-kammen-ulosvetaja-4-kantti\\\/\",\"name\":\"Ty\u00f6kalu TL-FC10 Kammen ulosvet\u00e4j\u00e4 4-kantti - VM Sport\",\"isPartOf\":{\"@id\":\"https:\\\/\\\/vmsport.fi\\\/#website\"},\"primaryImageOfPage\":{\"@id\":\"https:\\\/\\\/vmsport.fi\\\/verkkokauppa\\\/tarvikkeet\\\/tyokalut\\\/voimansiirtotyokalut\\\/tyokalu-tl-fc10-kammen-ulosvetaja-4-kantti\\\/#primaryimage\"},\"image\":{\"@id\":\"https:\\\/\\\/vmsport.fi\\\/verkkokauppa\\\/tarvikkeet\\\/tyokalut\\\/voimansiirtotyokalut\\\/tyokalu-tl-fc10-kammen-ulosvetaja-4-kantti\\\/#primaryimage\"},\"thumbnailUrl\":\"https:\\\/\\\/vmsport.fi\\\/wp-content\\\/uploads\\\/2025\\\/03\\\/DeLJw2PzjBVLgDGR7otwl2H2gPzwHis4be8c7xRhIQWLF7SmUq-1.jpg\",\"datePublished\":\"2025-03-05T22:05:19+00:00\",\"dateModified\":\"2026-01-16T11:24:36+00:00\",\"breadcrumb\":{\"@id\":\"https:\\\/\\\/vmsport.fi\\\/verkkokauppa\\\/tarvikkeet\\\/tyokalut\\\/voimansiirtotyokalut\\\/tyokalu-tl-fc10-kammen-ulosvetaja-4-kantti\\\/#breadcrumb\"},\"inLanguage\":\"sv-SE\",\"potentialAction\":[{\"@type\":\"ReadAction\",\"target\":[\"https:\\\/\\\/vmsport.fi\\\/verkkokauppa\\\/tarvikkeet\\\/tyokalut\\\/voimansiirtotyokalut\\\/tyokalu-tl-fc10-kammen-ulosvetaja-4-kantti\\\/\"]}]},{\"@type\":\"ImageObject\",\"inLanguage\":\"sv-SE\",\"@id\":\"https:\\\/\\\/vmsport.fi\\\/verkkokauppa\\\/tarvikkeet\\\/tyokalut\\\/voimansiirtotyokalut\\\/tyokalu-tl-fc10-kammen-ulosvetaja-4-kantti\\\/#primaryimage\",\"url\":\"https:\\\/\\\/vmsport.fi\\\/wp-content\\\/uploads\\\/2025\\\/03\\\/DeLJw2PzjBVLgDGR7otwl2H2gPzwHis4be8c7xRhIQWLF7SmUq-1.jpg\",\"contentUrl\":\"https:\\\/\\\/vmsport.fi\\\/wp-content\\\/uploads\\\/2025\\\/03\\\/DeLJw2PzjBVLgDGR7otwl2H2gPzwHis4be8c7xRhIQWLF7SmUq-1.jpg\",\"width\":600,\"height\":600,\"caption\":\"DeLJw2PzjBVLgDGR7otwl2H2gPzwHis4be8c7xRhIQWLF7SmUq\"},{\"@type\":\"BreadcrumbList\",\"@id\":\"https:\\\/\\\/vmsport.fi\\\/verkkokauppa\\\/tarvikkeet\\\/tyokalut\\\/voimansiirtotyokalut\\\/tyokalu-tl-fc10-kammen-ulosvetaja-4-kantti\\\/#breadcrumb\",\"itemListElement\":[{\"@type\":\"ListItem\",\"position\":1,\"name\":\"Etusivu\",\"item\":\"https:\\\/\\\/vmsport.fi\\\/\"},{\"@type\":\"ListItem\",\"position\":2,\"name\":\"Online Store\",\"item\":\"https:\\\/\\\/vmsport.fi\\\/en\\\/online-store\\\/\"},{\"@type\":\"ListItem\",\"position\":3,\"name\":\"Ty\u00f6kalu TL-FC10 Kammen ulosvet\u00e4j\u00e4 4-kantti\"}]},{\"@type\":\"WebSite\",\"@id\":\"https:\\\/\\\/vmsport.fi\\\/#website\",\"url\":\"https:\\\/\\\/vmsport.fi\\\/\",\"name\":\"Vmsport\",\"description\":\"Kaikki py\u00f6r\u00e4ilyyn yhdest\u00e4 paikasta\",\"publisher\":{\"@id\":\"https:\\\/\\\/vmsport.fi\\\/#organization\"},\"potentialAction\":[{\"@type\":\"SearchAction\",\"target\":{\"@type\":\"EntryPoint\",\"urlTemplate\":\"https:\\\/\\\/vmsport.fi\\\/?s={search_term_string}\"},\"query-input\":{\"@type\":\"PropertyValueSpecification\",\"valueRequired\":true,\"valueName\":\"search_term_string\"}}],\"inLanguage\":\"sv-SE\"},{\"@type\":\"Organization\",\"@id\":\"https:\\\/\\\/vmsport.fi\\\/#organization\",\"name\":\"Vmsport\",\"url\":\"https:\\\/\\\/vmsport.fi\\\/\",\"logo\":{\"@type\":\"ImageObject\",\"inLanguage\":\"sv-SE\",\"@id\":\"https:\\\/\\\/vmsport.fi\\\/#\\\/schema\\\/logo\\\/image\\\/\",\"url\":\"https:\\\/\\\/vmsport.fi\\\/wp-content\\\/uploads\\\/2024\\\/12\\\/vm_sport_RGB_horisontal-e1734526017575.png\",\"contentUrl\":\"https:\\\/\\\/vmsport.fi\\\/wp-content\\\/uploads\\\/2024\\\/12\\\/vm_sport_RGB_horisontal-e1734526017575.png\",\"width\":668,\"height\":85,\"caption\":\"Vmsport\"},\"image\":{\"@id\":\"https:\\\/\\\/vmsport.fi\\\/#\\\/schema\\\/logo\\\/image\\\/\"},\"sameAs\":[\"https:\\\/\\\/www.facebook.com\\\/Vmsport.fi\\\/\",\"https:\\\/\\\/www.instagram.com\\\/vmsport\\\/\"]}]}<\/script>\n<!-- \/ Yoast SEO plugin. -->","yoast_head_json":{"title":"Verktyg TL-FC10 F\u00e4lgutdragare 4-kantad - VM Sport","robots":{"index":"index","follow":"follow","max-snippet":"max-snippet:-1","max-image-preview":"max-image-preview:large","max-video-preview":"max-video-preview:-1"},"canonical":"https:\/\/vmsport.fi\/sv\/webbutik\/tillbehor\/tyokalut\/transmissionsfasten\/verktyg-tl-fc10-kamutdragare-4-positioner\/","og_locale":"sv_SE","og_type":"article","og_title":"Ty\u00f6kalu TL-FC10 Kammen ulosvet\u00e4j\u00e4 4-kantti - VM Sport","og_description":"Ty\u00f6kalu TL-FC10, neli\u00f6nmallinen kampien irrotin, on suunniteltu py\u00f6r\u00e4n kampien vaivattomaan ja tehokkaaseen irrottamiseen. T\u00e4m\u00e4 tarkkuusty\u00f6kalu yhdist\u00e4\u00e4 kest\u00e4v\u00e4n rakenteen ja helpon k\u00e4ytett\u00e4vyyden, mik\u00e4 tekee siit\u00e4 erinomaisen valinnan sek\u00e4 ammattilaisille ett\u00e4 harrastajille. Sen kompakti muotoilu helpottaa k\u00e4sittely\u00e4, ja korkealaatuiset materiaalit varmistavat ty\u00f6kalun kest\u00e4vyyden. Erityisesti nelikanttisiin kampiin sopiva irrotin asettaa tehokkuuden etusijalle kaikissa irrotusteht\u00e4viss\u00e4. [...]L\u00e4s mer \u2026 from Ty\u00f6kalu TL-FC10 Kammen ulosvet\u00e4j\u00e4 4-kantti","og_url":"https:\/\/vmsport.fi\/sv\/webbutik\/tillbehor\/tyokalut\/transmissionsfasten\/verktyg-tl-fc10-kamutdragare-4-positioner\/","og_site_name":"VM Sport","article_publisher":"https:\/\/www.facebook.com\/Vmsport.fi\/","article_modified_time":"2026-01-16T11:24:36+00:00","og_image":[{"width":600,"height":600,"url":"https:\/\/vmsport.fi\/wp-content\/uploads\/2025\/03\/DeLJw2PzjBVLgDGR7otwl2H2gPzwHis4be8c7xRhIQWLF7SmUq-1.jpg","type":"image\/jpeg"}],"twitter_card":"summary_large_image","schema":{"@context":"https:\/\/schema.org","@graph":[{"@type":["WebPage","ItemPage"],"@id":"https:\/\/vmsport.fi\/verkkokauppa\/tarvikkeet\/tyokalut\/voimansiirtotyokalut\/tyokalu-tl-fc10-kammen-ulosvetaja-4-kantti\/","url":"https:\/\/vmsport.fi\/verkkokauppa\/tarvikkeet\/tyokalut\/voimansiirtotyokalut\/tyokalu-tl-fc10-kammen-ulosvetaja-4-kantti\/","name":"Verktyg TL-FC10 F\u00e4lgutdragare 4-kantad - VM Sport","isPartOf":{"@id":"https:\/\/vmsport.fi\/#website"},"primaryImageOfPage":{"@id":"https:\/\/vmsport.fi\/verkkokauppa\/tarvikkeet\/tyokalut\/voimansiirtotyokalut\/tyokalu-tl-fc10-kammen-ulosvetaja-4-kantti\/#primaryimage"},"image":{"@id":"https:\/\/vmsport.fi\/verkkokauppa\/tarvikkeet\/tyokalut\/voimansiirtotyokalut\/tyokalu-tl-fc10-kammen-ulosvetaja-4-kantti\/#primaryimage"},"thumbnailUrl":"https:\/\/vmsport.fi\/wp-content\/uploads\/2025\/03\/DeLJw2PzjBVLgDGR7otwl2H2gPzwHis4be8c7xRhIQWLF7SmUq-1.jpg","datePublished":"2025-03-05T22:05:19+00:00","dateModified":"2026-01-16T11:24:36+00:00","breadcrumb":{"@id":"https:\/\/vmsport.fi\/verkkokauppa\/tarvikkeet\/tyokalut\/voimansiirtotyokalut\/tyokalu-tl-fc10-kammen-ulosvetaja-4-kantti\/#breadcrumb"},"inLanguage":"sv-SE","potentialAction":[{"@type":"ReadAction","target":["https:\/\/vmsport.fi\/verkkokauppa\/tarvikkeet\/tyokalut\/voimansiirtotyokalut\/tyokalu-tl-fc10-kammen-ulosvetaja-4-kantti\/"]}]},{"@type":"ImageObject","inLanguage":"sv-SE","@id":"https:\/\/vmsport.fi\/verkkokauppa\/tarvikkeet\/tyokalut\/voimansiirtotyokalut\/tyokalu-tl-fc10-kammen-ulosvetaja-4-kantti\/#primaryimage","url":"https:\/\/vmsport.fi\/wp-content\/uploads\/2025\/03\/DeLJw2PzjBVLgDGR7otwl2H2gPzwHis4be8c7xRhIQWLF7SmUq-1.jpg","contentUrl":"https:\/\/vmsport.fi\/wp-content\/uploads\/2025\/03\/DeLJw2PzjBVLgDGR7otwl2H2gPzwHis4be8c7xRhIQWLF7SmUq-1.jpg","width":600,"height":600,"caption":"DeLJw2PzjBVLgDGR7otwl2H2gPzwHis4be8c7xRhIQWLF7SmUq"},{"@type":"BreadcrumbList","@id":"https:\/\/vmsport.fi\/verkkokauppa\/tarvikkeet\/tyokalut\/voimansiirtotyokalut\/tyokalu-tl-fc10-kammen-ulosvetaja-4-kantti\/#breadcrumb","itemListElement":[{"@type":"ListItem","position":1,"name":"Etusivu","item":"https:\/\/vmsport.fi\/"},{"@type":"ListItem","position":2,"name":"Online Store","item":"https:\/\/vmsport.fi\/en\/online-store\/"},{"@type":"ListItem","position":3,"name":"Ty\u00f6kalu TL-FC10 Kammen ulosvet\u00e4j\u00e4 4-kantti"}]},{"@type":"WebSite","@id":"https:\/\/vmsport.fi\/#website","url":"https:\/\/vmsport.fi\/","name":"Vmsport","description":"Allt p\u00e5 ett st\u00e4lle f\u00f6r cykling","publisher":{"@id":"https:\/\/vmsport.fi\/#organization"},"potentialAction":[{"@type":"SearchAction","target":{"@type":"EntryPoint","urlTemplate":"https:\/\/vmsport.fi\/?s={search_term_string}"},"query-input":{"@type":"PropertyValueSpecification","valueRequired":true,"valueName":"search_term_string"}}],"inLanguage":"sv-SE"},{"@type":"Organization","@id":"https:\/\/vmsport.fi\/#organization","name":"Vmsport","url":"https:\/\/vmsport.fi\/","logo":{"@type":"ImageObject","inLanguage":"sv-SE","@id":"https:\/\/vmsport.fi\/#\/schema\/logo\/image\/","url":"https:\/\/vmsport.fi\/wp-content\/uploads\/2024\/12\/vm_sport_RGB_horisontal-e1734526017575.png","contentUrl":"https:\/\/vmsport.fi\/wp-content\/uploads\/2024\/12\/vm_sport_RGB_horisontal-e1734526017575.png","width":668,"height":85,"caption":"Vmsport"},"image":{"@id":"https:\/\/vmsport.fi\/#\/schema\/logo\/image\/"},"sameAs":["https:\/\/www.facebook.com\/Vmsport.fi\/","https:\/\/www.instagram.com\/vmsport\/"]}]}},"global_unique_id":"","_links":{"self":[{"href":"https:\/\/vmsport.fi\/sv\/wp-json\/wp\/v2\/product\/55337","targetHints":{"allow":["GET"]}}],"collection":[{"href":"https:\/\/vmsport.fi\/sv\/wp-json\/wp\/v2\/product"}],"about":[{"href":"https:\/\/vmsport.fi\/sv\/wp-json\/wp\/v2\/types\/product"}],"replies":[{"embeddable":true,"href":"https:\/\/vmsport.fi\/sv\/wp-json\/wp\/v2\/comments?post=55337"}],"wp:featuredmedia":[{"embeddable":true,"href":"https:\/\/vmsport.fi\/sv\/wp-json\/wp\/v2\/media\/55336"}],"wp:attachment":[{"href":"https:\/\/vmsport.fi\/sv\/wp-json\/wp\/v2\/media?parent=55337"}],"wp:term":[{"taxonomy":"product_brand","embeddable":true,"href":"https:\/\/vmsport.fi\/sv\/wp-json\/wp\/v2\/product_brand?post=55337"},{"taxonomy":"product_model","embeddable":true,"href":"https:\/\/vmsport.fi\/sv\/wp-json\/wp\/v2\/product_model?post=55337"},{"taxonomy":"product_cat","embeddable":true,"href":"https:\/\/vmsport.fi\/sv\/wp-json\/wp\/v2\/product_cat?post=55337"},{"taxonomy":"product_tag","embeddable":true,"href":"https:\/\/vmsport.fi\/sv\/wp-json\/wp\/v2\/product_tag?post=55337"},{"taxonomy":"industry_terminology","embeddable":true,"href":"https:\/\/vmsport.fi\/sv\/wp-json\/wp\/v2\/industry-terminology?post=55337"}],"curies":[{"name":"wp","href":"https:\/\/api.w.org\/{rel}","templated":true}]}}