{"id":55335,"date":"2025-03-06T00:05:18","date_gmt":"2025-03-05T22:05:18","guid":{"rendered":"https:\/\/vmsport.fi\/verkkokauppa\/Ei-luokiteltu\/ketjusuoja-herrmans-slyde-42-44-saadettava-muovi-e-bike\/"},"modified":"2026-01-16T13:25:58","modified_gmt":"2026-01-16T11:25:58","slug":"ketjusuoja-herrmans-slyde-42-44-saadettava-muovi-e-bike","status":"publish","type":"product","link":"https:\/\/vmsport.fi\/sv\/verkkokauppa\/varaosat\/voimansiirto\/ketjusuojat-ja-ohjurit\/ketjusuoja-herrmans-slyde-42-44-saadettava-muovi-e-bike\/","title":{"rendered":"Kedjeskydd HERRMANS Slyde 42\/44 justerbart, plast, Elcykel"},"content":{"rendered":"<p>HERRMANS Slyde -ketjusuoja on suunniteltu erityisesti s\u00e4hk\u00f6avusteisiin polkupy\u00f6riin, ja se tarjoaa erinomaisen suojan. Valmistettu kest\u00e4v\u00e4st\u00e4 muovista, t\u00e4m\u00e4 s\u00e4\u00e4dett\u00e4v\u00e4 ketjusuoja sopii erikokoisille eturattaiden v\u00e4leille, kuten 42\/44. Sen k\u00e4yt\u00e4nn\u00f6llinen ja kevyt rakenne tekee asennuksesta helppoa, ja virtaviivainen muotoilu pit\u00e4\u00e4 py\u00f6r\u00e4n ulkoasun tyylikk\u00e4\u00e4n\u00e4. T\u00e4m\u00e4 ketjusuoja on ihanteellinen valinta, kun haluat suojata polkupy\u00f6r\u00e4n ketjut ja vaatteet likaantumiselta ja vaurioilta.<\/p>","protected":false},"excerpt":{"rendered":"<p>HERRMANS Slyde -ketjusuoja on suunniteltu erityisesti s\u00e4hk\u00f6avusteisiin polkupy\u00f6riin, ja se tarjoaa erinomaisen suojan. Valmistettu kest\u00e4v\u00e4st\u00e4 muovista, t\u00e4m\u00e4 s\u00e4\u00e4dett\u00e4v\u00e4 ketjusuoja sopii erikokoisille eturattaiden v\u00e4leille, kuten 42\/44. Sen k\u00e4yt\u00e4nn\u00f6llinen ja kevyt rakenne tekee asennuksesta helppoa, ja virtaviivainen muotoilu pit\u00e4\u00e4 py\u00f6r\u00e4n ulkoasun tyylikk\u00e4\u00e4n\u00e4. T\u00e4m\u00e4 ketjusuoja on ihanteellinen valinta, kun haluat suojata polkupy\u00f6r\u00e4n ketjut ja vaatteet likaantumiselta ja vaurioilta. [&#8230;]<\/p>\n<p><a class=\"btn btn-secondary understrap-read-more-link\" href=\"https:\/\/vmsport.fi\/sv\/verkkokauppa\/varaosat\/voimansiirto\/ketjusuojat-ja-ohjurit\/ketjusuoja-herrmans-slyde-42-44-saadettava-muovi-e-bike\/\">L\u00e4s mer \u2026<span class=\"screen-reader-text\"> from Ketjusuoja HERRMANS Slyde 42\/44 s\u00e4\u00e4dett\u00e4v\u00e4, muovi, E-bike<\/span><\/a><\/p>\n","protected":false},"featured_media":55334,"comment_status":"open","ping_status":"closed","template":"","meta":{"_acf_changed":false,"_improvement_type_select":"improve_an_existing","_thumb_yes_seoaic":false,"_frame_yes_seoaic":false,"seoaic_generate_description":"","seoaic_improve_instructions_prompt":"","seoaic_rollback_content_improvement":"","seoaic_idea_thumbnail_generator":"","thumbnail_generated":false,"thumbnail_generate_prompt":"","seoaic_article_description":"","_supplier_stock_quantity":0},"product_brand":[],"product_model":[],"product_cat":[9470],"product_tag":[],"industry-terminology":[],"class_list":{"0":"post-55335","1":"product","2":"type-product","3":"status-publish","4":"has-post-thumbnail","6":"product_cat-ketjusuojat-ja-ohjurit","8":"first","9":"outofstock","10":"taxable","11":"shipping-taxable","12":"product-type-simple"},"acf":{"bike_features":null,"overview":{"copy_overview":null,"key_features":null,"statement":"","youtube_url":""}},"yoast_head":"<!-- This site is optimized with the Yoast SEO plugin v27.3 - https:\/\/yoast.com\/product\/yoast-seo-wordpress\/ -->\n<title>Ketjusuoja HERRMANS Slyde 42\/44 s\u00e4\u00e4dett\u00e4v\u00e4, muovi, E-bike - VM Sport<\/title>\n<meta name=\"robots\" content=\"index, follow, max-snippet:-1, max-image-preview:large, max-video-preview:-1\" \/>\n<link rel=\"canonical\" href=\"https:\/\/vmsport.fi\/sv\/webbutik\/reservdelar\/transmission\/kedjeskydd-och-styrningar\/ketjusuoja-herrmans-slyde-42-44-saadettava-muovi-e-bike\/\" \/>\n<meta property=\"og:locale\" content=\"sv_SE\" \/>\n<meta property=\"og:type\" content=\"article\" \/>\n<meta property=\"og:title\" content=\"Ketjusuoja HERRMANS Slyde 42\/44 s\u00e4\u00e4dett\u00e4v\u00e4, muovi, E-bike - VM Sport\" \/>\n<meta property=\"og:description\" content=\"HERRMANS Slyde -ketjusuoja on suunniteltu erityisesti s\u00e4hk\u00f6avusteisiin polkupy\u00f6riin, ja se tarjoaa erinomaisen suojan. Valmistettu kest\u00e4v\u00e4st\u00e4 muovista, t\u00e4m\u00e4 s\u00e4\u00e4dett\u00e4v\u00e4 ketjusuoja sopii erikokoisille eturattaiden v\u00e4leille, kuten 42\/44. Sen k\u00e4yt\u00e4nn\u00f6llinen ja kevyt rakenne tekee asennuksesta helppoa, ja virtaviivainen muotoilu pit\u00e4\u00e4 py\u00f6r\u00e4n ulkoasun tyylikk\u00e4\u00e4n\u00e4. T\u00e4m\u00e4 ketjusuoja on ihanteellinen valinta, kun haluat suojata polkupy\u00f6r\u00e4n ketjut ja vaatteet likaantumiselta ja vaurioilta. [...]L\u00e4s mer \u2026 from Ketjusuoja HERRMANS Slyde 42\/44 s\u00e4\u00e4dett\u00e4v\u00e4, muovi, E-bike\" \/>\n<meta property=\"og:url\" content=\"https:\/\/vmsport.fi\/sv\/webbutik\/reservdelar\/transmission\/kedjeskydd-och-styrningar\/ketjusuoja-herrmans-slyde-42-44-saadettava-muovi-e-bike\/\" \/>\n<meta property=\"og:site_name\" content=\"VM Sport\" \/>\n<meta property=\"article:publisher\" content=\"https:\/\/www.facebook.com\/Vmsport.fi\/\" \/>\n<meta property=\"article:modified_time\" content=\"2026-01-16T11:25:58+00:00\" \/>\n<meta property=\"og:image\" content=\"https:\/\/vmsport.fi\/wp-content\/uploads\/2025\/03\/60380-1.jpg\" \/>\n\t<meta property=\"og:image:width\" content=\"800\" \/>\n\t<meta property=\"og:image:height\" content=\"800\" \/>\n\t<meta property=\"og:image:type\" content=\"image\/jpeg\" \/>\n<meta name=\"twitter:card\" content=\"summary_large_image\" \/>\n<script type=\"application\/ld+json\" class=\"yoast-schema-graph\">{\"@context\":\"https:\\\/\\\/schema.org\",\"@graph\":[{\"@type\":[\"WebPage\",\"ItemPage\"],\"@id\":\"https:\\\/\\\/vmsport.fi\\\/verkkokauppa\\\/varaosat\\\/voimansiirto\\\/ketjusuojat-ja-ohjurit\\\/ketjusuoja-herrmans-slyde-42-44-saadettava-muovi-e-bike\\\/\",\"url\":\"https:\\\/\\\/vmsport.fi\\\/verkkokauppa\\\/varaosat\\\/voimansiirto\\\/ketjusuojat-ja-ohjurit\\\/ketjusuoja-herrmans-slyde-42-44-saadettava-muovi-e-bike\\\/\",\"name\":\"Ketjusuoja HERRMANS Slyde 42\\\/44 s\u00e4\u00e4dett\u00e4v\u00e4, muovi, E-bike - VM Sport\",\"isPartOf\":{\"@id\":\"https:\\\/\\\/vmsport.fi\\\/#website\"},\"primaryImageOfPage\":{\"@id\":\"https:\\\/\\\/vmsport.fi\\\/verkkokauppa\\\/varaosat\\\/voimansiirto\\\/ketjusuojat-ja-ohjurit\\\/ketjusuoja-herrmans-slyde-42-44-saadettava-muovi-e-bike\\\/#primaryimage\"},\"image\":{\"@id\":\"https:\\\/\\\/vmsport.fi\\\/verkkokauppa\\\/varaosat\\\/voimansiirto\\\/ketjusuojat-ja-ohjurit\\\/ketjusuoja-herrmans-slyde-42-44-saadettava-muovi-e-bike\\\/#primaryimage\"},\"thumbnailUrl\":\"https:\\\/\\\/vmsport.fi\\\/wp-content\\\/uploads\\\/2025\\\/03\\\/60380-1.jpg\",\"datePublished\":\"2025-03-05T22:05:18+00:00\",\"dateModified\":\"2026-01-16T11:25:58+00:00\",\"breadcrumb\":{\"@id\":\"https:\\\/\\\/vmsport.fi\\\/verkkokauppa\\\/varaosat\\\/voimansiirto\\\/ketjusuojat-ja-ohjurit\\\/ketjusuoja-herrmans-slyde-42-44-saadettava-muovi-e-bike\\\/#breadcrumb\"},\"inLanguage\":\"sv-SE\",\"potentialAction\":[{\"@type\":\"ReadAction\",\"target\":[\"https:\\\/\\\/vmsport.fi\\\/verkkokauppa\\\/varaosat\\\/voimansiirto\\\/ketjusuojat-ja-ohjurit\\\/ketjusuoja-herrmans-slyde-42-44-saadettava-muovi-e-bike\\\/\"]}]},{\"@type\":\"ImageObject\",\"inLanguage\":\"sv-SE\",\"@id\":\"https:\\\/\\\/vmsport.fi\\\/verkkokauppa\\\/varaosat\\\/voimansiirto\\\/ketjusuojat-ja-ohjurit\\\/ketjusuoja-herrmans-slyde-42-44-saadettava-muovi-e-bike\\\/#primaryimage\",\"url\":\"https:\\\/\\\/vmsport.fi\\\/wp-content\\\/uploads\\\/2025\\\/03\\\/60380-1.jpg\",\"contentUrl\":\"https:\\\/\\\/vmsport.fi\\\/wp-content\\\/uploads\\\/2025\\\/03\\\/60380-1.jpg\",\"width\":800,\"height\":800,\"caption\":\"60380\"},{\"@type\":\"BreadcrumbList\",\"@id\":\"https:\\\/\\\/vmsport.fi\\\/verkkokauppa\\\/varaosat\\\/voimansiirto\\\/ketjusuojat-ja-ohjurit\\\/ketjusuoja-herrmans-slyde-42-44-saadettava-muovi-e-bike\\\/#breadcrumb\",\"itemListElement\":[{\"@type\":\"ListItem\",\"position\":1,\"name\":\"Etusivu\",\"item\":\"https:\\\/\\\/vmsport.fi\\\/\"},{\"@type\":\"ListItem\",\"position\":2,\"name\":\"Online Store\",\"item\":\"https:\\\/\\\/vmsport.fi\\\/en\\\/online-store\\\/\"},{\"@type\":\"ListItem\",\"position\":3,\"name\":\"Ketjusuoja HERRMANS Slyde 42\\\/44 s\u00e4\u00e4dett\u00e4v\u00e4, muovi, E-bike\"}]},{\"@type\":\"WebSite\",\"@id\":\"https:\\\/\\\/vmsport.fi\\\/#website\",\"url\":\"https:\\\/\\\/vmsport.fi\\\/\",\"name\":\"Vmsport\",\"description\":\"Kaikki py\u00f6r\u00e4ilyyn yhdest\u00e4 paikasta\",\"publisher\":{\"@id\":\"https:\\\/\\\/vmsport.fi\\\/#organization\"},\"potentialAction\":[{\"@type\":\"SearchAction\",\"target\":{\"@type\":\"EntryPoint\",\"urlTemplate\":\"https:\\\/\\\/vmsport.fi\\\/?s={search_term_string}\"},\"query-input\":{\"@type\":\"PropertyValueSpecification\",\"valueRequired\":true,\"valueName\":\"search_term_string\"}}],\"inLanguage\":\"sv-SE\"},{\"@type\":\"Organization\",\"@id\":\"https:\\\/\\\/vmsport.fi\\\/#organization\",\"name\":\"Vmsport\",\"url\":\"https:\\\/\\\/vmsport.fi\\\/\",\"logo\":{\"@type\":\"ImageObject\",\"inLanguage\":\"sv-SE\",\"@id\":\"https:\\\/\\\/vmsport.fi\\\/#\\\/schema\\\/logo\\\/image\\\/\",\"url\":\"https:\\\/\\\/vmsport.fi\\\/wp-content\\\/uploads\\\/2024\\\/12\\\/vm_sport_RGB_horisontal-e1734526017575.png\",\"contentUrl\":\"https:\\\/\\\/vmsport.fi\\\/wp-content\\\/uploads\\\/2024\\\/12\\\/vm_sport_RGB_horisontal-e1734526017575.png\",\"width\":668,\"height\":85,\"caption\":\"Vmsport\"},\"image\":{\"@id\":\"https:\\\/\\\/vmsport.fi\\\/#\\\/schema\\\/logo\\\/image\\\/\"},\"sameAs\":[\"https:\\\/\\\/www.facebook.com\\\/Vmsport.fi\\\/\",\"https:\\\/\\\/www.instagram.com\\\/vmsport\\\/\"]}]}<\/script>\n<!-- \/ Yoast SEO plugin. -->","yoast_head_json":{"title":"Ketjusuoja HERRMANS Slyde 42\/44 s\u00e4\u00e4dett\u00e4v\u00e4, muovi, E-bike - VM Sport","robots":{"index":"index","follow":"follow","max-snippet":"max-snippet:-1","max-image-preview":"max-image-preview:large","max-video-preview":"max-video-preview:-1"},"canonical":"https:\/\/vmsport.fi\/sv\/webbutik\/reservdelar\/transmission\/kedjeskydd-och-styrningar\/ketjusuoja-herrmans-slyde-42-44-saadettava-muovi-e-bike\/","og_locale":"sv_SE","og_type":"article","og_title":"Ketjusuoja HERRMANS Slyde 42\/44 s\u00e4\u00e4dett\u00e4v\u00e4, muovi, E-bike - VM Sport","og_description":"HERRMANS Slyde -ketjusuoja on suunniteltu erityisesti s\u00e4hk\u00f6avusteisiin polkupy\u00f6riin, ja se tarjoaa erinomaisen suojan. Valmistettu kest\u00e4v\u00e4st\u00e4 muovista, t\u00e4m\u00e4 s\u00e4\u00e4dett\u00e4v\u00e4 ketjusuoja sopii erikokoisille eturattaiden v\u00e4leille, kuten 42\/44. Sen k\u00e4yt\u00e4nn\u00f6llinen ja kevyt rakenne tekee asennuksesta helppoa, ja virtaviivainen muotoilu pit\u00e4\u00e4 py\u00f6r\u00e4n ulkoasun tyylikk\u00e4\u00e4n\u00e4. T\u00e4m\u00e4 ketjusuoja on ihanteellinen valinta, kun haluat suojata polkupy\u00f6r\u00e4n ketjut ja vaatteet likaantumiselta ja vaurioilta. [...]L\u00e4s mer \u2026 from Ketjusuoja HERRMANS Slyde 42\/44 s\u00e4\u00e4dett\u00e4v\u00e4, muovi, E-bike","og_url":"https:\/\/vmsport.fi\/sv\/webbutik\/reservdelar\/transmission\/kedjeskydd-och-styrningar\/ketjusuoja-herrmans-slyde-42-44-saadettava-muovi-e-bike\/","og_site_name":"VM Sport","article_publisher":"https:\/\/www.facebook.com\/Vmsport.fi\/","article_modified_time":"2026-01-16T11:25:58+00:00","og_image":[{"width":800,"height":800,"url":"https:\/\/vmsport.fi\/wp-content\/uploads\/2025\/03\/60380-1.jpg","type":"image\/jpeg"}],"twitter_card":"summary_large_image","schema":{"@context":"https:\/\/schema.org","@graph":[{"@type":["WebPage","ItemPage"],"@id":"https:\/\/vmsport.fi\/verkkokauppa\/varaosat\/voimansiirto\/ketjusuojat-ja-ohjurit\/ketjusuoja-herrmans-slyde-42-44-saadettava-muovi-e-bike\/","url":"https:\/\/vmsport.fi\/verkkokauppa\/varaosat\/voimansiirto\/ketjusuojat-ja-ohjurit\/ketjusuoja-herrmans-slyde-42-44-saadettava-muovi-e-bike\/","name":"Ketjusuoja HERRMANS Slyde 42\/44 s\u00e4\u00e4dett\u00e4v\u00e4, muovi, E-bike - VM Sport","isPartOf":{"@id":"https:\/\/vmsport.fi\/#website"},"primaryImageOfPage":{"@id":"https:\/\/vmsport.fi\/verkkokauppa\/varaosat\/voimansiirto\/ketjusuojat-ja-ohjurit\/ketjusuoja-herrmans-slyde-42-44-saadettava-muovi-e-bike\/#primaryimage"},"image":{"@id":"https:\/\/vmsport.fi\/verkkokauppa\/varaosat\/voimansiirto\/ketjusuojat-ja-ohjurit\/ketjusuoja-herrmans-slyde-42-44-saadettava-muovi-e-bike\/#primaryimage"},"thumbnailUrl":"https:\/\/vmsport.fi\/wp-content\/uploads\/2025\/03\/60380-1.jpg","datePublished":"2025-03-05T22:05:18+00:00","dateModified":"2026-01-16T11:25:58+00:00","breadcrumb":{"@id":"https:\/\/vmsport.fi\/verkkokauppa\/varaosat\/voimansiirto\/ketjusuojat-ja-ohjurit\/ketjusuoja-herrmans-slyde-42-44-saadettava-muovi-e-bike\/#breadcrumb"},"inLanguage":"sv-SE","potentialAction":[{"@type":"ReadAction","target":["https:\/\/vmsport.fi\/verkkokauppa\/varaosat\/voimansiirto\/ketjusuojat-ja-ohjurit\/ketjusuoja-herrmans-slyde-42-44-saadettava-muovi-e-bike\/"]}]},{"@type":"ImageObject","inLanguage":"sv-SE","@id":"https:\/\/vmsport.fi\/verkkokauppa\/varaosat\/voimansiirto\/ketjusuojat-ja-ohjurit\/ketjusuoja-herrmans-slyde-42-44-saadettava-muovi-e-bike\/#primaryimage","url":"https:\/\/vmsport.fi\/wp-content\/uploads\/2025\/03\/60380-1.jpg","contentUrl":"https:\/\/vmsport.fi\/wp-content\/uploads\/2025\/03\/60380-1.jpg","width":800,"height":800,"caption":"60380"},{"@type":"BreadcrumbList","@id":"https:\/\/vmsport.fi\/verkkokauppa\/varaosat\/voimansiirto\/ketjusuojat-ja-ohjurit\/ketjusuoja-herrmans-slyde-42-44-saadettava-muovi-e-bike\/#breadcrumb","itemListElement":[{"@type":"ListItem","position":1,"name":"Etusivu","item":"https:\/\/vmsport.fi\/"},{"@type":"ListItem","position":2,"name":"Online Store","item":"https:\/\/vmsport.fi\/en\/online-store\/"},{"@type":"ListItem","position":3,"name":"Ketjusuoja HERRMANS Slyde 42\/44 s\u00e4\u00e4dett\u00e4v\u00e4, muovi, E-bike"}]},{"@type":"WebSite","@id":"https:\/\/vmsport.fi\/#website","url":"https:\/\/vmsport.fi\/","name":"Vmsport","description":"Allt p\u00e5 ett st\u00e4lle f\u00f6r cykling","publisher":{"@id":"https:\/\/vmsport.fi\/#organization"},"potentialAction":[{"@type":"SearchAction","target":{"@type":"EntryPoint","urlTemplate":"https:\/\/vmsport.fi\/?s={search_term_string}"},"query-input":{"@type":"PropertyValueSpecification","valueRequired":true,"valueName":"search_term_string"}}],"inLanguage":"sv-SE"},{"@type":"Organization","@id":"https:\/\/vmsport.fi\/#organization","name":"Vmsport","url":"https:\/\/vmsport.fi\/","logo":{"@type":"ImageObject","inLanguage":"sv-SE","@id":"https:\/\/vmsport.fi\/#\/schema\/logo\/image\/","url":"https:\/\/vmsport.fi\/wp-content\/uploads\/2024\/12\/vm_sport_RGB_horisontal-e1734526017575.png","contentUrl":"https:\/\/vmsport.fi\/wp-content\/uploads\/2024\/12\/vm_sport_RGB_horisontal-e1734526017575.png","width":668,"height":85,"caption":"Vmsport"},"image":{"@id":"https:\/\/vmsport.fi\/#\/schema\/logo\/image\/"},"sameAs":["https:\/\/www.facebook.com\/Vmsport.fi\/","https:\/\/www.instagram.com\/vmsport\/"]}]}},"global_unique_id":"","_links":{"self":[{"href":"https:\/\/vmsport.fi\/sv\/wp-json\/wp\/v2\/product\/55335","targetHints":{"allow":["GET"]}}],"collection":[{"href":"https:\/\/vmsport.fi\/sv\/wp-json\/wp\/v2\/product"}],"about":[{"href":"https:\/\/vmsport.fi\/sv\/wp-json\/wp\/v2\/types\/product"}],"replies":[{"embeddable":true,"href":"https:\/\/vmsport.fi\/sv\/wp-json\/wp\/v2\/comments?post=55335"}],"wp:featuredmedia":[{"embeddable":true,"href":"https:\/\/vmsport.fi\/sv\/wp-json\/wp\/v2\/media\/55334"}],"wp:attachment":[{"href":"https:\/\/vmsport.fi\/sv\/wp-json\/wp\/v2\/media?parent=55335"}],"wp:term":[{"taxonomy":"product_brand","embeddable":true,"href":"https:\/\/vmsport.fi\/sv\/wp-json\/wp\/v2\/product_brand?post=55335"},{"taxonomy":"product_model","embeddable":true,"href":"https:\/\/vmsport.fi\/sv\/wp-json\/wp\/v2\/product_model?post=55335"},{"taxonomy":"product_cat","embeddable":true,"href":"https:\/\/vmsport.fi\/sv\/wp-json\/wp\/v2\/product_cat?post=55335"},{"taxonomy":"product_tag","embeddable":true,"href":"https:\/\/vmsport.fi\/sv\/wp-json\/wp\/v2\/product_tag?post=55335"},{"taxonomy":"industry_terminology","embeddable":true,"href":"https:\/\/vmsport.fi\/sv\/wp-json\/wp\/v2\/industry-terminology?post=55335"}],"curies":[{"name":"wp","href":"https:\/\/api.w.org\/{rel}","templated":true}]}}