{"id":55333,"date":"2025-03-06T00:05:17","date_gmt":"2025-03-05T22:05:17","guid":{"rendered":"https:\/\/vmsport.fi\/verkkokauppa\/Ei-luokiteltu\/ketju-hg40-6-7-8-ketjulukolla\/"},"modified":"2026-04-23T03:00:46","modified_gmt":"2026-04-23T00:00:46","slug":"kedja-hg40-6-7-8-med-kedjelas","status":"publish","type":"product","link":"https:\/\/vmsport.fi\/sv\/verkkokauppa\/varaosat\/voimansiirto\/ketjut\/ketju-hg40-6-7-8-ketjulukolla\/","title":{"rendered":"Kedja HG40 6\/7\/8 med kedjel\u00e5s"},"content":{"rendered":"<p>Shimano HG40-kedjan \u00e4r en produkt som \u00e4r utformad f\u00f6r cyklister och garanterar tillf\u00f6rlitlig prestanda f\u00f6r 6-, 7- och 8-v\u00e4xlade system. Denna h\u00e5llbara metallkomponent \u00e4r en viktig del av drivlinan och s\u00e4kerst\u00e4ller smidiga v\u00e4xlingar. L\u00e5set som medf\u00f6ljer kedjan g\u00f6r installation och underh\u00e5ll enkelt. Denna slitstarka kedja \u00e4r en viktig del av utrustningen f\u00f6r alla cyklister som vill njuta av en smidig och p\u00e5litlig cykelupplevelse.<\/p>","protected":false},"excerpt":{"rendered":"<p>Shimano HG40 -ketju on py\u00f6r\u00e4ilij\u00f6ille suunniteltu tuote, joka takaa luotettavan suorituskyvyn 6-, 7- ja 8-vaihteisille j\u00e4rjestelmille. T\u00e4m\u00e4 kest\u00e4v\u00e4 metallikomponentti on olennainen osa voimansiirtoa ja varmistaa sujuvan vaihteenvaihdon. Ketjun mukana tuleva lukko tekee asennuksesta ja huollosta helppoa. T\u00e4m\u00e4 kulutusta kest\u00e4v\u00e4 ketju on t\u00e4rke\u00e4 varuste kaikille py\u00f6r\u00e4ilij\u00f6ille, jotka haluavat nauttia tasaisesta ja toimintavarmasta py\u00f6r\u00e4ilykokemuksesta. [&#8230;]<\/p>\n<p><a class=\"btn btn-secondary understrap-read-more-link\" href=\"https:\/\/vmsport.fi\/sv\/verkkokauppa\/varaosat\/voimansiirto\/ketjut\/ketju-hg40-6-7-8-ketjulukolla\/\">L\u00e4s mer \u2026<span class=\"screen-reader-text\"> from Ketju HG40 6\/7\/8 Ketjulukolla<\/span><\/a><\/p>\n","protected":false},"featured_media":55331,"comment_status":"open","ping_status":"closed","template":"","meta":{"_acf_changed":false,"_improvement_type_select":"improve_an_existing","_thumb_yes_seoaic":false,"_frame_yes_seoaic":false,"seoaic_generate_description":"","seoaic_improve_instructions_prompt":"","seoaic_rollback_content_improvement":"","seoaic_idea_thumbnail_generator":"","thumbnail_generated":false,"thumbnail_generate_prompt":"","seoaic_article_description":"","_supplier_stock_quantity":0},"product_brand":[],"product_model":[],"product_cat":[9352],"product_tag":[],"industry-terminology":[],"class_list":{"0":"post-55333","1":"product","2":"type-product","3":"status-publish","4":"has-post-thumbnail","6":"product_cat-ketjut","8":"first","9":"outofstock","10":"taxable","11":"shipping-taxable","12":"product-type-simple"},"acf":{"bike_features":null,"overview":{"copy_overview":null,"key_features":null,"statement":"","youtube_url":""}},"yoast_head":"<!-- This site is optimized with the Yoast SEO plugin v27.4 - https:\/\/yoast.com\/product\/yoast-seo-wordpress\/ -->\n<title>Ketju HG40 6\/7\/8 Ketjulukolla - VM Sport<\/title>\n<meta name=\"robots\" content=\"index, follow, max-snippet:-1, max-image-preview:large, max-video-preview:-1\" \/>\n<link rel=\"canonical\" href=\"https:\/\/vmsport.fi\/sv\/webbutik\/reservdelar\/transmission\/kedjor\/kedja-hg40-6-7-8-med-kedjelas\/\" \/>\n<meta property=\"og:locale\" content=\"sv_SE\" \/>\n<meta property=\"og:type\" content=\"article\" \/>\n<meta property=\"og:title\" content=\"Ketju HG40 6\/7\/8 Ketjulukolla - VM Sport\" \/>\n<meta property=\"og:description\" content=\"Shimano HG40 -ketju on py\u00f6r\u00e4ilij\u00f6ille suunniteltu tuote, joka takaa luotettavan suorituskyvyn 6-, 7- ja 8-vaihteisille j\u00e4rjestelmille. T\u00e4m\u00e4 kest\u00e4v\u00e4 metallikomponentti on olennainen osa voimansiirtoa ja varmistaa sujuvan vaihteenvaihdon. Ketjun mukana tuleva lukko tekee asennuksesta ja huollosta helppoa. T\u00e4m\u00e4 kulutusta kest\u00e4v\u00e4 ketju on t\u00e4rke\u00e4 varuste kaikille py\u00f6r\u00e4ilij\u00f6ille, jotka haluavat nauttia tasaisesta ja toimintavarmasta py\u00f6r\u00e4ilykokemuksesta. [...]L\u00e4s mer \u2026 from Ketju HG40 6\/7\/8 Ketjulukolla\" \/>\n<meta property=\"og:url\" content=\"https:\/\/vmsport.fi\/sv\/webbutik\/reservdelar\/transmission\/kedjor\/kedja-hg40-6-7-8-med-kedjelas\/\" \/>\n<meta property=\"og:site_name\" content=\"VM Sport\" \/>\n<meta property=\"article:publisher\" content=\"https:\/\/www.facebook.com\/Vmsport.fi\/\" \/>\n<meta property=\"article:modified_time\" content=\"2026-04-23T00:00:46+00:00\" \/>\n<meta property=\"og:image\" content=\"https:\/\/vmsport.fi\/wp-content\/uploads\/2025\/03\/20210916-ECNHG40116Q-1.jpg\" \/>\n\t<meta property=\"og:image:width\" content=\"600\" \/>\n\t<meta property=\"og:image:height\" content=\"600\" \/>\n\t<meta property=\"og:image:type\" content=\"image\/jpeg\" \/>\n<meta name=\"twitter:card\" content=\"summary_large_image\" \/>\n<script type=\"application\/ld+json\" class=\"yoast-schema-graph\">{\"@context\":\"https:\\\/\\\/schema.org\",\"@graph\":[{\"@type\":[\"WebPage\",\"ItemPage\"],\"@id\":\"https:\\\/\\\/vmsport.fi\\\/verkkokauppa\\\/varaosat\\\/voimansiirto\\\/ketjut\\\/ketju-hg40-6-7-8-ketjulukolla\\\/\",\"url\":\"https:\\\/\\\/vmsport.fi\\\/verkkokauppa\\\/varaosat\\\/voimansiirto\\\/ketjut\\\/ketju-hg40-6-7-8-ketjulukolla\\\/\",\"name\":\"Ketju HG40 6\\\/7\\\/8 Ketjulukolla - VM Sport\",\"isPartOf\":{\"@id\":\"https:\\\/\\\/vmsport.fi\\\/#website\"},\"primaryImageOfPage\":{\"@id\":\"https:\\\/\\\/vmsport.fi\\\/verkkokauppa\\\/varaosat\\\/voimansiirto\\\/ketjut\\\/ketju-hg40-6-7-8-ketjulukolla\\\/#primaryimage\"},\"image\":{\"@id\":\"https:\\\/\\\/vmsport.fi\\\/verkkokauppa\\\/varaosat\\\/voimansiirto\\\/ketjut\\\/ketju-hg40-6-7-8-ketjulukolla\\\/#primaryimage\"},\"thumbnailUrl\":\"https:\\\/\\\/vmsport.fi\\\/wp-content\\\/uploads\\\/2025\\\/03\\\/20210916-ECNHG40116Q-1.jpg\",\"datePublished\":\"2025-03-05T22:05:17+00:00\",\"dateModified\":\"2026-04-23T00:00:46+00:00\",\"breadcrumb\":{\"@id\":\"https:\\\/\\\/vmsport.fi\\\/verkkokauppa\\\/varaosat\\\/voimansiirto\\\/ketjut\\\/ketju-hg40-6-7-8-ketjulukolla\\\/#breadcrumb\"},\"inLanguage\":\"sv-SE\",\"potentialAction\":[{\"@type\":\"ReadAction\",\"target\":[\"https:\\\/\\\/vmsport.fi\\\/verkkokauppa\\\/varaosat\\\/voimansiirto\\\/ketjut\\\/ketju-hg40-6-7-8-ketjulukolla\\\/\"]}]},{\"@type\":\"ImageObject\",\"inLanguage\":\"sv-SE\",\"@id\":\"https:\\\/\\\/vmsport.fi\\\/verkkokauppa\\\/varaosat\\\/voimansiirto\\\/ketjut\\\/ketju-hg40-6-7-8-ketjulukolla\\\/#primaryimage\",\"url\":\"https:\\\/\\\/vmsport.fi\\\/wp-content\\\/uploads\\\/2025\\\/03\\\/20210916-ECNHG40116Q-1.jpg\",\"contentUrl\":\"https:\\\/\\\/vmsport.fi\\\/wp-content\\\/uploads\\\/2025\\\/03\\\/20210916-ECNHG40116Q-1.jpg\",\"width\":600,\"height\":600,\"caption\":\"20210916-ECNHG40116Q\"},{\"@type\":\"BreadcrumbList\",\"@id\":\"https:\\\/\\\/vmsport.fi\\\/verkkokauppa\\\/varaosat\\\/voimansiirto\\\/ketjut\\\/ketju-hg40-6-7-8-ketjulukolla\\\/#breadcrumb\",\"itemListElement\":[{\"@type\":\"ListItem\",\"position\":1,\"name\":\"Etusivu\",\"item\":\"https:\\\/\\\/vmsport.fi\\\/\"},{\"@type\":\"ListItem\",\"position\":2,\"name\":\"Online Store\",\"item\":\"https:\\\/\\\/vmsport.fi\\\/en\\\/online-store\\\/\"},{\"@type\":\"ListItem\",\"position\":3,\"name\":\"Ketju HG40 6\\\/7\\\/8 Ketjulukolla\"}]},{\"@type\":\"WebSite\",\"@id\":\"https:\\\/\\\/vmsport.fi\\\/#website\",\"url\":\"https:\\\/\\\/vmsport.fi\\\/\",\"name\":\"Vmsport\",\"description\":\"Kaikki py\u00f6r\u00e4ilyyn yhdest\u00e4 paikasta\",\"publisher\":{\"@id\":\"https:\\\/\\\/vmsport.fi\\\/#organization\"},\"potentialAction\":[{\"@type\":\"SearchAction\",\"target\":{\"@type\":\"EntryPoint\",\"urlTemplate\":\"https:\\\/\\\/vmsport.fi\\\/?s={search_term_string}\"},\"query-input\":{\"@type\":\"PropertyValueSpecification\",\"valueRequired\":true,\"valueName\":\"search_term_string\"}}],\"inLanguage\":\"sv-SE\"},{\"@type\":\"Organization\",\"@id\":\"https:\\\/\\\/vmsport.fi\\\/#organization\",\"name\":\"Vmsport\",\"url\":\"https:\\\/\\\/vmsport.fi\\\/\",\"logo\":{\"@type\":\"ImageObject\",\"inLanguage\":\"sv-SE\",\"@id\":\"https:\\\/\\\/vmsport.fi\\\/#\\\/schema\\\/logo\\\/image\\\/\",\"url\":\"https:\\\/\\\/vmsport.fi\\\/wp-content\\\/uploads\\\/2024\\\/12\\\/vm_sport_RGB_horisontal-e1734526017575.png\",\"contentUrl\":\"https:\\\/\\\/vmsport.fi\\\/wp-content\\\/uploads\\\/2024\\\/12\\\/vm_sport_RGB_horisontal-e1734526017575.png\",\"width\":668,\"height\":85,\"caption\":\"Vmsport\"},\"image\":{\"@id\":\"https:\\\/\\\/vmsport.fi\\\/#\\\/schema\\\/logo\\\/image\\\/\"},\"sameAs\":[\"https:\\\/\\\/www.facebook.com\\\/Vmsport.fi\\\/\",\"https:\\\/\\\/www.instagram.com\\\/vmsport\\\/\"]}]}<\/script>\n<!-- \/ Yoast SEO plugin. -->","yoast_head_json":{"title":"Kedja HG40 6\/7\/8 med kedjel\u00e5s - VM Sport","robots":{"index":"index","follow":"follow","max-snippet":"max-snippet:-1","max-image-preview":"max-image-preview:large","max-video-preview":"max-video-preview:-1"},"canonical":"https:\/\/vmsport.fi\/sv\/webbutik\/reservdelar\/transmission\/kedjor\/kedja-hg40-6-7-8-med-kedjelas\/","og_locale":"sv_SE","og_type":"article","og_title":"Ketju HG40 6\/7\/8 Ketjulukolla - VM Sport","og_description":"Shimano HG40 -ketju on py\u00f6r\u00e4ilij\u00f6ille suunniteltu tuote, joka takaa luotettavan suorituskyvyn 6-, 7- ja 8-vaihteisille j\u00e4rjestelmille. T\u00e4m\u00e4 kest\u00e4v\u00e4 metallikomponentti on olennainen osa voimansiirtoa ja varmistaa sujuvan vaihteenvaihdon. Ketjun mukana tuleva lukko tekee asennuksesta ja huollosta helppoa. T\u00e4m\u00e4 kulutusta kest\u00e4v\u00e4 ketju on t\u00e4rke\u00e4 varuste kaikille py\u00f6r\u00e4ilij\u00f6ille, jotka haluavat nauttia tasaisesta ja toimintavarmasta py\u00f6r\u00e4ilykokemuksesta. [...]L\u00e4s mer \u2026 from Ketju HG40 6\/7\/8 Ketjulukolla","og_url":"https:\/\/vmsport.fi\/sv\/webbutik\/reservdelar\/transmission\/kedjor\/kedja-hg40-6-7-8-med-kedjelas\/","og_site_name":"VM Sport","article_publisher":"https:\/\/www.facebook.com\/Vmsport.fi\/","article_modified_time":"2026-04-23T00:00:46+00:00","og_image":[{"width":600,"height":600,"url":"https:\/\/vmsport.fi\/wp-content\/uploads\/2025\/03\/20210916-ECNHG40116Q-1.jpg","type":"image\/jpeg"}],"twitter_card":"summary_large_image","schema":{"@context":"https:\/\/schema.org","@graph":[{"@type":["WebPage","ItemPage"],"@id":"https:\/\/vmsport.fi\/verkkokauppa\/varaosat\/voimansiirto\/ketjut\/ketju-hg40-6-7-8-ketjulukolla\/","url":"https:\/\/vmsport.fi\/verkkokauppa\/varaosat\/voimansiirto\/ketjut\/ketju-hg40-6-7-8-ketjulukolla\/","name":"Kedja HG40 6\/7\/8 med kedjel\u00e5s - VM Sport","isPartOf":{"@id":"https:\/\/vmsport.fi\/#website"},"primaryImageOfPage":{"@id":"https:\/\/vmsport.fi\/verkkokauppa\/varaosat\/voimansiirto\/ketjut\/ketju-hg40-6-7-8-ketjulukolla\/#primaryimage"},"image":{"@id":"https:\/\/vmsport.fi\/verkkokauppa\/varaosat\/voimansiirto\/ketjut\/ketju-hg40-6-7-8-ketjulukolla\/#primaryimage"},"thumbnailUrl":"https:\/\/vmsport.fi\/wp-content\/uploads\/2025\/03\/20210916-ECNHG40116Q-1.jpg","datePublished":"2025-03-05T22:05:17+00:00","dateModified":"2026-04-23T00:00:46+00:00","breadcrumb":{"@id":"https:\/\/vmsport.fi\/verkkokauppa\/varaosat\/voimansiirto\/ketjut\/ketju-hg40-6-7-8-ketjulukolla\/#breadcrumb"},"inLanguage":"sv-SE","potentialAction":[{"@type":"ReadAction","target":["https:\/\/vmsport.fi\/verkkokauppa\/varaosat\/voimansiirto\/ketjut\/ketju-hg40-6-7-8-ketjulukolla\/"]}]},{"@type":"ImageObject","inLanguage":"sv-SE","@id":"https:\/\/vmsport.fi\/verkkokauppa\/varaosat\/voimansiirto\/ketjut\/ketju-hg40-6-7-8-ketjulukolla\/#primaryimage","url":"https:\/\/vmsport.fi\/wp-content\/uploads\/2025\/03\/20210916-ECNHG40116Q-1.jpg","contentUrl":"https:\/\/vmsport.fi\/wp-content\/uploads\/2025\/03\/20210916-ECNHG40116Q-1.jpg","width":600,"height":600,"caption":"20210916-ECNHG40116Q"},{"@type":"BreadcrumbList","@id":"https:\/\/vmsport.fi\/verkkokauppa\/varaosat\/voimansiirto\/ketjut\/ketju-hg40-6-7-8-ketjulukolla\/#breadcrumb","itemListElement":[{"@type":"ListItem","position":1,"name":"Etusivu","item":"https:\/\/vmsport.fi\/"},{"@type":"ListItem","position":2,"name":"Online Store","item":"https:\/\/vmsport.fi\/en\/online-store\/"},{"@type":"ListItem","position":3,"name":"Ketju HG40 6\/7\/8 Ketjulukolla"}]},{"@type":"WebSite","@id":"https:\/\/vmsport.fi\/#website","url":"https:\/\/vmsport.fi\/","name":"Vmsport","description":"Allt p\u00e5 ett st\u00e4lle f\u00f6r cykling","publisher":{"@id":"https:\/\/vmsport.fi\/#organization"},"potentialAction":[{"@type":"SearchAction","target":{"@type":"EntryPoint","urlTemplate":"https:\/\/vmsport.fi\/?s={search_term_string}"},"query-input":{"@type":"PropertyValueSpecification","valueRequired":true,"valueName":"search_term_string"}}],"inLanguage":"sv-SE"},{"@type":"Organization","@id":"https:\/\/vmsport.fi\/#organization","name":"Vmsport","url":"https:\/\/vmsport.fi\/","logo":{"@type":"ImageObject","inLanguage":"sv-SE","@id":"https:\/\/vmsport.fi\/#\/schema\/logo\/image\/","url":"https:\/\/vmsport.fi\/wp-content\/uploads\/2024\/12\/vm_sport_RGB_horisontal-e1734526017575.png","contentUrl":"https:\/\/vmsport.fi\/wp-content\/uploads\/2024\/12\/vm_sport_RGB_horisontal-e1734526017575.png","width":668,"height":85,"caption":"Vmsport"},"image":{"@id":"https:\/\/vmsport.fi\/#\/schema\/logo\/image\/"},"sameAs":["https:\/\/www.facebook.com\/Vmsport.fi\/","https:\/\/www.instagram.com\/vmsport\/"]}]}},"global_unique_id":"","_links":{"self":[{"href":"https:\/\/vmsport.fi\/sv\/wp-json\/wp\/v2\/product\/55333","targetHints":{"allow":["GET"]}}],"collection":[{"href":"https:\/\/vmsport.fi\/sv\/wp-json\/wp\/v2\/product"}],"about":[{"href":"https:\/\/vmsport.fi\/sv\/wp-json\/wp\/v2\/types\/product"}],"replies":[{"embeddable":true,"href":"https:\/\/vmsport.fi\/sv\/wp-json\/wp\/v2\/comments?post=55333"}],"wp:featuredmedia":[{"embeddable":true,"href":"https:\/\/vmsport.fi\/sv\/wp-json\/wp\/v2\/media\/55331"}],"wp:attachment":[{"href":"https:\/\/vmsport.fi\/sv\/wp-json\/wp\/v2\/media?parent=55333"}],"wp:term":[{"taxonomy":"product_brand","embeddable":true,"href":"https:\/\/vmsport.fi\/sv\/wp-json\/wp\/v2\/product_brand?post=55333"},{"taxonomy":"product_model","embeddable":true,"href":"https:\/\/vmsport.fi\/sv\/wp-json\/wp\/v2\/product_model?post=55333"},{"taxonomy":"product_cat","embeddable":true,"href":"https:\/\/vmsport.fi\/sv\/wp-json\/wp\/v2\/product_cat?post=55333"},{"taxonomy":"product_tag","embeddable":true,"href":"https:\/\/vmsport.fi\/sv\/wp-json\/wp\/v2\/product_tag?post=55333"},{"taxonomy":"industry_terminology","embeddable":true,"href":"https:\/\/vmsport.fi\/sv\/wp-json\/wp\/v2\/industry-terminology?post=55333"}],"curies":[{"name":"wp","href":"https:\/\/api.w.org\/{rel}","templated":true}]}}