{"id":55328,"date":"2025-03-06T00:05:15","date_gmt":"2025-03-05T22:05:15","guid":{"rendered":"https:\/\/vmsport.fi\/verkkokauppa\/Ei-luokiteltu\/sram-4-arm-mtb-black\/"},"modified":"2026-04-22T15:03:29","modified_gmt":"2026-04-22T12:03:29","slug":"sram-4-arm-mtb-svart","status":"publish","type":"product","link":"https:\/\/vmsport.fi\/sv\/verkkokauppa\/varaosat\/voimansiirto\/eturattaat\/sram-4-arm-mtb-black\/","title":{"rendered":"SRAM 4-arm MTB Svart"},"content":{"rendered":"<p>SRAM 4-arm MTB Black \u00e4r s\u00e4rskilt utformad f\u00f6r mountainbike-entusiaster som v\u00e4rdes\u00e4tter topprestanda och tillf\u00f6rlitlighet. Dess geniala design uppfyller behoven hos mountainbikecyklister, medan dess robusta men l\u00e4tta konstruktion s\u00e4kerst\u00e4ller h\u00e5llbarhet under kr\u00e4vande f\u00f6rh\u00e5llanden. Denna komponent \u00e4r kompatibel med ett brett utbud av mountainbikesystem och erbjuder m\u00e5ngsidighet f\u00f6r olika konfigurationer. SRAM 4-arms MTB Black s\u00e4kerst\u00e4ller utm\u00e4rkt kraft\u00f6verf\u00f6ring, vilket g\u00f6r den till en p\u00e5litlig partner f\u00f6r kr\u00e4vande terr\u00e4ngsp\u00e5r.<\/p>","protected":false},"excerpt":{"rendered":"<p>SRAM 4-arm MTB Black on suunniteltu erityisesti maastopy\u00f6r\u00e4ilyn harrastajille, jotka arvostavat huippusuorituskyky\u00e4 ja luotettavuutta. Sen kekseli\u00e4s muotoilu vastaa maastopy\u00f6r\u00e4ilij\u00f6iden tarpeisiin, ja vankka mutta kevyt rakenne takaa kest\u00e4vyyden vaativissa olosuhteissa. T\u00e4m\u00e4 komponentti on yhteensopiva useiden maastopy\u00f6r\u00e4j\u00e4rjestelmien kanssa, tarjoten monipuolisuutta erilaisiin kokoonpanoihin. SRAM 4-arm MTB Black takaa erinomaisen voimansiirron, mik\u00e4 tekee siit\u00e4 luotettavan kumppanin vaativille maastopoluille. [&#8230;]<\/p>\n<p><a class=\"btn btn-secondary understrap-read-more-link\" href=\"https:\/\/vmsport.fi\/sv\/verkkokauppa\/varaosat\/voimansiirto\/eturattaat\/sram-4-arm-mtb-black\/\">L\u00e4s mer \u2026<span class=\"screen-reader-text\"> from SRAM 4-arm MTB Black<\/span><\/a><\/p>\n","protected":false},"featured_media":55327,"comment_status":"open","ping_status":"closed","template":"","meta":{"_acf_changed":false,"_improvement_type_select":"improve_an_existing","_thumb_yes_seoaic":false,"_frame_yes_seoaic":false,"seoaic_generate_description":"","seoaic_improve_instructions_prompt":"","seoaic_rollback_content_improvement":"","seoaic_idea_thumbnail_generator":"","thumbnail_generated":false,"thumbnail_generate_prompt":"","seoaic_article_description":"","_supplier_stock_quantity":0},"product_brand":[1588],"product_model":[],"product_cat":[9252],"product_tag":[],"industry-terminology":[],"class_list":{"0":"post-55328","1":"product","2":"type-product","3":"status-publish","4":"has-post-thumbnail","6":"product_brand-sram","7":"product_cat-eturattaat","9":"first","10":"outofstock","11":"taxable","12":"shipping-taxable","13":"product-type-simple"},"acf":{"bike_features":null,"overview":{"copy_overview":null,"key_features":null,"statement":"","youtube_url":""}},"yoast_head":"<!-- This site is optimized with the Yoast SEO plugin v27.4 - https:\/\/yoast.com\/product\/yoast-seo-wordpress\/ -->\n<title>SRAM 4-arm MTB Black - VM Sport<\/title>\n<meta name=\"robots\" content=\"index, follow, max-snippet:-1, max-image-preview:large, max-video-preview:-1\" \/>\n<link rel=\"canonical\" href=\"https:\/\/vmsport.fi\/sv\/webbutik\/reservdelar\/transmission\/framhjulsdrift\/sram-4-arm-mtb-svart\/\" \/>\n<meta property=\"og:locale\" content=\"sv_SE\" \/>\n<meta property=\"og:type\" content=\"article\" \/>\n<meta property=\"og:title\" content=\"SRAM 4-arm MTB Black - VM Sport\" \/>\n<meta property=\"og:description\" content=\"SRAM 4-arm MTB Black on suunniteltu erityisesti maastopy\u00f6r\u00e4ilyn harrastajille, jotka arvostavat huippusuorituskyky\u00e4 ja luotettavuutta. Sen kekseli\u00e4s muotoilu vastaa maastopy\u00f6r\u00e4ilij\u00f6iden tarpeisiin, ja vankka mutta kevyt rakenne takaa kest\u00e4vyyden vaativissa olosuhteissa. T\u00e4m\u00e4 komponentti on yhteensopiva useiden maastopy\u00f6r\u00e4j\u00e4rjestelmien kanssa, tarjoten monipuolisuutta erilaisiin kokoonpanoihin. SRAM 4-arm MTB Black takaa erinomaisen voimansiirron, mik\u00e4 tekee siit\u00e4 luotettavan kumppanin vaativille maastopoluille. [...]L\u00e4s mer \u2026 from SRAM 4-arm MTB Black\" \/>\n<meta property=\"og:url\" content=\"https:\/\/vmsport.fi\/sv\/webbutik\/reservdelar\/transmission\/framhjulsdrift\/sram-4-arm-mtb-svart\/\" \/>\n<meta property=\"og:site_name\" content=\"VM Sport\" \/>\n<meta property=\"article:publisher\" content=\"https:\/\/www.facebook.com\/Vmsport.fi\/\" \/>\n<meta property=\"article:modified_time\" content=\"2026-04-22T12:03:29+00:00\" \/>\n<meta property=\"og:image\" content=\"https:\/\/vmsport.fi\/wp-content\/uploads\/2025\/03\/J3WeZc8y85sRwgeSGzexHf5h7plSLkQxVAE4VJjmk8y8N6i9hF-1.jpg\" \/>\n\t<meta property=\"og:image:width\" content=\"250\" \/>\n\t<meta property=\"og:image:height\" content=\"250\" \/>\n\t<meta property=\"og:image:type\" content=\"image\/jpeg\" \/>\n<meta name=\"twitter:card\" content=\"summary_large_image\" \/>\n<script type=\"application\/ld+json\" class=\"yoast-schema-graph\">{\"@context\":\"https:\\\/\\\/schema.org\",\"@graph\":[{\"@type\":[\"WebPage\",\"ItemPage\"],\"@id\":\"https:\\\/\\\/vmsport.fi\\\/verkkokauppa\\\/varaosat\\\/voimansiirto\\\/eturattaat\\\/sram-4-arm-mtb-black\\\/\",\"url\":\"https:\\\/\\\/vmsport.fi\\\/verkkokauppa\\\/varaosat\\\/voimansiirto\\\/eturattaat\\\/sram-4-arm-mtb-black\\\/\",\"name\":\"SRAM 4-arm MTB Black - VM Sport\",\"isPartOf\":{\"@id\":\"https:\\\/\\\/vmsport.fi\\\/#website\"},\"primaryImageOfPage\":{\"@id\":\"https:\\\/\\\/vmsport.fi\\\/verkkokauppa\\\/varaosat\\\/voimansiirto\\\/eturattaat\\\/sram-4-arm-mtb-black\\\/#primaryimage\"},\"image\":{\"@id\":\"https:\\\/\\\/vmsport.fi\\\/verkkokauppa\\\/varaosat\\\/voimansiirto\\\/eturattaat\\\/sram-4-arm-mtb-black\\\/#primaryimage\"},\"thumbnailUrl\":\"https:\\\/\\\/vmsport.fi\\\/wp-content\\\/uploads\\\/2025\\\/03\\\/J3WeZc8y85sRwgeSGzexHf5h7plSLkQxVAE4VJjmk8y8N6i9hF-1.jpg\",\"datePublished\":\"2025-03-05T22:05:15+00:00\",\"dateModified\":\"2026-04-22T12:03:29+00:00\",\"breadcrumb\":{\"@id\":\"https:\\\/\\\/vmsport.fi\\\/verkkokauppa\\\/varaosat\\\/voimansiirto\\\/eturattaat\\\/sram-4-arm-mtb-black\\\/#breadcrumb\"},\"inLanguage\":\"sv-SE\",\"potentialAction\":[{\"@type\":\"ReadAction\",\"target\":[\"https:\\\/\\\/vmsport.fi\\\/verkkokauppa\\\/varaosat\\\/voimansiirto\\\/eturattaat\\\/sram-4-arm-mtb-black\\\/\"]}]},{\"@type\":\"ImageObject\",\"inLanguage\":\"sv-SE\",\"@id\":\"https:\\\/\\\/vmsport.fi\\\/verkkokauppa\\\/varaosat\\\/voimansiirto\\\/eturattaat\\\/sram-4-arm-mtb-black\\\/#primaryimage\",\"url\":\"https:\\\/\\\/vmsport.fi\\\/wp-content\\\/uploads\\\/2025\\\/03\\\/J3WeZc8y85sRwgeSGzexHf5h7plSLkQxVAE4VJjmk8y8N6i9hF-1.jpg\",\"contentUrl\":\"https:\\\/\\\/vmsport.fi\\\/wp-content\\\/uploads\\\/2025\\\/03\\\/J3WeZc8y85sRwgeSGzexHf5h7plSLkQxVAE4VJjmk8y8N6i9hF-1.jpg\",\"width\":250,\"height\":250,\"caption\":\"J3WeZc8y85sRwgeSGzexHf5h7plSLkQxVAE4VJjmk8y8N6i9hF\"},{\"@type\":\"BreadcrumbList\",\"@id\":\"https:\\\/\\\/vmsport.fi\\\/verkkokauppa\\\/varaosat\\\/voimansiirto\\\/eturattaat\\\/sram-4-arm-mtb-black\\\/#breadcrumb\",\"itemListElement\":[{\"@type\":\"ListItem\",\"position\":1,\"name\":\"Etusivu\",\"item\":\"https:\\\/\\\/vmsport.fi\\\/\"},{\"@type\":\"ListItem\",\"position\":2,\"name\":\"Online Store\",\"item\":\"https:\\\/\\\/vmsport.fi\\\/en\\\/online-store\\\/\"},{\"@type\":\"ListItem\",\"position\":3,\"name\":\"SRAM 4-arm MTB Black\"}]},{\"@type\":\"WebSite\",\"@id\":\"https:\\\/\\\/vmsport.fi\\\/#website\",\"url\":\"https:\\\/\\\/vmsport.fi\\\/\",\"name\":\"Vmsport\",\"description\":\"Kaikki py\u00f6r\u00e4ilyyn yhdest\u00e4 paikasta\",\"publisher\":{\"@id\":\"https:\\\/\\\/vmsport.fi\\\/#organization\"},\"potentialAction\":[{\"@type\":\"SearchAction\",\"target\":{\"@type\":\"EntryPoint\",\"urlTemplate\":\"https:\\\/\\\/vmsport.fi\\\/?s={search_term_string}\"},\"query-input\":{\"@type\":\"PropertyValueSpecification\",\"valueRequired\":true,\"valueName\":\"search_term_string\"}}],\"inLanguage\":\"sv-SE\"},{\"@type\":\"Organization\",\"@id\":\"https:\\\/\\\/vmsport.fi\\\/#organization\",\"name\":\"Vmsport\",\"url\":\"https:\\\/\\\/vmsport.fi\\\/\",\"logo\":{\"@type\":\"ImageObject\",\"inLanguage\":\"sv-SE\",\"@id\":\"https:\\\/\\\/vmsport.fi\\\/#\\\/schema\\\/logo\\\/image\\\/\",\"url\":\"https:\\\/\\\/vmsport.fi\\\/wp-content\\\/uploads\\\/2024\\\/12\\\/vm_sport_RGB_horisontal-e1734526017575.png\",\"contentUrl\":\"https:\\\/\\\/vmsport.fi\\\/wp-content\\\/uploads\\\/2024\\\/12\\\/vm_sport_RGB_horisontal-e1734526017575.png\",\"width\":668,\"height\":85,\"caption\":\"Vmsport\"},\"image\":{\"@id\":\"https:\\\/\\\/vmsport.fi\\\/#\\\/schema\\\/logo\\\/image\\\/\"},\"sameAs\":[\"https:\\\/\\\/www.facebook.com\\\/Vmsport.fi\\\/\",\"https:\\\/\\\/www.instagram.com\\\/vmsport\\\/\"]}]}<\/script>\n<!-- \/ Yoast SEO plugin. -->","yoast_head_json":{"title":"SRAM 4-arm MTB Svart - VM Sport","robots":{"index":"index","follow":"follow","max-snippet":"max-snippet:-1","max-image-preview":"max-image-preview:large","max-video-preview":"max-video-preview:-1"},"canonical":"https:\/\/vmsport.fi\/sv\/webbutik\/reservdelar\/transmission\/framhjulsdrift\/sram-4-arm-mtb-svart\/","og_locale":"sv_SE","og_type":"article","og_title":"SRAM 4-arm MTB Black - VM Sport","og_description":"SRAM 4-arm MTB Black on suunniteltu erityisesti maastopy\u00f6r\u00e4ilyn harrastajille, jotka arvostavat huippusuorituskyky\u00e4 ja luotettavuutta. Sen kekseli\u00e4s muotoilu vastaa maastopy\u00f6r\u00e4ilij\u00f6iden tarpeisiin, ja vankka mutta kevyt rakenne takaa kest\u00e4vyyden vaativissa olosuhteissa. T\u00e4m\u00e4 komponentti on yhteensopiva useiden maastopy\u00f6r\u00e4j\u00e4rjestelmien kanssa, tarjoten monipuolisuutta erilaisiin kokoonpanoihin. SRAM 4-arm MTB Black takaa erinomaisen voimansiirron, mik\u00e4 tekee siit\u00e4 luotettavan kumppanin vaativille maastopoluille. [...]L\u00e4s mer \u2026 from SRAM 4-arm MTB Black","og_url":"https:\/\/vmsport.fi\/sv\/webbutik\/reservdelar\/transmission\/framhjulsdrift\/sram-4-arm-mtb-svart\/","og_site_name":"VM Sport","article_publisher":"https:\/\/www.facebook.com\/Vmsport.fi\/","article_modified_time":"2026-04-22T12:03:29+00:00","og_image":[{"width":250,"height":250,"url":"https:\/\/vmsport.fi\/wp-content\/uploads\/2025\/03\/J3WeZc8y85sRwgeSGzexHf5h7plSLkQxVAE4VJjmk8y8N6i9hF-1.jpg","type":"image\/jpeg"}],"twitter_card":"summary_large_image","schema":{"@context":"https:\/\/schema.org","@graph":[{"@type":["WebPage","ItemPage"],"@id":"https:\/\/vmsport.fi\/verkkokauppa\/varaosat\/voimansiirto\/eturattaat\/sram-4-arm-mtb-black\/","url":"https:\/\/vmsport.fi\/verkkokauppa\/varaosat\/voimansiirto\/eturattaat\/sram-4-arm-mtb-black\/","name":"SRAM 4-arm MTB Svart - VM Sport","isPartOf":{"@id":"https:\/\/vmsport.fi\/#website"},"primaryImageOfPage":{"@id":"https:\/\/vmsport.fi\/verkkokauppa\/varaosat\/voimansiirto\/eturattaat\/sram-4-arm-mtb-black\/#primaryimage"},"image":{"@id":"https:\/\/vmsport.fi\/verkkokauppa\/varaosat\/voimansiirto\/eturattaat\/sram-4-arm-mtb-black\/#primaryimage"},"thumbnailUrl":"https:\/\/vmsport.fi\/wp-content\/uploads\/2025\/03\/J3WeZc8y85sRwgeSGzexHf5h7plSLkQxVAE4VJjmk8y8N6i9hF-1.jpg","datePublished":"2025-03-05T22:05:15+00:00","dateModified":"2026-04-22T12:03:29+00:00","breadcrumb":{"@id":"https:\/\/vmsport.fi\/verkkokauppa\/varaosat\/voimansiirto\/eturattaat\/sram-4-arm-mtb-black\/#breadcrumb"},"inLanguage":"sv-SE","potentialAction":[{"@type":"ReadAction","target":["https:\/\/vmsport.fi\/verkkokauppa\/varaosat\/voimansiirto\/eturattaat\/sram-4-arm-mtb-black\/"]}]},{"@type":"ImageObject","inLanguage":"sv-SE","@id":"https:\/\/vmsport.fi\/verkkokauppa\/varaosat\/voimansiirto\/eturattaat\/sram-4-arm-mtb-black\/#primaryimage","url":"https:\/\/vmsport.fi\/wp-content\/uploads\/2025\/03\/J3WeZc8y85sRwgeSGzexHf5h7plSLkQxVAE4VJjmk8y8N6i9hF-1.jpg","contentUrl":"https:\/\/vmsport.fi\/wp-content\/uploads\/2025\/03\/J3WeZc8y85sRwgeSGzexHf5h7plSLkQxVAE4VJjmk8y8N6i9hF-1.jpg","width":250,"height":250,"caption":"J3WeZc8y85sRwgeSGzexHf5h7plSLkQxVAE4VJjmk8y8N6i9hF"},{"@type":"BreadcrumbList","@id":"https:\/\/vmsport.fi\/verkkokauppa\/varaosat\/voimansiirto\/eturattaat\/sram-4-arm-mtb-black\/#breadcrumb","itemListElement":[{"@type":"ListItem","position":1,"name":"Etusivu","item":"https:\/\/vmsport.fi\/"},{"@type":"ListItem","position":2,"name":"Online Store","item":"https:\/\/vmsport.fi\/en\/online-store\/"},{"@type":"ListItem","position":3,"name":"SRAM 4-arm MTB Black"}]},{"@type":"WebSite","@id":"https:\/\/vmsport.fi\/#website","url":"https:\/\/vmsport.fi\/","name":"Vmsport","description":"Allt p\u00e5 ett st\u00e4lle f\u00f6r cykling","publisher":{"@id":"https:\/\/vmsport.fi\/#organization"},"potentialAction":[{"@type":"SearchAction","target":{"@type":"EntryPoint","urlTemplate":"https:\/\/vmsport.fi\/?s={search_term_string}"},"query-input":{"@type":"PropertyValueSpecification","valueRequired":true,"valueName":"search_term_string"}}],"inLanguage":"sv-SE"},{"@type":"Organization","@id":"https:\/\/vmsport.fi\/#organization","name":"Vmsport","url":"https:\/\/vmsport.fi\/","logo":{"@type":"ImageObject","inLanguage":"sv-SE","@id":"https:\/\/vmsport.fi\/#\/schema\/logo\/image\/","url":"https:\/\/vmsport.fi\/wp-content\/uploads\/2024\/12\/vm_sport_RGB_horisontal-e1734526017575.png","contentUrl":"https:\/\/vmsport.fi\/wp-content\/uploads\/2024\/12\/vm_sport_RGB_horisontal-e1734526017575.png","width":668,"height":85,"caption":"Vmsport"},"image":{"@id":"https:\/\/vmsport.fi\/#\/schema\/logo\/image\/"},"sameAs":["https:\/\/www.facebook.com\/Vmsport.fi\/","https:\/\/www.instagram.com\/vmsport\/"]}]}},"global_unique_id":"","_links":{"self":[{"href":"https:\/\/vmsport.fi\/sv\/wp-json\/wp\/v2\/product\/55328","targetHints":{"allow":["GET"]}}],"collection":[{"href":"https:\/\/vmsport.fi\/sv\/wp-json\/wp\/v2\/product"}],"about":[{"href":"https:\/\/vmsport.fi\/sv\/wp-json\/wp\/v2\/types\/product"}],"replies":[{"embeddable":true,"href":"https:\/\/vmsport.fi\/sv\/wp-json\/wp\/v2\/comments?post=55328"}],"wp:featuredmedia":[{"embeddable":true,"href":"https:\/\/vmsport.fi\/sv\/wp-json\/wp\/v2\/media\/55327"}],"wp:attachment":[{"href":"https:\/\/vmsport.fi\/sv\/wp-json\/wp\/v2\/media?parent=55328"}],"wp:term":[{"taxonomy":"product_brand","embeddable":true,"href":"https:\/\/vmsport.fi\/sv\/wp-json\/wp\/v2\/product_brand?post=55328"},{"taxonomy":"product_model","embeddable":true,"href":"https:\/\/vmsport.fi\/sv\/wp-json\/wp\/v2\/product_model?post=55328"},{"taxonomy":"product_cat","embeddable":true,"href":"https:\/\/vmsport.fi\/sv\/wp-json\/wp\/v2\/product_cat?post=55328"},{"taxonomy":"product_tag","embeddable":true,"href":"https:\/\/vmsport.fi\/sv\/wp-json\/wp\/v2\/product_tag?post=55328"},{"taxonomy":"industry_terminology","embeddable":true,"href":"https:\/\/vmsport.fi\/sv\/wp-json\/wp\/v2\/industry-terminology?post=55328"}],"curies":[{"name":"wp","href":"https:\/\/api.w.org\/{rel}","templated":true}]}}