{"id":55265,"date":"2025-03-06T00:03:59","date_gmt":"2025-03-05T22:03:59","guid":{"rendered":"https:\/\/vmsport.fi\/verkkokauppa\/Ei-luokiteltu\/halo-go-pro-kiinnike-tankoon\/"},"modified":"2026-01-16T13:24:18","modified_gmt":"2026-01-16T11:24:18","slug":"halo-go-pro-faste-for-stolpe","status":"publish","type":"product","link":"https:\/\/vmsport.fi\/sv\/verkkokauppa\/tarvikkeet\/muut-oheistuotteet\/halo-go-pro-kiinnike-tankoon\/","title":{"rendered":"HALO GO-PRO-F\u00c4STE F\u00d6R STOLPE"},"content":{"rendered":"<p>Halo Go-Pro pole mount \u00e4r ett noggrant utformat, svart, justerbart tillbeh\u00f6r som g\u00f6r att du kan montera din Go-Pro-kamera s\u00e4kert p\u00e5 styret. Detta h\u00e5llbara f\u00e4ste \u00e4r ett utm\u00e4rkt val f\u00f6r en m\u00e4ngd olika v\u00e4derf\u00f6rh\u00e5llanden och erbjuder flexibla monteringsalternativ som h\u00e5ller kameran stadigt p\u00e5 plats under k\u00f6rning. Den innovativa designen s\u00e4kerst\u00e4ller enkel och s\u00e4ker installation, s\u00e5 att du kan koncentrera dig p\u00e5 att f\u00e5nga perfekta vinklar.<\/p>","protected":false},"excerpt":{"rendered":"<p>Halo Go-Pro -kiinnike tankoon on huolellisesti suunniteltu, musta ja s\u00e4\u00e4dett\u00e4v\u00e4 lis\u00e4varuste, jonka avulla voit kiinnitt\u00e4\u00e4 Go-Pro-kamerasi luotettavasti ohjaustankoon. T\u00e4m\u00e4 kest\u00e4v\u00e4 kiinnike on oivallinen valinta erilaisiin s\u00e4\u00e4olosuhteisiin ja tarjoaa joustavan asennusmahdollisuuden, pit\u00e4en kameran vakaasti paikallaan ajon aikana. Sen innovatiivinen muotoilu takaa helpon ja turvallisen asennuksen, jolloin voit keskitty\u00e4 t\u00e4ydellisten kuvakulmien tallentamiseen. [&#8230;]<\/p>\n<p><a class=\"btn btn-secondary understrap-read-more-link\" href=\"https:\/\/vmsport.fi\/sv\/verkkokauppa\/tarvikkeet\/muut-oheistuotteet\/halo-go-pro-kiinnike-tankoon\/\">L\u00e4s mer \u2026<span class=\"screen-reader-text\"> from HALO GO-PRO KIINNIKE TANKOON<\/span><\/a><\/p>\n","protected":false},"featured_media":55264,"comment_status":"open","ping_status":"closed","template":"","meta":{"_acf_changed":false,"_improvement_type_select":"improve_an_existing","_thumb_yes_seoaic":false,"_frame_yes_seoaic":false,"seoaic_generate_description":"","seoaic_improve_instructions_prompt":"","seoaic_rollback_content_improvement":"","seoaic_idea_thumbnail_generator":"","thumbnail_generated":false,"thumbnail_generate_prompt":"","seoaic_article_description":"","_supplier_stock_quantity":0},"product_brand":[],"product_model":[],"product_cat":[9296],"product_tag":[],"industry-terminology":[],"class_list":{"0":"post-55265","1":"product","2":"type-product","3":"status-publish","4":"has-post-thumbnail","6":"product_cat-muut-oheistuotteet","8":"first","9":"outofstock","10":"taxable","11":"shipping-taxable","12":"product-type-simple"},"acf":{"bike_features":null,"overview":{"copy_overview":null,"key_features":null,"statement":"","youtube_url":""}},"yoast_head":"<!-- This site is optimized with the Yoast SEO plugin v27.3 - https:\/\/yoast.com\/product\/yoast-seo-wordpress\/ -->\n<title>HALO GO-PRO KIINNIKE TANKOON - VM Sport<\/title>\n<meta name=\"robots\" content=\"index, follow, max-snippet:-1, max-image-preview:large, max-video-preview:-1\" \/>\n<link rel=\"canonical\" href=\"https:\/\/vmsport.fi\/sv\/webbutik\/tillbehor\/andra-kompletterande-produkter\/halo-go-pro-faste-for-stolpe\/\" \/>\n<meta property=\"og:locale\" content=\"sv_SE\" \/>\n<meta property=\"og:type\" content=\"article\" \/>\n<meta property=\"og:title\" content=\"HALO GO-PRO KIINNIKE TANKOON - VM Sport\" \/>\n<meta property=\"og:description\" content=\"Halo Go-Pro -kiinnike tankoon on huolellisesti suunniteltu, musta ja s\u00e4\u00e4dett\u00e4v\u00e4 lis\u00e4varuste, jonka avulla voit kiinnitt\u00e4\u00e4 Go-Pro-kamerasi luotettavasti ohjaustankoon. T\u00e4m\u00e4 kest\u00e4v\u00e4 kiinnike on oivallinen valinta erilaisiin s\u00e4\u00e4olosuhteisiin ja tarjoaa joustavan asennusmahdollisuuden, pit\u00e4en kameran vakaasti paikallaan ajon aikana. Sen innovatiivinen muotoilu takaa helpon ja turvallisen asennuksen, jolloin voit keskitty\u00e4 t\u00e4ydellisten kuvakulmien tallentamiseen. [...]L\u00e4s mer \u2026 from HALO GO-PRO KIINNIKE TANKOON\" \/>\n<meta property=\"og:url\" content=\"https:\/\/vmsport.fi\/sv\/webbutik\/tillbehor\/andra-kompletterande-produkter\/halo-go-pro-faste-for-stolpe\/\" \/>\n<meta property=\"og:site_name\" content=\"VM Sport\" \/>\n<meta property=\"article:publisher\" content=\"https:\/\/www.facebook.com\/Vmsport.fi\/\" \/>\n<meta property=\"article:modified_time\" content=\"2026-01-16T11:24:18+00:00\" \/>\n<meta property=\"og:image\" content=\"https:\/\/vmsport.fi\/wp-content\/uploads\/2025\/03\/TARVVALO05001226-1.jpg\" \/>\n\t<meta property=\"og:image:width\" content=\"1000\" \/>\n\t<meta property=\"og:image:height\" content=\"472\" \/>\n\t<meta property=\"og:image:type\" content=\"image\/jpeg\" \/>\n<meta name=\"twitter:card\" content=\"summary_large_image\" \/>\n<script type=\"application\/ld+json\" class=\"yoast-schema-graph\">{\"@context\":\"https:\\\/\\\/schema.org\",\"@graph\":[{\"@type\":[\"WebPage\",\"ItemPage\"],\"@id\":\"https:\\\/\\\/vmsport.fi\\\/verkkokauppa\\\/tarvikkeet\\\/muut-oheistuotteet\\\/halo-go-pro-kiinnike-tankoon\\\/\",\"url\":\"https:\\\/\\\/vmsport.fi\\\/verkkokauppa\\\/tarvikkeet\\\/muut-oheistuotteet\\\/halo-go-pro-kiinnike-tankoon\\\/\",\"name\":\"HALO GO-PRO KIINNIKE TANKOON - VM Sport\",\"isPartOf\":{\"@id\":\"https:\\\/\\\/vmsport.fi\\\/#website\"},\"primaryImageOfPage\":{\"@id\":\"https:\\\/\\\/vmsport.fi\\\/verkkokauppa\\\/tarvikkeet\\\/muut-oheistuotteet\\\/halo-go-pro-kiinnike-tankoon\\\/#primaryimage\"},\"image\":{\"@id\":\"https:\\\/\\\/vmsport.fi\\\/verkkokauppa\\\/tarvikkeet\\\/muut-oheistuotteet\\\/halo-go-pro-kiinnike-tankoon\\\/#primaryimage\"},\"thumbnailUrl\":\"https:\\\/\\\/vmsport.fi\\\/wp-content\\\/uploads\\\/2025\\\/03\\\/TARVVALO05001226-1.jpg\",\"datePublished\":\"2025-03-05T22:03:59+00:00\",\"dateModified\":\"2026-01-16T11:24:18+00:00\",\"breadcrumb\":{\"@id\":\"https:\\\/\\\/vmsport.fi\\\/verkkokauppa\\\/tarvikkeet\\\/muut-oheistuotteet\\\/halo-go-pro-kiinnike-tankoon\\\/#breadcrumb\"},\"inLanguage\":\"sv-SE\",\"potentialAction\":[{\"@type\":\"ReadAction\",\"target\":[\"https:\\\/\\\/vmsport.fi\\\/verkkokauppa\\\/tarvikkeet\\\/muut-oheistuotteet\\\/halo-go-pro-kiinnike-tankoon\\\/\"]}]},{\"@type\":\"ImageObject\",\"inLanguage\":\"sv-SE\",\"@id\":\"https:\\\/\\\/vmsport.fi\\\/verkkokauppa\\\/tarvikkeet\\\/muut-oheistuotteet\\\/halo-go-pro-kiinnike-tankoon\\\/#primaryimage\",\"url\":\"https:\\\/\\\/vmsport.fi\\\/wp-content\\\/uploads\\\/2025\\\/03\\\/TARVVALO05001226-1.jpg\",\"contentUrl\":\"https:\\\/\\\/vmsport.fi\\\/wp-content\\\/uploads\\\/2025\\\/03\\\/TARVVALO05001226-1.jpg\",\"width\":1000,\"height\":472,\"caption\":\"TARVVALO05001226\"},{\"@type\":\"BreadcrumbList\",\"@id\":\"https:\\\/\\\/vmsport.fi\\\/verkkokauppa\\\/tarvikkeet\\\/muut-oheistuotteet\\\/halo-go-pro-kiinnike-tankoon\\\/#breadcrumb\",\"itemListElement\":[{\"@type\":\"ListItem\",\"position\":1,\"name\":\"Etusivu\",\"item\":\"https:\\\/\\\/vmsport.fi\\\/\"},{\"@type\":\"ListItem\",\"position\":2,\"name\":\"Online Store\",\"item\":\"https:\\\/\\\/vmsport.fi\\\/en\\\/online-store\\\/\"},{\"@type\":\"ListItem\",\"position\":3,\"name\":\"HALO GO-PRO KIINNIKE TANKOON\"}]},{\"@type\":\"WebSite\",\"@id\":\"https:\\\/\\\/vmsport.fi\\\/#website\",\"url\":\"https:\\\/\\\/vmsport.fi\\\/\",\"name\":\"Vmsport\",\"description\":\"Kaikki py\u00f6r\u00e4ilyyn yhdest\u00e4 paikasta\",\"publisher\":{\"@id\":\"https:\\\/\\\/vmsport.fi\\\/#organization\"},\"potentialAction\":[{\"@type\":\"SearchAction\",\"target\":{\"@type\":\"EntryPoint\",\"urlTemplate\":\"https:\\\/\\\/vmsport.fi\\\/?s={search_term_string}\"},\"query-input\":{\"@type\":\"PropertyValueSpecification\",\"valueRequired\":true,\"valueName\":\"search_term_string\"}}],\"inLanguage\":\"sv-SE\"},{\"@type\":\"Organization\",\"@id\":\"https:\\\/\\\/vmsport.fi\\\/#organization\",\"name\":\"Vmsport\",\"url\":\"https:\\\/\\\/vmsport.fi\\\/\",\"logo\":{\"@type\":\"ImageObject\",\"inLanguage\":\"sv-SE\",\"@id\":\"https:\\\/\\\/vmsport.fi\\\/#\\\/schema\\\/logo\\\/image\\\/\",\"url\":\"https:\\\/\\\/vmsport.fi\\\/wp-content\\\/uploads\\\/2024\\\/12\\\/vm_sport_RGB_horisontal-e1734526017575.png\",\"contentUrl\":\"https:\\\/\\\/vmsport.fi\\\/wp-content\\\/uploads\\\/2024\\\/12\\\/vm_sport_RGB_horisontal-e1734526017575.png\",\"width\":668,\"height\":85,\"caption\":\"Vmsport\"},\"image\":{\"@id\":\"https:\\\/\\\/vmsport.fi\\\/#\\\/schema\\\/logo\\\/image\\\/\"},\"sameAs\":[\"https:\\\/\\\/www.facebook.com\\\/Vmsport.fi\\\/\",\"https:\\\/\\\/www.instagram.com\\\/vmsport\\\/\"]}]}<\/script>\n<!-- \/ Yoast SEO plugin. -->","yoast_head_json":{"title":"HALO GO-PRO DANCING CLOTH - VM Sport","robots":{"index":"index","follow":"follow","max-snippet":"max-snippet:-1","max-image-preview":"max-image-preview:large","max-video-preview":"max-video-preview:-1"},"canonical":"https:\/\/vmsport.fi\/sv\/webbutik\/tillbehor\/andra-kompletterande-produkter\/halo-go-pro-faste-for-stolpe\/","og_locale":"sv_SE","og_type":"article","og_title":"HALO GO-PRO KIINNIKE TANKOON - VM Sport","og_description":"Halo Go-Pro -kiinnike tankoon on huolellisesti suunniteltu, musta ja s\u00e4\u00e4dett\u00e4v\u00e4 lis\u00e4varuste, jonka avulla voit kiinnitt\u00e4\u00e4 Go-Pro-kamerasi luotettavasti ohjaustankoon. T\u00e4m\u00e4 kest\u00e4v\u00e4 kiinnike on oivallinen valinta erilaisiin s\u00e4\u00e4olosuhteisiin ja tarjoaa joustavan asennusmahdollisuuden, pit\u00e4en kameran vakaasti paikallaan ajon aikana. Sen innovatiivinen muotoilu takaa helpon ja turvallisen asennuksen, jolloin voit keskitty\u00e4 t\u00e4ydellisten kuvakulmien tallentamiseen. [...]L\u00e4s mer \u2026 from HALO GO-PRO KIINNIKE TANKOON","og_url":"https:\/\/vmsport.fi\/sv\/webbutik\/tillbehor\/andra-kompletterande-produkter\/halo-go-pro-faste-for-stolpe\/","og_site_name":"VM Sport","article_publisher":"https:\/\/www.facebook.com\/Vmsport.fi\/","article_modified_time":"2026-01-16T11:24:18+00:00","og_image":[{"width":1000,"height":472,"url":"https:\/\/vmsport.fi\/wp-content\/uploads\/2025\/03\/TARVVALO05001226-1.jpg","type":"image\/jpeg"}],"twitter_card":"summary_large_image","schema":{"@context":"https:\/\/schema.org","@graph":[{"@type":["WebPage","ItemPage"],"@id":"https:\/\/vmsport.fi\/verkkokauppa\/tarvikkeet\/muut-oheistuotteet\/halo-go-pro-kiinnike-tankoon\/","url":"https:\/\/vmsport.fi\/verkkokauppa\/tarvikkeet\/muut-oheistuotteet\/halo-go-pro-kiinnike-tankoon\/","name":"HALO GO-PRO DANCING CLOTH - VM Sport","isPartOf":{"@id":"https:\/\/vmsport.fi\/#website"},"primaryImageOfPage":{"@id":"https:\/\/vmsport.fi\/verkkokauppa\/tarvikkeet\/muut-oheistuotteet\/halo-go-pro-kiinnike-tankoon\/#primaryimage"},"image":{"@id":"https:\/\/vmsport.fi\/verkkokauppa\/tarvikkeet\/muut-oheistuotteet\/halo-go-pro-kiinnike-tankoon\/#primaryimage"},"thumbnailUrl":"https:\/\/vmsport.fi\/wp-content\/uploads\/2025\/03\/TARVVALO05001226-1.jpg","datePublished":"2025-03-05T22:03:59+00:00","dateModified":"2026-01-16T11:24:18+00:00","breadcrumb":{"@id":"https:\/\/vmsport.fi\/verkkokauppa\/tarvikkeet\/muut-oheistuotteet\/halo-go-pro-kiinnike-tankoon\/#breadcrumb"},"inLanguage":"sv-SE","potentialAction":[{"@type":"ReadAction","target":["https:\/\/vmsport.fi\/verkkokauppa\/tarvikkeet\/muut-oheistuotteet\/halo-go-pro-kiinnike-tankoon\/"]}]},{"@type":"ImageObject","inLanguage":"sv-SE","@id":"https:\/\/vmsport.fi\/verkkokauppa\/tarvikkeet\/muut-oheistuotteet\/halo-go-pro-kiinnike-tankoon\/#primaryimage","url":"https:\/\/vmsport.fi\/wp-content\/uploads\/2025\/03\/TARVVALO05001226-1.jpg","contentUrl":"https:\/\/vmsport.fi\/wp-content\/uploads\/2025\/03\/TARVVALO05001226-1.jpg","width":1000,"height":472,"caption":"TARVVALO05001226"},{"@type":"BreadcrumbList","@id":"https:\/\/vmsport.fi\/verkkokauppa\/tarvikkeet\/muut-oheistuotteet\/halo-go-pro-kiinnike-tankoon\/#breadcrumb","itemListElement":[{"@type":"ListItem","position":1,"name":"Etusivu","item":"https:\/\/vmsport.fi\/"},{"@type":"ListItem","position":2,"name":"Online Store","item":"https:\/\/vmsport.fi\/en\/online-store\/"},{"@type":"ListItem","position":3,"name":"HALO GO-PRO KIINNIKE TANKOON"}]},{"@type":"WebSite","@id":"https:\/\/vmsport.fi\/#website","url":"https:\/\/vmsport.fi\/","name":"Vmsport","description":"Allt p\u00e5 ett st\u00e4lle f\u00f6r cykling","publisher":{"@id":"https:\/\/vmsport.fi\/#organization"},"potentialAction":[{"@type":"SearchAction","target":{"@type":"EntryPoint","urlTemplate":"https:\/\/vmsport.fi\/?s={search_term_string}"},"query-input":{"@type":"PropertyValueSpecification","valueRequired":true,"valueName":"search_term_string"}}],"inLanguage":"sv-SE"},{"@type":"Organization","@id":"https:\/\/vmsport.fi\/#organization","name":"Vmsport","url":"https:\/\/vmsport.fi\/","logo":{"@type":"ImageObject","inLanguage":"sv-SE","@id":"https:\/\/vmsport.fi\/#\/schema\/logo\/image\/","url":"https:\/\/vmsport.fi\/wp-content\/uploads\/2024\/12\/vm_sport_RGB_horisontal-e1734526017575.png","contentUrl":"https:\/\/vmsport.fi\/wp-content\/uploads\/2024\/12\/vm_sport_RGB_horisontal-e1734526017575.png","width":668,"height":85,"caption":"Vmsport"},"image":{"@id":"https:\/\/vmsport.fi\/#\/schema\/logo\/image\/"},"sameAs":["https:\/\/www.facebook.com\/Vmsport.fi\/","https:\/\/www.instagram.com\/vmsport\/"]}]}},"global_unique_id":"","_links":{"self":[{"href":"https:\/\/vmsport.fi\/sv\/wp-json\/wp\/v2\/product\/55265","targetHints":{"allow":["GET"]}}],"collection":[{"href":"https:\/\/vmsport.fi\/sv\/wp-json\/wp\/v2\/product"}],"about":[{"href":"https:\/\/vmsport.fi\/sv\/wp-json\/wp\/v2\/types\/product"}],"replies":[{"embeddable":true,"href":"https:\/\/vmsport.fi\/sv\/wp-json\/wp\/v2\/comments?post=55265"}],"wp:featuredmedia":[{"embeddable":true,"href":"https:\/\/vmsport.fi\/sv\/wp-json\/wp\/v2\/media\/55264"}],"wp:attachment":[{"href":"https:\/\/vmsport.fi\/sv\/wp-json\/wp\/v2\/media?parent=55265"}],"wp:term":[{"taxonomy":"product_brand","embeddable":true,"href":"https:\/\/vmsport.fi\/sv\/wp-json\/wp\/v2\/product_brand?post=55265"},{"taxonomy":"product_model","embeddable":true,"href":"https:\/\/vmsport.fi\/sv\/wp-json\/wp\/v2\/product_model?post=55265"},{"taxonomy":"product_cat","embeddable":true,"href":"https:\/\/vmsport.fi\/sv\/wp-json\/wp\/v2\/product_cat?post=55265"},{"taxonomy":"product_tag","embeddable":true,"href":"https:\/\/vmsport.fi\/sv\/wp-json\/wp\/v2\/product_tag?post=55265"},{"taxonomy":"industry_terminology","embeddable":true,"href":"https:\/\/vmsport.fi\/sv\/wp-json\/wp\/v2\/industry-terminology?post=55265"}],"curies":[{"name":"wp","href":"https:\/\/api.w.org\/{rel}","templated":true}]}}