{"id":55259,"date":"2025-03-06T00:03:56","date_gmt":"2025-03-05T22:03:56","guid":{"rendered":"https:\/\/vmsport.fi\/verkkokauppa\/Ei-luokiteltu\/trek-trek-madone-9-series-top-tube-housing-sleeve\/"},"modified":"2026-01-16T13:24:19","modified_gmt":"2026-01-16T11:24:19","slug":"trek-trek-madone-9-series-overrorshylsa","status":"publish","type":"product","link":"https:\/\/vmsport.fi\/sv\/verkkokauppa\/varaosat\/vaihteistot\/vaihdevaijerit-ja-vaijerikuoret\/trek-trek-madone-9-series-top-tube-housing-sleeve\/","title":{"rendered":"Trek Trek Madone 9 Series H\u00f6lje f\u00f6r toppr\u00f6r"},"content":{"rendered":"<p>Trek Madone 9 Series styrf\u00e4ste \u00e4r s\u00e4rskilt utformat f\u00f6r att skydda cykelns kablar och ledningar. Det h\u00e4r tillbeh\u00f6ret ser till att de h\u00e5lls snyggt p\u00e5 plats och skyddas samtidigt som cykelns aerodynamiska prestanda bibeh\u00e5lls. Skyddet \u00e4r enkelt att installera och sm\u00e4lter enkelt in i cykelns \u00f6vergripande design. Det slitstarka materialet garanterar l\u00e5ng livsl\u00e4ngd och tillf\u00f6rlitlighet, vilket g\u00f6r det till ett utm\u00e4rkt val f\u00f6r cyklister som vill s\u00e4kerst\u00e4lla prestanda och minska underh\u00e5llet.<\/p>","protected":false},"excerpt":{"rendered":"<p>Trek Madone 9 Series -malliston ohjainkannatin on suunniteltu erityisesti suojaamaan py\u00f6r\u00e4n vaijereita ja johtoja. T\u00e4m\u00e4 lis\u00e4osa varmistaa, ett\u00e4 ne pysyv\u00e4t siististi paikoillaan ja suojassa samalla s\u00e4ilytt\u00e4en py\u00f6r\u00e4n aerodynaamisen suorituskyvyn. Suojus on helppo asentaa, ja se sulautuu vaivattomasti osaksi py\u00f6r\u00e4n kokonaisrakennetta. Kest\u00e4v\u00e4 materiaali takaa pitk\u00e4n k\u00e4ytt\u00f6i\u00e4n ja luotettavuuden, tehden siit\u00e4 erinomaisen valinnan py\u00f6r\u00e4ilij\u00f6ille, jotka haluavat varmistaa [&#8230;]<\/p>\n<p><a class=\"btn btn-secondary understrap-read-more-link\" href=\"https:\/\/vmsport.fi\/sv\/verkkokauppa\/varaosat\/vaihteistot\/vaihdevaijerit-ja-vaijerikuoret\/trek-trek-madone-9-series-top-tube-housing-sleeve\/\">L\u00e4s mer \u2026<span class=\"screen-reader-text\"> from Trek Trek Madone 9 Series Top Tube Housing Sleeve<\/span><\/a><\/p>\n","protected":false},"featured_media":55258,"comment_status":"open","ping_status":"closed","template":"","meta":{"_acf_changed":false,"_improvement_type_select":"improve_an_existing","_thumb_yes_seoaic":false,"_frame_yes_seoaic":false,"seoaic_generate_description":"","seoaic_improve_instructions_prompt":"","seoaic_rollback_content_improvement":"","seoaic_idea_thumbnail_generator":"","thumbnail_generated":false,"thumbnail_generate_prompt":"","seoaic_article_description":"","_supplier_stock_quantity":0},"product_brand":[37],"product_model":[],"product_cat":[9386],"product_tag":[],"industry-terminology":[],"class_list":{"0":"post-55259","1":"product","2":"type-product","3":"status-publish","4":"has-post-thumbnail","6":"product_brand-trek","7":"product_cat-vaihdevaijerit-ja-vaijerikuoret","9":"first","10":"outofstock","11":"taxable","12":"shipping-taxable","13":"product-type-simple"},"acf":{"bike_features":null,"overview":{"copy_overview":null,"key_features":null,"statement":"","youtube_url":""}},"yoast_head":"<!-- This site is optimized with the Yoast SEO plugin v27.3 - https:\/\/yoast.com\/product\/yoast-seo-wordpress\/ -->\n<title>Trek Trek Madone 9 Series Top Tube Housing Sleeve - VM Sport<\/title>\n<meta name=\"robots\" content=\"index, follow, max-snippet:-1, max-image-preview:large, max-video-preview:-1\" \/>\n<link rel=\"canonical\" href=\"https:\/\/vmsport.fi\/sv\/webbutik\/reservdelar\/vaxellador\/vaxelkablar-och-kabelmantlar\/trek-trek-madone-9-series-overrorshylsa\/\" \/>\n<meta property=\"og:locale\" content=\"sv_SE\" \/>\n<meta property=\"og:type\" content=\"article\" \/>\n<meta property=\"og:title\" content=\"Trek Trek Madone 9 Series Top Tube Housing Sleeve - VM Sport\" \/>\n<meta property=\"og:description\" content=\"Trek Madone 9 Series -malliston ohjainkannatin on suunniteltu erityisesti suojaamaan py\u00f6r\u00e4n vaijereita ja johtoja. T\u00e4m\u00e4 lis\u00e4osa varmistaa, ett\u00e4 ne pysyv\u00e4t siististi paikoillaan ja suojassa samalla s\u00e4ilytt\u00e4en py\u00f6r\u00e4n aerodynaamisen suorituskyvyn. Suojus on helppo asentaa, ja se sulautuu vaivattomasti osaksi py\u00f6r\u00e4n kokonaisrakennetta. Kest\u00e4v\u00e4 materiaali takaa pitk\u00e4n k\u00e4ytt\u00f6i\u00e4n ja luotettavuuden, tehden siit\u00e4 erinomaisen valinnan py\u00f6r\u00e4ilij\u00f6ille, jotka haluavat varmistaa [...]L\u00e4s mer \u2026 from Trek Trek Madone 9 Series Top Tube Housing Sleeve\" \/>\n<meta property=\"og:url\" content=\"https:\/\/vmsport.fi\/sv\/webbutik\/reservdelar\/vaxellador\/vaxelkablar-och-kabelmantlar\/trek-trek-madone-9-series-overrorshylsa\/\" \/>\n<meta property=\"og:site_name\" content=\"VM Sport\" \/>\n<meta property=\"article:publisher\" content=\"https:\/\/www.facebook.com\/Vmsport.fi\/\" \/>\n<meta property=\"article:modified_time\" content=\"2026-01-16T11:24:19+00:00\" \/>\n<meta property=\"og:image\" content=\"https:\/\/vmsport.fi\/wp-content\/uploads\/2025\/03\/CSGDrnO5ZIXy6HEcG4cacHNzeLhOP12oBR65FFdgVNxJUb8QwF-1.jpg\" \/>\n\t<meta property=\"og:image:width\" content=\"1000\" \/>\n\t<meta property=\"og:image:height\" content=\"540\" \/>\n\t<meta property=\"og:image:type\" content=\"image\/jpeg\" \/>\n<meta name=\"twitter:card\" content=\"summary_large_image\" \/>\n<script type=\"application\/ld+json\" class=\"yoast-schema-graph\">{\"@context\":\"https:\\\/\\\/schema.org\",\"@graph\":[{\"@type\":[\"WebPage\",\"ItemPage\"],\"@id\":\"https:\\\/\\\/vmsport.fi\\\/verkkokauppa\\\/varaosat\\\/vaihteistot\\\/vaihdevaijerit-ja-vaijerikuoret\\\/trek-trek-madone-9-series-top-tube-housing-sleeve\\\/\",\"url\":\"https:\\\/\\\/vmsport.fi\\\/verkkokauppa\\\/varaosat\\\/vaihteistot\\\/vaihdevaijerit-ja-vaijerikuoret\\\/trek-trek-madone-9-series-top-tube-housing-sleeve\\\/\",\"name\":\"Trek Trek Madone 9 Series Top Tube Housing Sleeve - VM Sport\",\"isPartOf\":{\"@id\":\"https:\\\/\\\/vmsport.fi\\\/#website\"},\"primaryImageOfPage\":{\"@id\":\"https:\\\/\\\/vmsport.fi\\\/verkkokauppa\\\/varaosat\\\/vaihteistot\\\/vaihdevaijerit-ja-vaijerikuoret\\\/trek-trek-madone-9-series-top-tube-housing-sleeve\\\/#primaryimage\"},\"image\":{\"@id\":\"https:\\\/\\\/vmsport.fi\\\/verkkokauppa\\\/varaosat\\\/vaihteistot\\\/vaihdevaijerit-ja-vaijerikuoret\\\/trek-trek-madone-9-series-top-tube-housing-sleeve\\\/#primaryimage\"},\"thumbnailUrl\":\"https:\\\/\\\/vmsport.fi\\\/wp-content\\\/uploads\\\/2025\\\/03\\\/CSGDrnO5ZIXy6HEcG4cacHNzeLhOP12oBR65FFdgVNxJUb8QwF-1.jpg\",\"datePublished\":\"2025-03-05T22:03:56+00:00\",\"dateModified\":\"2026-01-16T11:24:19+00:00\",\"breadcrumb\":{\"@id\":\"https:\\\/\\\/vmsport.fi\\\/verkkokauppa\\\/varaosat\\\/vaihteistot\\\/vaihdevaijerit-ja-vaijerikuoret\\\/trek-trek-madone-9-series-top-tube-housing-sleeve\\\/#breadcrumb\"},\"inLanguage\":\"sv-SE\",\"potentialAction\":[{\"@type\":\"ReadAction\",\"target\":[\"https:\\\/\\\/vmsport.fi\\\/verkkokauppa\\\/varaosat\\\/vaihteistot\\\/vaihdevaijerit-ja-vaijerikuoret\\\/trek-trek-madone-9-series-top-tube-housing-sleeve\\\/\"]}]},{\"@type\":\"ImageObject\",\"inLanguage\":\"sv-SE\",\"@id\":\"https:\\\/\\\/vmsport.fi\\\/verkkokauppa\\\/varaosat\\\/vaihteistot\\\/vaihdevaijerit-ja-vaijerikuoret\\\/trek-trek-madone-9-series-top-tube-housing-sleeve\\\/#primaryimage\",\"url\":\"https:\\\/\\\/vmsport.fi\\\/wp-content\\\/uploads\\\/2025\\\/03\\\/CSGDrnO5ZIXy6HEcG4cacHNzeLhOP12oBR65FFdgVNxJUb8QwF-1.jpg\",\"contentUrl\":\"https:\\\/\\\/vmsport.fi\\\/wp-content\\\/uploads\\\/2025\\\/03\\\/CSGDrnO5ZIXy6HEcG4cacHNzeLhOP12oBR65FFdgVNxJUb8QwF-1.jpg\",\"width\":1000,\"height\":540,\"caption\":\"CSGDrnO5ZIXy6HEcG4cacHNzeLhOP12oBR65FFdgVNxJUb8QwF\"},{\"@type\":\"BreadcrumbList\",\"@id\":\"https:\\\/\\\/vmsport.fi\\\/verkkokauppa\\\/varaosat\\\/vaihteistot\\\/vaihdevaijerit-ja-vaijerikuoret\\\/trek-trek-madone-9-series-top-tube-housing-sleeve\\\/#breadcrumb\",\"itemListElement\":[{\"@type\":\"ListItem\",\"position\":1,\"name\":\"Etusivu\",\"item\":\"https:\\\/\\\/vmsport.fi\\\/\"},{\"@type\":\"ListItem\",\"position\":2,\"name\":\"Online Store\",\"item\":\"https:\\\/\\\/vmsport.fi\\\/en\\\/online-store\\\/\"},{\"@type\":\"ListItem\",\"position\":3,\"name\":\"Trek polkupy\u00f6r\u00e4t\",\"item\":\"https:\\\/\\\/vmsport.fi\\\/sv\\\/merkki\\\/trek\\\/\"},{\"@type\":\"ListItem\",\"position\":4,\"name\":\"Trek Trek Madone 9 Series Top Tube Housing Sleeve\"}]},{\"@type\":\"WebSite\",\"@id\":\"https:\\\/\\\/vmsport.fi\\\/#website\",\"url\":\"https:\\\/\\\/vmsport.fi\\\/\",\"name\":\"Vmsport\",\"description\":\"Kaikki py\u00f6r\u00e4ilyyn yhdest\u00e4 paikasta\",\"publisher\":{\"@id\":\"https:\\\/\\\/vmsport.fi\\\/#organization\"},\"potentialAction\":[{\"@type\":\"SearchAction\",\"target\":{\"@type\":\"EntryPoint\",\"urlTemplate\":\"https:\\\/\\\/vmsport.fi\\\/?s={search_term_string}\"},\"query-input\":{\"@type\":\"PropertyValueSpecification\",\"valueRequired\":true,\"valueName\":\"search_term_string\"}}],\"inLanguage\":\"sv-SE\"},{\"@type\":\"Organization\",\"@id\":\"https:\\\/\\\/vmsport.fi\\\/#organization\",\"name\":\"Vmsport\",\"url\":\"https:\\\/\\\/vmsport.fi\\\/\",\"logo\":{\"@type\":\"ImageObject\",\"inLanguage\":\"sv-SE\",\"@id\":\"https:\\\/\\\/vmsport.fi\\\/#\\\/schema\\\/logo\\\/image\\\/\",\"url\":\"https:\\\/\\\/vmsport.fi\\\/wp-content\\\/uploads\\\/2024\\\/12\\\/vm_sport_RGB_horisontal-e1734526017575.png\",\"contentUrl\":\"https:\\\/\\\/vmsport.fi\\\/wp-content\\\/uploads\\\/2024\\\/12\\\/vm_sport_RGB_horisontal-e1734526017575.png\",\"width\":668,\"height\":85,\"caption\":\"Vmsport\"},\"image\":{\"@id\":\"https:\\\/\\\/vmsport.fi\\\/#\\\/schema\\\/logo\\\/image\\\/\"},\"sameAs\":[\"https:\\\/\\\/www.facebook.com\\\/Vmsport.fi\\\/\",\"https:\\\/\\\/www.instagram.com\\\/vmsport\\\/\"]}]}<\/script>\n<!-- \/ Yoast SEO plugin. -->","yoast_head_json":{"title":"Trek Trek Madone 9-serien Hylsa f\u00f6r \u00f6verr\u00f6r - VM Sport","robots":{"index":"index","follow":"follow","max-snippet":"max-snippet:-1","max-image-preview":"max-image-preview:large","max-video-preview":"max-video-preview:-1"},"canonical":"https:\/\/vmsport.fi\/sv\/webbutik\/reservdelar\/vaxellador\/vaxelkablar-och-kabelmantlar\/trek-trek-madone-9-series-overrorshylsa\/","og_locale":"sv_SE","og_type":"article","og_title":"Trek Trek Madone 9 Series Top Tube Housing Sleeve - VM Sport","og_description":"Trek Madone 9 Series -malliston ohjainkannatin on suunniteltu erityisesti suojaamaan py\u00f6r\u00e4n vaijereita ja johtoja. T\u00e4m\u00e4 lis\u00e4osa varmistaa, ett\u00e4 ne pysyv\u00e4t siististi paikoillaan ja suojassa samalla s\u00e4ilytt\u00e4en py\u00f6r\u00e4n aerodynaamisen suorituskyvyn. Suojus on helppo asentaa, ja se sulautuu vaivattomasti osaksi py\u00f6r\u00e4n kokonaisrakennetta. Kest\u00e4v\u00e4 materiaali takaa pitk\u00e4n k\u00e4ytt\u00f6i\u00e4n ja luotettavuuden, tehden siit\u00e4 erinomaisen valinnan py\u00f6r\u00e4ilij\u00f6ille, jotka haluavat varmistaa [...]L\u00e4s mer \u2026 from Trek Trek Madone 9 Series Top Tube Housing Sleeve","og_url":"https:\/\/vmsport.fi\/sv\/webbutik\/reservdelar\/vaxellador\/vaxelkablar-och-kabelmantlar\/trek-trek-madone-9-series-overrorshylsa\/","og_site_name":"VM Sport","article_publisher":"https:\/\/www.facebook.com\/Vmsport.fi\/","article_modified_time":"2026-01-16T11:24:19+00:00","og_image":[{"width":1000,"height":540,"url":"https:\/\/vmsport.fi\/wp-content\/uploads\/2025\/03\/CSGDrnO5ZIXy6HEcG4cacHNzeLhOP12oBR65FFdgVNxJUb8QwF-1.jpg","type":"image\/jpeg"}],"twitter_card":"summary_large_image","schema":{"@context":"https:\/\/schema.org","@graph":[{"@type":["WebPage","ItemPage"],"@id":"https:\/\/vmsport.fi\/verkkokauppa\/varaosat\/vaihteistot\/vaihdevaijerit-ja-vaijerikuoret\/trek-trek-madone-9-series-top-tube-housing-sleeve\/","url":"https:\/\/vmsport.fi\/verkkokauppa\/varaosat\/vaihteistot\/vaihdevaijerit-ja-vaijerikuoret\/trek-trek-madone-9-series-top-tube-housing-sleeve\/","name":"Trek Trek Madone 9-serien Hylsa f\u00f6r \u00f6verr\u00f6r - VM Sport","isPartOf":{"@id":"https:\/\/vmsport.fi\/#website"},"primaryImageOfPage":{"@id":"https:\/\/vmsport.fi\/verkkokauppa\/varaosat\/vaihteistot\/vaihdevaijerit-ja-vaijerikuoret\/trek-trek-madone-9-series-top-tube-housing-sleeve\/#primaryimage"},"image":{"@id":"https:\/\/vmsport.fi\/verkkokauppa\/varaosat\/vaihteistot\/vaihdevaijerit-ja-vaijerikuoret\/trek-trek-madone-9-series-top-tube-housing-sleeve\/#primaryimage"},"thumbnailUrl":"https:\/\/vmsport.fi\/wp-content\/uploads\/2025\/03\/CSGDrnO5ZIXy6HEcG4cacHNzeLhOP12oBR65FFdgVNxJUb8QwF-1.jpg","datePublished":"2025-03-05T22:03:56+00:00","dateModified":"2026-01-16T11:24:19+00:00","breadcrumb":{"@id":"https:\/\/vmsport.fi\/verkkokauppa\/varaosat\/vaihteistot\/vaihdevaijerit-ja-vaijerikuoret\/trek-trek-madone-9-series-top-tube-housing-sleeve\/#breadcrumb"},"inLanguage":"sv-SE","potentialAction":[{"@type":"ReadAction","target":["https:\/\/vmsport.fi\/verkkokauppa\/varaosat\/vaihteistot\/vaihdevaijerit-ja-vaijerikuoret\/trek-trek-madone-9-series-top-tube-housing-sleeve\/"]}]},{"@type":"ImageObject","inLanguage":"sv-SE","@id":"https:\/\/vmsport.fi\/verkkokauppa\/varaosat\/vaihteistot\/vaihdevaijerit-ja-vaijerikuoret\/trek-trek-madone-9-series-top-tube-housing-sleeve\/#primaryimage","url":"https:\/\/vmsport.fi\/wp-content\/uploads\/2025\/03\/CSGDrnO5ZIXy6HEcG4cacHNzeLhOP12oBR65FFdgVNxJUb8QwF-1.jpg","contentUrl":"https:\/\/vmsport.fi\/wp-content\/uploads\/2025\/03\/CSGDrnO5ZIXy6HEcG4cacHNzeLhOP12oBR65FFdgVNxJUb8QwF-1.jpg","width":1000,"height":540,"caption":"CSGDrnO5ZIXy6HEcG4cacHNzeLhOP12oBR65FFdgVNxJUb8QwF"},{"@type":"BreadcrumbList","@id":"https:\/\/vmsport.fi\/verkkokauppa\/varaosat\/vaihteistot\/vaihdevaijerit-ja-vaijerikuoret\/trek-trek-madone-9-series-top-tube-housing-sleeve\/#breadcrumb","itemListElement":[{"@type":"ListItem","position":1,"name":"Etusivu","item":"https:\/\/vmsport.fi\/"},{"@type":"ListItem","position":2,"name":"Online Store","item":"https:\/\/vmsport.fi\/en\/online-store\/"},{"@type":"ListItem","position":3,"name":"Trek polkupy\u00f6r\u00e4t","item":"https:\/\/vmsport.fi\/sv\/merkki\/trek\/"},{"@type":"ListItem","position":4,"name":"Trek Trek Madone 9 Series Top Tube Housing Sleeve"}]},{"@type":"WebSite","@id":"https:\/\/vmsport.fi\/#website","url":"https:\/\/vmsport.fi\/","name":"Vmsport","description":"Allt p\u00e5 ett st\u00e4lle f\u00f6r cykling","publisher":{"@id":"https:\/\/vmsport.fi\/#organization"},"potentialAction":[{"@type":"SearchAction","target":{"@type":"EntryPoint","urlTemplate":"https:\/\/vmsport.fi\/?s={search_term_string}"},"query-input":{"@type":"PropertyValueSpecification","valueRequired":true,"valueName":"search_term_string"}}],"inLanguage":"sv-SE"},{"@type":"Organization","@id":"https:\/\/vmsport.fi\/#organization","name":"Vmsport","url":"https:\/\/vmsport.fi\/","logo":{"@type":"ImageObject","inLanguage":"sv-SE","@id":"https:\/\/vmsport.fi\/#\/schema\/logo\/image\/","url":"https:\/\/vmsport.fi\/wp-content\/uploads\/2024\/12\/vm_sport_RGB_horisontal-e1734526017575.png","contentUrl":"https:\/\/vmsport.fi\/wp-content\/uploads\/2024\/12\/vm_sport_RGB_horisontal-e1734526017575.png","width":668,"height":85,"caption":"Vmsport"},"image":{"@id":"https:\/\/vmsport.fi\/#\/schema\/logo\/image\/"},"sameAs":["https:\/\/www.facebook.com\/Vmsport.fi\/","https:\/\/www.instagram.com\/vmsport\/"]}]}},"global_unique_id":"","_links":{"self":[{"href":"https:\/\/vmsport.fi\/sv\/wp-json\/wp\/v2\/product\/55259","targetHints":{"allow":["GET"]}}],"collection":[{"href":"https:\/\/vmsport.fi\/sv\/wp-json\/wp\/v2\/product"}],"about":[{"href":"https:\/\/vmsport.fi\/sv\/wp-json\/wp\/v2\/types\/product"}],"replies":[{"embeddable":true,"href":"https:\/\/vmsport.fi\/sv\/wp-json\/wp\/v2\/comments?post=55259"}],"wp:featuredmedia":[{"embeddable":true,"href":"https:\/\/vmsport.fi\/sv\/wp-json\/wp\/v2\/media\/55258"}],"wp:attachment":[{"href":"https:\/\/vmsport.fi\/sv\/wp-json\/wp\/v2\/media?parent=55259"}],"wp:term":[{"taxonomy":"product_brand","embeddable":true,"href":"https:\/\/vmsport.fi\/sv\/wp-json\/wp\/v2\/product_brand?post=55259"},{"taxonomy":"product_model","embeddable":true,"href":"https:\/\/vmsport.fi\/sv\/wp-json\/wp\/v2\/product_model?post=55259"},{"taxonomy":"product_cat","embeddable":true,"href":"https:\/\/vmsport.fi\/sv\/wp-json\/wp\/v2\/product_cat?post=55259"},{"taxonomy":"product_tag","embeddable":true,"href":"https:\/\/vmsport.fi\/sv\/wp-json\/wp\/v2\/product_tag?post=55259"},{"taxonomy":"industry_terminology","embeddable":true,"href":"https:\/\/vmsport.fi\/sv\/wp-json\/wp\/v2\/industry-terminology?post=55259"}],"curies":[{"name":"wp","href":"https:\/\/api.w.org\/{rel}","templated":true}]}}