{"id":55257,"date":"2025-03-06T00:03:55","date_gmt":"2025-03-05T22:03:55","guid":{"rendered":"https:\/\/vmsport.fi\/verkkokauppa\/Ei-luokiteltu\/trek-ethirteen-chainguide-for-bosch-gen-4-drive-units-black\/"},"modified":"2026-01-16T13:27:12","modified_gmt":"2026-01-16T11:27:12","slug":"trek-ethirteen-kedjestyrning-for-bosch-gen-4-drivenheter-svart","status":"publish","type":"product","link":"https:\/\/vmsport.fi\/sv\/verkkokauppa\/varaosat\/voimansiirto\/eturattaat\/trek-ethirteen-chainguide-for-bosch-gen-4-drive-units-black\/","title":{"rendered":"Trek e*thirteen Chainguide f\u00f6r Bosch Gen 4-drivenheter - Svart"},"content":{"rendered":"<p>Trek e*thirteen Chainguide \u00e4r s\u00e4rskilt utformad f\u00f6r Bosch Gen 4-motorer och ger tillf\u00f6rlitlig kedjekontroll under k\u00f6rning. Den snygga svarta f\u00e4rgen kombineras med en h\u00e5llbar konstruktion f\u00f6r att s\u00e4kerst\u00e4lla maximal prestanda. Monteringen \u00e4r enkel och problemfri, vilket g\u00f6r den till ett utm\u00e4rkt val s\u00e4rskilt f\u00f6r mountainbikecyklister som vill ha extra stabilitet. Den h\u00e4r kedjestyrningen \u00e4r perfekt n\u00e4r du vill kombinera funktionalitet och minimalistisk design utan att kompromissa med k\u00f6rkomforten.<\/p>","protected":false},"excerpt":{"rendered":"<p>Trek e*thirteen Chainguide on suunniteltu erityisesti Bosch Gen 4 -moottoreille, tarjoten luotettavaa ketjun hallintaa ajon aikana. Tyylik\u00e4s musta v\u00e4ri yhdistyy kest\u00e4v\u00e4\u00e4n rakenteeseen, joka varmistaa parhaan mahdollisen suorituskyvyn. Asennus on helppoa ja vaivatonta, mik\u00e4 tekee siit\u00e4 erinomaisen valinnan erityisesti maastopy\u00f6r\u00e4ilij\u00f6ille, jotka kaipaavat lis\u00e4vakautta. T\u00e4m\u00e4 chainguide on ihanteellinen silloin, kun halutaan yhdist\u00e4\u00e4 toimivuus ja minimalistinen muotoilu ilman [&#8230;]<\/p>\n<p><a class=\"btn btn-secondary understrap-read-more-link\" href=\"https:\/\/vmsport.fi\/sv\/verkkokauppa\/varaosat\/voimansiirto\/eturattaat\/trek-ethirteen-chainguide-for-bosch-gen-4-drive-units-black\/\">L\u00e4s mer \u2026<span class=\"screen-reader-text\"> from Trek e*thirteen Chainguide for Bosch Gen 4 Drive Units &#8211; Black<\/span><\/a><\/p>\n","protected":false},"featured_media":55256,"comment_status":"open","ping_status":"closed","template":"","meta":{"_acf_changed":false,"_improvement_type_select":"improve_an_existing","_thumb_yes_seoaic":false,"_frame_yes_seoaic":false,"seoaic_generate_description":"","seoaic_improve_instructions_prompt":"","seoaic_rollback_content_improvement":"","seoaic_idea_thumbnail_generator":"","thumbnail_generated":false,"thumbnail_generate_prompt":"","seoaic_article_description":"","_supplier_stock_quantity":0},"product_brand":[37],"product_model":[],"product_cat":[9252],"product_tag":[],"industry-terminology":[],"class_list":{"0":"post-55257","1":"product","2":"type-product","3":"status-publish","4":"has-post-thumbnail","6":"product_brand-trek","7":"product_cat-eturattaat","9":"first","10":"outofstock","11":"taxable","12":"shipping-taxable","13":"product-type-variable"},"acf":{"bike_features":null,"overview":{"copy_overview":null,"key_features":null,"statement":"","youtube_url":""}},"yoast_head":"<!-- This site is optimized with the Yoast SEO plugin v27.4 - https:\/\/yoast.com\/product\/yoast-seo-wordpress\/ -->\n<title>Trek e*thirteen Chainguide for Bosch Gen 4 Drive Units - Black - VM Sport<\/title>\n<meta name=\"robots\" content=\"index, follow, max-snippet:-1, max-image-preview:large, max-video-preview:-1\" \/>\n<link rel=\"canonical\" href=\"https:\/\/vmsport.fi\/sv\/webbutik\/reservdelar\/transmission\/framhjulsdrift\/trek-ethirteen-kedjestyrning-for-bosch-gen-4-drivenheter-svart\/\" \/>\n<meta property=\"og:locale\" content=\"sv_SE\" \/>\n<meta property=\"og:type\" content=\"article\" \/>\n<meta property=\"og:title\" content=\"Trek e*thirteen Chainguide for Bosch Gen 4 Drive Units - Black - VM Sport\" \/>\n<meta property=\"og:description\" content=\"Trek e*thirteen Chainguide on suunniteltu erityisesti Bosch Gen 4 -moottoreille, tarjoten luotettavaa ketjun hallintaa ajon aikana. Tyylik\u00e4s musta v\u00e4ri yhdistyy kest\u00e4v\u00e4\u00e4n rakenteeseen, joka varmistaa parhaan mahdollisen suorituskyvyn. Asennus on helppoa ja vaivatonta, mik\u00e4 tekee siit\u00e4 erinomaisen valinnan erityisesti maastopy\u00f6r\u00e4ilij\u00f6ille, jotka kaipaavat lis\u00e4vakautta. T\u00e4m\u00e4 chainguide on ihanteellinen silloin, kun halutaan yhdist\u00e4\u00e4 toimivuus ja minimalistinen muotoilu ilman [...]L\u00e4s mer \u2026 from Trek e*thirteen Chainguide for Bosch Gen 4 Drive Units &#8211; Black\" \/>\n<meta property=\"og:url\" content=\"https:\/\/vmsport.fi\/sv\/webbutik\/reservdelar\/transmission\/framhjulsdrift\/trek-ethirteen-kedjestyrning-for-bosch-gen-4-drivenheter-svart\/\" \/>\n<meta property=\"og:site_name\" content=\"VM Sport\" \/>\n<meta property=\"article:publisher\" content=\"https:\/\/www.facebook.com\/Vmsport.fi\/\" \/>\n<meta property=\"article:modified_time\" content=\"2026-01-16T11:27:12+00:00\" \/>\n<meta property=\"og:image\" content=\"https:\/\/vmsport.fi\/wp-content\/uploads\/2025\/03\/iqVeiuGhAjHq9weUnqdpxPVXkmuWfHLBzefOGnxkSby7oDUT6D-1.jpg\" \/>\n\t<meta property=\"og:image:width\" content=\"300\" \/>\n\t<meta property=\"og:image:height\" content=\"400\" \/>\n\t<meta property=\"og:image:type\" content=\"image\/jpeg\" \/>\n<meta name=\"twitter:card\" content=\"summary_large_image\" \/>\n<script type=\"application\/ld+json\" class=\"yoast-schema-graph\">{\"@context\":\"https:\\\/\\\/schema.org\",\"@graph\":[{\"@type\":[\"WebPage\",\"ItemPage\"],\"@id\":\"https:\\\/\\\/vmsport.fi\\\/verkkokauppa\\\/varaosat\\\/voimansiirto\\\/eturattaat\\\/trek-ethirteen-chainguide-for-bosch-gen-4-drive-units-black\\\/\",\"url\":\"https:\\\/\\\/vmsport.fi\\\/verkkokauppa\\\/varaosat\\\/voimansiirto\\\/eturattaat\\\/trek-ethirteen-chainguide-for-bosch-gen-4-drive-units-black\\\/\",\"name\":\"Trek e*thirteen Chainguide for Bosch Gen 4 Drive Units - Black - VM Sport\",\"isPartOf\":{\"@id\":\"https:\\\/\\\/vmsport.fi\\\/#website\"},\"primaryImageOfPage\":{\"@id\":\"https:\\\/\\\/vmsport.fi\\\/verkkokauppa\\\/varaosat\\\/voimansiirto\\\/eturattaat\\\/trek-ethirteen-chainguide-for-bosch-gen-4-drive-units-black\\\/#primaryimage\"},\"image\":{\"@id\":\"https:\\\/\\\/vmsport.fi\\\/verkkokauppa\\\/varaosat\\\/voimansiirto\\\/eturattaat\\\/trek-ethirteen-chainguide-for-bosch-gen-4-drive-units-black\\\/#primaryimage\"},\"thumbnailUrl\":\"https:\\\/\\\/vmsport.fi\\\/wp-content\\\/uploads\\\/2025\\\/03\\\/iqVeiuGhAjHq9weUnqdpxPVXkmuWfHLBzefOGnxkSby7oDUT6D-1.jpg\",\"datePublished\":\"2025-03-05T22:03:55+00:00\",\"dateModified\":\"2026-01-16T11:27:12+00:00\",\"breadcrumb\":{\"@id\":\"https:\\\/\\\/vmsport.fi\\\/verkkokauppa\\\/varaosat\\\/voimansiirto\\\/eturattaat\\\/trek-ethirteen-chainguide-for-bosch-gen-4-drive-units-black\\\/#breadcrumb\"},\"inLanguage\":\"sv-SE\",\"potentialAction\":[{\"@type\":\"ReadAction\",\"target\":[\"https:\\\/\\\/vmsport.fi\\\/verkkokauppa\\\/varaosat\\\/voimansiirto\\\/eturattaat\\\/trek-ethirteen-chainguide-for-bosch-gen-4-drive-units-black\\\/\"]}]},{\"@type\":\"ImageObject\",\"inLanguage\":\"sv-SE\",\"@id\":\"https:\\\/\\\/vmsport.fi\\\/verkkokauppa\\\/varaosat\\\/voimansiirto\\\/eturattaat\\\/trek-ethirteen-chainguide-for-bosch-gen-4-drive-units-black\\\/#primaryimage\",\"url\":\"https:\\\/\\\/vmsport.fi\\\/wp-content\\\/uploads\\\/2025\\\/03\\\/iqVeiuGhAjHq9weUnqdpxPVXkmuWfHLBzefOGnxkSby7oDUT6D-1.jpg\",\"contentUrl\":\"https:\\\/\\\/vmsport.fi\\\/wp-content\\\/uploads\\\/2025\\\/03\\\/iqVeiuGhAjHq9weUnqdpxPVXkmuWfHLBzefOGnxkSby7oDUT6D-1.jpg\",\"width\":300,\"height\":400,\"caption\":\"iqVeiuGhAjHq9weUnqdpxPVXkmuWfHLBzefOGnxkSby7oDUT6D\"},{\"@type\":\"BreadcrumbList\",\"@id\":\"https:\\\/\\\/vmsport.fi\\\/verkkokauppa\\\/varaosat\\\/voimansiirto\\\/eturattaat\\\/trek-ethirteen-chainguide-for-bosch-gen-4-drive-units-black\\\/#breadcrumb\",\"itemListElement\":[{\"@type\":\"ListItem\",\"position\":1,\"name\":\"Etusivu\",\"item\":\"https:\\\/\\\/vmsport.fi\\\/\"},{\"@type\":\"ListItem\",\"position\":2,\"name\":\"Online Store\",\"item\":\"https:\\\/\\\/vmsport.fi\\\/en\\\/online-store\\\/\"},{\"@type\":\"ListItem\",\"position\":3,\"name\":\"Trek polkupy\u00f6r\u00e4t\",\"item\":\"https:\\\/\\\/vmsport.fi\\\/sv\\\/merkki\\\/trek\\\/\"},{\"@type\":\"ListItem\",\"position\":4,\"name\":\"Trek e*thirteen Chainguide for Bosch Gen 4 Drive Units &#8211; Black\"}]},{\"@type\":\"WebSite\",\"@id\":\"https:\\\/\\\/vmsport.fi\\\/#website\",\"url\":\"https:\\\/\\\/vmsport.fi\\\/\",\"name\":\"Vmsport\",\"description\":\"Kaikki py\u00f6r\u00e4ilyyn yhdest\u00e4 paikasta\",\"publisher\":{\"@id\":\"https:\\\/\\\/vmsport.fi\\\/#organization\"},\"potentialAction\":[{\"@type\":\"SearchAction\",\"target\":{\"@type\":\"EntryPoint\",\"urlTemplate\":\"https:\\\/\\\/vmsport.fi\\\/?s={search_term_string}\"},\"query-input\":{\"@type\":\"PropertyValueSpecification\",\"valueRequired\":true,\"valueName\":\"search_term_string\"}}],\"inLanguage\":\"sv-SE\"},{\"@type\":\"Organization\",\"@id\":\"https:\\\/\\\/vmsport.fi\\\/#organization\",\"name\":\"Vmsport\",\"url\":\"https:\\\/\\\/vmsport.fi\\\/\",\"logo\":{\"@type\":\"ImageObject\",\"inLanguage\":\"sv-SE\",\"@id\":\"https:\\\/\\\/vmsport.fi\\\/#\\\/schema\\\/logo\\\/image\\\/\",\"url\":\"https:\\\/\\\/vmsport.fi\\\/wp-content\\\/uploads\\\/2024\\\/12\\\/vm_sport_RGB_horisontal-e1734526017575.png\",\"contentUrl\":\"https:\\\/\\\/vmsport.fi\\\/wp-content\\\/uploads\\\/2024\\\/12\\\/vm_sport_RGB_horisontal-e1734526017575.png\",\"width\":668,\"height\":85,\"caption\":\"Vmsport\"},\"image\":{\"@id\":\"https:\\\/\\\/vmsport.fi\\\/#\\\/schema\\\/logo\\\/image\\\/\"},\"sameAs\":[\"https:\\\/\\\/www.facebook.com\\\/Vmsport.fi\\\/\",\"https:\\\/\\\/www.instagram.com\\\/vmsport\\\/\"]}]}<\/script>\n<!-- \/ Yoast SEO plugin. -->","yoast_head_json":{"title":"Trek e*thirteen Chainguide f\u00f6r Bosch Gen 4-drivenheter - Svart - VM Sport","robots":{"index":"index","follow":"follow","max-snippet":"max-snippet:-1","max-image-preview":"max-image-preview:large","max-video-preview":"max-video-preview:-1"},"canonical":"https:\/\/vmsport.fi\/sv\/webbutik\/reservdelar\/transmission\/framhjulsdrift\/trek-ethirteen-kedjestyrning-for-bosch-gen-4-drivenheter-svart\/","og_locale":"sv_SE","og_type":"article","og_title":"Trek e*thirteen Chainguide for Bosch Gen 4 Drive Units - Black - VM Sport","og_description":"Trek e*thirteen Chainguide on suunniteltu erityisesti Bosch Gen 4 -moottoreille, tarjoten luotettavaa ketjun hallintaa ajon aikana. Tyylik\u00e4s musta v\u00e4ri yhdistyy kest\u00e4v\u00e4\u00e4n rakenteeseen, joka varmistaa parhaan mahdollisen suorituskyvyn. Asennus on helppoa ja vaivatonta, mik\u00e4 tekee siit\u00e4 erinomaisen valinnan erityisesti maastopy\u00f6r\u00e4ilij\u00f6ille, jotka kaipaavat lis\u00e4vakautta. T\u00e4m\u00e4 chainguide on ihanteellinen silloin, kun halutaan yhdist\u00e4\u00e4 toimivuus ja minimalistinen muotoilu ilman [...]L\u00e4s mer \u2026 from Trek e*thirteen Chainguide for Bosch Gen 4 Drive Units &#8211; Black","og_url":"https:\/\/vmsport.fi\/sv\/webbutik\/reservdelar\/transmission\/framhjulsdrift\/trek-ethirteen-kedjestyrning-for-bosch-gen-4-drivenheter-svart\/","og_site_name":"VM Sport","article_publisher":"https:\/\/www.facebook.com\/Vmsport.fi\/","article_modified_time":"2026-01-16T11:27:12+00:00","og_image":[{"width":300,"height":400,"url":"https:\/\/vmsport.fi\/wp-content\/uploads\/2025\/03\/iqVeiuGhAjHq9weUnqdpxPVXkmuWfHLBzefOGnxkSby7oDUT6D-1.jpg","type":"image\/jpeg"}],"twitter_card":"summary_large_image","schema":{"@context":"https:\/\/schema.org","@graph":[{"@type":["WebPage","ItemPage"],"@id":"https:\/\/vmsport.fi\/verkkokauppa\/varaosat\/voimansiirto\/eturattaat\/trek-ethirteen-chainguide-for-bosch-gen-4-drive-units-black\/","url":"https:\/\/vmsport.fi\/verkkokauppa\/varaosat\/voimansiirto\/eturattaat\/trek-ethirteen-chainguide-for-bosch-gen-4-drive-units-black\/","name":"Trek e*thirteen Chainguide f\u00f6r Bosch Gen 4-drivenheter - Svart - VM Sport","isPartOf":{"@id":"https:\/\/vmsport.fi\/#website"},"primaryImageOfPage":{"@id":"https:\/\/vmsport.fi\/verkkokauppa\/varaosat\/voimansiirto\/eturattaat\/trek-ethirteen-chainguide-for-bosch-gen-4-drive-units-black\/#primaryimage"},"image":{"@id":"https:\/\/vmsport.fi\/verkkokauppa\/varaosat\/voimansiirto\/eturattaat\/trek-ethirteen-chainguide-for-bosch-gen-4-drive-units-black\/#primaryimage"},"thumbnailUrl":"https:\/\/vmsport.fi\/wp-content\/uploads\/2025\/03\/iqVeiuGhAjHq9weUnqdpxPVXkmuWfHLBzefOGnxkSby7oDUT6D-1.jpg","datePublished":"2025-03-05T22:03:55+00:00","dateModified":"2026-01-16T11:27:12+00:00","breadcrumb":{"@id":"https:\/\/vmsport.fi\/verkkokauppa\/varaosat\/voimansiirto\/eturattaat\/trek-ethirteen-chainguide-for-bosch-gen-4-drive-units-black\/#breadcrumb"},"inLanguage":"sv-SE","potentialAction":[{"@type":"ReadAction","target":["https:\/\/vmsport.fi\/verkkokauppa\/varaosat\/voimansiirto\/eturattaat\/trek-ethirteen-chainguide-for-bosch-gen-4-drive-units-black\/"]}]},{"@type":"ImageObject","inLanguage":"sv-SE","@id":"https:\/\/vmsport.fi\/verkkokauppa\/varaosat\/voimansiirto\/eturattaat\/trek-ethirteen-chainguide-for-bosch-gen-4-drive-units-black\/#primaryimage","url":"https:\/\/vmsport.fi\/wp-content\/uploads\/2025\/03\/iqVeiuGhAjHq9weUnqdpxPVXkmuWfHLBzefOGnxkSby7oDUT6D-1.jpg","contentUrl":"https:\/\/vmsport.fi\/wp-content\/uploads\/2025\/03\/iqVeiuGhAjHq9weUnqdpxPVXkmuWfHLBzefOGnxkSby7oDUT6D-1.jpg","width":300,"height":400,"caption":"iqVeiuGhAjHq9weUnqdpxPVXkmuWfHLBzefOGnxkSby7oDUT6D"},{"@type":"BreadcrumbList","@id":"https:\/\/vmsport.fi\/verkkokauppa\/varaosat\/voimansiirto\/eturattaat\/trek-ethirteen-chainguide-for-bosch-gen-4-drive-units-black\/#breadcrumb","itemListElement":[{"@type":"ListItem","position":1,"name":"Etusivu","item":"https:\/\/vmsport.fi\/"},{"@type":"ListItem","position":2,"name":"Online Store","item":"https:\/\/vmsport.fi\/en\/online-store\/"},{"@type":"ListItem","position":3,"name":"Trek polkupy\u00f6r\u00e4t","item":"https:\/\/vmsport.fi\/sv\/merkki\/trek\/"},{"@type":"ListItem","position":4,"name":"Trek e*thirteen Chainguide for Bosch Gen 4 Drive Units &#8211; Black"}]},{"@type":"WebSite","@id":"https:\/\/vmsport.fi\/#website","url":"https:\/\/vmsport.fi\/","name":"Vmsport","description":"Allt p\u00e5 ett st\u00e4lle f\u00f6r cykling","publisher":{"@id":"https:\/\/vmsport.fi\/#organization"},"potentialAction":[{"@type":"SearchAction","target":{"@type":"EntryPoint","urlTemplate":"https:\/\/vmsport.fi\/?s={search_term_string}"},"query-input":{"@type":"PropertyValueSpecification","valueRequired":true,"valueName":"search_term_string"}}],"inLanguage":"sv-SE"},{"@type":"Organization","@id":"https:\/\/vmsport.fi\/#organization","name":"Vmsport","url":"https:\/\/vmsport.fi\/","logo":{"@type":"ImageObject","inLanguage":"sv-SE","@id":"https:\/\/vmsport.fi\/#\/schema\/logo\/image\/","url":"https:\/\/vmsport.fi\/wp-content\/uploads\/2024\/12\/vm_sport_RGB_horisontal-e1734526017575.png","contentUrl":"https:\/\/vmsport.fi\/wp-content\/uploads\/2024\/12\/vm_sport_RGB_horisontal-e1734526017575.png","width":668,"height":85,"caption":"Vmsport"},"image":{"@id":"https:\/\/vmsport.fi\/#\/schema\/logo\/image\/"},"sameAs":["https:\/\/www.facebook.com\/Vmsport.fi\/","https:\/\/www.instagram.com\/vmsport\/"]}]}},"global_unique_id":"","_links":{"self":[{"href":"https:\/\/vmsport.fi\/sv\/wp-json\/wp\/v2\/product\/55257","targetHints":{"allow":["GET"]}}],"collection":[{"href":"https:\/\/vmsport.fi\/sv\/wp-json\/wp\/v2\/product"}],"about":[{"href":"https:\/\/vmsport.fi\/sv\/wp-json\/wp\/v2\/types\/product"}],"replies":[{"embeddable":true,"href":"https:\/\/vmsport.fi\/sv\/wp-json\/wp\/v2\/comments?post=55257"}],"wp:featuredmedia":[{"embeddable":true,"href":"https:\/\/vmsport.fi\/sv\/wp-json\/wp\/v2\/media\/55256"}],"wp:attachment":[{"href":"https:\/\/vmsport.fi\/sv\/wp-json\/wp\/v2\/media?parent=55257"}],"wp:term":[{"taxonomy":"product_brand","embeddable":true,"href":"https:\/\/vmsport.fi\/sv\/wp-json\/wp\/v2\/product_brand?post=55257"},{"taxonomy":"product_model","embeddable":true,"href":"https:\/\/vmsport.fi\/sv\/wp-json\/wp\/v2\/product_model?post=55257"},{"taxonomy":"product_cat","embeddable":true,"href":"https:\/\/vmsport.fi\/sv\/wp-json\/wp\/v2\/product_cat?post=55257"},{"taxonomy":"product_tag","embeddable":true,"href":"https:\/\/vmsport.fi\/sv\/wp-json\/wp\/v2\/product_tag?post=55257"},{"taxonomy":"industry_terminology","embeddable":true,"href":"https:\/\/vmsport.fi\/sv\/wp-json\/wp\/v2\/industry-terminology?post=55257"}],"curies":[{"name":"wp","href":"https:\/\/api.w.org\/{rel}","templated":true}]}}