{"id":55255,"date":"2025-03-06T00:03:55","date_gmt":"2025-03-05T22:03:55","guid":{"rendered":"https:\/\/vmsport.fi\/verkkokauppa\/Ei-luokiteltu\/orbea-orca-m30i-slate-blue-halo-silver-matt\/"},"modified":"2026-01-16T13:31:50","modified_gmt":"2026-01-16T11:31:50","slug":"orbea-orca-m30i-slate-blue-halo-silver-matt","status":"publish","type":"product","link":"https:\/\/vmsport.fi\/sv\/verkkokauppa\/polkupyorat\/maantie-ja-gravel\/maantiepyorat\/orbea-orca-m30i-slate-blue-halo-silver-matt\/","title":{"rendered":"Orbea Orca M30i - Slate Blue-Halo Silver (Matt)"},"content":{"rendered":"<p>Orbea Orca M30i omdefinierar den viktigaste upplevelsen av landsv\u00e4gscykling. Med Shimano 105 Di2 2\u00d712-v\u00e4xel s\u00e4kerst\u00e4ller den s\u00f6ml\u00f6s och effektiv prestanda p\u00e5 en m\u00e4ngd olika stigar. OMR-d\u00e4cken i kolfiber ger o\u00f6vertr\u00e4ffad smidighet och \u00e4r styva men l\u00e4tta. Powerspine-tekniken \u00f6kar pedalkraften, medan ICR Plus ger en ren och s\u00e4ker kabelhantering som \u00e4r l\u00e4mplig f\u00f6r elektroniska system. Med omfattande komfort f\u00f6r l\u00e4ngre turer och 32 mm d\u00e4ckfrig\u00e5ng med moderna designfunktioner, rankas Orca M30i som toppen av innovation och f\u00f6rarcentrerad uppfinningsrikedom.<\/p>","protected":false},"excerpt":{"rendered":"<p>Koe tarkkuus ja innovaatio Orbea Orca M30i -py\u00f6r\u00e4ll\u00e4 \u2014 suunniteltu suorituskyvylle. [&#8230;]<\/p>\n<p><a class=\"btn btn-secondary understrap-read-more-link\" href=\"https:\/\/vmsport.fi\/sv\/verkkokauppa\/polkupyorat\/maantie-ja-gravel\/maantiepyorat\/orbea-orca-m30i-slate-blue-halo-silver-matt\/\">L\u00e4s mer \u2026<span class=\"screen-reader-text\"> from Orbea Orca M30i &#8211; Slate Blue-Halo Silver (Matt)<\/span><\/a><\/p>\n","protected":false},"featured_media":55251,"comment_status":"open","ping_status":"closed","template":"","meta":{"_acf_changed":false,"_improvement_type_select":"improve_an_existing","_thumb_yes_seoaic":false,"_frame_yes_seoaic":false,"seoaic_generate_description":"","seoaic_improve_instructions_prompt":"","seoaic_rollback_content_improvement":"","seoaic_idea_thumbnail_generator":"","thumbnail_generated":false,"thumbnail_generate_prompt":"","seoaic_article_description":"","_supplier_stock_quantity":0},"product_brand":[1579],"product_model":[1574],"product_cat":[9332],"product_tag":[],"industry-terminology":[],"class_list":{"0":"post-55255","1":"product","2":"type-product","3":"status-publish","4":"has-post-thumbnail","6":"product_brand-orbea","7":"product_model-orca","8":"product_cat-maantiepyorat","10":"first","11":"outofstock","12":"sale","13":"taxable","14":"shipping-taxable","15":"product-type-variable"},"acf":{"bike_features":[{"image":"https:\/\/www.orbea.com\/img\/technologies\/orca_24_powerspine.jpg","header":"Powerspine-teknologia","description":"Orbean tunnetun suorituskyvyn ytimess\u00e4 olevat Powerspine-teknologiat vakauttavat runkorakennetta hallitsemalla kiertovoimaa ja sivuttaisia kuormia, mik\u00e4 takaa responsiivisen ja dynaamisen ajokokemuksen."},{"image":"https:\/\/www.orbea.com\/img\/technologies\/orca_24_icr-plus.jpg","header":"ICR Plus -kaapelinhallinta","description":"Optimaaliseen toimivuuteen suunniteltu sis\u00e4kaapelireititys takaa kolinattoman toiminnan, selke\u00e4n estetiikan ja yhteensopivuuden sek\u00e4 perinteisten ett\u00e4 elektronisten vaihteistoj\u00e4rjestelmien kanssa."},{"image":"https:\/\/www.orbea.com\/img\/technologies\/orca_24_tire-clearance.jpg","header":"32mm rengasvapaus","description":"Tarjoten parannettua monipuolisuutta, runko mahdollistaa leve\u00e4mm\u00e4t renkaat jopa 32 mm asti parantamaan pitoa, hallintaa ja mukavuutta erilaisilla tienpinnoilla."},{"image":"https:\/\/www.orbea.com\/img\/technologies\/orca_24_seat-clamp.jpg","header":"Innovatiivinen istuinkiristin","description":"Yhdist\u00e4m\u00e4ll\u00e4 tyylin ja toiminnallisuuden, kevyt istuinkiristin v\u00e4hent\u00e4\u00e4 painoa sek\u00e4 t\u00e4ydent\u00e4\u00e4 py\u00f6r\u00e4n aerodynaamista profiilia."},{"image":"https:\/\/www.orbea.com\/img\/technologies\/orca_24_saddle-clamp.jpg","header":"Kehittynyt satulakiristys","description":"Mukautumiskyky tehty etusijalle, kevyt satulakiristin toimii saumattomasti sek\u00e4 py\u00f6reiden ett\u00e4 soikeiden kiskojen kanssa, lis\u00e4ten ajomukavuutta ja satulan vakautta."}],"overview":{"copy_overview":[{"overview":"Orbea Orca M30i mullistaa maantiepy\u00f6r\u00e4ilyn yhdistelem\u00e4ll\u00e4 tarkkuustekniikkaa ja kuljettajaan keskittyv\u00e4\u00e4 suunnittelua."},{"overview":"Shimano 105 Di2 -vaihteisto takaa responsiivisen ja tarkan vaihteenvaihdon soveltuen vaivattomasti erilaisiin maastoihin."},{"overview":"ICR Plus -kaapelinhallintaj\u00e4rjestelm\u00e4n kaltaisia edistyneit\u00e4 ominaisuuksia hy\u00f6dynt\u00e4v\u00e4 Orca M30i edustaa innovatiivisuutta ja suorituskykyist\u00e4 muotoilua."},{"overview":"Huolella valmistetulle OMR-hiilikuiturungolle rakentuva py\u00f6r\u00e4 optimoi painon s\u00e4\u00e4st\u00f6n ja parantaa aerodynaamista suorituskyky\u00e4."},{"overview":"Se on suunniteltu jopa 32 mm:n rengasvapautuksella, mik\u00e4 lis\u00e4\u00e4 monipuolisuutta ja sallii kuljettajan siirtymisen karummille teille mukavasti."}],"key_features":[{"feature":"Shimano 105 Di2 2x12-vaihteisto tarjoaa tarkkaa ja elektronista vaihtamista."},{"feature":"OC RP31 nousukahvat yhdistettyn\u00e4 edistyneeseen RP22-stemmiin."},{"feature":"Aerodynaaminen runkomuotoilu, joka tarjoaa ylivoimaista nopeutta ja hallintaa."},{"feature":"Huippuluokan Vittoria Zafiro -renkaat tarjoavat pehme\u00e4n ja hallitun ajon."},{"feature":"Powerspine-teknologia parantaa runkon j\u00e4ykkyytt\u00e4 ja poljinvoimann\u00e4ytt\u00f6\u00e4."}],"statement":"Nosta py\u00f6r\u00e4ilytaitosi uudelle tasolle Orbea Orca M30i:n avulla.","youtube_url":""}},"yoast_head":"<!-- This site is optimized with the Yoast SEO plugin v27.3 - https:\/\/yoast.com\/product\/yoast-seo-wordpress\/ -->\n<title>Orbea Orca M30i - Slate Blue-Halo Silver (Matt) - VM Sport<\/title>\n<meta name=\"robots\" content=\"index, follow, max-snippet:-1, max-image-preview:large, max-video-preview:-1\" \/>\n<link rel=\"canonical\" href=\"https:\/\/vmsport.fi\/sv\/webbutik\/cyklar\/vag-och-grus\/backspeglar-vid-vagkanten\/orbea-orca-m30i-slate-blue-halo-silver-matt\/\" \/>\n<meta property=\"og:locale\" content=\"sv_SE\" \/>\n<meta property=\"og:type\" content=\"article\" \/>\n<meta property=\"og:title\" content=\"Orbea Orca M30i - Slate Blue-Halo Silver (Matt) - VM Sport\" \/>\n<meta property=\"og:description\" content=\"Koe tarkkuus ja innovaatio Orbea Orca M30i -py\u00f6r\u00e4ll\u00e4 \u2014 suunniteltu suorituskyvylle. [...]L\u00e4s mer \u2026 from Orbea Orca M30i &#8211; Slate Blue-Halo Silver (Matt)\" \/>\n<meta property=\"og:url\" content=\"https:\/\/vmsport.fi\/sv\/webbutik\/cyklar\/vag-och-grus\/backspeglar-vid-vagkanten\/orbea-orca-m30i-slate-blue-halo-silver-matt\/\" \/>\n<meta property=\"og:site_name\" content=\"VM Sport\" \/>\n<meta property=\"article:publisher\" content=\"https:\/\/www.facebook.com\/Vmsport.fi\/\" \/>\n<meta property=\"article:modified_time\" content=\"2026-01-16T11:31:50+00:00\" \/>\n<meta property=\"og:image\" content=\"https:\/\/vmsport.fi\/wp-content\/uploads\/2025\/03\/vU6cna6Xog6WNsl9mMXZTm2DaYkMViaFxMMeCBqW5CAERoM8NG-1.jpg\" \/>\n\t<meta property=\"og:image:width\" content=\"1000\" \/>\n\t<meta property=\"og:image:height\" content=\"864\" \/>\n\t<meta property=\"og:image:type\" content=\"image\/jpeg\" \/>\n<meta name=\"twitter:card\" content=\"summary_large_image\" \/>\n<script type=\"application\/ld+json\" class=\"yoast-schema-graph\">{\"@context\":\"https:\\\/\\\/schema.org\",\"@graph\":[{\"@type\":[\"WebPage\",\"ItemPage\"],\"@id\":\"https:\\\/\\\/vmsport.fi\\\/verkkokauppa\\\/polkupyorat\\\/maantie-ja-gravel\\\/maantiepyorat\\\/orbea-orca-m30i-slate-blue-halo-silver-matt\\\/\",\"url\":\"https:\\\/\\\/vmsport.fi\\\/verkkokauppa\\\/polkupyorat\\\/maantie-ja-gravel\\\/maantiepyorat\\\/orbea-orca-m30i-slate-blue-halo-silver-matt\\\/\",\"name\":\"Orbea Orca M30i - Slate Blue-Halo Silver (Matt) - VM Sport\",\"isPartOf\":{\"@id\":\"https:\\\/\\\/vmsport.fi\\\/#website\"},\"primaryImageOfPage\":{\"@id\":\"https:\\\/\\\/vmsport.fi\\\/verkkokauppa\\\/polkupyorat\\\/maantie-ja-gravel\\\/maantiepyorat\\\/orbea-orca-m30i-slate-blue-halo-silver-matt\\\/#primaryimage\"},\"image\":{\"@id\":\"https:\\\/\\\/vmsport.fi\\\/verkkokauppa\\\/polkupyorat\\\/maantie-ja-gravel\\\/maantiepyorat\\\/orbea-orca-m30i-slate-blue-halo-silver-matt\\\/#primaryimage\"},\"thumbnailUrl\":\"https:\\\/\\\/vmsport.fi\\\/wp-content\\\/uploads\\\/2025\\\/03\\\/vU6cna6Xog6WNsl9mMXZTm2DaYkMViaFxMMeCBqW5CAERoM8NG-1.jpg\",\"datePublished\":\"2025-03-05T22:03:55+00:00\",\"dateModified\":\"2026-01-16T11:31:50+00:00\",\"breadcrumb\":{\"@id\":\"https:\\\/\\\/vmsport.fi\\\/verkkokauppa\\\/polkupyorat\\\/maantie-ja-gravel\\\/maantiepyorat\\\/orbea-orca-m30i-slate-blue-halo-silver-matt\\\/#breadcrumb\"},\"inLanguage\":\"sv-SE\",\"potentialAction\":[{\"@type\":\"ReadAction\",\"target\":[\"https:\\\/\\\/vmsport.fi\\\/verkkokauppa\\\/polkupyorat\\\/maantie-ja-gravel\\\/maantiepyorat\\\/orbea-orca-m30i-slate-blue-halo-silver-matt\\\/\"]}]},{\"@type\":\"ImageObject\",\"inLanguage\":\"sv-SE\",\"@id\":\"https:\\\/\\\/vmsport.fi\\\/verkkokauppa\\\/polkupyorat\\\/maantie-ja-gravel\\\/maantiepyorat\\\/orbea-orca-m30i-slate-blue-halo-silver-matt\\\/#primaryimage\",\"url\":\"https:\\\/\\\/vmsport.fi\\\/wp-content\\\/uploads\\\/2025\\\/03\\\/vU6cna6Xog6WNsl9mMXZTm2DaYkMViaFxMMeCBqW5CAERoM8NG-1.jpg\",\"contentUrl\":\"https:\\\/\\\/vmsport.fi\\\/wp-content\\\/uploads\\\/2025\\\/03\\\/vU6cna6Xog6WNsl9mMXZTm2DaYkMViaFxMMeCBqW5CAERoM8NG-1.jpg\",\"width\":1000,\"height\":864,\"caption\":\"vU6cna6Xog6WNsl9mMXZTm2DaYkMViaFxMMeCBqW5CAERoM8NG\"},{\"@type\":\"BreadcrumbList\",\"@id\":\"https:\\\/\\\/vmsport.fi\\\/verkkokauppa\\\/polkupyorat\\\/maantie-ja-gravel\\\/maantiepyorat\\\/orbea-orca-m30i-slate-blue-halo-silver-matt\\\/#breadcrumb\",\"itemListElement\":[{\"@type\":\"ListItem\",\"position\":1,\"name\":\"Etusivu\",\"item\":\"https:\\\/\\\/vmsport.fi\\\/\"},{\"@type\":\"ListItem\",\"position\":2,\"name\":\"Online Store\",\"item\":\"https:\\\/\\\/vmsport.fi\\\/en\\\/online-store\\\/\"},{\"@type\":\"ListItem\",\"position\":3,\"name\":\"Orbea polkupy\u00f6r\u00e4t\",\"item\":\"https:\\\/\\\/vmsport.fi\\\/sv\\\/merkki\\\/orbea\\\/\"},{\"@type\":\"ListItem\",\"position\":4,\"name\":\"Orbea Orca M30i &#8211; Slate Blue-Halo Silver (Matt)\"}]},{\"@type\":\"WebSite\",\"@id\":\"https:\\\/\\\/vmsport.fi\\\/#website\",\"url\":\"https:\\\/\\\/vmsport.fi\\\/\",\"name\":\"Vmsport\",\"description\":\"Kaikki py\u00f6r\u00e4ilyyn yhdest\u00e4 paikasta\",\"publisher\":{\"@id\":\"https:\\\/\\\/vmsport.fi\\\/#organization\"},\"potentialAction\":[{\"@type\":\"SearchAction\",\"target\":{\"@type\":\"EntryPoint\",\"urlTemplate\":\"https:\\\/\\\/vmsport.fi\\\/?s={search_term_string}\"},\"query-input\":{\"@type\":\"PropertyValueSpecification\",\"valueRequired\":true,\"valueName\":\"search_term_string\"}}],\"inLanguage\":\"sv-SE\"},{\"@type\":\"Organization\",\"@id\":\"https:\\\/\\\/vmsport.fi\\\/#organization\",\"name\":\"Vmsport\",\"url\":\"https:\\\/\\\/vmsport.fi\\\/\",\"logo\":{\"@type\":\"ImageObject\",\"inLanguage\":\"sv-SE\",\"@id\":\"https:\\\/\\\/vmsport.fi\\\/#\\\/schema\\\/logo\\\/image\\\/\",\"url\":\"https:\\\/\\\/vmsport.fi\\\/wp-content\\\/uploads\\\/2024\\\/12\\\/vm_sport_RGB_horisontal-e1734526017575.png\",\"contentUrl\":\"https:\\\/\\\/vmsport.fi\\\/wp-content\\\/uploads\\\/2024\\\/12\\\/vm_sport_RGB_horisontal-e1734526017575.png\",\"width\":668,\"height\":85,\"caption\":\"Vmsport\"},\"image\":{\"@id\":\"https:\\\/\\\/vmsport.fi\\\/#\\\/schema\\\/logo\\\/image\\\/\"},\"sameAs\":[\"https:\\\/\\\/www.facebook.com\\\/Vmsport.fi\\\/\",\"https:\\\/\\\/www.instagram.com\\\/vmsport\\\/\"]}]}<\/script>\n<!-- \/ Yoast SEO plugin. -->","yoast_head_json":{"title":"Orbea Orca M30i - Slate Blue-Halo Silver (Matt) - VM Sport","robots":{"index":"index","follow":"follow","max-snippet":"max-snippet:-1","max-image-preview":"max-image-preview:large","max-video-preview":"max-video-preview:-1"},"canonical":"https:\/\/vmsport.fi\/sv\/webbutik\/cyklar\/vag-och-grus\/backspeglar-vid-vagkanten\/orbea-orca-m30i-slate-blue-halo-silver-matt\/","og_locale":"sv_SE","og_type":"article","og_title":"Orbea Orca M30i - Slate Blue-Halo Silver (Matt) - VM Sport","og_description":"Koe tarkkuus ja innovaatio Orbea Orca M30i -py\u00f6r\u00e4ll\u00e4 \u2014 suunniteltu suorituskyvylle. [...]L\u00e4s mer \u2026 from Orbea Orca M30i &#8211; Slate Blue-Halo Silver (Matt)","og_url":"https:\/\/vmsport.fi\/sv\/webbutik\/cyklar\/vag-och-grus\/backspeglar-vid-vagkanten\/orbea-orca-m30i-slate-blue-halo-silver-matt\/","og_site_name":"VM Sport","article_publisher":"https:\/\/www.facebook.com\/Vmsport.fi\/","article_modified_time":"2026-01-16T11:31:50+00:00","og_image":[{"width":1000,"height":864,"url":"https:\/\/vmsport.fi\/wp-content\/uploads\/2025\/03\/vU6cna6Xog6WNsl9mMXZTm2DaYkMViaFxMMeCBqW5CAERoM8NG-1.jpg","type":"image\/jpeg"}],"twitter_card":"summary_large_image","schema":{"@context":"https:\/\/schema.org","@graph":[{"@type":["WebPage","ItemPage"],"@id":"https:\/\/vmsport.fi\/verkkokauppa\/polkupyorat\/maantie-ja-gravel\/maantiepyorat\/orbea-orca-m30i-slate-blue-halo-silver-matt\/","url":"https:\/\/vmsport.fi\/verkkokauppa\/polkupyorat\/maantie-ja-gravel\/maantiepyorat\/orbea-orca-m30i-slate-blue-halo-silver-matt\/","name":"Orbea Orca M30i - Slate Blue-Halo Silver (Matt) - VM Sport","isPartOf":{"@id":"https:\/\/vmsport.fi\/#website"},"primaryImageOfPage":{"@id":"https:\/\/vmsport.fi\/verkkokauppa\/polkupyorat\/maantie-ja-gravel\/maantiepyorat\/orbea-orca-m30i-slate-blue-halo-silver-matt\/#primaryimage"},"image":{"@id":"https:\/\/vmsport.fi\/verkkokauppa\/polkupyorat\/maantie-ja-gravel\/maantiepyorat\/orbea-orca-m30i-slate-blue-halo-silver-matt\/#primaryimage"},"thumbnailUrl":"https:\/\/vmsport.fi\/wp-content\/uploads\/2025\/03\/vU6cna6Xog6WNsl9mMXZTm2DaYkMViaFxMMeCBqW5CAERoM8NG-1.jpg","datePublished":"2025-03-05T22:03:55+00:00","dateModified":"2026-01-16T11:31:50+00:00","breadcrumb":{"@id":"https:\/\/vmsport.fi\/verkkokauppa\/polkupyorat\/maantie-ja-gravel\/maantiepyorat\/orbea-orca-m30i-slate-blue-halo-silver-matt\/#breadcrumb"},"inLanguage":"sv-SE","potentialAction":[{"@type":"ReadAction","target":["https:\/\/vmsport.fi\/verkkokauppa\/polkupyorat\/maantie-ja-gravel\/maantiepyorat\/orbea-orca-m30i-slate-blue-halo-silver-matt\/"]}]},{"@type":"ImageObject","inLanguage":"sv-SE","@id":"https:\/\/vmsport.fi\/verkkokauppa\/polkupyorat\/maantie-ja-gravel\/maantiepyorat\/orbea-orca-m30i-slate-blue-halo-silver-matt\/#primaryimage","url":"https:\/\/vmsport.fi\/wp-content\/uploads\/2025\/03\/vU6cna6Xog6WNsl9mMXZTm2DaYkMViaFxMMeCBqW5CAERoM8NG-1.jpg","contentUrl":"https:\/\/vmsport.fi\/wp-content\/uploads\/2025\/03\/vU6cna6Xog6WNsl9mMXZTm2DaYkMViaFxMMeCBqW5CAERoM8NG-1.jpg","width":1000,"height":864,"caption":"vU6cna6Xog6WNsl9mMXZTm2DaYkMViaFxMMeCBqW5CAERoM8NG"},{"@type":"BreadcrumbList","@id":"https:\/\/vmsport.fi\/verkkokauppa\/polkupyorat\/maantie-ja-gravel\/maantiepyorat\/orbea-orca-m30i-slate-blue-halo-silver-matt\/#breadcrumb","itemListElement":[{"@type":"ListItem","position":1,"name":"Etusivu","item":"https:\/\/vmsport.fi\/"},{"@type":"ListItem","position":2,"name":"Online Store","item":"https:\/\/vmsport.fi\/en\/online-store\/"},{"@type":"ListItem","position":3,"name":"Orbea polkupy\u00f6r\u00e4t","item":"https:\/\/vmsport.fi\/sv\/merkki\/orbea\/"},{"@type":"ListItem","position":4,"name":"Orbea Orca M30i &#8211; Slate Blue-Halo Silver (Matt)"}]},{"@type":"WebSite","@id":"https:\/\/vmsport.fi\/#website","url":"https:\/\/vmsport.fi\/","name":"Vmsport","description":"Allt p\u00e5 ett st\u00e4lle f\u00f6r cykling","publisher":{"@id":"https:\/\/vmsport.fi\/#organization"},"potentialAction":[{"@type":"SearchAction","target":{"@type":"EntryPoint","urlTemplate":"https:\/\/vmsport.fi\/?s={search_term_string}"},"query-input":{"@type":"PropertyValueSpecification","valueRequired":true,"valueName":"search_term_string"}}],"inLanguage":"sv-SE"},{"@type":"Organization","@id":"https:\/\/vmsport.fi\/#organization","name":"Vmsport","url":"https:\/\/vmsport.fi\/","logo":{"@type":"ImageObject","inLanguage":"sv-SE","@id":"https:\/\/vmsport.fi\/#\/schema\/logo\/image\/","url":"https:\/\/vmsport.fi\/wp-content\/uploads\/2024\/12\/vm_sport_RGB_horisontal-e1734526017575.png","contentUrl":"https:\/\/vmsport.fi\/wp-content\/uploads\/2024\/12\/vm_sport_RGB_horisontal-e1734526017575.png","width":668,"height":85,"caption":"Vmsport"},"image":{"@id":"https:\/\/vmsport.fi\/#\/schema\/logo\/image\/"},"sameAs":["https:\/\/www.facebook.com\/Vmsport.fi\/","https:\/\/www.instagram.com\/vmsport\/"]}]}},"global_unique_id":"","_links":{"self":[{"href":"https:\/\/vmsport.fi\/sv\/wp-json\/wp\/v2\/product\/55255","targetHints":{"allow":["GET"]}}],"collection":[{"href":"https:\/\/vmsport.fi\/sv\/wp-json\/wp\/v2\/product"}],"about":[{"href":"https:\/\/vmsport.fi\/sv\/wp-json\/wp\/v2\/types\/product"}],"replies":[{"embeddable":true,"href":"https:\/\/vmsport.fi\/sv\/wp-json\/wp\/v2\/comments?post=55255"}],"wp:featuredmedia":[{"embeddable":true,"href":"https:\/\/vmsport.fi\/sv\/wp-json\/wp\/v2\/media\/55251"}],"wp:attachment":[{"href":"https:\/\/vmsport.fi\/sv\/wp-json\/wp\/v2\/media?parent=55255"}],"wp:term":[{"taxonomy":"product_brand","embeddable":true,"href":"https:\/\/vmsport.fi\/sv\/wp-json\/wp\/v2\/product_brand?post=55255"},{"taxonomy":"product_model","embeddable":true,"href":"https:\/\/vmsport.fi\/sv\/wp-json\/wp\/v2\/product_model?post=55255"},{"taxonomy":"product_cat","embeddable":true,"href":"https:\/\/vmsport.fi\/sv\/wp-json\/wp\/v2\/product_cat?post=55255"},{"taxonomy":"product_tag","embeddable":true,"href":"https:\/\/vmsport.fi\/sv\/wp-json\/wp\/v2\/product_tag?post=55255"},{"taxonomy":"industry_terminology","embeddable":true,"href":"https:\/\/vmsport.fi\/sv\/wp-json\/wp\/v2\/industry-terminology?post=55255"}],"curies":[{"name":"wp","href":"https:\/\/api.w.org\/{rel}","templated":true}]}}