{"id":55248,"date":"2025-03-06T00:03:50","date_gmt":"2025-03-05T22:03:50","guid":{"rendered":"https:\/\/vmsport.fi\/verkkokauppa\/Ei-luokiteltu\/bergamont-e-cargoville-lj-expert-load-unit-50cm\/"},"modified":"2026-02-21T02:00:22","modified_gmt":"2026-02-21T00:00:22","slug":"bergamont-e-cargoville-lj-expert-lastenhet-50cm","status":"publish","type":"product","link":"https:\/\/vmsport.fi\/sv\/verkkokauppa\/polkupyorat\/sahkoavusteinen-laatikkopyora\/bergamont-e-cargoville-lj-expert-load-unit-50cm\/","title":{"rendered":"Bergamont E-Cargoville LJ Expert Lastenhet 50cm"},"content":{"rendered":"<p>Bergamont E-Cargoville LJ Expert \u00e4r en elektrisk lastcykel som \u00e4r utformad f\u00f6r att underl\u00e4tta transport av stora varor. Den h\u00e4r motoriserade cykeln drivs av Bosch Cargo Line-systemet, som ger en stark och smidig k\u00f6rupplevelse. Den har ett Bosch PowerTube-batteri med en kapacitet p\u00e5 625 Wh. Den l\u00e4tta aluminiumramen, tillverkad av AL-6061-material, ger h\u00e5llbarhet och m\u00f6jlighet att anpassa transportplattformen med antingen en kortare eller l\u00e4ngre framdel. Det s\u00f6ml\u00f6sa transmissionssystemet Enviolo Cargo och de s\u00e4kra hydrauliska skivbromsarna Magura CMe5 ger en bekv\u00e4m och p\u00e5litlig k\u00f6rning. Integrerad LED-belysning fram och bak f\u00f6rb\u00e4ttrar sikten i svagt ljus. Stativet med tv\u00e5 ben ger stabilitet under lastning. Ett extra batteri kan monteras, vilket ytterligare f\u00f6rl\u00e4nger r\u00e4ckvidden. Bergamont E-Cargoville \u00e4r den perfekta l\u00f6sningen f\u00f6r dig som s\u00f6ker en h\u00e5llbar och m\u00e5ngsidig transportl\u00f6sning.<\/p>","protected":false},"excerpt":{"rendered":"<p>Bergamont E-Cargoville LJ Expert on s\u00e4hk\u00f6avusteinen rahtipy\u00f6r\u00e4, joka on suunniteltu helpottamaan suurten tavaroiden kuljetusta. T\u00e4m\u00e4n moottorilla varustetun py\u00f6r\u00e4n voimantuotosta huolehtii Bosch Cargo Line -j\u00e4rjestelm\u00e4, joka tarjoaa vahvan ja sulavan ajokokemuksen. Siin\u00e4 on Bosch PowerTube-akku, jonka kapasiteetti on 625Wh. Kevyt alumiinirunko, valmistettu AL-6061-materiaalista, tarjoaa kest\u00e4vyytt\u00e4 ja mahdollisuuden muokata kuljetusalustaa joko lyhyemm\u00e4ll\u00e4 tai pidemm\u00e4ll\u00e4 etuosalla. Vaihteiston saumaton [&#8230;]<\/p>\n<p><a class=\"btn btn-secondary understrap-read-more-link\" href=\"https:\/\/vmsport.fi\/sv\/verkkokauppa\/polkupyorat\/sahkoavusteinen-laatikkopyora\/bergamont-e-cargoville-lj-expert-load-unit-50cm\/\">L\u00e4s mer \u2026<span class=\"screen-reader-text\"> from Bergamont E-Cargoville LJ Expert Load unit 50cm<\/span><\/a><\/p>\n","protected":false},"featured_media":55244,"comment_status":"open","ping_status":"closed","template":"","meta":{"_acf_changed":false,"_improvement_type_select":"improve_an_existing","_thumb_yes_seoaic":false,"_frame_yes_seoaic":false,"seoaic_generate_description":"","seoaic_improve_instructions_prompt":"","seoaic_rollback_content_improvement":"","seoaic_idea_thumbnail_generator":"","thumbnail_generated":false,"thumbnail_generate_prompt":"","seoaic_article_description":"","_supplier_stock_quantity":0},"product_brand":[44],"product_model":[],"product_cat":[9450],"product_tag":[],"industry-terminology":[],"class_list":{"0":"post-55248","1":"product","2":"type-product","3":"status-publish","4":"has-post-thumbnail","6":"product_brand-bergamont","7":"product_cat-sahkoavusteinen-laatikkopyora","9":"first","10":"instock","11":"sale","12":"taxable","13":"shipping-taxable","14":"purchasable","15":"product-type-simple"},"acf":{"bike_features":null,"overview":{"copy_overview":null,"key_features":null,"statement":"","youtube_url":""}},"yoast_head":"<!-- This site is optimized with the Yoast SEO plugin v27.3 - https:\/\/yoast.com\/product\/yoast-seo-wordpress\/ -->\n<title>Bergamont E-Cargoville LJ Expert Load unit 50cm - VM Sport<\/title>\n<meta name=\"robots\" content=\"index, follow, max-snippet:-1, max-image-preview:large, max-video-preview:-1\" \/>\n<link rel=\"canonical\" href=\"https:\/\/vmsport.fi\/sv\/webbutik\/cyklar\/sagtandad-ladsag\/bergamont-e-cargoville-lj-expert-lastenhet-50cm\/\" \/>\n<meta property=\"og:locale\" content=\"sv_SE\" \/>\n<meta property=\"og:type\" content=\"article\" \/>\n<meta property=\"og:title\" content=\"Bergamont E-Cargoville LJ Expert Load unit 50cm - VM Sport\" \/>\n<meta property=\"og:description\" content=\"Bergamont E-Cargoville LJ Expert on s\u00e4hk\u00f6avusteinen rahtipy\u00f6r\u00e4, joka on suunniteltu helpottamaan suurten tavaroiden kuljetusta. T\u00e4m\u00e4n moottorilla varustetun py\u00f6r\u00e4n voimantuotosta huolehtii Bosch Cargo Line -j\u00e4rjestelm\u00e4, joka tarjoaa vahvan ja sulavan ajokokemuksen. Siin\u00e4 on Bosch PowerTube-akku, jonka kapasiteetti on 625Wh. Kevyt alumiinirunko, valmistettu AL-6061-materiaalista, tarjoaa kest\u00e4vyytt\u00e4 ja mahdollisuuden muokata kuljetusalustaa joko lyhyemm\u00e4ll\u00e4 tai pidemm\u00e4ll\u00e4 etuosalla. Vaihteiston saumaton [...]L\u00e4s mer \u2026 from Bergamont E-Cargoville LJ Expert Load unit 50cm\" \/>\n<meta property=\"og:url\" content=\"https:\/\/vmsport.fi\/sv\/webbutik\/cyklar\/sagtandad-ladsag\/bergamont-e-cargoville-lj-expert-lastenhet-50cm\/\" \/>\n<meta property=\"og:site_name\" content=\"VM Sport\" \/>\n<meta property=\"article:publisher\" content=\"https:\/\/www.facebook.com\/Vmsport.fi\/\" \/>\n<meta property=\"article:modified_time\" content=\"2026-02-21T00:00:22+00:00\" \/>\n<meta property=\"og:image\" content=\"https:\/\/vmsport.fi\/wp-content\/uploads\/2025\/03\/bergamont-e-cargoville-lj-expert-01-1125586-1.jpg\" \/>\n\t<meta property=\"og:image:width\" content=\"1000\" \/>\n\t<meta property=\"og:image:height\" content=\"1000\" \/>\n\t<meta property=\"og:image:type\" content=\"image\/jpeg\" \/>\n<meta name=\"twitter:card\" content=\"summary_large_image\" \/>\n<meta name=\"twitter:label1\" content=\"Ber\u00e4knad l\u00e4stid\" \/>\n\t<meta name=\"twitter:data1\" content=\"1 minut\" \/>\n<script type=\"application\/ld+json\" class=\"yoast-schema-graph\">{\"@context\":\"https:\\\/\\\/schema.org\",\"@graph\":[{\"@type\":[\"WebPage\",\"ItemPage\"],\"@id\":\"https:\\\/\\\/vmsport.fi\\\/verkkokauppa\\\/polkupyorat\\\/sahkoavusteinen-laatikkopyora\\\/bergamont-e-cargoville-lj-expert-load-unit-50cm\\\/\",\"url\":\"https:\\\/\\\/vmsport.fi\\\/verkkokauppa\\\/polkupyorat\\\/sahkoavusteinen-laatikkopyora\\\/bergamont-e-cargoville-lj-expert-load-unit-50cm\\\/\",\"name\":\"Bergamont E-Cargoville LJ Expert Load unit 50cm - VM Sport\",\"isPartOf\":{\"@id\":\"https:\\\/\\\/vmsport.fi\\\/#website\"},\"primaryImageOfPage\":{\"@id\":\"https:\\\/\\\/vmsport.fi\\\/verkkokauppa\\\/polkupyorat\\\/sahkoavusteinen-laatikkopyora\\\/bergamont-e-cargoville-lj-expert-load-unit-50cm\\\/#primaryimage\"},\"image\":{\"@id\":\"https:\\\/\\\/vmsport.fi\\\/verkkokauppa\\\/polkupyorat\\\/sahkoavusteinen-laatikkopyora\\\/bergamont-e-cargoville-lj-expert-load-unit-50cm\\\/#primaryimage\"},\"thumbnailUrl\":\"https:\\\/\\\/vmsport.fi\\\/wp-content\\\/uploads\\\/2025\\\/03\\\/bergamont-e-cargoville-lj-expert-01-1125586-1.jpg\",\"datePublished\":\"2025-03-05T22:03:50+00:00\",\"dateModified\":\"2026-02-21T00:00:22+00:00\",\"breadcrumb\":{\"@id\":\"https:\\\/\\\/vmsport.fi\\\/verkkokauppa\\\/polkupyorat\\\/sahkoavusteinen-laatikkopyora\\\/bergamont-e-cargoville-lj-expert-load-unit-50cm\\\/#breadcrumb\"},\"inLanguage\":\"sv-SE\",\"potentialAction\":[{\"@type\":\"ReadAction\",\"target\":[\"https:\\\/\\\/vmsport.fi\\\/verkkokauppa\\\/polkupyorat\\\/sahkoavusteinen-laatikkopyora\\\/bergamont-e-cargoville-lj-expert-load-unit-50cm\\\/\"]}]},{\"@type\":\"ImageObject\",\"inLanguage\":\"sv-SE\",\"@id\":\"https:\\\/\\\/vmsport.fi\\\/verkkokauppa\\\/polkupyorat\\\/sahkoavusteinen-laatikkopyora\\\/bergamont-e-cargoville-lj-expert-load-unit-50cm\\\/#primaryimage\",\"url\":\"https:\\\/\\\/vmsport.fi\\\/wp-content\\\/uploads\\\/2025\\\/03\\\/bergamont-e-cargoville-lj-expert-01-1125586-1.jpg\",\"contentUrl\":\"https:\\\/\\\/vmsport.fi\\\/wp-content\\\/uploads\\\/2025\\\/03\\\/bergamont-e-cargoville-lj-expert-01-1125586-1.jpg\",\"width\":1000,\"height\":1000,\"caption\":\"bergamont-e-cargoville-lj-expert-01-1125586\"},{\"@type\":\"BreadcrumbList\",\"@id\":\"https:\\\/\\\/vmsport.fi\\\/verkkokauppa\\\/polkupyorat\\\/sahkoavusteinen-laatikkopyora\\\/bergamont-e-cargoville-lj-expert-load-unit-50cm\\\/#breadcrumb\",\"itemListElement\":[{\"@type\":\"ListItem\",\"position\":1,\"name\":\"Etusivu\",\"item\":\"https:\\\/\\\/vmsport.fi\\\/\"},{\"@type\":\"ListItem\",\"position\":2,\"name\":\"Online Store\",\"item\":\"https:\\\/\\\/vmsport.fi\\\/en\\\/online-store\\\/\"},{\"@type\":\"ListItem\",\"position\":3,\"name\":\"Bergamont\",\"item\":\"https:\\\/\\\/vmsport.fi\\\/merkki\\\/bergamont\\\/\"},{\"@type\":\"ListItem\",\"position\":4,\"name\":\"Bergamont E-Cargoville LJ Expert Load unit 50cm\"}]},{\"@type\":\"WebSite\",\"@id\":\"https:\\\/\\\/vmsport.fi\\\/#website\",\"url\":\"https:\\\/\\\/vmsport.fi\\\/\",\"name\":\"Vmsport\",\"description\":\"Kaikki py\u00f6r\u00e4ilyyn yhdest\u00e4 paikasta\",\"publisher\":{\"@id\":\"https:\\\/\\\/vmsport.fi\\\/#organization\"},\"potentialAction\":[{\"@type\":\"SearchAction\",\"target\":{\"@type\":\"EntryPoint\",\"urlTemplate\":\"https:\\\/\\\/vmsport.fi\\\/?s={search_term_string}\"},\"query-input\":{\"@type\":\"PropertyValueSpecification\",\"valueRequired\":true,\"valueName\":\"search_term_string\"}}],\"inLanguage\":\"sv-SE\"},{\"@type\":\"Organization\",\"@id\":\"https:\\\/\\\/vmsport.fi\\\/#organization\",\"name\":\"Vmsport\",\"url\":\"https:\\\/\\\/vmsport.fi\\\/\",\"logo\":{\"@type\":\"ImageObject\",\"inLanguage\":\"sv-SE\",\"@id\":\"https:\\\/\\\/vmsport.fi\\\/#\\\/schema\\\/logo\\\/image\\\/\",\"url\":\"https:\\\/\\\/vmsport.fi\\\/wp-content\\\/uploads\\\/2024\\\/12\\\/vm_sport_RGB_horisontal-e1734526017575.png\",\"contentUrl\":\"https:\\\/\\\/vmsport.fi\\\/wp-content\\\/uploads\\\/2024\\\/12\\\/vm_sport_RGB_horisontal-e1734526017575.png\",\"width\":668,\"height\":85,\"caption\":\"Vmsport\"},\"image\":{\"@id\":\"https:\\\/\\\/vmsport.fi\\\/#\\\/schema\\\/logo\\\/image\\\/\"},\"sameAs\":[\"https:\\\/\\\/www.facebook.com\\\/Vmsport.fi\\\/\",\"https:\\\/\\\/www.instagram.com\\\/vmsport\\\/\"]}]}<\/script>\n<!-- \/ Yoast SEO plugin. -->","yoast_head_json":{"title":"Bergamont E-Cargoville LJ Expert Lastenhet 50cm - VM Sport","robots":{"index":"index","follow":"follow","max-snippet":"max-snippet:-1","max-image-preview":"max-image-preview:large","max-video-preview":"max-video-preview:-1"},"canonical":"https:\/\/vmsport.fi\/sv\/webbutik\/cyklar\/sagtandad-ladsag\/bergamont-e-cargoville-lj-expert-lastenhet-50cm\/","og_locale":"sv_SE","og_type":"article","og_title":"Bergamont E-Cargoville LJ Expert Load unit 50cm - VM Sport","og_description":"Bergamont E-Cargoville LJ Expert on s\u00e4hk\u00f6avusteinen rahtipy\u00f6r\u00e4, joka on suunniteltu helpottamaan suurten tavaroiden kuljetusta. T\u00e4m\u00e4n moottorilla varustetun py\u00f6r\u00e4n voimantuotosta huolehtii Bosch Cargo Line -j\u00e4rjestelm\u00e4, joka tarjoaa vahvan ja sulavan ajokokemuksen. Siin\u00e4 on Bosch PowerTube-akku, jonka kapasiteetti on 625Wh. Kevyt alumiinirunko, valmistettu AL-6061-materiaalista, tarjoaa kest\u00e4vyytt\u00e4 ja mahdollisuuden muokata kuljetusalustaa joko lyhyemm\u00e4ll\u00e4 tai pidemm\u00e4ll\u00e4 etuosalla. Vaihteiston saumaton [...]L\u00e4s mer \u2026 from Bergamont E-Cargoville LJ Expert Load unit 50cm","og_url":"https:\/\/vmsport.fi\/sv\/webbutik\/cyklar\/sagtandad-ladsag\/bergamont-e-cargoville-lj-expert-lastenhet-50cm\/","og_site_name":"VM Sport","article_publisher":"https:\/\/www.facebook.com\/Vmsport.fi\/","article_modified_time":"2026-02-21T00:00:22+00:00","og_image":[{"width":1000,"height":1000,"url":"https:\/\/vmsport.fi\/wp-content\/uploads\/2025\/03\/bergamont-e-cargoville-lj-expert-01-1125586-1.jpg","type":"image\/jpeg"}],"twitter_card":"summary_large_image","twitter_misc":{"Ber\u00e4knad l\u00e4stid":"1 minut"},"schema":{"@context":"https:\/\/schema.org","@graph":[{"@type":["WebPage","ItemPage"],"@id":"https:\/\/vmsport.fi\/verkkokauppa\/polkupyorat\/sahkoavusteinen-laatikkopyora\/bergamont-e-cargoville-lj-expert-load-unit-50cm\/","url":"https:\/\/vmsport.fi\/verkkokauppa\/polkupyorat\/sahkoavusteinen-laatikkopyora\/bergamont-e-cargoville-lj-expert-load-unit-50cm\/","name":"Bergamont E-Cargoville LJ Expert Lastenhet 50cm - VM Sport","isPartOf":{"@id":"https:\/\/vmsport.fi\/#website"},"primaryImageOfPage":{"@id":"https:\/\/vmsport.fi\/verkkokauppa\/polkupyorat\/sahkoavusteinen-laatikkopyora\/bergamont-e-cargoville-lj-expert-load-unit-50cm\/#primaryimage"},"image":{"@id":"https:\/\/vmsport.fi\/verkkokauppa\/polkupyorat\/sahkoavusteinen-laatikkopyora\/bergamont-e-cargoville-lj-expert-load-unit-50cm\/#primaryimage"},"thumbnailUrl":"https:\/\/vmsport.fi\/wp-content\/uploads\/2025\/03\/bergamont-e-cargoville-lj-expert-01-1125586-1.jpg","datePublished":"2025-03-05T22:03:50+00:00","dateModified":"2026-02-21T00:00:22+00:00","breadcrumb":{"@id":"https:\/\/vmsport.fi\/verkkokauppa\/polkupyorat\/sahkoavusteinen-laatikkopyora\/bergamont-e-cargoville-lj-expert-load-unit-50cm\/#breadcrumb"},"inLanguage":"sv-SE","potentialAction":[{"@type":"ReadAction","target":["https:\/\/vmsport.fi\/verkkokauppa\/polkupyorat\/sahkoavusteinen-laatikkopyora\/bergamont-e-cargoville-lj-expert-load-unit-50cm\/"]}]},{"@type":"ImageObject","inLanguage":"sv-SE","@id":"https:\/\/vmsport.fi\/verkkokauppa\/polkupyorat\/sahkoavusteinen-laatikkopyora\/bergamont-e-cargoville-lj-expert-load-unit-50cm\/#primaryimage","url":"https:\/\/vmsport.fi\/wp-content\/uploads\/2025\/03\/bergamont-e-cargoville-lj-expert-01-1125586-1.jpg","contentUrl":"https:\/\/vmsport.fi\/wp-content\/uploads\/2025\/03\/bergamont-e-cargoville-lj-expert-01-1125586-1.jpg","width":1000,"height":1000,"caption":"bergamont-e-cargoville-lj-expert-01-1125586"},{"@type":"BreadcrumbList","@id":"https:\/\/vmsport.fi\/verkkokauppa\/polkupyorat\/sahkoavusteinen-laatikkopyora\/bergamont-e-cargoville-lj-expert-load-unit-50cm\/#breadcrumb","itemListElement":[{"@type":"ListItem","position":1,"name":"Etusivu","item":"https:\/\/vmsport.fi\/"},{"@type":"ListItem","position":2,"name":"Online Store","item":"https:\/\/vmsport.fi\/en\/online-store\/"},{"@type":"ListItem","position":3,"name":"Bergamont","item":"https:\/\/vmsport.fi\/merkki\/bergamont\/"},{"@type":"ListItem","position":4,"name":"Bergamont E-Cargoville LJ Expert Load unit 50cm"}]},{"@type":"WebSite","@id":"https:\/\/vmsport.fi\/#website","url":"https:\/\/vmsport.fi\/","name":"Vmsport","description":"Allt p\u00e5 ett st\u00e4lle f\u00f6r cykling","publisher":{"@id":"https:\/\/vmsport.fi\/#organization"},"potentialAction":[{"@type":"SearchAction","target":{"@type":"EntryPoint","urlTemplate":"https:\/\/vmsport.fi\/?s={search_term_string}"},"query-input":{"@type":"PropertyValueSpecification","valueRequired":true,"valueName":"search_term_string"}}],"inLanguage":"sv-SE"},{"@type":"Organization","@id":"https:\/\/vmsport.fi\/#organization","name":"Vmsport","url":"https:\/\/vmsport.fi\/","logo":{"@type":"ImageObject","inLanguage":"sv-SE","@id":"https:\/\/vmsport.fi\/#\/schema\/logo\/image\/","url":"https:\/\/vmsport.fi\/wp-content\/uploads\/2024\/12\/vm_sport_RGB_horisontal-e1734526017575.png","contentUrl":"https:\/\/vmsport.fi\/wp-content\/uploads\/2024\/12\/vm_sport_RGB_horisontal-e1734526017575.png","width":668,"height":85,"caption":"Vmsport"},"image":{"@id":"https:\/\/vmsport.fi\/#\/schema\/logo\/image\/"},"sameAs":["https:\/\/www.facebook.com\/Vmsport.fi\/","https:\/\/www.instagram.com\/vmsport\/"]}]}},"global_unique_id":"","_links":{"self":[{"href":"https:\/\/vmsport.fi\/sv\/wp-json\/wp\/v2\/product\/55248","targetHints":{"allow":["GET"]}}],"collection":[{"href":"https:\/\/vmsport.fi\/sv\/wp-json\/wp\/v2\/product"}],"about":[{"href":"https:\/\/vmsport.fi\/sv\/wp-json\/wp\/v2\/types\/product"}],"replies":[{"embeddable":true,"href":"https:\/\/vmsport.fi\/sv\/wp-json\/wp\/v2\/comments?post=55248"}],"wp:featuredmedia":[{"embeddable":true,"href":"https:\/\/vmsport.fi\/sv\/wp-json\/wp\/v2\/media\/55244"}],"wp:attachment":[{"href":"https:\/\/vmsport.fi\/sv\/wp-json\/wp\/v2\/media?parent=55248"}],"wp:term":[{"taxonomy":"product_brand","embeddable":true,"href":"https:\/\/vmsport.fi\/sv\/wp-json\/wp\/v2\/product_brand?post=55248"},{"taxonomy":"product_model","embeddable":true,"href":"https:\/\/vmsport.fi\/sv\/wp-json\/wp\/v2\/product_model?post=55248"},{"taxonomy":"product_cat","embeddable":true,"href":"https:\/\/vmsport.fi\/sv\/wp-json\/wp\/v2\/product_cat?post=55248"},{"taxonomy":"product_tag","embeddable":true,"href":"https:\/\/vmsport.fi\/sv\/wp-json\/wp\/v2\/product_tag?post=55248"},{"taxonomy":"industry_terminology","embeddable":true,"href":"https:\/\/vmsport.fi\/sv\/wp-json\/wp\/v2\/industry-terminology?post=55248"}],"curies":[{"name":"wp","href":"https:\/\/api.w.org\/{rel}","templated":true}]}}