{"id":55240,"date":"2025-03-06T00:03:44","date_gmt":"2025-03-05T22:03:44","guid":{"rendered":"https:\/\/vmsport.fi\/verkkokauppa\/Ei-luokiteltu\/sram-set-for-trail-guide-g2\/"},"modified":"2026-04-22T15:02:56","modified_gmt":"2026-04-22T12:02:56","slug":"sram-set-for-trail-guide-g2","status":"publish","type":"product","link":"https:\/\/vmsport.fi\/sv\/verkkokauppa\/varaosat\/jarrut\/jarrupalat\/sram-set-for-trail-guide-g2\/","title":{"rendered":"SRAM-sats f\u00f6r Trail\/Guide\/G2"},"content":{"rendered":"<p>SRAM Sintered\/Steel -jarrupalat on suunniteltu vaativiin olosuhteisiin, erityisesti alam\u00e4kiajoon sek\u00e4 m\u00e4rkiin ja mutaisiin ymp\u00e4rist\u00f6ihin. Ne ovat yhteensopivia SRAM Guide-, Avid Trail-, G2- ja Level Stealth 4-Piston -j\u00e4rjestelmien kanssa, ja ne on kehitetty tuomaan luotettavaa jarrutustehoa haastavissa s\u00e4\u00e4olosuhteissa.<\/p>\n<p>Koska jarrupalat on valmistettu sintratusta yhdisteest\u00e4 ja ter\u00e4ksest\u00e4, ne kest\u00e4v\u00e4t hyvin kulutusta ja s\u00e4ilytt\u00e4v\u00e4t jarrutustehonsa korkeissakin l\u00e4mp\u00f6tiloissa. Vaikka ne toimivat hyvin kosteissa olosuhteissa, k\u00e4ytt\u00e4jien kannattaa varautua hieman korkeampaan melutasoon ja pidemp\u00e4\u00e4n sis\u00e4\u00e4najovaiheeseen.<\/p>\n<p>Pakkaus sis\u00e4lt\u00e4\u00e4 kaksi jarrupalaa, kiinnitystapin ja pidikkeen, mik\u00e4 riitt\u00e4\u00e4 yhden jarrusatulan tarpeisiin. Ennen asennusta varmista tuotteiden yhteensopivuus mainittujen mallien kanssa, sill\u00e4 t\u00e4m\u00e4 sarja on tarkoitettu erityisesti kuljettajille, jotka kaipaavat luotettavuutta vaativassa maastossa ja muuttuvissa s\u00e4\u00e4olosuhteissa.<\/p>","protected":false},"excerpt":{"rendered":"<p>SRAM Sintered\/Steel -jarrupalat on suunniteltu vaativiin olosuhteisiin, erityisesti alam\u00e4kiajoon sek\u00e4 m\u00e4rkiin ja mutaisiin ymp\u00e4rist\u00f6ihin. Ne ovat yhteensopivia SRAM Guide-, Avid Trail-, G2- ja Level Stealth 4-Piston -j\u00e4rjestelmien kanssa, ja ne on kehitetty tuomaan luotettavaa jarrutustehoa haastavissa s\u00e4\u00e4olosuhteissa. Koska jarrupalat on valmistettu sintratusta yhdisteest\u00e4 ja ter\u00e4ksest\u00e4, ne kest\u00e4v\u00e4t hyvin kulutusta ja s\u00e4ilytt\u00e4v\u00e4t jarrutustehonsa korkeissakin l\u00e4mp\u00f6tiloissa. Vaikka [&#8230;]<\/p>\n<p><a class=\"btn btn-secondary understrap-read-more-link\" href=\"https:\/\/vmsport.fi\/sv\/verkkokauppa\/varaosat\/jarrut\/jarrupalat\/sram-set-for-trail-guide-g2\/\">L\u00e4s mer \u2026<span class=\"screen-reader-text\"> from SRAM Set for Trail\/Guide\/G2<\/span><\/a><\/p>\n","protected":false},"featured_media":55239,"comment_status":"open","ping_status":"closed","template":"","meta":{"_acf_changed":false,"_improvement_type_select":"improve_an_existing","_thumb_yes_seoaic":false,"_frame_yes_seoaic":false,"seoaic_generate_description":"","seoaic_improve_instructions_prompt":"","seoaic_rollback_content_improvement":"","seoaic_idea_thumbnail_generator":"","thumbnail_generated":false,"thumbnail_generate_prompt":"","seoaic_article_description":"","_supplier_stock_quantity":0},"product_brand":[1588],"product_model":[],"product_cat":[9288],"product_tag":[],"industry-terminology":[],"class_list":{"0":"post-55240","1":"product","2":"type-product","3":"status-publish","4":"has-post-thumbnail","6":"product_brand-sram","7":"product_cat-jarrupalat","9":"first","10":"outofstock","11":"taxable","12":"shipping-taxable","13":"product-type-simple"},"acf":{"bike_features":null,"overview":{"copy_overview":null,"key_features":null,"statement":"","youtube_url":""}},"yoast_head":"<!-- This site is optimized with the Yoast SEO plugin v27.4 - https:\/\/yoast.com\/product\/yoast-seo-wordpress\/ -->\n<title>SRAM Set for Trail\/Guide\/G2 - VM Sport<\/title>\n<meta name=\"robots\" content=\"index, follow, max-snippet:-1, max-image-preview:large, max-video-preview:-1\" \/>\n<link rel=\"canonical\" href=\"https:\/\/vmsport.fi\/sv\/webbutik\/reservdelar\/bromsar\/bromsbelagg\/sram-set-for-trail-guide-g2\/\" \/>\n<meta property=\"og:locale\" content=\"sv_SE\" \/>\n<meta property=\"og:type\" content=\"article\" \/>\n<meta property=\"og:title\" content=\"SRAM Set for Trail\/Guide\/G2 - VM Sport\" \/>\n<meta property=\"og:description\" content=\"SRAM Sintered\/Steel -jarrupalat on suunniteltu vaativiin olosuhteisiin, erityisesti alam\u00e4kiajoon sek\u00e4 m\u00e4rkiin ja mutaisiin ymp\u00e4rist\u00f6ihin. Ne ovat yhteensopivia SRAM Guide-, Avid Trail-, G2- ja Level Stealth 4-Piston -j\u00e4rjestelmien kanssa, ja ne on kehitetty tuomaan luotettavaa jarrutustehoa haastavissa s\u00e4\u00e4olosuhteissa. Koska jarrupalat on valmistettu sintratusta yhdisteest\u00e4 ja ter\u00e4ksest\u00e4, ne kest\u00e4v\u00e4t hyvin kulutusta ja s\u00e4ilytt\u00e4v\u00e4t jarrutustehonsa korkeissakin l\u00e4mp\u00f6tiloissa. Vaikka [...]L\u00e4s mer \u2026 from SRAM Set for Trail\/Guide\/G2\" \/>\n<meta property=\"og:url\" content=\"https:\/\/vmsport.fi\/sv\/webbutik\/reservdelar\/bromsar\/bromsbelagg\/sram-set-for-trail-guide-g2\/\" \/>\n<meta property=\"og:site_name\" content=\"VM Sport\" \/>\n<meta property=\"article:publisher\" content=\"https:\/\/www.facebook.com\/Vmsport.fi\/\" \/>\n<meta property=\"article:modified_time\" content=\"2026-04-22T12:02:56+00:00\" \/>\n<meta property=\"og:image\" content=\"https:\/\/vmsport.fi\/wp-content\/uploads\/2025\/03\/btYqR2hsLIwnA0gojreu7iGRbR3zi0l4LR27nDQA4d4nWRJcqv-1.jpg\" \/>\n\t<meta property=\"og:image:width\" content=\"800\" \/>\n\t<meta property=\"og:image:height\" content=\"800\" \/>\n\t<meta property=\"og:image:type\" content=\"image\/jpeg\" \/>\n<meta name=\"twitter:card\" content=\"summary_large_image\" \/>\n<meta name=\"twitter:label1\" content=\"Ber\u00e4knad l\u00e4stid\" \/>\n\t<meta name=\"twitter:data1\" content=\"1 minut\" \/>\n<script type=\"application\/ld+json\" class=\"yoast-schema-graph\">{\"@context\":\"https:\\\/\\\/schema.org\",\"@graph\":[{\"@type\":[\"WebPage\",\"ItemPage\"],\"@id\":\"https:\\\/\\\/vmsport.fi\\\/verkkokauppa\\\/varaosat\\\/jarrut\\\/jarrupalat\\\/sram-set-for-trail-guide-g2\\\/\",\"url\":\"https:\\\/\\\/vmsport.fi\\\/verkkokauppa\\\/varaosat\\\/jarrut\\\/jarrupalat\\\/sram-set-for-trail-guide-g2\\\/\",\"name\":\"SRAM Set for Trail\\\/Guide\\\/G2 - VM Sport\",\"isPartOf\":{\"@id\":\"https:\\\/\\\/vmsport.fi\\\/#website\"},\"primaryImageOfPage\":{\"@id\":\"https:\\\/\\\/vmsport.fi\\\/verkkokauppa\\\/varaosat\\\/jarrut\\\/jarrupalat\\\/sram-set-for-trail-guide-g2\\\/#primaryimage\"},\"image\":{\"@id\":\"https:\\\/\\\/vmsport.fi\\\/verkkokauppa\\\/varaosat\\\/jarrut\\\/jarrupalat\\\/sram-set-for-trail-guide-g2\\\/#primaryimage\"},\"thumbnailUrl\":\"https:\\\/\\\/vmsport.fi\\\/wp-content\\\/uploads\\\/2025\\\/03\\\/btYqR2hsLIwnA0gojreu7iGRbR3zi0l4LR27nDQA4d4nWRJcqv-1.jpg\",\"datePublished\":\"2025-03-05T22:03:44+00:00\",\"dateModified\":\"2026-04-22T12:02:56+00:00\",\"breadcrumb\":{\"@id\":\"https:\\\/\\\/vmsport.fi\\\/verkkokauppa\\\/varaosat\\\/jarrut\\\/jarrupalat\\\/sram-set-for-trail-guide-g2\\\/#breadcrumb\"},\"inLanguage\":\"sv-SE\",\"potentialAction\":[{\"@type\":\"ReadAction\",\"target\":[\"https:\\\/\\\/vmsport.fi\\\/verkkokauppa\\\/varaosat\\\/jarrut\\\/jarrupalat\\\/sram-set-for-trail-guide-g2\\\/\"]}]},{\"@type\":\"ImageObject\",\"inLanguage\":\"sv-SE\",\"@id\":\"https:\\\/\\\/vmsport.fi\\\/verkkokauppa\\\/varaosat\\\/jarrut\\\/jarrupalat\\\/sram-set-for-trail-guide-g2\\\/#primaryimage\",\"url\":\"https:\\\/\\\/vmsport.fi\\\/wp-content\\\/uploads\\\/2025\\\/03\\\/btYqR2hsLIwnA0gojreu7iGRbR3zi0l4LR27nDQA4d4nWRJcqv-1.jpg\",\"contentUrl\":\"https:\\\/\\\/vmsport.fi\\\/wp-content\\\/uploads\\\/2025\\\/03\\\/btYqR2hsLIwnA0gojreu7iGRbR3zi0l4LR27nDQA4d4nWRJcqv-1.jpg\",\"width\":800,\"height\":800,\"caption\":\"btYqR2hsLIwnA0gojreu7iGRbR3zi0l4LR27nDQA4d4nWRJcqv\"},{\"@type\":\"BreadcrumbList\",\"@id\":\"https:\\\/\\\/vmsport.fi\\\/verkkokauppa\\\/varaosat\\\/jarrut\\\/jarrupalat\\\/sram-set-for-trail-guide-g2\\\/#breadcrumb\",\"itemListElement\":[{\"@type\":\"ListItem\",\"position\":1,\"name\":\"Etusivu\",\"item\":\"https:\\\/\\\/vmsport.fi\\\/\"},{\"@type\":\"ListItem\",\"position\":2,\"name\":\"Online Store\",\"item\":\"https:\\\/\\\/vmsport.fi\\\/en\\\/online-store\\\/\"},{\"@type\":\"ListItem\",\"position\":3,\"name\":\"SRAM Set for Trail\\\/Guide\\\/G2\"}]},{\"@type\":\"WebSite\",\"@id\":\"https:\\\/\\\/vmsport.fi\\\/#website\",\"url\":\"https:\\\/\\\/vmsport.fi\\\/\",\"name\":\"Vmsport\",\"description\":\"Kaikki py\u00f6r\u00e4ilyyn yhdest\u00e4 paikasta\",\"publisher\":{\"@id\":\"https:\\\/\\\/vmsport.fi\\\/#organization\"},\"potentialAction\":[{\"@type\":\"SearchAction\",\"target\":{\"@type\":\"EntryPoint\",\"urlTemplate\":\"https:\\\/\\\/vmsport.fi\\\/?s={search_term_string}\"},\"query-input\":{\"@type\":\"PropertyValueSpecification\",\"valueRequired\":true,\"valueName\":\"search_term_string\"}}],\"inLanguage\":\"sv-SE\"},{\"@type\":\"Organization\",\"@id\":\"https:\\\/\\\/vmsport.fi\\\/#organization\",\"name\":\"Vmsport\",\"url\":\"https:\\\/\\\/vmsport.fi\\\/\",\"logo\":{\"@type\":\"ImageObject\",\"inLanguage\":\"sv-SE\",\"@id\":\"https:\\\/\\\/vmsport.fi\\\/#\\\/schema\\\/logo\\\/image\\\/\",\"url\":\"https:\\\/\\\/vmsport.fi\\\/wp-content\\\/uploads\\\/2024\\\/12\\\/vm_sport_RGB_horisontal-e1734526017575.png\",\"contentUrl\":\"https:\\\/\\\/vmsport.fi\\\/wp-content\\\/uploads\\\/2024\\\/12\\\/vm_sport_RGB_horisontal-e1734526017575.png\",\"width\":668,\"height\":85,\"caption\":\"Vmsport\"},\"image\":{\"@id\":\"https:\\\/\\\/vmsport.fi\\\/#\\\/schema\\\/logo\\\/image\\\/\"},\"sameAs\":[\"https:\\\/\\\/www.facebook.com\\\/Vmsport.fi\\\/\",\"https:\\\/\\\/www.instagram.com\\\/vmsport\\\/\"]}]}<\/script>\n<!-- \/ Yoast SEO plugin. -->","yoast_head_json":{"title":"SRAM Set for Trail\/Guide\/G2 - VM Sport","robots":{"index":"index","follow":"follow","max-snippet":"max-snippet:-1","max-image-preview":"max-image-preview:large","max-video-preview":"max-video-preview:-1"},"canonical":"https:\/\/vmsport.fi\/sv\/webbutik\/reservdelar\/bromsar\/bromsbelagg\/sram-set-for-trail-guide-g2\/","og_locale":"sv_SE","og_type":"article","og_title":"SRAM Set for Trail\/Guide\/G2 - VM Sport","og_description":"SRAM Sintered\/Steel -jarrupalat on suunniteltu vaativiin olosuhteisiin, erityisesti alam\u00e4kiajoon sek\u00e4 m\u00e4rkiin ja mutaisiin ymp\u00e4rist\u00f6ihin. Ne ovat yhteensopivia SRAM Guide-, Avid Trail-, G2- ja Level Stealth 4-Piston -j\u00e4rjestelmien kanssa, ja ne on kehitetty tuomaan luotettavaa jarrutustehoa haastavissa s\u00e4\u00e4olosuhteissa. Koska jarrupalat on valmistettu sintratusta yhdisteest\u00e4 ja ter\u00e4ksest\u00e4, ne kest\u00e4v\u00e4t hyvin kulutusta ja s\u00e4ilytt\u00e4v\u00e4t jarrutustehonsa korkeissakin l\u00e4mp\u00f6tiloissa. Vaikka [...]L\u00e4s mer \u2026 from SRAM Set for Trail\/Guide\/G2","og_url":"https:\/\/vmsport.fi\/sv\/webbutik\/reservdelar\/bromsar\/bromsbelagg\/sram-set-for-trail-guide-g2\/","og_site_name":"VM Sport","article_publisher":"https:\/\/www.facebook.com\/Vmsport.fi\/","article_modified_time":"2026-04-22T12:02:56+00:00","og_image":[{"width":800,"height":800,"url":"https:\/\/vmsport.fi\/wp-content\/uploads\/2025\/03\/btYqR2hsLIwnA0gojreu7iGRbR3zi0l4LR27nDQA4d4nWRJcqv-1.jpg","type":"image\/jpeg"}],"twitter_card":"summary_large_image","twitter_misc":{"Ber\u00e4knad l\u00e4stid":"1 minut"},"schema":{"@context":"https:\/\/schema.org","@graph":[{"@type":["WebPage","ItemPage"],"@id":"https:\/\/vmsport.fi\/verkkokauppa\/varaosat\/jarrut\/jarrupalat\/sram-set-for-trail-guide-g2\/","url":"https:\/\/vmsport.fi\/verkkokauppa\/varaosat\/jarrut\/jarrupalat\/sram-set-for-trail-guide-g2\/","name":"SRAM Set for Trail\/Guide\/G2 - VM Sport","isPartOf":{"@id":"https:\/\/vmsport.fi\/#website"},"primaryImageOfPage":{"@id":"https:\/\/vmsport.fi\/verkkokauppa\/varaosat\/jarrut\/jarrupalat\/sram-set-for-trail-guide-g2\/#primaryimage"},"image":{"@id":"https:\/\/vmsport.fi\/verkkokauppa\/varaosat\/jarrut\/jarrupalat\/sram-set-for-trail-guide-g2\/#primaryimage"},"thumbnailUrl":"https:\/\/vmsport.fi\/wp-content\/uploads\/2025\/03\/btYqR2hsLIwnA0gojreu7iGRbR3zi0l4LR27nDQA4d4nWRJcqv-1.jpg","datePublished":"2025-03-05T22:03:44+00:00","dateModified":"2026-04-22T12:02:56+00:00","breadcrumb":{"@id":"https:\/\/vmsport.fi\/verkkokauppa\/varaosat\/jarrut\/jarrupalat\/sram-set-for-trail-guide-g2\/#breadcrumb"},"inLanguage":"sv-SE","potentialAction":[{"@type":"ReadAction","target":["https:\/\/vmsport.fi\/verkkokauppa\/varaosat\/jarrut\/jarrupalat\/sram-set-for-trail-guide-g2\/"]}]},{"@type":"ImageObject","inLanguage":"sv-SE","@id":"https:\/\/vmsport.fi\/verkkokauppa\/varaosat\/jarrut\/jarrupalat\/sram-set-for-trail-guide-g2\/#primaryimage","url":"https:\/\/vmsport.fi\/wp-content\/uploads\/2025\/03\/btYqR2hsLIwnA0gojreu7iGRbR3zi0l4LR27nDQA4d4nWRJcqv-1.jpg","contentUrl":"https:\/\/vmsport.fi\/wp-content\/uploads\/2025\/03\/btYqR2hsLIwnA0gojreu7iGRbR3zi0l4LR27nDQA4d4nWRJcqv-1.jpg","width":800,"height":800,"caption":"btYqR2hsLIwnA0gojreu7iGRbR3zi0l4LR27nDQA4d4nWRJcqv"},{"@type":"BreadcrumbList","@id":"https:\/\/vmsport.fi\/verkkokauppa\/varaosat\/jarrut\/jarrupalat\/sram-set-for-trail-guide-g2\/#breadcrumb","itemListElement":[{"@type":"ListItem","position":1,"name":"Etusivu","item":"https:\/\/vmsport.fi\/"},{"@type":"ListItem","position":2,"name":"Online Store","item":"https:\/\/vmsport.fi\/en\/online-store\/"},{"@type":"ListItem","position":3,"name":"SRAM Set for Trail\/Guide\/G2"}]},{"@type":"WebSite","@id":"https:\/\/vmsport.fi\/#website","url":"https:\/\/vmsport.fi\/","name":"Vmsport","description":"Allt p\u00e5 ett st\u00e4lle f\u00f6r cykling","publisher":{"@id":"https:\/\/vmsport.fi\/#organization"},"potentialAction":[{"@type":"SearchAction","target":{"@type":"EntryPoint","urlTemplate":"https:\/\/vmsport.fi\/?s={search_term_string}"},"query-input":{"@type":"PropertyValueSpecification","valueRequired":true,"valueName":"search_term_string"}}],"inLanguage":"sv-SE"},{"@type":"Organization","@id":"https:\/\/vmsport.fi\/#organization","name":"Vmsport","url":"https:\/\/vmsport.fi\/","logo":{"@type":"ImageObject","inLanguage":"sv-SE","@id":"https:\/\/vmsport.fi\/#\/schema\/logo\/image\/","url":"https:\/\/vmsport.fi\/wp-content\/uploads\/2024\/12\/vm_sport_RGB_horisontal-e1734526017575.png","contentUrl":"https:\/\/vmsport.fi\/wp-content\/uploads\/2024\/12\/vm_sport_RGB_horisontal-e1734526017575.png","width":668,"height":85,"caption":"Vmsport"},"image":{"@id":"https:\/\/vmsport.fi\/#\/schema\/logo\/image\/"},"sameAs":["https:\/\/www.facebook.com\/Vmsport.fi\/","https:\/\/www.instagram.com\/vmsport\/"]}]}},"global_unique_id":"","_links":{"self":[{"href":"https:\/\/vmsport.fi\/sv\/wp-json\/wp\/v2\/product\/55240","targetHints":{"allow":["GET"]}}],"collection":[{"href":"https:\/\/vmsport.fi\/sv\/wp-json\/wp\/v2\/product"}],"about":[{"href":"https:\/\/vmsport.fi\/sv\/wp-json\/wp\/v2\/types\/product"}],"replies":[{"embeddable":true,"href":"https:\/\/vmsport.fi\/sv\/wp-json\/wp\/v2\/comments?post=55240"}],"wp:featuredmedia":[{"embeddable":true,"href":"https:\/\/vmsport.fi\/sv\/wp-json\/wp\/v2\/media\/55239"}],"wp:attachment":[{"href":"https:\/\/vmsport.fi\/sv\/wp-json\/wp\/v2\/media?parent=55240"}],"wp:term":[{"taxonomy":"product_brand","embeddable":true,"href":"https:\/\/vmsport.fi\/sv\/wp-json\/wp\/v2\/product_brand?post=55240"},{"taxonomy":"product_model","embeddable":true,"href":"https:\/\/vmsport.fi\/sv\/wp-json\/wp\/v2\/product_model?post=55240"},{"taxonomy":"product_cat","embeddable":true,"href":"https:\/\/vmsport.fi\/sv\/wp-json\/wp\/v2\/product_cat?post=55240"},{"taxonomy":"product_tag","embeddable":true,"href":"https:\/\/vmsport.fi\/sv\/wp-json\/wp\/v2\/product_tag?post=55240"},{"taxonomy":"industry_terminology","embeddable":true,"href":"https:\/\/vmsport.fi\/sv\/wp-json\/wp\/v2\/industry-terminology?post=55240"}],"curies":[{"name":"wp","href":"https:\/\/api.w.org\/{rel}","templated":true}]}}