{"id":55236,"date":"2025-03-06T00:03:42","date_gmt":"2025-03-05T22:03:42","guid":{"rendered":"https:\/\/vmsport.fi\/verkkokauppa\/Ei-luokiteltu\/sram-rear-derailleur-gx-eagle-12-speed-long-cage-lunar-grey-graphics\/"},"modified":"2026-04-23T03:00:59","modified_gmt":"2026-04-23T00:00:59","slug":"sram-rear-derailleur-gx-eagle-12-speed-long-cage-lunar-grey-graphics","status":"publish","type":"product","link":"https:\/\/vmsport.fi\/sv\/verkkokauppa\/varaosat\/vaihteistot\/takavaihtajat\/sram-rear-derailleur-gx-eagle-12-speed-long-cage-lunar-grey-graphics\/","title":{"rendered":"SRAM Bakv\u00e4xel GX Eagle 12 v\u00e4xlar L\u00e5ng bur Lunar Grey grafik"},"content":{"rendered":"<p>SRAM GX Eagle -takavaihtaja on suunniteltu varmistamaan saumattomat vaihteensiirrot 12-vaihteisessa j\u00e4rjestelm\u00e4ss\u00e4, hy\u00f6dynt\u00e4en tarkkaa X-actuation-teknologiaa. Pitk\u00e4 h\u00e4kki pystyy k\u00e4sittelem\u00e4\u00e4n jopa 52 hampaan takarattaan, mik\u00e4 tekee siit\u00e4 erinomaisen valinnan haastaville poluille. Tyylikk\u00e4\u00e4t lunarinharmaat yksityiskohdat lis\u00e4\u00e4v\u00e4t esteettisyytt\u00e4, ja alumiinista valmistettu h\u00e4kki tarjoaa sek\u00e4 keveytt\u00e4 ett\u00e4 kest\u00e4vyytt\u00e4. Ter\u00e4ksiset hihnapy\u00f6r\u00e4n laakerit parantavat kest\u00e4vyysominaisuuksia ja lis\u00e4\u00e4v\u00e4t tuotteen luotettavuutta.<\/p>","protected":false},"excerpt":{"rendered":"<p>SRAM GX Eagle -takavaihtaja on suunniteltu varmistamaan saumattomat vaihteensiirrot 12-vaihteisessa j\u00e4rjestelm\u00e4ss\u00e4, hy\u00f6dynt\u00e4en tarkkaa X-actuation-teknologiaa. Pitk\u00e4 h\u00e4kki pystyy k\u00e4sittelem\u00e4\u00e4n jopa 52 hampaan takarattaan, mik\u00e4 tekee siit\u00e4 erinomaisen valinnan haastaville poluille. Tyylikk\u00e4\u00e4t lunarinharmaat yksityiskohdat lis\u00e4\u00e4v\u00e4t esteettisyytt\u00e4, ja alumiinista valmistettu h\u00e4kki tarjoaa sek\u00e4 keveytt\u00e4 ett\u00e4 kest\u00e4vyytt\u00e4. Ter\u00e4ksiset hihnapy\u00f6r\u00e4n laakerit parantavat kest\u00e4vyysominaisuuksia ja lis\u00e4\u00e4v\u00e4t tuotteen luotettavuutta. [&#8230;]<\/p>\n<p><a class=\"btn btn-secondary understrap-read-more-link\" href=\"https:\/\/vmsport.fi\/sv\/verkkokauppa\/varaosat\/vaihteistot\/takavaihtajat\/sram-rear-derailleur-gx-eagle-12-speed-long-cage-lunar-grey-graphics\/\">L\u00e4s mer \u2026<span class=\"screen-reader-text\"> from SRAM Rear derailleur GX Eagle 12 speed Long cage Lunar Grey graphics<\/span><\/a><\/p>\n","protected":false},"featured_media":55234,"comment_status":"open","ping_status":"closed","template":"","meta":{"_acf_changed":false,"_improvement_type_select":"improve_an_existing","_thumb_yes_seoaic":false,"_frame_yes_seoaic":false,"seoaic_generate_description":"","seoaic_improve_instructions_prompt":"","seoaic_rollback_content_improvement":"","seoaic_idea_thumbnail_generator":"","thumbnail_generated":false,"thumbnail_generate_prompt":"","seoaic_article_description":"","_supplier_stock_quantity":0},"product_brand":[1588],"product_model":[],"product_cat":[9390],"product_tag":[],"industry-terminology":[],"class_list":{"0":"post-55236","1":"product","2":"type-product","3":"status-publish","4":"has-post-thumbnail","6":"product_brand-sram","7":"product_cat-takavaihtajat","9":"first","10":"instock","11":"sale","12":"taxable","13":"shipping-taxable","14":"purchasable","15":"product-type-simple"},"acf":{"bike_features":null,"overview":{"copy_overview":null,"key_features":null,"statement":"","youtube_url":""}},"yoast_head":"<!-- This site is optimized with the Yoast SEO plugin v27.4 - https:\/\/yoast.com\/product\/yoast-seo-wordpress\/ -->\n<title>SRAM Rear derailleur GX Eagle 12 speed Long cage Lunar Grey graphics - VM Sport<\/title>\n<meta name=\"robots\" content=\"index, follow, max-snippet:-1, max-image-preview:large, max-video-preview:-1\" \/>\n<link rel=\"canonical\" href=\"https:\/\/vmsport.fi\/sv\/webbutik\/reservdelar\/vaxellador\/bakre-vaxlar\/sram-rear-derailleur-gx-eagle-12-speed-long-cage-lunar-grey-graphics\/\" \/>\n<meta property=\"og:locale\" content=\"sv_SE\" \/>\n<meta property=\"og:type\" content=\"article\" \/>\n<meta property=\"og:title\" content=\"SRAM Rear derailleur GX Eagle 12 speed Long cage Lunar Grey graphics - VM Sport\" \/>\n<meta property=\"og:description\" content=\"SRAM GX Eagle -takavaihtaja on suunniteltu varmistamaan saumattomat vaihteensiirrot 12-vaihteisessa j\u00e4rjestelm\u00e4ss\u00e4, hy\u00f6dynt\u00e4en tarkkaa X-actuation-teknologiaa. Pitk\u00e4 h\u00e4kki pystyy k\u00e4sittelem\u00e4\u00e4n jopa 52 hampaan takarattaan, mik\u00e4 tekee siit\u00e4 erinomaisen valinnan haastaville poluille. Tyylikk\u00e4\u00e4t lunarinharmaat yksityiskohdat lis\u00e4\u00e4v\u00e4t esteettisyytt\u00e4, ja alumiinista valmistettu h\u00e4kki tarjoaa sek\u00e4 keveytt\u00e4 ett\u00e4 kest\u00e4vyytt\u00e4. Ter\u00e4ksiset hihnapy\u00f6r\u00e4n laakerit parantavat kest\u00e4vyysominaisuuksia ja lis\u00e4\u00e4v\u00e4t tuotteen luotettavuutta. [...]L\u00e4s mer \u2026 from SRAM Rear derailleur GX Eagle 12 speed Long cage Lunar Grey graphics\" \/>\n<meta property=\"og:url\" content=\"https:\/\/vmsport.fi\/sv\/webbutik\/reservdelar\/vaxellador\/bakre-vaxlar\/sram-rear-derailleur-gx-eagle-12-speed-long-cage-lunar-grey-graphics\/\" \/>\n<meta property=\"og:site_name\" content=\"VM Sport\" \/>\n<meta property=\"article:publisher\" content=\"https:\/\/www.facebook.com\/Vmsport.fi\/\" \/>\n<meta property=\"article:modified_time\" content=\"2026-04-23T00:00:59+00:00\" \/>\n<meta property=\"og:image\" content=\"https:\/\/vmsport.fi\/wp-content\/uploads\/2025\/03\/00-7518-137-000-1.jpg\" \/>\n\t<meta property=\"og:image:width\" content=\"800\" \/>\n\t<meta property=\"og:image:height\" content=\"800\" \/>\n\t<meta property=\"og:image:type\" content=\"image\/jpeg\" \/>\n<meta name=\"twitter:card\" content=\"summary_large_image\" \/>\n<script type=\"application\/ld+json\" class=\"yoast-schema-graph\">{\"@context\":\"https:\\\/\\\/schema.org\",\"@graph\":[{\"@type\":[\"WebPage\",\"ItemPage\"],\"@id\":\"https:\\\/\\\/vmsport.fi\\\/verkkokauppa\\\/varaosat\\\/vaihteistot\\\/takavaihtajat\\\/sram-rear-derailleur-gx-eagle-12-speed-long-cage-lunar-grey-graphics\\\/\",\"url\":\"https:\\\/\\\/vmsport.fi\\\/verkkokauppa\\\/varaosat\\\/vaihteistot\\\/takavaihtajat\\\/sram-rear-derailleur-gx-eagle-12-speed-long-cage-lunar-grey-graphics\\\/\",\"name\":\"SRAM Rear derailleur GX Eagle 12 speed Long cage Lunar Grey graphics - VM Sport\",\"isPartOf\":{\"@id\":\"https:\\\/\\\/vmsport.fi\\\/#website\"},\"primaryImageOfPage\":{\"@id\":\"https:\\\/\\\/vmsport.fi\\\/verkkokauppa\\\/varaosat\\\/vaihteistot\\\/takavaihtajat\\\/sram-rear-derailleur-gx-eagle-12-speed-long-cage-lunar-grey-graphics\\\/#primaryimage\"},\"image\":{\"@id\":\"https:\\\/\\\/vmsport.fi\\\/verkkokauppa\\\/varaosat\\\/vaihteistot\\\/takavaihtajat\\\/sram-rear-derailleur-gx-eagle-12-speed-long-cage-lunar-grey-graphics\\\/#primaryimage\"},\"thumbnailUrl\":\"https:\\\/\\\/vmsport.fi\\\/wp-content\\\/uploads\\\/2025\\\/03\\\/00-7518-137-000-1.jpg\",\"datePublished\":\"2025-03-05T22:03:42+00:00\",\"dateModified\":\"2026-04-23T00:00:59+00:00\",\"breadcrumb\":{\"@id\":\"https:\\\/\\\/vmsport.fi\\\/verkkokauppa\\\/varaosat\\\/vaihteistot\\\/takavaihtajat\\\/sram-rear-derailleur-gx-eagle-12-speed-long-cage-lunar-grey-graphics\\\/#breadcrumb\"},\"inLanguage\":\"sv-SE\",\"potentialAction\":[{\"@type\":\"ReadAction\",\"target\":[\"https:\\\/\\\/vmsport.fi\\\/verkkokauppa\\\/varaosat\\\/vaihteistot\\\/takavaihtajat\\\/sram-rear-derailleur-gx-eagle-12-speed-long-cage-lunar-grey-graphics\\\/\"]}]},{\"@type\":\"ImageObject\",\"inLanguage\":\"sv-SE\",\"@id\":\"https:\\\/\\\/vmsport.fi\\\/verkkokauppa\\\/varaosat\\\/vaihteistot\\\/takavaihtajat\\\/sram-rear-derailleur-gx-eagle-12-speed-long-cage-lunar-grey-graphics\\\/#primaryimage\",\"url\":\"https:\\\/\\\/vmsport.fi\\\/wp-content\\\/uploads\\\/2025\\\/03\\\/00-7518-137-000-1.jpg\",\"contentUrl\":\"https:\\\/\\\/vmsport.fi\\\/wp-content\\\/uploads\\\/2025\\\/03\\\/00-7518-137-000-1.jpg\",\"width\":800,\"height\":800,\"caption\":\"00-7518-137-000\"},{\"@type\":\"BreadcrumbList\",\"@id\":\"https:\\\/\\\/vmsport.fi\\\/verkkokauppa\\\/varaosat\\\/vaihteistot\\\/takavaihtajat\\\/sram-rear-derailleur-gx-eagle-12-speed-long-cage-lunar-grey-graphics\\\/#breadcrumb\",\"itemListElement\":[{\"@type\":\"ListItem\",\"position\":1,\"name\":\"Etusivu\",\"item\":\"https:\\\/\\\/vmsport.fi\\\/\"},{\"@type\":\"ListItem\",\"position\":2,\"name\":\"Online Store\",\"item\":\"https:\\\/\\\/vmsport.fi\\\/en\\\/online-store\\\/\"},{\"@type\":\"ListItem\",\"position\":3,\"name\":\"SRAM Rear derailleur GX Eagle 12 speed Long cage Lunar Grey graphics\"}]},{\"@type\":\"WebSite\",\"@id\":\"https:\\\/\\\/vmsport.fi\\\/#website\",\"url\":\"https:\\\/\\\/vmsport.fi\\\/\",\"name\":\"Vmsport\",\"description\":\"Kaikki py\u00f6r\u00e4ilyyn yhdest\u00e4 paikasta\",\"publisher\":{\"@id\":\"https:\\\/\\\/vmsport.fi\\\/#organization\"},\"potentialAction\":[{\"@type\":\"SearchAction\",\"target\":{\"@type\":\"EntryPoint\",\"urlTemplate\":\"https:\\\/\\\/vmsport.fi\\\/?s={search_term_string}\"},\"query-input\":{\"@type\":\"PropertyValueSpecification\",\"valueRequired\":true,\"valueName\":\"search_term_string\"}}],\"inLanguage\":\"sv-SE\"},{\"@type\":\"Organization\",\"@id\":\"https:\\\/\\\/vmsport.fi\\\/#organization\",\"name\":\"Vmsport\",\"url\":\"https:\\\/\\\/vmsport.fi\\\/\",\"logo\":{\"@type\":\"ImageObject\",\"inLanguage\":\"sv-SE\",\"@id\":\"https:\\\/\\\/vmsport.fi\\\/#\\\/schema\\\/logo\\\/image\\\/\",\"url\":\"https:\\\/\\\/vmsport.fi\\\/wp-content\\\/uploads\\\/2024\\\/12\\\/vm_sport_RGB_horisontal-e1734526017575.png\",\"contentUrl\":\"https:\\\/\\\/vmsport.fi\\\/wp-content\\\/uploads\\\/2024\\\/12\\\/vm_sport_RGB_horisontal-e1734526017575.png\",\"width\":668,\"height\":85,\"caption\":\"Vmsport\"},\"image\":{\"@id\":\"https:\\\/\\\/vmsport.fi\\\/#\\\/schema\\\/logo\\\/image\\\/\"},\"sameAs\":[\"https:\\\/\\\/www.facebook.com\\\/Vmsport.fi\\\/\",\"https:\\\/\\\/www.instagram.com\\\/vmsport\\\/\"]}]}<\/script>\n<!-- \/ Yoast SEO plugin. -->","yoast_head_json":{"title":"SRAM Rear derailleur GX Eagle 12 speed Long cage Lunar Grey graphics - VM Sport","robots":{"index":"index","follow":"follow","max-snippet":"max-snippet:-1","max-image-preview":"max-image-preview:large","max-video-preview":"max-video-preview:-1"},"canonical":"https:\/\/vmsport.fi\/sv\/webbutik\/reservdelar\/vaxellador\/bakre-vaxlar\/sram-rear-derailleur-gx-eagle-12-speed-long-cage-lunar-grey-graphics\/","og_locale":"sv_SE","og_type":"article","og_title":"SRAM Rear derailleur GX Eagle 12 speed Long cage Lunar Grey graphics - VM Sport","og_description":"SRAM GX Eagle -takavaihtaja on suunniteltu varmistamaan saumattomat vaihteensiirrot 12-vaihteisessa j\u00e4rjestelm\u00e4ss\u00e4, hy\u00f6dynt\u00e4en tarkkaa X-actuation-teknologiaa. Pitk\u00e4 h\u00e4kki pystyy k\u00e4sittelem\u00e4\u00e4n jopa 52 hampaan takarattaan, mik\u00e4 tekee siit\u00e4 erinomaisen valinnan haastaville poluille. Tyylikk\u00e4\u00e4t lunarinharmaat yksityiskohdat lis\u00e4\u00e4v\u00e4t esteettisyytt\u00e4, ja alumiinista valmistettu h\u00e4kki tarjoaa sek\u00e4 keveytt\u00e4 ett\u00e4 kest\u00e4vyytt\u00e4. Ter\u00e4ksiset hihnapy\u00f6r\u00e4n laakerit parantavat kest\u00e4vyysominaisuuksia ja lis\u00e4\u00e4v\u00e4t tuotteen luotettavuutta. [...]L\u00e4s mer \u2026 from SRAM Rear derailleur GX Eagle 12 speed Long cage Lunar Grey graphics","og_url":"https:\/\/vmsport.fi\/sv\/webbutik\/reservdelar\/vaxellador\/bakre-vaxlar\/sram-rear-derailleur-gx-eagle-12-speed-long-cage-lunar-grey-graphics\/","og_site_name":"VM Sport","article_publisher":"https:\/\/www.facebook.com\/Vmsport.fi\/","article_modified_time":"2026-04-23T00:00:59+00:00","og_image":[{"width":800,"height":800,"url":"https:\/\/vmsport.fi\/wp-content\/uploads\/2025\/03\/00-7518-137-000-1.jpg","type":"image\/jpeg"}],"twitter_card":"summary_large_image","schema":{"@context":"https:\/\/schema.org","@graph":[{"@type":["WebPage","ItemPage"],"@id":"https:\/\/vmsport.fi\/verkkokauppa\/varaosat\/vaihteistot\/takavaihtajat\/sram-rear-derailleur-gx-eagle-12-speed-long-cage-lunar-grey-graphics\/","url":"https:\/\/vmsport.fi\/verkkokauppa\/varaosat\/vaihteistot\/takavaihtajat\/sram-rear-derailleur-gx-eagle-12-speed-long-cage-lunar-grey-graphics\/","name":"SRAM Rear derailleur GX Eagle 12 speed Long cage Lunar Grey graphics - VM Sport","isPartOf":{"@id":"https:\/\/vmsport.fi\/#website"},"primaryImageOfPage":{"@id":"https:\/\/vmsport.fi\/verkkokauppa\/varaosat\/vaihteistot\/takavaihtajat\/sram-rear-derailleur-gx-eagle-12-speed-long-cage-lunar-grey-graphics\/#primaryimage"},"image":{"@id":"https:\/\/vmsport.fi\/verkkokauppa\/varaosat\/vaihteistot\/takavaihtajat\/sram-rear-derailleur-gx-eagle-12-speed-long-cage-lunar-grey-graphics\/#primaryimage"},"thumbnailUrl":"https:\/\/vmsport.fi\/wp-content\/uploads\/2025\/03\/00-7518-137-000-1.jpg","datePublished":"2025-03-05T22:03:42+00:00","dateModified":"2026-04-23T00:00:59+00:00","breadcrumb":{"@id":"https:\/\/vmsport.fi\/verkkokauppa\/varaosat\/vaihteistot\/takavaihtajat\/sram-rear-derailleur-gx-eagle-12-speed-long-cage-lunar-grey-graphics\/#breadcrumb"},"inLanguage":"sv-SE","potentialAction":[{"@type":"ReadAction","target":["https:\/\/vmsport.fi\/verkkokauppa\/varaosat\/vaihteistot\/takavaihtajat\/sram-rear-derailleur-gx-eagle-12-speed-long-cage-lunar-grey-graphics\/"]}]},{"@type":"ImageObject","inLanguage":"sv-SE","@id":"https:\/\/vmsport.fi\/verkkokauppa\/varaosat\/vaihteistot\/takavaihtajat\/sram-rear-derailleur-gx-eagle-12-speed-long-cage-lunar-grey-graphics\/#primaryimage","url":"https:\/\/vmsport.fi\/wp-content\/uploads\/2025\/03\/00-7518-137-000-1.jpg","contentUrl":"https:\/\/vmsport.fi\/wp-content\/uploads\/2025\/03\/00-7518-137-000-1.jpg","width":800,"height":800,"caption":"00-7518-137-000"},{"@type":"BreadcrumbList","@id":"https:\/\/vmsport.fi\/verkkokauppa\/varaosat\/vaihteistot\/takavaihtajat\/sram-rear-derailleur-gx-eagle-12-speed-long-cage-lunar-grey-graphics\/#breadcrumb","itemListElement":[{"@type":"ListItem","position":1,"name":"Etusivu","item":"https:\/\/vmsport.fi\/"},{"@type":"ListItem","position":2,"name":"Online Store","item":"https:\/\/vmsport.fi\/en\/online-store\/"},{"@type":"ListItem","position":3,"name":"SRAM Rear derailleur GX Eagle 12 speed Long cage Lunar Grey graphics"}]},{"@type":"WebSite","@id":"https:\/\/vmsport.fi\/#website","url":"https:\/\/vmsport.fi\/","name":"Vmsport","description":"Allt p\u00e5 ett st\u00e4lle f\u00f6r cykling","publisher":{"@id":"https:\/\/vmsport.fi\/#organization"},"potentialAction":[{"@type":"SearchAction","target":{"@type":"EntryPoint","urlTemplate":"https:\/\/vmsport.fi\/?s={search_term_string}"},"query-input":{"@type":"PropertyValueSpecification","valueRequired":true,"valueName":"search_term_string"}}],"inLanguage":"sv-SE"},{"@type":"Organization","@id":"https:\/\/vmsport.fi\/#organization","name":"Vmsport","url":"https:\/\/vmsport.fi\/","logo":{"@type":"ImageObject","inLanguage":"sv-SE","@id":"https:\/\/vmsport.fi\/#\/schema\/logo\/image\/","url":"https:\/\/vmsport.fi\/wp-content\/uploads\/2024\/12\/vm_sport_RGB_horisontal-e1734526017575.png","contentUrl":"https:\/\/vmsport.fi\/wp-content\/uploads\/2024\/12\/vm_sport_RGB_horisontal-e1734526017575.png","width":668,"height":85,"caption":"Vmsport"},"image":{"@id":"https:\/\/vmsport.fi\/#\/schema\/logo\/image\/"},"sameAs":["https:\/\/www.facebook.com\/Vmsport.fi\/","https:\/\/www.instagram.com\/vmsport\/"]}]}},"global_unique_id":"","_links":{"self":[{"href":"https:\/\/vmsport.fi\/sv\/wp-json\/wp\/v2\/product\/55236","targetHints":{"allow":["GET"]}}],"collection":[{"href":"https:\/\/vmsport.fi\/sv\/wp-json\/wp\/v2\/product"}],"about":[{"href":"https:\/\/vmsport.fi\/sv\/wp-json\/wp\/v2\/types\/product"}],"replies":[{"embeddable":true,"href":"https:\/\/vmsport.fi\/sv\/wp-json\/wp\/v2\/comments?post=55236"}],"wp:featuredmedia":[{"embeddable":true,"href":"https:\/\/vmsport.fi\/sv\/wp-json\/wp\/v2\/media\/55234"}],"wp:attachment":[{"href":"https:\/\/vmsport.fi\/sv\/wp-json\/wp\/v2\/media?parent=55236"}],"wp:term":[{"taxonomy":"product_brand","embeddable":true,"href":"https:\/\/vmsport.fi\/sv\/wp-json\/wp\/v2\/product_brand?post=55236"},{"taxonomy":"product_model","embeddable":true,"href":"https:\/\/vmsport.fi\/sv\/wp-json\/wp\/v2\/product_model?post=55236"},{"taxonomy":"product_cat","embeddable":true,"href":"https:\/\/vmsport.fi\/sv\/wp-json\/wp\/v2\/product_cat?post=55236"},{"taxonomy":"product_tag","embeddable":true,"href":"https:\/\/vmsport.fi\/sv\/wp-json\/wp\/v2\/product_tag?post=55236"},{"taxonomy":"industry_terminology","embeddable":true,"href":"https:\/\/vmsport.fi\/sv\/wp-json\/wp\/v2\/industry-terminology?post=55236"}],"curies":[{"name":"wp","href":"https:\/\/api.w.org\/{rel}","templated":true}]}}