{"id":55231,"date":"2025-03-06T00:03:39","date_gmt":"2025-03-05T22:03:39","guid":{"rendered":"https:\/\/vmsport.fi\/verkkokauppa\/Ei-luokiteltu\/muc-off-dh-enduro-trail-kit-punk\/"},"modified":"2026-04-22T15:09:31","modified_gmt":"2026-04-22T12:09:31","slug":"muc-off-dh-enduro-trail-kit-punk","status":"publish","type":"product","link":"https:\/\/vmsport.fi\/sv\/verkkokauppa\/renkaat\/tubeless-tarvikkeet\/tubeless-sarjat-ja-osat\/muc-off-dh-enduro-trail-kit-punk\/","title":{"rendered":"MUC-OFF DH\/ENDURO\/TRAIL-kit Punk"},"content":{"rendered":"<p>Muc-Off DH\/Enduro\/Trail Kit Punk ger utm\u00e4rkt skydd f\u00f6r cykelramar under utmanande f\u00f6rh\u00e5llanden. Cube-Tec-materialet och 45 slitstarka delar s\u00e4kerst\u00e4ller l\u00e5ng livsl\u00e4ngd och vattenbest\u00e4ndighet, \u00e4ven n\u00e4r sp\u00e5ren blir extrema. En flexibel och stark sj\u00e4lvh\u00e4ftande yta h\u00e5ller kitet stadigt p\u00e5 plats, vilket g\u00f6r det till ett perfekt val f\u00f6r downhill, enduro och mountainbike. Kitets punkinspirerade utseende ger din cykel en unik stil samtidigt som det skyddar den mot slitage och skador.<\/p>","protected":false},"excerpt":{"rendered":"<p>Muc-Off DH\/Enduro\/Trail Kit Punk tarjoaa erinomaisen suojan py\u00f6r\u00e4n rungoille haastavissa olosuhteissa. Cube-Tec-materiaali ja 45 kest\u00e4v\u00e4\u00e4 osaa takaavat pitk\u00e4ik\u00e4isyyden ja vedenkest\u00e4vyyden, vaikka reitit muuttuisivat \u00e4\u00e4rimm\u00e4isiksi. Joustava ja vahva liimapinta pit\u00e4\u00e4 kitin tiukasti paikoillaan, mik\u00e4 tekee siit\u00e4 ihanteellisen valinnan alam\u00e4ki-, enduro- ja maastopy\u00f6r\u00e4ilyyn. Kitin punk-henkinen ulkoasu tuo py\u00f6r\u00e4\u00e4si ainutlaatuista tyyli\u00e4 samalla kun se suojaa sit\u00e4 kulumisen ja [&#8230;]<\/p>\n<p><a class=\"btn btn-secondary understrap-read-more-link\" href=\"https:\/\/vmsport.fi\/sv\/verkkokauppa\/renkaat\/tubeless-tarvikkeet\/tubeless-sarjat-ja-osat\/muc-off-dh-enduro-trail-kit-punk\/\">L\u00e4s mer \u2026<span class=\"screen-reader-text\"> from MUC-OFF DH\/ENDURO\/TRAIL kit Punk<\/span><\/a><\/p>\n","protected":false},"featured_media":55230,"comment_status":"open","ping_status":"closed","template":"","meta":{"_acf_changed":false,"_improvement_type_select":"improve_an_existing","_thumb_yes_seoaic":false,"_frame_yes_seoaic":false,"seoaic_generate_description":"","seoaic_improve_instructions_prompt":"","seoaic_rollback_content_improvement":"","seoaic_idea_thumbnail_generator":"","thumbnail_generated":false,"thumbnail_generate_prompt":"","seoaic_article_description":"","_supplier_stock_quantity":0},"product_brand":[1584],"product_model":[],"product_cat":[9364],"product_tag":[],"industry-terminology":[],"class_list":{"0":"post-55231","1":"product","2":"type-product","3":"status-publish","4":"has-post-thumbnail","6":"product_brand-muc-off","7":"product_cat-tubeless-sarjat-ja-osat","9":"first","10":"outofstock","11":"taxable","12":"shipping-taxable","13":"product-type-simple"},"acf":{"bike_features":null,"overview":{"copy_overview":null,"key_features":null,"statement":"","youtube_url":""}},"yoast_head":"<!-- This site is optimized with the Yoast SEO plugin v27.4 - https:\/\/yoast.com\/product\/yoast-seo-wordpress\/ -->\n<title>MUC-OFF DH\/ENDURO\/TRAIL kit Punk - VM Sport<\/title>\n<meta name=\"robots\" content=\"index, follow, max-snippet:-1, max-image-preview:large, max-video-preview:-1\" \/>\n<link rel=\"canonical\" href=\"https:\/\/vmsport.fi\/sv\/webbutik\/dack\/slanglosa-tillbehor\/slanglosa-satser-och-delar\/muc-off-dh-enduro-trail-kit-punk\/\" \/>\n<meta property=\"og:locale\" content=\"sv_SE\" \/>\n<meta property=\"og:type\" content=\"article\" \/>\n<meta property=\"og:title\" content=\"MUC-OFF DH\/ENDURO\/TRAIL kit Punk - VM Sport\" \/>\n<meta property=\"og:description\" content=\"Muc-Off DH\/Enduro\/Trail Kit Punk tarjoaa erinomaisen suojan py\u00f6r\u00e4n rungoille haastavissa olosuhteissa. Cube-Tec-materiaali ja 45 kest\u00e4v\u00e4\u00e4 osaa takaavat pitk\u00e4ik\u00e4isyyden ja vedenkest\u00e4vyyden, vaikka reitit muuttuisivat \u00e4\u00e4rimm\u00e4isiksi. Joustava ja vahva liimapinta pit\u00e4\u00e4 kitin tiukasti paikoillaan, mik\u00e4 tekee siit\u00e4 ihanteellisen valinnan alam\u00e4ki-, enduro- ja maastopy\u00f6r\u00e4ilyyn. Kitin punk-henkinen ulkoasu tuo py\u00f6r\u00e4\u00e4si ainutlaatuista tyyli\u00e4 samalla kun se suojaa sit\u00e4 kulumisen ja [...]L\u00e4s mer \u2026 from MUC-OFF DH\/ENDURO\/TRAIL kit Punk\" \/>\n<meta property=\"og:url\" content=\"https:\/\/vmsport.fi\/sv\/webbutik\/dack\/slanglosa-tillbehor\/slanglosa-satser-och-delar\/muc-off-dh-enduro-trail-kit-punk\/\" \/>\n<meta property=\"og:site_name\" content=\"VM Sport\" \/>\n<meta property=\"article:publisher\" content=\"https:\/\/www.facebook.com\/Vmsport.fi\/\" \/>\n<meta property=\"article:modified_time\" content=\"2026-04-22T12:09:31+00:00\" \/>\n<meta property=\"og:image\" content=\"https:\/\/vmsport.fi\/wp-content\/uploads\/2025\/03\/vEXWdeqn3ALBL6m22P1BbsRoVxTQZXlmWbZFXgbdlYq0WpcyCP-1.jpg\" \/>\n\t<meta property=\"og:image:width\" content=\"800\" \/>\n\t<meta property=\"og:image:height\" content=\"800\" \/>\n\t<meta property=\"og:image:type\" content=\"image\/jpeg\" \/>\n<meta name=\"twitter:card\" content=\"summary_large_image\" \/>\n<script type=\"application\/ld+json\" class=\"yoast-schema-graph\">{\"@context\":\"https:\\\/\\\/schema.org\",\"@graph\":[{\"@type\":[\"WebPage\",\"ItemPage\"],\"@id\":\"https:\\\/\\\/vmsport.fi\\\/verkkokauppa\\\/renkaat\\\/tubeless-tarvikkeet\\\/tubeless-sarjat-ja-osat\\\/muc-off-dh-enduro-trail-kit-punk\\\/\",\"url\":\"https:\\\/\\\/vmsport.fi\\\/verkkokauppa\\\/renkaat\\\/tubeless-tarvikkeet\\\/tubeless-sarjat-ja-osat\\\/muc-off-dh-enduro-trail-kit-punk\\\/\",\"name\":\"MUC-OFF DH\\\/ENDURO\\\/TRAIL kit Punk - VM Sport\",\"isPartOf\":{\"@id\":\"https:\\\/\\\/vmsport.fi\\\/#website\"},\"primaryImageOfPage\":{\"@id\":\"https:\\\/\\\/vmsport.fi\\\/verkkokauppa\\\/renkaat\\\/tubeless-tarvikkeet\\\/tubeless-sarjat-ja-osat\\\/muc-off-dh-enduro-trail-kit-punk\\\/#primaryimage\"},\"image\":{\"@id\":\"https:\\\/\\\/vmsport.fi\\\/verkkokauppa\\\/renkaat\\\/tubeless-tarvikkeet\\\/tubeless-sarjat-ja-osat\\\/muc-off-dh-enduro-trail-kit-punk\\\/#primaryimage\"},\"thumbnailUrl\":\"https:\\\/\\\/vmsport.fi\\\/wp-content\\\/uploads\\\/2025\\\/03\\\/vEXWdeqn3ALBL6m22P1BbsRoVxTQZXlmWbZFXgbdlYq0WpcyCP-1.jpg\",\"datePublished\":\"2025-03-05T22:03:39+00:00\",\"dateModified\":\"2026-04-22T12:09:31+00:00\",\"breadcrumb\":{\"@id\":\"https:\\\/\\\/vmsport.fi\\\/verkkokauppa\\\/renkaat\\\/tubeless-tarvikkeet\\\/tubeless-sarjat-ja-osat\\\/muc-off-dh-enduro-trail-kit-punk\\\/#breadcrumb\"},\"inLanguage\":\"sv-SE\",\"potentialAction\":[{\"@type\":\"ReadAction\",\"target\":[\"https:\\\/\\\/vmsport.fi\\\/verkkokauppa\\\/renkaat\\\/tubeless-tarvikkeet\\\/tubeless-sarjat-ja-osat\\\/muc-off-dh-enduro-trail-kit-punk\\\/\"]}]},{\"@type\":\"ImageObject\",\"inLanguage\":\"sv-SE\",\"@id\":\"https:\\\/\\\/vmsport.fi\\\/verkkokauppa\\\/renkaat\\\/tubeless-tarvikkeet\\\/tubeless-sarjat-ja-osat\\\/muc-off-dh-enduro-trail-kit-punk\\\/#primaryimage\",\"url\":\"https:\\\/\\\/vmsport.fi\\\/wp-content\\\/uploads\\\/2025\\\/03\\\/vEXWdeqn3ALBL6m22P1BbsRoVxTQZXlmWbZFXgbdlYq0WpcyCP-1.jpg\",\"contentUrl\":\"https:\\\/\\\/vmsport.fi\\\/wp-content\\\/uploads\\\/2025\\\/03\\\/vEXWdeqn3ALBL6m22P1BbsRoVxTQZXlmWbZFXgbdlYq0WpcyCP-1.jpg\",\"width\":800,\"height\":800,\"caption\":\"vEXWdeqn3ALBL6m22P1BbsRoVxTQZXlmWbZFXgbdlYq0WpcyCP\"},{\"@type\":\"BreadcrumbList\",\"@id\":\"https:\\\/\\\/vmsport.fi\\\/verkkokauppa\\\/renkaat\\\/tubeless-tarvikkeet\\\/tubeless-sarjat-ja-osat\\\/muc-off-dh-enduro-trail-kit-punk\\\/#breadcrumb\",\"itemListElement\":[{\"@type\":\"ListItem\",\"position\":1,\"name\":\"Etusivu\",\"item\":\"https:\\\/\\\/vmsport.fi\\\/\"},{\"@type\":\"ListItem\",\"position\":2,\"name\":\"Online Store\",\"item\":\"https:\\\/\\\/vmsport.fi\\\/en\\\/online-store\\\/\"},{\"@type\":\"ListItem\",\"position\":3,\"name\":\"MUC-OFF DH\\\/ENDURO\\\/TRAIL kit Punk\"}]},{\"@type\":\"WebSite\",\"@id\":\"https:\\\/\\\/vmsport.fi\\\/#website\",\"url\":\"https:\\\/\\\/vmsport.fi\\\/\",\"name\":\"Vmsport\",\"description\":\"Kaikki py\u00f6r\u00e4ilyyn yhdest\u00e4 paikasta\",\"publisher\":{\"@id\":\"https:\\\/\\\/vmsport.fi\\\/#organization\"},\"potentialAction\":[{\"@type\":\"SearchAction\",\"target\":{\"@type\":\"EntryPoint\",\"urlTemplate\":\"https:\\\/\\\/vmsport.fi\\\/?s={search_term_string}\"},\"query-input\":{\"@type\":\"PropertyValueSpecification\",\"valueRequired\":true,\"valueName\":\"search_term_string\"}}],\"inLanguage\":\"sv-SE\"},{\"@type\":\"Organization\",\"@id\":\"https:\\\/\\\/vmsport.fi\\\/#organization\",\"name\":\"Vmsport\",\"url\":\"https:\\\/\\\/vmsport.fi\\\/\",\"logo\":{\"@type\":\"ImageObject\",\"inLanguage\":\"sv-SE\",\"@id\":\"https:\\\/\\\/vmsport.fi\\\/#\\\/schema\\\/logo\\\/image\\\/\",\"url\":\"https:\\\/\\\/vmsport.fi\\\/wp-content\\\/uploads\\\/2024\\\/12\\\/vm_sport_RGB_horisontal-e1734526017575.png\",\"contentUrl\":\"https:\\\/\\\/vmsport.fi\\\/wp-content\\\/uploads\\\/2024\\\/12\\\/vm_sport_RGB_horisontal-e1734526017575.png\",\"width\":668,\"height\":85,\"caption\":\"Vmsport\"},\"image\":{\"@id\":\"https:\\\/\\\/vmsport.fi\\\/#\\\/schema\\\/logo\\\/image\\\/\"},\"sameAs\":[\"https:\\\/\\\/www.facebook.com\\\/Vmsport.fi\\\/\",\"https:\\\/\\\/www.instagram.com\\\/vmsport\\\/\"]}]}<\/script>\n<!-- \/ Yoast SEO plugin. -->","yoast_head_json":{"title":"MUC-OFF DH\/ENDURO\/TRAIL-kit Punk - VM Sport","robots":{"index":"index","follow":"follow","max-snippet":"max-snippet:-1","max-image-preview":"max-image-preview:large","max-video-preview":"max-video-preview:-1"},"canonical":"https:\/\/vmsport.fi\/sv\/webbutik\/dack\/slanglosa-tillbehor\/slanglosa-satser-och-delar\/muc-off-dh-enduro-trail-kit-punk\/","og_locale":"sv_SE","og_type":"article","og_title":"MUC-OFF DH\/ENDURO\/TRAIL kit Punk - VM Sport","og_description":"Muc-Off DH\/Enduro\/Trail Kit Punk tarjoaa erinomaisen suojan py\u00f6r\u00e4n rungoille haastavissa olosuhteissa. Cube-Tec-materiaali ja 45 kest\u00e4v\u00e4\u00e4 osaa takaavat pitk\u00e4ik\u00e4isyyden ja vedenkest\u00e4vyyden, vaikka reitit muuttuisivat \u00e4\u00e4rimm\u00e4isiksi. Joustava ja vahva liimapinta pit\u00e4\u00e4 kitin tiukasti paikoillaan, mik\u00e4 tekee siit\u00e4 ihanteellisen valinnan alam\u00e4ki-, enduro- ja maastopy\u00f6r\u00e4ilyyn. Kitin punk-henkinen ulkoasu tuo py\u00f6r\u00e4\u00e4si ainutlaatuista tyyli\u00e4 samalla kun se suojaa sit\u00e4 kulumisen ja [...]L\u00e4s mer \u2026 from MUC-OFF DH\/ENDURO\/TRAIL kit Punk","og_url":"https:\/\/vmsport.fi\/sv\/webbutik\/dack\/slanglosa-tillbehor\/slanglosa-satser-och-delar\/muc-off-dh-enduro-trail-kit-punk\/","og_site_name":"VM Sport","article_publisher":"https:\/\/www.facebook.com\/Vmsport.fi\/","article_modified_time":"2026-04-22T12:09:31+00:00","og_image":[{"width":800,"height":800,"url":"https:\/\/vmsport.fi\/wp-content\/uploads\/2025\/03\/vEXWdeqn3ALBL6m22P1BbsRoVxTQZXlmWbZFXgbdlYq0WpcyCP-1.jpg","type":"image\/jpeg"}],"twitter_card":"summary_large_image","schema":{"@context":"https:\/\/schema.org","@graph":[{"@type":["WebPage","ItemPage"],"@id":"https:\/\/vmsport.fi\/verkkokauppa\/renkaat\/tubeless-tarvikkeet\/tubeless-sarjat-ja-osat\/muc-off-dh-enduro-trail-kit-punk\/","url":"https:\/\/vmsport.fi\/verkkokauppa\/renkaat\/tubeless-tarvikkeet\/tubeless-sarjat-ja-osat\/muc-off-dh-enduro-trail-kit-punk\/","name":"MUC-OFF DH\/ENDURO\/TRAIL-kit Punk - VM Sport","isPartOf":{"@id":"https:\/\/vmsport.fi\/#website"},"primaryImageOfPage":{"@id":"https:\/\/vmsport.fi\/verkkokauppa\/renkaat\/tubeless-tarvikkeet\/tubeless-sarjat-ja-osat\/muc-off-dh-enduro-trail-kit-punk\/#primaryimage"},"image":{"@id":"https:\/\/vmsport.fi\/verkkokauppa\/renkaat\/tubeless-tarvikkeet\/tubeless-sarjat-ja-osat\/muc-off-dh-enduro-trail-kit-punk\/#primaryimage"},"thumbnailUrl":"https:\/\/vmsport.fi\/wp-content\/uploads\/2025\/03\/vEXWdeqn3ALBL6m22P1BbsRoVxTQZXlmWbZFXgbdlYq0WpcyCP-1.jpg","datePublished":"2025-03-05T22:03:39+00:00","dateModified":"2026-04-22T12:09:31+00:00","breadcrumb":{"@id":"https:\/\/vmsport.fi\/verkkokauppa\/renkaat\/tubeless-tarvikkeet\/tubeless-sarjat-ja-osat\/muc-off-dh-enduro-trail-kit-punk\/#breadcrumb"},"inLanguage":"sv-SE","potentialAction":[{"@type":"ReadAction","target":["https:\/\/vmsport.fi\/verkkokauppa\/renkaat\/tubeless-tarvikkeet\/tubeless-sarjat-ja-osat\/muc-off-dh-enduro-trail-kit-punk\/"]}]},{"@type":"ImageObject","inLanguage":"sv-SE","@id":"https:\/\/vmsport.fi\/verkkokauppa\/renkaat\/tubeless-tarvikkeet\/tubeless-sarjat-ja-osat\/muc-off-dh-enduro-trail-kit-punk\/#primaryimage","url":"https:\/\/vmsport.fi\/wp-content\/uploads\/2025\/03\/vEXWdeqn3ALBL6m22P1BbsRoVxTQZXlmWbZFXgbdlYq0WpcyCP-1.jpg","contentUrl":"https:\/\/vmsport.fi\/wp-content\/uploads\/2025\/03\/vEXWdeqn3ALBL6m22P1BbsRoVxTQZXlmWbZFXgbdlYq0WpcyCP-1.jpg","width":800,"height":800,"caption":"vEXWdeqn3ALBL6m22P1BbsRoVxTQZXlmWbZFXgbdlYq0WpcyCP"},{"@type":"BreadcrumbList","@id":"https:\/\/vmsport.fi\/verkkokauppa\/renkaat\/tubeless-tarvikkeet\/tubeless-sarjat-ja-osat\/muc-off-dh-enduro-trail-kit-punk\/#breadcrumb","itemListElement":[{"@type":"ListItem","position":1,"name":"Etusivu","item":"https:\/\/vmsport.fi\/"},{"@type":"ListItem","position":2,"name":"Online Store","item":"https:\/\/vmsport.fi\/en\/online-store\/"},{"@type":"ListItem","position":3,"name":"MUC-OFF DH\/ENDURO\/TRAIL kit Punk"}]},{"@type":"WebSite","@id":"https:\/\/vmsport.fi\/#website","url":"https:\/\/vmsport.fi\/","name":"Vmsport","description":"Allt p\u00e5 ett st\u00e4lle f\u00f6r cykling","publisher":{"@id":"https:\/\/vmsport.fi\/#organization"},"potentialAction":[{"@type":"SearchAction","target":{"@type":"EntryPoint","urlTemplate":"https:\/\/vmsport.fi\/?s={search_term_string}"},"query-input":{"@type":"PropertyValueSpecification","valueRequired":true,"valueName":"search_term_string"}}],"inLanguage":"sv-SE"},{"@type":"Organization","@id":"https:\/\/vmsport.fi\/#organization","name":"Vmsport","url":"https:\/\/vmsport.fi\/","logo":{"@type":"ImageObject","inLanguage":"sv-SE","@id":"https:\/\/vmsport.fi\/#\/schema\/logo\/image\/","url":"https:\/\/vmsport.fi\/wp-content\/uploads\/2024\/12\/vm_sport_RGB_horisontal-e1734526017575.png","contentUrl":"https:\/\/vmsport.fi\/wp-content\/uploads\/2024\/12\/vm_sport_RGB_horisontal-e1734526017575.png","width":668,"height":85,"caption":"Vmsport"},"image":{"@id":"https:\/\/vmsport.fi\/#\/schema\/logo\/image\/"},"sameAs":["https:\/\/www.facebook.com\/Vmsport.fi\/","https:\/\/www.instagram.com\/vmsport\/"]}]}},"global_unique_id":"","_links":{"self":[{"href":"https:\/\/vmsport.fi\/sv\/wp-json\/wp\/v2\/product\/55231","targetHints":{"allow":["GET"]}}],"collection":[{"href":"https:\/\/vmsport.fi\/sv\/wp-json\/wp\/v2\/product"}],"about":[{"href":"https:\/\/vmsport.fi\/sv\/wp-json\/wp\/v2\/types\/product"}],"replies":[{"embeddable":true,"href":"https:\/\/vmsport.fi\/sv\/wp-json\/wp\/v2\/comments?post=55231"}],"wp:featuredmedia":[{"embeddable":true,"href":"https:\/\/vmsport.fi\/sv\/wp-json\/wp\/v2\/media\/55230"}],"wp:attachment":[{"href":"https:\/\/vmsport.fi\/sv\/wp-json\/wp\/v2\/media?parent=55231"}],"wp:term":[{"taxonomy":"product_brand","embeddable":true,"href":"https:\/\/vmsport.fi\/sv\/wp-json\/wp\/v2\/product_brand?post=55231"},{"taxonomy":"product_model","embeddable":true,"href":"https:\/\/vmsport.fi\/sv\/wp-json\/wp\/v2\/product_model?post=55231"},{"taxonomy":"product_cat","embeddable":true,"href":"https:\/\/vmsport.fi\/sv\/wp-json\/wp\/v2\/product_cat?post=55231"},{"taxonomy":"product_tag","embeddable":true,"href":"https:\/\/vmsport.fi\/sv\/wp-json\/wp\/v2\/product_tag?post=55231"},{"taxonomy":"industry_terminology","embeddable":true,"href":"https:\/\/vmsport.fi\/sv\/wp-json\/wp\/v2\/industry-terminology?post=55231"}],"curies":[{"name":"wp","href":"https:\/\/api.w.org\/{rel}","templated":true}]}}