{"id":55229,"date":"2025-03-06T00:03:39","date_gmt":"2025-03-05T22:03:39","guid":{"rendered":"https:\/\/vmsport.fi\/verkkokauppa\/Ei-luokiteltu\/nippeliavain-sw-1-vihrea-330mm-130\/"},"modified":"2026-04-22T15:04:40","modified_gmt":"2026-04-22T12:04:40","slug":"nippelnyckel-sw-1-gron-330mm-130","status":"publish","type":"product","link":"https:\/\/vmsport.fi\/sv\/verkkokauppa\/tarvikkeet\/tyokalut\/nippeliavain-sw-1-vihrea-330mm-130\/","title":{"rendered":"Nippelnyckel SW-1 gr\u00f6n 3,30mm\/130\u2033"},"content":{"rendered":"<p>SW-1 \u00e4r ett praktiskt verktyg med en gr\u00f6n f\u00e4rg som l\u00e4tt sticker ut bland andra hjulf\u00f6rsedda verktyg. Dess storlek p\u00e5 3,30 mm s\u00e4kerst\u00e4ller kompatibilitet med m\u00e5nga f\u00e4lgar. Denna nippelnyckel \u00e4r s\u00e4rskilt utformad f\u00f6r underh\u00e5ll av f\u00e4lgar f\u00f6r att hj\u00e4lpa cyklister att uppr\u00e4tth\u00e5lla en effektiv och tillf\u00f6rlitlig k\u00f6rupplevelse. Den kompakta designen g\u00f6r den l\u00e4tt att b\u00e4ra med sig och m\u00f6jligg\u00f6r snabb anv\u00e4ndning p\u00e5 plats.<\/p>","protected":false},"excerpt":{"rendered":"<p>Nippeliavain SW-1 on k\u00e4tev\u00e4 ty\u00f6kalu, jonka vihre\u00e4 v\u00e4ri erottuu helposti muiden py\u00f6r\u00e4ty\u00f6kalujen joukosta. Sen 3,30 mm koko takaa yhteensopivuuden monien py\u00f6r\u00e4n vanteiden kanssa. T\u00e4m\u00e4 nippeliavain on suunniteltu erityisesti py\u00f6r\u00e4n vanteiden huoltoon, jotta py\u00f6r\u00e4ilij\u00e4t voivat yll\u00e4pit\u00e4\u00e4 tehokasta ja luotettavaa ajokokemusta. Kompaktin muotoilunsa ansiosta se on helppo kuljettaa mukana, ja se mahdollistaa nopean k\u00e4yt\u00f6n paikan p\u00e4\u00e4ll\u00e4. [&#8230;]<\/p>\n<p><a class=\"btn btn-secondary understrap-read-more-link\" href=\"https:\/\/vmsport.fi\/sv\/verkkokauppa\/tarvikkeet\/tyokalut\/nippeliavain-sw-1-vihrea-330mm-130\/\">L\u00e4s mer \u2026<span class=\"screen-reader-text\"> from Nippeliavain SW-1 vihre\u00e4 3,30mm\/130&#8243;<\/span><\/a><\/p>\n","protected":false},"featured_media":55228,"comment_status":"open","ping_status":"closed","template":"","meta":{"_acf_changed":false,"_improvement_type_select":"improve_an_existing","_thumb_yes_seoaic":false,"_frame_yes_seoaic":false,"seoaic_generate_description":"","seoaic_improve_instructions_prompt":"","seoaic_rollback_content_improvement":"","seoaic_idea_thumbnail_generator":"","thumbnail_generated":false,"thumbnail_generate_prompt":"","seoaic_article_description":"","_supplier_stock_quantity":0},"product_brand":[],"product_model":[],"product_cat":[9282],"product_tag":[],"industry-terminology":[],"class_list":{"0":"post-55229","1":"product","2":"type-product","3":"status-publish","4":"has-post-thumbnail","6":"product_cat-tyokalut","8":"first","9":"outofstock","10":"taxable","11":"shipping-taxable","12":"product-type-simple"},"acf":{"bike_features":null,"overview":{"copy_overview":null,"key_features":null,"statement":"","youtube_url":""}},"yoast_head":"<!-- This site is optimized with the Yoast SEO plugin v27.4 - https:\/\/yoast.com\/product\/yoast-seo-wordpress\/ -->\n<title>Nippeliavain SW-1 vihre\u00e4 3,30mm\/130&quot; - VM Sport<\/title>\n<meta name=\"robots\" content=\"index, follow, max-snippet:-1, max-image-preview:large, max-video-preview:-1\" \/>\n<link rel=\"canonical\" href=\"https:\/\/vmsport.fi\/sv\/webbutik\/tillbehor\/tyokalut\/nippelnyckel-sw-1-gron-330mm-130\/\" \/>\n<meta property=\"og:locale\" content=\"sv_SE\" \/>\n<meta property=\"og:type\" content=\"article\" \/>\n<meta property=\"og:title\" content=\"Nippeliavain SW-1 vihre\u00e4 3,30mm\/130&quot; - VM Sport\" \/>\n<meta property=\"og:description\" content=\"Nippeliavain SW-1 on k\u00e4tev\u00e4 ty\u00f6kalu, jonka vihre\u00e4 v\u00e4ri erottuu helposti muiden py\u00f6r\u00e4ty\u00f6kalujen joukosta. Sen 3,30 mm koko takaa yhteensopivuuden monien py\u00f6r\u00e4n vanteiden kanssa. T\u00e4m\u00e4 nippeliavain on suunniteltu erityisesti py\u00f6r\u00e4n vanteiden huoltoon, jotta py\u00f6r\u00e4ilij\u00e4t voivat yll\u00e4pit\u00e4\u00e4 tehokasta ja luotettavaa ajokokemusta. Kompaktin muotoilunsa ansiosta se on helppo kuljettaa mukana, ja se mahdollistaa nopean k\u00e4yt\u00f6n paikan p\u00e4\u00e4ll\u00e4. [...]L\u00e4s mer \u2026 from Nippeliavain SW-1 vihre\u00e4 3,30mm\/130&#8243;\" \/>\n<meta property=\"og:url\" content=\"https:\/\/vmsport.fi\/sv\/webbutik\/tillbehor\/tyokalut\/nippelnyckel-sw-1-gron-330mm-130\/\" \/>\n<meta property=\"og:site_name\" content=\"VM Sport\" \/>\n<meta property=\"article:publisher\" content=\"https:\/\/www.facebook.com\/Vmsport.fi\/\" \/>\n<meta property=\"article:modified_time\" content=\"2026-04-22T12:04:40+00:00\" \/>\n<meta property=\"og:image\" content=\"https:\/\/vmsport.fi\/wp-content\/uploads\/2025\/03\/GWyLCrymYyp0ZMUYyaJZAhGF41Ybtj291wYpkfj4mbOTaWhgZl-1.jpg\" \/>\n\t<meta property=\"og:image:width\" content=\"600\" \/>\n\t<meta property=\"og:image:height\" content=\"600\" \/>\n\t<meta property=\"og:image:type\" content=\"image\/jpeg\" \/>\n<meta name=\"twitter:card\" content=\"summary_large_image\" \/>\n<script type=\"application\/ld+json\" class=\"yoast-schema-graph\">{\"@context\":\"https:\\\/\\\/schema.org\",\"@graph\":[{\"@type\":[\"WebPage\",\"ItemPage\"],\"@id\":\"https:\\\/\\\/vmsport.fi\\\/verkkokauppa\\\/tarvikkeet\\\/tyokalut\\\/nippeliavain-sw-1-vihrea-330mm-130\\\/\",\"url\":\"https:\\\/\\\/vmsport.fi\\\/verkkokauppa\\\/tarvikkeet\\\/tyokalut\\\/nippeliavain-sw-1-vihrea-330mm-130\\\/\",\"name\":\"Nippeliavain SW-1 vihre\u00e4 3,30mm\\\/130\\\" - VM Sport\",\"isPartOf\":{\"@id\":\"https:\\\/\\\/vmsport.fi\\\/#website\"},\"primaryImageOfPage\":{\"@id\":\"https:\\\/\\\/vmsport.fi\\\/verkkokauppa\\\/tarvikkeet\\\/tyokalut\\\/nippeliavain-sw-1-vihrea-330mm-130\\\/#primaryimage\"},\"image\":{\"@id\":\"https:\\\/\\\/vmsport.fi\\\/verkkokauppa\\\/tarvikkeet\\\/tyokalut\\\/nippeliavain-sw-1-vihrea-330mm-130\\\/#primaryimage\"},\"thumbnailUrl\":\"https:\\\/\\\/vmsport.fi\\\/wp-content\\\/uploads\\\/2025\\\/03\\\/GWyLCrymYyp0ZMUYyaJZAhGF41Ybtj291wYpkfj4mbOTaWhgZl-1.jpg\",\"datePublished\":\"2025-03-05T22:03:39+00:00\",\"dateModified\":\"2026-04-22T12:04:40+00:00\",\"breadcrumb\":{\"@id\":\"https:\\\/\\\/vmsport.fi\\\/verkkokauppa\\\/tarvikkeet\\\/tyokalut\\\/nippeliavain-sw-1-vihrea-330mm-130\\\/#breadcrumb\"},\"inLanguage\":\"sv-SE\",\"potentialAction\":[{\"@type\":\"ReadAction\",\"target\":[\"https:\\\/\\\/vmsport.fi\\\/verkkokauppa\\\/tarvikkeet\\\/tyokalut\\\/nippeliavain-sw-1-vihrea-330mm-130\\\/\"]}]},{\"@type\":\"ImageObject\",\"inLanguage\":\"sv-SE\",\"@id\":\"https:\\\/\\\/vmsport.fi\\\/verkkokauppa\\\/tarvikkeet\\\/tyokalut\\\/nippeliavain-sw-1-vihrea-330mm-130\\\/#primaryimage\",\"url\":\"https:\\\/\\\/vmsport.fi\\\/wp-content\\\/uploads\\\/2025\\\/03\\\/GWyLCrymYyp0ZMUYyaJZAhGF41Ybtj291wYpkfj4mbOTaWhgZl-1.jpg\",\"contentUrl\":\"https:\\\/\\\/vmsport.fi\\\/wp-content\\\/uploads\\\/2025\\\/03\\\/GWyLCrymYyp0ZMUYyaJZAhGF41Ybtj291wYpkfj4mbOTaWhgZl-1.jpg\",\"width\":600,\"height\":600,\"caption\":\"GWyLCrymYyp0ZMUYyaJZAhGF41Ybtj291wYpkfj4mbOTaWhgZl\"},{\"@type\":\"BreadcrumbList\",\"@id\":\"https:\\\/\\\/vmsport.fi\\\/verkkokauppa\\\/tarvikkeet\\\/tyokalut\\\/nippeliavain-sw-1-vihrea-330mm-130\\\/#breadcrumb\",\"itemListElement\":[{\"@type\":\"ListItem\",\"position\":1,\"name\":\"Etusivu\",\"item\":\"https:\\\/\\\/vmsport.fi\\\/\"},{\"@type\":\"ListItem\",\"position\":2,\"name\":\"Online Store\",\"item\":\"https:\\\/\\\/vmsport.fi\\\/en\\\/online-store\\\/\"},{\"@type\":\"ListItem\",\"position\":3,\"name\":\"Nippeliavain SW-1 vihre\u00e4 3,30mm\\\/130&#8243;\"}]},{\"@type\":\"WebSite\",\"@id\":\"https:\\\/\\\/vmsport.fi\\\/#website\",\"url\":\"https:\\\/\\\/vmsport.fi\\\/\",\"name\":\"Vmsport\",\"description\":\"Kaikki py\u00f6r\u00e4ilyyn yhdest\u00e4 paikasta\",\"publisher\":{\"@id\":\"https:\\\/\\\/vmsport.fi\\\/#organization\"},\"potentialAction\":[{\"@type\":\"SearchAction\",\"target\":{\"@type\":\"EntryPoint\",\"urlTemplate\":\"https:\\\/\\\/vmsport.fi\\\/?s={search_term_string}\"},\"query-input\":{\"@type\":\"PropertyValueSpecification\",\"valueRequired\":true,\"valueName\":\"search_term_string\"}}],\"inLanguage\":\"sv-SE\"},{\"@type\":\"Organization\",\"@id\":\"https:\\\/\\\/vmsport.fi\\\/#organization\",\"name\":\"Vmsport\",\"url\":\"https:\\\/\\\/vmsport.fi\\\/\",\"logo\":{\"@type\":\"ImageObject\",\"inLanguage\":\"sv-SE\",\"@id\":\"https:\\\/\\\/vmsport.fi\\\/#\\\/schema\\\/logo\\\/image\\\/\",\"url\":\"https:\\\/\\\/vmsport.fi\\\/wp-content\\\/uploads\\\/2024\\\/12\\\/vm_sport_RGB_horisontal-e1734526017575.png\",\"contentUrl\":\"https:\\\/\\\/vmsport.fi\\\/wp-content\\\/uploads\\\/2024\\\/12\\\/vm_sport_RGB_horisontal-e1734526017575.png\",\"width\":668,\"height\":85,\"caption\":\"Vmsport\"},\"image\":{\"@id\":\"https:\\\/\\\/vmsport.fi\\\/#\\\/schema\\\/logo\\\/image\\\/\"},\"sameAs\":[\"https:\\\/\\\/www.facebook.com\\\/Vmsport.fi\\\/\",\"https:\\\/\\\/www.instagram.com\\\/vmsport\\\/\"]}]}<\/script>\n<!-- \/ Yoast SEO plugin. -->","yoast_head_json":{"title":"Nippelnyckel SW-1 gr\u00f6n 3,30mm\/130\" - VM Sport","robots":{"index":"index","follow":"follow","max-snippet":"max-snippet:-1","max-image-preview":"max-image-preview:large","max-video-preview":"max-video-preview:-1"},"canonical":"https:\/\/vmsport.fi\/sv\/webbutik\/tillbehor\/tyokalut\/nippelnyckel-sw-1-gron-330mm-130\/","og_locale":"sv_SE","og_type":"article","og_title":"Nippeliavain SW-1 vihre\u00e4 3,30mm\/130\" - VM Sport","og_description":"Nippeliavain SW-1 on k\u00e4tev\u00e4 ty\u00f6kalu, jonka vihre\u00e4 v\u00e4ri erottuu helposti muiden py\u00f6r\u00e4ty\u00f6kalujen joukosta. Sen 3,30 mm koko takaa yhteensopivuuden monien py\u00f6r\u00e4n vanteiden kanssa. T\u00e4m\u00e4 nippeliavain on suunniteltu erityisesti py\u00f6r\u00e4n vanteiden huoltoon, jotta py\u00f6r\u00e4ilij\u00e4t voivat yll\u00e4pit\u00e4\u00e4 tehokasta ja luotettavaa ajokokemusta. Kompaktin muotoilunsa ansiosta se on helppo kuljettaa mukana, ja se mahdollistaa nopean k\u00e4yt\u00f6n paikan p\u00e4\u00e4ll\u00e4. [...]L\u00e4s mer \u2026 from Nippeliavain SW-1 vihre\u00e4 3,30mm\/130&#8243;","og_url":"https:\/\/vmsport.fi\/sv\/webbutik\/tillbehor\/tyokalut\/nippelnyckel-sw-1-gron-330mm-130\/","og_site_name":"VM Sport","article_publisher":"https:\/\/www.facebook.com\/Vmsport.fi\/","article_modified_time":"2026-04-22T12:04:40+00:00","og_image":[{"width":600,"height":600,"url":"https:\/\/vmsport.fi\/wp-content\/uploads\/2025\/03\/GWyLCrymYyp0ZMUYyaJZAhGF41Ybtj291wYpkfj4mbOTaWhgZl-1.jpg","type":"image\/jpeg"}],"twitter_card":"summary_large_image","schema":{"@context":"https:\/\/schema.org","@graph":[{"@type":["WebPage","ItemPage"],"@id":"https:\/\/vmsport.fi\/verkkokauppa\/tarvikkeet\/tyokalut\/nippeliavain-sw-1-vihrea-330mm-130\/","url":"https:\/\/vmsport.fi\/verkkokauppa\/tarvikkeet\/tyokalut\/nippeliavain-sw-1-vihrea-330mm-130\/","name":"Nippelnyckel SW-1 gr\u00f6n 3,30mm\/130\" - VM Sport","isPartOf":{"@id":"https:\/\/vmsport.fi\/#website"},"primaryImageOfPage":{"@id":"https:\/\/vmsport.fi\/verkkokauppa\/tarvikkeet\/tyokalut\/nippeliavain-sw-1-vihrea-330mm-130\/#primaryimage"},"image":{"@id":"https:\/\/vmsport.fi\/verkkokauppa\/tarvikkeet\/tyokalut\/nippeliavain-sw-1-vihrea-330mm-130\/#primaryimage"},"thumbnailUrl":"https:\/\/vmsport.fi\/wp-content\/uploads\/2025\/03\/GWyLCrymYyp0ZMUYyaJZAhGF41Ybtj291wYpkfj4mbOTaWhgZl-1.jpg","datePublished":"2025-03-05T22:03:39+00:00","dateModified":"2026-04-22T12:04:40+00:00","breadcrumb":{"@id":"https:\/\/vmsport.fi\/verkkokauppa\/tarvikkeet\/tyokalut\/nippeliavain-sw-1-vihrea-330mm-130\/#breadcrumb"},"inLanguage":"sv-SE","potentialAction":[{"@type":"ReadAction","target":["https:\/\/vmsport.fi\/verkkokauppa\/tarvikkeet\/tyokalut\/nippeliavain-sw-1-vihrea-330mm-130\/"]}]},{"@type":"ImageObject","inLanguage":"sv-SE","@id":"https:\/\/vmsport.fi\/verkkokauppa\/tarvikkeet\/tyokalut\/nippeliavain-sw-1-vihrea-330mm-130\/#primaryimage","url":"https:\/\/vmsport.fi\/wp-content\/uploads\/2025\/03\/GWyLCrymYyp0ZMUYyaJZAhGF41Ybtj291wYpkfj4mbOTaWhgZl-1.jpg","contentUrl":"https:\/\/vmsport.fi\/wp-content\/uploads\/2025\/03\/GWyLCrymYyp0ZMUYyaJZAhGF41Ybtj291wYpkfj4mbOTaWhgZl-1.jpg","width":600,"height":600,"caption":"GWyLCrymYyp0ZMUYyaJZAhGF41Ybtj291wYpkfj4mbOTaWhgZl"},{"@type":"BreadcrumbList","@id":"https:\/\/vmsport.fi\/verkkokauppa\/tarvikkeet\/tyokalut\/nippeliavain-sw-1-vihrea-330mm-130\/#breadcrumb","itemListElement":[{"@type":"ListItem","position":1,"name":"Etusivu","item":"https:\/\/vmsport.fi\/"},{"@type":"ListItem","position":2,"name":"Online Store","item":"https:\/\/vmsport.fi\/en\/online-store\/"},{"@type":"ListItem","position":3,"name":"Nippeliavain SW-1 vihre\u00e4 3,30mm\/130&#8243;"}]},{"@type":"WebSite","@id":"https:\/\/vmsport.fi\/#website","url":"https:\/\/vmsport.fi\/","name":"Vmsport","description":"Allt p\u00e5 ett st\u00e4lle f\u00f6r cykling","publisher":{"@id":"https:\/\/vmsport.fi\/#organization"},"potentialAction":[{"@type":"SearchAction","target":{"@type":"EntryPoint","urlTemplate":"https:\/\/vmsport.fi\/?s={search_term_string}"},"query-input":{"@type":"PropertyValueSpecification","valueRequired":true,"valueName":"search_term_string"}}],"inLanguage":"sv-SE"},{"@type":"Organization","@id":"https:\/\/vmsport.fi\/#organization","name":"Vmsport","url":"https:\/\/vmsport.fi\/","logo":{"@type":"ImageObject","inLanguage":"sv-SE","@id":"https:\/\/vmsport.fi\/#\/schema\/logo\/image\/","url":"https:\/\/vmsport.fi\/wp-content\/uploads\/2024\/12\/vm_sport_RGB_horisontal-e1734526017575.png","contentUrl":"https:\/\/vmsport.fi\/wp-content\/uploads\/2024\/12\/vm_sport_RGB_horisontal-e1734526017575.png","width":668,"height":85,"caption":"Vmsport"},"image":{"@id":"https:\/\/vmsport.fi\/#\/schema\/logo\/image\/"},"sameAs":["https:\/\/www.facebook.com\/Vmsport.fi\/","https:\/\/www.instagram.com\/vmsport\/"]}]}},"global_unique_id":"","_links":{"self":[{"href":"https:\/\/vmsport.fi\/sv\/wp-json\/wp\/v2\/product\/55229","targetHints":{"allow":["GET"]}}],"collection":[{"href":"https:\/\/vmsport.fi\/sv\/wp-json\/wp\/v2\/product"}],"about":[{"href":"https:\/\/vmsport.fi\/sv\/wp-json\/wp\/v2\/types\/product"}],"replies":[{"embeddable":true,"href":"https:\/\/vmsport.fi\/sv\/wp-json\/wp\/v2\/comments?post=55229"}],"wp:featuredmedia":[{"embeddable":true,"href":"https:\/\/vmsport.fi\/sv\/wp-json\/wp\/v2\/media\/55228"}],"wp:attachment":[{"href":"https:\/\/vmsport.fi\/sv\/wp-json\/wp\/v2\/media?parent=55229"}],"wp:term":[{"taxonomy":"product_brand","embeddable":true,"href":"https:\/\/vmsport.fi\/sv\/wp-json\/wp\/v2\/product_brand?post=55229"},{"taxonomy":"product_model","embeddable":true,"href":"https:\/\/vmsport.fi\/sv\/wp-json\/wp\/v2\/product_model?post=55229"},{"taxonomy":"product_cat","embeddable":true,"href":"https:\/\/vmsport.fi\/sv\/wp-json\/wp\/v2\/product_cat?post=55229"},{"taxonomy":"product_tag","embeddable":true,"href":"https:\/\/vmsport.fi\/sv\/wp-json\/wp\/v2\/product_tag?post=55229"},{"taxonomy":"industry_terminology","embeddable":true,"href":"https:\/\/vmsport.fi\/sv\/wp-json\/wp\/v2\/industry-terminology?post=55229"}],"curies":[{"name":"wp","href":"https:\/\/api.w.org\/{rel}","templated":true}]}}