{"id":55225,"date":"2025-03-06T00:03:37","date_gmt":"2025-03-05T22:03:37","guid":{"rendered":"https:\/\/vmsport.fi\/verkkokauppa\/Ei-luokiteltu\/poc-ventral-air-mips-uranium-black-matt\/"},"modified":"2026-04-22T15:22:58","modified_gmt":"2026-04-22T12:22:58","slug":"poc-ventral-air-mips-uranium-black-matt","status":"publish","type":"product","link":"https:\/\/vmsport.fi\/sv\/verkkokauppa\/ajovarusteet\/kyparat\/maantiekyparat\/poc-ventral-air-mips-uranium-black-matt\/","title":{"rendered":"POC Ventral Air MIPS Uranium Black Matt"},"content":{"rendered":"<p>POC Ventral Air MIPS Uranium Black Matt-hj\u00e4lmen ger utm\u00e4rkt ventilation, med noggrant utformade luftintag och interna luftfl\u00f6deskanaler som effektivt reglerar luftcirkulationen. Den h\u00e4r l\u00f6sningen \u00e4r idealisk f\u00f6r l\u00e5nga turer och varma f\u00f6rh\u00e5llanden, i kombination med en aerodynamisk design som minskar luftmotst\u00e5ndet.<\/p>\n<p>Hj\u00e4lmens s\u00e4kerhetsfunktioner \u00e4r f\u00f6rstklassiga tack vare MIPS Integra-tekniken, som minskar huvudets rotationsbelastning, och en l\u00e4tt EPS-hj\u00e4lm som ger extra skydd i krocksituationer. Unibody PC-skalet f\u00f6rb\u00e4ttrar den strukturella stabiliteten och sammantaget \u00f6kar POC Whole Helmet Concept\u2122 hj\u00e4lmens h\u00e5llbarhet och skydd.<\/p>\n<p>Hj\u00e4lmens l\u00e4tta design och justerbara 360\u00b0-passformssystem garanterar komfort hela dagen. Viktbalansen kombinerar l\u00e4tthet och s\u00e4kerhet, medan Eye Garage-funktionen ser till att glas\u00f6gonen sitter s\u00e4kert p\u00e5 plats n\u00e4r de inte anv\u00e4nds. Den h\u00e4r prestandahj\u00e4lmen \u00e4r utformad f\u00f6r kr\u00e4vande cyklister som v\u00e4rdes\u00e4tter b\u00e5de prestanda och skydd.<\/p>","protected":false},"excerpt":{"rendered":"<p>POC Ventral Air MIPS Uranium Black Matt -kyp\u00e4r\u00e4 tarjoaa erinomaisen ilmastoinnin, sill\u00e4 huolellisesti suunnitellut ilmanottoaukot ja sis\u00e4iset ilmavirtakanavat s\u00e4\u00e4telev\u00e4t ilman kiertoa tehokkaasti. T\u00e4m\u00e4 ratkaisu on ihanteellinen pitkiin ajomatkoihin ja kuumiin olosuhteisiin ja yhdistetty aerodynaamiseen rakenteeseen, joka v\u00e4hent\u00e4\u00e4 ilmanvastusta. Kyp\u00e4r\u00e4n turvallisuusominaisuudet ovat huippuluokkaa MIPS Integra -teknologian ansiosta, joka v\u00e4hent\u00e4\u00e4 p\u00e4\u00e4n kiertokuormitusta, sek\u00e4 kevyen EPS-sisuksen, joka tarjoaa [&#8230;]<\/p>\n<p><a class=\"btn btn-secondary understrap-read-more-link\" href=\"https:\/\/vmsport.fi\/sv\/verkkokauppa\/ajovarusteet\/kyparat\/maantiekyparat\/poc-ventral-air-mips-uranium-black-matt\/\">L\u00e4s mer \u2026<span class=\"screen-reader-text\"> from POC Ventral Air MIPS Uranium Black Matt<\/span><\/a><\/p>\n","protected":false},"featured_media":55221,"comment_status":"open","ping_status":"closed","template":"","meta":{"_acf_changed":false,"_improvement_type_select":"improve_an_existing","_thumb_yes_seoaic":false,"_frame_yes_seoaic":false,"seoaic_generate_description":"","seoaic_improve_instructions_prompt":"","seoaic_rollback_content_improvement":"","seoaic_idea_thumbnail_generator":"","thumbnail_generated":false,"thumbnail_generate_prompt":"","seoaic_article_description":"","_supplier_stock_quantity":0},"product_brand":[],"product_model":[],"product_cat":[9514],"product_tag":[],"industry-terminology":[],"class_list":{"0":"post-55225","1":"product","2":"type-product","3":"status-publish","4":"has-post-thumbnail","6":"product_cat-maantiekyparat","8":"first","9":"instock","10":"sale","11":"taxable","12":"shipping-taxable","13":"purchasable","14":"product-type-variable"},"acf":{"bike_features":null,"overview":{"copy_overview":null,"key_features":null,"statement":"","youtube_url":""}},"yoast_head":"<!-- This site is optimized with the Yoast SEO plugin v27.4 - https:\/\/yoast.com\/product\/yoast-seo-wordpress\/ -->\n<title>POC Ventral Air MIPS Uranium Black Matt - VM Sport<\/title>\n<meta name=\"robots\" content=\"index, follow, max-snippet:-1, max-image-preview:large, max-video-preview:-1\" \/>\n<link rel=\"canonical\" href=\"https:\/\/vmsport.fi\/sv\/webbutik\/korutrustning\/kyparat\/vagassistans\/poc-ventral-air-mips-uranium-black-matt\/\" \/>\n<meta property=\"og:locale\" content=\"sv_SE\" \/>\n<meta property=\"og:type\" content=\"article\" \/>\n<meta property=\"og:title\" content=\"POC Ventral Air MIPS Uranium Black Matt - VM Sport\" \/>\n<meta property=\"og:description\" content=\"POC Ventral Air MIPS Uranium Black Matt -kyp\u00e4r\u00e4 tarjoaa erinomaisen ilmastoinnin, sill\u00e4 huolellisesti suunnitellut ilmanottoaukot ja sis\u00e4iset ilmavirtakanavat s\u00e4\u00e4telev\u00e4t ilman kiertoa tehokkaasti. T\u00e4m\u00e4 ratkaisu on ihanteellinen pitkiin ajomatkoihin ja kuumiin olosuhteisiin ja yhdistetty aerodynaamiseen rakenteeseen, joka v\u00e4hent\u00e4\u00e4 ilmanvastusta. Kyp\u00e4r\u00e4n turvallisuusominaisuudet ovat huippuluokkaa MIPS Integra -teknologian ansiosta, joka v\u00e4hent\u00e4\u00e4 p\u00e4\u00e4n kiertokuormitusta, sek\u00e4 kevyen EPS-sisuksen, joka tarjoaa [...]L\u00e4s mer \u2026 from POC Ventral Air MIPS Uranium Black Matt\" \/>\n<meta property=\"og:url\" content=\"https:\/\/vmsport.fi\/sv\/webbutik\/korutrustning\/kyparat\/vagassistans\/poc-ventral-air-mips-uranium-black-matt\/\" \/>\n<meta property=\"og:site_name\" content=\"VM Sport\" \/>\n<meta property=\"article:publisher\" content=\"https:\/\/www.facebook.com\/Vmsport.fi\/\" \/>\n<meta property=\"article:modified_time\" content=\"2026-04-22T12:22:58+00:00\" \/>\n<meta property=\"og:image\" content=\"https:\/\/vmsport.fi\/wp-content\/uploads\/2025\/03\/10755-VentralAirMIPS-1037-UraniumBlackMatt-0001-1.png\" \/>\n\t<meta property=\"og:image:width\" content=\"1000\" \/>\n\t<meta property=\"og:image:height\" content=\"1000\" \/>\n\t<meta property=\"og:image:type\" content=\"image\/png\" \/>\n<meta name=\"twitter:card\" content=\"summary_large_image\" \/>\n<meta name=\"twitter:label1\" content=\"Ber\u00e4knad l\u00e4stid\" \/>\n\t<meta name=\"twitter:data1\" content=\"1 minut\" \/>\n<script type=\"application\/ld+json\" class=\"yoast-schema-graph\">{\"@context\":\"https:\\\/\\\/schema.org\",\"@graph\":[{\"@type\":[\"WebPage\",\"ItemPage\"],\"@id\":\"https:\\\/\\\/vmsport.fi\\\/verkkokauppa\\\/ajovarusteet\\\/kyparat\\\/maantiekyparat\\\/poc-ventral-air-mips-uranium-black-matt\\\/\",\"url\":\"https:\\\/\\\/vmsport.fi\\\/verkkokauppa\\\/ajovarusteet\\\/kyparat\\\/maantiekyparat\\\/poc-ventral-air-mips-uranium-black-matt\\\/\",\"name\":\"POC Ventral Air MIPS Uranium Black Matt - VM Sport\",\"isPartOf\":{\"@id\":\"https:\\\/\\\/vmsport.fi\\\/#website\"},\"primaryImageOfPage\":{\"@id\":\"https:\\\/\\\/vmsport.fi\\\/verkkokauppa\\\/ajovarusteet\\\/kyparat\\\/maantiekyparat\\\/poc-ventral-air-mips-uranium-black-matt\\\/#primaryimage\"},\"image\":{\"@id\":\"https:\\\/\\\/vmsport.fi\\\/verkkokauppa\\\/ajovarusteet\\\/kyparat\\\/maantiekyparat\\\/poc-ventral-air-mips-uranium-black-matt\\\/#primaryimage\"},\"thumbnailUrl\":\"https:\\\/\\\/vmsport.fi\\\/wp-content\\\/uploads\\\/2025\\\/03\\\/10755-VentralAirMIPS-1037-UraniumBlackMatt-0001-1.png\",\"datePublished\":\"2025-03-05T22:03:37+00:00\",\"dateModified\":\"2026-04-22T12:22:58+00:00\",\"breadcrumb\":{\"@id\":\"https:\\\/\\\/vmsport.fi\\\/verkkokauppa\\\/ajovarusteet\\\/kyparat\\\/maantiekyparat\\\/poc-ventral-air-mips-uranium-black-matt\\\/#breadcrumb\"},\"inLanguage\":\"sv-SE\",\"potentialAction\":[{\"@type\":\"ReadAction\",\"target\":[\"https:\\\/\\\/vmsport.fi\\\/verkkokauppa\\\/ajovarusteet\\\/kyparat\\\/maantiekyparat\\\/poc-ventral-air-mips-uranium-black-matt\\\/\"]}]},{\"@type\":\"ImageObject\",\"inLanguage\":\"sv-SE\",\"@id\":\"https:\\\/\\\/vmsport.fi\\\/verkkokauppa\\\/ajovarusteet\\\/kyparat\\\/maantiekyparat\\\/poc-ventral-air-mips-uranium-black-matt\\\/#primaryimage\",\"url\":\"https:\\\/\\\/vmsport.fi\\\/wp-content\\\/uploads\\\/2025\\\/03\\\/10755-VentralAirMIPS-1037-UraniumBlackMatt-0001-1.png\",\"contentUrl\":\"https:\\\/\\\/vmsport.fi\\\/wp-content\\\/uploads\\\/2025\\\/03\\\/10755-VentralAirMIPS-1037-UraniumBlackMatt-0001-1.png\",\"width\":1000,\"height\":1000,\"caption\":\"10755-VentralAirMIPS-1037-UraniumBlackMatt-0001\"},{\"@type\":\"BreadcrumbList\",\"@id\":\"https:\\\/\\\/vmsport.fi\\\/verkkokauppa\\\/ajovarusteet\\\/kyparat\\\/maantiekyparat\\\/poc-ventral-air-mips-uranium-black-matt\\\/#breadcrumb\",\"itemListElement\":[{\"@type\":\"ListItem\",\"position\":1,\"name\":\"Etusivu\",\"item\":\"https:\\\/\\\/vmsport.fi\\\/\"},{\"@type\":\"ListItem\",\"position\":2,\"name\":\"Online Store\",\"item\":\"https:\\\/\\\/vmsport.fi\\\/en\\\/online-store\\\/\"},{\"@type\":\"ListItem\",\"position\":3,\"name\":\"POC Ventral Air MIPS Uranium Black Matt\"}]},{\"@type\":\"WebSite\",\"@id\":\"https:\\\/\\\/vmsport.fi\\\/#website\",\"url\":\"https:\\\/\\\/vmsport.fi\\\/\",\"name\":\"Vmsport\",\"description\":\"Kaikki py\u00f6r\u00e4ilyyn yhdest\u00e4 paikasta\",\"publisher\":{\"@id\":\"https:\\\/\\\/vmsport.fi\\\/#organization\"},\"potentialAction\":[{\"@type\":\"SearchAction\",\"target\":{\"@type\":\"EntryPoint\",\"urlTemplate\":\"https:\\\/\\\/vmsport.fi\\\/?s={search_term_string}\"},\"query-input\":{\"@type\":\"PropertyValueSpecification\",\"valueRequired\":true,\"valueName\":\"search_term_string\"}}],\"inLanguage\":\"sv-SE\"},{\"@type\":\"Organization\",\"@id\":\"https:\\\/\\\/vmsport.fi\\\/#organization\",\"name\":\"Vmsport\",\"url\":\"https:\\\/\\\/vmsport.fi\\\/\",\"logo\":{\"@type\":\"ImageObject\",\"inLanguage\":\"sv-SE\",\"@id\":\"https:\\\/\\\/vmsport.fi\\\/#\\\/schema\\\/logo\\\/image\\\/\",\"url\":\"https:\\\/\\\/vmsport.fi\\\/wp-content\\\/uploads\\\/2024\\\/12\\\/vm_sport_RGB_horisontal-e1734526017575.png\",\"contentUrl\":\"https:\\\/\\\/vmsport.fi\\\/wp-content\\\/uploads\\\/2024\\\/12\\\/vm_sport_RGB_horisontal-e1734526017575.png\",\"width\":668,\"height\":85,\"caption\":\"Vmsport\"},\"image\":{\"@id\":\"https:\\\/\\\/vmsport.fi\\\/#\\\/schema\\\/logo\\\/image\\\/\"},\"sameAs\":[\"https:\\\/\\\/www.facebook.com\\\/Vmsport.fi\\\/\",\"https:\\\/\\\/www.instagram.com\\\/vmsport\\\/\"]}]}<\/script>\n<!-- \/ Yoast SEO plugin. -->","yoast_head_json":{"title":"POC Ventral Air MIPS Uranium Black Matt - VM Sport","robots":{"index":"index","follow":"follow","max-snippet":"max-snippet:-1","max-image-preview":"max-image-preview:large","max-video-preview":"max-video-preview:-1"},"canonical":"https:\/\/vmsport.fi\/sv\/webbutik\/korutrustning\/kyparat\/vagassistans\/poc-ventral-air-mips-uranium-black-matt\/","og_locale":"sv_SE","og_type":"article","og_title":"POC Ventral Air MIPS Uranium Black Matt - VM Sport","og_description":"POC Ventral Air MIPS Uranium Black Matt -kyp\u00e4r\u00e4 tarjoaa erinomaisen ilmastoinnin, sill\u00e4 huolellisesti suunnitellut ilmanottoaukot ja sis\u00e4iset ilmavirtakanavat s\u00e4\u00e4telev\u00e4t ilman kiertoa tehokkaasti. T\u00e4m\u00e4 ratkaisu on ihanteellinen pitkiin ajomatkoihin ja kuumiin olosuhteisiin ja yhdistetty aerodynaamiseen rakenteeseen, joka v\u00e4hent\u00e4\u00e4 ilmanvastusta. Kyp\u00e4r\u00e4n turvallisuusominaisuudet ovat huippuluokkaa MIPS Integra -teknologian ansiosta, joka v\u00e4hent\u00e4\u00e4 p\u00e4\u00e4n kiertokuormitusta, sek\u00e4 kevyen EPS-sisuksen, joka tarjoaa [...]L\u00e4s mer \u2026 from POC Ventral Air MIPS Uranium Black Matt","og_url":"https:\/\/vmsport.fi\/sv\/webbutik\/korutrustning\/kyparat\/vagassistans\/poc-ventral-air-mips-uranium-black-matt\/","og_site_name":"VM Sport","article_publisher":"https:\/\/www.facebook.com\/Vmsport.fi\/","article_modified_time":"2026-04-22T12:22:58+00:00","og_image":[{"width":1000,"height":1000,"url":"https:\/\/vmsport.fi\/wp-content\/uploads\/2025\/03\/10755-VentralAirMIPS-1037-UraniumBlackMatt-0001-1.png","type":"image\/png"}],"twitter_card":"summary_large_image","twitter_misc":{"Ber\u00e4knad l\u00e4stid":"1 minut"},"schema":{"@context":"https:\/\/schema.org","@graph":[{"@type":["WebPage","ItemPage"],"@id":"https:\/\/vmsport.fi\/verkkokauppa\/ajovarusteet\/kyparat\/maantiekyparat\/poc-ventral-air-mips-uranium-black-matt\/","url":"https:\/\/vmsport.fi\/verkkokauppa\/ajovarusteet\/kyparat\/maantiekyparat\/poc-ventral-air-mips-uranium-black-matt\/","name":"POC Ventral Air MIPS Uranium Black Matt - VM Sport","isPartOf":{"@id":"https:\/\/vmsport.fi\/#website"},"primaryImageOfPage":{"@id":"https:\/\/vmsport.fi\/verkkokauppa\/ajovarusteet\/kyparat\/maantiekyparat\/poc-ventral-air-mips-uranium-black-matt\/#primaryimage"},"image":{"@id":"https:\/\/vmsport.fi\/verkkokauppa\/ajovarusteet\/kyparat\/maantiekyparat\/poc-ventral-air-mips-uranium-black-matt\/#primaryimage"},"thumbnailUrl":"https:\/\/vmsport.fi\/wp-content\/uploads\/2025\/03\/10755-VentralAirMIPS-1037-UraniumBlackMatt-0001-1.png","datePublished":"2025-03-05T22:03:37+00:00","dateModified":"2026-04-22T12:22:58+00:00","breadcrumb":{"@id":"https:\/\/vmsport.fi\/verkkokauppa\/ajovarusteet\/kyparat\/maantiekyparat\/poc-ventral-air-mips-uranium-black-matt\/#breadcrumb"},"inLanguage":"sv-SE","potentialAction":[{"@type":"ReadAction","target":["https:\/\/vmsport.fi\/verkkokauppa\/ajovarusteet\/kyparat\/maantiekyparat\/poc-ventral-air-mips-uranium-black-matt\/"]}]},{"@type":"ImageObject","inLanguage":"sv-SE","@id":"https:\/\/vmsport.fi\/verkkokauppa\/ajovarusteet\/kyparat\/maantiekyparat\/poc-ventral-air-mips-uranium-black-matt\/#primaryimage","url":"https:\/\/vmsport.fi\/wp-content\/uploads\/2025\/03\/10755-VentralAirMIPS-1037-UraniumBlackMatt-0001-1.png","contentUrl":"https:\/\/vmsport.fi\/wp-content\/uploads\/2025\/03\/10755-VentralAirMIPS-1037-UraniumBlackMatt-0001-1.png","width":1000,"height":1000,"caption":"10755-VentralAirMIPS-1037-UraniumBlackMatt-0001"},{"@type":"BreadcrumbList","@id":"https:\/\/vmsport.fi\/verkkokauppa\/ajovarusteet\/kyparat\/maantiekyparat\/poc-ventral-air-mips-uranium-black-matt\/#breadcrumb","itemListElement":[{"@type":"ListItem","position":1,"name":"Etusivu","item":"https:\/\/vmsport.fi\/"},{"@type":"ListItem","position":2,"name":"Online Store","item":"https:\/\/vmsport.fi\/en\/online-store\/"},{"@type":"ListItem","position":3,"name":"POC Ventral Air MIPS Uranium Black Matt"}]},{"@type":"WebSite","@id":"https:\/\/vmsport.fi\/#website","url":"https:\/\/vmsport.fi\/","name":"Vmsport","description":"Allt p\u00e5 ett st\u00e4lle f\u00f6r cykling","publisher":{"@id":"https:\/\/vmsport.fi\/#organization"},"potentialAction":[{"@type":"SearchAction","target":{"@type":"EntryPoint","urlTemplate":"https:\/\/vmsport.fi\/?s={search_term_string}"},"query-input":{"@type":"PropertyValueSpecification","valueRequired":true,"valueName":"search_term_string"}}],"inLanguage":"sv-SE"},{"@type":"Organization","@id":"https:\/\/vmsport.fi\/#organization","name":"Vmsport","url":"https:\/\/vmsport.fi\/","logo":{"@type":"ImageObject","inLanguage":"sv-SE","@id":"https:\/\/vmsport.fi\/#\/schema\/logo\/image\/","url":"https:\/\/vmsport.fi\/wp-content\/uploads\/2024\/12\/vm_sport_RGB_horisontal-e1734526017575.png","contentUrl":"https:\/\/vmsport.fi\/wp-content\/uploads\/2024\/12\/vm_sport_RGB_horisontal-e1734526017575.png","width":668,"height":85,"caption":"Vmsport"},"image":{"@id":"https:\/\/vmsport.fi\/#\/schema\/logo\/image\/"},"sameAs":["https:\/\/www.facebook.com\/Vmsport.fi\/","https:\/\/www.instagram.com\/vmsport\/"]}]}},"global_unique_id":"","_links":{"self":[{"href":"https:\/\/vmsport.fi\/sv\/wp-json\/wp\/v2\/product\/55225","targetHints":{"allow":["GET"]}}],"collection":[{"href":"https:\/\/vmsport.fi\/sv\/wp-json\/wp\/v2\/product"}],"about":[{"href":"https:\/\/vmsport.fi\/sv\/wp-json\/wp\/v2\/types\/product"}],"replies":[{"embeddable":true,"href":"https:\/\/vmsport.fi\/sv\/wp-json\/wp\/v2\/comments?post=55225"}],"wp:featuredmedia":[{"embeddable":true,"href":"https:\/\/vmsport.fi\/sv\/wp-json\/wp\/v2\/media\/55221"}],"wp:attachment":[{"href":"https:\/\/vmsport.fi\/sv\/wp-json\/wp\/v2\/media?parent=55225"}],"wp:term":[{"taxonomy":"product_brand","embeddable":true,"href":"https:\/\/vmsport.fi\/sv\/wp-json\/wp\/v2\/product_brand?post=55225"},{"taxonomy":"product_model","embeddable":true,"href":"https:\/\/vmsport.fi\/sv\/wp-json\/wp\/v2\/product_model?post=55225"},{"taxonomy":"product_cat","embeddable":true,"href":"https:\/\/vmsport.fi\/sv\/wp-json\/wp\/v2\/product_cat?post=55225"},{"taxonomy":"product_tag","embeddable":true,"href":"https:\/\/vmsport.fi\/sv\/wp-json\/wp\/v2\/product_tag?post=55225"},{"taxonomy":"industry_terminology","embeddable":true,"href":"https:\/\/vmsport.fi\/sv\/wp-json\/wp\/v2\/industry-terminology?post=55225"}],"curies":[{"name":"wp","href":"https:\/\/api.w.org\/{rel}","templated":true}]}}