{"id":55220,"date":"2025-03-06T00:03:27","date_gmt":"2025-03-05T22:03:27","guid":{"rendered":"https:\/\/vmsport.fi\/verkkokauppa\/Ei-luokiteltu\/sram-chain-pc-830-step-case-hardened-pin-8-speed\/"},"modified":"2026-04-22T15:03:05","modified_gmt":"2026-04-22T12:03:05","slug":"sram-kedja-pc-830-step-case-hardat-stift-8-vaxlar","status":"publish","type":"product","link":"https:\/\/vmsport.fi\/sv\/verkkokauppa\/varaosat\/voimansiirto\/ketjut\/sram-chain-pc-830-step-case-hardened-pin-8-speed\/","title":{"rendered":"SRAM KEDJA PC-830 STEG, FALLH\u00c4RDAT STIFT 8 V\u00c4XLAR"},"content":{"rendered":"<p>SRAM PC-830-kedjan \u00e4r s\u00e4rskilt utformad f\u00f6r 8-v\u00e4xlade cykelsystem, vilket garanterar en smidig och p\u00e5litlig k\u00f6rupplevelse. Kedjan \u00e4r tillverkad av mycket h\u00e5llbara material och har h\u00e4rdade stift, vilket \u00f6kar dess livsl\u00e4ngd. Dess enkla installation och utm\u00e4rkta prestanda i alla v\u00e4derf\u00f6rh\u00e5llanden g\u00f6r den till ett utm\u00e4rkt val f\u00f6r alla cyklister.<\/p>","protected":false},"excerpt":{"rendered":"<p>SRAM PC-830 -ketju on erityisesti suunniteltu 8-vaihteisille py\u00f6r\u00e4j\u00e4rjestelmille, mik\u00e4 takaa sujuvan ja luotettavan ajokokemuksen. Ketju on valmistettu eritt\u00e4in kest\u00e4vist\u00e4 materiaaleista ja sis\u00e4lt\u00e4\u00e4 karkaistut tapit, mik\u00e4 lis\u00e4\u00e4 sen k\u00e4ytt\u00f6ik\u00e4\u00e4. Sen helppo asennus ja erinomainen suorituskyky kaikissa s\u00e4\u00e4olosuhteissa tekev\u00e4t siit\u00e4 erinomaisen valinnan jokaiselle py\u00f6r\u00e4ilij\u00e4lle. [&#8230;]<\/p>\n<p><a class=\"btn btn-secondary understrap-read-more-link\" href=\"https:\/\/vmsport.fi\/sv\/verkkokauppa\/varaosat\/voimansiirto\/ketjut\/sram-chain-pc-830-step-case-hardened-pin-8-speed\/\">L\u00e4s mer \u2026<span class=\"screen-reader-text\"> from SRAM CHAIN PC-830 STEP, CASE HARDENED PIN 8 SPEED<\/span><\/a><\/p>\n","protected":false},"featured_media":55219,"comment_status":"open","ping_status":"closed","template":"","meta":{"_acf_changed":false,"_improvement_type_select":"improve_an_existing","_thumb_yes_seoaic":false,"_frame_yes_seoaic":false,"seoaic_generate_description":"","seoaic_improve_instructions_prompt":"","seoaic_rollback_content_improvement":"","seoaic_idea_thumbnail_generator":"","thumbnail_generated":false,"thumbnail_generate_prompt":"","seoaic_article_description":"","_supplier_stock_quantity":0},"product_brand":[1588],"product_model":[],"product_cat":[9352],"product_tag":[],"industry-terminology":[],"class_list":{"0":"post-55220","1":"product","2":"type-product","3":"status-publish","4":"has-post-thumbnail","6":"product_brand-sram","7":"product_cat-ketjut","9":"first","10":"instock","11":"taxable","12":"shipping-taxable","13":"purchasable","14":"product-type-simple"},"acf":{"bike_features":null,"overview":{"copy_overview":null,"key_features":null,"statement":"","youtube_url":""}},"yoast_head":"<!-- This site is optimized with the Yoast SEO plugin v27.4 - https:\/\/yoast.com\/product\/yoast-seo-wordpress\/ -->\n<title>SRAM CHAIN PC-830 STEP, CASE HARDENED PIN 8 SPEED - VM Sport<\/title>\n<meta name=\"robots\" content=\"index, follow, max-snippet:-1, max-image-preview:large, max-video-preview:-1\" \/>\n<link rel=\"canonical\" href=\"https:\/\/vmsport.fi\/sv\/webbutik\/reservdelar\/transmission\/kedjor\/sram-kedja-pc-830-step-case-hardat-stift-8-vaxlar\/\" \/>\n<meta property=\"og:locale\" content=\"sv_SE\" \/>\n<meta property=\"og:type\" content=\"article\" \/>\n<meta property=\"og:title\" content=\"SRAM CHAIN PC-830 STEP, CASE HARDENED PIN 8 SPEED - VM Sport\" \/>\n<meta property=\"og:description\" content=\"SRAM PC-830 -ketju on erityisesti suunniteltu 8-vaihteisille py\u00f6r\u00e4j\u00e4rjestelmille, mik\u00e4 takaa sujuvan ja luotettavan ajokokemuksen. Ketju on valmistettu eritt\u00e4in kest\u00e4vist\u00e4 materiaaleista ja sis\u00e4lt\u00e4\u00e4 karkaistut tapit, mik\u00e4 lis\u00e4\u00e4 sen k\u00e4ytt\u00f6ik\u00e4\u00e4. Sen helppo asennus ja erinomainen suorituskyky kaikissa s\u00e4\u00e4olosuhteissa tekev\u00e4t siit\u00e4 erinomaisen valinnan jokaiselle py\u00f6r\u00e4ilij\u00e4lle. [...]L\u00e4s mer \u2026 from SRAM CHAIN PC-830 STEP, CASE HARDENED PIN 8 SPEED\" \/>\n<meta property=\"og:url\" content=\"https:\/\/vmsport.fi\/sv\/webbutik\/reservdelar\/transmission\/kedjor\/sram-kedja-pc-830-step-case-hardat-stift-8-vaxlar\/\" \/>\n<meta property=\"og:site_name\" content=\"VM Sport\" \/>\n<meta property=\"article:publisher\" content=\"https:\/\/www.facebook.com\/Vmsport.fi\/\" \/>\n<meta property=\"article:modified_time\" content=\"2026-04-22T12:03:05+00:00\" \/>\n<meta property=\"og:image\" content=\"https:\/\/vmsport.fi\/wp-content\/uploads\/2025\/03\/ha09vb4SdvR2tizhcxN5Mnai72DoR1pw7Reqm4yeBJnxWz59sf-1.jpg\" \/>\n\t<meta property=\"og:image:width\" content=\"250\" \/>\n\t<meta property=\"og:image:height\" content=\"223\" \/>\n\t<meta property=\"og:image:type\" content=\"image\/jpeg\" \/>\n<meta name=\"twitter:card\" content=\"summary_large_image\" \/>\n<script type=\"application\/ld+json\" class=\"yoast-schema-graph\">{\"@context\":\"https:\\\/\\\/schema.org\",\"@graph\":[{\"@type\":[\"WebPage\",\"ItemPage\"],\"@id\":\"https:\\\/\\\/vmsport.fi\\\/verkkokauppa\\\/varaosat\\\/voimansiirto\\\/ketjut\\\/sram-chain-pc-830-step-case-hardened-pin-8-speed\\\/\",\"url\":\"https:\\\/\\\/vmsport.fi\\\/verkkokauppa\\\/varaosat\\\/voimansiirto\\\/ketjut\\\/sram-chain-pc-830-step-case-hardened-pin-8-speed\\\/\",\"name\":\"SRAM CHAIN PC-830 STEP, CASE HARDENED PIN 8 SPEED - VM Sport\",\"isPartOf\":{\"@id\":\"https:\\\/\\\/vmsport.fi\\\/#website\"},\"primaryImageOfPage\":{\"@id\":\"https:\\\/\\\/vmsport.fi\\\/verkkokauppa\\\/varaosat\\\/voimansiirto\\\/ketjut\\\/sram-chain-pc-830-step-case-hardened-pin-8-speed\\\/#primaryimage\"},\"image\":{\"@id\":\"https:\\\/\\\/vmsport.fi\\\/verkkokauppa\\\/varaosat\\\/voimansiirto\\\/ketjut\\\/sram-chain-pc-830-step-case-hardened-pin-8-speed\\\/#primaryimage\"},\"thumbnailUrl\":\"https:\\\/\\\/vmsport.fi\\\/wp-content\\\/uploads\\\/2025\\\/03\\\/ha09vb4SdvR2tizhcxN5Mnai72DoR1pw7Reqm4yeBJnxWz59sf-1.jpg\",\"datePublished\":\"2025-03-05T22:03:27+00:00\",\"dateModified\":\"2026-04-22T12:03:05+00:00\",\"breadcrumb\":{\"@id\":\"https:\\\/\\\/vmsport.fi\\\/verkkokauppa\\\/varaosat\\\/voimansiirto\\\/ketjut\\\/sram-chain-pc-830-step-case-hardened-pin-8-speed\\\/#breadcrumb\"},\"inLanguage\":\"sv-SE\",\"potentialAction\":[{\"@type\":\"ReadAction\",\"target\":[\"https:\\\/\\\/vmsport.fi\\\/verkkokauppa\\\/varaosat\\\/voimansiirto\\\/ketjut\\\/sram-chain-pc-830-step-case-hardened-pin-8-speed\\\/\"]}]},{\"@type\":\"ImageObject\",\"inLanguage\":\"sv-SE\",\"@id\":\"https:\\\/\\\/vmsport.fi\\\/verkkokauppa\\\/varaosat\\\/voimansiirto\\\/ketjut\\\/sram-chain-pc-830-step-case-hardened-pin-8-speed\\\/#primaryimage\",\"url\":\"https:\\\/\\\/vmsport.fi\\\/wp-content\\\/uploads\\\/2025\\\/03\\\/ha09vb4SdvR2tizhcxN5Mnai72DoR1pw7Reqm4yeBJnxWz59sf-1.jpg\",\"contentUrl\":\"https:\\\/\\\/vmsport.fi\\\/wp-content\\\/uploads\\\/2025\\\/03\\\/ha09vb4SdvR2tizhcxN5Mnai72DoR1pw7Reqm4yeBJnxWz59sf-1.jpg\",\"width\":250,\"height\":223,\"caption\":\"ha09vb4SdvR2tizhcxN5Mnai72DoR1pw7Reqm4yeBJnxWz59sf\"},{\"@type\":\"BreadcrumbList\",\"@id\":\"https:\\\/\\\/vmsport.fi\\\/verkkokauppa\\\/varaosat\\\/voimansiirto\\\/ketjut\\\/sram-chain-pc-830-step-case-hardened-pin-8-speed\\\/#breadcrumb\",\"itemListElement\":[{\"@type\":\"ListItem\",\"position\":1,\"name\":\"Etusivu\",\"item\":\"https:\\\/\\\/vmsport.fi\\\/\"},{\"@type\":\"ListItem\",\"position\":2,\"name\":\"Online Store\",\"item\":\"https:\\\/\\\/vmsport.fi\\\/en\\\/online-store\\\/\"},{\"@type\":\"ListItem\",\"position\":3,\"name\":\"SRAM CHAIN PC-830 STEP, CASE HARDENED PIN 8 SPEED\"}]},{\"@type\":\"WebSite\",\"@id\":\"https:\\\/\\\/vmsport.fi\\\/#website\",\"url\":\"https:\\\/\\\/vmsport.fi\\\/\",\"name\":\"Vmsport\",\"description\":\"Kaikki py\u00f6r\u00e4ilyyn yhdest\u00e4 paikasta\",\"publisher\":{\"@id\":\"https:\\\/\\\/vmsport.fi\\\/#organization\"},\"potentialAction\":[{\"@type\":\"SearchAction\",\"target\":{\"@type\":\"EntryPoint\",\"urlTemplate\":\"https:\\\/\\\/vmsport.fi\\\/?s={search_term_string}\"},\"query-input\":{\"@type\":\"PropertyValueSpecification\",\"valueRequired\":true,\"valueName\":\"search_term_string\"}}],\"inLanguage\":\"sv-SE\"},{\"@type\":\"Organization\",\"@id\":\"https:\\\/\\\/vmsport.fi\\\/#organization\",\"name\":\"Vmsport\",\"url\":\"https:\\\/\\\/vmsport.fi\\\/\",\"logo\":{\"@type\":\"ImageObject\",\"inLanguage\":\"sv-SE\",\"@id\":\"https:\\\/\\\/vmsport.fi\\\/#\\\/schema\\\/logo\\\/image\\\/\",\"url\":\"https:\\\/\\\/vmsport.fi\\\/wp-content\\\/uploads\\\/2024\\\/12\\\/vm_sport_RGB_horisontal-e1734526017575.png\",\"contentUrl\":\"https:\\\/\\\/vmsport.fi\\\/wp-content\\\/uploads\\\/2024\\\/12\\\/vm_sport_RGB_horisontal-e1734526017575.png\",\"width\":668,\"height\":85,\"caption\":\"Vmsport\"},\"image\":{\"@id\":\"https:\\\/\\\/vmsport.fi\\\/#\\\/schema\\\/logo\\\/image\\\/\"},\"sameAs\":[\"https:\\\/\\\/www.facebook.com\\\/Vmsport.fi\\\/\",\"https:\\\/\\\/www.instagram.com\\\/vmsport\\\/\"]}]}<\/script>\n<!-- \/ Yoast SEO plugin. -->","yoast_head_json":{"title":"SRAM KEDJA PC-830 STEP, CASE HARDENED PIN 8 SPEED - VM Sport","robots":{"index":"index","follow":"follow","max-snippet":"max-snippet:-1","max-image-preview":"max-image-preview:large","max-video-preview":"max-video-preview:-1"},"canonical":"https:\/\/vmsport.fi\/sv\/webbutik\/reservdelar\/transmission\/kedjor\/sram-kedja-pc-830-step-case-hardat-stift-8-vaxlar\/","og_locale":"sv_SE","og_type":"article","og_title":"SRAM CHAIN PC-830 STEP, CASE HARDENED PIN 8 SPEED - VM Sport","og_description":"SRAM PC-830 -ketju on erityisesti suunniteltu 8-vaihteisille py\u00f6r\u00e4j\u00e4rjestelmille, mik\u00e4 takaa sujuvan ja luotettavan ajokokemuksen. Ketju on valmistettu eritt\u00e4in kest\u00e4vist\u00e4 materiaaleista ja sis\u00e4lt\u00e4\u00e4 karkaistut tapit, mik\u00e4 lis\u00e4\u00e4 sen k\u00e4ytt\u00f6ik\u00e4\u00e4. Sen helppo asennus ja erinomainen suorituskyky kaikissa s\u00e4\u00e4olosuhteissa tekev\u00e4t siit\u00e4 erinomaisen valinnan jokaiselle py\u00f6r\u00e4ilij\u00e4lle. [...]L\u00e4s mer \u2026 from SRAM CHAIN PC-830 STEP, CASE HARDENED PIN 8 SPEED","og_url":"https:\/\/vmsport.fi\/sv\/webbutik\/reservdelar\/transmission\/kedjor\/sram-kedja-pc-830-step-case-hardat-stift-8-vaxlar\/","og_site_name":"VM Sport","article_publisher":"https:\/\/www.facebook.com\/Vmsport.fi\/","article_modified_time":"2026-04-22T12:03:05+00:00","og_image":[{"width":250,"height":223,"url":"https:\/\/vmsport.fi\/wp-content\/uploads\/2025\/03\/ha09vb4SdvR2tizhcxN5Mnai72DoR1pw7Reqm4yeBJnxWz59sf-1.jpg","type":"image\/jpeg"}],"twitter_card":"summary_large_image","schema":{"@context":"https:\/\/schema.org","@graph":[{"@type":["WebPage","ItemPage"],"@id":"https:\/\/vmsport.fi\/verkkokauppa\/varaosat\/voimansiirto\/ketjut\/sram-chain-pc-830-step-case-hardened-pin-8-speed\/","url":"https:\/\/vmsport.fi\/verkkokauppa\/varaosat\/voimansiirto\/ketjut\/sram-chain-pc-830-step-case-hardened-pin-8-speed\/","name":"SRAM KEDJA PC-830 STEP, CASE HARDENED PIN 8 SPEED - VM Sport","isPartOf":{"@id":"https:\/\/vmsport.fi\/#website"},"primaryImageOfPage":{"@id":"https:\/\/vmsport.fi\/verkkokauppa\/varaosat\/voimansiirto\/ketjut\/sram-chain-pc-830-step-case-hardened-pin-8-speed\/#primaryimage"},"image":{"@id":"https:\/\/vmsport.fi\/verkkokauppa\/varaosat\/voimansiirto\/ketjut\/sram-chain-pc-830-step-case-hardened-pin-8-speed\/#primaryimage"},"thumbnailUrl":"https:\/\/vmsport.fi\/wp-content\/uploads\/2025\/03\/ha09vb4SdvR2tizhcxN5Mnai72DoR1pw7Reqm4yeBJnxWz59sf-1.jpg","datePublished":"2025-03-05T22:03:27+00:00","dateModified":"2026-04-22T12:03:05+00:00","breadcrumb":{"@id":"https:\/\/vmsport.fi\/verkkokauppa\/varaosat\/voimansiirto\/ketjut\/sram-chain-pc-830-step-case-hardened-pin-8-speed\/#breadcrumb"},"inLanguage":"sv-SE","potentialAction":[{"@type":"ReadAction","target":["https:\/\/vmsport.fi\/verkkokauppa\/varaosat\/voimansiirto\/ketjut\/sram-chain-pc-830-step-case-hardened-pin-8-speed\/"]}]},{"@type":"ImageObject","inLanguage":"sv-SE","@id":"https:\/\/vmsport.fi\/verkkokauppa\/varaosat\/voimansiirto\/ketjut\/sram-chain-pc-830-step-case-hardened-pin-8-speed\/#primaryimage","url":"https:\/\/vmsport.fi\/wp-content\/uploads\/2025\/03\/ha09vb4SdvR2tizhcxN5Mnai72DoR1pw7Reqm4yeBJnxWz59sf-1.jpg","contentUrl":"https:\/\/vmsport.fi\/wp-content\/uploads\/2025\/03\/ha09vb4SdvR2tizhcxN5Mnai72DoR1pw7Reqm4yeBJnxWz59sf-1.jpg","width":250,"height":223,"caption":"ha09vb4SdvR2tizhcxN5Mnai72DoR1pw7Reqm4yeBJnxWz59sf"},{"@type":"BreadcrumbList","@id":"https:\/\/vmsport.fi\/verkkokauppa\/varaosat\/voimansiirto\/ketjut\/sram-chain-pc-830-step-case-hardened-pin-8-speed\/#breadcrumb","itemListElement":[{"@type":"ListItem","position":1,"name":"Etusivu","item":"https:\/\/vmsport.fi\/"},{"@type":"ListItem","position":2,"name":"Online Store","item":"https:\/\/vmsport.fi\/en\/online-store\/"},{"@type":"ListItem","position":3,"name":"SRAM CHAIN PC-830 STEP, CASE HARDENED PIN 8 SPEED"}]},{"@type":"WebSite","@id":"https:\/\/vmsport.fi\/#website","url":"https:\/\/vmsport.fi\/","name":"Vmsport","description":"Allt p\u00e5 ett st\u00e4lle f\u00f6r cykling","publisher":{"@id":"https:\/\/vmsport.fi\/#organization"},"potentialAction":[{"@type":"SearchAction","target":{"@type":"EntryPoint","urlTemplate":"https:\/\/vmsport.fi\/?s={search_term_string}"},"query-input":{"@type":"PropertyValueSpecification","valueRequired":true,"valueName":"search_term_string"}}],"inLanguage":"sv-SE"},{"@type":"Organization","@id":"https:\/\/vmsport.fi\/#organization","name":"Vmsport","url":"https:\/\/vmsport.fi\/","logo":{"@type":"ImageObject","inLanguage":"sv-SE","@id":"https:\/\/vmsport.fi\/#\/schema\/logo\/image\/","url":"https:\/\/vmsport.fi\/wp-content\/uploads\/2024\/12\/vm_sport_RGB_horisontal-e1734526017575.png","contentUrl":"https:\/\/vmsport.fi\/wp-content\/uploads\/2024\/12\/vm_sport_RGB_horisontal-e1734526017575.png","width":668,"height":85,"caption":"Vmsport"},"image":{"@id":"https:\/\/vmsport.fi\/#\/schema\/logo\/image\/"},"sameAs":["https:\/\/www.facebook.com\/Vmsport.fi\/","https:\/\/www.instagram.com\/vmsport\/"]}]}},"global_unique_id":"","_links":{"self":[{"href":"https:\/\/vmsport.fi\/sv\/wp-json\/wp\/v2\/product\/55220","targetHints":{"allow":["GET"]}}],"collection":[{"href":"https:\/\/vmsport.fi\/sv\/wp-json\/wp\/v2\/product"}],"about":[{"href":"https:\/\/vmsport.fi\/sv\/wp-json\/wp\/v2\/types\/product"}],"replies":[{"embeddable":true,"href":"https:\/\/vmsport.fi\/sv\/wp-json\/wp\/v2\/comments?post=55220"}],"wp:featuredmedia":[{"embeddable":true,"href":"https:\/\/vmsport.fi\/sv\/wp-json\/wp\/v2\/media\/55219"}],"wp:attachment":[{"href":"https:\/\/vmsport.fi\/sv\/wp-json\/wp\/v2\/media?parent=55220"}],"wp:term":[{"taxonomy":"product_brand","embeddable":true,"href":"https:\/\/vmsport.fi\/sv\/wp-json\/wp\/v2\/product_brand?post=55220"},{"taxonomy":"product_model","embeddable":true,"href":"https:\/\/vmsport.fi\/sv\/wp-json\/wp\/v2\/product_model?post=55220"},{"taxonomy":"product_cat","embeddable":true,"href":"https:\/\/vmsport.fi\/sv\/wp-json\/wp\/v2\/product_cat?post=55220"},{"taxonomy":"product_tag","embeddable":true,"href":"https:\/\/vmsport.fi\/sv\/wp-json\/wp\/v2\/product_tag?post=55220"},{"taxonomy":"industry_terminology","embeddable":true,"href":"https:\/\/vmsport.fi\/sv\/wp-json\/wp\/v2\/industry-terminology?post=55220"}],"curies":[{"name":"wp","href":"https:\/\/api.w.org\/{rel}","templated":true}]}}