{"id":55198,"date":"2025-03-06T00:03:12","date_gmt":"2025-03-05T22:03:12","guid":{"rendered":"https:\/\/vmsport.fi\/verkkokauppa\/Ei-luokiteltu\/poc-ms-reform-enduro-tee-turmaline-navy\/"},"modified":"2026-01-16T13:39:37","modified_gmt":"2026-01-16T11:39:37","slug":"poc-ms-reform-enduro-tee-tourmaline-navy","status":"publish","type":"product","link":"https:\/\/vmsport.fi\/sv\/verkkokauppa\/ajovarusteet\/vaatteet\/paidat\/poc-ms-reform-enduro-tee-turmaline-navy\/","title":{"rendered":"POC M's Reform Enduro Tee Tourmaline Navy"},"content":{"rendered":"<p>POC M's Reform Enduro Tee Tourmaline Navy \u00e4r designad f\u00f6r m\u00e4n som v\u00e4rdes\u00e4tter praktik och komfort. Denna mountainbikeskjorta \u00e4r tillverkad av slitstark och \u00e5tervunnen polyester, vilket minskar dess milj\u00f6p\u00e5verkan. Materialets andningsf\u00f6rm\u00e5ga och effektiva fukttransport h\u00e5ller b\u00e4raren torr och bekv\u00e4m \u00e4ven under kr\u00e4vande f\u00f6rh\u00e5llanden. Den traditionella lasersk\u00e4rningen och den avslappnade passformen ger r\u00f6relsefrihet, medan raglan\u00e4rmarna g\u00f6r r\u00f6relserna smidigare. Skjortan passar bra ihop med skyddsutrustning som armb\u00e5gs- och ryggskydd. En praktisk detalj \u00e4r den diskreta, s\u00e4kra fickan f\u00f6r f\u00f6rvaring av kort. Tyget torkar snabbt och dess flexibilitet full\u00e4ndar anv\u00e4ndarupplevelsen.<\/p>","protected":false},"excerpt":{"rendered":"<p>POC M&#8217;s Reform Enduro Tee Turmaline Navy on suunniteltu miehille, jotka arvostavat k\u00e4yt\u00e4nn\u00f6llisyytt\u00e4 ja k\u00e4ytt\u00f6mukavuutta. T\u00e4m\u00e4 maastopy\u00f6r\u00e4ilypaita on valmistettu kest\u00e4v\u00e4st\u00e4 ja kierr\u00e4tetyst\u00e4 polyesterist\u00e4, mik\u00e4 v\u00e4hent\u00e4\u00e4 sen ymp\u00e4rist\u00f6kuormitusta. Materiaalin hengitt\u00e4vyys ja tehokas kosteudensiirto pit\u00e4v\u00e4t k\u00e4ytt\u00e4j\u00e4n kuivana ja mukavana vaativissakin olosuhteissa. Traditionalinen laserleikkaus ja rento istuvuus tarjoavat liikkumavapautta, kun taas raglanhihat parantavat liikkeen sujuvuutta. Paita sopii hyvin [&#8230;]<\/p>\n<p><a class=\"btn btn-secondary understrap-read-more-link\" href=\"https:\/\/vmsport.fi\/sv\/verkkokauppa\/ajovarusteet\/vaatteet\/paidat\/poc-ms-reform-enduro-tee-turmaline-navy\/\">L\u00e4s mer \u2026<span class=\"screen-reader-text\"> from POC M&#8217;s Reform Enduro Tee Turmaline Navy<\/span><\/a><\/p>\n","protected":false},"featured_media":55195,"comment_status":"open","ping_status":"closed","template":"","meta":{"_acf_changed":false,"_improvement_type_select":"improve_an_existing","_thumb_yes_seoaic":false,"_frame_yes_seoaic":false,"seoaic_generate_description":"","seoaic_improve_instructions_prompt":"","seoaic_rollback_content_improvement":"","seoaic_idea_thumbnail_generator":"","thumbnail_generated":false,"thumbnail_generate_prompt":"","seoaic_article_description":"","_supplier_stock_quantity":0},"product_brand":[],"product_model":[],"product_cat":[9460],"product_tag":[],"industry-terminology":[],"class_list":{"0":"post-55198","1":"product","2":"type-product","3":"status-publish","4":"has-post-thumbnail","6":"product_cat-paidat","8":"first","9":"instock","10":"taxable","11":"shipping-taxable","12":"purchasable","13":"product-type-variable"},"acf":{"bike_features":null,"overview":{"copy_overview":null,"key_features":null,"statement":"","youtube_url":""}},"yoast_head":"<!-- This site is optimized with the Yoast SEO plugin v27.3 - https:\/\/yoast.com\/product\/yoast-seo-wordpress\/ -->\n<title>POC M&#039;s Reform Enduro Tee Turmaline Navy - VM Sport<\/title>\n<meta name=\"robots\" content=\"index, follow, max-snippet:-1, max-image-preview:large, max-video-preview:-1\" \/>\n<link rel=\"canonical\" href=\"https:\/\/vmsport.fi\/sv\/webbutik\/korutrustning\/klader\/skjorta\/poc-ms-reform-enduro-tee-tourmaline-navy\/\" \/>\n<meta property=\"og:locale\" content=\"sv_SE\" \/>\n<meta property=\"og:type\" content=\"article\" \/>\n<meta property=\"og:title\" content=\"POC M&#039;s Reform Enduro Tee Turmaline Navy - VM Sport\" \/>\n<meta property=\"og:description\" content=\"POC M&#8217;s Reform Enduro Tee Turmaline Navy on suunniteltu miehille, jotka arvostavat k\u00e4yt\u00e4nn\u00f6llisyytt\u00e4 ja k\u00e4ytt\u00f6mukavuutta. T\u00e4m\u00e4 maastopy\u00f6r\u00e4ilypaita on valmistettu kest\u00e4v\u00e4st\u00e4 ja kierr\u00e4tetyst\u00e4 polyesterist\u00e4, mik\u00e4 v\u00e4hent\u00e4\u00e4 sen ymp\u00e4rist\u00f6kuormitusta. Materiaalin hengitt\u00e4vyys ja tehokas kosteudensiirto pit\u00e4v\u00e4t k\u00e4ytt\u00e4j\u00e4n kuivana ja mukavana vaativissakin olosuhteissa. Traditionalinen laserleikkaus ja rento istuvuus tarjoavat liikkumavapautta, kun taas raglanhihat parantavat liikkeen sujuvuutta. Paita sopii hyvin [...]L\u00e4s mer \u2026 from POC M&#8217;s Reform Enduro Tee Turmaline Navy\" \/>\n<meta property=\"og:url\" content=\"https:\/\/vmsport.fi\/sv\/webbutik\/korutrustning\/klader\/skjorta\/poc-ms-reform-enduro-tee-tourmaline-navy\/\" \/>\n<meta property=\"og:site_name\" content=\"VM Sport\" \/>\n<meta property=\"article:publisher\" content=\"https:\/\/www.facebook.com\/Vmsport.fi\/\" \/>\n<meta property=\"article:modified_time\" content=\"2026-01-16T11:39:37+00:00\" \/>\n<meta property=\"og:image\" content=\"https:\/\/vmsport.fi\/wp-content\/uploads\/2025\/03\/Ms-Reform-Enduro-Tee-52905-TurmalineNavy-1582-front-1.png\" \/>\n\t<meta property=\"og:image:width\" content=\"1000\" \/>\n\t<meta property=\"og:image:height\" content=\"1000\" \/>\n\t<meta property=\"og:image:type\" content=\"image\/png\" \/>\n<meta name=\"twitter:card\" content=\"summary_large_image\" \/>\n<meta name=\"twitter:label1\" content=\"Ber\u00e4knad l\u00e4stid\" \/>\n\t<meta name=\"twitter:data1\" content=\"1 minut\" \/>\n<script type=\"application\/ld+json\" class=\"yoast-schema-graph\">{\"@context\":\"https:\\\/\\\/schema.org\",\"@graph\":[{\"@type\":[\"WebPage\",\"ItemPage\"],\"@id\":\"https:\\\/\\\/vmsport.fi\\\/verkkokauppa\\\/ajovarusteet\\\/vaatteet\\\/paidat\\\/poc-ms-reform-enduro-tee-turmaline-navy\\\/\",\"url\":\"https:\\\/\\\/vmsport.fi\\\/verkkokauppa\\\/ajovarusteet\\\/vaatteet\\\/paidat\\\/poc-ms-reform-enduro-tee-turmaline-navy\\\/\",\"name\":\"POC M's Reform Enduro Tee Turmaline Navy - VM Sport\",\"isPartOf\":{\"@id\":\"https:\\\/\\\/vmsport.fi\\\/#website\"},\"primaryImageOfPage\":{\"@id\":\"https:\\\/\\\/vmsport.fi\\\/verkkokauppa\\\/ajovarusteet\\\/vaatteet\\\/paidat\\\/poc-ms-reform-enduro-tee-turmaline-navy\\\/#primaryimage\"},\"image\":{\"@id\":\"https:\\\/\\\/vmsport.fi\\\/verkkokauppa\\\/ajovarusteet\\\/vaatteet\\\/paidat\\\/poc-ms-reform-enduro-tee-turmaline-navy\\\/#primaryimage\"},\"thumbnailUrl\":\"https:\\\/\\\/vmsport.fi\\\/wp-content\\\/uploads\\\/2025\\\/03\\\/Ms-Reform-Enduro-Tee-52905-TurmalineNavy-1582-front-1.png\",\"datePublished\":\"2025-03-05T22:03:12+00:00\",\"dateModified\":\"2026-01-16T11:39:37+00:00\",\"breadcrumb\":{\"@id\":\"https:\\\/\\\/vmsport.fi\\\/verkkokauppa\\\/ajovarusteet\\\/vaatteet\\\/paidat\\\/poc-ms-reform-enduro-tee-turmaline-navy\\\/#breadcrumb\"},\"inLanguage\":\"sv-SE\",\"potentialAction\":[{\"@type\":\"ReadAction\",\"target\":[\"https:\\\/\\\/vmsport.fi\\\/verkkokauppa\\\/ajovarusteet\\\/vaatteet\\\/paidat\\\/poc-ms-reform-enduro-tee-turmaline-navy\\\/\"]}]},{\"@type\":\"ImageObject\",\"inLanguage\":\"sv-SE\",\"@id\":\"https:\\\/\\\/vmsport.fi\\\/verkkokauppa\\\/ajovarusteet\\\/vaatteet\\\/paidat\\\/poc-ms-reform-enduro-tee-turmaline-navy\\\/#primaryimage\",\"url\":\"https:\\\/\\\/vmsport.fi\\\/wp-content\\\/uploads\\\/2025\\\/03\\\/Ms-Reform-Enduro-Tee-52905-TurmalineNavy-1582-front-1.png\",\"contentUrl\":\"https:\\\/\\\/vmsport.fi\\\/wp-content\\\/uploads\\\/2025\\\/03\\\/Ms-Reform-Enduro-Tee-52905-TurmalineNavy-1582-front-1.png\",\"width\":1000,\"height\":1000,\"caption\":\"Ms-Reform-Enduro-Tee-52905-TurmalineNavy-1582-front\"},{\"@type\":\"BreadcrumbList\",\"@id\":\"https:\\\/\\\/vmsport.fi\\\/verkkokauppa\\\/ajovarusteet\\\/vaatteet\\\/paidat\\\/poc-ms-reform-enduro-tee-turmaline-navy\\\/#breadcrumb\",\"itemListElement\":[{\"@type\":\"ListItem\",\"position\":1,\"name\":\"Etusivu\",\"item\":\"https:\\\/\\\/vmsport.fi\\\/\"},{\"@type\":\"ListItem\",\"position\":2,\"name\":\"Online Store\",\"item\":\"https:\\\/\\\/vmsport.fi\\\/en\\\/online-store\\\/\"},{\"@type\":\"ListItem\",\"position\":3,\"name\":\"POC M&#8217;s Reform Enduro Tee Turmaline Navy\"}]},{\"@type\":\"WebSite\",\"@id\":\"https:\\\/\\\/vmsport.fi\\\/#website\",\"url\":\"https:\\\/\\\/vmsport.fi\\\/\",\"name\":\"Vmsport\",\"description\":\"Kaikki py\u00f6r\u00e4ilyyn yhdest\u00e4 paikasta\",\"publisher\":{\"@id\":\"https:\\\/\\\/vmsport.fi\\\/#organization\"},\"potentialAction\":[{\"@type\":\"SearchAction\",\"target\":{\"@type\":\"EntryPoint\",\"urlTemplate\":\"https:\\\/\\\/vmsport.fi\\\/?s={search_term_string}\"},\"query-input\":{\"@type\":\"PropertyValueSpecification\",\"valueRequired\":true,\"valueName\":\"search_term_string\"}}],\"inLanguage\":\"sv-SE\"},{\"@type\":\"Organization\",\"@id\":\"https:\\\/\\\/vmsport.fi\\\/#organization\",\"name\":\"Vmsport\",\"url\":\"https:\\\/\\\/vmsport.fi\\\/\",\"logo\":{\"@type\":\"ImageObject\",\"inLanguage\":\"sv-SE\",\"@id\":\"https:\\\/\\\/vmsport.fi\\\/#\\\/schema\\\/logo\\\/image\\\/\",\"url\":\"https:\\\/\\\/vmsport.fi\\\/wp-content\\\/uploads\\\/2024\\\/12\\\/vm_sport_RGB_horisontal-e1734526017575.png\",\"contentUrl\":\"https:\\\/\\\/vmsport.fi\\\/wp-content\\\/uploads\\\/2024\\\/12\\\/vm_sport_RGB_horisontal-e1734526017575.png\",\"width\":668,\"height\":85,\"caption\":\"Vmsport\"},\"image\":{\"@id\":\"https:\\\/\\\/vmsport.fi\\\/#\\\/schema\\\/logo\\\/image\\\/\"},\"sameAs\":[\"https:\\\/\\\/www.facebook.com\\\/Vmsport.fi\\\/\",\"https:\\\/\\\/www.instagram.com\\\/vmsport\\\/\"]}]}<\/script>\n<!-- \/ Yoast SEO plugin. -->","yoast_head_json":{"title":"POC M's Reform Enduro Tee Tourmaline Navy - VM Sport","robots":{"index":"index","follow":"follow","max-snippet":"max-snippet:-1","max-image-preview":"max-image-preview:large","max-video-preview":"max-video-preview:-1"},"canonical":"https:\/\/vmsport.fi\/sv\/webbutik\/korutrustning\/klader\/skjorta\/poc-ms-reform-enduro-tee-tourmaline-navy\/","og_locale":"sv_SE","og_type":"article","og_title":"POC M's Reform Enduro Tee Turmaline Navy - VM Sport","og_description":"POC M&#8217;s Reform Enduro Tee Turmaline Navy on suunniteltu miehille, jotka arvostavat k\u00e4yt\u00e4nn\u00f6llisyytt\u00e4 ja k\u00e4ytt\u00f6mukavuutta. T\u00e4m\u00e4 maastopy\u00f6r\u00e4ilypaita on valmistettu kest\u00e4v\u00e4st\u00e4 ja kierr\u00e4tetyst\u00e4 polyesterist\u00e4, mik\u00e4 v\u00e4hent\u00e4\u00e4 sen ymp\u00e4rist\u00f6kuormitusta. Materiaalin hengitt\u00e4vyys ja tehokas kosteudensiirto pit\u00e4v\u00e4t k\u00e4ytt\u00e4j\u00e4n kuivana ja mukavana vaativissakin olosuhteissa. Traditionalinen laserleikkaus ja rento istuvuus tarjoavat liikkumavapautta, kun taas raglanhihat parantavat liikkeen sujuvuutta. Paita sopii hyvin [...]L\u00e4s mer \u2026 from POC M&#8217;s Reform Enduro Tee Turmaline Navy","og_url":"https:\/\/vmsport.fi\/sv\/webbutik\/korutrustning\/klader\/skjorta\/poc-ms-reform-enduro-tee-tourmaline-navy\/","og_site_name":"VM Sport","article_publisher":"https:\/\/www.facebook.com\/Vmsport.fi\/","article_modified_time":"2026-01-16T11:39:37+00:00","og_image":[{"width":1000,"height":1000,"url":"https:\/\/vmsport.fi\/wp-content\/uploads\/2025\/03\/Ms-Reform-Enduro-Tee-52905-TurmalineNavy-1582-front-1.png","type":"image\/png"}],"twitter_card":"summary_large_image","twitter_misc":{"Ber\u00e4knad l\u00e4stid":"1 minut"},"schema":{"@context":"https:\/\/schema.org","@graph":[{"@type":["WebPage","ItemPage"],"@id":"https:\/\/vmsport.fi\/verkkokauppa\/ajovarusteet\/vaatteet\/paidat\/poc-ms-reform-enduro-tee-turmaline-navy\/","url":"https:\/\/vmsport.fi\/verkkokauppa\/ajovarusteet\/vaatteet\/paidat\/poc-ms-reform-enduro-tee-turmaline-navy\/","name":"POC M's Reform Enduro Tee Tourmaline Navy - VM Sport","isPartOf":{"@id":"https:\/\/vmsport.fi\/#website"},"primaryImageOfPage":{"@id":"https:\/\/vmsport.fi\/verkkokauppa\/ajovarusteet\/vaatteet\/paidat\/poc-ms-reform-enduro-tee-turmaline-navy\/#primaryimage"},"image":{"@id":"https:\/\/vmsport.fi\/verkkokauppa\/ajovarusteet\/vaatteet\/paidat\/poc-ms-reform-enduro-tee-turmaline-navy\/#primaryimage"},"thumbnailUrl":"https:\/\/vmsport.fi\/wp-content\/uploads\/2025\/03\/Ms-Reform-Enduro-Tee-52905-TurmalineNavy-1582-front-1.png","datePublished":"2025-03-05T22:03:12+00:00","dateModified":"2026-01-16T11:39:37+00:00","breadcrumb":{"@id":"https:\/\/vmsport.fi\/verkkokauppa\/ajovarusteet\/vaatteet\/paidat\/poc-ms-reform-enduro-tee-turmaline-navy\/#breadcrumb"},"inLanguage":"sv-SE","potentialAction":[{"@type":"ReadAction","target":["https:\/\/vmsport.fi\/verkkokauppa\/ajovarusteet\/vaatteet\/paidat\/poc-ms-reform-enduro-tee-turmaline-navy\/"]}]},{"@type":"ImageObject","inLanguage":"sv-SE","@id":"https:\/\/vmsport.fi\/verkkokauppa\/ajovarusteet\/vaatteet\/paidat\/poc-ms-reform-enduro-tee-turmaline-navy\/#primaryimage","url":"https:\/\/vmsport.fi\/wp-content\/uploads\/2025\/03\/Ms-Reform-Enduro-Tee-52905-TurmalineNavy-1582-front-1.png","contentUrl":"https:\/\/vmsport.fi\/wp-content\/uploads\/2025\/03\/Ms-Reform-Enduro-Tee-52905-TurmalineNavy-1582-front-1.png","width":1000,"height":1000,"caption":"Ms-Reform-Enduro-Tee-52905-TurmalineNavy-1582-front"},{"@type":"BreadcrumbList","@id":"https:\/\/vmsport.fi\/verkkokauppa\/ajovarusteet\/vaatteet\/paidat\/poc-ms-reform-enduro-tee-turmaline-navy\/#breadcrumb","itemListElement":[{"@type":"ListItem","position":1,"name":"Etusivu","item":"https:\/\/vmsport.fi\/"},{"@type":"ListItem","position":2,"name":"Online Store","item":"https:\/\/vmsport.fi\/en\/online-store\/"},{"@type":"ListItem","position":3,"name":"POC M&#8217;s Reform Enduro Tee Turmaline Navy"}]},{"@type":"WebSite","@id":"https:\/\/vmsport.fi\/#website","url":"https:\/\/vmsport.fi\/","name":"Vmsport","description":"Allt p\u00e5 ett st\u00e4lle f\u00f6r cykling","publisher":{"@id":"https:\/\/vmsport.fi\/#organization"},"potentialAction":[{"@type":"SearchAction","target":{"@type":"EntryPoint","urlTemplate":"https:\/\/vmsport.fi\/?s={search_term_string}"},"query-input":{"@type":"PropertyValueSpecification","valueRequired":true,"valueName":"search_term_string"}}],"inLanguage":"sv-SE"},{"@type":"Organization","@id":"https:\/\/vmsport.fi\/#organization","name":"Vmsport","url":"https:\/\/vmsport.fi\/","logo":{"@type":"ImageObject","inLanguage":"sv-SE","@id":"https:\/\/vmsport.fi\/#\/schema\/logo\/image\/","url":"https:\/\/vmsport.fi\/wp-content\/uploads\/2024\/12\/vm_sport_RGB_horisontal-e1734526017575.png","contentUrl":"https:\/\/vmsport.fi\/wp-content\/uploads\/2024\/12\/vm_sport_RGB_horisontal-e1734526017575.png","width":668,"height":85,"caption":"Vmsport"},"image":{"@id":"https:\/\/vmsport.fi\/#\/schema\/logo\/image\/"},"sameAs":["https:\/\/www.facebook.com\/Vmsport.fi\/","https:\/\/www.instagram.com\/vmsport\/"]}]}},"global_unique_id":"","_links":{"self":[{"href":"https:\/\/vmsport.fi\/sv\/wp-json\/wp\/v2\/product\/55198","targetHints":{"allow":["GET"]}}],"collection":[{"href":"https:\/\/vmsport.fi\/sv\/wp-json\/wp\/v2\/product"}],"about":[{"href":"https:\/\/vmsport.fi\/sv\/wp-json\/wp\/v2\/types\/product"}],"replies":[{"embeddable":true,"href":"https:\/\/vmsport.fi\/sv\/wp-json\/wp\/v2\/comments?post=55198"}],"wp:featuredmedia":[{"embeddable":true,"href":"https:\/\/vmsport.fi\/sv\/wp-json\/wp\/v2\/media\/55195"}],"wp:attachment":[{"href":"https:\/\/vmsport.fi\/sv\/wp-json\/wp\/v2\/media?parent=55198"}],"wp:term":[{"taxonomy":"product_brand","embeddable":true,"href":"https:\/\/vmsport.fi\/sv\/wp-json\/wp\/v2\/product_brand?post=55198"},{"taxonomy":"product_model","embeddable":true,"href":"https:\/\/vmsport.fi\/sv\/wp-json\/wp\/v2\/product_model?post=55198"},{"taxonomy":"product_cat","embeddable":true,"href":"https:\/\/vmsport.fi\/sv\/wp-json\/wp\/v2\/product_cat?post=55198"},{"taxonomy":"product_tag","embeddable":true,"href":"https:\/\/vmsport.fi\/sv\/wp-json\/wp\/v2\/product_tag?post=55198"},{"taxonomy":"industry_terminology","embeddable":true,"href":"https:\/\/vmsport.fi\/sv\/wp-json\/wp\/v2\/industry-terminology?post=55198"}],"curies":[{"name":"wp","href":"https:\/\/api.w.org\/{rel}","templated":true}]}}