{"id":55190,"date":"2025-03-06T00:03:01","date_gmt":"2025-03-05T22:03:01","guid":{"rendered":"https:\/\/vmsport.fi\/verkkokauppa\/Ei-luokiteltu\/bontrager-thermal-cycling-arm-warmer\/"},"modified":"2026-01-16T13:32:16","modified_gmt":"2026-01-16T11:32:16","slug":"bontrager-thermal-cycling-arm-warmer","status":"publish","type":"product","link":"https:\/\/vmsport.fi\/sv\/verkkokauppa\/ajovarusteet\/vaatteet\/paidat\/bontrager-thermal-cycling-arm-warmer\/","title":{"rendered":"Bontrager termisk armv\u00e4rmare f\u00f6r cyklister"},"content":{"rendered":"<p>Bontragerin l\u00e4mpim\u00e4t py\u00f6r\u00e4ilyhihat tarjoavat erinomaisen suojan viileiss\u00e4 olosuhteissa. Korkealaatuinen materiaali pit\u00e4\u00e4 l\u00e4mm\u00f6n sis\u00e4ll\u00e4 ja siirt\u00e4\u00e4 kosteuden pois, jotta olosi pysyy miellytt\u00e4v\u00e4n\u00e4 ajaessasi. Mukautuvan muotoilun ansiosta hihat istuvat t\u00e4ydellisesti, ja silikonireunukset est\u00e4v\u00e4t niit\u00e4 liukumasta paikoiltaan. Hihojen s\u00e4ilytt\u00e4minen on helppoa ja ne on helppo ottaa k\u00e4ytt\u00f6\u00f6n tarvittaessa, mik\u00e4 tekee niist\u00e4 t\u00e4ydellisen ratkaisun vaihtelevaan s\u00e4\u00e4h\u00e4n. Aerodynaaminen rakenne lis\u00e4\u00e4 ajomukavuutta ilman ylim\u00e4\u00e4r\u00e4ist\u00e4 vastusta, joten voit nauttia sujuvasta ajosta.<\/p>","protected":false},"excerpt":{"rendered":"<p>Bontragerin l\u00e4mpim\u00e4t py\u00f6r\u00e4ilyhihat tarjoavat erinomaisen suojan viileiss\u00e4 olosuhteissa. Korkealaatuinen materiaali pit\u00e4\u00e4 l\u00e4mm\u00f6n sis\u00e4ll\u00e4 ja siirt\u00e4\u00e4 kosteuden pois, jotta olosi pysyy miellytt\u00e4v\u00e4n\u00e4 ajaessasi. Mukautuvan muotoilun ansiosta hihat istuvat t\u00e4ydellisesti, ja silikonireunukset est\u00e4v\u00e4t niit\u00e4 liukumasta paikoiltaan. Hihojen s\u00e4ilytt\u00e4minen on helppoa ja ne on helppo ottaa k\u00e4ytt\u00f6\u00f6n tarvittaessa, mik\u00e4 tekee niist\u00e4 t\u00e4ydellisen ratkaisun vaihtelevaan s\u00e4\u00e4h\u00e4n. Aerodynaaminen rakenne lis\u00e4\u00e4 [&#8230;]<\/p>\n<p><a class=\"btn btn-secondary understrap-read-more-link\" href=\"https:\/\/vmsport.fi\/sv\/verkkokauppa\/ajovarusteet\/vaatteet\/paidat\/bontrager-thermal-cycling-arm-warmer\/\">L\u00e4s mer \u2026<span class=\"screen-reader-text\"> from Bontrager Thermal Cycling Arm Warmer<\/span><\/a><\/p>\n","protected":false},"featured_media":55189,"comment_status":"open","ping_status":"closed","template":"","meta":{"_acf_changed":false,"_improvement_type_select":"improve_an_existing","_thumb_yes_seoaic":false,"_frame_yes_seoaic":false,"seoaic_generate_description":"","seoaic_improve_instructions_prompt":"","seoaic_rollback_content_improvement":"","seoaic_idea_thumbnail_generator":"","thumbnail_generated":false,"thumbnail_generate_prompt":"","seoaic_article_description":"","_supplier_stock_quantity":0},"product_brand":[],"product_model":[],"product_cat":[9310,9460],"product_tag":[],"industry-terminology":[],"class_list":{"0":"post-55190","1":"product","2":"type-product","3":"status-publish","4":"has-post-thumbnail","6":"product_cat-vaatteet","7":"product_cat-paidat","9":"first","10":"instock","11":"taxable","12":"shipping-taxable","13":"purchasable","14":"product-type-variable"},"acf":{"bike_features":null,"overview":{"copy_overview":null,"key_features":null,"statement":"","youtube_url":""}},"yoast_head":"<!-- This site is optimized with the Yoast SEO plugin v27.3 - https:\/\/yoast.com\/product\/yoast-seo-wordpress\/ -->\n<title>Bontrager Thermal Cycling Arm Warmer - VM Sport<\/title>\n<meta name=\"robots\" content=\"index, follow, max-snippet:-1, max-image-preview:large, max-video-preview:-1\" \/>\n<link rel=\"canonical\" href=\"https:\/\/vmsport.fi\/sv\/webbutik\/korutrustning\/klader\/skjorta\/bontrager-thermal-cycling-arm-warmer\/\" \/>\n<meta property=\"og:locale\" content=\"sv_SE\" \/>\n<meta property=\"og:type\" content=\"article\" \/>\n<meta property=\"og:title\" content=\"Bontrager Thermal Cycling Arm Warmer - VM Sport\" \/>\n<meta property=\"og:description\" content=\"Bontragerin l\u00e4mpim\u00e4t py\u00f6r\u00e4ilyhihat tarjoavat erinomaisen suojan viileiss\u00e4 olosuhteissa. Korkealaatuinen materiaali pit\u00e4\u00e4 l\u00e4mm\u00f6n sis\u00e4ll\u00e4 ja siirt\u00e4\u00e4 kosteuden pois, jotta olosi pysyy miellytt\u00e4v\u00e4n\u00e4 ajaessasi. Mukautuvan muotoilun ansiosta hihat istuvat t\u00e4ydellisesti, ja silikonireunukset est\u00e4v\u00e4t niit\u00e4 liukumasta paikoiltaan. Hihojen s\u00e4ilytt\u00e4minen on helppoa ja ne on helppo ottaa k\u00e4ytt\u00f6\u00f6n tarvittaessa, mik\u00e4 tekee niist\u00e4 t\u00e4ydellisen ratkaisun vaihtelevaan s\u00e4\u00e4h\u00e4n. Aerodynaaminen rakenne lis\u00e4\u00e4 [...]L\u00e4s mer \u2026 from Bontrager Thermal Cycling Arm Warmer\" \/>\n<meta property=\"og:url\" content=\"https:\/\/vmsport.fi\/sv\/webbutik\/korutrustning\/klader\/skjorta\/bontrager-thermal-cycling-arm-warmer\/\" \/>\n<meta property=\"og:site_name\" content=\"VM Sport\" \/>\n<meta property=\"article:publisher\" content=\"https:\/\/www.facebook.com\/Vmsport.fi\/\" \/>\n<meta property=\"article:modified_time\" content=\"2026-01-16T11:32:16+00:00\" \/>\n<meta property=\"og:image\" content=\"https:\/\/vmsport.fi\/wp-content\/uploads\/2025\/03\/ThermalCyclingArmWarmer-25028-A-Primary-1.jpg\" \/>\n\t<meta property=\"og:image:width\" content=\"1000\" \/>\n\t<meta property=\"og:image:height\" content=\"750\" \/>\n\t<meta property=\"og:image:type\" content=\"image\/jpeg\" \/>\n<meta name=\"twitter:card\" content=\"summary_large_image\" \/>\n<script type=\"application\/ld+json\" class=\"yoast-schema-graph\">{\"@context\":\"https:\\\/\\\/schema.org\",\"@graph\":[{\"@type\":[\"WebPage\",\"ItemPage\"],\"@id\":\"https:\\\/\\\/vmsport.fi\\\/verkkokauppa\\\/ajovarusteet\\\/vaatteet\\\/paidat\\\/bontrager-thermal-cycling-arm-warmer\\\/\",\"url\":\"https:\\\/\\\/vmsport.fi\\\/verkkokauppa\\\/ajovarusteet\\\/vaatteet\\\/paidat\\\/bontrager-thermal-cycling-arm-warmer\\\/\",\"name\":\"Bontrager Thermal Cycling Arm Warmer - VM Sport\",\"isPartOf\":{\"@id\":\"https:\\\/\\\/vmsport.fi\\\/#website\"},\"primaryImageOfPage\":{\"@id\":\"https:\\\/\\\/vmsport.fi\\\/verkkokauppa\\\/ajovarusteet\\\/vaatteet\\\/paidat\\\/bontrager-thermal-cycling-arm-warmer\\\/#primaryimage\"},\"image\":{\"@id\":\"https:\\\/\\\/vmsport.fi\\\/verkkokauppa\\\/ajovarusteet\\\/vaatteet\\\/paidat\\\/bontrager-thermal-cycling-arm-warmer\\\/#primaryimage\"},\"thumbnailUrl\":\"https:\\\/\\\/vmsport.fi\\\/wp-content\\\/uploads\\\/2025\\\/03\\\/ThermalCyclingArmWarmer-25028-A-Primary-1.jpg\",\"datePublished\":\"2025-03-05T22:03:01+00:00\",\"dateModified\":\"2026-01-16T11:32:16+00:00\",\"breadcrumb\":{\"@id\":\"https:\\\/\\\/vmsport.fi\\\/verkkokauppa\\\/ajovarusteet\\\/vaatteet\\\/paidat\\\/bontrager-thermal-cycling-arm-warmer\\\/#breadcrumb\"},\"inLanguage\":\"sv-SE\",\"potentialAction\":[{\"@type\":\"ReadAction\",\"target\":[\"https:\\\/\\\/vmsport.fi\\\/verkkokauppa\\\/ajovarusteet\\\/vaatteet\\\/paidat\\\/bontrager-thermal-cycling-arm-warmer\\\/\"]}]},{\"@type\":\"ImageObject\",\"inLanguage\":\"sv-SE\",\"@id\":\"https:\\\/\\\/vmsport.fi\\\/verkkokauppa\\\/ajovarusteet\\\/vaatteet\\\/paidat\\\/bontrager-thermal-cycling-arm-warmer\\\/#primaryimage\",\"url\":\"https:\\\/\\\/vmsport.fi\\\/wp-content\\\/uploads\\\/2025\\\/03\\\/ThermalCyclingArmWarmer-25028-A-Primary-1.jpg\",\"contentUrl\":\"https:\\\/\\\/vmsport.fi\\\/wp-content\\\/uploads\\\/2025\\\/03\\\/ThermalCyclingArmWarmer-25028-A-Primary-1.jpg\",\"width\":1000,\"height\":750,\"caption\":\"ThermalCyclingArmWarmer-25028-A-Primary\"},{\"@type\":\"BreadcrumbList\",\"@id\":\"https:\\\/\\\/vmsport.fi\\\/verkkokauppa\\\/ajovarusteet\\\/vaatteet\\\/paidat\\\/bontrager-thermal-cycling-arm-warmer\\\/#breadcrumb\",\"itemListElement\":[{\"@type\":\"ListItem\",\"position\":1,\"name\":\"Etusivu\",\"item\":\"https:\\\/\\\/vmsport.fi\\\/\"},{\"@type\":\"ListItem\",\"position\":2,\"name\":\"Online Store\",\"item\":\"https:\\\/\\\/vmsport.fi\\\/en\\\/online-store\\\/\"},{\"@type\":\"ListItem\",\"position\":3,\"name\":\"Bontrager Thermal Cycling Arm Warmer\"}]},{\"@type\":\"WebSite\",\"@id\":\"https:\\\/\\\/vmsport.fi\\\/#website\",\"url\":\"https:\\\/\\\/vmsport.fi\\\/\",\"name\":\"Vmsport\",\"description\":\"Kaikki py\u00f6r\u00e4ilyyn yhdest\u00e4 paikasta\",\"publisher\":{\"@id\":\"https:\\\/\\\/vmsport.fi\\\/#organization\"},\"potentialAction\":[{\"@type\":\"SearchAction\",\"target\":{\"@type\":\"EntryPoint\",\"urlTemplate\":\"https:\\\/\\\/vmsport.fi\\\/?s={search_term_string}\"},\"query-input\":{\"@type\":\"PropertyValueSpecification\",\"valueRequired\":true,\"valueName\":\"search_term_string\"}}],\"inLanguage\":\"sv-SE\"},{\"@type\":\"Organization\",\"@id\":\"https:\\\/\\\/vmsport.fi\\\/#organization\",\"name\":\"Vmsport\",\"url\":\"https:\\\/\\\/vmsport.fi\\\/\",\"logo\":{\"@type\":\"ImageObject\",\"inLanguage\":\"sv-SE\",\"@id\":\"https:\\\/\\\/vmsport.fi\\\/#\\\/schema\\\/logo\\\/image\\\/\",\"url\":\"https:\\\/\\\/vmsport.fi\\\/wp-content\\\/uploads\\\/2024\\\/12\\\/vm_sport_RGB_horisontal-e1734526017575.png\",\"contentUrl\":\"https:\\\/\\\/vmsport.fi\\\/wp-content\\\/uploads\\\/2024\\\/12\\\/vm_sport_RGB_horisontal-e1734526017575.png\",\"width\":668,\"height\":85,\"caption\":\"Vmsport\"},\"image\":{\"@id\":\"https:\\\/\\\/vmsport.fi\\\/#\\\/schema\\\/logo\\\/image\\\/\"},\"sameAs\":[\"https:\\\/\\\/www.facebook.com\\\/Vmsport.fi\\\/\",\"https:\\\/\\\/www.instagram.com\\\/vmsport\\\/\"]}]}<\/script>\n<!-- \/ Yoast SEO plugin. -->","yoast_head_json":{"title":"Bontrager Thermal Cycling Arm Warmer - VM Sport","robots":{"index":"index","follow":"follow","max-snippet":"max-snippet:-1","max-image-preview":"max-image-preview:large","max-video-preview":"max-video-preview:-1"},"canonical":"https:\/\/vmsport.fi\/sv\/webbutik\/korutrustning\/klader\/skjorta\/bontrager-thermal-cycling-arm-warmer\/","og_locale":"sv_SE","og_type":"article","og_title":"Bontrager Thermal Cycling Arm Warmer - VM Sport","og_description":"Bontragerin l\u00e4mpim\u00e4t py\u00f6r\u00e4ilyhihat tarjoavat erinomaisen suojan viileiss\u00e4 olosuhteissa. Korkealaatuinen materiaali pit\u00e4\u00e4 l\u00e4mm\u00f6n sis\u00e4ll\u00e4 ja siirt\u00e4\u00e4 kosteuden pois, jotta olosi pysyy miellytt\u00e4v\u00e4n\u00e4 ajaessasi. Mukautuvan muotoilun ansiosta hihat istuvat t\u00e4ydellisesti, ja silikonireunukset est\u00e4v\u00e4t niit\u00e4 liukumasta paikoiltaan. Hihojen s\u00e4ilytt\u00e4minen on helppoa ja ne on helppo ottaa k\u00e4ytt\u00f6\u00f6n tarvittaessa, mik\u00e4 tekee niist\u00e4 t\u00e4ydellisen ratkaisun vaihtelevaan s\u00e4\u00e4h\u00e4n. Aerodynaaminen rakenne lis\u00e4\u00e4 [...]L\u00e4s mer \u2026 from Bontrager Thermal Cycling Arm Warmer","og_url":"https:\/\/vmsport.fi\/sv\/webbutik\/korutrustning\/klader\/skjorta\/bontrager-thermal-cycling-arm-warmer\/","og_site_name":"VM Sport","article_publisher":"https:\/\/www.facebook.com\/Vmsport.fi\/","article_modified_time":"2026-01-16T11:32:16+00:00","og_image":[{"width":1000,"height":750,"url":"https:\/\/vmsport.fi\/wp-content\/uploads\/2025\/03\/ThermalCyclingArmWarmer-25028-A-Primary-1.jpg","type":"image\/jpeg"}],"twitter_card":"summary_large_image","schema":{"@context":"https:\/\/schema.org","@graph":[{"@type":["WebPage","ItemPage"],"@id":"https:\/\/vmsport.fi\/verkkokauppa\/ajovarusteet\/vaatteet\/paidat\/bontrager-thermal-cycling-arm-warmer\/","url":"https:\/\/vmsport.fi\/verkkokauppa\/ajovarusteet\/vaatteet\/paidat\/bontrager-thermal-cycling-arm-warmer\/","name":"Bontrager Thermal Cycling Arm Warmer - VM Sport","isPartOf":{"@id":"https:\/\/vmsport.fi\/#website"},"primaryImageOfPage":{"@id":"https:\/\/vmsport.fi\/verkkokauppa\/ajovarusteet\/vaatteet\/paidat\/bontrager-thermal-cycling-arm-warmer\/#primaryimage"},"image":{"@id":"https:\/\/vmsport.fi\/verkkokauppa\/ajovarusteet\/vaatteet\/paidat\/bontrager-thermal-cycling-arm-warmer\/#primaryimage"},"thumbnailUrl":"https:\/\/vmsport.fi\/wp-content\/uploads\/2025\/03\/ThermalCyclingArmWarmer-25028-A-Primary-1.jpg","datePublished":"2025-03-05T22:03:01+00:00","dateModified":"2026-01-16T11:32:16+00:00","breadcrumb":{"@id":"https:\/\/vmsport.fi\/verkkokauppa\/ajovarusteet\/vaatteet\/paidat\/bontrager-thermal-cycling-arm-warmer\/#breadcrumb"},"inLanguage":"sv-SE","potentialAction":[{"@type":"ReadAction","target":["https:\/\/vmsport.fi\/verkkokauppa\/ajovarusteet\/vaatteet\/paidat\/bontrager-thermal-cycling-arm-warmer\/"]}]},{"@type":"ImageObject","inLanguage":"sv-SE","@id":"https:\/\/vmsport.fi\/verkkokauppa\/ajovarusteet\/vaatteet\/paidat\/bontrager-thermal-cycling-arm-warmer\/#primaryimage","url":"https:\/\/vmsport.fi\/wp-content\/uploads\/2025\/03\/ThermalCyclingArmWarmer-25028-A-Primary-1.jpg","contentUrl":"https:\/\/vmsport.fi\/wp-content\/uploads\/2025\/03\/ThermalCyclingArmWarmer-25028-A-Primary-1.jpg","width":1000,"height":750,"caption":"ThermalCyclingArmWarmer-25028-A-Primary"},{"@type":"BreadcrumbList","@id":"https:\/\/vmsport.fi\/verkkokauppa\/ajovarusteet\/vaatteet\/paidat\/bontrager-thermal-cycling-arm-warmer\/#breadcrumb","itemListElement":[{"@type":"ListItem","position":1,"name":"Etusivu","item":"https:\/\/vmsport.fi\/"},{"@type":"ListItem","position":2,"name":"Online Store","item":"https:\/\/vmsport.fi\/en\/online-store\/"},{"@type":"ListItem","position":3,"name":"Bontrager Thermal Cycling Arm Warmer"}]},{"@type":"WebSite","@id":"https:\/\/vmsport.fi\/#website","url":"https:\/\/vmsport.fi\/","name":"Vmsport","description":"Allt p\u00e5 ett st\u00e4lle f\u00f6r cykling","publisher":{"@id":"https:\/\/vmsport.fi\/#organization"},"potentialAction":[{"@type":"SearchAction","target":{"@type":"EntryPoint","urlTemplate":"https:\/\/vmsport.fi\/?s={search_term_string}"},"query-input":{"@type":"PropertyValueSpecification","valueRequired":true,"valueName":"search_term_string"}}],"inLanguage":"sv-SE"},{"@type":"Organization","@id":"https:\/\/vmsport.fi\/#organization","name":"Vmsport","url":"https:\/\/vmsport.fi\/","logo":{"@type":"ImageObject","inLanguage":"sv-SE","@id":"https:\/\/vmsport.fi\/#\/schema\/logo\/image\/","url":"https:\/\/vmsport.fi\/wp-content\/uploads\/2024\/12\/vm_sport_RGB_horisontal-e1734526017575.png","contentUrl":"https:\/\/vmsport.fi\/wp-content\/uploads\/2024\/12\/vm_sport_RGB_horisontal-e1734526017575.png","width":668,"height":85,"caption":"Vmsport"},"image":{"@id":"https:\/\/vmsport.fi\/#\/schema\/logo\/image\/"},"sameAs":["https:\/\/www.facebook.com\/Vmsport.fi\/","https:\/\/www.instagram.com\/vmsport\/"]}]}},"global_unique_id":"","_links":{"self":[{"href":"https:\/\/vmsport.fi\/sv\/wp-json\/wp\/v2\/product\/55190","targetHints":{"allow":["GET"]}}],"collection":[{"href":"https:\/\/vmsport.fi\/sv\/wp-json\/wp\/v2\/product"}],"about":[{"href":"https:\/\/vmsport.fi\/sv\/wp-json\/wp\/v2\/types\/product"}],"replies":[{"embeddable":true,"href":"https:\/\/vmsport.fi\/sv\/wp-json\/wp\/v2\/comments?post=55190"}],"wp:featuredmedia":[{"embeddable":true,"href":"https:\/\/vmsport.fi\/sv\/wp-json\/wp\/v2\/media\/55189"}],"wp:attachment":[{"href":"https:\/\/vmsport.fi\/sv\/wp-json\/wp\/v2\/media?parent=55190"}],"wp:term":[{"taxonomy":"product_brand","embeddable":true,"href":"https:\/\/vmsport.fi\/sv\/wp-json\/wp\/v2\/product_brand?post=55190"},{"taxonomy":"product_model","embeddable":true,"href":"https:\/\/vmsport.fi\/sv\/wp-json\/wp\/v2\/product_model?post=55190"},{"taxonomy":"product_cat","embeddable":true,"href":"https:\/\/vmsport.fi\/sv\/wp-json\/wp\/v2\/product_cat?post=55190"},{"taxonomy":"product_tag","embeddable":true,"href":"https:\/\/vmsport.fi\/sv\/wp-json\/wp\/v2\/product_tag?post=55190"},{"taxonomy":"industry_terminology","embeddable":true,"href":"https:\/\/vmsport.fi\/sv\/wp-json\/wp\/v2\/industry-terminology?post=55190"}],"curies":[{"name":"wp","href":"https:\/\/api.w.org\/{rel}","templated":true}]}}