{"id":55188,"date":"2025-03-06T00:02:59","date_gmt":"2025-03-05T22:02:59","guid":{"rendered":"https:\/\/vmsport.fi\/verkkokauppa\/Ei-luokiteltu\/jarrukenkasarja-r55c4-cart-type-br-7010\/"},"modified":"2026-04-22T15:05:56","modified_gmt":"2026-04-22T12:05:56","slug":"bromsspakssats-r55c4-vagntyp-br-7010","status":"publish","type":"product","link":"https:\/\/vmsport.fi\/sv\/verkkokauppa\/varaosat\/jarrut\/jarrupalat\/jarrukenkasarja-r55c4-cart-type-br-7010\/","title":{"rendered":"Bromsskosats R55C4 Vagntyp, BR-7010"},"content":{"rendered":"<p>Shimano R55C4-bromsbackssetet, som \u00e4r s\u00e4rskilt utformat f\u00f6r 105 Direct Mount-bromsar, erbjuder enast\u00e5ende prestanda. Denna unika bromsbackssats \u00e4r l\u00e4mplig f\u00f6r BR-R7010-F\/R, BR-5810-F\/R och BR-5710 och kombinerar kompatibilitet och prestanda. R55C4 som anv\u00e4nds i bromsbel\u00e4ggblandningen s\u00e4kerst\u00e4ller h\u00f6g bromsprestanda i torra f\u00f6rh\u00e5llanden och tillf\u00f6rlitlighet p\u00e5 v\u00e5ta underlag. Dessa bromsskor har en h\u00e5llbarhet p\u00e5 toppniv\u00e5, vilket g\u00f6r dem till ett utm\u00e4rkt val f\u00f6r b\u00e5de stadscykling och mountainbike, samtidigt som de skyddar f\u00e4lgens yta fr\u00e5n slitage. Den svarta f\u00e4rgen ger b\u00e5de stil och m\u00e5ngsidighet och passar ett brett utbud av rammodeller. Detta par bromsskor fr\u00e5n Shimanos 105-serie inneh\u00e5ller alla bromsbel\u00e4gg du beh\u00f6ver, k\u00e4nda f\u00f6r sin tystnad och sitt effektiva fadingskydd.<\/p>","protected":false},"excerpt":{"rendered":"<p>Shimano R55C4 jarrukenk\u00e4sarja, joka on suunniteltu erityisesti 105 Direct Mount -jarruille, tarjoaa erinomaisen suorituskyvyn. T\u00e4m\u00e4 ainutlaatuinen jarrukenk\u00e4sarja soveltuu malleille BR-R7010-F\/R, BR-5810-F\/R ja BR-5710, yhdist\u00e4en yhteensopivuuden ja tehokkuuden. Jarrupalayhdisteess\u00e4 k\u00e4ytetty R55C4 varmistaa korkean jarrutustehon kuivissa olosuhteissa ja luotettavuuden m\u00e4rill\u00e4 pinnoilla. N\u00e4iden jarrukenkien kest\u00e4vyys on huipputasoa, mik\u00e4 tekee niist\u00e4 erinomaisen valinnan niin kaupunki- kuin maastopy\u00f6r\u00e4ilyyn, samalla kun [&#8230;]<\/p>\n<p><a class=\"btn btn-secondary understrap-read-more-link\" href=\"https:\/\/vmsport.fi\/sv\/verkkokauppa\/varaosat\/jarrut\/jarrupalat\/jarrukenkasarja-r55c4-cart-type-br-7010\/\">L\u00e4s mer \u2026<span class=\"screen-reader-text\"> from Jarrukenk\u00e4sarja R55C4 Cart-type, BR-7010<\/span><\/a><\/p>\n","protected":false},"featured_media":55187,"comment_status":"open","ping_status":"closed","template":"","meta":{"_acf_changed":false,"_improvement_type_select":"improve_an_existing","_thumb_yes_seoaic":false,"_frame_yes_seoaic":false,"seoaic_generate_description":"","seoaic_improve_instructions_prompt":"","seoaic_rollback_content_improvement":"","seoaic_idea_thumbnail_generator":"","thumbnail_generated":false,"thumbnail_generate_prompt":"","seoaic_article_description":"","_supplier_stock_quantity":0},"product_brand":[],"product_model":[],"product_cat":[9288],"product_tag":[],"industry-terminology":[],"class_list":{"0":"post-55188","1":"product","2":"type-product","3":"status-publish","4":"has-post-thumbnail","6":"product_cat-jarrupalat","8":"first","9":"outofstock","10":"taxable","11":"shipping-taxable","12":"product-type-simple"},"acf":{"bike_features":null,"overview":{"copy_overview":null,"key_features":null,"statement":"","youtube_url":""}},"yoast_head":"<!-- This site is optimized with the Yoast SEO plugin v27.4 - https:\/\/yoast.com\/product\/yoast-seo-wordpress\/ -->\n<title>Jarrukenk\u00e4sarja R55C4 Cart-type, BR-7010 - VM Sport<\/title>\n<meta name=\"robots\" content=\"index, follow, max-snippet:-1, max-image-preview:large, max-video-preview:-1\" \/>\n<link rel=\"canonical\" href=\"https:\/\/vmsport.fi\/sv\/webbutik\/reservdelar\/bromsar\/bromsbelagg\/bromsspakssats-r55c4-vagntyp-br-7010\/\" \/>\n<meta property=\"og:locale\" content=\"sv_SE\" \/>\n<meta property=\"og:type\" content=\"article\" \/>\n<meta property=\"og:title\" content=\"Jarrukenk\u00e4sarja R55C4 Cart-type, BR-7010 - VM Sport\" \/>\n<meta property=\"og:description\" content=\"Shimano R55C4 jarrukenk\u00e4sarja, joka on suunniteltu erityisesti 105 Direct Mount -jarruille, tarjoaa erinomaisen suorituskyvyn. T\u00e4m\u00e4 ainutlaatuinen jarrukenk\u00e4sarja soveltuu malleille BR-R7010-F\/R, BR-5810-F\/R ja BR-5710, yhdist\u00e4en yhteensopivuuden ja tehokkuuden. Jarrupalayhdisteess\u00e4 k\u00e4ytetty R55C4 varmistaa korkean jarrutustehon kuivissa olosuhteissa ja luotettavuuden m\u00e4rill\u00e4 pinnoilla. N\u00e4iden jarrukenkien kest\u00e4vyys on huipputasoa, mik\u00e4 tekee niist\u00e4 erinomaisen valinnan niin kaupunki- kuin maastopy\u00f6r\u00e4ilyyn, samalla kun [...]L\u00e4s mer \u2026 from Jarrukenk\u00e4sarja R55C4 Cart-type, BR-7010\" \/>\n<meta property=\"og:url\" content=\"https:\/\/vmsport.fi\/sv\/webbutik\/reservdelar\/bromsar\/bromsbelagg\/bromsspakssats-r55c4-vagntyp-br-7010\/\" \/>\n<meta property=\"og:site_name\" content=\"VM Sport\" \/>\n<meta property=\"article:publisher\" content=\"https:\/\/www.facebook.com\/Vmsport.fi\/\" \/>\n<meta property=\"article:modified_time\" content=\"2026-04-22T12:05:56+00:00\" \/>\n<meta property=\"og:image\" content=\"https:\/\/vmsport.fi\/wp-content\/uploads\/2025\/03\/SOcSFRLHig1TR7mH4lzqnGnwduKSTFpvkacVDEDgs9tzWD0p7H-1.jpg\" \/>\n\t<meta property=\"og:image:width\" content=\"600\" \/>\n\t<meta property=\"og:image:height\" content=\"600\" \/>\n\t<meta property=\"og:image:type\" content=\"image\/jpeg\" \/>\n<meta name=\"twitter:card\" content=\"summary_large_image\" \/>\n<meta name=\"twitter:label1\" content=\"Ber\u00e4knad l\u00e4stid\" \/>\n\t<meta name=\"twitter:data1\" content=\"1 minut\" \/>\n<script type=\"application\/ld+json\" class=\"yoast-schema-graph\">{\"@context\":\"https:\\\/\\\/schema.org\",\"@graph\":[{\"@type\":[\"WebPage\",\"ItemPage\"],\"@id\":\"https:\\\/\\\/vmsport.fi\\\/verkkokauppa\\\/varaosat\\\/jarrut\\\/jarrupalat\\\/jarrukenkasarja-r55c4-cart-type-br-7010\\\/\",\"url\":\"https:\\\/\\\/vmsport.fi\\\/verkkokauppa\\\/varaosat\\\/jarrut\\\/jarrupalat\\\/jarrukenkasarja-r55c4-cart-type-br-7010\\\/\",\"name\":\"Jarrukenk\u00e4sarja R55C4 Cart-type, BR-7010 - VM Sport\",\"isPartOf\":{\"@id\":\"https:\\\/\\\/vmsport.fi\\\/#website\"},\"primaryImageOfPage\":{\"@id\":\"https:\\\/\\\/vmsport.fi\\\/verkkokauppa\\\/varaosat\\\/jarrut\\\/jarrupalat\\\/jarrukenkasarja-r55c4-cart-type-br-7010\\\/#primaryimage\"},\"image\":{\"@id\":\"https:\\\/\\\/vmsport.fi\\\/verkkokauppa\\\/varaosat\\\/jarrut\\\/jarrupalat\\\/jarrukenkasarja-r55c4-cart-type-br-7010\\\/#primaryimage\"},\"thumbnailUrl\":\"https:\\\/\\\/vmsport.fi\\\/wp-content\\\/uploads\\\/2025\\\/03\\\/SOcSFRLHig1TR7mH4lzqnGnwduKSTFpvkacVDEDgs9tzWD0p7H-1.jpg\",\"datePublished\":\"2025-03-05T22:02:59+00:00\",\"dateModified\":\"2026-04-22T12:05:56+00:00\",\"breadcrumb\":{\"@id\":\"https:\\\/\\\/vmsport.fi\\\/verkkokauppa\\\/varaosat\\\/jarrut\\\/jarrupalat\\\/jarrukenkasarja-r55c4-cart-type-br-7010\\\/#breadcrumb\"},\"inLanguage\":\"sv-SE\",\"potentialAction\":[{\"@type\":\"ReadAction\",\"target\":[\"https:\\\/\\\/vmsport.fi\\\/verkkokauppa\\\/varaosat\\\/jarrut\\\/jarrupalat\\\/jarrukenkasarja-r55c4-cart-type-br-7010\\\/\"]}]},{\"@type\":\"ImageObject\",\"inLanguage\":\"sv-SE\",\"@id\":\"https:\\\/\\\/vmsport.fi\\\/verkkokauppa\\\/varaosat\\\/jarrut\\\/jarrupalat\\\/jarrukenkasarja-r55c4-cart-type-br-7010\\\/#primaryimage\",\"url\":\"https:\\\/\\\/vmsport.fi\\\/wp-content\\\/uploads\\\/2025\\\/03\\\/SOcSFRLHig1TR7mH4lzqnGnwduKSTFpvkacVDEDgs9tzWD0p7H-1.jpg\",\"contentUrl\":\"https:\\\/\\\/vmsport.fi\\\/wp-content\\\/uploads\\\/2025\\\/03\\\/SOcSFRLHig1TR7mH4lzqnGnwduKSTFpvkacVDEDgs9tzWD0p7H-1.jpg\",\"width\":600,\"height\":600,\"caption\":\"SOcSFRLHig1TR7mH4lzqnGnwduKSTFpvkacVDEDgs9tzWD0p7H\"},{\"@type\":\"BreadcrumbList\",\"@id\":\"https:\\\/\\\/vmsport.fi\\\/verkkokauppa\\\/varaosat\\\/jarrut\\\/jarrupalat\\\/jarrukenkasarja-r55c4-cart-type-br-7010\\\/#breadcrumb\",\"itemListElement\":[{\"@type\":\"ListItem\",\"position\":1,\"name\":\"Etusivu\",\"item\":\"https:\\\/\\\/vmsport.fi\\\/\"},{\"@type\":\"ListItem\",\"position\":2,\"name\":\"Online Store\",\"item\":\"https:\\\/\\\/vmsport.fi\\\/en\\\/online-store\\\/\"},{\"@type\":\"ListItem\",\"position\":3,\"name\":\"Jarrukenk\u00e4sarja R55C4 Cart-type, BR-7010\"}]},{\"@type\":\"WebSite\",\"@id\":\"https:\\\/\\\/vmsport.fi\\\/#website\",\"url\":\"https:\\\/\\\/vmsport.fi\\\/\",\"name\":\"Vmsport\",\"description\":\"Kaikki py\u00f6r\u00e4ilyyn yhdest\u00e4 paikasta\",\"publisher\":{\"@id\":\"https:\\\/\\\/vmsport.fi\\\/#organization\"},\"potentialAction\":[{\"@type\":\"SearchAction\",\"target\":{\"@type\":\"EntryPoint\",\"urlTemplate\":\"https:\\\/\\\/vmsport.fi\\\/?s={search_term_string}\"},\"query-input\":{\"@type\":\"PropertyValueSpecification\",\"valueRequired\":true,\"valueName\":\"search_term_string\"}}],\"inLanguage\":\"sv-SE\"},{\"@type\":\"Organization\",\"@id\":\"https:\\\/\\\/vmsport.fi\\\/#organization\",\"name\":\"Vmsport\",\"url\":\"https:\\\/\\\/vmsport.fi\\\/\",\"logo\":{\"@type\":\"ImageObject\",\"inLanguage\":\"sv-SE\",\"@id\":\"https:\\\/\\\/vmsport.fi\\\/#\\\/schema\\\/logo\\\/image\\\/\",\"url\":\"https:\\\/\\\/vmsport.fi\\\/wp-content\\\/uploads\\\/2024\\\/12\\\/vm_sport_RGB_horisontal-e1734526017575.png\",\"contentUrl\":\"https:\\\/\\\/vmsport.fi\\\/wp-content\\\/uploads\\\/2024\\\/12\\\/vm_sport_RGB_horisontal-e1734526017575.png\",\"width\":668,\"height\":85,\"caption\":\"Vmsport\"},\"image\":{\"@id\":\"https:\\\/\\\/vmsport.fi\\\/#\\\/schema\\\/logo\\\/image\\\/\"},\"sameAs\":[\"https:\\\/\\\/www.facebook.com\\\/Vmsport.fi\\\/\",\"https:\\\/\\\/www.instagram.com\\\/vmsport\\\/\"]}]}<\/script>\n<!-- \/ Yoast SEO plugin. -->","yoast_head_json":{"title":"Bromsbackssats R55C4 Cart-typ, BR-7010 - VM Sport","robots":{"index":"index","follow":"follow","max-snippet":"max-snippet:-1","max-image-preview":"max-image-preview:large","max-video-preview":"max-video-preview:-1"},"canonical":"https:\/\/vmsport.fi\/sv\/webbutik\/reservdelar\/bromsar\/bromsbelagg\/bromsspakssats-r55c4-vagntyp-br-7010\/","og_locale":"sv_SE","og_type":"article","og_title":"Jarrukenk\u00e4sarja R55C4 Cart-type, BR-7010 - VM Sport","og_description":"Shimano R55C4 jarrukenk\u00e4sarja, joka on suunniteltu erityisesti 105 Direct Mount -jarruille, tarjoaa erinomaisen suorituskyvyn. T\u00e4m\u00e4 ainutlaatuinen jarrukenk\u00e4sarja soveltuu malleille BR-R7010-F\/R, BR-5810-F\/R ja BR-5710, yhdist\u00e4en yhteensopivuuden ja tehokkuuden. Jarrupalayhdisteess\u00e4 k\u00e4ytetty R55C4 varmistaa korkean jarrutustehon kuivissa olosuhteissa ja luotettavuuden m\u00e4rill\u00e4 pinnoilla. N\u00e4iden jarrukenkien kest\u00e4vyys on huipputasoa, mik\u00e4 tekee niist\u00e4 erinomaisen valinnan niin kaupunki- kuin maastopy\u00f6r\u00e4ilyyn, samalla kun [...]L\u00e4s mer \u2026 from Jarrukenk\u00e4sarja R55C4 Cart-type, BR-7010","og_url":"https:\/\/vmsport.fi\/sv\/webbutik\/reservdelar\/bromsar\/bromsbelagg\/bromsspakssats-r55c4-vagntyp-br-7010\/","og_site_name":"VM Sport","article_publisher":"https:\/\/www.facebook.com\/Vmsport.fi\/","article_modified_time":"2026-04-22T12:05:56+00:00","og_image":[{"width":600,"height":600,"url":"https:\/\/vmsport.fi\/wp-content\/uploads\/2025\/03\/SOcSFRLHig1TR7mH4lzqnGnwduKSTFpvkacVDEDgs9tzWD0p7H-1.jpg","type":"image\/jpeg"}],"twitter_card":"summary_large_image","twitter_misc":{"Ber\u00e4knad l\u00e4stid":"1 minut"},"schema":{"@context":"https:\/\/schema.org","@graph":[{"@type":["WebPage","ItemPage"],"@id":"https:\/\/vmsport.fi\/verkkokauppa\/varaosat\/jarrut\/jarrupalat\/jarrukenkasarja-r55c4-cart-type-br-7010\/","url":"https:\/\/vmsport.fi\/verkkokauppa\/varaosat\/jarrut\/jarrupalat\/jarrukenkasarja-r55c4-cart-type-br-7010\/","name":"Bromsbackssats R55C4 Cart-typ, BR-7010 - VM Sport","isPartOf":{"@id":"https:\/\/vmsport.fi\/#website"},"primaryImageOfPage":{"@id":"https:\/\/vmsport.fi\/verkkokauppa\/varaosat\/jarrut\/jarrupalat\/jarrukenkasarja-r55c4-cart-type-br-7010\/#primaryimage"},"image":{"@id":"https:\/\/vmsport.fi\/verkkokauppa\/varaosat\/jarrut\/jarrupalat\/jarrukenkasarja-r55c4-cart-type-br-7010\/#primaryimage"},"thumbnailUrl":"https:\/\/vmsport.fi\/wp-content\/uploads\/2025\/03\/SOcSFRLHig1TR7mH4lzqnGnwduKSTFpvkacVDEDgs9tzWD0p7H-1.jpg","datePublished":"2025-03-05T22:02:59+00:00","dateModified":"2026-04-22T12:05:56+00:00","breadcrumb":{"@id":"https:\/\/vmsport.fi\/verkkokauppa\/varaosat\/jarrut\/jarrupalat\/jarrukenkasarja-r55c4-cart-type-br-7010\/#breadcrumb"},"inLanguage":"sv-SE","potentialAction":[{"@type":"ReadAction","target":["https:\/\/vmsport.fi\/verkkokauppa\/varaosat\/jarrut\/jarrupalat\/jarrukenkasarja-r55c4-cart-type-br-7010\/"]}]},{"@type":"ImageObject","inLanguage":"sv-SE","@id":"https:\/\/vmsport.fi\/verkkokauppa\/varaosat\/jarrut\/jarrupalat\/jarrukenkasarja-r55c4-cart-type-br-7010\/#primaryimage","url":"https:\/\/vmsport.fi\/wp-content\/uploads\/2025\/03\/SOcSFRLHig1TR7mH4lzqnGnwduKSTFpvkacVDEDgs9tzWD0p7H-1.jpg","contentUrl":"https:\/\/vmsport.fi\/wp-content\/uploads\/2025\/03\/SOcSFRLHig1TR7mH4lzqnGnwduKSTFpvkacVDEDgs9tzWD0p7H-1.jpg","width":600,"height":600,"caption":"SOcSFRLHig1TR7mH4lzqnGnwduKSTFpvkacVDEDgs9tzWD0p7H"},{"@type":"BreadcrumbList","@id":"https:\/\/vmsport.fi\/verkkokauppa\/varaosat\/jarrut\/jarrupalat\/jarrukenkasarja-r55c4-cart-type-br-7010\/#breadcrumb","itemListElement":[{"@type":"ListItem","position":1,"name":"Etusivu","item":"https:\/\/vmsport.fi\/"},{"@type":"ListItem","position":2,"name":"Online Store","item":"https:\/\/vmsport.fi\/en\/online-store\/"},{"@type":"ListItem","position":3,"name":"Jarrukenk\u00e4sarja R55C4 Cart-type, BR-7010"}]},{"@type":"WebSite","@id":"https:\/\/vmsport.fi\/#website","url":"https:\/\/vmsport.fi\/","name":"Vmsport","description":"Allt p\u00e5 ett st\u00e4lle f\u00f6r cykling","publisher":{"@id":"https:\/\/vmsport.fi\/#organization"},"potentialAction":[{"@type":"SearchAction","target":{"@type":"EntryPoint","urlTemplate":"https:\/\/vmsport.fi\/?s={search_term_string}"},"query-input":{"@type":"PropertyValueSpecification","valueRequired":true,"valueName":"search_term_string"}}],"inLanguage":"sv-SE"},{"@type":"Organization","@id":"https:\/\/vmsport.fi\/#organization","name":"Vmsport","url":"https:\/\/vmsport.fi\/","logo":{"@type":"ImageObject","inLanguage":"sv-SE","@id":"https:\/\/vmsport.fi\/#\/schema\/logo\/image\/","url":"https:\/\/vmsport.fi\/wp-content\/uploads\/2024\/12\/vm_sport_RGB_horisontal-e1734526017575.png","contentUrl":"https:\/\/vmsport.fi\/wp-content\/uploads\/2024\/12\/vm_sport_RGB_horisontal-e1734526017575.png","width":668,"height":85,"caption":"Vmsport"},"image":{"@id":"https:\/\/vmsport.fi\/#\/schema\/logo\/image\/"},"sameAs":["https:\/\/www.facebook.com\/Vmsport.fi\/","https:\/\/www.instagram.com\/vmsport\/"]}]}},"global_unique_id":"","_links":{"self":[{"href":"https:\/\/vmsport.fi\/sv\/wp-json\/wp\/v2\/product\/55188","targetHints":{"allow":["GET"]}}],"collection":[{"href":"https:\/\/vmsport.fi\/sv\/wp-json\/wp\/v2\/product"}],"about":[{"href":"https:\/\/vmsport.fi\/sv\/wp-json\/wp\/v2\/types\/product"}],"replies":[{"embeddable":true,"href":"https:\/\/vmsport.fi\/sv\/wp-json\/wp\/v2\/comments?post=55188"}],"wp:featuredmedia":[{"embeddable":true,"href":"https:\/\/vmsport.fi\/sv\/wp-json\/wp\/v2\/media\/55187"}],"wp:attachment":[{"href":"https:\/\/vmsport.fi\/sv\/wp-json\/wp\/v2\/media?parent=55188"}],"wp:term":[{"taxonomy":"product_brand","embeddable":true,"href":"https:\/\/vmsport.fi\/sv\/wp-json\/wp\/v2\/product_brand?post=55188"},{"taxonomy":"product_model","embeddable":true,"href":"https:\/\/vmsport.fi\/sv\/wp-json\/wp\/v2\/product_model?post=55188"},{"taxonomy":"product_cat","embeddable":true,"href":"https:\/\/vmsport.fi\/sv\/wp-json\/wp\/v2\/product_cat?post=55188"},{"taxonomy":"product_tag","embeddable":true,"href":"https:\/\/vmsport.fi\/sv\/wp-json\/wp\/v2\/product_tag?post=55188"},{"taxonomy":"industry_terminology","embeddable":true,"href":"https:\/\/vmsport.fi\/sv\/wp-json\/wp\/v2\/industry-terminology?post=55188"}],"curies":[{"name":"wp","href":"https:\/\/api.w.org\/{rel}","templated":true}]}}