{"id":55186,"date":"2025-03-06T00:02:58","date_gmt":"2025-03-05T22:02:58","guid":{"rendered":"https:\/\/vmsport.fi\/verkkokauppa\/Ei-luokiteltu\/thule-12x15-shimano-lastenkuljetusperakarryn-lapiakseliadapteri-229mm\/"},"modified":"2026-01-16T13:22:22","modified_gmt":"2026-01-16T11:22:22","slug":"thule-12x15-shimano-lasttransport-perakarryn-paddelaxeladapter-229mm","status":"publish","type":"product","link":"https:\/\/vmsport.fi\/sv\/verkkokauppa\/tarvikkeet\/muut-oheistuotteet\/lastenistuimet-ja-vaunut\/thule-12x15-shimano-lastenkuljetusperakarryn-lapiakseliadapteri-229mm\/","title":{"rendered":"THULE 12\u00d71,5 Shimano barnvagnsadapter f\u00f6r genomg\u00e5ende axel 229 mm"},"content":{"rendered":"<p>Thule 12\u00d71,5 Shimano barnvagnsadapter f\u00f6r genomg\u00e5ende axel \u00e4r speciellt utformad f\u00f6r att s\u00e4kerst\u00e4lla kompatibilitet mellan Thule barnvagnar och cyklar utrustade med en 12 mm Shimano E-Thru bakaxel. Detta g\u00f6r den till ett utm\u00e4rkt val f\u00f6r familjer som vill transportera sina barn s\u00e4kert p\u00e5 sina cyklar. Adaptern passar flera Thule-vagnmodeller, t.ex. Thule Cadence och Thule Chariot Cab, samt andra Chariot-modeller som \u00e4r k\u00e4nda f\u00f6r sin h\u00e5llbarhet. Adaptern f\u00e4sts enkelt med en mutter, vilket g\u00f6r installationen enkel och smidig. Den borrade axeln har en diameter p\u00e5 12 mm, g\u00e4ngstigning M12x1,5 och en l\u00e4ngd p\u00e5 229 mm, vilket ger en stark och stabil anslutning. Denna kombination av tekniska egenskaper g\u00f6r produkten till ett viktigt val f\u00f6r alla som vill ansluta sin Thule-sl\u00e4pvagn till en modern cykel p\u00e5 ett s\u00e4kert s\u00e4tt.<\/p>","protected":false},"excerpt":{"rendered":"<p>Thule 12&#215;1,5 Shimano -lastenkuljetusper\u00e4k\u00e4rryn l\u00e4piakseliadapteri on erityisesti suunniteltu varmistamaan Thule-lastenkuljetusper\u00e4k\u00e4rryjen yhteensopivuus polkupy\u00f6rien kanssa, joissa on 12 mm:n Shimano E-Thru -taka-akseli. T\u00e4m\u00e4 tekee siit\u00e4 erinomaisen valinnan perheille, jotka haluavat kuljettaa lapsiaan turvallisesti py\u00f6r\u00e4illen. Adapteri sopii useisiin Thule-per\u00e4k\u00e4rrymalleihin, kuten Thule Cadence ja Thule Chariot Cab, sek\u00e4 muihin Chariot-malleihin, jotka ovat tunnettuja kest\u00e4vyydest\u00e4\u00e4n. Adapterin kiinnitys onnistuu helposti mutterilla, [&#8230;]<\/p>\n<p><a class=\"btn btn-secondary understrap-read-more-link\" href=\"https:\/\/vmsport.fi\/sv\/verkkokauppa\/tarvikkeet\/muut-oheistuotteet\/lastenistuimet-ja-vaunut\/thule-12x15-shimano-lastenkuljetusperakarryn-lapiakseliadapteri-229mm\/\">L\u00e4s mer \u2026<span class=\"screen-reader-text\"> from THULE 12&#215;1,5 Shimano -lastenkuljetusper\u00e4k\u00e4rryn l\u00e4piakseliadapteri 229mm<\/span><\/a><\/p>\n","protected":false},"featured_media":55185,"comment_status":"open","ping_status":"closed","template":"","meta":{"_acf_changed":false,"_improvement_type_select":"improve_an_existing","_thumb_yes_seoaic":false,"_frame_yes_seoaic":false,"seoaic_generate_description":"","seoaic_improve_instructions_prompt":"","seoaic_rollback_content_improvement":"","seoaic_idea_thumbnail_generator":"","thumbnail_generated":false,"thumbnail_generate_prompt":"","seoaic_article_description":"","_supplier_stock_quantity":0},"product_brand":[],"product_model":[],"product_cat":[9602],"product_tag":[],"industry-terminology":[],"class_list":{"0":"post-55186","1":"product","2":"type-product","3":"status-publish","4":"has-post-thumbnail","6":"product_cat-lastenistuimet-ja-vaunut","8":"first","9":"outofstock","10":"taxable","11":"shipping-taxable","12":"product-type-simple"},"acf":{"bike_features":null,"overview":{"copy_overview":null,"key_features":null,"statement":"","youtube_url":""}},"yoast_head":"<!-- This site is optimized with the Yoast SEO plugin v27.3 - https:\/\/yoast.com\/product\/yoast-seo-wordpress\/ -->\n<title>THULE 12x1,5 Shimano -lastenkuljetusper\u00e4k\u00e4rryn l\u00e4piakseliadapteri 229mm - VM Sport<\/title>\n<meta name=\"robots\" content=\"index, follow, max-snippet:-1, max-image-preview:large, max-video-preview:-1\" \/>\n<link rel=\"canonical\" href=\"https:\/\/vmsport.fi\/sv\/webbutik\/tillbehor\/andra-kompletterande-produkter\/barnstolar-och-barnvagnar\/thule-12x15-shimano-lasttransport-perakarryn-paddelaxeladapter-229mm\/\" \/>\n<meta property=\"og:locale\" content=\"sv_SE\" \/>\n<meta property=\"og:type\" content=\"article\" \/>\n<meta property=\"og:title\" content=\"THULE 12x1,5 Shimano -lastenkuljetusper\u00e4k\u00e4rryn l\u00e4piakseliadapteri 229mm - VM Sport\" \/>\n<meta property=\"og:description\" content=\"Thule 12&#215;1,5 Shimano -lastenkuljetusper\u00e4k\u00e4rryn l\u00e4piakseliadapteri on erityisesti suunniteltu varmistamaan Thule-lastenkuljetusper\u00e4k\u00e4rryjen yhteensopivuus polkupy\u00f6rien kanssa, joissa on 12 mm:n Shimano E-Thru -taka-akseli. T\u00e4m\u00e4 tekee siit\u00e4 erinomaisen valinnan perheille, jotka haluavat kuljettaa lapsiaan turvallisesti py\u00f6r\u00e4illen. Adapteri sopii useisiin Thule-per\u00e4k\u00e4rrymalleihin, kuten Thule Cadence ja Thule Chariot Cab, sek\u00e4 muihin Chariot-malleihin, jotka ovat tunnettuja kest\u00e4vyydest\u00e4\u00e4n. Adapterin kiinnitys onnistuu helposti mutterilla, [...]L\u00e4s mer \u2026 from THULE 12&#215;1,5 Shimano -lastenkuljetusper\u00e4k\u00e4rryn l\u00e4piakseliadapteri 229mm\" \/>\n<meta property=\"og:url\" content=\"https:\/\/vmsport.fi\/sv\/webbutik\/tillbehor\/andra-kompletterande-produkter\/barnstolar-och-barnvagnar\/thule-12x15-shimano-lasttransport-perakarryn-paddelaxeladapter-229mm\/\" \/>\n<meta property=\"og:site_name\" content=\"VM Sport\" \/>\n<meta property=\"article:publisher\" content=\"https:\/\/www.facebook.com\/Vmsport.fi\/\" \/>\n<meta property=\"article:modified_time\" content=\"2026-01-16T11:22:22+00:00\" \/>\n<meta property=\"og:image\" content=\"https:\/\/vmsport.fi\/wp-content\/uploads\/2025\/03\/thuleakseli-3-1.jpg\" \/>\n\t<meta property=\"og:image:width\" content=\"900\" \/>\n\t<meta property=\"og:image:height\" content=\"595\" \/>\n\t<meta property=\"og:image:type\" content=\"image\/jpeg\" \/>\n<meta name=\"twitter:card\" content=\"summary_large_image\" \/>\n<meta name=\"twitter:label1\" content=\"Ber\u00e4knad l\u00e4stid\" \/>\n\t<meta name=\"twitter:data1\" content=\"1 minut\" \/>\n<script type=\"application\/ld+json\" class=\"yoast-schema-graph\">{\"@context\":\"https:\\\/\\\/schema.org\",\"@graph\":[{\"@type\":[\"WebPage\",\"ItemPage\"],\"@id\":\"https:\\\/\\\/vmsport.fi\\\/verkkokauppa\\\/tarvikkeet\\\/muut-oheistuotteet\\\/lastenistuimet-ja-vaunut\\\/thule-12x15-shimano-lastenkuljetusperakarryn-lapiakseliadapteri-229mm\\\/\",\"url\":\"https:\\\/\\\/vmsport.fi\\\/verkkokauppa\\\/tarvikkeet\\\/muut-oheistuotteet\\\/lastenistuimet-ja-vaunut\\\/thule-12x15-shimano-lastenkuljetusperakarryn-lapiakseliadapteri-229mm\\\/\",\"name\":\"THULE 12x1,5 Shimano -lastenkuljetusper\u00e4k\u00e4rryn l\u00e4piakseliadapteri 229mm - VM Sport\",\"isPartOf\":{\"@id\":\"https:\\\/\\\/vmsport.fi\\\/#website\"},\"primaryImageOfPage\":{\"@id\":\"https:\\\/\\\/vmsport.fi\\\/verkkokauppa\\\/tarvikkeet\\\/muut-oheistuotteet\\\/lastenistuimet-ja-vaunut\\\/thule-12x15-shimano-lastenkuljetusperakarryn-lapiakseliadapteri-229mm\\\/#primaryimage\"},\"image\":{\"@id\":\"https:\\\/\\\/vmsport.fi\\\/verkkokauppa\\\/tarvikkeet\\\/muut-oheistuotteet\\\/lastenistuimet-ja-vaunut\\\/thule-12x15-shimano-lastenkuljetusperakarryn-lapiakseliadapteri-229mm\\\/#primaryimage\"},\"thumbnailUrl\":\"https:\\\/\\\/vmsport.fi\\\/wp-content\\\/uploads\\\/2025\\\/03\\\/thuleakseli-3-1.jpg\",\"datePublished\":\"2025-03-05T22:02:58+00:00\",\"dateModified\":\"2026-01-16T11:22:22+00:00\",\"breadcrumb\":{\"@id\":\"https:\\\/\\\/vmsport.fi\\\/verkkokauppa\\\/tarvikkeet\\\/muut-oheistuotteet\\\/lastenistuimet-ja-vaunut\\\/thule-12x15-shimano-lastenkuljetusperakarryn-lapiakseliadapteri-229mm\\\/#breadcrumb\"},\"inLanguage\":\"sv-SE\",\"potentialAction\":[{\"@type\":\"ReadAction\",\"target\":[\"https:\\\/\\\/vmsport.fi\\\/verkkokauppa\\\/tarvikkeet\\\/muut-oheistuotteet\\\/lastenistuimet-ja-vaunut\\\/thule-12x15-shimano-lastenkuljetusperakarryn-lapiakseliadapteri-229mm\\\/\"]}]},{\"@type\":\"ImageObject\",\"inLanguage\":\"sv-SE\",\"@id\":\"https:\\\/\\\/vmsport.fi\\\/verkkokauppa\\\/tarvikkeet\\\/muut-oheistuotteet\\\/lastenistuimet-ja-vaunut\\\/thule-12x15-shimano-lastenkuljetusperakarryn-lapiakseliadapteri-229mm\\\/#primaryimage\",\"url\":\"https:\\\/\\\/vmsport.fi\\\/wp-content\\\/uploads\\\/2025\\\/03\\\/thuleakseli-3-1.jpg\",\"contentUrl\":\"https:\\\/\\\/vmsport.fi\\\/wp-content\\\/uploads\\\/2025\\\/03\\\/thuleakseli-3-1.jpg\",\"width\":900,\"height\":595,\"caption\":\"thuleakseli-3\"},{\"@type\":\"BreadcrumbList\",\"@id\":\"https:\\\/\\\/vmsport.fi\\\/verkkokauppa\\\/tarvikkeet\\\/muut-oheistuotteet\\\/lastenistuimet-ja-vaunut\\\/thule-12x15-shimano-lastenkuljetusperakarryn-lapiakseliadapteri-229mm\\\/#breadcrumb\",\"itemListElement\":[{\"@type\":\"ListItem\",\"position\":1,\"name\":\"Etusivu\",\"item\":\"https:\\\/\\\/vmsport.fi\\\/\"},{\"@type\":\"ListItem\",\"position\":2,\"name\":\"Online Store\",\"item\":\"https:\\\/\\\/vmsport.fi\\\/en\\\/online-store\\\/\"},{\"@type\":\"ListItem\",\"position\":3,\"name\":\"THULE 12&#215;1,5 Shimano -lastenkuljetusper\u00e4k\u00e4rryn l\u00e4piakseliadapteri 229mm\"}]},{\"@type\":\"WebSite\",\"@id\":\"https:\\\/\\\/vmsport.fi\\\/#website\",\"url\":\"https:\\\/\\\/vmsport.fi\\\/\",\"name\":\"Vmsport\",\"description\":\"Kaikki py\u00f6r\u00e4ilyyn yhdest\u00e4 paikasta\",\"publisher\":{\"@id\":\"https:\\\/\\\/vmsport.fi\\\/#organization\"},\"potentialAction\":[{\"@type\":\"SearchAction\",\"target\":{\"@type\":\"EntryPoint\",\"urlTemplate\":\"https:\\\/\\\/vmsport.fi\\\/?s={search_term_string}\"},\"query-input\":{\"@type\":\"PropertyValueSpecification\",\"valueRequired\":true,\"valueName\":\"search_term_string\"}}],\"inLanguage\":\"sv-SE\"},{\"@type\":\"Organization\",\"@id\":\"https:\\\/\\\/vmsport.fi\\\/#organization\",\"name\":\"Vmsport\",\"url\":\"https:\\\/\\\/vmsport.fi\\\/\",\"logo\":{\"@type\":\"ImageObject\",\"inLanguage\":\"sv-SE\",\"@id\":\"https:\\\/\\\/vmsport.fi\\\/#\\\/schema\\\/logo\\\/image\\\/\",\"url\":\"https:\\\/\\\/vmsport.fi\\\/wp-content\\\/uploads\\\/2024\\\/12\\\/vm_sport_RGB_horisontal-e1734526017575.png\",\"contentUrl\":\"https:\\\/\\\/vmsport.fi\\\/wp-content\\\/uploads\\\/2024\\\/12\\\/vm_sport_RGB_horisontal-e1734526017575.png\",\"width\":668,\"height\":85,\"caption\":\"Vmsport\"},\"image\":{\"@id\":\"https:\\\/\\\/vmsport.fi\\\/#\\\/schema\\\/logo\\\/image\\\/\"},\"sameAs\":[\"https:\\\/\\\/www.facebook.com\\\/Vmsport.fi\\\/\",\"https:\\\/\\\/www.instagram.com\\\/vmsport\\\/\"]}]}<\/script>\n<!-- \/ Yoast SEO plugin. -->","yoast_head_json":{"title":"THULE 12x1,5 Shimano barnvagnsadapter f\u00f6r genomg\u00e5ende axel 229 mm - VM Sport","robots":{"index":"index","follow":"follow","max-snippet":"max-snippet:-1","max-image-preview":"max-image-preview:large","max-video-preview":"max-video-preview:-1"},"canonical":"https:\/\/vmsport.fi\/sv\/webbutik\/tillbehor\/andra-kompletterande-produkter\/barnstolar-och-barnvagnar\/thule-12x15-shimano-lasttransport-perakarryn-paddelaxeladapter-229mm\/","og_locale":"sv_SE","og_type":"article","og_title":"THULE 12x1,5 Shimano -lastenkuljetusper\u00e4k\u00e4rryn l\u00e4piakseliadapteri 229mm - VM Sport","og_description":"Thule 12&#215;1,5 Shimano -lastenkuljetusper\u00e4k\u00e4rryn l\u00e4piakseliadapteri on erityisesti suunniteltu varmistamaan Thule-lastenkuljetusper\u00e4k\u00e4rryjen yhteensopivuus polkupy\u00f6rien kanssa, joissa on 12 mm:n Shimano E-Thru -taka-akseli. T\u00e4m\u00e4 tekee siit\u00e4 erinomaisen valinnan perheille, jotka haluavat kuljettaa lapsiaan turvallisesti py\u00f6r\u00e4illen. Adapteri sopii useisiin Thule-per\u00e4k\u00e4rrymalleihin, kuten Thule Cadence ja Thule Chariot Cab, sek\u00e4 muihin Chariot-malleihin, jotka ovat tunnettuja kest\u00e4vyydest\u00e4\u00e4n. Adapterin kiinnitys onnistuu helposti mutterilla, [...]L\u00e4s mer \u2026 from THULE 12&#215;1,5 Shimano -lastenkuljetusper\u00e4k\u00e4rryn l\u00e4piakseliadapteri 229mm","og_url":"https:\/\/vmsport.fi\/sv\/webbutik\/tillbehor\/andra-kompletterande-produkter\/barnstolar-och-barnvagnar\/thule-12x15-shimano-lasttransport-perakarryn-paddelaxeladapter-229mm\/","og_site_name":"VM Sport","article_publisher":"https:\/\/www.facebook.com\/Vmsport.fi\/","article_modified_time":"2026-01-16T11:22:22+00:00","og_image":[{"width":900,"height":595,"url":"https:\/\/vmsport.fi\/wp-content\/uploads\/2025\/03\/thuleakseli-3-1.jpg","type":"image\/jpeg"}],"twitter_card":"summary_large_image","twitter_misc":{"Ber\u00e4knad l\u00e4stid":"1 minut"},"schema":{"@context":"https:\/\/schema.org","@graph":[{"@type":["WebPage","ItemPage"],"@id":"https:\/\/vmsport.fi\/verkkokauppa\/tarvikkeet\/muut-oheistuotteet\/lastenistuimet-ja-vaunut\/thule-12x15-shimano-lastenkuljetusperakarryn-lapiakseliadapteri-229mm\/","url":"https:\/\/vmsport.fi\/verkkokauppa\/tarvikkeet\/muut-oheistuotteet\/lastenistuimet-ja-vaunut\/thule-12x15-shimano-lastenkuljetusperakarryn-lapiakseliadapteri-229mm\/","name":"THULE 12x1,5 Shimano barnvagnsadapter f\u00f6r genomg\u00e5ende axel 229 mm - VM Sport","isPartOf":{"@id":"https:\/\/vmsport.fi\/#website"},"primaryImageOfPage":{"@id":"https:\/\/vmsport.fi\/verkkokauppa\/tarvikkeet\/muut-oheistuotteet\/lastenistuimet-ja-vaunut\/thule-12x15-shimano-lastenkuljetusperakarryn-lapiakseliadapteri-229mm\/#primaryimage"},"image":{"@id":"https:\/\/vmsport.fi\/verkkokauppa\/tarvikkeet\/muut-oheistuotteet\/lastenistuimet-ja-vaunut\/thule-12x15-shimano-lastenkuljetusperakarryn-lapiakseliadapteri-229mm\/#primaryimage"},"thumbnailUrl":"https:\/\/vmsport.fi\/wp-content\/uploads\/2025\/03\/thuleakseli-3-1.jpg","datePublished":"2025-03-05T22:02:58+00:00","dateModified":"2026-01-16T11:22:22+00:00","breadcrumb":{"@id":"https:\/\/vmsport.fi\/verkkokauppa\/tarvikkeet\/muut-oheistuotteet\/lastenistuimet-ja-vaunut\/thule-12x15-shimano-lastenkuljetusperakarryn-lapiakseliadapteri-229mm\/#breadcrumb"},"inLanguage":"sv-SE","potentialAction":[{"@type":"ReadAction","target":["https:\/\/vmsport.fi\/verkkokauppa\/tarvikkeet\/muut-oheistuotteet\/lastenistuimet-ja-vaunut\/thule-12x15-shimano-lastenkuljetusperakarryn-lapiakseliadapteri-229mm\/"]}]},{"@type":"ImageObject","inLanguage":"sv-SE","@id":"https:\/\/vmsport.fi\/verkkokauppa\/tarvikkeet\/muut-oheistuotteet\/lastenistuimet-ja-vaunut\/thule-12x15-shimano-lastenkuljetusperakarryn-lapiakseliadapteri-229mm\/#primaryimage","url":"https:\/\/vmsport.fi\/wp-content\/uploads\/2025\/03\/thuleakseli-3-1.jpg","contentUrl":"https:\/\/vmsport.fi\/wp-content\/uploads\/2025\/03\/thuleakseli-3-1.jpg","width":900,"height":595,"caption":"thuleakseli-3"},{"@type":"BreadcrumbList","@id":"https:\/\/vmsport.fi\/verkkokauppa\/tarvikkeet\/muut-oheistuotteet\/lastenistuimet-ja-vaunut\/thule-12x15-shimano-lastenkuljetusperakarryn-lapiakseliadapteri-229mm\/#breadcrumb","itemListElement":[{"@type":"ListItem","position":1,"name":"Etusivu","item":"https:\/\/vmsport.fi\/"},{"@type":"ListItem","position":2,"name":"Online Store","item":"https:\/\/vmsport.fi\/en\/online-store\/"},{"@type":"ListItem","position":3,"name":"THULE 12&#215;1,5 Shimano -lastenkuljetusper\u00e4k\u00e4rryn l\u00e4piakseliadapteri 229mm"}]},{"@type":"WebSite","@id":"https:\/\/vmsport.fi\/#website","url":"https:\/\/vmsport.fi\/","name":"Vmsport","description":"Allt p\u00e5 ett st\u00e4lle f\u00f6r cykling","publisher":{"@id":"https:\/\/vmsport.fi\/#organization"},"potentialAction":[{"@type":"SearchAction","target":{"@type":"EntryPoint","urlTemplate":"https:\/\/vmsport.fi\/?s={search_term_string}"},"query-input":{"@type":"PropertyValueSpecification","valueRequired":true,"valueName":"search_term_string"}}],"inLanguage":"sv-SE"},{"@type":"Organization","@id":"https:\/\/vmsport.fi\/#organization","name":"Vmsport","url":"https:\/\/vmsport.fi\/","logo":{"@type":"ImageObject","inLanguage":"sv-SE","@id":"https:\/\/vmsport.fi\/#\/schema\/logo\/image\/","url":"https:\/\/vmsport.fi\/wp-content\/uploads\/2024\/12\/vm_sport_RGB_horisontal-e1734526017575.png","contentUrl":"https:\/\/vmsport.fi\/wp-content\/uploads\/2024\/12\/vm_sport_RGB_horisontal-e1734526017575.png","width":668,"height":85,"caption":"Vmsport"},"image":{"@id":"https:\/\/vmsport.fi\/#\/schema\/logo\/image\/"},"sameAs":["https:\/\/www.facebook.com\/Vmsport.fi\/","https:\/\/www.instagram.com\/vmsport\/"]}]}},"global_unique_id":"","_links":{"self":[{"href":"https:\/\/vmsport.fi\/sv\/wp-json\/wp\/v2\/product\/55186","targetHints":{"allow":["GET"]}}],"collection":[{"href":"https:\/\/vmsport.fi\/sv\/wp-json\/wp\/v2\/product"}],"about":[{"href":"https:\/\/vmsport.fi\/sv\/wp-json\/wp\/v2\/types\/product"}],"replies":[{"embeddable":true,"href":"https:\/\/vmsport.fi\/sv\/wp-json\/wp\/v2\/comments?post=55186"}],"wp:featuredmedia":[{"embeddable":true,"href":"https:\/\/vmsport.fi\/sv\/wp-json\/wp\/v2\/media\/55185"}],"wp:attachment":[{"href":"https:\/\/vmsport.fi\/sv\/wp-json\/wp\/v2\/media?parent=55186"}],"wp:term":[{"taxonomy":"product_brand","embeddable":true,"href":"https:\/\/vmsport.fi\/sv\/wp-json\/wp\/v2\/product_brand?post=55186"},{"taxonomy":"product_model","embeddable":true,"href":"https:\/\/vmsport.fi\/sv\/wp-json\/wp\/v2\/product_model?post=55186"},{"taxonomy":"product_cat","embeddable":true,"href":"https:\/\/vmsport.fi\/sv\/wp-json\/wp\/v2\/product_cat?post=55186"},{"taxonomy":"product_tag","embeddable":true,"href":"https:\/\/vmsport.fi\/sv\/wp-json\/wp\/v2\/product_tag?post=55186"},{"taxonomy":"industry_terminology","embeddable":true,"href":"https:\/\/vmsport.fi\/sv\/wp-json\/wp\/v2\/industry-terminology?post=55186"}],"curies":[{"name":"wp","href":"https:\/\/api.w.org\/{rel}","templated":true}]}}