{"id":55184,"date":"2025-03-06T00:02:58","date_gmt":"2025-03-05T22:02:58","guid":{"rendered":"https:\/\/vmsport.fi\/verkkokauppa\/Ei-luokiteltu\/shimano-bottom-bracket-es25octalink-113x68mm\/"},"modified":"2026-04-22T15:05:04","modified_gmt":"2026-04-22T12:05:04","slug":"shimano-bottom-bracket-es25octalink-113x68mm","status":"publish","type":"product","link":"https:\/\/vmsport.fi\/sv\/verkkokauppa\/varaosat\/voimansiirto\/keskiolaakerit\/shimano-bottom-bracket-es25octalink-113x68mm\/","title":{"rendered":"SHIMANO bottenf\u00e4ste ES25Octalink 113x68mm"},"content":{"rendered":"<p>Shimano ES25 -keski\u00f6, jossa on Octalink-liit\u00e4nt\u00e4, tarjoaa py\u00f6r\u00e4ilij\u00f6ille kest\u00e4v\u00e4n ja tehokkaan voimansiirron. Se on suunniteltu sek\u00e4 maantie- ett\u00e4 maastopy\u00f6rille, mik\u00e4 mahdollistaa sujuvan ja luotettavan polkemisen. Keski\u00f6n akselin pituus on 113 mm ja keski\u00f6kuoren leveys 68 mm, joten se sopii monenlaisiin kampisarjoihin. Sen monipuolisuus tekee siit\u00e4 erinomaisen valinnan py\u00f6r\u00e4ilij\u00f6ille, jotka arvostavat yhteensopivuutta ja suorituskyky\u00e4 eri py\u00f6r\u00e4ilylajeissa.<\/p>","protected":false},"excerpt":{"rendered":"<p>Shimano ES25 -keski\u00f6, jossa on Octalink-liit\u00e4nt\u00e4, tarjoaa py\u00f6r\u00e4ilij\u00f6ille kest\u00e4v\u00e4n ja tehokkaan voimansiirron. Se on suunniteltu sek\u00e4 maantie- ett\u00e4 maastopy\u00f6rille, mik\u00e4 mahdollistaa sujuvan ja luotettavan polkemisen. Keski\u00f6n akselin pituus on 113 mm ja keski\u00f6kuoren leveys 68 mm, joten se sopii monenlaisiin kampisarjoihin. Sen monipuolisuus tekee siit\u00e4 erinomaisen valinnan py\u00f6r\u00e4ilij\u00f6ille, jotka arvostavat yhteensopivuutta ja suorituskyky\u00e4 eri py\u00f6r\u00e4ilylajeissa. [&#8230;]<\/p>\n<p><a class=\"btn btn-secondary understrap-read-more-link\" href=\"https:\/\/vmsport.fi\/sv\/verkkokauppa\/varaosat\/voimansiirto\/keskiolaakerit\/shimano-bottom-bracket-es25octalink-113x68mm\/\">L\u00e4s mer \u2026<span class=\"screen-reader-text\"> from SHIMANO Bottom Bracket ES25Octalink 113x68mm<\/span><\/a><\/p>\n","protected":false},"featured_media":55183,"comment_status":"open","ping_status":"closed","template":"","meta":{"_acf_changed":false,"_improvement_type_select":"improve_an_existing","_thumb_yes_seoaic":false,"_frame_yes_seoaic":false,"seoaic_generate_description":"","seoaic_improve_instructions_prompt":"","seoaic_rollback_content_improvement":"","seoaic_idea_thumbnail_generator":"","thumbnail_generated":false,"thumbnail_generate_prompt":"","seoaic_article_description":"","_supplier_stock_quantity":0},"product_brand":[],"product_model":[],"product_cat":[9350],"product_tag":[],"industry-terminology":[],"class_list":{"0":"post-55184","1":"product","2":"type-product","3":"status-publish","4":"has-post-thumbnail","6":"product_cat-keskiolaakerit","8":"first","9":"instock","10":"taxable","11":"shipping-taxable","12":"purchasable","13":"product-type-simple"},"acf":{"bike_features":null,"overview":{"copy_overview":null,"key_features":null,"statement":"","youtube_url":""}},"yoast_head":"<!-- This site is optimized with the Yoast SEO plugin v27.4 - https:\/\/yoast.com\/product\/yoast-seo-wordpress\/ -->\n<title>SHIMANO Bottom Bracket ES25Octalink 113x68mm - VM Sport<\/title>\n<meta name=\"robots\" content=\"index, follow, max-snippet:-1, max-image-preview:large, max-video-preview:-1\" \/>\n<link rel=\"canonical\" href=\"https:\/\/vmsport.fi\/sv\/webbutik\/reservdelar\/transmission\/mittlager\/shimano-bottom-bracket-es25octalink-113x68mm\/\" \/>\n<meta property=\"og:locale\" content=\"sv_SE\" \/>\n<meta property=\"og:type\" content=\"article\" \/>\n<meta property=\"og:title\" content=\"SHIMANO Bottom Bracket ES25Octalink 113x68mm - VM Sport\" \/>\n<meta property=\"og:description\" content=\"Shimano ES25 -keski\u00f6, jossa on Octalink-liit\u00e4nt\u00e4, tarjoaa py\u00f6r\u00e4ilij\u00f6ille kest\u00e4v\u00e4n ja tehokkaan voimansiirron. Se on suunniteltu sek\u00e4 maantie- ett\u00e4 maastopy\u00f6rille, mik\u00e4 mahdollistaa sujuvan ja luotettavan polkemisen. Keski\u00f6n akselin pituus on 113 mm ja keski\u00f6kuoren leveys 68 mm, joten se sopii monenlaisiin kampisarjoihin. Sen monipuolisuus tekee siit\u00e4 erinomaisen valinnan py\u00f6r\u00e4ilij\u00f6ille, jotka arvostavat yhteensopivuutta ja suorituskyky\u00e4 eri py\u00f6r\u00e4ilylajeissa. [...]L\u00e4s mer \u2026 from SHIMANO Bottom Bracket ES25Octalink 113x68mm\" \/>\n<meta property=\"og:url\" content=\"https:\/\/vmsport.fi\/sv\/webbutik\/reservdelar\/transmission\/mittlager\/shimano-bottom-bracket-es25octalink-113x68mm\/\" \/>\n<meta property=\"og:site_name\" content=\"VM Sport\" \/>\n<meta property=\"article:publisher\" content=\"https:\/\/www.facebook.com\/Vmsport.fi\/\" \/>\n<meta property=\"article:modified_time\" content=\"2026-04-22T12:05:04+00:00\" \/>\n<meta property=\"og:image\" content=\"https:\/\/vmsport.fi\/wp-content\/uploads\/2025\/03\/photo-20837-1.jpg\" \/>\n\t<meta property=\"og:image:width\" content=\"480\" \/>\n\t<meta property=\"og:image:height\" content=\"480\" \/>\n\t<meta property=\"og:image:type\" content=\"image\/jpeg\" \/>\n<meta name=\"twitter:card\" content=\"summary_large_image\" \/>\n<script type=\"application\/ld+json\" class=\"yoast-schema-graph\">{\"@context\":\"https:\\\/\\\/schema.org\",\"@graph\":[{\"@type\":[\"WebPage\",\"ItemPage\"],\"@id\":\"https:\\\/\\\/vmsport.fi\\\/verkkokauppa\\\/varaosat\\\/voimansiirto\\\/keskiolaakerit\\\/shimano-bottom-bracket-es25octalink-113x68mm\\\/\",\"url\":\"https:\\\/\\\/vmsport.fi\\\/verkkokauppa\\\/varaosat\\\/voimansiirto\\\/keskiolaakerit\\\/shimano-bottom-bracket-es25octalink-113x68mm\\\/\",\"name\":\"SHIMANO Bottom Bracket ES25Octalink 113x68mm - VM Sport\",\"isPartOf\":{\"@id\":\"https:\\\/\\\/vmsport.fi\\\/#website\"},\"primaryImageOfPage\":{\"@id\":\"https:\\\/\\\/vmsport.fi\\\/verkkokauppa\\\/varaosat\\\/voimansiirto\\\/keskiolaakerit\\\/shimano-bottom-bracket-es25octalink-113x68mm\\\/#primaryimage\"},\"image\":{\"@id\":\"https:\\\/\\\/vmsport.fi\\\/verkkokauppa\\\/varaosat\\\/voimansiirto\\\/keskiolaakerit\\\/shimano-bottom-bracket-es25octalink-113x68mm\\\/#primaryimage\"},\"thumbnailUrl\":\"https:\\\/\\\/vmsport.fi\\\/wp-content\\\/uploads\\\/2025\\\/03\\\/photo-20837-1.jpg\",\"datePublished\":\"2025-03-05T22:02:58+00:00\",\"dateModified\":\"2026-04-22T12:05:04+00:00\",\"breadcrumb\":{\"@id\":\"https:\\\/\\\/vmsport.fi\\\/verkkokauppa\\\/varaosat\\\/voimansiirto\\\/keskiolaakerit\\\/shimano-bottom-bracket-es25octalink-113x68mm\\\/#breadcrumb\"},\"inLanguage\":\"sv-SE\",\"potentialAction\":[{\"@type\":\"ReadAction\",\"target\":[\"https:\\\/\\\/vmsport.fi\\\/verkkokauppa\\\/varaosat\\\/voimansiirto\\\/keskiolaakerit\\\/shimano-bottom-bracket-es25octalink-113x68mm\\\/\"]}]},{\"@type\":\"ImageObject\",\"inLanguage\":\"sv-SE\",\"@id\":\"https:\\\/\\\/vmsport.fi\\\/verkkokauppa\\\/varaosat\\\/voimansiirto\\\/keskiolaakerit\\\/shimano-bottom-bracket-es25octalink-113x68mm\\\/#primaryimage\",\"url\":\"https:\\\/\\\/vmsport.fi\\\/wp-content\\\/uploads\\\/2025\\\/03\\\/photo-20837-1.jpg\",\"contentUrl\":\"https:\\\/\\\/vmsport.fi\\\/wp-content\\\/uploads\\\/2025\\\/03\\\/photo-20837-1.jpg\",\"width\":480,\"height\":480,\"caption\":\"photo-20837\"},{\"@type\":\"BreadcrumbList\",\"@id\":\"https:\\\/\\\/vmsport.fi\\\/verkkokauppa\\\/varaosat\\\/voimansiirto\\\/keskiolaakerit\\\/shimano-bottom-bracket-es25octalink-113x68mm\\\/#breadcrumb\",\"itemListElement\":[{\"@type\":\"ListItem\",\"position\":1,\"name\":\"Etusivu\",\"item\":\"https:\\\/\\\/vmsport.fi\\\/\"},{\"@type\":\"ListItem\",\"position\":2,\"name\":\"Online Store\",\"item\":\"https:\\\/\\\/vmsport.fi\\\/en\\\/online-store\\\/\"},{\"@type\":\"ListItem\",\"position\":3,\"name\":\"SHIMANO Bottom Bracket ES25Octalink 113x68mm\"}]},{\"@type\":\"WebSite\",\"@id\":\"https:\\\/\\\/vmsport.fi\\\/#website\",\"url\":\"https:\\\/\\\/vmsport.fi\\\/\",\"name\":\"Vmsport\",\"description\":\"Kaikki py\u00f6r\u00e4ilyyn yhdest\u00e4 paikasta\",\"publisher\":{\"@id\":\"https:\\\/\\\/vmsport.fi\\\/#organization\"},\"potentialAction\":[{\"@type\":\"SearchAction\",\"target\":{\"@type\":\"EntryPoint\",\"urlTemplate\":\"https:\\\/\\\/vmsport.fi\\\/?s={search_term_string}\"},\"query-input\":{\"@type\":\"PropertyValueSpecification\",\"valueRequired\":true,\"valueName\":\"search_term_string\"}}],\"inLanguage\":\"sv-SE\"},{\"@type\":\"Organization\",\"@id\":\"https:\\\/\\\/vmsport.fi\\\/#organization\",\"name\":\"Vmsport\",\"url\":\"https:\\\/\\\/vmsport.fi\\\/\",\"logo\":{\"@type\":\"ImageObject\",\"inLanguage\":\"sv-SE\",\"@id\":\"https:\\\/\\\/vmsport.fi\\\/#\\\/schema\\\/logo\\\/image\\\/\",\"url\":\"https:\\\/\\\/vmsport.fi\\\/wp-content\\\/uploads\\\/2024\\\/12\\\/vm_sport_RGB_horisontal-e1734526017575.png\",\"contentUrl\":\"https:\\\/\\\/vmsport.fi\\\/wp-content\\\/uploads\\\/2024\\\/12\\\/vm_sport_RGB_horisontal-e1734526017575.png\",\"width\":668,\"height\":85,\"caption\":\"Vmsport\"},\"image\":{\"@id\":\"https:\\\/\\\/vmsport.fi\\\/#\\\/schema\\\/logo\\\/image\\\/\"},\"sameAs\":[\"https:\\\/\\\/www.facebook.com\\\/Vmsport.fi\\\/\",\"https:\\\/\\\/www.instagram.com\\\/vmsport\\\/\"]}]}<\/script>\n<!-- \/ Yoast SEO plugin. -->","yoast_head_json":{"title":"SHIMANO Bottom Bracket ES25Octalink 113x68mm - VM Sport","robots":{"index":"index","follow":"follow","max-snippet":"max-snippet:-1","max-image-preview":"max-image-preview:large","max-video-preview":"max-video-preview:-1"},"canonical":"https:\/\/vmsport.fi\/sv\/webbutik\/reservdelar\/transmission\/mittlager\/shimano-bottom-bracket-es25octalink-113x68mm\/","og_locale":"sv_SE","og_type":"article","og_title":"SHIMANO Bottom Bracket ES25Octalink 113x68mm - VM Sport","og_description":"Shimano ES25 -keski\u00f6, jossa on Octalink-liit\u00e4nt\u00e4, tarjoaa py\u00f6r\u00e4ilij\u00f6ille kest\u00e4v\u00e4n ja tehokkaan voimansiirron. Se on suunniteltu sek\u00e4 maantie- ett\u00e4 maastopy\u00f6rille, mik\u00e4 mahdollistaa sujuvan ja luotettavan polkemisen. Keski\u00f6n akselin pituus on 113 mm ja keski\u00f6kuoren leveys 68 mm, joten se sopii monenlaisiin kampisarjoihin. Sen monipuolisuus tekee siit\u00e4 erinomaisen valinnan py\u00f6r\u00e4ilij\u00f6ille, jotka arvostavat yhteensopivuutta ja suorituskyky\u00e4 eri py\u00f6r\u00e4ilylajeissa. [...]L\u00e4s mer \u2026 from SHIMANO Bottom Bracket ES25Octalink 113x68mm","og_url":"https:\/\/vmsport.fi\/sv\/webbutik\/reservdelar\/transmission\/mittlager\/shimano-bottom-bracket-es25octalink-113x68mm\/","og_site_name":"VM Sport","article_publisher":"https:\/\/www.facebook.com\/Vmsport.fi\/","article_modified_time":"2026-04-22T12:05:04+00:00","og_image":[{"width":480,"height":480,"url":"https:\/\/vmsport.fi\/wp-content\/uploads\/2025\/03\/photo-20837-1.jpg","type":"image\/jpeg"}],"twitter_card":"summary_large_image","schema":{"@context":"https:\/\/schema.org","@graph":[{"@type":["WebPage","ItemPage"],"@id":"https:\/\/vmsport.fi\/verkkokauppa\/varaosat\/voimansiirto\/keskiolaakerit\/shimano-bottom-bracket-es25octalink-113x68mm\/","url":"https:\/\/vmsport.fi\/verkkokauppa\/varaosat\/voimansiirto\/keskiolaakerit\/shimano-bottom-bracket-es25octalink-113x68mm\/","name":"SHIMANO Bottom Bracket ES25Octalink 113x68mm - VM Sport","isPartOf":{"@id":"https:\/\/vmsport.fi\/#website"},"primaryImageOfPage":{"@id":"https:\/\/vmsport.fi\/verkkokauppa\/varaosat\/voimansiirto\/keskiolaakerit\/shimano-bottom-bracket-es25octalink-113x68mm\/#primaryimage"},"image":{"@id":"https:\/\/vmsport.fi\/verkkokauppa\/varaosat\/voimansiirto\/keskiolaakerit\/shimano-bottom-bracket-es25octalink-113x68mm\/#primaryimage"},"thumbnailUrl":"https:\/\/vmsport.fi\/wp-content\/uploads\/2025\/03\/photo-20837-1.jpg","datePublished":"2025-03-05T22:02:58+00:00","dateModified":"2026-04-22T12:05:04+00:00","breadcrumb":{"@id":"https:\/\/vmsport.fi\/verkkokauppa\/varaosat\/voimansiirto\/keskiolaakerit\/shimano-bottom-bracket-es25octalink-113x68mm\/#breadcrumb"},"inLanguage":"sv-SE","potentialAction":[{"@type":"ReadAction","target":["https:\/\/vmsport.fi\/verkkokauppa\/varaosat\/voimansiirto\/keskiolaakerit\/shimano-bottom-bracket-es25octalink-113x68mm\/"]}]},{"@type":"ImageObject","inLanguage":"sv-SE","@id":"https:\/\/vmsport.fi\/verkkokauppa\/varaosat\/voimansiirto\/keskiolaakerit\/shimano-bottom-bracket-es25octalink-113x68mm\/#primaryimage","url":"https:\/\/vmsport.fi\/wp-content\/uploads\/2025\/03\/photo-20837-1.jpg","contentUrl":"https:\/\/vmsport.fi\/wp-content\/uploads\/2025\/03\/photo-20837-1.jpg","width":480,"height":480,"caption":"photo-20837"},{"@type":"BreadcrumbList","@id":"https:\/\/vmsport.fi\/verkkokauppa\/varaosat\/voimansiirto\/keskiolaakerit\/shimano-bottom-bracket-es25octalink-113x68mm\/#breadcrumb","itemListElement":[{"@type":"ListItem","position":1,"name":"Etusivu","item":"https:\/\/vmsport.fi\/"},{"@type":"ListItem","position":2,"name":"Online Store","item":"https:\/\/vmsport.fi\/en\/online-store\/"},{"@type":"ListItem","position":3,"name":"SHIMANO Bottom Bracket ES25Octalink 113x68mm"}]},{"@type":"WebSite","@id":"https:\/\/vmsport.fi\/#website","url":"https:\/\/vmsport.fi\/","name":"Vmsport","description":"Allt p\u00e5 ett st\u00e4lle f\u00f6r cykling","publisher":{"@id":"https:\/\/vmsport.fi\/#organization"},"potentialAction":[{"@type":"SearchAction","target":{"@type":"EntryPoint","urlTemplate":"https:\/\/vmsport.fi\/?s={search_term_string}"},"query-input":{"@type":"PropertyValueSpecification","valueRequired":true,"valueName":"search_term_string"}}],"inLanguage":"sv-SE"},{"@type":"Organization","@id":"https:\/\/vmsport.fi\/#organization","name":"Vmsport","url":"https:\/\/vmsport.fi\/","logo":{"@type":"ImageObject","inLanguage":"sv-SE","@id":"https:\/\/vmsport.fi\/#\/schema\/logo\/image\/","url":"https:\/\/vmsport.fi\/wp-content\/uploads\/2024\/12\/vm_sport_RGB_horisontal-e1734526017575.png","contentUrl":"https:\/\/vmsport.fi\/wp-content\/uploads\/2024\/12\/vm_sport_RGB_horisontal-e1734526017575.png","width":668,"height":85,"caption":"Vmsport"},"image":{"@id":"https:\/\/vmsport.fi\/#\/schema\/logo\/image\/"},"sameAs":["https:\/\/www.facebook.com\/Vmsport.fi\/","https:\/\/www.instagram.com\/vmsport\/"]}]}},"global_unique_id":"","_links":{"self":[{"href":"https:\/\/vmsport.fi\/sv\/wp-json\/wp\/v2\/product\/55184","targetHints":{"allow":["GET"]}}],"collection":[{"href":"https:\/\/vmsport.fi\/sv\/wp-json\/wp\/v2\/product"}],"about":[{"href":"https:\/\/vmsport.fi\/sv\/wp-json\/wp\/v2\/types\/product"}],"replies":[{"embeddable":true,"href":"https:\/\/vmsport.fi\/sv\/wp-json\/wp\/v2\/comments?post=55184"}],"wp:featuredmedia":[{"embeddable":true,"href":"https:\/\/vmsport.fi\/sv\/wp-json\/wp\/v2\/media\/55183"}],"wp:attachment":[{"href":"https:\/\/vmsport.fi\/sv\/wp-json\/wp\/v2\/media?parent=55184"}],"wp:term":[{"taxonomy":"product_brand","embeddable":true,"href":"https:\/\/vmsport.fi\/sv\/wp-json\/wp\/v2\/product_brand?post=55184"},{"taxonomy":"product_model","embeddable":true,"href":"https:\/\/vmsport.fi\/sv\/wp-json\/wp\/v2\/product_model?post=55184"},{"taxonomy":"product_cat","embeddable":true,"href":"https:\/\/vmsport.fi\/sv\/wp-json\/wp\/v2\/product_cat?post=55184"},{"taxonomy":"product_tag","embeddable":true,"href":"https:\/\/vmsport.fi\/sv\/wp-json\/wp\/v2\/product_tag?post=55184"},{"taxonomy":"industry_terminology","embeddable":true,"href":"https:\/\/vmsport.fi\/sv\/wp-json\/wp\/v2\/industry-terminology?post=55184"}],"curies":[{"name":"wp","href":"https:\/\/api.w.org\/{rel}","templated":true}]}}