{"id":55182,"date":"2025-03-06T00:02:57","date_gmt":"2025-03-05T22:02:57","guid":{"rendered":"https:\/\/vmsport.fi\/verkkokauppa\/Ei-luokiteltu\/levyjarrupala-saint-d02s-metalli-br-m810\/"},"modified":"2026-01-16T13:20:56","modified_gmt":"2026-01-16T11:20:56","slug":"skivbromsbelagg-saint-d02s-metal-br-m810","status":"publish","type":"product","link":"https:\/\/vmsport.fi\/sv\/verkkokauppa\/varaosat\/jarrut\/jarrupalat\/levyjarrupala-saint-d02s-metalli-br-m810\/","title":{"rendered":"Skivbromsbel\u00e4gg Saint D02S metall, BR-M810"},"content":{"rendered":"<p>Metallskivbromsbel\u00e4gget Saint D02S \u00e4r en h\u00f6gkvalitativ och h\u00e5llbar del, speciellt utformad f\u00f6r l\u00e5ng livsl\u00e4ngd och idealisk f\u00f6r elcyklar. Denna Shimano-komponent ger tillf\u00f6rlitlig bromsprestanda med mjuk bromsning och l\u00e5ga ljudniv\u00e5er. Dess exceptionella h\u00e5llbarhet och f\u00f6rm\u00e5ga att motst\u00e5 h\u00f6ga temperaturer s\u00e4kerst\u00e4ller konsekvent prestanda \u00e4ven under kr\u00e4vande f\u00f6rh\u00e5llanden. Skivbromsbel\u00e4gget \u00e4r l\u00e4mpligt f\u00f6r Shimano SAINT, ZEE och m\u00e5nga andra Shimano-modeller, inklusive XT och SLX, s\u00e4rskilt f\u00f6r skivbromssystem med fyra kolvar. Denna del garanterar anv\u00e4ndaren l\u00e5ng livsl\u00e4ngd och effektiv bromsprestanda under alla k\u00f6rf\u00f6rh\u00e5llanden.<\/p>","protected":false},"excerpt":{"rendered":"<p>Metallinen levyjarrupala Saint D02S on laadukas ja kest\u00e4v\u00e4 osa, joka on suunniteltu erityisesti pitk\u00e4ik\u00e4iseen k\u00e4ytt\u00f6\u00f6n ja soveltuu erinomaisesti s\u00e4hk\u00f6py\u00f6riin. T\u00e4m\u00e4 Shimano-komponentti tarjoaa luotettavan jarrutustehon tasaisissa jarrutuksissa ja alhaisella melutasolla. Sen poikkeuksellinen kest\u00e4vyys ja kyky siet\u00e4\u00e4 korkeita l\u00e4mp\u00f6tiloja varmistavat tasaisen suorituskyvyn vaativissakin olosuhteissa. Levyjarrupala sopii Shimano SAINT-, ZEE- ja useisiin muihin Shimano-malleihin, kuten XT ja SLX, [&#8230;]<\/p>\n<p><a class=\"btn btn-secondary understrap-read-more-link\" href=\"https:\/\/vmsport.fi\/sv\/verkkokauppa\/varaosat\/jarrut\/jarrupalat\/levyjarrupala-saint-d02s-metalli-br-m810\/\">L\u00e4s mer \u2026<span class=\"screen-reader-text\"> from Levyjarrupala Saint D02S metalli, BR-M810<\/span><\/a><\/p>\n","protected":false},"featured_media":55181,"comment_status":"open","ping_status":"closed","template":"","meta":{"_acf_changed":false,"_improvement_type_select":"improve_an_existing","_thumb_yes_seoaic":false,"_frame_yes_seoaic":false,"seoaic_generate_description":"","seoaic_improve_instructions_prompt":"","seoaic_rollback_content_improvement":"","seoaic_idea_thumbnail_generator":"","thumbnail_generated":false,"thumbnail_generate_prompt":"","seoaic_article_description":"","_supplier_stock_quantity":0},"product_brand":[],"product_model":[],"product_cat":[9288],"product_tag":[],"industry-terminology":[],"class_list":{"0":"post-55182","1":"product","2":"type-product","3":"status-publish","4":"has-post-thumbnail","6":"product_cat-jarrupalat","8":"first","9":"instock","10":"taxable","11":"shipping-taxable","12":"purchasable","13":"product-type-simple"},"acf":{"bike_features":null,"overview":{"copy_overview":null,"key_features":null,"statement":"","youtube_url":""}},"yoast_head":"<!-- This site is optimized with the Yoast SEO plugin v27.3 - https:\/\/yoast.com\/product\/yoast-seo-wordpress\/ -->\n<title>Levyjarrupala Saint D02S metalli, BR-M810 - VM Sport<\/title>\n<meta name=\"robots\" content=\"index, follow, max-snippet:-1, max-image-preview:large, max-video-preview:-1\" \/>\n<link rel=\"canonical\" href=\"https:\/\/vmsport.fi\/sv\/webbutik\/reservdelar\/bromsar\/bromsbelagg\/skivbromsbelagg-saint-d02s-metal-br-m810\/\" \/>\n<meta property=\"og:locale\" content=\"sv_SE\" \/>\n<meta property=\"og:type\" content=\"article\" \/>\n<meta property=\"og:title\" content=\"Levyjarrupala Saint D02S metalli, BR-M810 - VM Sport\" \/>\n<meta property=\"og:description\" content=\"Metallinen levyjarrupala Saint D02S on laadukas ja kest\u00e4v\u00e4 osa, joka on suunniteltu erityisesti pitk\u00e4ik\u00e4iseen k\u00e4ytt\u00f6\u00f6n ja soveltuu erinomaisesti s\u00e4hk\u00f6py\u00f6riin. T\u00e4m\u00e4 Shimano-komponentti tarjoaa luotettavan jarrutustehon tasaisissa jarrutuksissa ja alhaisella melutasolla. Sen poikkeuksellinen kest\u00e4vyys ja kyky siet\u00e4\u00e4 korkeita l\u00e4mp\u00f6tiloja varmistavat tasaisen suorituskyvyn vaativissakin olosuhteissa. Levyjarrupala sopii Shimano SAINT-, ZEE- ja useisiin muihin Shimano-malleihin, kuten XT ja SLX, [...]L\u00e4s mer \u2026 from Levyjarrupala Saint D02S metalli, BR-M810\" \/>\n<meta property=\"og:url\" content=\"https:\/\/vmsport.fi\/sv\/webbutik\/reservdelar\/bromsar\/bromsbelagg\/skivbromsbelagg-saint-d02s-metal-br-m810\/\" \/>\n<meta property=\"og:site_name\" content=\"VM Sport\" \/>\n<meta property=\"article:publisher\" content=\"https:\/\/www.facebook.com\/Vmsport.fi\/\" \/>\n<meta property=\"article:modified_time\" content=\"2026-01-16T11:20:56+00:00\" \/>\n<meta property=\"og:image\" content=\"https:\/\/vmsport.fi\/wp-content\/uploads\/2025\/03\/CNssdrjgbgWEA4aOX3q2vbtw5WApkGC5yh8otfnvYzTSWh0Qv1-1.jpg\" \/>\n\t<meta property=\"og:image:width\" content=\"600\" \/>\n\t<meta property=\"og:image:height\" content=\"600\" \/>\n\t<meta property=\"og:image:type\" content=\"image\/jpeg\" \/>\n<meta name=\"twitter:card\" content=\"summary_large_image\" \/>\n<script type=\"application\/ld+json\" class=\"yoast-schema-graph\">{\"@context\":\"https:\\\/\\\/schema.org\",\"@graph\":[{\"@type\":[\"WebPage\",\"ItemPage\"],\"@id\":\"https:\\\/\\\/vmsport.fi\\\/verkkokauppa\\\/varaosat\\\/jarrut\\\/jarrupalat\\\/levyjarrupala-saint-d02s-metalli-br-m810\\\/\",\"url\":\"https:\\\/\\\/vmsport.fi\\\/verkkokauppa\\\/varaosat\\\/jarrut\\\/jarrupalat\\\/levyjarrupala-saint-d02s-metalli-br-m810\\\/\",\"name\":\"Levyjarrupala Saint D02S metalli, BR-M810 - VM Sport\",\"isPartOf\":{\"@id\":\"https:\\\/\\\/vmsport.fi\\\/#website\"},\"primaryImageOfPage\":{\"@id\":\"https:\\\/\\\/vmsport.fi\\\/verkkokauppa\\\/varaosat\\\/jarrut\\\/jarrupalat\\\/levyjarrupala-saint-d02s-metalli-br-m810\\\/#primaryimage\"},\"image\":{\"@id\":\"https:\\\/\\\/vmsport.fi\\\/verkkokauppa\\\/varaosat\\\/jarrut\\\/jarrupalat\\\/levyjarrupala-saint-d02s-metalli-br-m810\\\/#primaryimage\"},\"thumbnailUrl\":\"https:\\\/\\\/vmsport.fi\\\/wp-content\\\/uploads\\\/2025\\\/03\\\/CNssdrjgbgWEA4aOX3q2vbtw5WApkGC5yh8otfnvYzTSWh0Qv1-1.jpg\",\"datePublished\":\"2025-03-05T22:02:57+00:00\",\"dateModified\":\"2026-01-16T11:20:56+00:00\",\"breadcrumb\":{\"@id\":\"https:\\\/\\\/vmsport.fi\\\/verkkokauppa\\\/varaosat\\\/jarrut\\\/jarrupalat\\\/levyjarrupala-saint-d02s-metalli-br-m810\\\/#breadcrumb\"},\"inLanguage\":\"sv-SE\",\"potentialAction\":[{\"@type\":\"ReadAction\",\"target\":[\"https:\\\/\\\/vmsport.fi\\\/verkkokauppa\\\/varaosat\\\/jarrut\\\/jarrupalat\\\/levyjarrupala-saint-d02s-metalli-br-m810\\\/\"]}]},{\"@type\":\"ImageObject\",\"inLanguage\":\"sv-SE\",\"@id\":\"https:\\\/\\\/vmsport.fi\\\/verkkokauppa\\\/varaosat\\\/jarrut\\\/jarrupalat\\\/levyjarrupala-saint-d02s-metalli-br-m810\\\/#primaryimage\",\"url\":\"https:\\\/\\\/vmsport.fi\\\/wp-content\\\/uploads\\\/2025\\\/03\\\/CNssdrjgbgWEA4aOX3q2vbtw5WApkGC5yh8otfnvYzTSWh0Qv1-1.jpg\",\"contentUrl\":\"https:\\\/\\\/vmsport.fi\\\/wp-content\\\/uploads\\\/2025\\\/03\\\/CNssdrjgbgWEA4aOX3q2vbtw5WApkGC5yh8otfnvYzTSWh0Qv1-1.jpg\",\"width\":600,\"height\":600,\"caption\":\"CNssdrjgbgWEA4aOX3q2vbtw5WApkGC5yh8otfnvYzTSWh0Qv1\"},{\"@type\":\"BreadcrumbList\",\"@id\":\"https:\\\/\\\/vmsport.fi\\\/verkkokauppa\\\/varaosat\\\/jarrut\\\/jarrupalat\\\/levyjarrupala-saint-d02s-metalli-br-m810\\\/#breadcrumb\",\"itemListElement\":[{\"@type\":\"ListItem\",\"position\":1,\"name\":\"Etusivu\",\"item\":\"https:\\\/\\\/vmsport.fi\\\/\"},{\"@type\":\"ListItem\",\"position\":2,\"name\":\"Online Store\",\"item\":\"https:\\\/\\\/vmsport.fi\\\/en\\\/online-store\\\/\"},{\"@type\":\"ListItem\",\"position\":3,\"name\":\"Levyjarrupala Saint D02S metalli, BR-M810\"}]},{\"@type\":\"WebSite\",\"@id\":\"https:\\\/\\\/vmsport.fi\\\/#website\",\"url\":\"https:\\\/\\\/vmsport.fi\\\/\",\"name\":\"Vmsport\",\"description\":\"Kaikki py\u00f6r\u00e4ilyyn yhdest\u00e4 paikasta\",\"publisher\":{\"@id\":\"https:\\\/\\\/vmsport.fi\\\/#organization\"},\"potentialAction\":[{\"@type\":\"SearchAction\",\"target\":{\"@type\":\"EntryPoint\",\"urlTemplate\":\"https:\\\/\\\/vmsport.fi\\\/?s={search_term_string}\"},\"query-input\":{\"@type\":\"PropertyValueSpecification\",\"valueRequired\":true,\"valueName\":\"search_term_string\"}}],\"inLanguage\":\"sv-SE\"},{\"@type\":\"Organization\",\"@id\":\"https:\\\/\\\/vmsport.fi\\\/#organization\",\"name\":\"Vmsport\",\"url\":\"https:\\\/\\\/vmsport.fi\\\/\",\"logo\":{\"@type\":\"ImageObject\",\"inLanguage\":\"sv-SE\",\"@id\":\"https:\\\/\\\/vmsport.fi\\\/#\\\/schema\\\/logo\\\/image\\\/\",\"url\":\"https:\\\/\\\/vmsport.fi\\\/wp-content\\\/uploads\\\/2024\\\/12\\\/vm_sport_RGB_horisontal-e1734526017575.png\",\"contentUrl\":\"https:\\\/\\\/vmsport.fi\\\/wp-content\\\/uploads\\\/2024\\\/12\\\/vm_sport_RGB_horisontal-e1734526017575.png\",\"width\":668,\"height\":85,\"caption\":\"Vmsport\"},\"image\":{\"@id\":\"https:\\\/\\\/vmsport.fi\\\/#\\\/schema\\\/logo\\\/image\\\/\"},\"sameAs\":[\"https:\\\/\\\/www.facebook.com\\\/Vmsport.fi\\\/\",\"https:\\\/\\\/www.instagram.com\\\/vmsport\\\/\"]}]}<\/script>\n<!-- \/ Yoast SEO plugin. -->","yoast_head_json":{"title":"Skivbromsbel\u00e4gg Saint D02S metall, BR-M810 - VM Sport","robots":{"index":"index","follow":"follow","max-snippet":"max-snippet:-1","max-image-preview":"max-image-preview:large","max-video-preview":"max-video-preview:-1"},"canonical":"https:\/\/vmsport.fi\/sv\/webbutik\/reservdelar\/bromsar\/bromsbelagg\/skivbromsbelagg-saint-d02s-metal-br-m810\/","og_locale":"sv_SE","og_type":"article","og_title":"Levyjarrupala Saint D02S metalli, BR-M810 - VM Sport","og_description":"Metallinen levyjarrupala Saint D02S on laadukas ja kest\u00e4v\u00e4 osa, joka on suunniteltu erityisesti pitk\u00e4ik\u00e4iseen k\u00e4ytt\u00f6\u00f6n ja soveltuu erinomaisesti s\u00e4hk\u00f6py\u00f6riin. T\u00e4m\u00e4 Shimano-komponentti tarjoaa luotettavan jarrutustehon tasaisissa jarrutuksissa ja alhaisella melutasolla. Sen poikkeuksellinen kest\u00e4vyys ja kyky siet\u00e4\u00e4 korkeita l\u00e4mp\u00f6tiloja varmistavat tasaisen suorituskyvyn vaativissakin olosuhteissa. Levyjarrupala sopii Shimano SAINT-, ZEE- ja useisiin muihin Shimano-malleihin, kuten XT ja SLX, [...]L\u00e4s mer \u2026 from Levyjarrupala Saint D02S metalli, BR-M810","og_url":"https:\/\/vmsport.fi\/sv\/webbutik\/reservdelar\/bromsar\/bromsbelagg\/skivbromsbelagg-saint-d02s-metal-br-m810\/","og_site_name":"VM Sport","article_publisher":"https:\/\/www.facebook.com\/Vmsport.fi\/","article_modified_time":"2026-01-16T11:20:56+00:00","og_image":[{"width":600,"height":600,"url":"https:\/\/vmsport.fi\/wp-content\/uploads\/2025\/03\/CNssdrjgbgWEA4aOX3q2vbtw5WApkGC5yh8otfnvYzTSWh0Qv1-1.jpg","type":"image\/jpeg"}],"twitter_card":"summary_large_image","schema":{"@context":"https:\/\/schema.org","@graph":[{"@type":["WebPage","ItemPage"],"@id":"https:\/\/vmsport.fi\/verkkokauppa\/varaosat\/jarrut\/jarrupalat\/levyjarrupala-saint-d02s-metalli-br-m810\/","url":"https:\/\/vmsport.fi\/verkkokauppa\/varaosat\/jarrut\/jarrupalat\/levyjarrupala-saint-d02s-metalli-br-m810\/","name":"Skivbromsbel\u00e4gg Saint D02S metall, BR-M810 - VM Sport","isPartOf":{"@id":"https:\/\/vmsport.fi\/#website"},"primaryImageOfPage":{"@id":"https:\/\/vmsport.fi\/verkkokauppa\/varaosat\/jarrut\/jarrupalat\/levyjarrupala-saint-d02s-metalli-br-m810\/#primaryimage"},"image":{"@id":"https:\/\/vmsport.fi\/verkkokauppa\/varaosat\/jarrut\/jarrupalat\/levyjarrupala-saint-d02s-metalli-br-m810\/#primaryimage"},"thumbnailUrl":"https:\/\/vmsport.fi\/wp-content\/uploads\/2025\/03\/CNssdrjgbgWEA4aOX3q2vbtw5WApkGC5yh8otfnvYzTSWh0Qv1-1.jpg","datePublished":"2025-03-05T22:02:57+00:00","dateModified":"2026-01-16T11:20:56+00:00","breadcrumb":{"@id":"https:\/\/vmsport.fi\/verkkokauppa\/varaosat\/jarrut\/jarrupalat\/levyjarrupala-saint-d02s-metalli-br-m810\/#breadcrumb"},"inLanguage":"sv-SE","potentialAction":[{"@type":"ReadAction","target":["https:\/\/vmsport.fi\/verkkokauppa\/varaosat\/jarrut\/jarrupalat\/levyjarrupala-saint-d02s-metalli-br-m810\/"]}]},{"@type":"ImageObject","inLanguage":"sv-SE","@id":"https:\/\/vmsport.fi\/verkkokauppa\/varaosat\/jarrut\/jarrupalat\/levyjarrupala-saint-d02s-metalli-br-m810\/#primaryimage","url":"https:\/\/vmsport.fi\/wp-content\/uploads\/2025\/03\/CNssdrjgbgWEA4aOX3q2vbtw5WApkGC5yh8otfnvYzTSWh0Qv1-1.jpg","contentUrl":"https:\/\/vmsport.fi\/wp-content\/uploads\/2025\/03\/CNssdrjgbgWEA4aOX3q2vbtw5WApkGC5yh8otfnvYzTSWh0Qv1-1.jpg","width":600,"height":600,"caption":"CNssdrjgbgWEA4aOX3q2vbtw5WApkGC5yh8otfnvYzTSWh0Qv1"},{"@type":"BreadcrumbList","@id":"https:\/\/vmsport.fi\/verkkokauppa\/varaosat\/jarrut\/jarrupalat\/levyjarrupala-saint-d02s-metalli-br-m810\/#breadcrumb","itemListElement":[{"@type":"ListItem","position":1,"name":"Etusivu","item":"https:\/\/vmsport.fi\/"},{"@type":"ListItem","position":2,"name":"Online Store","item":"https:\/\/vmsport.fi\/en\/online-store\/"},{"@type":"ListItem","position":3,"name":"Levyjarrupala Saint D02S metalli, BR-M810"}]},{"@type":"WebSite","@id":"https:\/\/vmsport.fi\/#website","url":"https:\/\/vmsport.fi\/","name":"Vmsport","description":"Allt p\u00e5 ett st\u00e4lle f\u00f6r cykling","publisher":{"@id":"https:\/\/vmsport.fi\/#organization"},"potentialAction":[{"@type":"SearchAction","target":{"@type":"EntryPoint","urlTemplate":"https:\/\/vmsport.fi\/?s={search_term_string}"},"query-input":{"@type":"PropertyValueSpecification","valueRequired":true,"valueName":"search_term_string"}}],"inLanguage":"sv-SE"},{"@type":"Organization","@id":"https:\/\/vmsport.fi\/#organization","name":"Vmsport","url":"https:\/\/vmsport.fi\/","logo":{"@type":"ImageObject","inLanguage":"sv-SE","@id":"https:\/\/vmsport.fi\/#\/schema\/logo\/image\/","url":"https:\/\/vmsport.fi\/wp-content\/uploads\/2024\/12\/vm_sport_RGB_horisontal-e1734526017575.png","contentUrl":"https:\/\/vmsport.fi\/wp-content\/uploads\/2024\/12\/vm_sport_RGB_horisontal-e1734526017575.png","width":668,"height":85,"caption":"Vmsport"},"image":{"@id":"https:\/\/vmsport.fi\/#\/schema\/logo\/image\/"},"sameAs":["https:\/\/www.facebook.com\/Vmsport.fi\/","https:\/\/www.instagram.com\/vmsport\/"]}]}},"global_unique_id":"","_links":{"self":[{"href":"https:\/\/vmsport.fi\/sv\/wp-json\/wp\/v2\/product\/55182","targetHints":{"allow":["GET"]}}],"collection":[{"href":"https:\/\/vmsport.fi\/sv\/wp-json\/wp\/v2\/product"}],"about":[{"href":"https:\/\/vmsport.fi\/sv\/wp-json\/wp\/v2\/types\/product"}],"replies":[{"embeddable":true,"href":"https:\/\/vmsport.fi\/sv\/wp-json\/wp\/v2\/comments?post=55182"}],"wp:featuredmedia":[{"embeddable":true,"href":"https:\/\/vmsport.fi\/sv\/wp-json\/wp\/v2\/media\/55181"}],"wp:attachment":[{"href":"https:\/\/vmsport.fi\/sv\/wp-json\/wp\/v2\/media?parent=55182"}],"wp:term":[{"taxonomy":"product_brand","embeddable":true,"href":"https:\/\/vmsport.fi\/sv\/wp-json\/wp\/v2\/product_brand?post=55182"},{"taxonomy":"product_model","embeddable":true,"href":"https:\/\/vmsport.fi\/sv\/wp-json\/wp\/v2\/product_model?post=55182"},{"taxonomy":"product_cat","embeddable":true,"href":"https:\/\/vmsport.fi\/sv\/wp-json\/wp\/v2\/product_cat?post=55182"},{"taxonomy":"product_tag","embeddable":true,"href":"https:\/\/vmsport.fi\/sv\/wp-json\/wp\/v2\/product_tag?post=55182"},{"taxonomy":"industry_terminology","embeddable":true,"href":"https:\/\/vmsport.fi\/sv\/wp-json\/wp\/v2\/industry-terminology?post=55182"}],"curies":[{"name":"wp","href":"https:\/\/api.w.org\/{rel}","templated":true}]}}