{"id":55168,"date":"2025-03-06T00:02:48","date_gmt":"2025-03-05T22:02:48","guid":{"rendered":"https:\/\/vmsport.fi\/verkkokauppa\/Ei-luokiteltu\/s-blade-rear-clip-on-mudguard-28\/"},"modified":"2026-01-16T13:21:53","modified_gmt":"2026-01-16T11:21:53","slug":"s-blade-bakre-stankskarm-med-clips-28","status":"publish","type":"product","link":"https:\/\/vmsport.fi\/sv\/verkkokauppa\/tarvikkeet\/lokasuojat\/takalokasuojat\/s-blade-rear-clip-on-mudguard-28\/","title":{"rendered":"S-Blade bakre st\u00e4nkskydd med clips 28\u2033"},"content":{"rendered":"<p>S-Blade st\u00e4nksk\u00e4rm f\u00f6r 28-tums cyklar \u00e4r det perfekta valet n\u00e4r du vill f\u00e4sta st\u00e4nksk\u00e4rmen snabbt och enkelt. Den l\u00e4tta, str\u00f6mlinjeformade designen minskar luftmotst\u00e5ndet samtidigt som den h\u00e5ller cykeln ren fr\u00e5n st\u00e4nk. Det slitstarka materialet s\u00e4kerst\u00e4ller att st\u00e4nksk\u00e4rmen h\u00e5ller l\u00e4nge, \u00e4ven under aktiv anv\u00e4ndning. Den l\u00e4ttanv\u00e4nda f\u00e4stmekanismen g\u00f6r installationen snabb och enkel, vilket \u00e4r s\u00e4rskilt anv\u00e4ndbart vid varierande v\u00e4derf\u00f6rh\u00e5llanden.<\/p>","protected":false},"excerpt":{"rendered":"<p>S-Blade-takapikalokasuoja 28-tuumaiselle py\u00f6r\u00e4lle on ihanteellinen valinta, kun haluat kiinnitt\u00e4\u00e4 suojan nopeasti ja vaivattomasti. Sen kevyt ja virtaviivainen muotoilu v\u00e4hent\u00e4\u00e4 ilmanvastusta, ja samalla se pit\u00e4\u00e4 py\u00f6r\u00e4si puhtaana roiskeilta. Kest\u00e4v\u00e4 materiaali varmistaa, ett\u00e4 lokasuoja kest\u00e4\u00e4 pitk\u00e4\u00e4n aktiivisessakin k\u00e4yt\u00f6ss\u00e4. Helppok\u00e4ytt\u00f6inen kiinnitysmekanismi tekee asennuksesta nopeaa ja vaivatonta, mik\u00e4 on erityisen hy\u00f6dyllist\u00e4 vaihtelevissa s\u00e4\u00e4olosuhteissa. [&#8230;]<\/p>\n<p><a class=\"btn btn-secondary understrap-read-more-link\" href=\"https:\/\/vmsport.fi\/sv\/verkkokauppa\/tarvikkeet\/lokasuojat\/takalokasuojat\/s-blade-rear-clip-on-mudguard-28\/\">L\u00e4s mer \u2026<span class=\"screen-reader-text\"> from S-Blade rear clip-on mudguard 28&#8243;<\/span><\/a><\/p>\n","protected":false},"featured_media":55166,"comment_status":"open","ping_status":"closed","template":"","meta":{"_acf_changed":false,"_improvement_type_select":"improve_an_existing","_thumb_yes_seoaic":false,"_frame_yes_seoaic":false,"seoaic_generate_description":"","seoaic_improve_instructions_prompt":"","seoaic_rollback_content_improvement":"","seoaic_idea_thumbnail_generator":"","thumbnail_generated":false,"thumbnail_generate_prompt":"","seoaic_article_description":"","_supplier_stock_quantity":0},"product_brand":[],"product_model":[],"product_cat":[9572],"product_tag":[],"industry-terminology":[],"class_list":{"0":"post-55168","1":"product","2":"type-product","3":"status-publish","4":"has-post-thumbnail","6":"product_cat-takalokasuojat","8":"first","9":"outofstock","10":"taxable","11":"shipping-taxable","12":"product-type-simple"},"acf":{"bike_features":null,"overview":{"copy_overview":null,"key_features":null,"statement":"","youtube_url":""}},"yoast_head":"<!-- This site is optimized with the Yoast SEO plugin v27.4 - https:\/\/yoast.com\/product\/yoast-seo-wordpress\/ -->\n<title>S-Blade rear clip-on mudguard 28&quot; - VM Sport<\/title>\n<meta name=\"robots\" content=\"index, follow, max-snippet:-1, max-image-preview:large, max-video-preview:-1\" \/>\n<link rel=\"canonical\" href=\"https:\/\/vmsport.fi\/sv\/webbutik\/tillbehor\/stankskarmar\/bakre-stankskarmar\/s-blade-bakre-stankskarm-med-clips-28\/\" \/>\n<meta property=\"og:locale\" content=\"sv_SE\" \/>\n<meta property=\"og:type\" content=\"article\" \/>\n<meta property=\"og:title\" content=\"S-Blade rear clip-on mudguard 28&quot; - VM Sport\" \/>\n<meta property=\"og:description\" content=\"S-Blade-takapikalokasuoja 28-tuumaiselle py\u00f6r\u00e4lle on ihanteellinen valinta, kun haluat kiinnitt\u00e4\u00e4 suojan nopeasti ja vaivattomasti. Sen kevyt ja virtaviivainen muotoilu v\u00e4hent\u00e4\u00e4 ilmanvastusta, ja samalla se pit\u00e4\u00e4 py\u00f6r\u00e4si puhtaana roiskeilta. Kest\u00e4v\u00e4 materiaali varmistaa, ett\u00e4 lokasuoja kest\u00e4\u00e4 pitk\u00e4\u00e4n aktiivisessakin k\u00e4yt\u00f6ss\u00e4. Helppok\u00e4ytt\u00f6inen kiinnitysmekanismi tekee asennuksesta nopeaa ja vaivatonta, mik\u00e4 on erityisen hy\u00f6dyllist\u00e4 vaihtelevissa s\u00e4\u00e4olosuhteissa. [...]L\u00e4s mer \u2026 from S-Blade rear clip-on mudguard 28&#8243;\" \/>\n<meta property=\"og:url\" content=\"https:\/\/vmsport.fi\/sv\/webbutik\/tillbehor\/stankskarmar\/bakre-stankskarmar\/s-blade-bakre-stankskarm-med-clips-28\/\" \/>\n<meta property=\"og:site_name\" content=\"VM Sport\" \/>\n<meta property=\"article:publisher\" content=\"https:\/\/www.facebook.com\/Vmsport.fi\/\" \/>\n<meta property=\"article:modified_time\" content=\"2026-01-16T11:21:53+00:00\" \/>\n<meta property=\"og:image\" content=\"https:\/\/vmsport.fi\/wp-content\/uploads\/2025\/03\/11093-2-1.jpg\" \/>\n\t<meta property=\"og:image:width\" content=\"800\" \/>\n\t<meta property=\"og:image:height\" content=\"800\" \/>\n\t<meta property=\"og:image:type\" content=\"image\/jpeg\" \/>\n<meta name=\"twitter:card\" content=\"summary_large_image\" \/>\n<script type=\"application\/ld+json\" class=\"yoast-schema-graph\">{\"@context\":\"https:\\\/\\\/schema.org\",\"@graph\":[{\"@type\":[\"WebPage\",\"ItemPage\"],\"@id\":\"https:\\\/\\\/vmsport.fi\\\/verkkokauppa\\\/tarvikkeet\\\/lokasuojat\\\/takalokasuojat\\\/s-blade-rear-clip-on-mudguard-28\\\/\",\"url\":\"https:\\\/\\\/vmsport.fi\\\/verkkokauppa\\\/tarvikkeet\\\/lokasuojat\\\/takalokasuojat\\\/s-blade-rear-clip-on-mudguard-28\\\/\",\"name\":\"S-Blade rear clip-on mudguard 28\\\" - VM Sport\",\"isPartOf\":{\"@id\":\"https:\\\/\\\/vmsport.fi\\\/#website\"},\"primaryImageOfPage\":{\"@id\":\"https:\\\/\\\/vmsport.fi\\\/verkkokauppa\\\/tarvikkeet\\\/lokasuojat\\\/takalokasuojat\\\/s-blade-rear-clip-on-mudguard-28\\\/#primaryimage\"},\"image\":{\"@id\":\"https:\\\/\\\/vmsport.fi\\\/verkkokauppa\\\/tarvikkeet\\\/lokasuojat\\\/takalokasuojat\\\/s-blade-rear-clip-on-mudguard-28\\\/#primaryimage\"},\"thumbnailUrl\":\"https:\\\/\\\/vmsport.fi\\\/wp-content\\\/uploads\\\/2025\\\/03\\\/11093-2-1.jpg\",\"datePublished\":\"2025-03-05T22:02:48+00:00\",\"dateModified\":\"2026-01-16T11:21:53+00:00\",\"breadcrumb\":{\"@id\":\"https:\\\/\\\/vmsport.fi\\\/verkkokauppa\\\/tarvikkeet\\\/lokasuojat\\\/takalokasuojat\\\/s-blade-rear-clip-on-mudguard-28\\\/#breadcrumb\"},\"inLanguage\":\"sv-SE\",\"potentialAction\":[{\"@type\":\"ReadAction\",\"target\":[\"https:\\\/\\\/vmsport.fi\\\/verkkokauppa\\\/tarvikkeet\\\/lokasuojat\\\/takalokasuojat\\\/s-blade-rear-clip-on-mudguard-28\\\/\"]}]},{\"@type\":\"ImageObject\",\"inLanguage\":\"sv-SE\",\"@id\":\"https:\\\/\\\/vmsport.fi\\\/verkkokauppa\\\/tarvikkeet\\\/lokasuojat\\\/takalokasuojat\\\/s-blade-rear-clip-on-mudguard-28\\\/#primaryimage\",\"url\":\"https:\\\/\\\/vmsport.fi\\\/wp-content\\\/uploads\\\/2025\\\/03\\\/11093-2-1.jpg\",\"contentUrl\":\"https:\\\/\\\/vmsport.fi\\\/wp-content\\\/uploads\\\/2025\\\/03\\\/11093-2-1.jpg\",\"width\":800,\"height\":800,\"caption\":\"11093-2\"},{\"@type\":\"BreadcrumbList\",\"@id\":\"https:\\\/\\\/vmsport.fi\\\/verkkokauppa\\\/tarvikkeet\\\/lokasuojat\\\/takalokasuojat\\\/s-blade-rear-clip-on-mudguard-28\\\/#breadcrumb\",\"itemListElement\":[{\"@type\":\"ListItem\",\"position\":1,\"name\":\"Etusivu\",\"item\":\"https:\\\/\\\/vmsport.fi\\\/\"},{\"@type\":\"ListItem\",\"position\":2,\"name\":\"Online Store\",\"item\":\"https:\\\/\\\/vmsport.fi\\\/en\\\/online-store\\\/\"},{\"@type\":\"ListItem\",\"position\":3,\"name\":\"S-Blade rear clip-on mudguard 28&#8243;\"}]},{\"@type\":\"WebSite\",\"@id\":\"https:\\\/\\\/vmsport.fi\\\/#website\",\"url\":\"https:\\\/\\\/vmsport.fi\\\/\",\"name\":\"Vmsport\",\"description\":\"Kaikki py\u00f6r\u00e4ilyyn yhdest\u00e4 paikasta\",\"publisher\":{\"@id\":\"https:\\\/\\\/vmsport.fi\\\/#organization\"},\"potentialAction\":[{\"@type\":\"SearchAction\",\"target\":{\"@type\":\"EntryPoint\",\"urlTemplate\":\"https:\\\/\\\/vmsport.fi\\\/?s={search_term_string}\"},\"query-input\":{\"@type\":\"PropertyValueSpecification\",\"valueRequired\":true,\"valueName\":\"search_term_string\"}}],\"inLanguage\":\"sv-SE\"},{\"@type\":\"Organization\",\"@id\":\"https:\\\/\\\/vmsport.fi\\\/#organization\",\"name\":\"Vmsport\",\"url\":\"https:\\\/\\\/vmsport.fi\\\/\",\"logo\":{\"@type\":\"ImageObject\",\"inLanguage\":\"sv-SE\",\"@id\":\"https:\\\/\\\/vmsport.fi\\\/#\\\/schema\\\/logo\\\/image\\\/\",\"url\":\"https:\\\/\\\/vmsport.fi\\\/wp-content\\\/uploads\\\/2024\\\/12\\\/vm_sport_RGB_horisontal-e1734526017575.png\",\"contentUrl\":\"https:\\\/\\\/vmsport.fi\\\/wp-content\\\/uploads\\\/2024\\\/12\\\/vm_sport_RGB_horisontal-e1734526017575.png\",\"width\":668,\"height\":85,\"caption\":\"Vmsport\"},\"image\":{\"@id\":\"https:\\\/\\\/vmsport.fi\\\/#\\\/schema\\\/logo\\\/image\\\/\"},\"sameAs\":[\"https:\\\/\\\/www.facebook.com\\\/Vmsport.fi\\\/\",\"https:\\\/\\\/www.instagram.com\\\/vmsport\\\/\"]}]}<\/script>\n<!-- \/ Yoast SEO plugin. -->","yoast_head_json":{"title":"S-Blade bakre st\u00e4nksk\u00e4rm med clips 28\" - VM Sport","robots":{"index":"index","follow":"follow","max-snippet":"max-snippet:-1","max-image-preview":"max-image-preview:large","max-video-preview":"max-video-preview:-1"},"canonical":"https:\/\/vmsport.fi\/sv\/webbutik\/tillbehor\/stankskarmar\/bakre-stankskarmar\/s-blade-bakre-stankskarm-med-clips-28\/","og_locale":"sv_SE","og_type":"article","og_title":"S-Blade rear clip-on mudguard 28\" - VM Sport","og_description":"S-Blade-takapikalokasuoja 28-tuumaiselle py\u00f6r\u00e4lle on ihanteellinen valinta, kun haluat kiinnitt\u00e4\u00e4 suojan nopeasti ja vaivattomasti. Sen kevyt ja virtaviivainen muotoilu v\u00e4hent\u00e4\u00e4 ilmanvastusta, ja samalla se pit\u00e4\u00e4 py\u00f6r\u00e4si puhtaana roiskeilta. Kest\u00e4v\u00e4 materiaali varmistaa, ett\u00e4 lokasuoja kest\u00e4\u00e4 pitk\u00e4\u00e4n aktiivisessakin k\u00e4yt\u00f6ss\u00e4. Helppok\u00e4ytt\u00f6inen kiinnitysmekanismi tekee asennuksesta nopeaa ja vaivatonta, mik\u00e4 on erityisen hy\u00f6dyllist\u00e4 vaihtelevissa s\u00e4\u00e4olosuhteissa. [...]L\u00e4s mer \u2026 from S-Blade rear clip-on mudguard 28&#8243;","og_url":"https:\/\/vmsport.fi\/sv\/webbutik\/tillbehor\/stankskarmar\/bakre-stankskarmar\/s-blade-bakre-stankskarm-med-clips-28\/","og_site_name":"VM Sport","article_publisher":"https:\/\/www.facebook.com\/Vmsport.fi\/","article_modified_time":"2026-01-16T11:21:53+00:00","og_image":[{"width":800,"height":800,"url":"https:\/\/vmsport.fi\/wp-content\/uploads\/2025\/03\/11093-2-1.jpg","type":"image\/jpeg"}],"twitter_card":"summary_large_image","schema":{"@context":"https:\/\/schema.org","@graph":[{"@type":["WebPage","ItemPage"],"@id":"https:\/\/vmsport.fi\/verkkokauppa\/tarvikkeet\/lokasuojat\/takalokasuojat\/s-blade-rear-clip-on-mudguard-28\/","url":"https:\/\/vmsport.fi\/verkkokauppa\/tarvikkeet\/lokasuojat\/takalokasuojat\/s-blade-rear-clip-on-mudguard-28\/","name":"S-Blade bakre st\u00e4nksk\u00e4rm med clips 28\" - VM Sport","isPartOf":{"@id":"https:\/\/vmsport.fi\/#website"},"primaryImageOfPage":{"@id":"https:\/\/vmsport.fi\/verkkokauppa\/tarvikkeet\/lokasuojat\/takalokasuojat\/s-blade-rear-clip-on-mudguard-28\/#primaryimage"},"image":{"@id":"https:\/\/vmsport.fi\/verkkokauppa\/tarvikkeet\/lokasuojat\/takalokasuojat\/s-blade-rear-clip-on-mudguard-28\/#primaryimage"},"thumbnailUrl":"https:\/\/vmsport.fi\/wp-content\/uploads\/2025\/03\/11093-2-1.jpg","datePublished":"2025-03-05T22:02:48+00:00","dateModified":"2026-01-16T11:21:53+00:00","breadcrumb":{"@id":"https:\/\/vmsport.fi\/verkkokauppa\/tarvikkeet\/lokasuojat\/takalokasuojat\/s-blade-rear-clip-on-mudguard-28\/#breadcrumb"},"inLanguage":"sv-SE","potentialAction":[{"@type":"ReadAction","target":["https:\/\/vmsport.fi\/verkkokauppa\/tarvikkeet\/lokasuojat\/takalokasuojat\/s-blade-rear-clip-on-mudguard-28\/"]}]},{"@type":"ImageObject","inLanguage":"sv-SE","@id":"https:\/\/vmsport.fi\/verkkokauppa\/tarvikkeet\/lokasuojat\/takalokasuojat\/s-blade-rear-clip-on-mudguard-28\/#primaryimage","url":"https:\/\/vmsport.fi\/wp-content\/uploads\/2025\/03\/11093-2-1.jpg","contentUrl":"https:\/\/vmsport.fi\/wp-content\/uploads\/2025\/03\/11093-2-1.jpg","width":800,"height":800,"caption":"11093-2"},{"@type":"BreadcrumbList","@id":"https:\/\/vmsport.fi\/verkkokauppa\/tarvikkeet\/lokasuojat\/takalokasuojat\/s-blade-rear-clip-on-mudguard-28\/#breadcrumb","itemListElement":[{"@type":"ListItem","position":1,"name":"Etusivu","item":"https:\/\/vmsport.fi\/"},{"@type":"ListItem","position":2,"name":"Online Store","item":"https:\/\/vmsport.fi\/en\/online-store\/"},{"@type":"ListItem","position":3,"name":"S-Blade rear clip-on mudguard 28&#8243;"}]},{"@type":"WebSite","@id":"https:\/\/vmsport.fi\/#website","url":"https:\/\/vmsport.fi\/","name":"Vmsport","description":"Allt p\u00e5 ett st\u00e4lle f\u00f6r cykling","publisher":{"@id":"https:\/\/vmsport.fi\/#organization"},"potentialAction":[{"@type":"SearchAction","target":{"@type":"EntryPoint","urlTemplate":"https:\/\/vmsport.fi\/?s={search_term_string}"},"query-input":{"@type":"PropertyValueSpecification","valueRequired":true,"valueName":"search_term_string"}}],"inLanguage":"sv-SE"},{"@type":"Organization","@id":"https:\/\/vmsport.fi\/#organization","name":"Vmsport","url":"https:\/\/vmsport.fi\/","logo":{"@type":"ImageObject","inLanguage":"sv-SE","@id":"https:\/\/vmsport.fi\/#\/schema\/logo\/image\/","url":"https:\/\/vmsport.fi\/wp-content\/uploads\/2024\/12\/vm_sport_RGB_horisontal-e1734526017575.png","contentUrl":"https:\/\/vmsport.fi\/wp-content\/uploads\/2024\/12\/vm_sport_RGB_horisontal-e1734526017575.png","width":668,"height":85,"caption":"Vmsport"},"image":{"@id":"https:\/\/vmsport.fi\/#\/schema\/logo\/image\/"},"sameAs":["https:\/\/www.facebook.com\/Vmsport.fi\/","https:\/\/www.instagram.com\/vmsport\/"]}]}},"global_unique_id":"","_links":{"self":[{"href":"https:\/\/vmsport.fi\/sv\/wp-json\/wp\/v2\/product\/55168","targetHints":{"allow":["GET"]}}],"collection":[{"href":"https:\/\/vmsport.fi\/sv\/wp-json\/wp\/v2\/product"}],"about":[{"href":"https:\/\/vmsport.fi\/sv\/wp-json\/wp\/v2\/types\/product"}],"replies":[{"embeddable":true,"href":"https:\/\/vmsport.fi\/sv\/wp-json\/wp\/v2\/comments?post=55168"}],"wp:featuredmedia":[{"embeddable":true,"href":"https:\/\/vmsport.fi\/sv\/wp-json\/wp\/v2\/media\/55166"}],"wp:attachment":[{"href":"https:\/\/vmsport.fi\/sv\/wp-json\/wp\/v2\/media?parent=55168"}],"wp:term":[{"taxonomy":"product_brand","embeddable":true,"href":"https:\/\/vmsport.fi\/sv\/wp-json\/wp\/v2\/product_brand?post=55168"},{"taxonomy":"product_model","embeddable":true,"href":"https:\/\/vmsport.fi\/sv\/wp-json\/wp\/v2\/product_model?post=55168"},{"taxonomy":"product_cat","embeddable":true,"href":"https:\/\/vmsport.fi\/sv\/wp-json\/wp\/v2\/product_cat?post=55168"},{"taxonomy":"product_tag","embeddable":true,"href":"https:\/\/vmsport.fi\/sv\/wp-json\/wp\/v2\/product_tag?post=55168"},{"taxonomy":"industry_terminology","embeddable":true,"href":"https:\/\/vmsport.fi\/sv\/wp-json\/wp\/v2\/industry-terminology?post=55168"}],"curies":[{"name":"wp","href":"https:\/\/api.w.org\/{rel}","templated":true}]}}