{"id":55165,"date":"2025-03-06T00:02:46","date_gmt":"2025-03-05T22:02:46","guid":{"rendered":"https:\/\/vmsport.fi\/verkkokauppa\/Ei-luokiteltu\/kuuskulma-avainsarja-aws-10\/"},"modified":"2026-02-24T02:00:40","modified_gmt":"2026-02-24T00:00:40","slug":"kuuskulma-avainsarja-aws-10","status":"publish","type":"product","link":"https:\/\/vmsport.fi\/sv\/verkkokauppa\/tarvikkeet\/tyokalut\/kuuskulma-avainsarja-aws-10\/","title":{"rendered":"Sexkantsnyckelsats AWS-10"},"content":{"rendered":"<p>Kuuskulma-avainsarja AWS-10 on monik\u00e4ytt\u00f6inen ty\u00f6kalu, joka on suunniteltu erityisesti py\u00f6r\u00e4n huoltoon. Sen kompakti ja kest\u00e4v\u00e4 muotoilu tekee siit\u00e4 ihanteellisen mukana kuljetettavan ratkaisun, jotta voit aina olla valmis korjaust\u00f6ihin tien p\u00e4\u00e4ll\u00e4. Taitettavat kuusiokoloavaimet tarjoavat vaivattoman p\u00e4\u00e4syn erikokoisille ruuveille, mik\u00e4 tekee k\u00e4yt\u00f6st\u00e4 sujuvaa ja tehokasta. Loistava valinta niin harrastajille kuin ammattilaisille, jotka arvostavat luotettavuutta ja k\u00e4yt\u00e4nn\u00f6llisyytt\u00e4 jokap\u00e4iv\u00e4isess\u00e4 k\u00e4yt\u00f6ss\u00e4.<\/p>","protected":false},"excerpt":{"rendered":"<p>Kuuskulma-avainsarja AWS-10 on monik\u00e4ytt\u00f6inen ty\u00f6kalu, joka on suunniteltu erityisesti py\u00f6r\u00e4n huoltoon. Sen kompakti ja kest\u00e4v\u00e4 muotoilu tekee siit\u00e4 ihanteellisen mukana kuljetettavan ratkaisun, jotta voit aina olla valmis korjaust\u00f6ihin tien p\u00e4\u00e4ll\u00e4. Taitettavat kuusiokoloavaimet tarjoavat vaivattoman p\u00e4\u00e4syn erikokoisille ruuveille, mik\u00e4 tekee k\u00e4yt\u00f6st\u00e4 sujuvaa ja tehokasta. Loistava valinta niin harrastajille kuin ammattilaisille, jotka arvostavat luotettavuutta ja k\u00e4yt\u00e4nn\u00f6llisyytt\u00e4 jokap\u00e4iv\u00e4isess\u00e4 [&#8230;]<\/p>\n<p><a class=\"btn btn-secondary understrap-read-more-link\" href=\"https:\/\/vmsport.fi\/sv\/verkkokauppa\/tarvikkeet\/tyokalut\/kuuskulma-avainsarja-aws-10\/\">L\u00e4s mer \u2026<span class=\"screen-reader-text\"> from Kuuskulma-avainsarja AWS-10<\/span><\/a><\/p>\n","protected":false},"featured_media":55163,"comment_status":"open","ping_status":"closed","template":"","meta":{"_acf_changed":false,"_improvement_type_select":"improve_an_existing","_thumb_yes_seoaic":false,"_frame_yes_seoaic":false,"seoaic_generate_description":"","seoaic_improve_instructions_prompt":"","seoaic_rollback_content_improvement":"","seoaic_idea_thumbnail_generator":"","thumbnail_generated":false,"thumbnail_generate_prompt":"","seoaic_article_description":"","_supplier_stock_quantity":0},"product_brand":[],"product_model":[],"product_cat":[9282],"product_tag":[],"industry-terminology":[],"class_list":{"0":"post-55165","1":"product","2":"type-product","3":"status-publish","4":"has-post-thumbnail","6":"product_cat-tyokalut","8":"first","9":"instock","10":"taxable","11":"shipping-taxable","12":"purchasable","13":"product-type-simple"},"acf":{"bike_features":null,"overview":{"copy_overview":null,"key_features":null,"statement":"","youtube_url":""}},"yoast_head":"<!-- This site is optimized with the Yoast SEO plugin v27.3 - https:\/\/yoast.com\/product\/yoast-seo-wordpress\/ -->\n<title>Kuuskulma-avainsarja AWS-10 - VM Sport<\/title>\n<meta name=\"robots\" content=\"index, follow, max-snippet:-1, max-image-preview:large, max-video-preview:-1\" \/>\n<link rel=\"canonical\" href=\"https:\/\/vmsport.fi\/sv\/webbutik\/tillbehor\/tyokalut\/kuuskulma-avainsarja-aws-10\/\" \/>\n<meta property=\"og:locale\" content=\"sv_SE\" \/>\n<meta property=\"og:type\" content=\"article\" \/>\n<meta property=\"og:title\" content=\"Kuuskulma-avainsarja AWS-10 - VM Sport\" \/>\n<meta property=\"og:description\" content=\"Kuuskulma-avainsarja AWS-10 on monik\u00e4ytt\u00f6inen ty\u00f6kalu, joka on suunniteltu erityisesti py\u00f6r\u00e4n huoltoon. Sen kompakti ja kest\u00e4v\u00e4 muotoilu tekee siit\u00e4 ihanteellisen mukana kuljetettavan ratkaisun, jotta voit aina olla valmis korjaust\u00f6ihin tien p\u00e4\u00e4ll\u00e4. Taitettavat kuusiokoloavaimet tarjoavat vaivattoman p\u00e4\u00e4syn erikokoisille ruuveille, mik\u00e4 tekee k\u00e4yt\u00f6st\u00e4 sujuvaa ja tehokasta. Loistava valinta niin harrastajille kuin ammattilaisille, jotka arvostavat luotettavuutta ja k\u00e4yt\u00e4nn\u00f6llisyytt\u00e4 jokap\u00e4iv\u00e4isess\u00e4 [...]L\u00e4s mer \u2026 from Kuuskulma-avainsarja AWS-10\" \/>\n<meta property=\"og:url\" content=\"https:\/\/vmsport.fi\/sv\/webbutik\/tillbehor\/tyokalut\/kuuskulma-avainsarja-aws-10\/\" \/>\n<meta property=\"og:site_name\" content=\"VM Sport\" \/>\n<meta property=\"article:publisher\" content=\"https:\/\/www.facebook.com\/Vmsport.fi\/\" \/>\n<meta property=\"article:modified_time\" content=\"2026-02-24T00:00:40+00:00\" \/>\n<meta property=\"og:image\" content=\"https:\/\/vmsport.fi\/wp-content\/uploads\/2025\/03\/20170926-AWS-10-005-1.jpg\" \/>\n\t<meta property=\"og:image:width\" content=\"600\" \/>\n\t<meta property=\"og:image:height\" content=\"600\" \/>\n\t<meta property=\"og:image:type\" content=\"image\/jpeg\" \/>\n<meta name=\"twitter:card\" content=\"summary_large_image\" \/>\n<script type=\"application\/ld+json\" class=\"yoast-schema-graph\">{\"@context\":\"https:\\\/\\\/schema.org\",\"@graph\":[{\"@type\":[\"WebPage\",\"ItemPage\"],\"@id\":\"https:\\\/\\\/vmsport.fi\\\/verkkokauppa\\\/tarvikkeet\\\/tyokalut\\\/kuuskulma-avainsarja-aws-10\\\/\",\"url\":\"https:\\\/\\\/vmsport.fi\\\/verkkokauppa\\\/tarvikkeet\\\/tyokalut\\\/kuuskulma-avainsarja-aws-10\\\/\",\"name\":\"Kuuskulma-avainsarja AWS-10 - VM Sport\",\"isPartOf\":{\"@id\":\"https:\\\/\\\/vmsport.fi\\\/#website\"},\"primaryImageOfPage\":{\"@id\":\"https:\\\/\\\/vmsport.fi\\\/verkkokauppa\\\/tarvikkeet\\\/tyokalut\\\/kuuskulma-avainsarja-aws-10\\\/#primaryimage\"},\"image\":{\"@id\":\"https:\\\/\\\/vmsport.fi\\\/verkkokauppa\\\/tarvikkeet\\\/tyokalut\\\/kuuskulma-avainsarja-aws-10\\\/#primaryimage\"},\"thumbnailUrl\":\"https:\\\/\\\/vmsport.fi\\\/wp-content\\\/uploads\\\/2025\\\/03\\\/20170926-AWS-10-005-1.jpg\",\"datePublished\":\"2025-03-05T22:02:46+00:00\",\"dateModified\":\"2026-02-24T00:00:40+00:00\",\"breadcrumb\":{\"@id\":\"https:\\\/\\\/vmsport.fi\\\/verkkokauppa\\\/tarvikkeet\\\/tyokalut\\\/kuuskulma-avainsarja-aws-10\\\/#breadcrumb\"},\"inLanguage\":\"sv-SE\",\"potentialAction\":[{\"@type\":\"ReadAction\",\"target\":[\"https:\\\/\\\/vmsport.fi\\\/verkkokauppa\\\/tarvikkeet\\\/tyokalut\\\/kuuskulma-avainsarja-aws-10\\\/\"]}]},{\"@type\":\"ImageObject\",\"inLanguage\":\"sv-SE\",\"@id\":\"https:\\\/\\\/vmsport.fi\\\/verkkokauppa\\\/tarvikkeet\\\/tyokalut\\\/kuuskulma-avainsarja-aws-10\\\/#primaryimage\",\"url\":\"https:\\\/\\\/vmsport.fi\\\/wp-content\\\/uploads\\\/2025\\\/03\\\/20170926-AWS-10-005-1.jpg\",\"contentUrl\":\"https:\\\/\\\/vmsport.fi\\\/wp-content\\\/uploads\\\/2025\\\/03\\\/20170926-AWS-10-005-1.jpg\",\"width\":600,\"height\":600,\"caption\":\"20170926-AWS-10-005\"},{\"@type\":\"BreadcrumbList\",\"@id\":\"https:\\\/\\\/vmsport.fi\\\/verkkokauppa\\\/tarvikkeet\\\/tyokalut\\\/kuuskulma-avainsarja-aws-10\\\/#breadcrumb\",\"itemListElement\":[{\"@type\":\"ListItem\",\"position\":1,\"name\":\"Etusivu\",\"item\":\"https:\\\/\\\/vmsport.fi\\\/\"},{\"@type\":\"ListItem\",\"position\":2,\"name\":\"Online Store\",\"item\":\"https:\\\/\\\/vmsport.fi\\\/en\\\/online-store\\\/\"},{\"@type\":\"ListItem\",\"position\":3,\"name\":\"Kuuskulma-avainsarja AWS-10\"}]},{\"@type\":\"WebSite\",\"@id\":\"https:\\\/\\\/vmsport.fi\\\/#website\",\"url\":\"https:\\\/\\\/vmsport.fi\\\/\",\"name\":\"Vmsport\",\"description\":\"Kaikki py\u00f6r\u00e4ilyyn yhdest\u00e4 paikasta\",\"publisher\":{\"@id\":\"https:\\\/\\\/vmsport.fi\\\/#organization\"},\"potentialAction\":[{\"@type\":\"SearchAction\",\"target\":{\"@type\":\"EntryPoint\",\"urlTemplate\":\"https:\\\/\\\/vmsport.fi\\\/?s={search_term_string}\"},\"query-input\":{\"@type\":\"PropertyValueSpecification\",\"valueRequired\":true,\"valueName\":\"search_term_string\"}}],\"inLanguage\":\"sv-SE\"},{\"@type\":\"Organization\",\"@id\":\"https:\\\/\\\/vmsport.fi\\\/#organization\",\"name\":\"Vmsport\",\"url\":\"https:\\\/\\\/vmsport.fi\\\/\",\"logo\":{\"@type\":\"ImageObject\",\"inLanguage\":\"sv-SE\",\"@id\":\"https:\\\/\\\/vmsport.fi\\\/#\\\/schema\\\/logo\\\/image\\\/\",\"url\":\"https:\\\/\\\/vmsport.fi\\\/wp-content\\\/uploads\\\/2024\\\/12\\\/vm_sport_RGB_horisontal-e1734526017575.png\",\"contentUrl\":\"https:\\\/\\\/vmsport.fi\\\/wp-content\\\/uploads\\\/2024\\\/12\\\/vm_sport_RGB_horisontal-e1734526017575.png\",\"width\":668,\"height\":85,\"caption\":\"Vmsport\"},\"image\":{\"@id\":\"https:\\\/\\\/vmsport.fi\\\/#\\\/schema\\\/logo\\\/image\\\/\"},\"sameAs\":[\"https:\\\/\\\/www.facebook.com\\\/Vmsport.fi\\\/\",\"https:\\\/\\\/www.instagram.com\\\/vmsport\\\/\"]}]}<\/script>\n<!-- \/ Yoast SEO plugin. -->","yoast_head_json":{"title":"Kuuskulma-avainsarja AWS-10 - VM Sport","robots":{"index":"index","follow":"follow","max-snippet":"max-snippet:-1","max-image-preview":"max-image-preview:large","max-video-preview":"max-video-preview:-1"},"canonical":"https:\/\/vmsport.fi\/sv\/webbutik\/tillbehor\/tyokalut\/kuuskulma-avainsarja-aws-10\/","og_locale":"sv_SE","og_type":"article","og_title":"Kuuskulma-avainsarja AWS-10 - VM Sport","og_description":"Kuuskulma-avainsarja AWS-10 on monik\u00e4ytt\u00f6inen ty\u00f6kalu, joka on suunniteltu erityisesti py\u00f6r\u00e4n huoltoon. Sen kompakti ja kest\u00e4v\u00e4 muotoilu tekee siit\u00e4 ihanteellisen mukana kuljetettavan ratkaisun, jotta voit aina olla valmis korjaust\u00f6ihin tien p\u00e4\u00e4ll\u00e4. Taitettavat kuusiokoloavaimet tarjoavat vaivattoman p\u00e4\u00e4syn erikokoisille ruuveille, mik\u00e4 tekee k\u00e4yt\u00f6st\u00e4 sujuvaa ja tehokasta. Loistava valinta niin harrastajille kuin ammattilaisille, jotka arvostavat luotettavuutta ja k\u00e4yt\u00e4nn\u00f6llisyytt\u00e4 jokap\u00e4iv\u00e4isess\u00e4 [...]L\u00e4s mer \u2026 from Kuuskulma-avainsarja AWS-10","og_url":"https:\/\/vmsport.fi\/sv\/webbutik\/tillbehor\/tyokalut\/kuuskulma-avainsarja-aws-10\/","og_site_name":"VM Sport","article_publisher":"https:\/\/www.facebook.com\/Vmsport.fi\/","article_modified_time":"2026-02-24T00:00:40+00:00","og_image":[{"width":600,"height":600,"url":"https:\/\/vmsport.fi\/wp-content\/uploads\/2025\/03\/20170926-AWS-10-005-1.jpg","type":"image\/jpeg"}],"twitter_card":"summary_large_image","schema":{"@context":"https:\/\/schema.org","@graph":[{"@type":["WebPage","ItemPage"],"@id":"https:\/\/vmsport.fi\/verkkokauppa\/tarvikkeet\/tyokalut\/kuuskulma-avainsarja-aws-10\/","url":"https:\/\/vmsport.fi\/verkkokauppa\/tarvikkeet\/tyokalut\/kuuskulma-avainsarja-aws-10\/","name":"Kuuskulma-avainsarja AWS-10 - VM Sport","isPartOf":{"@id":"https:\/\/vmsport.fi\/#website"},"primaryImageOfPage":{"@id":"https:\/\/vmsport.fi\/verkkokauppa\/tarvikkeet\/tyokalut\/kuuskulma-avainsarja-aws-10\/#primaryimage"},"image":{"@id":"https:\/\/vmsport.fi\/verkkokauppa\/tarvikkeet\/tyokalut\/kuuskulma-avainsarja-aws-10\/#primaryimage"},"thumbnailUrl":"https:\/\/vmsport.fi\/wp-content\/uploads\/2025\/03\/20170926-AWS-10-005-1.jpg","datePublished":"2025-03-05T22:02:46+00:00","dateModified":"2026-02-24T00:00:40+00:00","breadcrumb":{"@id":"https:\/\/vmsport.fi\/verkkokauppa\/tarvikkeet\/tyokalut\/kuuskulma-avainsarja-aws-10\/#breadcrumb"},"inLanguage":"sv-SE","potentialAction":[{"@type":"ReadAction","target":["https:\/\/vmsport.fi\/verkkokauppa\/tarvikkeet\/tyokalut\/kuuskulma-avainsarja-aws-10\/"]}]},{"@type":"ImageObject","inLanguage":"sv-SE","@id":"https:\/\/vmsport.fi\/verkkokauppa\/tarvikkeet\/tyokalut\/kuuskulma-avainsarja-aws-10\/#primaryimage","url":"https:\/\/vmsport.fi\/wp-content\/uploads\/2025\/03\/20170926-AWS-10-005-1.jpg","contentUrl":"https:\/\/vmsport.fi\/wp-content\/uploads\/2025\/03\/20170926-AWS-10-005-1.jpg","width":600,"height":600,"caption":"20170926-AWS-10-005"},{"@type":"BreadcrumbList","@id":"https:\/\/vmsport.fi\/verkkokauppa\/tarvikkeet\/tyokalut\/kuuskulma-avainsarja-aws-10\/#breadcrumb","itemListElement":[{"@type":"ListItem","position":1,"name":"Etusivu","item":"https:\/\/vmsport.fi\/"},{"@type":"ListItem","position":2,"name":"Online Store","item":"https:\/\/vmsport.fi\/en\/online-store\/"},{"@type":"ListItem","position":3,"name":"Kuuskulma-avainsarja AWS-10"}]},{"@type":"WebSite","@id":"https:\/\/vmsport.fi\/#website","url":"https:\/\/vmsport.fi\/","name":"Vmsport","description":"Allt p\u00e5 ett st\u00e4lle f\u00f6r cykling","publisher":{"@id":"https:\/\/vmsport.fi\/#organization"},"potentialAction":[{"@type":"SearchAction","target":{"@type":"EntryPoint","urlTemplate":"https:\/\/vmsport.fi\/?s={search_term_string}"},"query-input":{"@type":"PropertyValueSpecification","valueRequired":true,"valueName":"search_term_string"}}],"inLanguage":"sv-SE"},{"@type":"Organization","@id":"https:\/\/vmsport.fi\/#organization","name":"Vmsport","url":"https:\/\/vmsport.fi\/","logo":{"@type":"ImageObject","inLanguage":"sv-SE","@id":"https:\/\/vmsport.fi\/#\/schema\/logo\/image\/","url":"https:\/\/vmsport.fi\/wp-content\/uploads\/2024\/12\/vm_sport_RGB_horisontal-e1734526017575.png","contentUrl":"https:\/\/vmsport.fi\/wp-content\/uploads\/2024\/12\/vm_sport_RGB_horisontal-e1734526017575.png","width":668,"height":85,"caption":"Vmsport"},"image":{"@id":"https:\/\/vmsport.fi\/#\/schema\/logo\/image\/"},"sameAs":["https:\/\/www.facebook.com\/Vmsport.fi\/","https:\/\/www.instagram.com\/vmsport\/"]}]}},"global_unique_id":"","_links":{"self":[{"href":"https:\/\/vmsport.fi\/sv\/wp-json\/wp\/v2\/product\/55165","targetHints":{"allow":["GET"]}}],"collection":[{"href":"https:\/\/vmsport.fi\/sv\/wp-json\/wp\/v2\/product"}],"about":[{"href":"https:\/\/vmsport.fi\/sv\/wp-json\/wp\/v2\/types\/product"}],"replies":[{"embeddable":true,"href":"https:\/\/vmsport.fi\/sv\/wp-json\/wp\/v2\/comments?post=55165"}],"wp:featuredmedia":[{"embeddable":true,"href":"https:\/\/vmsport.fi\/sv\/wp-json\/wp\/v2\/media\/55163"}],"wp:attachment":[{"href":"https:\/\/vmsport.fi\/sv\/wp-json\/wp\/v2\/media?parent=55165"}],"wp:term":[{"taxonomy":"product_brand","embeddable":true,"href":"https:\/\/vmsport.fi\/sv\/wp-json\/wp\/v2\/product_brand?post=55165"},{"taxonomy":"product_model","embeddable":true,"href":"https:\/\/vmsport.fi\/sv\/wp-json\/wp\/v2\/product_model?post=55165"},{"taxonomy":"product_cat","embeddable":true,"href":"https:\/\/vmsport.fi\/sv\/wp-json\/wp\/v2\/product_cat?post=55165"},{"taxonomy":"product_tag","embeddable":true,"href":"https:\/\/vmsport.fi\/sv\/wp-json\/wp\/v2\/product_tag?post=55165"},{"taxonomy":"industry_terminology","embeddable":true,"href":"https:\/\/vmsport.fi\/sv\/wp-json\/wp\/v2\/industry-terminology?post=55165"}],"curies":[{"name":"wp","href":"https:\/\/api.w.org\/{rel}","templated":true}]}}