{"id":55156,"date":"2025-03-06T00:02:42","date_gmt":"2025-03-05T22:02:42","guid":{"rendered":"https:\/\/vmsport.fi\/verkkokauppa\/Ei-luokiteltu\/xlc-stem-st-t14-95-mm-0-to-60\/"},"modified":"2026-01-16T13:21:14","modified_gmt":"2026-01-16T11:21:14","slug":"xlc-skaft-st-t14-95-mm-0-till-60","status":"publish","type":"product","link":"https:\/\/vmsport.fi\/sv\/verkkokauppa\/varaosat\/ohjaamo\/ohjainkannattimet\/xlc-stem-st-t14-95-mm-0-to-60\/","title":{"rendered":"XLC-spindel ST-T14 95 mm 0\u00b0 till 60\u00b0"},"content":{"rendered":"<p>XLC ST-T14 \u00e4r ett justerbart cykelstyrf\u00e4ste med en l\u00e4ngd p\u00e5 95 mm. Det h\u00e4r svarta styrf\u00e4stet m\u00f6jligg\u00f6r vinkeljustering fr\u00e5n 0\u00b0 till 60\u00b0, vilket ger flexibilitet f\u00f6r att finjustera k\u00f6rst\u00e4llningen. Denna h\u00e5llbara och h\u00f6gkvalitativa hjulkomponent \u00e4r idealisk f\u00f6r alla cyklar, f\u00f6rb\u00e4ttrar k\u00f6rkomforten och \u00f6kar anpassningsf\u00f6rm\u00e5gan.<\/p>","protected":false},"excerpt":{"rendered":"<p>XLC ST-T14 on s\u00e4\u00e4dett\u00e4v\u00e4 polkupy\u00f6r\u00e4n ohjainkannatin, jonka pituus on 95 mm. T\u00e4m\u00e4 musta ohjainkannatin mahdollistaa kulman s\u00e4\u00e4d\u00f6n 0\u00b0:sta 60\u00b0:een, mik\u00e4 tarjoaa joustavuutta ajoasennon hienos\u00e4\u00e4t\u00f6\u00f6n. T\u00e4m\u00e4 kest\u00e4v\u00e4 ja korkealaatuinen py\u00f6r\u00e4n osa sopii erinomaisesti kaikkiin py\u00f6riin, parantaen ajomukavuutta ja lis\u00e4\u00e4m\u00e4ll\u00e4 ajon mukautuvuutta. [&#8230;]<\/p>\n<p><a class=\"btn btn-secondary understrap-read-more-link\" href=\"https:\/\/vmsport.fi\/sv\/verkkokauppa\/varaosat\/ohjaamo\/ohjainkannattimet\/xlc-stem-st-t14-95-mm-0-to-60\/\">L\u00e4s mer \u2026<span class=\"screen-reader-text\"> from XLC Stem ST-T14 95 mm 0\u00b0 to 60\u00b0<\/span><\/a><\/p>\n","protected":false},"featured_media":55155,"comment_status":"open","ping_status":"closed","template":"","meta":{"_acf_changed":false,"_improvement_type_select":"improve_an_existing","_thumb_yes_seoaic":false,"_frame_yes_seoaic":false,"seoaic_generate_description":"","seoaic_improve_instructions_prompt":"","seoaic_rollback_content_improvement":"","seoaic_idea_thumbnail_generator":"","thumbnail_generated":false,"thumbnail_generate_prompt":"","seoaic_article_description":"","_supplier_stock_quantity":0},"product_brand":[],"product_model":[],"product_cat":[9432],"product_tag":[],"industry-terminology":[],"class_list":{"0":"post-55156","1":"product","2":"type-product","3":"status-publish","4":"has-post-thumbnail","6":"product_cat-ohjainkannattimet","8":"first","9":"outofstock","10":"taxable","11":"shipping-taxable","12":"product-type-simple"},"acf":{"bike_features":null,"overview":{"copy_overview":null,"key_features":null,"statement":"","youtube_url":""}},"yoast_head":"<!-- This site is optimized with the Yoast SEO plugin v27.3 - https:\/\/yoast.com\/product\/yoast-seo-wordpress\/ -->\n<title>XLC Stem ST-T14 95 mm 0\u00b0 to 60\u00b0 - VM Sport<\/title>\n<meta name=\"robots\" content=\"index, follow, max-snippet:-1, max-image-preview:large, max-video-preview:-1\" \/>\n<link rel=\"canonical\" href=\"https:\/\/vmsport.fi\/sv\/webbutik\/reservdelar\/taxi\/styrfasten\/xlc-skaft-st-t14-95-mm-0-till-60\/\" \/>\n<meta property=\"og:locale\" content=\"sv_SE\" \/>\n<meta property=\"og:type\" content=\"article\" \/>\n<meta property=\"og:title\" content=\"XLC Stem ST-T14 95 mm 0\u00b0 to 60\u00b0 - VM Sport\" \/>\n<meta property=\"og:description\" content=\"XLC ST-T14 on s\u00e4\u00e4dett\u00e4v\u00e4 polkupy\u00f6r\u00e4n ohjainkannatin, jonka pituus on 95 mm. T\u00e4m\u00e4 musta ohjainkannatin mahdollistaa kulman s\u00e4\u00e4d\u00f6n 0\u00b0:sta 60\u00b0:een, mik\u00e4 tarjoaa joustavuutta ajoasennon hienos\u00e4\u00e4t\u00f6\u00f6n. T\u00e4m\u00e4 kest\u00e4v\u00e4 ja korkealaatuinen py\u00f6r\u00e4n osa sopii erinomaisesti kaikkiin py\u00f6riin, parantaen ajomukavuutta ja lis\u00e4\u00e4m\u00e4ll\u00e4 ajon mukautuvuutta. [...]L\u00e4s mer \u2026 from XLC Stem ST-T14 95 mm 0\u00b0 to 60\u00b0\" \/>\n<meta property=\"og:url\" content=\"https:\/\/vmsport.fi\/sv\/webbutik\/reservdelar\/taxi\/styrfasten\/xlc-skaft-st-t14-95-mm-0-till-60\/\" \/>\n<meta property=\"og:site_name\" content=\"VM Sport\" \/>\n<meta property=\"article:publisher\" content=\"https:\/\/www.facebook.com\/Vmsport.fi\/\" \/>\n<meta property=\"article:modified_time\" content=\"2026-01-16T11:21:14+00:00\" \/>\n<meta property=\"og:image\" content=\"https:\/\/vmsport.fi\/wp-content\/uploads\/2025\/03\/18OwV8lHo3NUeJh0ivaiTmYYCe0xMbCywKaA6gjSnR5cSmI6yg-1.jpg\" \/>\n\t<meta property=\"og:image:width\" content=\"800\" \/>\n\t<meta property=\"og:image:height\" content=\"800\" \/>\n\t<meta property=\"og:image:type\" content=\"image\/jpeg\" \/>\n<meta name=\"twitter:card\" content=\"summary_large_image\" \/>\n<script type=\"application\/ld+json\" class=\"yoast-schema-graph\">{\"@context\":\"https:\\\/\\\/schema.org\",\"@graph\":[{\"@type\":[\"WebPage\",\"ItemPage\"],\"@id\":\"https:\\\/\\\/vmsport.fi\\\/verkkokauppa\\\/varaosat\\\/ohjaamo\\\/ohjainkannattimet\\\/xlc-stem-st-t14-95-mm-0-to-60\\\/\",\"url\":\"https:\\\/\\\/vmsport.fi\\\/verkkokauppa\\\/varaosat\\\/ohjaamo\\\/ohjainkannattimet\\\/xlc-stem-st-t14-95-mm-0-to-60\\\/\",\"name\":\"XLC Stem ST-T14 95 mm 0\u00b0 to 60\u00b0 - VM Sport\",\"isPartOf\":{\"@id\":\"https:\\\/\\\/vmsport.fi\\\/#website\"},\"primaryImageOfPage\":{\"@id\":\"https:\\\/\\\/vmsport.fi\\\/verkkokauppa\\\/varaosat\\\/ohjaamo\\\/ohjainkannattimet\\\/xlc-stem-st-t14-95-mm-0-to-60\\\/#primaryimage\"},\"image\":{\"@id\":\"https:\\\/\\\/vmsport.fi\\\/verkkokauppa\\\/varaosat\\\/ohjaamo\\\/ohjainkannattimet\\\/xlc-stem-st-t14-95-mm-0-to-60\\\/#primaryimage\"},\"thumbnailUrl\":\"https:\\\/\\\/vmsport.fi\\\/wp-content\\\/uploads\\\/2025\\\/03\\\/18OwV8lHo3NUeJh0ivaiTmYYCe0xMbCywKaA6gjSnR5cSmI6yg-1.jpg\",\"datePublished\":\"2025-03-05T22:02:42+00:00\",\"dateModified\":\"2026-01-16T11:21:14+00:00\",\"breadcrumb\":{\"@id\":\"https:\\\/\\\/vmsport.fi\\\/verkkokauppa\\\/varaosat\\\/ohjaamo\\\/ohjainkannattimet\\\/xlc-stem-st-t14-95-mm-0-to-60\\\/#breadcrumb\"},\"inLanguage\":\"sv-SE\",\"potentialAction\":[{\"@type\":\"ReadAction\",\"target\":[\"https:\\\/\\\/vmsport.fi\\\/verkkokauppa\\\/varaosat\\\/ohjaamo\\\/ohjainkannattimet\\\/xlc-stem-st-t14-95-mm-0-to-60\\\/\"]}]},{\"@type\":\"ImageObject\",\"inLanguage\":\"sv-SE\",\"@id\":\"https:\\\/\\\/vmsport.fi\\\/verkkokauppa\\\/varaosat\\\/ohjaamo\\\/ohjainkannattimet\\\/xlc-stem-st-t14-95-mm-0-to-60\\\/#primaryimage\",\"url\":\"https:\\\/\\\/vmsport.fi\\\/wp-content\\\/uploads\\\/2025\\\/03\\\/18OwV8lHo3NUeJh0ivaiTmYYCe0xMbCywKaA6gjSnR5cSmI6yg-1.jpg\",\"contentUrl\":\"https:\\\/\\\/vmsport.fi\\\/wp-content\\\/uploads\\\/2025\\\/03\\\/18OwV8lHo3NUeJh0ivaiTmYYCe0xMbCywKaA6gjSnR5cSmI6yg-1.jpg\",\"width\":800,\"height\":800,\"caption\":\"18OwV8lHo3NUeJh0ivaiTmYYCe0xMbCywKaA6gjSnR5cSmI6yg\"},{\"@type\":\"BreadcrumbList\",\"@id\":\"https:\\\/\\\/vmsport.fi\\\/verkkokauppa\\\/varaosat\\\/ohjaamo\\\/ohjainkannattimet\\\/xlc-stem-st-t14-95-mm-0-to-60\\\/#breadcrumb\",\"itemListElement\":[{\"@type\":\"ListItem\",\"position\":1,\"name\":\"Etusivu\",\"item\":\"https:\\\/\\\/vmsport.fi\\\/\"},{\"@type\":\"ListItem\",\"position\":2,\"name\":\"Online Store\",\"item\":\"https:\\\/\\\/vmsport.fi\\\/en\\\/online-store\\\/\"},{\"@type\":\"ListItem\",\"position\":3,\"name\":\"XLC Stem ST-T14 95 mm 0\u00b0 to 60\u00b0\"}]},{\"@type\":\"WebSite\",\"@id\":\"https:\\\/\\\/vmsport.fi\\\/#website\",\"url\":\"https:\\\/\\\/vmsport.fi\\\/\",\"name\":\"Vmsport\",\"description\":\"Kaikki py\u00f6r\u00e4ilyyn yhdest\u00e4 paikasta\",\"publisher\":{\"@id\":\"https:\\\/\\\/vmsport.fi\\\/#organization\"},\"potentialAction\":[{\"@type\":\"SearchAction\",\"target\":{\"@type\":\"EntryPoint\",\"urlTemplate\":\"https:\\\/\\\/vmsport.fi\\\/?s={search_term_string}\"},\"query-input\":{\"@type\":\"PropertyValueSpecification\",\"valueRequired\":true,\"valueName\":\"search_term_string\"}}],\"inLanguage\":\"sv-SE\"},{\"@type\":\"Organization\",\"@id\":\"https:\\\/\\\/vmsport.fi\\\/#organization\",\"name\":\"Vmsport\",\"url\":\"https:\\\/\\\/vmsport.fi\\\/\",\"logo\":{\"@type\":\"ImageObject\",\"inLanguage\":\"sv-SE\",\"@id\":\"https:\\\/\\\/vmsport.fi\\\/#\\\/schema\\\/logo\\\/image\\\/\",\"url\":\"https:\\\/\\\/vmsport.fi\\\/wp-content\\\/uploads\\\/2024\\\/12\\\/vm_sport_RGB_horisontal-e1734526017575.png\",\"contentUrl\":\"https:\\\/\\\/vmsport.fi\\\/wp-content\\\/uploads\\\/2024\\\/12\\\/vm_sport_RGB_horisontal-e1734526017575.png\",\"width\":668,\"height\":85,\"caption\":\"Vmsport\"},\"image\":{\"@id\":\"https:\\\/\\\/vmsport.fi\\\/#\\\/schema\\\/logo\\\/image\\\/\"},\"sameAs\":[\"https:\\\/\\\/www.facebook.com\\\/Vmsport.fi\\\/\",\"https:\\\/\\\/www.instagram.com\\\/vmsport\\\/\"]}]}<\/script>\n<!-- \/ Yoast SEO plugin. -->","yoast_head_json":{"title":"XLC Stem ST-T14 95 mm 0\u00b0 till 60\u00b0 - VM Sport","robots":{"index":"index","follow":"follow","max-snippet":"max-snippet:-1","max-image-preview":"max-image-preview:large","max-video-preview":"max-video-preview:-1"},"canonical":"https:\/\/vmsport.fi\/sv\/webbutik\/reservdelar\/taxi\/styrfasten\/xlc-skaft-st-t14-95-mm-0-till-60\/","og_locale":"sv_SE","og_type":"article","og_title":"XLC Stem ST-T14 95 mm 0\u00b0 to 60\u00b0 - VM Sport","og_description":"XLC ST-T14 on s\u00e4\u00e4dett\u00e4v\u00e4 polkupy\u00f6r\u00e4n ohjainkannatin, jonka pituus on 95 mm. T\u00e4m\u00e4 musta ohjainkannatin mahdollistaa kulman s\u00e4\u00e4d\u00f6n 0\u00b0:sta 60\u00b0:een, mik\u00e4 tarjoaa joustavuutta ajoasennon hienos\u00e4\u00e4t\u00f6\u00f6n. T\u00e4m\u00e4 kest\u00e4v\u00e4 ja korkealaatuinen py\u00f6r\u00e4n osa sopii erinomaisesti kaikkiin py\u00f6riin, parantaen ajomukavuutta ja lis\u00e4\u00e4m\u00e4ll\u00e4 ajon mukautuvuutta. [...]L\u00e4s mer \u2026 from XLC Stem ST-T14 95 mm 0\u00b0 to 60\u00b0","og_url":"https:\/\/vmsport.fi\/sv\/webbutik\/reservdelar\/taxi\/styrfasten\/xlc-skaft-st-t14-95-mm-0-till-60\/","og_site_name":"VM Sport","article_publisher":"https:\/\/www.facebook.com\/Vmsport.fi\/","article_modified_time":"2026-01-16T11:21:14+00:00","og_image":[{"width":800,"height":800,"url":"https:\/\/vmsport.fi\/wp-content\/uploads\/2025\/03\/18OwV8lHo3NUeJh0ivaiTmYYCe0xMbCywKaA6gjSnR5cSmI6yg-1.jpg","type":"image\/jpeg"}],"twitter_card":"summary_large_image","schema":{"@context":"https:\/\/schema.org","@graph":[{"@type":["WebPage","ItemPage"],"@id":"https:\/\/vmsport.fi\/verkkokauppa\/varaosat\/ohjaamo\/ohjainkannattimet\/xlc-stem-st-t14-95-mm-0-to-60\/","url":"https:\/\/vmsport.fi\/verkkokauppa\/varaosat\/ohjaamo\/ohjainkannattimet\/xlc-stem-st-t14-95-mm-0-to-60\/","name":"XLC Stem ST-T14 95 mm 0\u00b0 till 60\u00b0 - VM Sport","isPartOf":{"@id":"https:\/\/vmsport.fi\/#website"},"primaryImageOfPage":{"@id":"https:\/\/vmsport.fi\/verkkokauppa\/varaosat\/ohjaamo\/ohjainkannattimet\/xlc-stem-st-t14-95-mm-0-to-60\/#primaryimage"},"image":{"@id":"https:\/\/vmsport.fi\/verkkokauppa\/varaosat\/ohjaamo\/ohjainkannattimet\/xlc-stem-st-t14-95-mm-0-to-60\/#primaryimage"},"thumbnailUrl":"https:\/\/vmsport.fi\/wp-content\/uploads\/2025\/03\/18OwV8lHo3NUeJh0ivaiTmYYCe0xMbCywKaA6gjSnR5cSmI6yg-1.jpg","datePublished":"2025-03-05T22:02:42+00:00","dateModified":"2026-01-16T11:21:14+00:00","breadcrumb":{"@id":"https:\/\/vmsport.fi\/verkkokauppa\/varaosat\/ohjaamo\/ohjainkannattimet\/xlc-stem-st-t14-95-mm-0-to-60\/#breadcrumb"},"inLanguage":"sv-SE","potentialAction":[{"@type":"ReadAction","target":["https:\/\/vmsport.fi\/verkkokauppa\/varaosat\/ohjaamo\/ohjainkannattimet\/xlc-stem-st-t14-95-mm-0-to-60\/"]}]},{"@type":"ImageObject","inLanguage":"sv-SE","@id":"https:\/\/vmsport.fi\/verkkokauppa\/varaosat\/ohjaamo\/ohjainkannattimet\/xlc-stem-st-t14-95-mm-0-to-60\/#primaryimage","url":"https:\/\/vmsport.fi\/wp-content\/uploads\/2025\/03\/18OwV8lHo3NUeJh0ivaiTmYYCe0xMbCywKaA6gjSnR5cSmI6yg-1.jpg","contentUrl":"https:\/\/vmsport.fi\/wp-content\/uploads\/2025\/03\/18OwV8lHo3NUeJh0ivaiTmYYCe0xMbCywKaA6gjSnR5cSmI6yg-1.jpg","width":800,"height":800,"caption":"18OwV8lHo3NUeJh0ivaiTmYYCe0xMbCywKaA6gjSnR5cSmI6yg"},{"@type":"BreadcrumbList","@id":"https:\/\/vmsport.fi\/verkkokauppa\/varaosat\/ohjaamo\/ohjainkannattimet\/xlc-stem-st-t14-95-mm-0-to-60\/#breadcrumb","itemListElement":[{"@type":"ListItem","position":1,"name":"Etusivu","item":"https:\/\/vmsport.fi\/"},{"@type":"ListItem","position":2,"name":"Online Store","item":"https:\/\/vmsport.fi\/en\/online-store\/"},{"@type":"ListItem","position":3,"name":"XLC Stem ST-T14 95 mm 0\u00b0 to 60\u00b0"}]},{"@type":"WebSite","@id":"https:\/\/vmsport.fi\/#website","url":"https:\/\/vmsport.fi\/","name":"Vmsport","description":"Allt p\u00e5 ett st\u00e4lle f\u00f6r cykling","publisher":{"@id":"https:\/\/vmsport.fi\/#organization"},"potentialAction":[{"@type":"SearchAction","target":{"@type":"EntryPoint","urlTemplate":"https:\/\/vmsport.fi\/?s={search_term_string}"},"query-input":{"@type":"PropertyValueSpecification","valueRequired":true,"valueName":"search_term_string"}}],"inLanguage":"sv-SE"},{"@type":"Organization","@id":"https:\/\/vmsport.fi\/#organization","name":"Vmsport","url":"https:\/\/vmsport.fi\/","logo":{"@type":"ImageObject","inLanguage":"sv-SE","@id":"https:\/\/vmsport.fi\/#\/schema\/logo\/image\/","url":"https:\/\/vmsport.fi\/wp-content\/uploads\/2024\/12\/vm_sport_RGB_horisontal-e1734526017575.png","contentUrl":"https:\/\/vmsport.fi\/wp-content\/uploads\/2024\/12\/vm_sport_RGB_horisontal-e1734526017575.png","width":668,"height":85,"caption":"Vmsport"},"image":{"@id":"https:\/\/vmsport.fi\/#\/schema\/logo\/image\/"},"sameAs":["https:\/\/www.facebook.com\/Vmsport.fi\/","https:\/\/www.instagram.com\/vmsport\/"]}]}},"global_unique_id":"","_links":{"self":[{"href":"https:\/\/vmsport.fi\/sv\/wp-json\/wp\/v2\/product\/55156","targetHints":{"allow":["GET"]}}],"collection":[{"href":"https:\/\/vmsport.fi\/sv\/wp-json\/wp\/v2\/product"}],"about":[{"href":"https:\/\/vmsport.fi\/sv\/wp-json\/wp\/v2\/types\/product"}],"replies":[{"embeddable":true,"href":"https:\/\/vmsport.fi\/sv\/wp-json\/wp\/v2\/comments?post=55156"}],"wp:featuredmedia":[{"embeddable":true,"href":"https:\/\/vmsport.fi\/sv\/wp-json\/wp\/v2\/media\/55155"}],"wp:attachment":[{"href":"https:\/\/vmsport.fi\/sv\/wp-json\/wp\/v2\/media?parent=55156"}],"wp:term":[{"taxonomy":"product_brand","embeddable":true,"href":"https:\/\/vmsport.fi\/sv\/wp-json\/wp\/v2\/product_brand?post=55156"},{"taxonomy":"product_model","embeddable":true,"href":"https:\/\/vmsport.fi\/sv\/wp-json\/wp\/v2\/product_model?post=55156"},{"taxonomy":"product_cat","embeddable":true,"href":"https:\/\/vmsport.fi\/sv\/wp-json\/wp\/v2\/product_cat?post=55156"},{"taxonomy":"product_tag","embeddable":true,"href":"https:\/\/vmsport.fi\/sv\/wp-json\/wp\/v2\/product_tag?post=55156"},{"taxonomy":"industry_terminology","embeddable":true,"href":"https:\/\/vmsport.fi\/sv\/wp-json\/wp\/v2\/industry-terminology?post=55156"}],"curies":[{"name":"wp","href":"https:\/\/api.w.org\/{rel}","templated":true}]}}