{"id":55137,"date":"2025-03-06T00:02:27","date_gmt":"2025-03-05T22:02:27","guid":{"rendered":"https:\/\/vmsport.fi\/verkkokauppa\/Ei-luokiteltu\/takakiekko-28-19-622-shimano-1v-alex-x-2000-2-pohja-alumiini-musta\/"},"modified":"2026-01-16T13:24:45","modified_gmt":"2026-01-16T11:24:45","slug":"bakre-skiva-28-19-622-shimano-1v-alex-x-2000-2-botten-aluminium-svart","status":"publish","type":"product","link":"https:\/\/vmsport.fi\/sv\/verkkokauppa\/varaosat\/kiekot-ja-navat\/takakiekot\/takakiekko-28-19-622-shimano-1v-alex-x-2000-2-pohja-alumiini-musta\/","title":{"rendered":"Bakre skiva 28\u2033 19-622 SHIMANO 1v, Alex X-2000, 2-sulor, aluminium, svart"},"content":{"rendered":"<p>Bakhjulet \u00e4r utformat f\u00f6r 28-tums cyklar och \u00e4r praktiskt tack vare sitt env\u00e4xlade Shimano-nav. Det dubbelv\u00e4ggiga hjulet av modellen Alex X-2000 \u00e4r tillverkat av slitstarkt aluminium och ger l\u00e5ng livsl\u00e4ngd, medan den svarta f\u00e4rgen ger en elegant look. Cykeln levereras med bromshandtag, l\u00e5sf\u00e4sten och ett 20-tandat hjul. Sapim Leader-ytorna, 36 till antalet, \u00e4r 2 mm tjocka och f\u00f6rst\u00e4rkta f\u00f6r att klara kr\u00e4vande f\u00f6rh\u00e5llanden. Den maskinbearbetade bromsytan ger utm\u00e4rkt bromsprestanda och ventilh\u00e5let p\u00e5 8,5 mm \u00e4r kompatibelt med olika ventiltyper. Detta hjul \u00e4r idealiskt f\u00f6r fotbromsade cyklar och dess konstruktion \u00e4r optimerad f\u00f6r att klara ett brett spektrum av milj\u00f6er.<\/p>","protected":false},"excerpt":{"rendered":"<p>28-tuumaisiin polkupy\u00f6riin suunniteltu takapy\u00f6r\u00e4 tarjoaa k\u00e4yt\u00e4nn\u00f6llisyytt\u00e4 yksivaihteisen Shimano-navansa ansiosta. Kaksisein\u00e4m\u00e4inen Alex X-2000 -mallirengas, valmistettu kest\u00e4v\u00e4st\u00e4 alumiinista, varmistaa pitk\u00e4ik\u00e4isyyden, ja sen musta v\u00e4ri luo tyylikk\u00e4\u00e4n ilmeen. Py\u00f6r\u00e4ss\u00e4 on mukana jarruvarsi, lukituslis\u00e4osat sek\u00e4 20-hampainen ratas. Sapim Leader -pinnat, joita on 36, ovat 2 mm paksuja ja vahvistettu kest\u00e4m\u00e4\u00e4n vaativia olosuhteita. Koneistettu jarrupinta tarjoaa erinomaisen jarrutustehon, ja 8,5 [&#8230;]<\/p>\n<p><a class=\"btn btn-secondary understrap-read-more-link\" href=\"https:\/\/vmsport.fi\/sv\/verkkokauppa\/varaosat\/kiekot-ja-navat\/takakiekot\/takakiekko-28-19-622-shimano-1v-alex-x-2000-2-pohja-alumiini-musta\/\">L\u00e4s mer \u2026<span class=\"screen-reader-text\"> from Takakiekko 28&#8243; 19-622 SHIMANO 1v, Alex X-2000, 2-pohja, alumiini, musta<\/span><\/a><\/p>\n","protected":false},"featured_media":55136,"comment_status":"open","ping_status":"closed","template":"","meta":{"_acf_changed":false,"_improvement_type_select":"improve_an_existing","_thumb_yes_seoaic":false,"_frame_yes_seoaic":false,"seoaic_generate_description":"","seoaic_improve_instructions_prompt":"","seoaic_rollback_content_improvement":"","seoaic_idea_thumbnail_generator":"","thumbnail_generated":false,"thumbnail_generate_prompt":"","seoaic_article_description":"","_supplier_stock_quantity":0},"product_brand":[],"product_model":[],"product_cat":[9486],"product_tag":[],"industry-terminology":[],"class_list":{"0":"post-55137","1":"product","2":"type-product","3":"status-publish","4":"has-post-thumbnail","6":"product_cat-takakiekot","8":"first","9":"outofstock","10":"taxable","11":"shipping-taxable","12":"product-type-simple"},"acf":{"bike_features":null,"overview":{"copy_overview":null,"key_features":null,"statement":"","youtube_url":""}},"yoast_head":"<!-- This site is optimized with the Yoast SEO plugin v27.3 - https:\/\/yoast.com\/product\/yoast-seo-wordpress\/ -->\n<title>Takakiekko 28&quot; 19-622 SHIMANO 1v, Alex X-2000, 2-pohja, alumiini, musta - VM Sport<\/title>\n<meta name=\"robots\" content=\"index, follow, max-snippet:-1, max-image-preview:large, max-video-preview:-1\" \/>\n<link rel=\"canonical\" href=\"https:\/\/vmsport.fi\/sv\/webbutik\/reservdelar\/skivor-och-nav\/bakgrund\/bakre-skiva-28-19-622-shimano-1v-alex-x-2000-2-botten-aluminium-svart\/\" \/>\n<meta property=\"og:locale\" content=\"sv_SE\" \/>\n<meta property=\"og:type\" content=\"article\" \/>\n<meta property=\"og:title\" content=\"Takakiekko 28&quot; 19-622 SHIMANO 1v, Alex X-2000, 2-pohja, alumiini, musta - VM Sport\" \/>\n<meta property=\"og:description\" content=\"28-tuumaisiin polkupy\u00f6riin suunniteltu takapy\u00f6r\u00e4 tarjoaa k\u00e4yt\u00e4nn\u00f6llisyytt\u00e4 yksivaihteisen Shimano-navansa ansiosta. Kaksisein\u00e4m\u00e4inen Alex X-2000 -mallirengas, valmistettu kest\u00e4v\u00e4st\u00e4 alumiinista, varmistaa pitk\u00e4ik\u00e4isyyden, ja sen musta v\u00e4ri luo tyylikk\u00e4\u00e4n ilmeen. Py\u00f6r\u00e4ss\u00e4 on mukana jarruvarsi, lukituslis\u00e4osat sek\u00e4 20-hampainen ratas. Sapim Leader -pinnat, joita on 36, ovat 2 mm paksuja ja vahvistettu kest\u00e4m\u00e4\u00e4n vaativia olosuhteita. Koneistettu jarrupinta tarjoaa erinomaisen jarrutustehon, ja 8,5 [...]L\u00e4s mer \u2026 from Takakiekko 28&#8243; 19-622 SHIMANO 1v, Alex X-2000, 2-pohja, alumiini, musta\" \/>\n<meta property=\"og:url\" content=\"https:\/\/vmsport.fi\/sv\/webbutik\/reservdelar\/skivor-och-nav\/bakgrund\/bakre-skiva-28-19-622-shimano-1v-alex-x-2000-2-botten-aluminium-svart\/\" \/>\n<meta property=\"og:site_name\" content=\"VM Sport\" \/>\n<meta property=\"article:publisher\" content=\"https:\/\/www.facebook.com\/Vmsport.fi\/\" \/>\n<meta property=\"article:modified_time\" content=\"2026-01-16T11:24:45+00:00\" \/>\n<meta property=\"og:image\" content=\"https:\/\/vmsport.fi\/wp-content\/uploads\/2025\/03\/59086-1.jpg\" \/>\n\t<meta property=\"og:image:width\" content=\"1000\" \/>\n\t<meta property=\"og:image:height\" content=\"1000\" \/>\n\t<meta property=\"og:image:type\" content=\"image\/jpeg\" \/>\n<meta name=\"twitter:card\" content=\"summary_large_image\" \/>\n<script type=\"application\/ld+json\" class=\"yoast-schema-graph\">{\"@context\":\"https:\\\/\\\/schema.org\",\"@graph\":[{\"@type\":[\"WebPage\",\"ItemPage\"],\"@id\":\"https:\\\/\\\/vmsport.fi\\\/verkkokauppa\\\/varaosat\\\/kiekot-ja-navat\\\/takakiekot\\\/takakiekko-28-19-622-shimano-1v-alex-x-2000-2-pohja-alumiini-musta\\\/\",\"url\":\"https:\\\/\\\/vmsport.fi\\\/verkkokauppa\\\/varaosat\\\/kiekot-ja-navat\\\/takakiekot\\\/takakiekko-28-19-622-shimano-1v-alex-x-2000-2-pohja-alumiini-musta\\\/\",\"name\":\"Takakiekko 28\\\" 19-622 SHIMANO 1v, Alex X-2000, 2-pohja, alumiini, musta - VM Sport\",\"isPartOf\":{\"@id\":\"https:\\\/\\\/vmsport.fi\\\/#website\"},\"primaryImageOfPage\":{\"@id\":\"https:\\\/\\\/vmsport.fi\\\/verkkokauppa\\\/varaosat\\\/kiekot-ja-navat\\\/takakiekot\\\/takakiekko-28-19-622-shimano-1v-alex-x-2000-2-pohja-alumiini-musta\\\/#primaryimage\"},\"image\":{\"@id\":\"https:\\\/\\\/vmsport.fi\\\/verkkokauppa\\\/varaosat\\\/kiekot-ja-navat\\\/takakiekot\\\/takakiekko-28-19-622-shimano-1v-alex-x-2000-2-pohja-alumiini-musta\\\/#primaryimage\"},\"thumbnailUrl\":\"https:\\\/\\\/vmsport.fi\\\/wp-content\\\/uploads\\\/2025\\\/03\\\/59086-1.jpg\",\"datePublished\":\"2025-03-05T22:02:27+00:00\",\"dateModified\":\"2026-01-16T11:24:45+00:00\",\"breadcrumb\":{\"@id\":\"https:\\\/\\\/vmsport.fi\\\/verkkokauppa\\\/varaosat\\\/kiekot-ja-navat\\\/takakiekot\\\/takakiekko-28-19-622-shimano-1v-alex-x-2000-2-pohja-alumiini-musta\\\/#breadcrumb\"},\"inLanguage\":\"sv-SE\",\"potentialAction\":[{\"@type\":\"ReadAction\",\"target\":[\"https:\\\/\\\/vmsport.fi\\\/verkkokauppa\\\/varaosat\\\/kiekot-ja-navat\\\/takakiekot\\\/takakiekko-28-19-622-shimano-1v-alex-x-2000-2-pohja-alumiini-musta\\\/\"]}]},{\"@type\":\"ImageObject\",\"inLanguage\":\"sv-SE\",\"@id\":\"https:\\\/\\\/vmsport.fi\\\/verkkokauppa\\\/varaosat\\\/kiekot-ja-navat\\\/takakiekot\\\/takakiekko-28-19-622-shimano-1v-alex-x-2000-2-pohja-alumiini-musta\\\/#primaryimage\",\"url\":\"https:\\\/\\\/vmsport.fi\\\/wp-content\\\/uploads\\\/2025\\\/03\\\/59086-1.jpg\",\"contentUrl\":\"https:\\\/\\\/vmsport.fi\\\/wp-content\\\/uploads\\\/2025\\\/03\\\/59086-1.jpg\",\"width\":1000,\"height\":1000,\"caption\":\"59086\"},{\"@type\":\"BreadcrumbList\",\"@id\":\"https:\\\/\\\/vmsport.fi\\\/verkkokauppa\\\/varaosat\\\/kiekot-ja-navat\\\/takakiekot\\\/takakiekko-28-19-622-shimano-1v-alex-x-2000-2-pohja-alumiini-musta\\\/#breadcrumb\",\"itemListElement\":[{\"@type\":\"ListItem\",\"position\":1,\"name\":\"Etusivu\",\"item\":\"https:\\\/\\\/vmsport.fi\\\/\"},{\"@type\":\"ListItem\",\"position\":2,\"name\":\"Online Store\",\"item\":\"https:\\\/\\\/vmsport.fi\\\/en\\\/online-store\\\/\"},{\"@type\":\"ListItem\",\"position\":3,\"name\":\"Takakiekko 28&#8243; 19-622 SHIMANO 1v, Alex X-2000, 2-pohja, alumiini, musta\"}]},{\"@type\":\"WebSite\",\"@id\":\"https:\\\/\\\/vmsport.fi\\\/#website\",\"url\":\"https:\\\/\\\/vmsport.fi\\\/\",\"name\":\"Vmsport\",\"description\":\"Kaikki py\u00f6r\u00e4ilyyn yhdest\u00e4 paikasta\",\"publisher\":{\"@id\":\"https:\\\/\\\/vmsport.fi\\\/#organization\"},\"potentialAction\":[{\"@type\":\"SearchAction\",\"target\":{\"@type\":\"EntryPoint\",\"urlTemplate\":\"https:\\\/\\\/vmsport.fi\\\/?s={search_term_string}\"},\"query-input\":{\"@type\":\"PropertyValueSpecification\",\"valueRequired\":true,\"valueName\":\"search_term_string\"}}],\"inLanguage\":\"sv-SE\"},{\"@type\":\"Organization\",\"@id\":\"https:\\\/\\\/vmsport.fi\\\/#organization\",\"name\":\"Vmsport\",\"url\":\"https:\\\/\\\/vmsport.fi\\\/\",\"logo\":{\"@type\":\"ImageObject\",\"inLanguage\":\"sv-SE\",\"@id\":\"https:\\\/\\\/vmsport.fi\\\/#\\\/schema\\\/logo\\\/image\\\/\",\"url\":\"https:\\\/\\\/vmsport.fi\\\/wp-content\\\/uploads\\\/2024\\\/12\\\/vm_sport_RGB_horisontal-e1734526017575.png\",\"contentUrl\":\"https:\\\/\\\/vmsport.fi\\\/wp-content\\\/uploads\\\/2024\\\/12\\\/vm_sport_RGB_horisontal-e1734526017575.png\",\"width\":668,\"height\":85,\"caption\":\"Vmsport\"},\"image\":{\"@id\":\"https:\\\/\\\/vmsport.fi\\\/#\\\/schema\\\/logo\\\/image\\\/\"},\"sameAs\":[\"https:\\\/\\\/www.facebook.com\\\/Vmsport.fi\\\/\",\"https:\\\/\\\/www.instagram.com\\\/vmsport\\\/\"]}]}<\/script>\n<!-- \/ Yoast SEO plugin. -->","yoast_head_json":{"title":"Bakre skiva 28\" 19-622 SHIMANO 1v, Alex X-2000, 2-bottnad, aluminium, svart - VM Sport","robots":{"index":"index","follow":"follow","max-snippet":"max-snippet:-1","max-image-preview":"max-image-preview:large","max-video-preview":"max-video-preview:-1"},"canonical":"https:\/\/vmsport.fi\/sv\/webbutik\/reservdelar\/skivor-och-nav\/bakgrund\/bakre-skiva-28-19-622-shimano-1v-alex-x-2000-2-botten-aluminium-svart\/","og_locale":"sv_SE","og_type":"article","og_title":"Takakiekko 28\" 19-622 SHIMANO 1v, Alex X-2000, 2-pohja, alumiini, musta - VM Sport","og_description":"28-tuumaisiin polkupy\u00f6riin suunniteltu takapy\u00f6r\u00e4 tarjoaa k\u00e4yt\u00e4nn\u00f6llisyytt\u00e4 yksivaihteisen Shimano-navansa ansiosta. Kaksisein\u00e4m\u00e4inen Alex X-2000 -mallirengas, valmistettu kest\u00e4v\u00e4st\u00e4 alumiinista, varmistaa pitk\u00e4ik\u00e4isyyden, ja sen musta v\u00e4ri luo tyylikk\u00e4\u00e4n ilmeen. Py\u00f6r\u00e4ss\u00e4 on mukana jarruvarsi, lukituslis\u00e4osat sek\u00e4 20-hampainen ratas. Sapim Leader -pinnat, joita on 36, ovat 2 mm paksuja ja vahvistettu kest\u00e4m\u00e4\u00e4n vaativia olosuhteita. Koneistettu jarrupinta tarjoaa erinomaisen jarrutustehon, ja 8,5 [...]L\u00e4s mer \u2026 from Takakiekko 28&#8243; 19-622 SHIMANO 1v, Alex X-2000, 2-pohja, alumiini, musta","og_url":"https:\/\/vmsport.fi\/sv\/webbutik\/reservdelar\/skivor-och-nav\/bakgrund\/bakre-skiva-28-19-622-shimano-1v-alex-x-2000-2-botten-aluminium-svart\/","og_site_name":"VM Sport","article_publisher":"https:\/\/www.facebook.com\/Vmsport.fi\/","article_modified_time":"2026-01-16T11:24:45+00:00","og_image":[{"width":1000,"height":1000,"url":"https:\/\/vmsport.fi\/wp-content\/uploads\/2025\/03\/59086-1.jpg","type":"image\/jpeg"}],"twitter_card":"summary_large_image","schema":{"@context":"https:\/\/schema.org","@graph":[{"@type":["WebPage","ItemPage"],"@id":"https:\/\/vmsport.fi\/verkkokauppa\/varaosat\/kiekot-ja-navat\/takakiekot\/takakiekko-28-19-622-shimano-1v-alex-x-2000-2-pohja-alumiini-musta\/","url":"https:\/\/vmsport.fi\/verkkokauppa\/varaosat\/kiekot-ja-navat\/takakiekot\/takakiekko-28-19-622-shimano-1v-alex-x-2000-2-pohja-alumiini-musta\/","name":"Bakre skiva 28\" 19-622 SHIMANO 1v, Alex X-2000, 2-bottnad, aluminium, svart - VM Sport","isPartOf":{"@id":"https:\/\/vmsport.fi\/#website"},"primaryImageOfPage":{"@id":"https:\/\/vmsport.fi\/verkkokauppa\/varaosat\/kiekot-ja-navat\/takakiekot\/takakiekko-28-19-622-shimano-1v-alex-x-2000-2-pohja-alumiini-musta\/#primaryimage"},"image":{"@id":"https:\/\/vmsport.fi\/verkkokauppa\/varaosat\/kiekot-ja-navat\/takakiekot\/takakiekko-28-19-622-shimano-1v-alex-x-2000-2-pohja-alumiini-musta\/#primaryimage"},"thumbnailUrl":"https:\/\/vmsport.fi\/wp-content\/uploads\/2025\/03\/59086-1.jpg","datePublished":"2025-03-05T22:02:27+00:00","dateModified":"2026-01-16T11:24:45+00:00","breadcrumb":{"@id":"https:\/\/vmsport.fi\/verkkokauppa\/varaosat\/kiekot-ja-navat\/takakiekot\/takakiekko-28-19-622-shimano-1v-alex-x-2000-2-pohja-alumiini-musta\/#breadcrumb"},"inLanguage":"sv-SE","potentialAction":[{"@type":"ReadAction","target":["https:\/\/vmsport.fi\/verkkokauppa\/varaosat\/kiekot-ja-navat\/takakiekot\/takakiekko-28-19-622-shimano-1v-alex-x-2000-2-pohja-alumiini-musta\/"]}]},{"@type":"ImageObject","inLanguage":"sv-SE","@id":"https:\/\/vmsport.fi\/verkkokauppa\/varaosat\/kiekot-ja-navat\/takakiekot\/takakiekko-28-19-622-shimano-1v-alex-x-2000-2-pohja-alumiini-musta\/#primaryimage","url":"https:\/\/vmsport.fi\/wp-content\/uploads\/2025\/03\/59086-1.jpg","contentUrl":"https:\/\/vmsport.fi\/wp-content\/uploads\/2025\/03\/59086-1.jpg","width":1000,"height":1000,"caption":"59086"},{"@type":"BreadcrumbList","@id":"https:\/\/vmsport.fi\/verkkokauppa\/varaosat\/kiekot-ja-navat\/takakiekot\/takakiekko-28-19-622-shimano-1v-alex-x-2000-2-pohja-alumiini-musta\/#breadcrumb","itemListElement":[{"@type":"ListItem","position":1,"name":"Etusivu","item":"https:\/\/vmsport.fi\/"},{"@type":"ListItem","position":2,"name":"Online Store","item":"https:\/\/vmsport.fi\/en\/online-store\/"},{"@type":"ListItem","position":3,"name":"Takakiekko 28&#8243; 19-622 SHIMANO 1v, Alex X-2000, 2-pohja, alumiini, musta"}]},{"@type":"WebSite","@id":"https:\/\/vmsport.fi\/#website","url":"https:\/\/vmsport.fi\/","name":"Vmsport","description":"Allt p\u00e5 ett st\u00e4lle f\u00f6r cykling","publisher":{"@id":"https:\/\/vmsport.fi\/#organization"},"potentialAction":[{"@type":"SearchAction","target":{"@type":"EntryPoint","urlTemplate":"https:\/\/vmsport.fi\/?s={search_term_string}"},"query-input":{"@type":"PropertyValueSpecification","valueRequired":true,"valueName":"search_term_string"}}],"inLanguage":"sv-SE"},{"@type":"Organization","@id":"https:\/\/vmsport.fi\/#organization","name":"Vmsport","url":"https:\/\/vmsport.fi\/","logo":{"@type":"ImageObject","inLanguage":"sv-SE","@id":"https:\/\/vmsport.fi\/#\/schema\/logo\/image\/","url":"https:\/\/vmsport.fi\/wp-content\/uploads\/2024\/12\/vm_sport_RGB_horisontal-e1734526017575.png","contentUrl":"https:\/\/vmsport.fi\/wp-content\/uploads\/2024\/12\/vm_sport_RGB_horisontal-e1734526017575.png","width":668,"height":85,"caption":"Vmsport"},"image":{"@id":"https:\/\/vmsport.fi\/#\/schema\/logo\/image\/"},"sameAs":["https:\/\/www.facebook.com\/Vmsport.fi\/","https:\/\/www.instagram.com\/vmsport\/"]}]}},"global_unique_id":"","_links":{"self":[{"href":"https:\/\/vmsport.fi\/sv\/wp-json\/wp\/v2\/product\/55137","targetHints":{"allow":["GET"]}}],"collection":[{"href":"https:\/\/vmsport.fi\/sv\/wp-json\/wp\/v2\/product"}],"about":[{"href":"https:\/\/vmsport.fi\/sv\/wp-json\/wp\/v2\/types\/product"}],"replies":[{"embeddable":true,"href":"https:\/\/vmsport.fi\/sv\/wp-json\/wp\/v2\/comments?post=55137"}],"wp:featuredmedia":[{"embeddable":true,"href":"https:\/\/vmsport.fi\/sv\/wp-json\/wp\/v2\/media\/55136"}],"wp:attachment":[{"href":"https:\/\/vmsport.fi\/sv\/wp-json\/wp\/v2\/media?parent=55137"}],"wp:term":[{"taxonomy":"product_brand","embeddable":true,"href":"https:\/\/vmsport.fi\/sv\/wp-json\/wp\/v2\/product_brand?post=55137"},{"taxonomy":"product_model","embeddable":true,"href":"https:\/\/vmsport.fi\/sv\/wp-json\/wp\/v2\/product_model?post=55137"},{"taxonomy":"product_cat","embeddable":true,"href":"https:\/\/vmsport.fi\/sv\/wp-json\/wp\/v2\/product_cat?post=55137"},{"taxonomy":"product_tag","embeddable":true,"href":"https:\/\/vmsport.fi\/sv\/wp-json\/wp\/v2\/product_tag?post=55137"},{"taxonomy":"industry_terminology","embeddable":true,"href":"https:\/\/vmsport.fi\/sv\/wp-json\/wp\/v2\/industry-terminology?post=55137"}],"curies":[{"name":"wp","href":"https:\/\/api.w.org\/{rel}","templated":true}]}}