{"id":55135,"date":"2025-03-06T00:02:26","date_gmt":"2025-03-05T22:02:26","guid":{"rendered":"https:\/\/vmsport.fi\/verkkokauppa\/Ei-luokiteltu\/schwalbe-dv13-26-x-16-24-40-62x559-dunlop-40-mm\/"},"modified":"2026-01-16T13:25:26","modified_gmt":"2026-01-16T11:25:26","slug":"schwalbe-dv13-26-x-16-24-40-62x559-dunlop-40-mm","status":"publish","type":"product","link":"https:\/\/vmsport.fi\/sv\/verkkokauppa\/renkaat\/sisarenkaat\/schwalbe-dv13-26-x-16-24-40-62x559-dunlop-40-mm\/","title":{"rendered":"SCHWALBE DV13 26 x 1,6 - 2,4 (40-62\u00d7559) Dunlop 40 mm"},"content":{"rendered":"<p>Schwalbe DV13 \u00e4r en cykelslang avsedd f\u00f6r 26-tumsd\u00e4ck med en bredd p\u00e5 1,6 till 2,4 tum. Den 40 mm l\u00e5nga Dunlop-ventilen g\u00f6r det enkelt och smidigt att fylla p\u00e5 luft. D\u00e4cket passar d\u00e4ckbredder fr\u00e5n 40 till 62 mm och \u00e4r kompatibelt med 559 mm f\u00e4lgar. Denna produkt \u00e4r utformad f\u00f6r h\u00e5llbar anv\u00e4ndning och kommer att f\u00f6rb\u00e4ttra din k\u00f6rupplevelse avsev\u00e4rt.<\/p>","protected":false},"excerpt":{"rendered":"<p>Schwalbe DV13 on polkupy\u00f6r\u00e4n sis\u00e4rengas, joka on suunniteltu 26 tuuman renkaisiin, leveydelt\u00e4\u00e4n 1,6\u20132,4 tuumaa. Sen 40 mm pitk\u00e4 Dunlop-venttiili tekee ilman lis\u00e4\u00e4misest\u00e4 helppoa ja vaivatonta. Rengas sopii renkaanleveyksiin 40-62 mm ja on yhteensopiva 559 mm:n vanteen kanssa. T\u00e4m\u00e4 tuote on suunniteltu kest\u00e4v\u00e4\u00e4n k\u00e4ytt\u00f6\u00f6n ja parantaa ajokokemustasi huomattavasti. [&#8230;]<\/p>\n<p><a class=\"btn btn-secondary understrap-read-more-link\" href=\"https:\/\/vmsport.fi\/sv\/verkkokauppa\/renkaat\/sisarenkaat\/schwalbe-dv13-26-x-16-24-40-62x559-dunlop-40-mm\/\">L\u00e4s mer \u2026<span class=\"screen-reader-text\"> from SCHWALBE DV13 26 x 1,6 &#8211; 2,4 (40-62&#215;559) Dunlop 40 mm<\/span><\/a><\/p>\n","protected":false},"featured_media":55134,"comment_status":"open","ping_status":"closed","template":"","meta":{"_acf_changed":false,"_improvement_type_select":"improve_an_existing","_thumb_yes_seoaic":false,"_frame_yes_seoaic":false,"seoaic_generate_description":"","seoaic_improve_instructions_prompt":"","seoaic_rollback_content_improvement":"","seoaic_idea_thumbnail_generator":"","thumbnail_generated":false,"thumbnail_generate_prompt":"","seoaic_article_description":"","_supplier_stock_quantity":0},"product_brand":[],"product_model":[],"product_cat":[9312],"product_tag":[],"industry-terminology":[],"class_list":{"0":"post-55135","1":"product","2":"type-product","3":"status-publish","4":"has-post-thumbnail","6":"product_cat-sisarenkaat","8":"first","9":"outofstock","10":"taxable","11":"shipping-taxable","12":"product-type-simple"},"acf":{"bike_features":null,"overview":{"copy_overview":null,"key_features":null,"statement":"","youtube_url":""}},"yoast_head":"<!-- This site is optimized with the Yoast SEO plugin v27.3 - https:\/\/yoast.com\/product\/yoast-seo-wordpress\/ -->\n<title>SCHWALBE DV13 26 x 1,6 - 2,4 (40-62x559) Dunlop 40 mm - VM Sport<\/title>\n<meta name=\"robots\" content=\"index, follow, max-snippet:-1, max-image-preview:large, max-video-preview:-1\" \/>\n<link rel=\"canonical\" href=\"https:\/\/vmsport.fi\/sv\/webbutik\/dack\/systerdack\/schwalbe-dv13-26-x-16-24-40-62x559-dunlop-40-mm\/\" \/>\n<meta property=\"og:locale\" content=\"sv_SE\" \/>\n<meta property=\"og:type\" content=\"article\" \/>\n<meta property=\"og:title\" content=\"SCHWALBE DV13 26 x 1,6 - 2,4 (40-62x559) Dunlop 40 mm - VM Sport\" \/>\n<meta property=\"og:description\" content=\"Schwalbe DV13 on polkupy\u00f6r\u00e4n sis\u00e4rengas, joka on suunniteltu 26 tuuman renkaisiin, leveydelt\u00e4\u00e4n 1,6\u20132,4 tuumaa. Sen 40 mm pitk\u00e4 Dunlop-venttiili tekee ilman lis\u00e4\u00e4misest\u00e4 helppoa ja vaivatonta. Rengas sopii renkaanleveyksiin 40-62 mm ja on yhteensopiva 559 mm:n vanteen kanssa. T\u00e4m\u00e4 tuote on suunniteltu kest\u00e4v\u00e4\u00e4n k\u00e4ytt\u00f6\u00f6n ja parantaa ajokokemustasi huomattavasti. [...]L\u00e4s mer \u2026 from SCHWALBE DV13 26 x 1,6 &#8211; 2,4 (40-62&#215;559) Dunlop 40 mm\" \/>\n<meta property=\"og:url\" content=\"https:\/\/vmsport.fi\/sv\/webbutik\/dack\/systerdack\/schwalbe-dv13-26-x-16-24-40-62x559-dunlop-40-mm\/\" \/>\n<meta property=\"og:site_name\" content=\"VM Sport\" \/>\n<meta property=\"article:publisher\" content=\"https:\/\/www.facebook.com\/Vmsport.fi\/\" \/>\n<meta property=\"article:modified_time\" content=\"2026-01-16T11:25:26+00:00\" \/>\n<meta property=\"og:image\" content=\"https:\/\/vmsport.fi\/wp-content\/uploads\/2025\/03\/Qv2zf4N7CZjpmy9l5TlcB9R9QoOXiXHbEUA5MLuRYti7sCm2XK-1.jpg\" \/>\n\t<meta property=\"og:image:width\" content=\"800\" \/>\n\t<meta property=\"og:image:height\" content=\"800\" \/>\n\t<meta property=\"og:image:type\" content=\"image\/jpeg\" \/>\n<meta name=\"twitter:card\" content=\"summary_large_image\" \/>\n<script type=\"application\/ld+json\" class=\"yoast-schema-graph\">{\"@context\":\"https:\\\/\\\/schema.org\",\"@graph\":[{\"@type\":[\"WebPage\",\"ItemPage\"],\"@id\":\"https:\\\/\\\/vmsport.fi\\\/verkkokauppa\\\/renkaat\\\/sisarenkaat\\\/schwalbe-dv13-26-x-16-24-40-62x559-dunlop-40-mm\\\/\",\"url\":\"https:\\\/\\\/vmsport.fi\\\/verkkokauppa\\\/renkaat\\\/sisarenkaat\\\/schwalbe-dv13-26-x-16-24-40-62x559-dunlop-40-mm\\\/\",\"name\":\"SCHWALBE DV13 26 x 1,6 - 2,4 (40-62x559) Dunlop 40 mm - VM Sport\",\"isPartOf\":{\"@id\":\"https:\\\/\\\/vmsport.fi\\\/#website\"},\"primaryImageOfPage\":{\"@id\":\"https:\\\/\\\/vmsport.fi\\\/verkkokauppa\\\/renkaat\\\/sisarenkaat\\\/schwalbe-dv13-26-x-16-24-40-62x559-dunlop-40-mm\\\/#primaryimage\"},\"image\":{\"@id\":\"https:\\\/\\\/vmsport.fi\\\/verkkokauppa\\\/renkaat\\\/sisarenkaat\\\/schwalbe-dv13-26-x-16-24-40-62x559-dunlop-40-mm\\\/#primaryimage\"},\"thumbnailUrl\":\"https:\\\/\\\/vmsport.fi\\\/wp-content\\\/uploads\\\/2025\\\/03\\\/Qv2zf4N7CZjpmy9l5TlcB9R9QoOXiXHbEUA5MLuRYti7sCm2XK-1.jpg\",\"datePublished\":\"2025-03-05T22:02:26+00:00\",\"dateModified\":\"2026-01-16T11:25:26+00:00\",\"breadcrumb\":{\"@id\":\"https:\\\/\\\/vmsport.fi\\\/verkkokauppa\\\/renkaat\\\/sisarenkaat\\\/schwalbe-dv13-26-x-16-24-40-62x559-dunlop-40-mm\\\/#breadcrumb\"},\"inLanguage\":\"sv-SE\",\"potentialAction\":[{\"@type\":\"ReadAction\",\"target\":[\"https:\\\/\\\/vmsport.fi\\\/verkkokauppa\\\/renkaat\\\/sisarenkaat\\\/schwalbe-dv13-26-x-16-24-40-62x559-dunlop-40-mm\\\/\"]}]},{\"@type\":\"ImageObject\",\"inLanguage\":\"sv-SE\",\"@id\":\"https:\\\/\\\/vmsport.fi\\\/verkkokauppa\\\/renkaat\\\/sisarenkaat\\\/schwalbe-dv13-26-x-16-24-40-62x559-dunlop-40-mm\\\/#primaryimage\",\"url\":\"https:\\\/\\\/vmsport.fi\\\/wp-content\\\/uploads\\\/2025\\\/03\\\/Qv2zf4N7CZjpmy9l5TlcB9R9QoOXiXHbEUA5MLuRYti7sCm2XK-1.jpg\",\"contentUrl\":\"https:\\\/\\\/vmsport.fi\\\/wp-content\\\/uploads\\\/2025\\\/03\\\/Qv2zf4N7CZjpmy9l5TlcB9R9QoOXiXHbEUA5MLuRYti7sCm2XK-1.jpg\",\"width\":800,\"height\":800,\"caption\":\"Qv2zf4N7CZjpmy9l5TlcB9R9QoOXiXHbEUA5MLuRYti7sCm2XK\"},{\"@type\":\"BreadcrumbList\",\"@id\":\"https:\\\/\\\/vmsport.fi\\\/verkkokauppa\\\/renkaat\\\/sisarenkaat\\\/schwalbe-dv13-26-x-16-24-40-62x559-dunlop-40-mm\\\/#breadcrumb\",\"itemListElement\":[{\"@type\":\"ListItem\",\"position\":1,\"name\":\"Etusivu\",\"item\":\"https:\\\/\\\/vmsport.fi\\\/\"},{\"@type\":\"ListItem\",\"position\":2,\"name\":\"Online Store\",\"item\":\"https:\\\/\\\/vmsport.fi\\\/en\\\/online-store\\\/\"},{\"@type\":\"ListItem\",\"position\":3,\"name\":\"SCHWALBE DV13 26 x 1,6 &#8211; 2,4 (40-62&#215;559) Dunlop 40 mm\"}]},{\"@type\":\"WebSite\",\"@id\":\"https:\\\/\\\/vmsport.fi\\\/#website\",\"url\":\"https:\\\/\\\/vmsport.fi\\\/\",\"name\":\"Vmsport\",\"description\":\"Kaikki py\u00f6r\u00e4ilyyn yhdest\u00e4 paikasta\",\"publisher\":{\"@id\":\"https:\\\/\\\/vmsport.fi\\\/#organization\"},\"potentialAction\":[{\"@type\":\"SearchAction\",\"target\":{\"@type\":\"EntryPoint\",\"urlTemplate\":\"https:\\\/\\\/vmsport.fi\\\/?s={search_term_string}\"},\"query-input\":{\"@type\":\"PropertyValueSpecification\",\"valueRequired\":true,\"valueName\":\"search_term_string\"}}],\"inLanguage\":\"sv-SE\"},{\"@type\":\"Organization\",\"@id\":\"https:\\\/\\\/vmsport.fi\\\/#organization\",\"name\":\"Vmsport\",\"url\":\"https:\\\/\\\/vmsport.fi\\\/\",\"logo\":{\"@type\":\"ImageObject\",\"inLanguage\":\"sv-SE\",\"@id\":\"https:\\\/\\\/vmsport.fi\\\/#\\\/schema\\\/logo\\\/image\\\/\",\"url\":\"https:\\\/\\\/vmsport.fi\\\/wp-content\\\/uploads\\\/2024\\\/12\\\/vm_sport_RGB_horisontal-e1734526017575.png\",\"contentUrl\":\"https:\\\/\\\/vmsport.fi\\\/wp-content\\\/uploads\\\/2024\\\/12\\\/vm_sport_RGB_horisontal-e1734526017575.png\",\"width\":668,\"height\":85,\"caption\":\"Vmsport\"},\"image\":{\"@id\":\"https:\\\/\\\/vmsport.fi\\\/#\\\/schema\\\/logo\\\/image\\\/\"},\"sameAs\":[\"https:\\\/\\\/www.facebook.com\\\/Vmsport.fi\\\/\",\"https:\\\/\\\/www.instagram.com\\\/vmsport\\\/\"]}]}<\/script>\n<!-- \/ Yoast SEO plugin. -->","yoast_head_json":{"title":"SCHWALBE DV13 26 x 1,6 - 2,4 (40-62x559) Dunlop 40 mm - VM Sport","robots":{"index":"index","follow":"follow","max-snippet":"max-snippet:-1","max-image-preview":"max-image-preview:large","max-video-preview":"max-video-preview:-1"},"canonical":"https:\/\/vmsport.fi\/sv\/webbutik\/dack\/systerdack\/schwalbe-dv13-26-x-16-24-40-62x559-dunlop-40-mm\/","og_locale":"sv_SE","og_type":"article","og_title":"SCHWALBE DV13 26 x 1,6 - 2,4 (40-62x559) Dunlop 40 mm - VM Sport","og_description":"Schwalbe DV13 on polkupy\u00f6r\u00e4n sis\u00e4rengas, joka on suunniteltu 26 tuuman renkaisiin, leveydelt\u00e4\u00e4n 1,6\u20132,4 tuumaa. Sen 40 mm pitk\u00e4 Dunlop-venttiili tekee ilman lis\u00e4\u00e4misest\u00e4 helppoa ja vaivatonta. Rengas sopii renkaanleveyksiin 40-62 mm ja on yhteensopiva 559 mm:n vanteen kanssa. T\u00e4m\u00e4 tuote on suunniteltu kest\u00e4v\u00e4\u00e4n k\u00e4ytt\u00f6\u00f6n ja parantaa ajokokemustasi huomattavasti. [...]L\u00e4s mer \u2026 from SCHWALBE DV13 26 x 1,6 &#8211; 2,4 (40-62&#215;559) Dunlop 40 mm","og_url":"https:\/\/vmsport.fi\/sv\/webbutik\/dack\/systerdack\/schwalbe-dv13-26-x-16-24-40-62x559-dunlop-40-mm\/","og_site_name":"VM Sport","article_publisher":"https:\/\/www.facebook.com\/Vmsport.fi\/","article_modified_time":"2026-01-16T11:25:26+00:00","og_image":[{"width":800,"height":800,"url":"https:\/\/vmsport.fi\/wp-content\/uploads\/2025\/03\/Qv2zf4N7CZjpmy9l5TlcB9R9QoOXiXHbEUA5MLuRYti7sCm2XK-1.jpg","type":"image\/jpeg"}],"twitter_card":"summary_large_image","schema":{"@context":"https:\/\/schema.org","@graph":[{"@type":["WebPage","ItemPage"],"@id":"https:\/\/vmsport.fi\/verkkokauppa\/renkaat\/sisarenkaat\/schwalbe-dv13-26-x-16-24-40-62x559-dunlop-40-mm\/","url":"https:\/\/vmsport.fi\/verkkokauppa\/renkaat\/sisarenkaat\/schwalbe-dv13-26-x-16-24-40-62x559-dunlop-40-mm\/","name":"SCHWALBE DV13 26 x 1,6 - 2,4 (40-62x559) Dunlop 40 mm - VM Sport","isPartOf":{"@id":"https:\/\/vmsport.fi\/#website"},"primaryImageOfPage":{"@id":"https:\/\/vmsport.fi\/verkkokauppa\/renkaat\/sisarenkaat\/schwalbe-dv13-26-x-16-24-40-62x559-dunlop-40-mm\/#primaryimage"},"image":{"@id":"https:\/\/vmsport.fi\/verkkokauppa\/renkaat\/sisarenkaat\/schwalbe-dv13-26-x-16-24-40-62x559-dunlop-40-mm\/#primaryimage"},"thumbnailUrl":"https:\/\/vmsport.fi\/wp-content\/uploads\/2025\/03\/Qv2zf4N7CZjpmy9l5TlcB9R9QoOXiXHbEUA5MLuRYti7sCm2XK-1.jpg","datePublished":"2025-03-05T22:02:26+00:00","dateModified":"2026-01-16T11:25:26+00:00","breadcrumb":{"@id":"https:\/\/vmsport.fi\/verkkokauppa\/renkaat\/sisarenkaat\/schwalbe-dv13-26-x-16-24-40-62x559-dunlop-40-mm\/#breadcrumb"},"inLanguage":"sv-SE","potentialAction":[{"@type":"ReadAction","target":["https:\/\/vmsport.fi\/verkkokauppa\/renkaat\/sisarenkaat\/schwalbe-dv13-26-x-16-24-40-62x559-dunlop-40-mm\/"]}]},{"@type":"ImageObject","inLanguage":"sv-SE","@id":"https:\/\/vmsport.fi\/verkkokauppa\/renkaat\/sisarenkaat\/schwalbe-dv13-26-x-16-24-40-62x559-dunlop-40-mm\/#primaryimage","url":"https:\/\/vmsport.fi\/wp-content\/uploads\/2025\/03\/Qv2zf4N7CZjpmy9l5TlcB9R9QoOXiXHbEUA5MLuRYti7sCm2XK-1.jpg","contentUrl":"https:\/\/vmsport.fi\/wp-content\/uploads\/2025\/03\/Qv2zf4N7CZjpmy9l5TlcB9R9QoOXiXHbEUA5MLuRYti7sCm2XK-1.jpg","width":800,"height":800,"caption":"Qv2zf4N7CZjpmy9l5TlcB9R9QoOXiXHbEUA5MLuRYti7sCm2XK"},{"@type":"BreadcrumbList","@id":"https:\/\/vmsport.fi\/verkkokauppa\/renkaat\/sisarenkaat\/schwalbe-dv13-26-x-16-24-40-62x559-dunlop-40-mm\/#breadcrumb","itemListElement":[{"@type":"ListItem","position":1,"name":"Etusivu","item":"https:\/\/vmsport.fi\/"},{"@type":"ListItem","position":2,"name":"Online Store","item":"https:\/\/vmsport.fi\/en\/online-store\/"},{"@type":"ListItem","position":3,"name":"SCHWALBE DV13 26 x 1,6 &#8211; 2,4 (40-62&#215;559) Dunlop 40 mm"}]},{"@type":"WebSite","@id":"https:\/\/vmsport.fi\/#website","url":"https:\/\/vmsport.fi\/","name":"Vmsport","description":"Allt p\u00e5 ett st\u00e4lle f\u00f6r cykling","publisher":{"@id":"https:\/\/vmsport.fi\/#organization"},"potentialAction":[{"@type":"SearchAction","target":{"@type":"EntryPoint","urlTemplate":"https:\/\/vmsport.fi\/?s={search_term_string}"},"query-input":{"@type":"PropertyValueSpecification","valueRequired":true,"valueName":"search_term_string"}}],"inLanguage":"sv-SE"},{"@type":"Organization","@id":"https:\/\/vmsport.fi\/#organization","name":"Vmsport","url":"https:\/\/vmsport.fi\/","logo":{"@type":"ImageObject","inLanguage":"sv-SE","@id":"https:\/\/vmsport.fi\/#\/schema\/logo\/image\/","url":"https:\/\/vmsport.fi\/wp-content\/uploads\/2024\/12\/vm_sport_RGB_horisontal-e1734526017575.png","contentUrl":"https:\/\/vmsport.fi\/wp-content\/uploads\/2024\/12\/vm_sport_RGB_horisontal-e1734526017575.png","width":668,"height":85,"caption":"Vmsport"},"image":{"@id":"https:\/\/vmsport.fi\/#\/schema\/logo\/image\/"},"sameAs":["https:\/\/www.facebook.com\/Vmsport.fi\/","https:\/\/www.instagram.com\/vmsport\/"]}]}},"global_unique_id":"","_links":{"self":[{"href":"https:\/\/vmsport.fi\/sv\/wp-json\/wp\/v2\/product\/55135","targetHints":{"allow":["GET"]}}],"collection":[{"href":"https:\/\/vmsport.fi\/sv\/wp-json\/wp\/v2\/product"}],"about":[{"href":"https:\/\/vmsport.fi\/sv\/wp-json\/wp\/v2\/types\/product"}],"replies":[{"embeddable":true,"href":"https:\/\/vmsport.fi\/sv\/wp-json\/wp\/v2\/comments?post=55135"}],"wp:featuredmedia":[{"embeddable":true,"href":"https:\/\/vmsport.fi\/sv\/wp-json\/wp\/v2\/media\/55134"}],"wp:attachment":[{"href":"https:\/\/vmsport.fi\/sv\/wp-json\/wp\/v2\/media?parent=55135"}],"wp:term":[{"taxonomy":"product_brand","embeddable":true,"href":"https:\/\/vmsport.fi\/sv\/wp-json\/wp\/v2\/product_brand?post=55135"},{"taxonomy":"product_model","embeddable":true,"href":"https:\/\/vmsport.fi\/sv\/wp-json\/wp\/v2\/product_model?post=55135"},{"taxonomy":"product_cat","embeddable":true,"href":"https:\/\/vmsport.fi\/sv\/wp-json\/wp\/v2\/product_cat?post=55135"},{"taxonomy":"product_tag","embeddable":true,"href":"https:\/\/vmsport.fi\/sv\/wp-json\/wp\/v2\/product_tag?post=55135"},{"taxonomy":"industry_terminology","embeddable":true,"href":"https:\/\/vmsport.fi\/sv\/wp-json\/wp\/v2\/industry-terminology?post=55135"}],"curies":[{"name":"wp","href":"https:\/\/api.w.org\/{rel}","templated":true}]}}