{"id":55130,"date":"2025-03-06T00:02:24","date_gmt":"2025-03-05T22:02:24","guid":{"rendered":"https:\/\/vmsport.fi\/verkkokauppa\/Ei-luokiteltu\/knog-scout-bike-alarm-finder\/"},"modified":"2026-01-16T13:25:34","modified_gmt":"2026-01-16T11:25:34","slug":"knog-scout-cykel-larmsokare","status":"publish","type":"product","link":"https:\/\/vmsport.fi\/sv\/verkkokauppa\/varaosat\/sahkopyorien-osat\/sahkopyora-tarvikkeet\/knog-scout-bike-alarm-finder\/","title":{"rendered":"Knog Scout Larm och s\u00f6kare f\u00f6r cykel"},"content":{"rendered":"<p>Knog Scout \u00e4r ett cykellarm och en lokaliseringsenhet som \u00f6kar s\u00e4kerheten i ditt fordon. N\u00e4r den kopplas ihop med Apples Find My-app kan du lokalisera din cykel f\u00f6r b\u00e4ttre st\u00f6ldhantering. Den h\u00e4r kraftfulla s\u00e4kerhetsenheten f\u00e4sts diskret p\u00e5 din cykel och ger anv\u00e4ndaren sinnesfrid. Den l\u00e4ttanv\u00e4nda appintegrationen g\u00f6r den till en modern l\u00f6sning f\u00f6r cykelskydd, vilket g\u00f6r den till det perfekta valet f\u00f6r aktiva cyklister.<\/p>","protected":false},"excerpt":{"rendered":"<p>Knog Scout on polkupy\u00f6r\u00e4n h\u00e4lytin ja paikannin, joka lis\u00e4\u00e4 ajoneuvosi turvallisuutta. Kun se yhdistet\u00e4\u00e4n Apple Find My -sovellukseen, sen avulla voit tarkasti m\u00e4\u00e4ritt\u00e4\u00e4 polkupy\u00f6r\u00e4n sijainnin, mik\u00e4 parantaa varkaustilanteiden hallintaa. T\u00e4m\u00e4 tehokas turvalaite kiinnittyy huomaamattomasti py\u00f6r\u00e4\u00e4n ja tarjoaa k\u00e4ytt\u00e4j\u00e4lleen mielenrauhaa. Helppok\u00e4ytt\u00f6inen sovellusintegraatio tekee siit\u00e4 modernin ratkaisun polkupy\u00f6r\u00e4n suojaamiseen, ja siksi se on t\u00e4ydellinen valinta aktiivisille py\u00f6r\u00e4ilij\u00f6ille. [&#8230;]<\/p>\n<p><a class=\"btn btn-secondary understrap-read-more-link\" href=\"https:\/\/vmsport.fi\/sv\/verkkokauppa\/varaosat\/sahkopyorien-osat\/sahkopyora-tarvikkeet\/knog-scout-bike-alarm-finder\/\">L\u00e4s mer \u2026<span class=\"screen-reader-text\"> from Knog Scout Bike alarm &amp; finder<\/span><\/a><\/p>\n","protected":false},"featured_media":55129,"comment_status":"open","ping_status":"closed","template":"","meta":{"_acf_changed":false,"_improvement_type_select":"improve_an_existing","_thumb_yes_seoaic":false,"_frame_yes_seoaic":false,"seoaic_generate_description":"","seoaic_improve_instructions_prompt":"","seoaic_rollback_content_improvement":"","seoaic_idea_thumbnail_generator":"","thumbnail_generated":false,"thumbnail_generate_prompt":"","seoaic_article_description":"","_supplier_stock_quantity":0},"product_brand":[],"product_model":[],"product_cat":[9468],"product_tag":[],"industry-terminology":[],"class_list":{"0":"post-55130","1":"product","2":"type-product","3":"status-publish","4":"has-post-thumbnail","6":"product_cat-sahkopyora-tarvikkeet","8":"first","9":"instock","10":"taxable","11":"shipping-taxable","12":"purchasable","13":"product-type-simple"},"acf":{"bike_features":null,"overview":{"copy_overview":null,"key_features":null,"statement":"","youtube_url":""}},"yoast_head":"<!-- This site is optimized with the Yoast SEO plugin v27.3 - https:\/\/yoast.com\/product\/yoast-seo-wordpress\/ -->\n<title>Knog Scout Bike alarm &amp; finder - VM Sport<\/title>\n<meta name=\"robots\" content=\"index, follow, max-snippet:-1, max-image-preview:large, max-video-preview:-1\" \/>\n<link rel=\"canonical\" href=\"https:\/\/vmsport.fi\/sv\/webbutik\/reservdelar\/delar-av-sagbockar\/tillbehor-till-sagbock\/knog-scout-cykel-larmsokare\/\" \/>\n<meta property=\"og:locale\" content=\"sv_SE\" \/>\n<meta property=\"og:type\" content=\"article\" \/>\n<meta property=\"og:title\" content=\"Knog Scout Bike alarm &amp; finder - VM Sport\" \/>\n<meta property=\"og:description\" content=\"Knog Scout on polkupy\u00f6r\u00e4n h\u00e4lytin ja paikannin, joka lis\u00e4\u00e4 ajoneuvosi turvallisuutta. Kun se yhdistet\u00e4\u00e4n Apple Find My -sovellukseen, sen avulla voit tarkasti m\u00e4\u00e4ritt\u00e4\u00e4 polkupy\u00f6r\u00e4n sijainnin, mik\u00e4 parantaa varkaustilanteiden hallintaa. T\u00e4m\u00e4 tehokas turvalaite kiinnittyy huomaamattomasti py\u00f6r\u00e4\u00e4n ja tarjoaa k\u00e4ytt\u00e4j\u00e4lleen mielenrauhaa. Helppok\u00e4ytt\u00f6inen sovellusintegraatio tekee siit\u00e4 modernin ratkaisun polkupy\u00f6r\u00e4n suojaamiseen, ja siksi se on t\u00e4ydellinen valinta aktiivisille py\u00f6r\u00e4ilij\u00f6ille. [...]L\u00e4s mer \u2026 from Knog Scout Bike alarm &amp; finder\" \/>\n<meta property=\"og:url\" content=\"https:\/\/vmsport.fi\/sv\/webbutik\/reservdelar\/delar-av-sagbockar\/tillbehor-till-sagbock\/knog-scout-cykel-larmsokare\/\" \/>\n<meta property=\"og:site_name\" content=\"VM Sport\" \/>\n<meta property=\"article:publisher\" content=\"https:\/\/www.facebook.com\/Vmsport.fi\/\" \/>\n<meta property=\"article:modified_time\" content=\"2026-01-16T11:25:34+00:00\" \/>\n<meta property=\"og:image\" content=\"https:\/\/vmsport.fi\/wp-content\/uploads\/2025\/03\/KN12998-jpg-thumb-1280-1280-1.png\" \/>\n\t<meta property=\"og:image:width\" content=\"1000\" \/>\n\t<meta property=\"og:image:height\" content=\"1000\" \/>\n\t<meta property=\"og:image:type\" content=\"image\/png\" \/>\n<meta name=\"twitter:card\" content=\"summary_large_image\" \/>\n<script type=\"application\/ld+json\" class=\"yoast-schema-graph\">{\"@context\":\"https:\\\/\\\/schema.org\",\"@graph\":[{\"@type\":[\"WebPage\",\"ItemPage\"],\"@id\":\"https:\\\/\\\/vmsport.fi\\\/verkkokauppa\\\/varaosat\\\/sahkopyorien-osat\\\/sahkopyora-tarvikkeet\\\/knog-scout-bike-alarm-finder\\\/\",\"url\":\"https:\\\/\\\/vmsport.fi\\\/verkkokauppa\\\/varaosat\\\/sahkopyorien-osat\\\/sahkopyora-tarvikkeet\\\/knog-scout-bike-alarm-finder\\\/\",\"name\":\"Knog Scout Bike alarm &amp; finder - VM Sport\",\"isPartOf\":{\"@id\":\"https:\\\/\\\/vmsport.fi\\\/#website\"},\"primaryImageOfPage\":{\"@id\":\"https:\\\/\\\/vmsport.fi\\\/verkkokauppa\\\/varaosat\\\/sahkopyorien-osat\\\/sahkopyora-tarvikkeet\\\/knog-scout-bike-alarm-finder\\\/#primaryimage\"},\"image\":{\"@id\":\"https:\\\/\\\/vmsport.fi\\\/verkkokauppa\\\/varaosat\\\/sahkopyorien-osat\\\/sahkopyora-tarvikkeet\\\/knog-scout-bike-alarm-finder\\\/#primaryimage\"},\"thumbnailUrl\":\"https:\\\/\\\/vmsport.fi\\\/wp-content\\\/uploads\\\/2025\\\/03\\\/KN12998-jpg-thumb-1280-1280-1.png\",\"datePublished\":\"2025-03-05T22:02:24+00:00\",\"dateModified\":\"2026-01-16T11:25:34+00:00\",\"breadcrumb\":{\"@id\":\"https:\\\/\\\/vmsport.fi\\\/verkkokauppa\\\/varaosat\\\/sahkopyorien-osat\\\/sahkopyora-tarvikkeet\\\/knog-scout-bike-alarm-finder\\\/#breadcrumb\"},\"inLanguage\":\"sv-SE\",\"potentialAction\":[{\"@type\":\"ReadAction\",\"target\":[\"https:\\\/\\\/vmsport.fi\\\/verkkokauppa\\\/varaosat\\\/sahkopyorien-osat\\\/sahkopyora-tarvikkeet\\\/knog-scout-bike-alarm-finder\\\/\"]}]},{\"@type\":\"ImageObject\",\"inLanguage\":\"sv-SE\",\"@id\":\"https:\\\/\\\/vmsport.fi\\\/verkkokauppa\\\/varaosat\\\/sahkopyorien-osat\\\/sahkopyora-tarvikkeet\\\/knog-scout-bike-alarm-finder\\\/#primaryimage\",\"url\":\"https:\\\/\\\/vmsport.fi\\\/wp-content\\\/uploads\\\/2025\\\/03\\\/KN12998-jpg-thumb-1280-1280-1.png\",\"contentUrl\":\"https:\\\/\\\/vmsport.fi\\\/wp-content\\\/uploads\\\/2025\\\/03\\\/KN12998-jpg-thumb-1280-1280-1.png\",\"width\":1000,\"height\":1000,\"caption\":\"KN12998-jpg-thumb-1280-1280\"},{\"@type\":\"BreadcrumbList\",\"@id\":\"https:\\\/\\\/vmsport.fi\\\/verkkokauppa\\\/varaosat\\\/sahkopyorien-osat\\\/sahkopyora-tarvikkeet\\\/knog-scout-bike-alarm-finder\\\/#breadcrumb\",\"itemListElement\":[{\"@type\":\"ListItem\",\"position\":1,\"name\":\"Etusivu\",\"item\":\"https:\\\/\\\/vmsport.fi\\\/\"},{\"@type\":\"ListItem\",\"position\":2,\"name\":\"Online Store\",\"item\":\"https:\\\/\\\/vmsport.fi\\\/en\\\/online-store\\\/\"},{\"@type\":\"ListItem\",\"position\":3,\"name\":\"Knog Scout Bike alarm &amp; finder\"}]},{\"@type\":\"WebSite\",\"@id\":\"https:\\\/\\\/vmsport.fi\\\/#website\",\"url\":\"https:\\\/\\\/vmsport.fi\\\/\",\"name\":\"Vmsport\",\"description\":\"Kaikki py\u00f6r\u00e4ilyyn yhdest\u00e4 paikasta\",\"publisher\":{\"@id\":\"https:\\\/\\\/vmsport.fi\\\/#organization\"},\"potentialAction\":[{\"@type\":\"SearchAction\",\"target\":{\"@type\":\"EntryPoint\",\"urlTemplate\":\"https:\\\/\\\/vmsport.fi\\\/?s={search_term_string}\"},\"query-input\":{\"@type\":\"PropertyValueSpecification\",\"valueRequired\":true,\"valueName\":\"search_term_string\"}}],\"inLanguage\":\"sv-SE\"},{\"@type\":\"Organization\",\"@id\":\"https:\\\/\\\/vmsport.fi\\\/#organization\",\"name\":\"Vmsport\",\"url\":\"https:\\\/\\\/vmsport.fi\\\/\",\"logo\":{\"@type\":\"ImageObject\",\"inLanguage\":\"sv-SE\",\"@id\":\"https:\\\/\\\/vmsport.fi\\\/#\\\/schema\\\/logo\\\/image\\\/\",\"url\":\"https:\\\/\\\/vmsport.fi\\\/wp-content\\\/uploads\\\/2024\\\/12\\\/vm_sport_RGB_horisontal-e1734526017575.png\",\"contentUrl\":\"https:\\\/\\\/vmsport.fi\\\/wp-content\\\/uploads\\\/2024\\\/12\\\/vm_sport_RGB_horisontal-e1734526017575.png\",\"width\":668,\"height\":85,\"caption\":\"Vmsport\"},\"image\":{\"@id\":\"https:\\\/\\\/vmsport.fi\\\/#\\\/schema\\\/logo\\\/image\\\/\"},\"sameAs\":[\"https:\\\/\\\/www.facebook.com\\\/Vmsport.fi\\\/\",\"https:\\\/\\\/www.instagram.com\\\/vmsport\\\/\"]}]}<\/script>\n<!-- \/ Yoast SEO plugin. -->","yoast_head_json":{"title":"Knog Scout larm och s\u00f6kare f\u00f6r cyklar - VM Sport","robots":{"index":"index","follow":"follow","max-snippet":"max-snippet:-1","max-image-preview":"max-image-preview:large","max-video-preview":"max-video-preview:-1"},"canonical":"https:\/\/vmsport.fi\/sv\/webbutik\/reservdelar\/delar-av-sagbockar\/tillbehor-till-sagbock\/knog-scout-cykel-larmsokare\/","og_locale":"sv_SE","og_type":"article","og_title":"Knog Scout Bike alarm &amp; finder - VM Sport","og_description":"Knog Scout on polkupy\u00f6r\u00e4n h\u00e4lytin ja paikannin, joka lis\u00e4\u00e4 ajoneuvosi turvallisuutta. Kun se yhdistet\u00e4\u00e4n Apple Find My -sovellukseen, sen avulla voit tarkasti m\u00e4\u00e4ritt\u00e4\u00e4 polkupy\u00f6r\u00e4n sijainnin, mik\u00e4 parantaa varkaustilanteiden hallintaa. T\u00e4m\u00e4 tehokas turvalaite kiinnittyy huomaamattomasti py\u00f6r\u00e4\u00e4n ja tarjoaa k\u00e4ytt\u00e4j\u00e4lleen mielenrauhaa. Helppok\u00e4ytt\u00f6inen sovellusintegraatio tekee siit\u00e4 modernin ratkaisun polkupy\u00f6r\u00e4n suojaamiseen, ja siksi se on t\u00e4ydellinen valinta aktiivisille py\u00f6r\u00e4ilij\u00f6ille. [...]L\u00e4s mer \u2026 from Knog Scout Bike alarm &amp; finder","og_url":"https:\/\/vmsport.fi\/sv\/webbutik\/reservdelar\/delar-av-sagbockar\/tillbehor-till-sagbock\/knog-scout-cykel-larmsokare\/","og_site_name":"VM Sport","article_publisher":"https:\/\/www.facebook.com\/Vmsport.fi\/","article_modified_time":"2026-01-16T11:25:34+00:00","og_image":[{"width":1000,"height":1000,"url":"https:\/\/vmsport.fi\/wp-content\/uploads\/2025\/03\/KN12998-jpg-thumb-1280-1280-1.png","type":"image\/png"}],"twitter_card":"summary_large_image","schema":{"@context":"https:\/\/schema.org","@graph":[{"@type":["WebPage","ItemPage"],"@id":"https:\/\/vmsport.fi\/verkkokauppa\/varaosat\/sahkopyorien-osat\/sahkopyora-tarvikkeet\/knog-scout-bike-alarm-finder\/","url":"https:\/\/vmsport.fi\/verkkokauppa\/varaosat\/sahkopyorien-osat\/sahkopyora-tarvikkeet\/knog-scout-bike-alarm-finder\/","name":"Knog Scout larm och s\u00f6kare f\u00f6r cyklar - VM Sport","isPartOf":{"@id":"https:\/\/vmsport.fi\/#website"},"primaryImageOfPage":{"@id":"https:\/\/vmsport.fi\/verkkokauppa\/varaosat\/sahkopyorien-osat\/sahkopyora-tarvikkeet\/knog-scout-bike-alarm-finder\/#primaryimage"},"image":{"@id":"https:\/\/vmsport.fi\/verkkokauppa\/varaosat\/sahkopyorien-osat\/sahkopyora-tarvikkeet\/knog-scout-bike-alarm-finder\/#primaryimage"},"thumbnailUrl":"https:\/\/vmsport.fi\/wp-content\/uploads\/2025\/03\/KN12998-jpg-thumb-1280-1280-1.png","datePublished":"2025-03-05T22:02:24+00:00","dateModified":"2026-01-16T11:25:34+00:00","breadcrumb":{"@id":"https:\/\/vmsport.fi\/verkkokauppa\/varaosat\/sahkopyorien-osat\/sahkopyora-tarvikkeet\/knog-scout-bike-alarm-finder\/#breadcrumb"},"inLanguage":"sv-SE","potentialAction":[{"@type":"ReadAction","target":["https:\/\/vmsport.fi\/verkkokauppa\/varaosat\/sahkopyorien-osat\/sahkopyora-tarvikkeet\/knog-scout-bike-alarm-finder\/"]}]},{"@type":"ImageObject","inLanguage":"sv-SE","@id":"https:\/\/vmsport.fi\/verkkokauppa\/varaosat\/sahkopyorien-osat\/sahkopyora-tarvikkeet\/knog-scout-bike-alarm-finder\/#primaryimage","url":"https:\/\/vmsport.fi\/wp-content\/uploads\/2025\/03\/KN12998-jpg-thumb-1280-1280-1.png","contentUrl":"https:\/\/vmsport.fi\/wp-content\/uploads\/2025\/03\/KN12998-jpg-thumb-1280-1280-1.png","width":1000,"height":1000,"caption":"KN12998-jpg-thumb-1280-1280"},{"@type":"BreadcrumbList","@id":"https:\/\/vmsport.fi\/verkkokauppa\/varaosat\/sahkopyorien-osat\/sahkopyora-tarvikkeet\/knog-scout-bike-alarm-finder\/#breadcrumb","itemListElement":[{"@type":"ListItem","position":1,"name":"Etusivu","item":"https:\/\/vmsport.fi\/"},{"@type":"ListItem","position":2,"name":"Online Store","item":"https:\/\/vmsport.fi\/en\/online-store\/"},{"@type":"ListItem","position":3,"name":"Knog Scout Bike alarm &amp; finder"}]},{"@type":"WebSite","@id":"https:\/\/vmsport.fi\/#website","url":"https:\/\/vmsport.fi\/","name":"Vmsport","description":"Allt p\u00e5 ett st\u00e4lle f\u00f6r cykling","publisher":{"@id":"https:\/\/vmsport.fi\/#organization"},"potentialAction":[{"@type":"SearchAction","target":{"@type":"EntryPoint","urlTemplate":"https:\/\/vmsport.fi\/?s={search_term_string}"},"query-input":{"@type":"PropertyValueSpecification","valueRequired":true,"valueName":"search_term_string"}}],"inLanguage":"sv-SE"},{"@type":"Organization","@id":"https:\/\/vmsport.fi\/#organization","name":"Vmsport","url":"https:\/\/vmsport.fi\/","logo":{"@type":"ImageObject","inLanguage":"sv-SE","@id":"https:\/\/vmsport.fi\/#\/schema\/logo\/image\/","url":"https:\/\/vmsport.fi\/wp-content\/uploads\/2024\/12\/vm_sport_RGB_horisontal-e1734526017575.png","contentUrl":"https:\/\/vmsport.fi\/wp-content\/uploads\/2024\/12\/vm_sport_RGB_horisontal-e1734526017575.png","width":668,"height":85,"caption":"Vmsport"},"image":{"@id":"https:\/\/vmsport.fi\/#\/schema\/logo\/image\/"},"sameAs":["https:\/\/www.facebook.com\/Vmsport.fi\/","https:\/\/www.instagram.com\/vmsport\/"]}]}},"global_unique_id":"","_links":{"self":[{"href":"https:\/\/vmsport.fi\/sv\/wp-json\/wp\/v2\/product\/55130","targetHints":{"allow":["GET"]}}],"collection":[{"href":"https:\/\/vmsport.fi\/sv\/wp-json\/wp\/v2\/product"}],"about":[{"href":"https:\/\/vmsport.fi\/sv\/wp-json\/wp\/v2\/types\/product"}],"replies":[{"embeddable":true,"href":"https:\/\/vmsport.fi\/sv\/wp-json\/wp\/v2\/comments?post=55130"}],"wp:featuredmedia":[{"embeddable":true,"href":"https:\/\/vmsport.fi\/sv\/wp-json\/wp\/v2\/media\/55129"}],"wp:attachment":[{"href":"https:\/\/vmsport.fi\/sv\/wp-json\/wp\/v2\/media?parent=55130"}],"wp:term":[{"taxonomy":"product_brand","embeddable":true,"href":"https:\/\/vmsport.fi\/sv\/wp-json\/wp\/v2\/product_brand?post=55130"},{"taxonomy":"product_model","embeddable":true,"href":"https:\/\/vmsport.fi\/sv\/wp-json\/wp\/v2\/product_model?post=55130"},{"taxonomy":"product_cat","embeddable":true,"href":"https:\/\/vmsport.fi\/sv\/wp-json\/wp\/v2\/product_cat?post=55130"},{"taxonomy":"product_tag","embeddable":true,"href":"https:\/\/vmsport.fi\/sv\/wp-json\/wp\/v2\/product_tag?post=55130"},{"taxonomy":"industry_terminology","embeddable":true,"href":"https:\/\/vmsport.fi\/sv\/wp-json\/wp\/v2\/industry-terminology?post=55130"}],"curies":[{"name":"wp","href":"https:\/\/api.w.org\/{rel}","templated":true}]}}