{"id":55124,"date":"2025-03-06T00:02:20","date_gmt":"2025-03-05T22:02:20","guid":{"rendered":"https:\/\/vmsport.fi\/verkkokauppa\/Ei-luokiteltu\/sram-centerline-200-mm\/"},"modified":"2026-01-16T13:21:14","modified_gmt":"2026-01-16T11:21:14","slug":"sram-centerlinje-200-mm","status":"publish","type":"product","link":"https:\/\/vmsport.fi\/sv\/verkkokauppa\/varaosat\/jarrut\/jarrulevyt\/sram-centerline-200-mm\/","title":{"rendered":"SRAM Centerline 200 mm"},"content":{"rendered":"<p>SRAM Centerline 200 mm bromsskiva ger en mjuk och tyst bromsning, vilket ger en behaglig k\u00f6rupplevelse \u00e4ven i h\u00f6ga hastigheter. Den slitstarka skivan i rostfritt st\u00e5l \u00e4r ett p\u00e5litligt val f\u00f6r kr\u00e4vande trailcykling och har utm\u00e4rkt motst\u00e5ndskraft mot slitage. Skivan \u00e4r utformad f\u00f6r att optimera kylningen, vilket minskar v\u00e4rmeutvecklingen vid inbromsning. Den speciella konstruktionen g\u00f6r monteringen enkel och f\u00f6rb\u00e4ttrar kompatibiliteten med olika bromssystem. Denna skiva f\u00f6rb\u00e4ttrar k\u00f6rprecisionen och kontrollen, vilket \u00e4r s\u00e4rskilt viktigt i tekniskt kr\u00e4vande nedf\u00f6rsbackar. Vid montering \u00e4r det viktigt att f\u00f6lja monteringsanvisningarna f\u00f6r att s\u00e4kerst\u00e4lla optimal prestanda.<\/p>","protected":false},"excerpt":{"rendered":"<p>SRAM Centerline 200 mm -jarrulevy varmistaa tasaisen ja hiljaisen jarrutuksen, mik\u00e4 tekee ajokokemuksesta miellytt\u00e4v\u00e4n my\u00f6s suurella nopeudella. Kest\u00e4v\u00e4 ruostumattomasta ter\u00e4ksest\u00e4 valmistettu levy on luotettava valinta vaativille ajoreiteille, sill\u00e4 se kest\u00e4\u00e4 kulutusta erinomaisesti. Levyn rakenne on suunniteltu optimoimaan j\u00e4\u00e4hdytyskyky, mik\u00e4 v\u00e4hent\u00e4\u00e4 jarrutuksessa syntyv\u00e4\u00e4 kuumenemista. Erityinen muotoilu tekee asennuksesta helppoa ja parantaa yhteensopivuutta eri jarruj\u00e4rjestelmien kanssa. T\u00e4m\u00e4 [&#8230;]<\/p>\n<p><a class=\"btn btn-secondary understrap-read-more-link\" href=\"https:\/\/vmsport.fi\/sv\/verkkokauppa\/varaosat\/jarrut\/jarrulevyt\/sram-centerline-200-mm\/\">L\u00e4s mer \u2026<span class=\"screen-reader-text\"> from SRAM Centerline 200 mm<\/span><\/a><\/p>\n","protected":false},"featured_media":55123,"comment_status":"open","ping_status":"closed","template":"","meta":{"_acf_changed":false,"_improvement_type_select":"improve_an_existing","_thumb_yes_seoaic":false,"_frame_yes_seoaic":false,"seoaic_generate_description":"","seoaic_improve_instructions_prompt":"","seoaic_rollback_content_improvement":"","seoaic_idea_thumbnail_generator":"","thumbnail_generated":false,"thumbnail_generate_prompt":"","seoaic_article_description":"","_supplier_stock_quantity":0},"product_brand":[1588],"product_model":[],"product_cat":[9340],"product_tag":[],"industry-terminology":[],"class_list":{"0":"post-55124","1":"product","2":"type-product","3":"status-publish","4":"has-post-thumbnail","6":"product_brand-sram","7":"product_cat-jarrulevyt","9":"first","10":"outofstock","11":"taxable","12":"shipping-taxable","13":"product-type-simple"},"acf":{"bike_features":null,"overview":{"copy_overview":null,"key_features":null,"statement":"","youtube_url":""}},"yoast_head":"<!-- This site is optimized with the Yoast SEO plugin v27.3 - https:\/\/yoast.com\/product\/yoast-seo-wordpress\/ -->\n<title>SRAM Centerline 200 mm - VM Sport<\/title>\n<meta name=\"robots\" content=\"index, follow, max-snippet:-1, max-image-preview:large, max-video-preview:-1\" \/>\n<link rel=\"canonical\" href=\"https:\/\/vmsport.fi\/sv\/webbutik\/reservdelar\/bromsar\/bromsskivor\/sram-centerlinje-200-mm\/\" \/>\n<meta property=\"og:locale\" content=\"sv_SE\" \/>\n<meta property=\"og:type\" content=\"article\" \/>\n<meta property=\"og:title\" content=\"SRAM Centerline 200 mm - VM Sport\" \/>\n<meta property=\"og:description\" content=\"SRAM Centerline 200 mm -jarrulevy varmistaa tasaisen ja hiljaisen jarrutuksen, mik\u00e4 tekee ajokokemuksesta miellytt\u00e4v\u00e4n my\u00f6s suurella nopeudella. Kest\u00e4v\u00e4 ruostumattomasta ter\u00e4ksest\u00e4 valmistettu levy on luotettava valinta vaativille ajoreiteille, sill\u00e4 se kest\u00e4\u00e4 kulutusta erinomaisesti. Levyn rakenne on suunniteltu optimoimaan j\u00e4\u00e4hdytyskyky, mik\u00e4 v\u00e4hent\u00e4\u00e4 jarrutuksessa syntyv\u00e4\u00e4 kuumenemista. Erityinen muotoilu tekee asennuksesta helppoa ja parantaa yhteensopivuutta eri jarruj\u00e4rjestelmien kanssa. T\u00e4m\u00e4 [...]L\u00e4s mer \u2026 from SRAM Centerline 200 mm\" \/>\n<meta property=\"og:url\" content=\"https:\/\/vmsport.fi\/sv\/webbutik\/reservdelar\/bromsar\/bromsskivor\/sram-centerlinje-200-mm\/\" \/>\n<meta property=\"og:site_name\" content=\"VM Sport\" \/>\n<meta property=\"article:publisher\" content=\"https:\/\/www.facebook.com\/Vmsport.fi\/\" \/>\n<meta property=\"article:modified_time\" content=\"2026-01-16T11:21:14+00:00\" \/>\n<meta property=\"og:image\" content=\"https:\/\/vmsport.fi\/wp-content\/uploads\/2025\/03\/YTQQsab0kw168du1KbG4lApVMCOoxBCkgXrHs2SPtDgP3vWeeA-1.jpg\" \/>\n\t<meta property=\"og:image:width\" content=\"800\" \/>\n\t<meta property=\"og:image:height\" content=\"800\" \/>\n\t<meta property=\"og:image:type\" content=\"image\/jpeg\" \/>\n<meta name=\"twitter:card\" content=\"summary_large_image\" \/>\n<script type=\"application\/ld+json\" class=\"yoast-schema-graph\">{\"@context\":\"https:\\\/\\\/schema.org\",\"@graph\":[{\"@type\":[\"WebPage\",\"ItemPage\"],\"@id\":\"https:\\\/\\\/vmsport.fi\\\/verkkokauppa\\\/varaosat\\\/jarrut\\\/jarrulevyt\\\/sram-centerline-200-mm\\\/\",\"url\":\"https:\\\/\\\/vmsport.fi\\\/verkkokauppa\\\/varaosat\\\/jarrut\\\/jarrulevyt\\\/sram-centerline-200-mm\\\/\",\"name\":\"SRAM Centerline 200 mm - VM Sport\",\"isPartOf\":{\"@id\":\"https:\\\/\\\/vmsport.fi\\\/#website\"},\"primaryImageOfPage\":{\"@id\":\"https:\\\/\\\/vmsport.fi\\\/verkkokauppa\\\/varaosat\\\/jarrut\\\/jarrulevyt\\\/sram-centerline-200-mm\\\/#primaryimage\"},\"image\":{\"@id\":\"https:\\\/\\\/vmsport.fi\\\/verkkokauppa\\\/varaosat\\\/jarrut\\\/jarrulevyt\\\/sram-centerline-200-mm\\\/#primaryimage\"},\"thumbnailUrl\":\"https:\\\/\\\/vmsport.fi\\\/wp-content\\\/uploads\\\/2025\\\/03\\\/YTQQsab0kw168du1KbG4lApVMCOoxBCkgXrHs2SPtDgP3vWeeA-1.jpg\",\"datePublished\":\"2025-03-05T22:02:20+00:00\",\"dateModified\":\"2026-01-16T11:21:14+00:00\",\"breadcrumb\":{\"@id\":\"https:\\\/\\\/vmsport.fi\\\/verkkokauppa\\\/varaosat\\\/jarrut\\\/jarrulevyt\\\/sram-centerline-200-mm\\\/#breadcrumb\"},\"inLanguage\":\"sv-SE\",\"potentialAction\":[{\"@type\":\"ReadAction\",\"target\":[\"https:\\\/\\\/vmsport.fi\\\/verkkokauppa\\\/varaosat\\\/jarrut\\\/jarrulevyt\\\/sram-centerline-200-mm\\\/\"]}]},{\"@type\":\"ImageObject\",\"inLanguage\":\"sv-SE\",\"@id\":\"https:\\\/\\\/vmsport.fi\\\/verkkokauppa\\\/varaosat\\\/jarrut\\\/jarrulevyt\\\/sram-centerline-200-mm\\\/#primaryimage\",\"url\":\"https:\\\/\\\/vmsport.fi\\\/wp-content\\\/uploads\\\/2025\\\/03\\\/YTQQsab0kw168du1KbG4lApVMCOoxBCkgXrHs2SPtDgP3vWeeA-1.jpg\",\"contentUrl\":\"https:\\\/\\\/vmsport.fi\\\/wp-content\\\/uploads\\\/2025\\\/03\\\/YTQQsab0kw168du1KbG4lApVMCOoxBCkgXrHs2SPtDgP3vWeeA-1.jpg\",\"width\":800,\"height\":800,\"caption\":\"YTQQsab0kw168du1KbG4lApVMCOoxBCkgXrHs2SPtDgP3vWeeA\"},{\"@type\":\"BreadcrumbList\",\"@id\":\"https:\\\/\\\/vmsport.fi\\\/verkkokauppa\\\/varaosat\\\/jarrut\\\/jarrulevyt\\\/sram-centerline-200-mm\\\/#breadcrumb\",\"itemListElement\":[{\"@type\":\"ListItem\",\"position\":1,\"name\":\"Etusivu\",\"item\":\"https:\\\/\\\/vmsport.fi\\\/\"},{\"@type\":\"ListItem\",\"position\":2,\"name\":\"Online Store\",\"item\":\"https:\\\/\\\/vmsport.fi\\\/en\\\/online-store\\\/\"},{\"@type\":\"ListItem\",\"position\":3,\"name\":\"SRAM Centerline 200 mm\"}]},{\"@type\":\"WebSite\",\"@id\":\"https:\\\/\\\/vmsport.fi\\\/#website\",\"url\":\"https:\\\/\\\/vmsport.fi\\\/\",\"name\":\"Vmsport\",\"description\":\"Kaikki py\u00f6r\u00e4ilyyn yhdest\u00e4 paikasta\",\"publisher\":{\"@id\":\"https:\\\/\\\/vmsport.fi\\\/#organization\"},\"potentialAction\":[{\"@type\":\"SearchAction\",\"target\":{\"@type\":\"EntryPoint\",\"urlTemplate\":\"https:\\\/\\\/vmsport.fi\\\/?s={search_term_string}\"},\"query-input\":{\"@type\":\"PropertyValueSpecification\",\"valueRequired\":true,\"valueName\":\"search_term_string\"}}],\"inLanguage\":\"sv-SE\"},{\"@type\":\"Organization\",\"@id\":\"https:\\\/\\\/vmsport.fi\\\/#organization\",\"name\":\"Vmsport\",\"url\":\"https:\\\/\\\/vmsport.fi\\\/\",\"logo\":{\"@type\":\"ImageObject\",\"inLanguage\":\"sv-SE\",\"@id\":\"https:\\\/\\\/vmsport.fi\\\/#\\\/schema\\\/logo\\\/image\\\/\",\"url\":\"https:\\\/\\\/vmsport.fi\\\/wp-content\\\/uploads\\\/2024\\\/12\\\/vm_sport_RGB_horisontal-e1734526017575.png\",\"contentUrl\":\"https:\\\/\\\/vmsport.fi\\\/wp-content\\\/uploads\\\/2024\\\/12\\\/vm_sport_RGB_horisontal-e1734526017575.png\",\"width\":668,\"height\":85,\"caption\":\"Vmsport\"},\"image\":{\"@id\":\"https:\\\/\\\/vmsport.fi\\\/#\\\/schema\\\/logo\\\/image\\\/\"},\"sameAs\":[\"https:\\\/\\\/www.facebook.com\\\/Vmsport.fi\\\/\",\"https:\\\/\\\/www.instagram.com\\\/vmsport\\\/\"]}]}<\/script>\n<!-- \/ Yoast SEO plugin. -->","yoast_head_json":{"title":"SRAM Centerline 200 mm - VM Sport","robots":{"index":"index","follow":"follow","max-snippet":"max-snippet:-1","max-image-preview":"max-image-preview:large","max-video-preview":"max-video-preview:-1"},"canonical":"https:\/\/vmsport.fi\/sv\/webbutik\/reservdelar\/bromsar\/bromsskivor\/sram-centerlinje-200-mm\/","og_locale":"sv_SE","og_type":"article","og_title":"SRAM Centerline 200 mm - VM Sport","og_description":"SRAM Centerline 200 mm -jarrulevy varmistaa tasaisen ja hiljaisen jarrutuksen, mik\u00e4 tekee ajokokemuksesta miellytt\u00e4v\u00e4n my\u00f6s suurella nopeudella. Kest\u00e4v\u00e4 ruostumattomasta ter\u00e4ksest\u00e4 valmistettu levy on luotettava valinta vaativille ajoreiteille, sill\u00e4 se kest\u00e4\u00e4 kulutusta erinomaisesti. Levyn rakenne on suunniteltu optimoimaan j\u00e4\u00e4hdytyskyky, mik\u00e4 v\u00e4hent\u00e4\u00e4 jarrutuksessa syntyv\u00e4\u00e4 kuumenemista. Erityinen muotoilu tekee asennuksesta helppoa ja parantaa yhteensopivuutta eri jarruj\u00e4rjestelmien kanssa. T\u00e4m\u00e4 [...]L\u00e4s mer \u2026 from SRAM Centerline 200 mm","og_url":"https:\/\/vmsport.fi\/sv\/webbutik\/reservdelar\/bromsar\/bromsskivor\/sram-centerlinje-200-mm\/","og_site_name":"VM Sport","article_publisher":"https:\/\/www.facebook.com\/Vmsport.fi\/","article_modified_time":"2026-01-16T11:21:14+00:00","og_image":[{"width":800,"height":800,"url":"https:\/\/vmsport.fi\/wp-content\/uploads\/2025\/03\/YTQQsab0kw168du1KbG4lApVMCOoxBCkgXrHs2SPtDgP3vWeeA-1.jpg","type":"image\/jpeg"}],"twitter_card":"summary_large_image","schema":{"@context":"https:\/\/schema.org","@graph":[{"@type":["WebPage","ItemPage"],"@id":"https:\/\/vmsport.fi\/verkkokauppa\/varaosat\/jarrut\/jarrulevyt\/sram-centerline-200-mm\/","url":"https:\/\/vmsport.fi\/verkkokauppa\/varaosat\/jarrut\/jarrulevyt\/sram-centerline-200-mm\/","name":"SRAM Centerline 200 mm - VM Sport","isPartOf":{"@id":"https:\/\/vmsport.fi\/#website"},"primaryImageOfPage":{"@id":"https:\/\/vmsport.fi\/verkkokauppa\/varaosat\/jarrut\/jarrulevyt\/sram-centerline-200-mm\/#primaryimage"},"image":{"@id":"https:\/\/vmsport.fi\/verkkokauppa\/varaosat\/jarrut\/jarrulevyt\/sram-centerline-200-mm\/#primaryimage"},"thumbnailUrl":"https:\/\/vmsport.fi\/wp-content\/uploads\/2025\/03\/YTQQsab0kw168du1KbG4lApVMCOoxBCkgXrHs2SPtDgP3vWeeA-1.jpg","datePublished":"2025-03-05T22:02:20+00:00","dateModified":"2026-01-16T11:21:14+00:00","breadcrumb":{"@id":"https:\/\/vmsport.fi\/verkkokauppa\/varaosat\/jarrut\/jarrulevyt\/sram-centerline-200-mm\/#breadcrumb"},"inLanguage":"sv-SE","potentialAction":[{"@type":"ReadAction","target":["https:\/\/vmsport.fi\/verkkokauppa\/varaosat\/jarrut\/jarrulevyt\/sram-centerline-200-mm\/"]}]},{"@type":"ImageObject","inLanguage":"sv-SE","@id":"https:\/\/vmsport.fi\/verkkokauppa\/varaosat\/jarrut\/jarrulevyt\/sram-centerline-200-mm\/#primaryimage","url":"https:\/\/vmsport.fi\/wp-content\/uploads\/2025\/03\/YTQQsab0kw168du1KbG4lApVMCOoxBCkgXrHs2SPtDgP3vWeeA-1.jpg","contentUrl":"https:\/\/vmsport.fi\/wp-content\/uploads\/2025\/03\/YTQQsab0kw168du1KbG4lApVMCOoxBCkgXrHs2SPtDgP3vWeeA-1.jpg","width":800,"height":800,"caption":"YTQQsab0kw168du1KbG4lApVMCOoxBCkgXrHs2SPtDgP3vWeeA"},{"@type":"BreadcrumbList","@id":"https:\/\/vmsport.fi\/verkkokauppa\/varaosat\/jarrut\/jarrulevyt\/sram-centerline-200-mm\/#breadcrumb","itemListElement":[{"@type":"ListItem","position":1,"name":"Etusivu","item":"https:\/\/vmsport.fi\/"},{"@type":"ListItem","position":2,"name":"Online Store","item":"https:\/\/vmsport.fi\/en\/online-store\/"},{"@type":"ListItem","position":3,"name":"SRAM Centerline 200 mm"}]},{"@type":"WebSite","@id":"https:\/\/vmsport.fi\/#website","url":"https:\/\/vmsport.fi\/","name":"Vmsport","description":"Allt p\u00e5 ett st\u00e4lle f\u00f6r cykling","publisher":{"@id":"https:\/\/vmsport.fi\/#organization"},"potentialAction":[{"@type":"SearchAction","target":{"@type":"EntryPoint","urlTemplate":"https:\/\/vmsport.fi\/?s={search_term_string}"},"query-input":{"@type":"PropertyValueSpecification","valueRequired":true,"valueName":"search_term_string"}}],"inLanguage":"sv-SE"},{"@type":"Organization","@id":"https:\/\/vmsport.fi\/#organization","name":"Vmsport","url":"https:\/\/vmsport.fi\/","logo":{"@type":"ImageObject","inLanguage":"sv-SE","@id":"https:\/\/vmsport.fi\/#\/schema\/logo\/image\/","url":"https:\/\/vmsport.fi\/wp-content\/uploads\/2024\/12\/vm_sport_RGB_horisontal-e1734526017575.png","contentUrl":"https:\/\/vmsport.fi\/wp-content\/uploads\/2024\/12\/vm_sport_RGB_horisontal-e1734526017575.png","width":668,"height":85,"caption":"Vmsport"},"image":{"@id":"https:\/\/vmsport.fi\/#\/schema\/logo\/image\/"},"sameAs":["https:\/\/www.facebook.com\/Vmsport.fi\/","https:\/\/www.instagram.com\/vmsport\/"]}]}},"global_unique_id":"","_links":{"self":[{"href":"https:\/\/vmsport.fi\/sv\/wp-json\/wp\/v2\/product\/55124","targetHints":{"allow":["GET"]}}],"collection":[{"href":"https:\/\/vmsport.fi\/sv\/wp-json\/wp\/v2\/product"}],"about":[{"href":"https:\/\/vmsport.fi\/sv\/wp-json\/wp\/v2\/types\/product"}],"replies":[{"embeddable":true,"href":"https:\/\/vmsport.fi\/sv\/wp-json\/wp\/v2\/comments?post=55124"}],"wp:featuredmedia":[{"embeddable":true,"href":"https:\/\/vmsport.fi\/sv\/wp-json\/wp\/v2\/media\/55123"}],"wp:attachment":[{"href":"https:\/\/vmsport.fi\/sv\/wp-json\/wp\/v2\/media?parent=55124"}],"wp:term":[{"taxonomy":"product_brand","embeddable":true,"href":"https:\/\/vmsport.fi\/sv\/wp-json\/wp\/v2\/product_brand?post=55124"},{"taxonomy":"product_model","embeddable":true,"href":"https:\/\/vmsport.fi\/sv\/wp-json\/wp\/v2\/product_model?post=55124"},{"taxonomy":"product_cat","embeddable":true,"href":"https:\/\/vmsport.fi\/sv\/wp-json\/wp\/v2\/product_cat?post=55124"},{"taxonomy":"product_tag","embeddable":true,"href":"https:\/\/vmsport.fi\/sv\/wp-json\/wp\/v2\/product_tag?post=55124"},{"taxonomy":"industry_terminology","embeddable":true,"href":"https:\/\/vmsport.fi\/sv\/wp-json\/wp\/v2\/industry-terminology?post=55124"}],"curies":[{"name":"wp","href":"https:\/\/api.w.org\/{rel}","templated":true}]}}