{"id":55088,"date":"2025-03-06T00:01:41","date_gmt":"2025-03-05T22:01:41","guid":{"rendered":"https:\/\/vmsport.fi\/verkkokauppa\/Ei-luokiteltu\/muc-off-sweat-protect\/"},"modified":"2026-01-16T13:24:10","modified_gmt":"2026-01-16T11:24:10","slug":"muc-off-svett-skydda","status":"publish","type":"product","link":"https:\/\/vmsport.fi\/sv\/verkkokauppa\/tarvikkeet\/huolto-ja-pesu\/puhdistustyokalut\/muc-off-sweat-protect\/","title":{"rendered":"MUC-OFF Svettskydd"},"content":{"rendered":"<p>MUC-OFF Sweat Protect ger b\u00e4sta m\u00f6jliga skydd f\u00f6r tr\u00e4nings- och gymutrustning inomhus mot korrosion orsakad av fukt och svett. Tack vare sina innovativa korrosionsskyddsmedel avl\u00e4gsnar produkten effektivt fukt och bildar ett skyddande skikt p\u00e5 metallytor, vilket f\u00f6rl\u00e4nger utrustningens livsl\u00e4ngd. Det l\u00e4ttanv\u00e4nda spraymunstycket Genius Straw och sp\u00e5rf\u00e4rgstekniken ger en exakt t\u00e4ckning. Regelbunden anv\u00e4ndning av denna produkt s\u00e4kerst\u00e4ller att din utrustning f\u00f6rblir i gott skick och rostfri i upp till tre m\u00e5nader.<\/p>","protected":false},"excerpt":{"rendered":"<p>MUC-OFF Sweat Protect tarjoaa parasta mahdollista suojaa sis\u00e4tilojen harjoituslaitteille ja kuntosalivarusteille kosteuden ja hien aiheuttamaa korroosiota vastaan. Innovatiivisten ruostumisenestoaineiden ansiosta se poistaa tehokkaasti kosteuden ja muodostaa suojakerroksen metallipinnoille, mik\u00e4 pident\u00e4\u00e4 laitteiden k\u00e4ytt\u00f6ik\u00e4\u00e4. Helppok\u00e4ytt\u00f6inen Genius Straw -suihkusuutin ja j\u00e4ljitinv\u00e4riteknologia takaavat tarkan peittoalueen. K\u00e4ytt\u00e4m\u00e4ll\u00e4 t\u00e4t\u00e4 tuotetta s\u00e4\u00e4nn\u00f6llisesti varmistat, ett\u00e4 laitteesi s\u00e4ilyv\u00e4t hyv\u00e4ss\u00e4 kunnossa ja ruosteettomina jopa kolmen [&#8230;]<\/p>\n<p><a class=\"btn btn-secondary understrap-read-more-link\" href=\"https:\/\/vmsport.fi\/sv\/verkkokauppa\/tarvikkeet\/huolto-ja-pesu\/puhdistustyokalut\/muc-off-sweat-protect\/\">L\u00e4s mer \u2026<span class=\"screen-reader-text\"> from MUC-OFF Sweat Protect<\/span><\/a><\/p>\n","protected":false},"featured_media":55087,"comment_status":"open","ping_status":"closed","template":"","meta":{"_acf_changed":false,"_improvement_type_select":"improve_an_existing","_thumb_yes_seoaic":false,"_frame_yes_seoaic":false,"seoaic_generate_description":"","seoaic_improve_instructions_prompt":"","seoaic_rollback_content_improvement":"","seoaic_idea_thumbnail_generator":"","thumbnail_generated":false,"thumbnail_generate_prompt":"","seoaic_article_description":"","_supplier_stock_quantity":0},"product_brand":[1584],"product_model":[],"product_cat":[9576],"product_tag":[],"industry-terminology":[],"class_list":{"0":"post-55088","1":"product","2":"type-product","3":"status-publish","4":"has-post-thumbnail","6":"product_brand-muc-off","7":"product_cat-puhdistustyokalut","9":"first","10":"instock","11":"taxable","12":"shipping-taxable","13":"purchasable","14":"product-type-simple"},"acf":{"bike_features":null,"overview":{"copy_overview":null,"key_features":null,"statement":"","youtube_url":""}},"yoast_head":"<!-- This site is optimized with the Yoast SEO plugin v27.3 - https:\/\/yoast.com\/product\/yoast-seo-wordpress\/ -->\n<title>MUC-OFF Sweat Protect - VM Sport<\/title>\n<meta name=\"robots\" content=\"index, follow, max-snippet:-1, max-image-preview:large, max-video-preview:-1\" \/>\n<link rel=\"canonical\" href=\"https:\/\/vmsport.fi\/sv\/webbutik\/tillbehor\/underhall-och-tvatt\/rengoringsutrustning\/muc-off-svett-skydda\/\" \/>\n<meta property=\"og:locale\" content=\"sv_SE\" \/>\n<meta property=\"og:type\" content=\"article\" \/>\n<meta property=\"og:title\" content=\"MUC-OFF Sweat Protect - VM Sport\" \/>\n<meta property=\"og:description\" content=\"MUC-OFF Sweat Protect tarjoaa parasta mahdollista suojaa sis\u00e4tilojen harjoituslaitteille ja kuntosalivarusteille kosteuden ja hien aiheuttamaa korroosiota vastaan. Innovatiivisten ruostumisenestoaineiden ansiosta se poistaa tehokkaasti kosteuden ja muodostaa suojakerroksen metallipinnoille, mik\u00e4 pident\u00e4\u00e4 laitteiden k\u00e4ytt\u00f6ik\u00e4\u00e4. Helppok\u00e4ytt\u00f6inen Genius Straw -suihkusuutin ja j\u00e4ljitinv\u00e4riteknologia takaavat tarkan peittoalueen. K\u00e4ytt\u00e4m\u00e4ll\u00e4 t\u00e4t\u00e4 tuotetta s\u00e4\u00e4nn\u00f6llisesti varmistat, ett\u00e4 laitteesi s\u00e4ilyv\u00e4t hyv\u00e4ss\u00e4 kunnossa ja ruosteettomina jopa kolmen [...]L\u00e4s mer \u2026 from MUC-OFF Sweat Protect\" \/>\n<meta property=\"og:url\" content=\"https:\/\/vmsport.fi\/sv\/webbutik\/tillbehor\/underhall-och-tvatt\/rengoringsutrustning\/muc-off-svett-skydda\/\" \/>\n<meta property=\"og:site_name\" content=\"VM Sport\" \/>\n<meta property=\"article:publisher\" content=\"https:\/\/www.facebook.com\/Vmsport.fi\/\" \/>\n<meta property=\"article:modified_time\" content=\"2026-01-16T11:24:10+00:00\" \/>\n<meta property=\"og:image\" content=\"https:\/\/vmsport.fi\/wp-content\/uploads\/2025\/03\/Xy9rJgfvAxgjbT4FCFaUorfh42WuMk4pqgWsF3zMFdCy2MvS0O-1.jpg\" \/>\n\t<meta property=\"og:image:width\" content=\"800\" \/>\n\t<meta property=\"og:image:height\" content=\"800\" \/>\n\t<meta property=\"og:image:type\" content=\"image\/jpeg\" \/>\n<meta name=\"twitter:card\" content=\"summary_large_image\" \/>\n<script type=\"application\/ld+json\" class=\"yoast-schema-graph\">{\"@context\":\"https:\\\/\\\/schema.org\",\"@graph\":[{\"@type\":[\"WebPage\",\"ItemPage\"],\"@id\":\"https:\\\/\\\/vmsport.fi\\\/verkkokauppa\\\/tarvikkeet\\\/huolto-ja-pesu\\\/puhdistustyokalut\\\/muc-off-sweat-protect\\\/\",\"url\":\"https:\\\/\\\/vmsport.fi\\\/verkkokauppa\\\/tarvikkeet\\\/huolto-ja-pesu\\\/puhdistustyokalut\\\/muc-off-sweat-protect\\\/\",\"name\":\"MUC-OFF Sweat Protect - VM Sport\",\"isPartOf\":{\"@id\":\"https:\\\/\\\/vmsport.fi\\\/#website\"},\"primaryImageOfPage\":{\"@id\":\"https:\\\/\\\/vmsport.fi\\\/verkkokauppa\\\/tarvikkeet\\\/huolto-ja-pesu\\\/puhdistustyokalut\\\/muc-off-sweat-protect\\\/#primaryimage\"},\"image\":{\"@id\":\"https:\\\/\\\/vmsport.fi\\\/verkkokauppa\\\/tarvikkeet\\\/huolto-ja-pesu\\\/puhdistustyokalut\\\/muc-off-sweat-protect\\\/#primaryimage\"},\"thumbnailUrl\":\"https:\\\/\\\/vmsport.fi\\\/wp-content\\\/uploads\\\/2025\\\/03\\\/Xy9rJgfvAxgjbT4FCFaUorfh42WuMk4pqgWsF3zMFdCy2MvS0O-1.jpg\",\"datePublished\":\"2025-03-05T22:01:41+00:00\",\"dateModified\":\"2026-01-16T11:24:10+00:00\",\"breadcrumb\":{\"@id\":\"https:\\\/\\\/vmsport.fi\\\/verkkokauppa\\\/tarvikkeet\\\/huolto-ja-pesu\\\/puhdistustyokalut\\\/muc-off-sweat-protect\\\/#breadcrumb\"},\"inLanguage\":\"sv-SE\",\"potentialAction\":[{\"@type\":\"ReadAction\",\"target\":[\"https:\\\/\\\/vmsport.fi\\\/verkkokauppa\\\/tarvikkeet\\\/huolto-ja-pesu\\\/puhdistustyokalut\\\/muc-off-sweat-protect\\\/\"]}]},{\"@type\":\"ImageObject\",\"inLanguage\":\"sv-SE\",\"@id\":\"https:\\\/\\\/vmsport.fi\\\/verkkokauppa\\\/tarvikkeet\\\/huolto-ja-pesu\\\/puhdistustyokalut\\\/muc-off-sweat-protect\\\/#primaryimage\",\"url\":\"https:\\\/\\\/vmsport.fi\\\/wp-content\\\/uploads\\\/2025\\\/03\\\/Xy9rJgfvAxgjbT4FCFaUorfh42WuMk4pqgWsF3zMFdCy2MvS0O-1.jpg\",\"contentUrl\":\"https:\\\/\\\/vmsport.fi\\\/wp-content\\\/uploads\\\/2025\\\/03\\\/Xy9rJgfvAxgjbT4FCFaUorfh42WuMk4pqgWsF3zMFdCy2MvS0O-1.jpg\",\"width\":800,\"height\":800,\"caption\":\"Xy9rJgfvAxgjbT4FCFaUorfh42WuMk4pqgWsF3zMFdCy2MvS0O\"},{\"@type\":\"BreadcrumbList\",\"@id\":\"https:\\\/\\\/vmsport.fi\\\/verkkokauppa\\\/tarvikkeet\\\/huolto-ja-pesu\\\/puhdistustyokalut\\\/muc-off-sweat-protect\\\/#breadcrumb\",\"itemListElement\":[{\"@type\":\"ListItem\",\"position\":1,\"name\":\"Etusivu\",\"item\":\"https:\\\/\\\/vmsport.fi\\\/\"},{\"@type\":\"ListItem\",\"position\":2,\"name\":\"Online Store\",\"item\":\"https:\\\/\\\/vmsport.fi\\\/en\\\/online-store\\\/\"},{\"@type\":\"ListItem\",\"position\":3,\"name\":\"MUC-OFF Sweat Protect\"}]},{\"@type\":\"WebSite\",\"@id\":\"https:\\\/\\\/vmsport.fi\\\/#website\",\"url\":\"https:\\\/\\\/vmsport.fi\\\/\",\"name\":\"Vmsport\",\"description\":\"Kaikki py\u00f6r\u00e4ilyyn yhdest\u00e4 paikasta\",\"publisher\":{\"@id\":\"https:\\\/\\\/vmsport.fi\\\/#organization\"},\"potentialAction\":[{\"@type\":\"SearchAction\",\"target\":{\"@type\":\"EntryPoint\",\"urlTemplate\":\"https:\\\/\\\/vmsport.fi\\\/?s={search_term_string}\"},\"query-input\":{\"@type\":\"PropertyValueSpecification\",\"valueRequired\":true,\"valueName\":\"search_term_string\"}}],\"inLanguage\":\"sv-SE\"},{\"@type\":\"Organization\",\"@id\":\"https:\\\/\\\/vmsport.fi\\\/#organization\",\"name\":\"Vmsport\",\"url\":\"https:\\\/\\\/vmsport.fi\\\/\",\"logo\":{\"@type\":\"ImageObject\",\"inLanguage\":\"sv-SE\",\"@id\":\"https:\\\/\\\/vmsport.fi\\\/#\\\/schema\\\/logo\\\/image\\\/\",\"url\":\"https:\\\/\\\/vmsport.fi\\\/wp-content\\\/uploads\\\/2024\\\/12\\\/vm_sport_RGB_horisontal-e1734526017575.png\",\"contentUrl\":\"https:\\\/\\\/vmsport.fi\\\/wp-content\\\/uploads\\\/2024\\\/12\\\/vm_sport_RGB_horisontal-e1734526017575.png\",\"width\":668,\"height\":85,\"caption\":\"Vmsport\"},\"image\":{\"@id\":\"https:\\\/\\\/vmsport.fi\\\/#\\\/schema\\\/logo\\\/image\\\/\"},\"sameAs\":[\"https:\\\/\\\/www.facebook.com\\\/Vmsport.fi\\\/\",\"https:\\\/\\\/www.instagram.com\\\/vmsport\\\/\"]}]}<\/script>\n<!-- \/ Yoast SEO plugin. -->","yoast_head_json":{"title":"MUC-OFF Svettskydd - VM Sport","robots":{"index":"index","follow":"follow","max-snippet":"max-snippet:-1","max-image-preview":"max-image-preview:large","max-video-preview":"max-video-preview:-1"},"canonical":"https:\/\/vmsport.fi\/sv\/webbutik\/tillbehor\/underhall-och-tvatt\/rengoringsutrustning\/muc-off-svett-skydda\/","og_locale":"sv_SE","og_type":"article","og_title":"MUC-OFF Sweat Protect - VM Sport","og_description":"MUC-OFF Sweat Protect tarjoaa parasta mahdollista suojaa sis\u00e4tilojen harjoituslaitteille ja kuntosalivarusteille kosteuden ja hien aiheuttamaa korroosiota vastaan. Innovatiivisten ruostumisenestoaineiden ansiosta se poistaa tehokkaasti kosteuden ja muodostaa suojakerroksen metallipinnoille, mik\u00e4 pident\u00e4\u00e4 laitteiden k\u00e4ytt\u00f6ik\u00e4\u00e4. Helppok\u00e4ytt\u00f6inen Genius Straw -suihkusuutin ja j\u00e4ljitinv\u00e4riteknologia takaavat tarkan peittoalueen. K\u00e4ytt\u00e4m\u00e4ll\u00e4 t\u00e4t\u00e4 tuotetta s\u00e4\u00e4nn\u00f6llisesti varmistat, ett\u00e4 laitteesi s\u00e4ilyv\u00e4t hyv\u00e4ss\u00e4 kunnossa ja ruosteettomina jopa kolmen [...]L\u00e4s mer \u2026 from MUC-OFF Sweat Protect","og_url":"https:\/\/vmsport.fi\/sv\/webbutik\/tillbehor\/underhall-och-tvatt\/rengoringsutrustning\/muc-off-svett-skydda\/","og_site_name":"VM Sport","article_publisher":"https:\/\/www.facebook.com\/Vmsport.fi\/","article_modified_time":"2026-01-16T11:24:10+00:00","og_image":[{"width":800,"height":800,"url":"https:\/\/vmsport.fi\/wp-content\/uploads\/2025\/03\/Xy9rJgfvAxgjbT4FCFaUorfh42WuMk4pqgWsF3zMFdCy2MvS0O-1.jpg","type":"image\/jpeg"}],"twitter_card":"summary_large_image","schema":{"@context":"https:\/\/schema.org","@graph":[{"@type":["WebPage","ItemPage"],"@id":"https:\/\/vmsport.fi\/verkkokauppa\/tarvikkeet\/huolto-ja-pesu\/puhdistustyokalut\/muc-off-sweat-protect\/","url":"https:\/\/vmsport.fi\/verkkokauppa\/tarvikkeet\/huolto-ja-pesu\/puhdistustyokalut\/muc-off-sweat-protect\/","name":"MUC-OFF Svettskydd - VM Sport","isPartOf":{"@id":"https:\/\/vmsport.fi\/#website"},"primaryImageOfPage":{"@id":"https:\/\/vmsport.fi\/verkkokauppa\/tarvikkeet\/huolto-ja-pesu\/puhdistustyokalut\/muc-off-sweat-protect\/#primaryimage"},"image":{"@id":"https:\/\/vmsport.fi\/verkkokauppa\/tarvikkeet\/huolto-ja-pesu\/puhdistustyokalut\/muc-off-sweat-protect\/#primaryimage"},"thumbnailUrl":"https:\/\/vmsport.fi\/wp-content\/uploads\/2025\/03\/Xy9rJgfvAxgjbT4FCFaUorfh42WuMk4pqgWsF3zMFdCy2MvS0O-1.jpg","datePublished":"2025-03-05T22:01:41+00:00","dateModified":"2026-01-16T11:24:10+00:00","breadcrumb":{"@id":"https:\/\/vmsport.fi\/verkkokauppa\/tarvikkeet\/huolto-ja-pesu\/puhdistustyokalut\/muc-off-sweat-protect\/#breadcrumb"},"inLanguage":"sv-SE","potentialAction":[{"@type":"ReadAction","target":["https:\/\/vmsport.fi\/verkkokauppa\/tarvikkeet\/huolto-ja-pesu\/puhdistustyokalut\/muc-off-sweat-protect\/"]}]},{"@type":"ImageObject","inLanguage":"sv-SE","@id":"https:\/\/vmsport.fi\/verkkokauppa\/tarvikkeet\/huolto-ja-pesu\/puhdistustyokalut\/muc-off-sweat-protect\/#primaryimage","url":"https:\/\/vmsport.fi\/wp-content\/uploads\/2025\/03\/Xy9rJgfvAxgjbT4FCFaUorfh42WuMk4pqgWsF3zMFdCy2MvS0O-1.jpg","contentUrl":"https:\/\/vmsport.fi\/wp-content\/uploads\/2025\/03\/Xy9rJgfvAxgjbT4FCFaUorfh42WuMk4pqgWsF3zMFdCy2MvS0O-1.jpg","width":800,"height":800,"caption":"Xy9rJgfvAxgjbT4FCFaUorfh42WuMk4pqgWsF3zMFdCy2MvS0O"},{"@type":"BreadcrumbList","@id":"https:\/\/vmsport.fi\/verkkokauppa\/tarvikkeet\/huolto-ja-pesu\/puhdistustyokalut\/muc-off-sweat-protect\/#breadcrumb","itemListElement":[{"@type":"ListItem","position":1,"name":"Etusivu","item":"https:\/\/vmsport.fi\/"},{"@type":"ListItem","position":2,"name":"Online Store","item":"https:\/\/vmsport.fi\/en\/online-store\/"},{"@type":"ListItem","position":3,"name":"MUC-OFF Sweat Protect"}]},{"@type":"WebSite","@id":"https:\/\/vmsport.fi\/#website","url":"https:\/\/vmsport.fi\/","name":"Vmsport","description":"Allt p\u00e5 ett st\u00e4lle f\u00f6r cykling","publisher":{"@id":"https:\/\/vmsport.fi\/#organization"},"potentialAction":[{"@type":"SearchAction","target":{"@type":"EntryPoint","urlTemplate":"https:\/\/vmsport.fi\/?s={search_term_string}"},"query-input":{"@type":"PropertyValueSpecification","valueRequired":true,"valueName":"search_term_string"}}],"inLanguage":"sv-SE"},{"@type":"Organization","@id":"https:\/\/vmsport.fi\/#organization","name":"Vmsport","url":"https:\/\/vmsport.fi\/","logo":{"@type":"ImageObject","inLanguage":"sv-SE","@id":"https:\/\/vmsport.fi\/#\/schema\/logo\/image\/","url":"https:\/\/vmsport.fi\/wp-content\/uploads\/2024\/12\/vm_sport_RGB_horisontal-e1734526017575.png","contentUrl":"https:\/\/vmsport.fi\/wp-content\/uploads\/2024\/12\/vm_sport_RGB_horisontal-e1734526017575.png","width":668,"height":85,"caption":"Vmsport"},"image":{"@id":"https:\/\/vmsport.fi\/#\/schema\/logo\/image\/"},"sameAs":["https:\/\/www.facebook.com\/Vmsport.fi\/","https:\/\/www.instagram.com\/vmsport\/"]}]}},"global_unique_id":"","_links":{"self":[{"href":"https:\/\/vmsport.fi\/sv\/wp-json\/wp\/v2\/product\/55088","targetHints":{"allow":["GET"]}}],"collection":[{"href":"https:\/\/vmsport.fi\/sv\/wp-json\/wp\/v2\/product"}],"about":[{"href":"https:\/\/vmsport.fi\/sv\/wp-json\/wp\/v2\/types\/product"}],"replies":[{"embeddable":true,"href":"https:\/\/vmsport.fi\/sv\/wp-json\/wp\/v2\/comments?post=55088"}],"wp:featuredmedia":[{"embeddable":true,"href":"https:\/\/vmsport.fi\/sv\/wp-json\/wp\/v2\/media\/55087"}],"wp:attachment":[{"href":"https:\/\/vmsport.fi\/sv\/wp-json\/wp\/v2\/media?parent=55088"}],"wp:term":[{"taxonomy":"product_brand","embeddable":true,"href":"https:\/\/vmsport.fi\/sv\/wp-json\/wp\/v2\/product_brand?post=55088"},{"taxonomy":"product_model","embeddable":true,"href":"https:\/\/vmsport.fi\/sv\/wp-json\/wp\/v2\/product_model?post=55088"},{"taxonomy":"product_cat","embeddable":true,"href":"https:\/\/vmsport.fi\/sv\/wp-json\/wp\/v2\/product_cat?post=55088"},{"taxonomy":"product_tag","embeddable":true,"href":"https:\/\/vmsport.fi\/sv\/wp-json\/wp\/v2\/product_tag?post=55088"},{"taxonomy":"industry_terminology","embeddable":true,"href":"https:\/\/vmsport.fi\/sv\/wp-json\/wp\/v2\/industry-terminology?post=55088"}],"curies":[{"name":"wp","href":"https:\/\/api.w.org\/{rel}","templated":true}]}}