{"id":55086,"date":"2025-03-06T00:01:40","date_gmt":"2025-03-05T22:01:40","guid":{"rendered":"https:\/\/vmsport.fi\/verkkokauppa\/Ei-luokiteltu\/sisakumi-schwalbe-av13-26-x-16-24-40-62x559-schrader-40-mm\/"},"modified":"2026-01-16T13:25:19","modified_gmt":"2026-01-16T11:25:19","slug":"sisakumi-schwalbe-av13-26-x-16-24-40-62x559-schrader-40-mm","status":"publish","type":"product","link":"https:\/\/vmsport.fi\/sv\/verkkokauppa\/renkaat\/sisarenkaat\/sisakumi-schwalbe-av13-26-x-16-24-40-62x559-schrader-40-mm\/","title":{"rendered":"Innerd\u00e4ck SCHWALBE AV13 26 x 1,6 - 2,4 (40-62\u00d7559) Schrader 40 mm"},"content":{"rendered":"<p>SCHWALBE AV13 -sis\u00e4kumi on erityisesti 26-tuumaisille maastopy\u00f6r\u00e4n renkaille kehitetty laatutuote. T\u00e4m\u00e4 korkealaatuisesta butyylikumista valmistettu sis\u00e4kumi sis\u00e4lt\u00e4\u00e4 20 % kierr\u00e4tetty\u00e4 materiaalia, mik\u00e4 tukee ymp\u00e4rist\u00f6yst\u00e4v\u00e4llist\u00e4 kehityst\u00e4. Sen yhten\u00e4inen sein\u00e4m\u00e4paksuus takaa pitk\u00e4n k\u00e4ytt\u00f6i\u00e4n ja luotettavuuden, ja erinomainen ilmanpid\u00e4tyskyky mahdollistaa pitk\u00e4t ajomatkat ilman huolta ilmanpaineen laskemisesta. Sis\u00e4kumin Schrader-venttiili on 40 mm pitk\u00e4 ja t\u00e4ysin kierretty, mik\u00e4 tekee t\u00e4ytt\u00e4misest\u00e4 helppoa ja sujuvaa. Painoa on vain 190 grammaa, joten sis\u00e4kumi on kevyt, mutta tarjoaa silti erinomaisen suorituskyvyn, jota py\u00f6r\u00e4ilij\u00e4t ymp\u00e4ri maailmaa arvostavat.<\/p>","protected":false},"excerpt":{"rendered":"<p>SCHWALBE AV13 -sis\u00e4kumi on erityisesti 26-tuumaisille maastopy\u00f6r\u00e4n renkaille kehitetty laatutuote. T\u00e4m\u00e4 korkealaatuisesta butyylikumista valmistettu sis\u00e4kumi sis\u00e4lt\u00e4\u00e4 20 % kierr\u00e4tetty\u00e4 materiaalia, mik\u00e4 tukee ymp\u00e4rist\u00f6yst\u00e4v\u00e4llist\u00e4 kehityst\u00e4. Sen yhten\u00e4inen sein\u00e4m\u00e4paksuus takaa pitk\u00e4n k\u00e4ytt\u00f6i\u00e4n ja luotettavuuden, ja erinomainen ilmanpid\u00e4tyskyky mahdollistaa pitk\u00e4t ajomatkat ilman huolta ilmanpaineen laskemisesta. Sis\u00e4kumin Schrader-venttiili on 40 mm pitk\u00e4 ja t\u00e4ysin kierretty, mik\u00e4 tekee t\u00e4ytt\u00e4misest\u00e4 helppoa [&#8230;]<\/p>\n<p><a class=\"btn btn-secondary understrap-read-more-link\" href=\"https:\/\/vmsport.fi\/sv\/verkkokauppa\/renkaat\/sisarenkaat\/sisakumi-schwalbe-av13-26-x-16-24-40-62x559-schrader-40-mm\/\">L\u00e4s mer \u2026<span class=\"screen-reader-text\"> from Sis\u00e4kumi SCHWALBE AV13 26 x 1,6 &#8211; 2,4 (40-62&#215;559) Schrader 40 mm<\/span><\/a><\/p>\n","protected":false},"featured_media":55085,"comment_status":"open","ping_status":"closed","template":"","meta":{"_acf_changed":false,"_improvement_type_select":"improve_an_existing","_thumb_yes_seoaic":false,"_frame_yes_seoaic":false,"seoaic_generate_description":"","seoaic_improve_instructions_prompt":"","seoaic_rollback_content_improvement":"","seoaic_idea_thumbnail_generator":"","thumbnail_generated":false,"thumbnail_generate_prompt":"","seoaic_article_description":"","_supplier_stock_quantity":0},"product_brand":[],"product_model":[],"product_cat":[9312],"product_tag":[],"industry-terminology":[],"class_list":{"0":"post-55086","1":"product","2":"type-product","3":"status-publish","4":"has-post-thumbnail","6":"product_cat-sisarenkaat","8":"first","9":"outofstock","10":"taxable","11":"shipping-taxable","12":"product-type-simple"},"acf":{"bike_features":null,"overview":{"copy_overview":null,"key_features":null,"statement":"","youtube_url":""}},"yoast_head":"<!-- This site is optimized with the Yoast SEO plugin v27.3 - https:\/\/yoast.com\/product\/yoast-seo-wordpress\/ -->\n<title>Sis\u00e4kumi SCHWALBE AV13 26 x 1,6 - 2,4 (40-62x559) Schrader 40 mm - VM Sport<\/title>\n<meta name=\"robots\" content=\"index, follow, max-snippet:-1, max-image-preview:large, max-video-preview:-1\" \/>\n<link rel=\"canonical\" href=\"https:\/\/vmsport.fi\/sv\/webbutik\/dack\/systerdack\/sisakumi-schwalbe-av13-26-x-16-24-40-62x559-schrader-40-mm\/\" \/>\n<meta property=\"og:locale\" content=\"sv_SE\" \/>\n<meta property=\"og:type\" content=\"article\" \/>\n<meta property=\"og:title\" content=\"Sis\u00e4kumi SCHWALBE AV13 26 x 1,6 - 2,4 (40-62x559) Schrader 40 mm - VM Sport\" \/>\n<meta property=\"og:description\" content=\"SCHWALBE AV13 -sis\u00e4kumi on erityisesti 26-tuumaisille maastopy\u00f6r\u00e4n renkaille kehitetty laatutuote. T\u00e4m\u00e4 korkealaatuisesta butyylikumista valmistettu sis\u00e4kumi sis\u00e4lt\u00e4\u00e4 20 % kierr\u00e4tetty\u00e4 materiaalia, mik\u00e4 tukee ymp\u00e4rist\u00f6yst\u00e4v\u00e4llist\u00e4 kehityst\u00e4. Sen yhten\u00e4inen sein\u00e4m\u00e4paksuus takaa pitk\u00e4n k\u00e4ytt\u00f6i\u00e4n ja luotettavuuden, ja erinomainen ilmanpid\u00e4tyskyky mahdollistaa pitk\u00e4t ajomatkat ilman huolta ilmanpaineen laskemisesta. Sis\u00e4kumin Schrader-venttiili on 40 mm pitk\u00e4 ja t\u00e4ysin kierretty, mik\u00e4 tekee t\u00e4ytt\u00e4misest\u00e4 helppoa [...]L\u00e4s mer \u2026 from Sis\u00e4kumi SCHWALBE AV13 26 x 1,6 &#8211; 2,4 (40-62&#215;559) Schrader 40 mm\" \/>\n<meta property=\"og:url\" content=\"https:\/\/vmsport.fi\/sv\/webbutik\/dack\/systerdack\/sisakumi-schwalbe-av13-26-x-16-24-40-62x559-schrader-40-mm\/\" \/>\n<meta property=\"og:site_name\" content=\"VM Sport\" \/>\n<meta property=\"article:publisher\" content=\"https:\/\/www.facebook.com\/Vmsport.fi\/\" \/>\n<meta property=\"article:modified_time\" content=\"2026-01-16T11:25:19+00:00\" \/>\n<meta property=\"og:image\" content=\"https:\/\/vmsport.fi\/wp-content\/uploads\/2025\/03\/10425140-01-1.jpg\" \/>\n\t<meta property=\"og:image:width\" content=\"1000\" \/>\n\t<meta property=\"og:image:height\" content=\"750\" \/>\n\t<meta property=\"og:image:type\" content=\"image\/jpeg\" \/>\n<meta name=\"twitter:card\" content=\"summary_large_image\" \/>\n<meta name=\"twitter:label1\" content=\"Ber\u00e4knad l\u00e4stid\" \/>\n\t<meta name=\"twitter:data1\" content=\"1 minut\" \/>\n<script type=\"application\/ld+json\" class=\"yoast-schema-graph\">{\"@context\":\"https:\\\/\\\/schema.org\",\"@graph\":[{\"@type\":[\"WebPage\",\"ItemPage\"],\"@id\":\"https:\\\/\\\/vmsport.fi\\\/verkkokauppa\\\/renkaat\\\/sisarenkaat\\\/sisakumi-schwalbe-av13-26-x-16-24-40-62x559-schrader-40-mm\\\/\",\"url\":\"https:\\\/\\\/vmsport.fi\\\/verkkokauppa\\\/renkaat\\\/sisarenkaat\\\/sisakumi-schwalbe-av13-26-x-16-24-40-62x559-schrader-40-mm\\\/\",\"name\":\"Sis\u00e4kumi SCHWALBE AV13 26 x 1,6 - 2,4 (40-62x559) Schrader 40 mm - VM Sport\",\"isPartOf\":{\"@id\":\"https:\\\/\\\/vmsport.fi\\\/#website\"},\"primaryImageOfPage\":{\"@id\":\"https:\\\/\\\/vmsport.fi\\\/verkkokauppa\\\/renkaat\\\/sisarenkaat\\\/sisakumi-schwalbe-av13-26-x-16-24-40-62x559-schrader-40-mm\\\/#primaryimage\"},\"image\":{\"@id\":\"https:\\\/\\\/vmsport.fi\\\/verkkokauppa\\\/renkaat\\\/sisarenkaat\\\/sisakumi-schwalbe-av13-26-x-16-24-40-62x559-schrader-40-mm\\\/#primaryimage\"},\"thumbnailUrl\":\"https:\\\/\\\/vmsport.fi\\\/wp-content\\\/uploads\\\/2025\\\/03\\\/10425140-01-1.jpg\",\"datePublished\":\"2025-03-05T22:01:40+00:00\",\"dateModified\":\"2026-01-16T11:25:19+00:00\",\"breadcrumb\":{\"@id\":\"https:\\\/\\\/vmsport.fi\\\/verkkokauppa\\\/renkaat\\\/sisarenkaat\\\/sisakumi-schwalbe-av13-26-x-16-24-40-62x559-schrader-40-mm\\\/#breadcrumb\"},\"inLanguage\":\"sv-SE\",\"potentialAction\":[{\"@type\":\"ReadAction\",\"target\":[\"https:\\\/\\\/vmsport.fi\\\/verkkokauppa\\\/renkaat\\\/sisarenkaat\\\/sisakumi-schwalbe-av13-26-x-16-24-40-62x559-schrader-40-mm\\\/\"]}]},{\"@type\":\"ImageObject\",\"inLanguage\":\"sv-SE\",\"@id\":\"https:\\\/\\\/vmsport.fi\\\/verkkokauppa\\\/renkaat\\\/sisarenkaat\\\/sisakumi-schwalbe-av13-26-x-16-24-40-62x559-schrader-40-mm\\\/#primaryimage\",\"url\":\"https:\\\/\\\/vmsport.fi\\\/wp-content\\\/uploads\\\/2025\\\/03\\\/10425140-01-1.jpg\",\"contentUrl\":\"https:\\\/\\\/vmsport.fi\\\/wp-content\\\/uploads\\\/2025\\\/03\\\/10425140-01-1.jpg\",\"width\":1000,\"height\":750,\"caption\":\"10425140-01\"},{\"@type\":\"BreadcrumbList\",\"@id\":\"https:\\\/\\\/vmsport.fi\\\/verkkokauppa\\\/renkaat\\\/sisarenkaat\\\/sisakumi-schwalbe-av13-26-x-16-24-40-62x559-schrader-40-mm\\\/#breadcrumb\",\"itemListElement\":[{\"@type\":\"ListItem\",\"position\":1,\"name\":\"Etusivu\",\"item\":\"https:\\\/\\\/vmsport.fi\\\/\"},{\"@type\":\"ListItem\",\"position\":2,\"name\":\"Online Store\",\"item\":\"https:\\\/\\\/vmsport.fi\\\/en\\\/online-store\\\/\"},{\"@type\":\"ListItem\",\"position\":3,\"name\":\"Sis\u00e4kumi SCHWALBE AV13 26 x 1,6 &#8211; 2,4 (40-62&#215;559) Schrader 40 mm\"}]},{\"@type\":\"WebSite\",\"@id\":\"https:\\\/\\\/vmsport.fi\\\/#website\",\"url\":\"https:\\\/\\\/vmsport.fi\\\/\",\"name\":\"Vmsport\",\"description\":\"Kaikki py\u00f6r\u00e4ilyyn yhdest\u00e4 paikasta\",\"publisher\":{\"@id\":\"https:\\\/\\\/vmsport.fi\\\/#organization\"},\"potentialAction\":[{\"@type\":\"SearchAction\",\"target\":{\"@type\":\"EntryPoint\",\"urlTemplate\":\"https:\\\/\\\/vmsport.fi\\\/?s={search_term_string}\"},\"query-input\":{\"@type\":\"PropertyValueSpecification\",\"valueRequired\":true,\"valueName\":\"search_term_string\"}}],\"inLanguage\":\"sv-SE\"},{\"@type\":\"Organization\",\"@id\":\"https:\\\/\\\/vmsport.fi\\\/#organization\",\"name\":\"Vmsport\",\"url\":\"https:\\\/\\\/vmsport.fi\\\/\",\"logo\":{\"@type\":\"ImageObject\",\"inLanguage\":\"sv-SE\",\"@id\":\"https:\\\/\\\/vmsport.fi\\\/#\\\/schema\\\/logo\\\/image\\\/\",\"url\":\"https:\\\/\\\/vmsport.fi\\\/wp-content\\\/uploads\\\/2024\\\/12\\\/vm_sport_RGB_horisontal-e1734526017575.png\",\"contentUrl\":\"https:\\\/\\\/vmsport.fi\\\/wp-content\\\/uploads\\\/2024\\\/12\\\/vm_sport_RGB_horisontal-e1734526017575.png\",\"width\":668,\"height\":85,\"caption\":\"Vmsport\"},\"image\":{\"@id\":\"https:\\\/\\\/vmsport.fi\\\/#\\\/schema\\\/logo\\\/image\\\/\"},\"sameAs\":[\"https:\\\/\\\/www.facebook.com\\\/Vmsport.fi\\\/\",\"https:\\\/\\\/www.instagram.com\\\/vmsport\\\/\"]}]}<\/script>\n<!-- \/ Yoast SEO plugin. -->","yoast_head_json":{"title":"Sis\u00e4kumi SCHWALBE AV13 26 x 1,6 - 2,4 (40-62x559) Schrader 40 mm - VM Sport","robots":{"index":"index","follow":"follow","max-snippet":"max-snippet:-1","max-image-preview":"max-image-preview:large","max-video-preview":"max-video-preview:-1"},"canonical":"https:\/\/vmsport.fi\/sv\/webbutik\/dack\/systerdack\/sisakumi-schwalbe-av13-26-x-16-24-40-62x559-schrader-40-mm\/","og_locale":"sv_SE","og_type":"article","og_title":"Sis\u00e4kumi SCHWALBE AV13 26 x 1,6 - 2,4 (40-62x559) Schrader 40 mm - VM Sport","og_description":"SCHWALBE AV13 -sis\u00e4kumi on erityisesti 26-tuumaisille maastopy\u00f6r\u00e4n renkaille kehitetty laatutuote. T\u00e4m\u00e4 korkealaatuisesta butyylikumista valmistettu sis\u00e4kumi sis\u00e4lt\u00e4\u00e4 20 % kierr\u00e4tetty\u00e4 materiaalia, mik\u00e4 tukee ymp\u00e4rist\u00f6yst\u00e4v\u00e4llist\u00e4 kehityst\u00e4. Sen yhten\u00e4inen sein\u00e4m\u00e4paksuus takaa pitk\u00e4n k\u00e4ytt\u00f6i\u00e4n ja luotettavuuden, ja erinomainen ilmanpid\u00e4tyskyky mahdollistaa pitk\u00e4t ajomatkat ilman huolta ilmanpaineen laskemisesta. Sis\u00e4kumin Schrader-venttiili on 40 mm pitk\u00e4 ja t\u00e4ysin kierretty, mik\u00e4 tekee t\u00e4ytt\u00e4misest\u00e4 helppoa [...]L\u00e4s mer \u2026 from Sis\u00e4kumi SCHWALBE AV13 26 x 1,6 &#8211; 2,4 (40-62&#215;559) Schrader 40 mm","og_url":"https:\/\/vmsport.fi\/sv\/webbutik\/dack\/systerdack\/sisakumi-schwalbe-av13-26-x-16-24-40-62x559-schrader-40-mm\/","og_site_name":"VM Sport","article_publisher":"https:\/\/www.facebook.com\/Vmsport.fi\/","article_modified_time":"2026-01-16T11:25:19+00:00","og_image":[{"width":1000,"height":750,"url":"https:\/\/vmsport.fi\/wp-content\/uploads\/2025\/03\/10425140-01-1.jpg","type":"image\/jpeg"}],"twitter_card":"summary_large_image","twitter_misc":{"Ber\u00e4knad l\u00e4stid":"1 minut"},"schema":{"@context":"https:\/\/schema.org","@graph":[{"@type":["WebPage","ItemPage"],"@id":"https:\/\/vmsport.fi\/verkkokauppa\/renkaat\/sisarenkaat\/sisakumi-schwalbe-av13-26-x-16-24-40-62x559-schrader-40-mm\/","url":"https:\/\/vmsport.fi\/verkkokauppa\/renkaat\/sisarenkaat\/sisakumi-schwalbe-av13-26-x-16-24-40-62x559-schrader-40-mm\/","name":"Sis\u00e4kumi SCHWALBE AV13 26 x 1,6 - 2,4 (40-62x559) Schrader 40 mm - VM Sport","isPartOf":{"@id":"https:\/\/vmsport.fi\/#website"},"primaryImageOfPage":{"@id":"https:\/\/vmsport.fi\/verkkokauppa\/renkaat\/sisarenkaat\/sisakumi-schwalbe-av13-26-x-16-24-40-62x559-schrader-40-mm\/#primaryimage"},"image":{"@id":"https:\/\/vmsport.fi\/verkkokauppa\/renkaat\/sisarenkaat\/sisakumi-schwalbe-av13-26-x-16-24-40-62x559-schrader-40-mm\/#primaryimage"},"thumbnailUrl":"https:\/\/vmsport.fi\/wp-content\/uploads\/2025\/03\/10425140-01-1.jpg","datePublished":"2025-03-05T22:01:40+00:00","dateModified":"2026-01-16T11:25:19+00:00","breadcrumb":{"@id":"https:\/\/vmsport.fi\/verkkokauppa\/renkaat\/sisarenkaat\/sisakumi-schwalbe-av13-26-x-16-24-40-62x559-schrader-40-mm\/#breadcrumb"},"inLanguage":"sv-SE","potentialAction":[{"@type":"ReadAction","target":["https:\/\/vmsport.fi\/verkkokauppa\/renkaat\/sisarenkaat\/sisakumi-schwalbe-av13-26-x-16-24-40-62x559-schrader-40-mm\/"]}]},{"@type":"ImageObject","inLanguage":"sv-SE","@id":"https:\/\/vmsport.fi\/verkkokauppa\/renkaat\/sisarenkaat\/sisakumi-schwalbe-av13-26-x-16-24-40-62x559-schrader-40-mm\/#primaryimage","url":"https:\/\/vmsport.fi\/wp-content\/uploads\/2025\/03\/10425140-01-1.jpg","contentUrl":"https:\/\/vmsport.fi\/wp-content\/uploads\/2025\/03\/10425140-01-1.jpg","width":1000,"height":750,"caption":"10425140-01"},{"@type":"BreadcrumbList","@id":"https:\/\/vmsport.fi\/verkkokauppa\/renkaat\/sisarenkaat\/sisakumi-schwalbe-av13-26-x-16-24-40-62x559-schrader-40-mm\/#breadcrumb","itemListElement":[{"@type":"ListItem","position":1,"name":"Etusivu","item":"https:\/\/vmsport.fi\/"},{"@type":"ListItem","position":2,"name":"Online Store","item":"https:\/\/vmsport.fi\/en\/online-store\/"},{"@type":"ListItem","position":3,"name":"Sis\u00e4kumi SCHWALBE AV13 26 x 1,6 &#8211; 2,4 (40-62&#215;559) Schrader 40 mm"}]},{"@type":"WebSite","@id":"https:\/\/vmsport.fi\/#website","url":"https:\/\/vmsport.fi\/","name":"Vmsport","description":"Allt p\u00e5 ett st\u00e4lle f\u00f6r cykling","publisher":{"@id":"https:\/\/vmsport.fi\/#organization"},"potentialAction":[{"@type":"SearchAction","target":{"@type":"EntryPoint","urlTemplate":"https:\/\/vmsport.fi\/?s={search_term_string}"},"query-input":{"@type":"PropertyValueSpecification","valueRequired":true,"valueName":"search_term_string"}}],"inLanguage":"sv-SE"},{"@type":"Organization","@id":"https:\/\/vmsport.fi\/#organization","name":"Vmsport","url":"https:\/\/vmsport.fi\/","logo":{"@type":"ImageObject","inLanguage":"sv-SE","@id":"https:\/\/vmsport.fi\/#\/schema\/logo\/image\/","url":"https:\/\/vmsport.fi\/wp-content\/uploads\/2024\/12\/vm_sport_RGB_horisontal-e1734526017575.png","contentUrl":"https:\/\/vmsport.fi\/wp-content\/uploads\/2024\/12\/vm_sport_RGB_horisontal-e1734526017575.png","width":668,"height":85,"caption":"Vmsport"},"image":{"@id":"https:\/\/vmsport.fi\/#\/schema\/logo\/image\/"},"sameAs":["https:\/\/www.facebook.com\/Vmsport.fi\/","https:\/\/www.instagram.com\/vmsport\/"]}]}},"global_unique_id":"","_links":{"self":[{"href":"https:\/\/vmsport.fi\/sv\/wp-json\/wp\/v2\/product\/55086","targetHints":{"allow":["GET"]}}],"collection":[{"href":"https:\/\/vmsport.fi\/sv\/wp-json\/wp\/v2\/product"}],"about":[{"href":"https:\/\/vmsport.fi\/sv\/wp-json\/wp\/v2\/types\/product"}],"replies":[{"embeddable":true,"href":"https:\/\/vmsport.fi\/sv\/wp-json\/wp\/v2\/comments?post=55086"}],"wp:featuredmedia":[{"embeddable":true,"href":"https:\/\/vmsport.fi\/sv\/wp-json\/wp\/v2\/media\/55085"}],"wp:attachment":[{"href":"https:\/\/vmsport.fi\/sv\/wp-json\/wp\/v2\/media?parent=55086"}],"wp:term":[{"taxonomy":"product_brand","embeddable":true,"href":"https:\/\/vmsport.fi\/sv\/wp-json\/wp\/v2\/product_brand?post=55086"},{"taxonomy":"product_model","embeddable":true,"href":"https:\/\/vmsport.fi\/sv\/wp-json\/wp\/v2\/product_model?post=55086"},{"taxonomy":"product_cat","embeddable":true,"href":"https:\/\/vmsport.fi\/sv\/wp-json\/wp\/v2\/product_cat?post=55086"},{"taxonomy":"product_tag","embeddable":true,"href":"https:\/\/vmsport.fi\/sv\/wp-json\/wp\/v2\/product_tag?post=55086"},{"taxonomy":"industry_terminology","embeddable":true,"href":"https:\/\/vmsport.fi\/sv\/wp-json\/wp\/v2\/industry-terminology?post=55086"}],"curies":[{"name":"wp","href":"https:\/\/api.w.org\/{rel}","templated":true}]}}