{"id":55073,"date":"2025-03-06T00:01:32","date_gmt":"2025-03-05T22:01:32","guid":{"rendered":"https:\/\/vmsport.fi\/verkkokauppa\/Ei-luokiteltu\/ulkorengas-28-continental-contact-plus-reflex-37-622-musta\/"},"modified":"2026-03-21T02:00:19","modified_gmt":"2026-03-21T00:00:19","slug":"ytterdack-28-continental-contact-plus-reflex-37-622-svart","status":"publish","type":"product","link":"https:\/\/vmsport.fi\/sv\/verkkokauppa\/renkaat\/ulkorenkaat\/kaupunki-ja-hybridirenkaat\/ulkorengas-28-continental-contact-plus-reflex-37-622-musta\/","title":{"rendered":"Ytterd\u00e4ck 28\u2033 CONTINENTAL Contact Plus Reflex 37-622, svart"},"content":{"rendered":"<p>28\u2033 CONTINENTAL Contact Plus Reflex 37-622, svart, \u00e4r ett utm\u00e4rkt val f\u00f6r vardagsanv\u00e4ndning. D\u00e4cket v\u00e4ger 980 gram och erbjuder ett utm\u00e4rkt punkteringsskydd tack vare Safety+-tekniken. D\u00e4cket \u00e4r kompatibelt med elcyklar av standardtyp E-bike 50, vilket g\u00f6r det perfekt f\u00f6r m\u00e5ngsidig cykling. Den reflekterande tejpen f\u00f6rb\u00e4ttrar synligheten avsev\u00e4rt och slitageindikatorn hj\u00e4lper dig att \u00f6vervaka d\u00e4ckets sp\u00e5rdjup. Placeringen av tung gummiblandning p\u00e5 den yttre f\u00e4lgen ger en bekv\u00e4m k\u00f6rupplevelse och d\u00e4ckets v\u00e4vdensitet p\u00e5 3\/180 tpi ger utm\u00e4rkt h\u00e5llbarhet. Det rekommenderade lufttrycket \u00e4r 56 psi och det maximala lufttrycket \u00e4r 85 psi, vilket ger en bekv\u00e4m och s\u00e4ker k\u00f6rning.<\/p>","protected":false},"excerpt":{"rendered":"<p>Ulkorengas 28&#8243; CONTINENTAL Contact Plus Reflex 37-622, musta, on loistava valinta jokap\u00e4iv\u00e4iseen k\u00e4ytt\u00f6\u00f6n. Renkaan paino on 980 grammaa, ja se tarjoaa erinomaisen pistosuojan Safety+ -teknologian ansiosta. T\u00e4m\u00e4 rengas on yhteensopiva E-bike 50 -standardin s\u00e4hk\u00f6py\u00f6rien kanssa, joten se soveltuu mainiosti monipuoliseen py\u00f6r\u00e4ilyyn. Heijastinnauha parantaa n\u00e4kyvyytt\u00e4 huomattavasti, ja kulumisen ilmaisin auttaa seuraamaan renkaan urasyvyytt\u00e4. Raskaan massan sijoittaminen [&#8230;]<\/p>\n<p><a class=\"btn btn-secondary understrap-read-more-link\" href=\"https:\/\/vmsport.fi\/sv\/verkkokauppa\/renkaat\/ulkorenkaat\/kaupunki-ja-hybridirenkaat\/ulkorengas-28-continental-contact-plus-reflex-37-622-musta\/\">L\u00e4s mer \u2026<span class=\"screen-reader-text\"> from Ulkorengas 28&#8243; CONTINENTAL Contact Plus Reflex 37-622, musta<\/span><\/a><\/p>\n","protected":false},"featured_media":55072,"comment_status":"open","ping_status":"closed","template":"","meta":{"_acf_changed":false,"_improvement_type_select":"improve_an_existing","_thumb_yes_seoaic":false,"_frame_yes_seoaic":false,"seoaic_generate_description":"","seoaic_improve_instructions_prompt":"","seoaic_rollback_content_improvement":"","seoaic_idea_thumbnail_generator":"","thumbnail_generated":false,"thumbnail_generate_prompt":"","seoaic_article_description":"","_supplier_stock_quantity":0},"product_brand":[1585],"product_model":[],"product_cat":[9318],"product_tag":[],"industry-terminology":[],"class_list":{"0":"post-55073","1":"product","2":"type-product","3":"status-publish","4":"has-post-thumbnail","6":"product_brand-continental","7":"product_cat-kaupunki-ja-hybridirenkaat","9":"first","10":"instock","11":"taxable","12":"shipping-taxable","13":"purchasable","14":"product-type-simple"},"acf":{"bike_features":null,"overview":{"copy_overview":null,"key_features":null,"statement":"","youtube_url":""}},"yoast_head":"<!-- This site is optimized with the Yoast SEO plugin v27.3 - https:\/\/yoast.com\/product\/yoast-seo-wordpress\/ -->\n<title>Ulkorengas 28&quot; CONTINENTAL Contact Plus Reflex 37-622, musta - VM Sport<\/title>\n<meta name=\"robots\" content=\"index, follow, max-snippet:-1, max-image-preview:large, max-video-preview:-1\" \/>\n<link rel=\"canonical\" href=\"https:\/\/vmsport.fi\/sv\/webbutik\/dack\/dack-for-utomhusbruk\/stads-och-hybriddack\/ytterdack-28-continental-contact-plus-reflex-37-622-svart\/\" \/>\n<meta property=\"og:locale\" content=\"sv_SE\" \/>\n<meta property=\"og:type\" content=\"article\" \/>\n<meta property=\"og:title\" content=\"Ulkorengas 28&quot; CONTINENTAL Contact Plus Reflex 37-622, musta - VM Sport\" \/>\n<meta property=\"og:description\" content=\"Ulkorengas 28&#8243; CONTINENTAL Contact Plus Reflex 37-622, musta, on loistava valinta jokap\u00e4iv\u00e4iseen k\u00e4ytt\u00f6\u00f6n. Renkaan paino on 980 grammaa, ja se tarjoaa erinomaisen pistosuojan Safety+ -teknologian ansiosta. T\u00e4m\u00e4 rengas on yhteensopiva E-bike 50 -standardin s\u00e4hk\u00f6py\u00f6rien kanssa, joten se soveltuu mainiosti monipuoliseen py\u00f6r\u00e4ilyyn. Heijastinnauha parantaa n\u00e4kyvyytt\u00e4 huomattavasti, ja kulumisen ilmaisin auttaa seuraamaan renkaan urasyvyytt\u00e4. Raskaan massan sijoittaminen [...]L\u00e4s mer \u2026 from Ulkorengas 28&#8243; CONTINENTAL Contact Plus Reflex 37-622, musta\" \/>\n<meta property=\"og:url\" content=\"https:\/\/vmsport.fi\/sv\/webbutik\/dack\/dack-for-utomhusbruk\/stads-och-hybriddack\/ytterdack-28-continental-contact-plus-reflex-37-622-svart\/\" \/>\n<meta property=\"og:site_name\" content=\"VM Sport\" \/>\n<meta property=\"article:publisher\" content=\"https:\/\/www.facebook.com\/Vmsport.fi\/\" \/>\n<meta property=\"article:modified_time\" content=\"2026-03-21T00:00:19+00:00\" \/>\n<meta property=\"og:image\" content=\"https:\/\/vmsport.fi\/wp-content\/uploads\/2025\/03\/Ulkorengas-28-CONTAINENTAL-Contact-Plus-Reflex-1.jpg\" \/>\n\t<meta property=\"og:image:width\" content=\"75\" \/>\n\t<meta property=\"og:image:height\" content=\"75\" \/>\n\t<meta property=\"og:image:type\" content=\"image\/jpeg\" \/>\n<meta name=\"twitter:card\" content=\"summary_large_image\" \/>\n<script type=\"application\/ld+json\" class=\"yoast-schema-graph\">{\"@context\":\"https:\\\/\\\/schema.org\",\"@graph\":[{\"@type\":[\"WebPage\",\"ItemPage\"],\"@id\":\"https:\\\/\\\/vmsport.fi\\\/verkkokauppa\\\/renkaat\\\/ulkorenkaat\\\/kaupunki-ja-hybridirenkaat\\\/ulkorengas-28-continental-contact-plus-reflex-37-622-musta\\\/\",\"url\":\"https:\\\/\\\/vmsport.fi\\\/verkkokauppa\\\/renkaat\\\/ulkorenkaat\\\/kaupunki-ja-hybridirenkaat\\\/ulkorengas-28-continental-contact-plus-reflex-37-622-musta\\\/\",\"name\":\"Ulkorengas 28\\\" CONTINENTAL Contact Plus Reflex 37-622, musta - VM Sport\",\"isPartOf\":{\"@id\":\"https:\\\/\\\/vmsport.fi\\\/#website\"},\"primaryImageOfPage\":{\"@id\":\"https:\\\/\\\/vmsport.fi\\\/verkkokauppa\\\/renkaat\\\/ulkorenkaat\\\/kaupunki-ja-hybridirenkaat\\\/ulkorengas-28-continental-contact-plus-reflex-37-622-musta\\\/#primaryimage\"},\"image\":{\"@id\":\"https:\\\/\\\/vmsport.fi\\\/verkkokauppa\\\/renkaat\\\/ulkorenkaat\\\/kaupunki-ja-hybridirenkaat\\\/ulkorengas-28-continental-contact-plus-reflex-37-622-musta\\\/#primaryimage\"},\"thumbnailUrl\":\"https:\\\/\\\/vmsport.fi\\\/wp-content\\\/uploads\\\/2025\\\/03\\\/Ulkorengas-28-CONTAINENTAL-Contact-Plus-Reflex-1.jpg\",\"datePublished\":\"2025-03-05T22:01:32+00:00\",\"dateModified\":\"2026-03-21T00:00:19+00:00\",\"breadcrumb\":{\"@id\":\"https:\\\/\\\/vmsport.fi\\\/verkkokauppa\\\/renkaat\\\/ulkorenkaat\\\/kaupunki-ja-hybridirenkaat\\\/ulkorengas-28-continental-contact-plus-reflex-37-622-musta\\\/#breadcrumb\"},\"inLanguage\":\"sv-SE\",\"potentialAction\":[{\"@type\":\"ReadAction\",\"target\":[\"https:\\\/\\\/vmsport.fi\\\/verkkokauppa\\\/renkaat\\\/ulkorenkaat\\\/kaupunki-ja-hybridirenkaat\\\/ulkorengas-28-continental-contact-plus-reflex-37-622-musta\\\/\"]}]},{\"@type\":\"ImageObject\",\"inLanguage\":\"sv-SE\",\"@id\":\"https:\\\/\\\/vmsport.fi\\\/verkkokauppa\\\/renkaat\\\/ulkorenkaat\\\/kaupunki-ja-hybridirenkaat\\\/ulkorengas-28-continental-contact-plus-reflex-37-622-musta\\\/#primaryimage\",\"url\":\"https:\\\/\\\/vmsport.fi\\\/wp-content\\\/uploads\\\/2025\\\/03\\\/Ulkorengas-28-CONTAINENTAL-Contact-Plus-Reflex-1.jpg\",\"contentUrl\":\"https:\\\/\\\/vmsport.fi\\\/wp-content\\\/uploads\\\/2025\\\/03\\\/Ulkorengas-28-CONTAINENTAL-Contact-Plus-Reflex-1.jpg\",\"width\":75,\"height\":75,\"caption\":\"Ulkorengas-28-CONTAINENTAL-Contact-Plus-Reflex\"},{\"@type\":\"BreadcrumbList\",\"@id\":\"https:\\\/\\\/vmsport.fi\\\/verkkokauppa\\\/renkaat\\\/ulkorenkaat\\\/kaupunki-ja-hybridirenkaat\\\/ulkorengas-28-continental-contact-plus-reflex-37-622-musta\\\/#breadcrumb\",\"itemListElement\":[{\"@type\":\"ListItem\",\"position\":1,\"name\":\"Etusivu\",\"item\":\"https:\\\/\\\/vmsport.fi\\\/\"},{\"@type\":\"ListItem\",\"position\":2,\"name\":\"Online Store\",\"item\":\"https:\\\/\\\/vmsport.fi\\\/en\\\/online-store\\\/\"},{\"@type\":\"ListItem\",\"position\":3,\"name\":\"Continental\",\"item\":\"https:\\\/\\\/vmsport.fi\\\/merkki\\\/continental\\\/\"},{\"@type\":\"ListItem\",\"position\":4,\"name\":\"Ulkorengas 28&#8243; CONTINENTAL Contact Plus Reflex 37-622, musta\"}]},{\"@type\":\"WebSite\",\"@id\":\"https:\\\/\\\/vmsport.fi\\\/#website\",\"url\":\"https:\\\/\\\/vmsport.fi\\\/\",\"name\":\"Vmsport\",\"description\":\"Kaikki py\u00f6r\u00e4ilyyn yhdest\u00e4 paikasta\",\"publisher\":{\"@id\":\"https:\\\/\\\/vmsport.fi\\\/#organization\"},\"potentialAction\":[{\"@type\":\"SearchAction\",\"target\":{\"@type\":\"EntryPoint\",\"urlTemplate\":\"https:\\\/\\\/vmsport.fi\\\/?s={search_term_string}\"},\"query-input\":{\"@type\":\"PropertyValueSpecification\",\"valueRequired\":true,\"valueName\":\"search_term_string\"}}],\"inLanguage\":\"sv-SE\"},{\"@type\":\"Organization\",\"@id\":\"https:\\\/\\\/vmsport.fi\\\/#organization\",\"name\":\"Vmsport\",\"url\":\"https:\\\/\\\/vmsport.fi\\\/\",\"logo\":{\"@type\":\"ImageObject\",\"inLanguage\":\"sv-SE\",\"@id\":\"https:\\\/\\\/vmsport.fi\\\/#\\\/schema\\\/logo\\\/image\\\/\",\"url\":\"https:\\\/\\\/vmsport.fi\\\/wp-content\\\/uploads\\\/2024\\\/12\\\/vm_sport_RGB_horisontal-e1734526017575.png\",\"contentUrl\":\"https:\\\/\\\/vmsport.fi\\\/wp-content\\\/uploads\\\/2024\\\/12\\\/vm_sport_RGB_horisontal-e1734526017575.png\",\"width\":668,\"height\":85,\"caption\":\"Vmsport\"},\"image\":{\"@id\":\"https:\\\/\\\/vmsport.fi\\\/#\\\/schema\\\/logo\\\/image\\\/\"},\"sameAs\":[\"https:\\\/\\\/www.facebook.com\\\/Vmsport.fi\\\/\",\"https:\\\/\\\/www.instagram.com\\\/vmsport\\\/\"]}]}<\/script>\n<!-- \/ Yoast SEO plugin. -->","yoast_head_json":{"title":"Ytterd\u00e4ck 28\" CONTINENTAL Contact Plus Reflex 37-622, svart - VM Sport","robots":{"index":"index","follow":"follow","max-snippet":"max-snippet:-1","max-image-preview":"max-image-preview:large","max-video-preview":"max-video-preview:-1"},"canonical":"https:\/\/vmsport.fi\/sv\/webbutik\/dack\/dack-for-utomhusbruk\/stads-och-hybriddack\/ytterdack-28-continental-contact-plus-reflex-37-622-svart\/","og_locale":"sv_SE","og_type":"article","og_title":"Ulkorengas 28\" CONTINENTAL Contact Plus Reflex 37-622, musta - VM Sport","og_description":"Ulkorengas 28&#8243; CONTINENTAL Contact Plus Reflex 37-622, musta, on loistava valinta jokap\u00e4iv\u00e4iseen k\u00e4ytt\u00f6\u00f6n. Renkaan paino on 980 grammaa, ja se tarjoaa erinomaisen pistosuojan Safety+ -teknologian ansiosta. T\u00e4m\u00e4 rengas on yhteensopiva E-bike 50 -standardin s\u00e4hk\u00f6py\u00f6rien kanssa, joten se soveltuu mainiosti monipuoliseen py\u00f6r\u00e4ilyyn. Heijastinnauha parantaa n\u00e4kyvyytt\u00e4 huomattavasti, ja kulumisen ilmaisin auttaa seuraamaan renkaan urasyvyytt\u00e4. Raskaan massan sijoittaminen [...]L\u00e4s mer \u2026 from Ulkorengas 28&#8243; CONTINENTAL Contact Plus Reflex 37-622, musta","og_url":"https:\/\/vmsport.fi\/sv\/webbutik\/dack\/dack-for-utomhusbruk\/stads-och-hybriddack\/ytterdack-28-continental-contact-plus-reflex-37-622-svart\/","og_site_name":"VM Sport","article_publisher":"https:\/\/www.facebook.com\/Vmsport.fi\/","article_modified_time":"2026-03-21T00:00:19+00:00","og_image":[{"width":75,"height":75,"url":"https:\/\/vmsport.fi\/wp-content\/uploads\/2025\/03\/Ulkorengas-28-CONTAINENTAL-Contact-Plus-Reflex-1.jpg","type":"image\/jpeg"}],"twitter_card":"summary_large_image","schema":{"@context":"https:\/\/schema.org","@graph":[{"@type":["WebPage","ItemPage"],"@id":"https:\/\/vmsport.fi\/verkkokauppa\/renkaat\/ulkorenkaat\/kaupunki-ja-hybridirenkaat\/ulkorengas-28-continental-contact-plus-reflex-37-622-musta\/","url":"https:\/\/vmsport.fi\/verkkokauppa\/renkaat\/ulkorenkaat\/kaupunki-ja-hybridirenkaat\/ulkorengas-28-continental-contact-plus-reflex-37-622-musta\/","name":"Ytterd\u00e4ck 28\" CONTINENTAL Contact Plus Reflex 37-622, svart - VM Sport","isPartOf":{"@id":"https:\/\/vmsport.fi\/#website"},"primaryImageOfPage":{"@id":"https:\/\/vmsport.fi\/verkkokauppa\/renkaat\/ulkorenkaat\/kaupunki-ja-hybridirenkaat\/ulkorengas-28-continental-contact-plus-reflex-37-622-musta\/#primaryimage"},"image":{"@id":"https:\/\/vmsport.fi\/verkkokauppa\/renkaat\/ulkorenkaat\/kaupunki-ja-hybridirenkaat\/ulkorengas-28-continental-contact-plus-reflex-37-622-musta\/#primaryimage"},"thumbnailUrl":"https:\/\/vmsport.fi\/wp-content\/uploads\/2025\/03\/Ulkorengas-28-CONTAINENTAL-Contact-Plus-Reflex-1.jpg","datePublished":"2025-03-05T22:01:32+00:00","dateModified":"2026-03-21T00:00:19+00:00","breadcrumb":{"@id":"https:\/\/vmsport.fi\/verkkokauppa\/renkaat\/ulkorenkaat\/kaupunki-ja-hybridirenkaat\/ulkorengas-28-continental-contact-plus-reflex-37-622-musta\/#breadcrumb"},"inLanguage":"sv-SE","potentialAction":[{"@type":"ReadAction","target":["https:\/\/vmsport.fi\/verkkokauppa\/renkaat\/ulkorenkaat\/kaupunki-ja-hybridirenkaat\/ulkorengas-28-continental-contact-plus-reflex-37-622-musta\/"]}]},{"@type":"ImageObject","inLanguage":"sv-SE","@id":"https:\/\/vmsport.fi\/verkkokauppa\/renkaat\/ulkorenkaat\/kaupunki-ja-hybridirenkaat\/ulkorengas-28-continental-contact-plus-reflex-37-622-musta\/#primaryimage","url":"https:\/\/vmsport.fi\/wp-content\/uploads\/2025\/03\/Ulkorengas-28-CONTAINENTAL-Contact-Plus-Reflex-1.jpg","contentUrl":"https:\/\/vmsport.fi\/wp-content\/uploads\/2025\/03\/Ulkorengas-28-CONTAINENTAL-Contact-Plus-Reflex-1.jpg","width":75,"height":75,"caption":"Ulkorengas-28-CONTAINENTAL-Contact-Plus-Reflex"},{"@type":"BreadcrumbList","@id":"https:\/\/vmsport.fi\/verkkokauppa\/renkaat\/ulkorenkaat\/kaupunki-ja-hybridirenkaat\/ulkorengas-28-continental-contact-plus-reflex-37-622-musta\/#breadcrumb","itemListElement":[{"@type":"ListItem","position":1,"name":"Etusivu","item":"https:\/\/vmsport.fi\/"},{"@type":"ListItem","position":2,"name":"Online Store","item":"https:\/\/vmsport.fi\/en\/online-store\/"},{"@type":"ListItem","position":3,"name":"Continental","item":"https:\/\/vmsport.fi\/merkki\/continental\/"},{"@type":"ListItem","position":4,"name":"Ulkorengas 28&#8243; CONTINENTAL Contact Plus Reflex 37-622, musta"}]},{"@type":"WebSite","@id":"https:\/\/vmsport.fi\/#website","url":"https:\/\/vmsport.fi\/","name":"Vmsport","description":"Allt p\u00e5 ett st\u00e4lle f\u00f6r cykling","publisher":{"@id":"https:\/\/vmsport.fi\/#organization"},"potentialAction":[{"@type":"SearchAction","target":{"@type":"EntryPoint","urlTemplate":"https:\/\/vmsport.fi\/?s={search_term_string}"},"query-input":{"@type":"PropertyValueSpecification","valueRequired":true,"valueName":"search_term_string"}}],"inLanguage":"sv-SE"},{"@type":"Organization","@id":"https:\/\/vmsport.fi\/#organization","name":"Vmsport","url":"https:\/\/vmsport.fi\/","logo":{"@type":"ImageObject","inLanguage":"sv-SE","@id":"https:\/\/vmsport.fi\/#\/schema\/logo\/image\/","url":"https:\/\/vmsport.fi\/wp-content\/uploads\/2024\/12\/vm_sport_RGB_horisontal-e1734526017575.png","contentUrl":"https:\/\/vmsport.fi\/wp-content\/uploads\/2024\/12\/vm_sport_RGB_horisontal-e1734526017575.png","width":668,"height":85,"caption":"Vmsport"},"image":{"@id":"https:\/\/vmsport.fi\/#\/schema\/logo\/image\/"},"sameAs":["https:\/\/www.facebook.com\/Vmsport.fi\/","https:\/\/www.instagram.com\/vmsport\/"]}]}},"global_unique_id":"","_links":{"self":[{"href":"https:\/\/vmsport.fi\/sv\/wp-json\/wp\/v2\/product\/55073","targetHints":{"allow":["GET"]}}],"collection":[{"href":"https:\/\/vmsport.fi\/sv\/wp-json\/wp\/v2\/product"}],"about":[{"href":"https:\/\/vmsport.fi\/sv\/wp-json\/wp\/v2\/types\/product"}],"replies":[{"embeddable":true,"href":"https:\/\/vmsport.fi\/sv\/wp-json\/wp\/v2\/comments?post=55073"}],"wp:featuredmedia":[{"embeddable":true,"href":"https:\/\/vmsport.fi\/sv\/wp-json\/wp\/v2\/media\/55072"}],"wp:attachment":[{"href":"https:\/\/vmsport.fi\/sv\/wp-json\/wp\/v2\/media?parent=55073"}],"wp:term":[{"taxonomy":"product_brand","embeddable":true,"href":"https:\/\/vmsport.fi\/sv\/wp-json\/wp\/v2\/product_brand?post=55073"},{"taxonomy":"product_model","embeddable":true,"href":"https:\/\/vmsport.fi\/sv\/wp-json\/wp\/v2\/product_model?post=55073"},{"taxonomy":"product_cat","embeddable":true,"href":"https:\/\/vmsport.fi\/sv\/wp-json\/wp\/v2\/product_cat?post=55073"},{"taxonomy":"product_tag","embeddable":true,"href":"https:\/\/vmsport.fi\/sv\/wp-json\/wp\/v2\/product_tag?post=55073"},{"taxonomy":"industry_terminology","embeddable":true,"href":"https:\/\/vmsport.fi\/sv\/wp-json\/wp\/v2\/industry-terminology?post=55073"}],"curies":[{"name":"wp","href":"https:\/\/api.w.org\/{rel}","templated":true}]}}