{"id":55071,"date":"2025-03-06T00:01:31","date_gmt":"2025-03-05T22:01:31","guid":{"rendered":"https:\/\/vmsport.fi\/verkkokauppa\/Ei-luokiteltu\/rockshox-maxle-lite-front-158-mm\/"},"modified":"2026-04-22T15:05:54","modified_gmt":"2026-04-22T12:05:54","slug":"rockshox-maxle-lite-fram-158-mm","status":"publish","type":"product","link":"https:\/\/vmsport.fi\/sv\/verkkokauppa\/varaosat\/kiekot-ja-navat\/navat-ja-osat\/rockshox-maxle-lite-front-158-mm\/","title":{"rendered":"ROCKSHOX Maxle Lite fram 158 mm"},"content":{"rendered":"<p>ROCKSHOX Maxle Lite Front \u00e4r en innovation som \u00e4r s\u00e4rskilt utformad f\u00f6r framaxlar till mountainbikes och f\u00f6rb\u00e4ttrar cykelns hantering genom att minska vikten och \u00f6ka \u00e5kkomforten, vilket g\u00f6r cykeln stabilare i varierande terr\u00e4ng. Axeln \u00e4r enkel att montera och demontera utan verktyg, vilket g\u00f6r den l\u00e4tt att anv\u00e4nda f\u00f6r b\u00e5de fram- och bakhjul. Den \u00e4r optimerad f\u00f6r att fungera med ROCKSHOX SID- eller REBA-spindlar och uppfyller \u00e4ven de externa standarderna f\u00f6r boost-nav. Den 158 mm l\u00e5nga g\u00e4ngade sektionen och M15x1,50-g\u00e4nglyften g\u00f6r den till ett utm\u00e4rkt val f\u00f6r kr\u00e4vande terr\u00e4ngf\u00f6rh\u00e5llanden.<\/p>","protected":false},"excerpt":{"rendered":"<p>ROCKSHOX Maxle Lite Front on erityisesti maastopy\u00f6rien etupy\u00f6r\u00e4n akseleille suunniteltu innovaatio, joka parantaa py\u00f6r\u00e4n hallittavuutta kevent\u00e4m\u00e4ll\u00e4 painoa ja lis\u00e4\u00e4 ajomukavuutta tehden ajosta vakaampaa vaihtelevissa maastoissa. T\u00e4m\u00e4 akseli on helppo asentaa ja irrottaa ilman ty\u00f6kaluja, mik\u00e4 tarjoaa vaivattomuutta sek\u00e4 etu- ett\u00e4 takarenkaille. Se on optimoitu toimimaan ROCKSHOX SID- tai REBA-keuloissa ja noudattaa lis\u00e4ksi boost-navan v\u00e4listandardeja. Sen [&#8230;]<\/p>\n<p><a class=\"btn btn-secondary understrap-read-more-link\" href=\"https:\/\/vmsport.fi\/sv\/verkkokauppa\/varaosat\/kiekot-ja-navat\/navat-ja-osat\/rockshox-maxle-lite-front-158-mm\/\">L\u00e4s mer \u2026<span class=\"screen-reader-text\"> from ROCKSHOX Maxle Lite Front 158 mm<\/span><\/a><\/p>\n","protected":false},"featured_media":55070,"comment_status":"open","ping_status":"closed","template":"","meta":{"_acf_changed":false,"_improvement_type_select":"improve_an_existing","_thumb_yes_seoaic":false,"_frame_yes_seoaic":false,"seoaic_generate_description":"","seoaic_improve_instructions_prompt":"","seoaic_rollback_content_improvement":"","seoaic_idea_thumbnail_generator":"","thumbnail_generated":false,"thumbnail_generate_prompt":"","seoaic_article_description":"","_supplier_stock_quantity":0},"product_brand":[1589],"product_model":[],"product_cat":[9248],"product_tag":[],"industry-terminology":[],"class_list":{"0":"post-55071","1":"product","2":"type-product","3":"status-publish","4":"has-post-thumbnail","6":"product_brand-rockshox","7":"product_cat-navat-ja-osat","9":"first","10":"outofstock","11":"taxable","12":"shipping-taxable","13":"product-type-simple"},"acf":{"bike_features":null,"overview":{"copy_overview":null,"key_features":null,"statement":"","youtube_url":""}},"yoast_head":"<!-- This site is optimized with the Yoast SEO plugin v27.4 - https:\/\/yoast.com\/product\/yoast-seo-wordpress\/ -->\n<title>ROCKSHOX Maxle Lite Front 158 mm - VM Sport<\/title>\n<meta name=\"robots\" content=\"index, follow, max-snippet:-1, max-image-preview:large, max-video-preview:-1\" \/>\n<link rel=\"canonical\" href=\"https:\/\/vmsport.fi\/sv\/webbutik\/reservdelar\/skivor-och-nav\/stolpar-och-delar\/rockshox-maxle-lite-fram-158-mm\/\" \/>\n<meta property=\"og:locale\" content=\"sv_SE\" \/>\n<meta property=\"og:type\" content=\"article\" \/>\n<meta property=\"og:title\" content=\"ROCKSHOX Maxle Lite Front 158 mm - VM Sport\" \/>\n<meta property=\"og:description\" content=\"ROCKSHOX Maxle Lite Front on erityisesti maastopy\u00f6rien etupy\u00f6r\u00e4n akseleille suunniteltu innovaatio, joka parantaa py\u00f6r\u00e4n hallittavuutta kevent\u00e4m\u00e4ll\u00e4 painoa ja lis\u00e4\u00e4 ajomukavuutta tehden ajosta vakaampaa vaihtelevissa maastoissa. T\u00e4m\u00e4 akseli on helppo asentaa ja irrottaa ilman ty\u00f6kaluja, mik\u00e4 tarjoaa vaivattomuutta sek\u00e4 etu- ett\u00e4 takarenkaille. Se on optimoitu toimimaan ROCKSHOX SID- tai REBA-keuloissa ja noudattaa lis\u00e4ksi boost-navan v\u00e4listandardeja. Sen [...]L\u00e4s mer \u2026 from ROCKSHOX Maxle Lite Front 158 mm\" \/>\n<meta property=\"og:url\" content=\"https:\/\/vmsport.fi\/sv\/webbutik\/reservdelar\/skivor-och-nav\/stolpar-och-delar\/rockshox-maxle-lite-fram-158-mm\/\" \/>\n<meta property=\"og:site_name\" content=\"VM Sport\" \/>\n<meta property=\"article:publisher\" content=\"https:\/\/www.facebook.com\/Vmsport.fi\/\" \/>\n<meta property=\"article:modified_time\" content=\"2026-04-22T12:05:54+00:00\" \/>\n<meta property=\"og:image\" content=\"https:\/\/vmsport.fi\/wp-content\/uploads\/2025\/03\/rQmRfCrEtGkr0S517yC5I4SmfrTqEg6W8ByZGLiCMoJpmVV7O6-1.jpg\" \/>\n\t<meta property=\"og:image:width\" content=\"800\" \/>\n\t<meta property=\"og:image:height\" content=\"800\" \/>\n\t<meta property=\"og:image:type\" content=\"image\/jpeg\" \/>\n<meta name=\"twitter:card\" content=\"summary_large_image\" \/>\n<script type=\"application\/ld+json\" class=\"yoast-schema-graph\">{\"@context\":\"https:\\\/\\\/schema.org\",\"@graph\":[{\"@type\":[\"WebPage\",\"ItemPage\"],\"@id\":\"https:\\\/\\\/vmsport.fi\\\/verkkokauppa\\\/varaosat\\\/kiekot-ja-navat\\\/navat-ja-osat\\\/rockshox-maxle-lite-front-158-mm\\\/\",\"url\":\"https:\\\/\\\/vmsport.fi\\\/verkkokauppa\\\/varaosat\\\/kiekot-ja-navat\\\/navat-ja-osat\\\/rockshox-maxle-lite-front-158-mm\\\/\",\"name\":\"ROCKSHOX Maxle Lite Front 158 mm - VM Sport\",\"isPartOf\":{\"@id\":\"https:\\\/\\\/vmsport.fi\\\/#website\"},\"primaryImageOfPage\":{\"@id\":\"https:\\\/\\\/vmsport.fi\\\/verkkokauppa\\\/varaosat\\\/kiekot-ja-navat\\\/navat-ja-osat\\\/rockshox-maxle-lite-front-158-mm\\\/#primaryimage\"},\"image\":{\"@id\":\"https:\\\/\\\/vmsport.fi\\\/verkkokauppa\\\/varaosat\\\/kiekot-ja-navat\\\/navat-ja-osat\\\/rockshox-maxle-lite-front-158-mm\\\/#primaryimage\"},\"thumbnailUrl\":\"https:\\\/\\\/vmsport.fi\\\/wp-content\\\/uploads\\\/2025\\\/03\\\/rQmRfCrEtGkr0S517yC5I4SmfrTqEg6W8ByZGLiCMoJpmVV7O6-1.jpg\",\"datePublished\":\"2025-03-05T22:01:31+00:00\",\"dateModified\":\"2026-04-22T12:05:54+00:00\",\"breadcrumb\":{\"@id\":\"https:\\\/\\\/vmsport.fi\\\/verkkokauppa\\\/varaosat\\\/kiekot-ja-navat\\\/navat-ja-osat\\\/rockshox-maxle-lite-front-158-mm\\\/#breadcrumb\"},\"inLanguage\":\"sv-SE\",\"potentialAction\":[{\"@type\":\"ReadAction\",\"target\":[\"https:\\\/\\\/vmsport.fi\\\/verkkokauppa\\\/varaosat\\\/kiekot-ja-navat\\\/navat-ja-osat\\\/rockshox-maxle-lite-front-158-mm\\\/\"]}]},{\"@type\":\"ImageObject\",\"inLanguage\":\"sv-SE\",\"@id\":\"https:\\\/\\\/vmsport.fi\\\/verkkokauppa\\\/varaosat\\\/kiekot-ja-navat\\\/navat-ja-osat\\\/rockshox-maxle-lite-front-158-mm\\\/#primaryimage\",\"url\":\"https:\\\/\\\/vmsport.fi\\\/wp-content\\\/uploads\\\/2025\\\/03\\\/rQmRfCrEtGkr0S517yC5I4SmfrTqEg6W8ByZGLiCMoJpmVV7O6-1.jpg\",\"contentUrl\":\"https:\\\/\\\/vmsport.fi\\\/wp-content\\\/uploads\\\/2025\\\/03\\\/rQmRfCrEtGkr0S517yC5I4SmfrTqEg6W8ByZGLiCMoJpmVV7O6-1.jpg\",\"width\":800,\"height\":800,\"caption\":\"rQmRfCrEtGkr0S517yC5I4SmfrTqEg6W8ByZGLiCMoJpmVV7O6\"},{\"@type\":\"BreadcrumbList\",\"@id\":\"https:\\\/\\\/vmsport.fi\\\/verkkokauppa\\\/varaosat\\\/kiekot-ja-navat\\\/navat-ja-osat\\\/rockshox-maxle-lite-front-158-mm\\\/#breadcrumb\",\"itemListElement\":[{\"@type\":\"ListItem\",\"position\":1,\"name\":\"Etusivu\",\"item\":\"https:\\\/\\\/vmsport.fi\\\/\"},{\"@type\":\"ListItem\",\"position\":2,\"name\":\"Online Store\",\"item\":\"https:\\\/\\\/vmsport.fi\\\/en\\\/online-store\\\/\"},{\"@type\":\"ListItem\",\"position\":3,\"name\":\"ROCKSHOX Maxle Lite Front 158 mm\"}]},{\"@type\":\"WebSite\",\"@id\":\"https:\\\/\\\/vmsport.fi\\\/#website\",\"url\":\"https:\\\/\\\/vmsport.fi\\\/\",\"name\":\"Vmsport\",\"description\":\"Kaikki py\u00f6r\u00e4ilyyn yhdest\u00e4 paikasta\",\"publisher\":{\"@id\":\"https:\\\/\\\/vmsport.fi\\\/#organization\"},\"potentialAction\":[{\"@type\":\"SearchAction\",\"target\":{\"@type\":\"EntryPoint\",\"urlTemplate\":\"https:\\\/\\\/vmsport.fi\\\/?s={search_term_string}\"},\"query-input\":{\"@type\":\"PropertyValueSpecification\",\"valueRequired\":true,\"valueName\":\"search_term_string\"}}],\"inLanguage\":\"sv-SE\"},{\"@type\":\"Organization\",\"@id\":\"https:\\\/\\\/vmsport.fi\\\/#organization\",\"name\":\"Vmsport\",\"url\":\"https:\\\/\\\/vmsport.fi\\\/\",\"logo\":{\"@type\":\"ImageObject\",\"inLanguage\":\"sv-SE\",\"@id\":\"https:\\\/\\\/vmsport.fi\\\/#\\\/schema\\\/logo\\\/image\\\/\",\"url\":\"https:\\\/\\\/vmsport.fi\\\/wp-content\\\/uploads\\\/2024\\\/12\\\/vm_sport_RGB_horisontal-e1734526017575.png\",\"contentUrl\":\"https:\\\/\\\/vmsport.fi\\\/wp-content\\\/uploads\\\/2024\\\/12\\\/vm_sport_RGB_horisontal-e1734526017575.png\",\"width\":668,\"height\":85,\"caption\":\"Vmsport\"},\"image\":{\"@id\":\"https:\\\/\\\/vmsport.fi\\\/#\\\/schema\\\/logo\\\/image\\\/\"},\"sameAs\":[\"https:\\\/\\\/www.facebook.com\\\/Vmsport.fi\\\/\",\"https:\\\/\\\/www.instagram.com\\\/vmsport\\\/\"]}]}<\/script>\n<!-- \/ Yoast SEO plugin. -->","yoast_head_json":{"title":"ROCKSHOX Maxle Lite fram 158 mm - VM Sport","robots":{"index":"index","follow":"follow","max-snippet":"max-snippet:-1","max-image-preview":"max-image-preview:large","max-video-preview":"max-video-preview:-1"},"canonical":"https:\/\/vmsport.fi\/sv\/webbutik\/reservdelar\/skivor-och-nav\/stolpar-och-delar\/rockshox-maxle-lite-fram-158-mm\/","og_locale":"sv_SE","og_type":"article","og_title":"ROCKSHOX Maxle Lite Front 158 mm - VM Sport","og_description":"ROCKSHOX Maxle Lite Front on erityisesti maastopy\u00f6rien etupy\u00f6r\u00e4n akseleille suunniteltu innovaatio, joka parantaa py\u00f6r\u00e4n hallittavuutta kevent\u00e4m\u00e4ll\u00e4 painoa ja lis\u00e4\u00e4 ajomukavuutta tehden ajosta vakaampaa vaihtelevissa maastoissa. T\u00e4m\u00e4 akseli on helppo asentaa ja irrottaa ilman ty\u00f6kaluja, mik\u00e4 tarjoaa vaivattomuutta sek\u00e4 etu- ett\u00e4 takarenkaille. Se on optimoitu toimimaan ROCKSHOX SID- tai REBA-keuloissa ja noudattaa lis\u00e4ksi boost-navan v\u00e4listandardeja. Sen [...]L\u00e4s mer \u2026 from ROCKSHOX Maxle Lite Front 158 mm","og_url":"https:\/\/vmsport.fi\/sv\/webbutik\/reservdelar\/skivor-och-nav\/stolpar-och-delar\/rockshox-maxle-lite-fram-158-mm\/","og_site_name":"VM Sport","article_publisher":"https:\/\/www.facebook.com\/Vmsport.fi\/","article_modified_time":"2026-04-22T12:05:54+00:00","og_image":[{"width":800,"height":800,"url":"https:\/\/vmsport.fi\/wp-content\/uploads\/2025\/03\/rQmRfCrEtGkr0S517yC5I4SmfrTqEg6W8ByZGLiCMoJpmVV7O6-1.jpg","type":"image\/jpeg"}],"twitter_card":"summary_large_image","schema":{"@context":"https:\/\/schema.org","@graph":[{"@type":["WebPage","ItemPage"],"@id":"https:\/\/vmsport.fi\/verkkokauppa\/varaosat\/kiekot-ja-navat\/navat-ja-osat\/rockshox-maxle-lite-front-158-mm\/","url":"https:\/\/vmsport.fi\/verkkokauppa\/varaosat\/kiekot-ja-navat\/navat-ja-osat\/rockshox-maxle-lite-front-158-mm\/","name":"ROCKSHOX Maxle Lite fram 158 mm - VM Sport","isPartOf":{"@id":"https:\/\/vmsport.fi\/#website"},"primaryImageOfPage":{"@id":"https:\/\/vmsport.fi\/verkkokauppa\/varaosat\/kiekot-ja-navat\/navat-ja-osat\/rockshox-maxle-lite-front-158-mm\/#primaryimage"},"image":{"@id":"https:\/\/vmsport.fi\/verkkokauppa\/varaosat\/kiekot-ja-navat\/navat-ja-osat\/rockshox-maxle-lite-front-158-mm\/#primaryimage"},"thumbnailUrl":"https:\/\/vmsport.fi\/wp-content\/uploads\/2025\/03\/rQmRfCrEtGkr0S517yC5I4SmfrTqEg6W8ByZGLiCMoJpmVV7O6-1.jpg","datePublished":"2025-03-05T22:01:31+00:00","dateModified":"2026-04-22T12:05:54+00:00","breadcrumb":{"@id":"https:\/\/vmsport.fi\/verkkokauppa\/varaosat\/kiekot-ja-navat\/navat-ja-osat\/rockshox-maxle-lite-front-158-mm\/#breadcrumb"},"inLanguage":"sv-SE","potentialAction":[{"@type":"ReadAction","target":["https:\/\/vmsport.fi\/verkkokauppa\/varaosat\/kiekot-ja-navat\/navat-ja-osat\/rockshox-maxle-lite-front-158-mm\/"]}]},{"@type":"ImageObject","inLanguage":"sv-SE","@id":"https:\/\/vmsport.fi\/verkkokauppa\/varaosat\/kiekot-ja-navat\/navat-ja-osat\/rockshox-maxle-lite-front-158-mm\/#primaryimage","url":"https:\/\/vmsport.fi\/wp-content\/uploads\/2025\/03\/rQmRfCrEtGkr0S517yC5I4SmfrTqEg6W8ByZGLiCMoJpmVV7O6-1.jpg","contentUrl":"https:\/\/vmsport.fi\/wp-content\/uploads\/2025\/03\/rQmRfCrEtGkr0S517yC5I4SmfrTqEg6W8ByZGLiCMoJpmVV7O6-1.jpg","width":800,"height":800,"caption":"rQmRfCrEtGkr0S517yC5I4SmfrTqEg6W8ByZGLiCMoJpmVV7O6"},{"@type":"BreadcrumbList","@id":"https:\/\/vmsport.fi\/verkkokauppa\/varaosat\/kiekot-ja-navat\/navat-ja-osat\/rockshox-maxle-lite-front-158-mm\/#breadcrumb","itemListElement":[{"@type":"ListItem","position":1,"name":"Etusivu","item":"https:\/\/vmsport.fi\/"},{"@type":"ListItem","position":2,"name":"Online Store","item":"https:\/\/vmsport.fi\/en\/online-store\/"},{"@type":"ListItem","position":3,"name":"ROCKSHOX Maxle Lite Front 158 mm"}]},{"@type":"WebSite","@id":"https:\/\/vmsport.fi\/#website","url":"https:\/\/vmsport.fi\/","name":"Vmsport","description":"Allt p\u00e5 ett st\u00e4lle f\u00f6r cykling","publisher":{"@id":"https:\/\/vmsport.fi\/#organization"},"potentialAction":[{"@type":"SearchAction","target":{"@type":"EntryPoint","urlTemplate":"https:\/\/vmsport.fi\/?s={search_term_string}"},"query-input":{"@type":"PropertyValueSpecification","valueRequired":true,"valueName":"search_term_string"}}],"inLanguage":"sv-SE"},{"@type":"Organization","@id":"https:\/\/vmsport.fi\/#organization","name":"Vmsport","url":"https:\/\/vmsport.fi\/","logo":{"@type":"ImageObject","inLanguage":"sv-SE","@id":"https:\/\/vmsport.fi\/#\/schema\/logo\/image\/","url":"https:\/\/vmsport.fi\/wp-content\/uploads\/2024\/12\/vm_sport_RGB_horisontal-e1734526017575.png","contentUrl":"https:\/\/vmsport.fi\/wp-content\/uploads\/2024\/12\/vm_sport_RGB_horisontal-e1734526017575.png","width":668,"height":85,"caption":"Vmsport"},"image":{"@id":"https:\/\/vmsport.fi\/#\/schema\/logo\/image\/"},"sameAs":["https:\/\/www.facebook.com\/Vmsport.fi\/","https:\/\/www.instagram.com\/vmsport\/"]}]}},"global_unique_id":"","_links":{"self":[{"href":"https:\/\/vmsport.fi\/sv\/wp-json\/wp\/v2\/product\/55071","targetHints":{"allow":["GET"]}}],"collection":[{"href":"https:\/\/vmsport.fi\/sv\/wp-json\/wp\/v2\/product"}],"about":[{"href":"https:\/\/vmsport.fi\/sv\/wp-json\/wp\/v2\/types\/product"}],"replies":[{"embeddable":true,"href":"https:\/\/vmsport.fi\/sv\/wp-json\/wp\/v2\/comments?post=55071"}],"wp:featuredmedia":[{"embeddable":true,"href":"https:\/\/vmsport.fi\/sv\/wp-json\/wp\/v2\/media\/55070"}],"wp:attachment":[{"href":"https:\/\/vmsport.fi\/sv\/wp-json\/wp\/v2\/media?parent=55071"}],"wp:term":[{"taxonomy":"product_brand","embeddable":true,"href":"https:\/\/vmsport.fi\/sv\/wp-json\/wp\/v2\/product_brand?post=55071"},{"taxonomy":"product_model","embeddable":true,"href":"https:\/\/vmsport.fi\/sv\/wp-json\/wp\/v2\/product_model?post=55071"},{"taxonomy":"product_cat","embeddable":true,"href":"https:\/\/vmsport.fi\/sv\/wp-json\/wp\/v2\/product_cat?post=55071"},{"taxonomy":"product_tag","embeddable":true,"href":"https:\/\/vmsport.fi\/sv\/wp-json\/wp\/v2\/product_tag?post=55071"},{"taxonomy":"industry_terminology","embeddable":true,"href":"https:\/\/vmsport.fi\/sv\/wp-json\/wp\/v2\/industry-terminology?post=55071"}],"curies":[{"name":"wp","href":"https:\/\/api.w.org\/{rel}","templated":true}]}}