{"id":55033,"date":"2025-03-06T00:00:42","date_gmt":"2025-03-05T22:00:42","guid":{"rendered":"https:\/\/vmsport.fi\/verkkokauppa\/Ei-luokiteltu\/trek-trek-madone-9-series-bovenste-balhoofdlager\/"},"modified":"2026-03-14T02:00:18","modified_gmt":"2026-03-14T00:00:18","slug":"trek-trek-madone-9-series-bovenste-balhoofdlager","status":"publish","type":"product","link":"https:\/\/vmsport.fi\/sv\/verkkokauppa\/varaosat\/kiekot-ja-navat\/laakerit\/trek-trek-madone-9-series-bovenste-balhoofdlager\/","title":{"rendered":"Trek Trek Madone 9-Series bovenste balhoofdlager"},"content":{"rendered":"<p>Trek Madone 9-Series -sarjan ylempi ohjainlaakeri on suunniteltu tarjoamaan sujuvaa ja herkk\u00e4\u00e4 ohjausta huippupy\u00f6r\u00e4ilij\u00f6ille. T\u00e4m\u00e4 laakeri t\u00e4ydent\u00e4\u00e4 Madone 9-Series -py\u00f6r\u00e4n virtaviivaista muotoilua ja varmistaa, ett\u00e4 ajaminen on tasapainoista ja mukavaa. Tarkkuudella valmistettu laakeri takaa kest\u00e4vyyden ja luotettavan suorituskyvyn, joten se on erinomainen valinta vaativille kilpailijoille ja innokkaille py\u00f6r\u00e4ilij\u00f6ille. T\u00e4ydellinen vaihtoehto niille, jotka arvostavat ensiluokkaista laatua ja kehittynytt\u00e4 tekniikkaa py\u00f6r\u00e4ss\u00e4\u00e4n.<\/p>","protected":false},"excerpt":{"rendered":"<p>Trek Madone 9-Series -sarjan ylempi ohjainlaakeri on suunniteltu tarjoamaan sujuvaa ja herkk\u00e4\u00e4 ohjausta huippupy\u00f6r\u00e4ilij\u00f6ille. T\u00e4m\u00e4 laakeri t\u00e4ydent\u00e4\u00e4 Madone 9-Series -py\u00f6r\u00e4n virtaviivaista muotoilua ja varmistaa, ett\u00e4 ajaminen on tasapainoista ja mukavaa. Tarkkuudella valmistettu laakeri takaa kest\u00e4vyyden ja luotettavan suorituskyvyn, joten se on erinomainen valinta vaativille kilpailijoille ja innokkaille py\u00f6r\u00e4ilij\u00f6ille. T\u00e4ydellinen vaihtoehto niille, jotka arvostavat ensiluokkaista laatua [&#8230;]<\/p>\n<p><a class=\"btn btn-secondary understrap-read-more-link\" href=\"https:\/\/vmsport.fi\/sv\/verkkokauppa\/varaosat\/kiekot-ja-navat\/laakerit\/trek-trek-madone-9-series-bovenste-balhoofdlager\/\">L\u00e4s mer \u2026<span class=\"screen-reader-text\"> from Trek Trek Madone 9-Series bovenste balhoofdlager<\/span><\/a><\/p>\n","protected":false},"featured_media":55032,"comment_status":"open","ping_status":"closed","template":"","meta":{"_acf_changed":false,"_improvement_type_select":"improve_an_existing","_thumb_yes_seoaic":false,"_frame_yes_seoaic":false,"seoaic_generate_description":"","seoaic_improve_instructions_prompt":"","seoaic_rollback_content_improvement":"","seoaic_idea_thumbnail_generator":"","thumbnail_generated":false,"thumbnail_generate_prompt":"","seoaic_article_description":"","_supplier_stock_quantity":0},"product_brand":[37],"product_model":[],"product_cat":[9464],"product_tag":[],"industry-terminology":[],"class_list":{"0":"post-55033","1":"product","2":"type-product","3":"status-publish","4":"has-post-thumbnail","6":"product_brand-trek","7":"product_cat-laakerit","9":"first","10":"outofstock","11":"taxable","12":"shipping-taxable","13":"product-type-simple"},"acf":{"bike_features":null,"overview":{"copy_overview":null,"key_features":null,"statement":"","youtube_url":""}},"yoast_head":"<!-- This site is optimized with the Yoast SEO plugin v27.3 - https:\/\/yoast.com\/product\/yoast-seo-wordpress\/ -->\n<title>Trek Trek Madone 9-Series bovenste balhoofdlager - VM Sport<\/title>\n<meta name=\"robots\" content=\"index, follow, max-snippet:-1, max-image-preview:large, max-video-preview:-1\" \/>\n<link rel=\"canonical\" href=\"https:\/\/vmsport.fi\/sv\/webbutik\/reservdelar\/skivor-och-nav\/lager\/trek-trek-madone-9-series-bovenste-balhoofdlager\/\" \/>\n<meta property=\"og:locale\" content=\"sv_SE\" \/>\n<meta property=\"og:type\" content=\"article\" \/>\n<meta property=\"og:title\" content=\"Trek Trek Madone 9-Series bovenste balhoofdlager - VM Sport\" \/>\n<meta property=\"og:description\" content=\"Trek Madone 9-Series -sarjan ylempi ohjainlaakeri on suunniteltu tarjoamaan sujuvaa ja herkk\u00e4\u00e4 ohjausta huippupy\u00f6r\u00e4ilij\u00f6ille. T\u00e4m\u00e4 laakeri t\u00e4ydent\u00e4\u00e4 Madone 9-Series -py\u00f6r\u00e4n virtaviivaista muotoilua ja varmistaa, ett\u00e4 ajaminen on tasapainoista ja mukavaa. Tarkkuudella valmistettu laakeri takaa kest\u00e4vyyden ja luotettavan suorituskyvyn, joten se on erinomainen valinta vaativille kilpailijoille ja innokkaille py\u00f6r\u00e4ilij\u00f6ille. T\u00e4ydellinen vaihtoehto niille, jotka arvostavat ensiluokkaista laatua [...]L\u00e4s mer \u2026 from Trek Trek Madone 9-Series bovenste balhoofdlager\" \/>\n<meta property=\"og:url\" content=\"https:\/\/vmsport.fi\/sv\/webbutik\/reservdelar\/skivor-och-nav\/lager\/trek-trek-madone-9-series-bovenste-balhoofdlager\/\" \/>\n<meta property=\"og:site_name\" content=\"VM Sport\" \/>\n<meta property=\"article:publisher\" content=\"https:\/\/www.facebook.com\/Vmsport.fi\/\" \/>\n<meta property=\"article:modified_time\" content=\"2026-03-14T00:00:18+00:00\" \/>\n<meta property=\"og:image\" content=\"https:\/\/vmsport.fi\/wp-content\/uploads\/2025\/03\/2VtdfWHqEap7WKiBpXp3Qsyswa7UtKHq0tS6zbRFCHYLE6NLLa-1.jpg\" \/>\n\t<meta property=\"og:image:width\" content=\"1000\" \/>\n\t<meta property=\"og:image:height\" content=\"540\" \/>\n\t<meta property=\"og:image:type\" content=\"image\/jpeg\" \/>\n<meta name=\"twitter:card\" content=\"summary_large_image\" \/>\n<script type=\"application\/ld+json\" class=\"yoast-schema-graph\">{\"@context\":\"https:\\\/\\\/schema.org\",\"@graph\":[{\"@type\":[\"WebPage\",\"ItemPage\"],\"@id\":\"https:\\\/\\\/vmsport.fi\\\/verkkokauppa\\\/varaosat\\\/kiekot-ja-navat\\\/laakerit\\\/trek-trek-madone-9-series-bovenste-balhoofdlager\\\/\",\"url\":\"https:\\\/\\\/vmsport.fi\\\/verkkokauppa\\\/varaosat\\\/kiekot-ja-navat\\\/laakerit\\\/trek-trek-madone-9-series-bovenste-balhoofdlager\\\/\",\"name\":\"Trek Trek Madone 9-Series bovenste balhoofdlager - VM Sport\",\"isPartOf\":{\"@id\":\"https:\\\/\\\/vmsport.fi\\\/#website\"},\"primaryImageOfPage\":{\"@id\":\"https:\\\/\\\/vmsport.fi\\\/verkkokauppa\\\/varaosat\\\/kiekot-ja-navat\\\/laakerit\\\/trek-trek-madone-9-series-bovenste-balhoofdlager\\\/#primaryimage\"},\"image\":{\"@id\":\"https:\\\/\\\/vmsport.fi\\\/verkkokauppa\\\/varaosat\\\/kiekot-ja-navat\\\/laakerit\\\/trek-trek-madone-9-series-bovenste-balhoofdlager\\\/#primaryimage\"},\"thumbnailUrl\":\"https:\\\/\\\/vmsport.fi\\\/wp-content\\\/uploads\\\/2025\\\/03\\\/2VtdfWHqEap7WKiBpXp3Qsyswa7UtKHq0tS6zbRFCHYLE6NLLa-1.jpg\",\"datePublished\":\"2025-03-05T22:00:42+00:00\",\"dateModified\":\"2026-03-14T00:00:18+00:00\",\"breadcrumb\":{\"@id\":\"https:\\\/\\\/vmsport.fi\\\/verkkokauppa\\\/varaosat\\\/kiekot-ja-navat\\\/laakerit\\\/trek-trek-madone-9-series-bovenste-balhoofdlager\\\/#breadcrumb\"},\"inLanguage\":\"sv-SE\",\"potentialAction\":[{\"@type\":\"ReadAction\",\"target\":[\"https:\\\/\\\/vmsport.fi\\\/verkkokauppa\\\/varaosat\\\/kiekot-ja-navat\\\/laakerit\\\/trek-trek-madone-9-series-bovenste-balhoofdlager\\\/\"]}]},{\"@type\":\"ImageObject\",\"inLanguage\":\"sv-SE\",\"@id\":\"https:\\\/\\\/vmsport.fi\\\/verkkokauppa\\\/varaosat\\\/kiekot-ja-navat\\\/laakerit\\\/trek-trek-madone-9-series-bovenste-balhoofdlager\\\/#primaryimage\",\"url\":\"https:\\\/\\\/vmsport.fi\\\/wp-content\\\/uploads\\\/2025\\\/03\\\/2VtdfWHqEap7WKiBpXp3Qsyswa7UtKHq0tS6zbRFCHYLE6NLLa-1.jpg\",\"contentUrl\":\"https:\\\/\\\/vmsport.fi\\\/wp-content\\\/uploads\\\/2025\\\/03\\\/2VtdfWHqEap7WKiBpXp3Qsyswa7UtKHq0tS6zbRFCHYLE6NLLa-1.jpg\",\"width\":1000,\"height\":540,\"caption\":\"2VtdfWHqEap7WKiBpXp3Qsyswa7UtKHq0tS6zbRFCHYLE6NLLa\"},{\"@type\":\"BreadcrumbList\",\"@id\":\"https:\\\/\\\/vmsport.fi\\\/verkkokauppa\\\/varaosat\\\/kiekot-ja-navat\\\/laakerit\\\/trek-trek-madone-9-series-bovenste-balhoofdlager\\\/#breadcrumb\",\"itemListElement\":[{\"@type\":\"ListItem\",\"position\":1,\"name\":\"Etusivu\",\"item\":\"https:\\\/\\\/vmsport.fi\\\/\"},{\"@type\":\"ListItem\",\"position\":2,\"name\":\"Online Store\",\"item\":\"https:\\\/\\\/vmsport.fi\\\/en\\\/online-store\\\/\"},{\"@type\":\"ListItem\",\"position\":3,\"name\":\"Trek polkupy\u00f6r\u00e4t\",\"item\":\"https:\\\/\\\/vmsport.fi\\\/sv\\\/merkki\\\/trek\\\/\"},{\"@type\":\"ListItem\",\"position\":4,\"name\":\"Trek Trek Madone 9-Series bovenste balhoofdlager\"}]},{\"@type\":\"WebSite\",\"@id\":\"https:\\\/\\\/vmsport.fi\\\/#website\",\"url\":\"https:\\\/\\\/vmsport.fi\\\/\",\"name\":\"Vmsport\",\"description\":\"Kaikki py\u00f6r\u00e4ilyyn yhdest\u00e4 paikasta\",\"publisher\":{\"@id\":\"https:\\\/\\\/vmsport.fi\\\/#organization\"},\"potentialAction\":[{\"@type\":\"SearchAction\",\"target\":{\"@type\":\"EntryPoint\",\"urlTemplate\":\"https:\\\/\\\/vmsport.fi\\\/?s={search_term_string}\"},\"query-input\":{\"@type\":\"PropertyValueSpecification\",\"valueRequired\":true,\"valueName\":\"search_term_string\"}}],\"inLanguage\":\"sv-SE\"},{\"@type\":\"Organization\",\"@id\":\"https:\\\/\\\/vmsport.fi\\\/#organization\",\"name\":\"Vmsport\",\"url\":\"https:\\\/\\\/vmsport.fi\\\/\",\"logo\":{\"@type\":\"ImageObject\",\"inLanguage\":\"sv-SE\",\"@id\":\"https:\\\/\\\/vmsport.fi\\\/#\\\/schema\\\/logo\\\/image\\\/\",\"url\":\"https:\\\/\\\/vmsport.fi\\\/wp-content\\\/uploads\\\/2024\\\/12\\\/vm_sport_RGB_horisontal-e1734526017575.png\",\"contentUrl\":\"https:\\\/\\\/vmsport.fi\\\/wp-content\\\/uploads\\\/2024\\\/12\\\/vm_sport_RGB_horisontal-e1734526017575.png\",\"width\":668,\"height\":85,\"caption\":\"Vmsport\"},\"image\":{\"@id\":\"https:\\\/\\\/vmsport.fi\\\/#\\\/schema\\\/logo\\\/image\\\/\"},\"sameAs\":[\"https:\\\/\\\/www.facebook.com\\\/Vmsport.fi\\\/\",\"https:\\\/\\\/www.instagram.com\\\/vmsport\\\/\"]}]}<\/script>\n<!-- \/ Yoast SEO plugin. -->","yoast_head_json":{"title":"Trek Trek Madone 9-Series bovenste balhoofdlager - VM Sport","robots":{"index":"index","follow":"follow","max-snippet":"max-snippet:-1","max-image-preview":"max-image-preview:large","max-video-preview":"max-video-preview:-1"},"canonical":"https:\/\/vmsport.fi\/sv\/webbutik\/reservdelar\/skivor-och-nav\/lager\/trek-trek-madone-9-series-bovenste-balhoofdlager\/","og_locale":"sv_SE","og_type":"article","og_title":"Trek Trek Madone 9-Series bovenste balhoofdlager - VM Sport","og_description":"Trek Madone 9-Series -sarjan ylempi ohjainlaakeri on suunniteltu tarjoamaan sujuvaa ja herkk\u00e4\u00e4 ohjausta huippupy\u00f6r\u00e4ilij\u00f6ille. T\u00e4m\u00e4 laakeri t\u00e4ydent\u00e4\u00e4 Madone 9-Series -py\u00f6r\u00e4n virtaviivaista muotoilua ja varmistaa, ett\u00e4 ajaminen on tasapainoista ja mukavaa. Tarkkuudella valmistettu laakeri takaa kest\u00e4vyyden ja luotettavan suorituskyvyn, joten se on erinomainen valinta vaativille kilpailijoille ja innokkaille py\u00f6r\u00e4ilij\u00f6ille. T\u00e4ydellinen vaihtoehto niille, jotka arvostavat ensiluokkaista laatua [...]L\u00e4s mer \u2026 from Trek Trek Madone 9-Series bovenste balhoofdlager","og_url":"https:\/\/vmsport.fi\/sv\/webbutik\/reservdelar\/skivor-och-nav\/lager\/trek-trek-madone-9-series-bovenste-balhoofdlager\/","og_site_name":"VM Sport","article_publisher":"https:\/\/www.facebook.com\/Vmsport.fi\/","article_modified_time":"2026-03-14T00:00:18+00:00","og_image":[{"width":1000,"height":540,"url":"https:\/\/vmsport.fi\/wp-content\/uploads\/2025\/03\/2VtdfWHqEap7WKiBpXp3Qsyswa7UtKHq0tS6zbRFCHYLE6NLLa-1.jpg","type":"image\/jpeg"}],"twitter_card":"summary_large_image","schema":{"@context":"https:\/\/schema.org","@graph":[{"@type":["WebPage","ItemPage"],"@id":"https:\/\/vmsport.fi\/verkkokauppa\/varaosat\/kiekot-ja-navat\/laakerit\/trek-trek-madone-9-series-bovenste-balhoofdlager\/","url":"https:\/\/vmsport.fi\/verkkokauppa\/varaosat\/kiekot-ja-navat\/laakerit\/trek-trek-madone-9-series-bovenste-balhoofdlager\/","name":"Trek Trek Madone 9-Series bovenste balhoofdlager - VM Sport","isPartOf":{"@id":"https:\/\/vmsport.fi\/#website"},"primaryImageOfPage":{"@id":"https:\/\/vmsport.fi\/verkkokauppa\/varaosat\/kiekot-ja-navat\/laakerit\/trek-trek-madone-9-series-bovenste-balhoofdlager\/#primaryimage"},"image":{"@id":"https:\/\/vmsport.fi\/verkkokauppa\/varaosat\/kiekot-ja-navat\/laakerit\/trek-trek-madone-9-series-bovenste-balhoofdlager\/#primaryimage"},"thumbnailUrl":"https:\/\/vmsport.fi\/wp-content\/uploads\/2025\/03\/2VtdfWHqEap7WKiBpXp3Qsyswa7UtKHq0tS6zbRFCHYLE6NLLa-1.jpg","datePublished":"2025-03-05T22:00:42+00:00","dateModified":"2026-03-14T00:00:18+00:00","breadcrumb":{"@id":"https:\/\/vmsport.fi\/verkkokauppa\/varaosat\/kiekot-ja-navat\/laakerit\/trek-trek-madone-9-series-bovenste-balhoofdlager\/#breadcrumb"},"inLanguage":"sv-SE","potentialAction":[{"@type":"ReadAction","target":["https:\/\/vmsport.fi\/verkkokauppa\/varaosat\/kiekot-ja-navat\/laakerit\/trek-trek-madone-9-series-bovenste-balhoofdlager\/"]}]},{"@type":"ImageObject","inLanguage":"sv-SE","@id":"https:\/\/vmsport.fi\/verkkokauppa\/varaosat\/kiekot-ja-navat\/laakerit\/trek-trek-madone-9-series-bovenste-balhoofdlager\/#primaryimage","url":"https:\/\/vmsport.fi\/wp-content\/uploads\/2025\/03\/2VtdfWHqEap7WKiBpXp3Qsyswa7UtKHq0tS6zbRFCHYLE6NLLa-1.jpg","contentUrl":"https:\/\/vmsport.fi\/wp-content\/uploads\/2025\/03\/2VtdfWHqEap7WKiBpXp3Qsyswa7UtKHq0tS6zbRFCHYLE6NLLa-1.jpg","width":1000,"height":540,"caption":"2VtdfWHqEap7WKiBpXp3Qsyswa7UtKHq0tS6zbRFCHYLE6NLLa"},{"@type":"BreadcrumbList","@id":"https:\/\/vmsport.fi\/verkkokauppa\/varaosat\/kiekot-ja-navat\/laakerit\/trek-trek-madone-9-series-bovenste-balhoofdlager\/#breadcrumb","itemListElement":[{"@type":"ListItem","position":1,"name":"Etusivu","item":"https:\/\/vmsport.fi\/"},{"@type":"ListItem","position":2,"name":"Online Store","item":"https:\/\/vmsport.fi\/en\/online-store\/"},{"@type":"ListItem","position":3,"name":"Trek polkupy\u00f6r\u00e4t","item":"https:\/\/vmsport.fi\/sv\/merkki\/trek\/"},{"@type":"ListItem","position":4,"name":"Trek Trek Madone 9-Series bovenste balhoofdlager"}]},{"@type":"WebSite","@id":"https:\/\/vmsport.fi\/#website","url":"https:\/\/vmsport.fi\/","name":"Vmsport","description":"Allt p\u00e5 ett st\u00e4lle f\u00f6r cykling","publisher":{"@id":"https:\/\/vmsport.fi\/#organization"},"potentialAction":[{"@type":"SearchAction","target":{"@type":"EntryPoint","urlTemplate":"https:\/\/vmsport.fi\/?s={search_term_string}"},"query-input":{"@type":"PropertyValueSpecification","valueRequired":true,"valueName":"search_term_string"}}],"inLanguage":"sv-SE"},{"@type":"Organization","@id":"https:\/\/vmsport.fi\/#organization","name":"Vmsport","url":"https:\/\/vmsport.fi\/","logo":{"@type":"ImageObject","inLanguage":"sv-SE","@id":"https:\/\/vmsport.fi\/#\/schema\/logo\/image\/","url":"https:\/\/vmsport.fi\/wp-content\/uploads\/2024\/12\/vm_sport_RGB_horisontal-e1734526017575.png","contentUrl":"https:\/\/vmsport.fi\/wp-content\/uploads\/2024\/12\/vm_sport_RGB_horisontal-e1734526017575.png","width":668,"height":85,"caption":"Vmsport"},"image":{"@id":"https:\/\/vmsport.fi\/#\/schema\/logo\/image\/"},"sameAs":["https:\/\/www.facebook.com\/Vmsport.fi\/","https:\/\/www.instagram.com\/vmsport\/"]}]}},"global_unique_id":"","_links":{"self":[{"href":"https:\/\/vmsport.fi\/sv\/wp-json\/wp\/v2\/product\/55033","targetHints":{"allow":["GET"]}}],"collection":[{"href":"https:\/\/vmsport.fi\/sv\/wp-json\/wp\/v2\/product"}],"about":[{"href":"https:\/\/vmsport.fi\/sv\/wp-json\/wp\/v2\/types\/product"}],"replies":[{"embeddable":true,"href":"https:\/\/vmsport.fi\/sv\/wp-json\/wp\/v2\/comments?post=55033"}],"wp:featuredmedia":[{"embeddable":true,"href":"https:\/\/vmsport.fi\/sv\/wp-json\/wp\/v2\/media\/55032"}],"wp:attachment":[{"href":"https:\/\/vmsport.fi\/sv\/wp-json\/wp\/v2\/media?parent=55033"}],"wp:term":[{"taxonomy":"product_brand","embeddable":true,"href":"https:\/\/vmsport.fi\/sv\/wp-json\/wp\/v2\/product_brand?post=55033"},{"taxonomy":"product_model","embeddable":true,"href":"https:\/\/vmsport.fi\/sv\/wp-json\/wp\/v2\/product_model?post=55033"},{"taxonomy":"product_cat","embeddable":true,"href":"https:\/\/vmsport.fi\/sv\/wp-json\/wp\/v2\/product_cat?post=55033"},{"taxonomy":"product_tag","embeddable":true,"href":"https:\/\/vmsport.fi\/sv\/wp-json\/wp\/v2\/product_tag?post=55033"},{"taxonomy":"industry_terminology","embeddable":true,"href":"https:\/\/vmsport.fi\/sv\/wp-json\/wp\/v2\/industry-terminology?post=55033"}],"curies":[{"name":"wp","href":"https:\/\/api.w.org\/{rel}","templated":true}]}}