{"id":55027,"date":"2025-03-06T00:00:37","date_gmt":"2025-03-05T22:00:37","guid":{"rendered":"https:\/\/vmsport.fi\/verkkokauppa\/Ei-luokiteltu\/poc-joint-vpd-air-knee\/"},"modified":"2026-03-10T02:00:28","modified_gmt":"2026-03-10T00:00:28","slug":"poc-led-vpd-luft-kna","status":"publish","type":"product","link":"https:\/\/vmsport.fi\/sv\/verkkokauppa\/ajovarusteet\/suojavarusteet\/polvi-ja-saarisuojat\/poc-joint-vpd-air-knee\/","title":{"rendered":"POC Joint VPD Air Kn\u00e4"},"content":{"rendered":"<p>POC Joint VPD Air kn\u00e4skydd \u00e4r utformade f\u00f6r passionerade trailcyklister som vill ha kn\u00e4skydd p\u00e5 h\u00f6gsta niv\u00e5 utan att kompromissa med komfort och r\u00f6rlighet. Den l\u00e4tta och st\u00f6td\u00e4mpande VPD Air-vadderingen anpassar sig till cyklistens r\u00f6relser och ger ett tillf\u00f6rlitligt skydd. Den diskreta designen g\u00f6r skydden diskreta och ger utm\u00e4rkt r\u00f6relsefrihet, perfekt f\u00f6r anv\u00e4ndning hela dagen.<\/p>\n<p>\u00d6verdraget \u00e4r tillverkat av f\u00f6rst\u00e4rkt stretchmaterial och \u00e4r slitstarkt och motst\u00e5ndskraftigt mot slitage. Det halkfria neoprenfodret h\u00e5ller skyddet stadigt p\u00e5 plats och f\u00f6rhindrar att det glider. Ett elastiskt band med kardborrekn\u00e4ppning ger en skr\u00e4ddarsydd passform och s\u00e4kerhet. Om olyckan skulle vara framme finns ett separat f\u00e4stband som ger extra skydd och ser till att skyddet sitter kvar p\u00e5 plats vid ett fall.<\/p>\n<p>Den v\u00e4lventilerade VPD Air-vaddningen ger utm\u00e4rkt temperaturreglering och h\u00e5ller cyklisten bekv\u00e4m \u00e4ven under intensiv aktivitet. POC Joint VPD Air kn\u00e4skydd \u00e4r det perfekta valet f\u00f6r cyklister som s\u00f6ker den perfekta kombinationen av premiumskydd och minimalistisk design.<\/p>","protected":false},"excerpt":{"rendered":"<p>POC Joint VPD Air Knee -suojat on suunniteltu intohimoisille polkuajajille, jotka kaipaavat huipputason polvisuojaa tinkim\u00e4tt\u00e4 mukavuudesta ja liikkuvuudesta. Kevyt ja iskuja tehokkaasti vaimentava VPD Air -pehmuste mukautuu ajajan liikkeisiin tarjoten luotettavaa suojaa. Hillitty muotoilu tekee suojista huomaamattomat ja tarjoaa erinomaista liikkumavapautta, soveltuen erinomaisesti koko p\u00e4iv\u00e4n kest\u00e4v\u00e4\u00e4n k\u00e4ytt\u00f6\u00f6n. Vahvistetusta joustokankaasta valmistettu suojus on kest\u00e4v\u00e4 ja vastustaa [&#8230;]<\/p>\n<p><a class=\"btn btn-secondary understrap-read-more-link\" href=\"https:\/\/vmsport.fi\/sv\/verkkokauppa\/ajovarusteet\/suojavarusteet\/polvi-ja-saarisuojat\/poc-joint-vpd-air-knee\/\">L\u00e4s mer \u2026<span class=\"screen-reader-text\"> from POC Joint VPD Air Knee<\/span><\/a><\/p>\n","protected":false},"featured_media":55025,"comment_status":"open","ping_status":"closed","template":"","meta":{"_acf_changed":false,"_improvement_type_select":"improve_an_existing","_thumb_yes_seoaic":false,"_frame_yes_seoaic":false,"seoaic_generate_description":"","seoaic_improve_instructions_prompt":"","seoaic_rollback_content_improvement":"","seoaic_idea_thumbnail_generator":"","thumbnail_generated":false,"thumbnail_generate_prompt":"","seoaic_article_description":"","_supplier_stock_quantity":0},"product_brand":[],"product_model":[],"product_cat":[9506],"product_tag":[],"industry-terminology":[],"class_list":{"0":"post-55027","1":"product","2":"type-product","3":"status-publish","4":"has-post-thumbnail","6":"product_cat-polvi-ja-saarisuojat","8":"first","9":"instock","10":"sale","11":"taxable","12":"shipping-taxable","13":"purchasable","14":"product-type-variable"},"acf":{"bike_features":null,"overview":{"copy_overview":null,"key_features":null,"statement":"","youtube_url":""}},"yoast_head":"<!-- This site is optimized with the Yoast SEO plugin v27.3 - https:\/\/yoast.com\/product\/yoast-seo-wordpress\/ -->\n<title>POC Joint VPD Air Knee - VM Sport<\/title>\n<meta name=\"robots\" content=\"index, follow, max-snippet:-1, max-image-preview:large, max-video-preview:-1\" \/>\n<link rel=\"canonical\" href=\"https:\/\/vmsport.fi\/sv\/webbutik\/korutrustning\/skyddsutrustning\/kna-och-oskydd\/poc-led-vpd-luft-kna\/\" \/>\n<meta property=\"og:locale\" content=\"sv_SE\" \/>\n<meta property=\"og:type\" content=\"article\" \/>\n<meta property=\"og:title\" content=\"POC Joint VPD Air Knee - VM Sport\" \/>\n<meta property=\"og:description\" content=\"POC Joint VPD Air Knee -suojat on suunniteltu intohimoisille polkuajajille, jotka kaipaavat huipputason polvisuojaa tinkim\u00e4tt\u00e4 mukavuudesta ja liikkuvuudesta. Kevyt ja iskuja tehokkaasti vaimentava VPD Air -pehmuste mukautuu ajajan liikkeisiin tarjoten luotettavaa suojaa. Hillitty muotoilu tekee suojista huomaamattomat ja tarjoaa erinomaista liikkumavapautta, soveltuen erinomaisesti koko p\u00e4iv\u00e4n kest\u00e4v\u00e4\u00e4n k\u00e4ytt\u00f6\u00f6n. Vahvistetusta joustokankaasta valmistettu suojus on kest\u00e4v\u00e4 ja vastustaa [...]L\u00e4s mer \u2026 from POC Joint VPD Air Knee\" \/>\n<meta property=\"og:url\" content=\"https:\/\/vmsport.fi\/sv\/webbutik\/korutrustning\/skyddsutrustning\/kna-och-oskydd\/poc-led-vpd-luft-kna\/\" \/>\n<meta property=\"og:site_name\" content=\"VM Sport\" \/>\n<meta property=\"article:publisher\" content=\"https:\/\/www.facebook.com\/Vmsport.fi\/\" \/>\n<meta property=\"article:modified_time\" content=\"2026-03-10T00:00:28+00:00\" \/>\n<meta property=\"og:image\" content=\"https:\/\/vmsport.fi\/wp-content\/uploads\/2025\/03\/20440-JointVPDAirKnee-1002-UraniumBlack-1-1.jpg\" \/>\n\t<meta property=\"og:image:width\" content=\"1000\" \/>\n\t<meta property=\"og:image:height\" content=\"1000\" \/>\n\t<meta property=\"og:image:type\" content=\"image\/jpeg\" \/>\n<meta name=\"twitter:card\" content=\"summary_large_image\" \/>\n<meta name=\"twitter:label1\" content=\"Ber\u00e4knad l\u00e4stid\" \/>\n\t<meta name=\"twitter:data1\" content=\"1 minut\" \/>\n<script type=\"application\/ld+json\" class=\"yoast-schema-graph\">{\"@context\":\"https:\\\/\\\/schema.org\",\"@graph\":[{\"@type\":[\"WebPage\",\"ItemPage\"],\"@id\":\"https:\\\/\\\/vmsport.fi\\\/verkkokauppa\\\/ajovarusteet\\\/suojavarusteet\\\/polvi-ja-saarisuojat\\\/poc-joint-vpd-air-knee\\\/\",\"url\":\"https:\\\/\\\/vmsport.fi\\\/verkkokauppa\\\/ajovarusteet\\\/suojavarusteet\\\/polvi-ja-saarisuojat\\\/poc-joint-vpd-air-knee\\\/\",\"name\":\"POC Joint VPD Air Knee - VM Sport\",\"isPartOf\":{\"@id\":\"https:\\\/\\\/vmsport.fi\\\/#website\"},\"primaryImageOfPage\":{\"@id\":\"https:\\\/\\\/vmsport.fi\\\/verkkokauppa\\\/ajovarusteet\\\/suojavarusteet\\\/polvi-ja-saarisuojat\\\/poc-joint-vpd-air-knee\\\/#primaryimage\"},\"image\":{\"@id\":\"https:\\\/\\\/vmsport.fi\\\/verkkokauppa\\\/ajovarusteet\\\/suojavarusteet\\\/polvi-ja-saarisuojat\\\/poc-joint-vpd-air-knee\\\/#primaryimage\"},\"thumbnailUrl\":\"https:\\\/\\\/vmsport.fi\\\/wp-content\\\/uploads\\\/2025\\\/03\\\/20440-JointVPDAirKnee-1002-UraniumBlack-1-1.jpg\",\"datePublished\":\"2025-03-05T22:00:37+00:00\",\"dateModified\":\"2026-03-10T00:00:28+00:00\",\"breadcrumb\":{\"@id\":\"https:\\\/\\\/vmsport.fi\\\/verkkokauppa\\\/ajovarusteet\\\/suojavarusteet\\\/polvi-ja-saarisuojat\\\/poc-joint-vpd-air-knee\\\/#breadcrumb\"},\"inLanguage\":\"sv-SE\",\"potentialAction\":[{\"@type\":\"ReadAction\",\"target\":[\"https:\\\/\\\/vmsport.fi\\\/verkkokauppa\\\/ajovarusteet\\\/suojavarusteet\\\/polvi-ja-saarisuojat\\\/poc-joint-vpd-air-knee\\\/\"]}]},{\"@type\":\"ImageObject\",\"inLanguage\":\"sv-SE\",\"@id\":\"https:\\\/\\\/vmsport.fi\\\/verkkokauppa\\\/ajovarusteet\\\/suojavarusteet\\\/polvi-ja-saarisuojat\\\/poc-joint-vpd-air-knee\\\/#primaryimage\",\"url\":\"https:\\\/\\\/vmsport.fi\\\/wp-content\\\/uploads\\\/2025\\\/03\\\/20440-JointVPDAirKnee-1002-UraniumBlack-1-1.jpg\",\"contentUrl\":\"https:\\\/\\\/vmsport.fi\\\/wp-content\\\/uploads\\\/2025\\\/03\\\/20440-JointVPDAirKnee-1002-UraniumBlack-1-1.jpg\",\"width\":1000,\"height\":1000,\"caption\":\"20440-JointVPDAirKnee-1002-UraniumBlack-1\"},{\"@type\":\"BreadcrumbList\",\"@id\":\"https:\\\/\\\/vmsport.fi\\\/verkkokauppa\\\/ajovarusteet\\\/suojavarusteet\\\/polvi-ja-saarisuojat\\\/poc-joint-vpd-air-knee\\\/#breadcrumb\",\"itemListElement\":[{\"@type\":\"ListItem\",\"position\":1,\"name\":\"Etusivu\",\"item\":\"https:\\\/\\\/vmsport.fi\\\/\"},{\"@type\":\"ListItem\",\"position\":2,\"name\":\"Online Store\",\"item\":\"https:\\\/\\\/vmsport.fi\\\/en\\\/online-store\\\/\"},{\"@type\":\"ListItem\",\"position\":3,\"name\":\"POC Joint VPD Air Knee\"}]},{\"@type\":\"WebSite\",\"@id\":\"https:\\\/\\\/vmsport.fi\\\/#website\",\"url\":\"https:\\\/\\\/vmsport.fi\\\/\",\"name\":\"Vmsport\",\"description\":\"Kaikki py\u00f6r\u00e4ilyyn yhdest\u00e4 paikasta\",\"publisher\":{\"@id\":\"https:\\\/\\\/vmsport.fi\\\/#organization\"},\"potentialAction\":[{\"@type\":\"SearchAction\",\"target\":{\"@type\":\"EntryPoint\",\"urlTemplate\":\"https:\\\/\\\/vmsport.fi\\\/?s={search_term_string}\"},\"query-input\":{\"@type\":\"PropertyValueSpecification\",\"valueRequired\":true,\"valueName\":\"search_term_string\"}}],\"inLanguage\":\"sv-SE\"},{\"@type\":\"Organization\",\"@id\":\"https:\\\/\\\/vmsport.fi\\\/#organization\",\"name\":\"Vmsport\",\"url\":\"https:\\\/\\\/vmsport.fi\\\/\",\"logo\":{\"@type\":\"ImageObject\",\"inLanguage\":\"sv-SE\",\"@id\":\"https:\\\/\\\/vmsport.fi\\\/#\\\/schema\\\/logo\\\/image\\\/\",\"url\":\"https:\\\/\\\/vmsport.fi\\\/wp-content\\\/uploads\\\/2024\\\/12\\\/vm_sport_RGB_horisontal-e1734526017575.png\",\"contentUrl\":\"https:\\\/\\\/vmsport.fi\\\/wp-content\\\/uploads\\\/2024\\\/12\\\/vm_sport_RGB_horisontal-e1734526017575.png\",\"width\":668,\"height\":85,\"caption\":\"Vmsport\"},\"image\":{\"@id\":\"https:\\\/\\\/vmsport.fi\\\/#\\\/schema\\\/logo\\\/image\\\/\"},\"sameAs\":[\"https:\\\/\\\/www.facebook.com\\\/Vmsport.fi\\\/\",\"https:\\\/\\\/www.instagram.com\\\/vmsport\\\/\"]}]}<\/script>\n<!-- \/ Yoast SEO plugin. -->","yoast_head_json":{"title":"POC Joint VPD Air Kn\u00e4 - VM Sport","robots":{"index":"index","follow":"follow","max-snippet":"max-snippet:-1","max-image-preview":"max-image-preview:large","max-video-preview":"max-video-preview:-1"},"canonical":"https:\/\/vmsport.fi\/sv\/webbutik\/korutrustning\/skyddsutrustning\/kna-och-oskydd\/poc-led-vpd-luft-kna\/","og_locale":"sv_SE","og_type":"article","og_title":"POC Joint VPD Air Knee - VM Sport","og_description":"POC Joint VPD Air Knee -suojat on suunniteltu intohimoisille polkuajajille, jotka kaipaavat huipputason polvisuojaa tinkim\u00e4tt\u00e4 mukavuudesta ja liikkuvuudesta. Kevyt ja iskuja tehokkaasti vaimentava VPD Air -pehmuste mukautuu ajajan liikkeisiin tarjoten luotettavaa suojaa. Hillitty muotoilu tekee suojista huomaamattomat ja tarjoaa erinomaista liikkumavapautta, soveltuen erinomaisesti koko p\u00e4iv\u00e4n kest\u00e4v\u00e4\u00e4n k\u00e4ytt\u00f6\u00f6n. Vahvistetusta joustokankaasta valmistettu suojus on kest\u00e4v\u00e4 ja vastustaa [...]L\u00e4s mer \u2026 from POC Joint VPD Air Knee","og_url":"https:\/\/vmsport.fi\/sv\/webbutik\/korutrustning\/skyddsutrustning\/kna-och-oskydd\/poc-led-vpd-luft-kna\/","og_site_name":"VM Sport","article_publisher":"https:\/\/www.facebook.com\/Vmsport.fi\/","article_modified_time":"2026-03-10T00:00:28+00:00","og_image":[{"width":1000,"height":1000,"url":"https:\/\/vmsport.fi\/wp-content\/uploads\/2025\/03\/20440-JointVPDAirKnee-1002-UraniumBlack-1-1.jpg","type":"image\/jpeg"}],"twitter_card":"summary_large_image","twitter_misc":{"Ber\u00e4knad l\u00e4stid":"1 minut"},"schema":{"@context":"https:\/\/schema.org","@graph":[{"@type":["WebPage","ItemPage"],"@id":"https:\/\/vmsport.fi\/verkkokauppa\/ajovarusteet\/suojavarusteet\/polvi-ja-saarisuojat\/poc-joint-vpd-air-knee\/","url":"https:\/\/vmsport.fi\/verkkokauppa\/ajovarusteet\/suojavarusteet\/polvi-ja-saarisuojat\/poc-joint-vpd-air-knee\/","name":"POC Joint VPD Air Kn\u00e4 - VM Sport","isPartOf":{"@id":"https:\/\/vmsport.fi\/#website"},"primaryImageOfPage":{"@id":"https:\/\/vmsport.fi\/verkkokauppa\/ajovarusteet\/suojavarusteet\/polvi-ja-saarisuojat\/poc-joint-vpd-air-knee\/#primaryimage"},"image":{"@id":"https:\/\/vmsport.fi\/verkkokauppa\/ajovarusteet\/suojavarusteet\/polvi-ja-saarisuojat\/poc-joint-vpd-air-knee\/#primaryimage"},"thumbnailUrl":"https:\/\/vmsport.fi\/wp-content\/uploads\/2025\/03\/20440-JointVPDAirKnee-1002-UraniumBlack-1-1.jpg","datePublished":"2025-03-05T22:00:37+00:00","dateModified":"2026-03-10T00:00:28+00:00","breadcrumb":{"@id":"https:\/\/vmsport.fi\/verkkokauppa\/ajovarusteet\/suojavarusteet\/polvi-ja-saarisuojat\/poc-joint-vpd-air-knee\/#breadcrumb"},"inLanguage":"sv-SE","potentialAction":[{"@type":"ReadAction","target":["https:\/\/vmsport.fi\/verkkokauppa\/ajovarusteet\/suojavarusteet\/polvi-ja-saarisuojat\/poc-joint-vpd-air-knee\/"]}]},{"@type":"ImageObject","inLanguage":"sv-SE","@id":"https:\/\/vmsport.fi\/verkkokauppa\/ajovarusteet\/suojavarusteet\/polvi-ja-saarisuojat\/poc-joint-vpd-air-knee\/#primaryimage","url":"https:\/\/vmsport.fi\/wp-content\/uploads\/2025\/03\/20440-JointVPDAirKnee-1002-UraniumBlack-1-1.jpg","contentUrl":"https:\/\/vmsport.fi\/wp-content\/uploads\/2025\/03\/20440-JointVPDAirKnee-1002-UraniumBlack-1-1.jpg","width":1000,"height":1000,"caption":"20440-JointVPDAirKnee-1002-UraniumBlack-1"},{"@type":"BreadcrumbList","@id":"https:\/\/vmsport.fi\/verkkokauppa\/ajovarusteet\/suojavarusteet\/polvi-ja-saarisuojat\/poc-joint-vpd-air-knee\/#breadcrumb","itemListElement":[{"@type":"ListItem","position":1,"name":"Etusivu","item":"https:\/\/vmsport.fi\/"},{"@type":"ListItem","position":2,"name":"Online Store","item":"https:\/\/vmsport.fi\/en\/online-store\/"},{"@type":"ListItem","position":3,"name":"POC Joint VPD Air Knee"}]},{"@type":"WebSite","@id":"https:\/\/vmsport.fi\/#website","url":"https:\/\/vmsport.fi\/","name":"Vmsport","description":"Allt p\u00e5 ett st\u00e4lle f\u00f6r cykling","publisher":{"@id":"https:\/\/vmsport.fi\/#organization"},"potentialAction":[{"@type":"SearchAction","target":{"@type":"EntryPoint","urlTemplate":"https:\/\/vmsport.fi\/?s={search_term_string}"},"query-input":{"@type":"PropertyValueSpecification","valueRequired":true,"valueName":"search_term_string"}}],"inLanguage":"sv-SE"},{"@type":"Organization","@id":"https:\/\/vmsport.fi\/#organization","name":"Vmsport","url":"https:\/\/vmsport.fi\/","logo":{"@type":"ImageObject","inLanguage":"sv-SE","@id":"https:\/\/vmsport.fi\/#\/schema\/logo\/image\/","url":"https:\/\/vmsport.fi\/wp-content\/uploads\/2024\/12\/vm_sport_RGB_horisontal-e1734526017575.png","contentUrl":"https:\/\/vmsport.fi\/wp-content\/uploads\/2024\/12\/vm_sport_RGB_horisontal-e1734526017575.png","width":668,"height":85,"caption":"Vmsport"},"image":{"@id":"https:\/\/vmsport.fi\/#\/schema\/logo\/image\/"},"sameAs":["https:\/\/www.facebook.com\/Vmsport.fi\/","https:\/\/www.instagram.com\/vmsport\/"]}]}},"global_unique_id":"","_links":{"self":[{"href":"https:\/\/vmsport.fi\/sv\/wp-json\/wp\/v2\/product\/55027","targetHints":{"allow":["GET"]}}],"collection":[{"href":"https:\/\/vmsport.fi\/sv\/wp-json\/wp\/v2\/product"}],"about":[{"href":"https:\/\/vmsport.fi\/sv\/wp-json\/wp\/v2\/types\/product"}],"replies":[{"embeddable":true,"href":"https:\/\/vmsport.fi\/sv\/wp-json\/wp\/v2\/comments?post=55027"}],"wp:featuredmedia":[{"embeddable":true,"href":"https:\/\/vmsport.fi\/sv\/wp-json\/wp\/v2\/media\/55025"}],"wp:attachment":[{"href":"https:\/\/vmsport.fi\/sv\/wp-json\/wp\/v2\/media?parent=55027"}],"wp:term":[{"taxonomy":"product_brand","embeddable":true,"href":"https:\/\/vmsport.fi\/sv\/wp-json\/wp\/v2\/product_brand?post=55027"},{"taxonomy":"product_model","embeddable":true,"href":"https:\/\/vmsport.fi\/sv\/wp-json\/wp\/v2\/product_model?post=55027"},{"taxonomy":"product_cat","embeddable":true,"href":"https:\/\/vmsport.fi\/sv\/wp-json\/wp\/v2\/product_cat?post=55027"},{"taxonomy":"product_tag","embeddable":true,"href":"https:\/\/vmsport.fi\/sv\/wp-json\/wp\/v2\/product_tag?post=55027"},{"taxonomy":"industry_terminology","embeddable":true,"href":"https:\/\/vmsport.fi\/sv\/wp-json\/wp\/v2\/industry-terminology?post=55027"}],"curies":[{"name":"wp","href":"https:\/\/api.w.org\/{rel}","templated":true}]}}