{"id":55022,"date":"2025-03-06T00:00:34","date_gmt":"2025-03-05T22:00:34","guid":{"rendered":"https:\/\/vmsport.fi\/verkkokauppa\/Ei-luokiteltu\/bontrager-bontrager-ion-comp-r-flare-r-city-bike-light-set\/"},"modified":"2026-03-19T02:00:22","modified_gmt":"2026-03-19T00:00:22","slug":"bontrager-bontrager-ion-comp-r-flare-r-city-cykelbelysningssats","status":"publish","type":"product","link":"https:\/\/vmsport.fi\/sv\/verkkokauppa\/tarvikkeet\/valaisimet-ja-osat\/valosetit\/bontrager-bontrager-ion-comp-r-flare-r-city-bike-light-set\/","title":{"rendered":"Bontrager Bontrager Ion Comp R\/Flare R Belysningssats f\u00f6r stadscyklar"},"content":{"rendered":"<p>Bontragers Ion Comp R\/Flare R City Bike Light Set \u00e4r utformat f\u00f6r att ge utm\u00e4rkt synlighet b\u00e5de i stadsmilj\u00f6 och p\u00e5 cykel, och \u00e4r b\u00e5de kompakt och kraftfullt. Ion Comp R-lampan ger en varm, bred ljusk\u00e4gla med 700 lumen ljusstyrka f\u00f6r s\u00e4kerhet n\u00e4r du cyklar i m\u00f6rkret. Flare R City-lampan ger en bred ljusk\u00e4gla p\u00e5 35 lumen, vilket g\u00f6r den s\u00e4rskilt l\u00e4mplig f\u00f6r stadsk\u00f6rning.<\/p>\n<p>Dagsljusfunktionerna f\u00f6rb\u00e4ttrar synligheten i dagsljus med s\u00e4rskilda inst\u00e4llningar f\u00f6r fokus, blixt och r\u00e4ckvidd. Den intermittenta blinkfunktionen g\u00f6r att lamporna syns p\u00e5 upp till 2 km avst\u00e5nd, vilket f\u00f6rb\u00e4ttrar s\u00e4kerheten avsev\u00e4rt.<\/p>\n<p>Blendr-kompatibilitet g\u00f6r att du kan integrera lamporna snyggt med din \u00f6vriga utrustning. Den mjuka och flexibla f\u00e4stremmen g\u00f6r det enkelt att snabbt s\u00e4tta fast och ta bort lamporna och passar till styren med en diameter p\u00e5 22,2-35 mm.<\/p>\n<p>Lamporna \u00e4r uppladdningsbara via USB och en mikro-USB-kabel medf\u00f6ljer f\u00f6r enkel laddning. En dubbel tryckfunktion f\u00f6rhindrar att lamporna sl\u00e5s p\u00e5 av misstag. Ion Comp R bibeh\u00e5ller en konstant ljusstyrka, vilket garanterar tillf\u00f6rlitlig belysning hela tiden.<\/p>","protected":false},"excerpt":{"rendered":"<p>Bontrager Ion Comp R\/Flare R City -py\u00f6r\u00e4nvalosetti on suunniteltu tarjoamaan erinomaista n\u00e4kyvyytt\u00e4 sek\u00e4 kaupunki- ett\u00e4 polkupy\u00f6r\u00e4ilyyn, ollen sek\u00e4 kompakti ett\u00e4 tehokas. Ion Comp R -valo tuottaa l\u00e4mpim\u00e4n ja laajan valokeilan, jonka 700 luumenin kirkkaus tuo turvaa pime\u00e4ll\u00e4 ajaessa. Flare R City -valo luo leve\u00e4n valokeilan 35 luumenin teholla, mik\u00e4 tekee siit\u00e4 erityisen sopivan kaupunkiajossa. P\u00e4iv\u00e4ajovalotoiminnot [&#8230;]<\/p>\n<p><a class=\"btn btn-secondary understrap-read-more-link\" href=\"https:\/\/vmsport.fi\/sv\/verkkokauppa\/tarvikkeet\/valaisimet-ja-osat\/valosetit\/bontrager-bontrager-ion-comp-r-flare-r-city-bike-light-set\/\">L\u00e4s mer \u2026<span class=\"screen-reader-text\"> from Bontrager Bontrager Ion Comp R\/Flare R City Bike Light Set<\/span><\/a><\/p>\n","protected":false},"featured_media":55016,"comment_status":"open","ping_status":"closed","template":"","meta":{"_acf_changed":false,"_improvement_type_select":"improve_an_existing","_thumb_yes_seoaic":false,"_frame_yes_seoaic":false,"seoaic_generate_description":"","seoaic_improve_instructions_prompt":"","seoaic_rollback_content_improvement":"","seoaic_idea_thumbnail_generator":"","thumbnail_generated":false,"thumbnail_generate_prompt":"","seoaic_article_description":"","_supplier_stock_quantity":0},"product_brand":[],"product_model":[],"product_cat":[9566],"product_tag":[],"industry-terminology":[],"class_list":{"0":"post-55022","1":"product","2":"type-product","3":"status-publish","4":"has-post-thumbnail","6":"product_cat-valosetit","8":"first","9":"instock","10":"taxable","11":"shipping-taxable","12":"purchasable","13":"product-type-simple"},"acf":{"bike_features":null,"overview":{"copy_overview":null,"key_features":null,"statement":"","youtube_url":""}},"yoast_head":"<!-- This site is optimized with the Yoast SEO plugin v27.3 - https:\/\/yoast.com\/product\/yoast-seo-wordpress\/ -->\n<title>Bontrager Bontrager Ion Comp R\/Flare R City Bike Light Set - VM Sport<\/title>\n<meta name=\"robots\" content=\"index, follow, max-snippet:-1, max-image-preview:large, max-video-preview:-1\" \/>\n<link rel=\"canonical\" href=\"https:\/\/vmsport.fi\/sv\/webbutik\/tillbehor\/armaturer-och-komponenter\/fotoset\/bontrager-bontrager-ion-comp-r-flare-r-city-cykelbelysningssats\/\" \/>\n<meta property=\"og:locale\" content=\"sv_SE\" \/>\n<meta property=\"og:type\" content=\"article\" \/>\n<meta property=\"og:title\" content=\"Bontrager Bontrager Ion Comp R\/Flare R City Bike Light Set - VM Sport\" \/>\n<meta property=\"og:description\" content=\"Bontrager Ion Comp R\/Flare R City -py\u00f6r\u00e4nvalosetti on suunniteltu tarjoamaan erinomaista n\u00e4kyvyytt\u00e4 sek\u00e4 kaupunki- ett\u00e4 polkupy\u00f6r\u00e4ilyyn, ollen sek\u00e4 kompakti ett\u00e4 tehokas. Ion Comp R -valo tuottaa l\u00e4mpim\u00e4n ja laajan valokeilan, jonka 700 luumenin kirkkaus tuo turvaa pime\u00e4ll\u00e4 ajaessa. Flare R City -valo luo leve\u00e4n valokeilan 35 luumenin teholla, mik\u00e4 tekee siit\u00e4 erityisen sopivan kaupunkiajossa. P\u00e4iv\u00e4ajovalotoiminnot [...]L\u00e4s mer \u2026 from Bontrager Bontrager Ion Comp R\/Flare R City Bike Light Set\" \/>\n<meta property=\"og:url\" content=\"https:\/\/vmsport.fi\/sv\/webbutik\/tillbehor\/armaturer-och-komponenter\/fotoset\/bontrager-bontrager-ion-comp-r-flare-r-city-cykelbelysningssats\/\" \/>\n<meta property=\"og:site_name\" content=\"VM Sport\" \/>\n<meta property=\"article:publisher\" content=\"https:\/\/www.facebook.com\/Vmsport.fi\/\" \/>\n<meta property=\"article:modified_time\" content=\"2026-03-19T00:00:22+00:00\" \/>\n<meta property=\"og:image\" content=\"https:\/\/vmsport.fi\/wp-content\/uploads\/2025\/03\/BhoZ1SDbgRYkLomppaN0auo6uCrXyJTImCc5lX6EygbjQo8KAt-1.jpg\" \/>\n\t<meta property=\"og:image:width\" content=\"1000\" \/>\n\t<meta property=\"og:image:height\" content=\"750\" \/>\n\t<meta property=\"og:image:type\" content=\"image\/jpeg\" \/>\n<meta name=\"twitter:card\" content=\"summary_large_image\" \/>\n<meta name=\"twitter:label1\" content=\"Ber\u00e4knad l\u00e4stid\" \/>\n\t<meta name=\"twitter:data1\" content=\"1 minut\" \/>\n<script type=\"application\/ld+json\" class=\"yoast-schema-graph\">{\"@context\":\"https:\\\/\\\/schema.org\",\"@graph\":[{\"@type\":[\"WebPage\",\"ItemPage\"],\"@id\":\"https:\\\/\\\/vmsport.fi\\\/verkkokauppa\\\/tarvikkeet\\\/valaisimet-ja-osat\\\/valosetit\\\/bontrager-bontrager-ion-comp-r-flare-r-city-bike-light-set\\\/\",\"url\":\"https:\\\/\\\/vmsport.fi\\\/verkkokauppa\\\/tarvikkeet\\\/valaisimet-ja-osat\\\/valosetit\\\/bontrager-bontrager-ion-comp-r-flare-r-city-bike-light-set\\\/\",\"name\":\"Bontrager Bontrager Ion Comp R\\\/Flare R City Bike Light Set - VM Sport\",\"isPartOf\":{\"@id\":\"https:\\\/\\\/vmsport.fi\\\/#website\"},\"primaryImageOfPage\":{\"@id\":\"https:\\\/\\\/vmsport.fi\\\/verkkokauppa\\\/tarvikkeet\\\/valaisimet-ja-osat\\\/valosetit\\\/bontrager-bontrager-ion-comp-r-flare-r-city-bike-light-set\\\/#primaryimage\"},\"image\":{\"@id\":\"https:\\\/\\\/vmsport.fi\\\/verkkokauppa\\\/tarvikkeet\\\/valaisimet-ja-osat\\\/valosetit\\\/bontrager-bontrager-ion-comp-r-flare-r-city-bike-light-set\\\/#primaryimage\"},\"thumbnailUrl\":\"https:\\\/\\\/vmsport.fi\\\/wp-content\\\/uploads\\\/2025\\\/03\\\/BhoZ1SDbgRYkLomppaN0auo6uCrXyJTImCc5lX6EygbjQo8KAt-1.jpg\",\"datePublished\":\"2025-03-05T22:00:34+00:00\",\"dateModified\":\"2026-03-19T00:00:22+00:00\",\"breadcrumb\":{\"@id\":\"https:\\\/\\\/vmsport.fi\\\/verkkokauppa\\\/tarvikkeet\\\/valaisimet-ja-osat\\\/valosetit\\\/bontrager-bontrager-ion-comp-r-flare-r-city-bike-light-set\\\/#breadcrumb\"},\"inLanguage\":\"sv-SE\",\"potentialAction\":[{\"@type\":\"ReadAction\",\"target\":[\"https:\\\/\\\/vmsport.fi\\\/verkkokauppa\\\/tarvikkeet\\\/valaisimet-ja-osat\\\/valosetit\\\/bontrager-bontrager-ion-comp-r-flare-r-city-bike-light-set\\\/\"]}]},{\"@type\":\"ImageObject\",\"inLanguage\":\"sv-SE\",\"@id\":\"https:\\\/\\\/vmsport.fi\\\/verkkokauppa\\\/tarvikkeet\\\/valaisimet-ja-osat\\\/valosetit\\\/bontrager-bontrager-ion-comp-r-flare-r-city-bike-light-set\\\/#primaryimage\",\"url\":\"https:\\\/\\\/vmsport.fi\\\/wp-content\\\/uploads\\\/2025\\\/03\\\/BhoZ1SDbgRYkLomppaN0auo6uCrXyJTImCc5lX6EygbjQo8KAt-1.jpg\",\"contentUrl\":\"https:\\\/\\\/vmsport.fi\\\/wp-content\\\/uploads\\\/2025\\\/03\\\/BhoZ1SDbgRYkLomppaN0auo6uCrXyJTImCc5lX6EygbjQo8KAt-1.jpg\",\"width\":1000,\"height\":750,\"caption\":\"BhoZ1SDbgRYkLomppaN0auo6uCrXyJTImCc5lX6EygbjQo8KAt\"},{\"@type\":\"BreadcrumbList\",\"@id\":\"https:\\\/\\\/vmsport.fi\\\/verkkokauppa\\\/tarvikkeet\\\/valaisimet-ja-osat\\\/valosetit\\\/bontrager-bontrager-ion-comp-r-flare-r-city-bike-light-set\\\/#breadcrumb\",\"itemListElement\":[{\"@type\":\"ListItem\",\"position\":1,\"name\":\"Etusivu\",\"item\":\"https:\\\/\\\/vmsport.fi\\\/\"},{\"@type\":\"ListItem\",\"position\":2,\"name\":\"Online Store\",\"item\":\"https:\\\/\\\/vmsport.fi\\\/en\\\/online-store\\\/\"},{\"@type\":\"ListItem\",\"position\":3,\"name\":\"Bontrager Bontrager Ion Comp R\\\/Flare R City Bike Light Set\"}]},{\"@type\":\"WebSite\",\"@id\":\"https:\\\/\\\/vmsport.fi\\\/#website\",\"url\":\"https:\\\/\\\/vmsport.fi\\\/\",\"name\":\"Vmsport\",\"description\":\"Kaikki py\u00f6r\u00e4ilyyn yhdest\u00e4 paikasta\",\"publisher\":{\"@id\":\"https:\\\/\\\/vmsport.fi\\\/#organization\"},\"potentialAction\":[{\"@type\":\"SearchAction\",\"target\":{\"@type\":\"EntryPoint\",\"urlTemplate\":\"https:\\\/\\\/vmsport.fi\\\/?s={search_term_string}\"},\"query-input\":{\"@type\":\"PropertyValueSpecification\",\"valueRequired\":true,\"valueName\":\"search_term_string\"}}],\"inLanguage\":\"sv-SE\"},{\"@type\":\"Organization\",\"@id\":\"https:\\\/\\\/vmsport.fi\\\/#organization\",\"name\":\"Vmsport\",\"url\":\"https:\\\/\\\/vmsport.fi\\\/\",\"logo\":{\"@type\":\"ImageObject\",\"inLanguage\":\"sv-SE\",\"@id\":\"https:\\\/\\\/vmsport.fi\\\/#\\\/schema\\\/logo\\\/image\\\/\",\"url\":\"https:\\\/\\\/vmsport.fi\\\/wp-content\\\/uploads\\\/2024\\\/12\\\/vm_sport_RGB_horisontal-e1734526017575.png\",\"contentUrl\":\"https:\\\/\\\/vmsport.fi\\\/wp-content\\\/uploads\\\/2024\\\/12\\\/vm_sport_RGB_horisontal-e1734526017575.png\",\"width\":668,\"height\":85,\"caption\":\"Vmsport\"},\"image\":{\"@id\":\"https:\\\/\\\/vmsport.fi\\\/#\\\/schema\\\/logo\\\/image\\\/\"},\"sameAs\":[\"https:\\\/\\\/www.facebook.com\\\/Vmsport.fi\\\/\",\"https:\\\/\\\/www.instagram.com\\\/vmsport\\\/\"]}]}<\/script>\n<!-- \/ Yoast SEO plugin. -->","yoast_head_json":{"title":"Bontrager Bontrager Ion Comp R\/Flare R Citybike-ljussats - VM Sport","robots":{"index":"index","follow":"follow","max-snippet":"max-snippet:-1","max-image-preview":"max-image-preview:large","max-video-preview":"max-video-preview:-1"},"canonical":"https:\/\/vmsport.fi\/sv\/webbutik\/tillbehor\/armaturer-och-komponenter\/fotoset\/bontrager-bontrager-ion-comp-r-flare-r-city-cykelbelysningssats\/","og_locale":"sv_SE","og_type":"article","og_title":"Bontrager Bontrager Ion Comp R\/Flare R City Bike Light Set - VM Sport","og_description":"Bontrager Ion Comp R\/Flare R City -py\u00f6r\u00e4nvalosetti on suunniteltu tarjoamaan erinomaista n\u00e4kyvyytt\u00e4 sek\u00e4 kaupunki- ett\u00e4 polkupy\u00f6r\u00e4ilyyn, ollen sek\u00e4 kompakti ett\u00e4 tehokas. Ion Comp R -valo tuottaa l\u00e4mpim\u00e4n ja laajan valokeilan, jonka 700 luumenin kirkkaus tuo turvaa pime\u00e4ll\u00e4 ajaessa. Flare R City -valo luo leve\u00e4n valokeilan 35 luumenin teholla, mik\u00e4 tekee siit\u00e4 erityisen sopivan kaupunkiajossa. P\u00e4iv\u00e4ajovalotoiminnot [...]L\u00e4s mer \u2026 from Bontrager Bontrager Ion Comp R\/Flare R City Bike Light Set","og_url":"https:\/\/vmsport.fi\/sv\/webbutik\/tillbehor\/armaturer-och-komponenter\/fotoset\/bontrager-bontrager-ion-comp-r-flare-r-city-cykelbelysningssats\/","og_site_name":"VM Sport","article_publisher":"https:\/\/www.facebook.com\/Vmsport.fi\/","article_modified_time":"2026-03-19T00:00:22+00:00","og_image":[{"width":1000,"height":750,"url":"https:\/\/vmsport.fi\/wp-content\/uploads\/2025\/03\/BhoZ1SDbgRYkLomppaN0auo6uCrXyJTImCc5lX6EygbjQo8KAt-1.jpg","type":"image\/jpeg"}],"twitter_card":"summary_large_image","twitter_misc":{"Ber\u00e4knad l\u00e4stid":"1 minut"},"schema":{"@context":"https:\/\/schema.org","@graph":[{"@type":["WebPage","ItemPage"],"@id":"https:\/\/vmsport.fi\/verkkokauppa\/tarvikkeet\/valaisimet-ja-osat\/valosetit\/bontrager-bontrager-ion-comp-r-flare-r-city-bike-light-set\/","url":"https:\/\/vmsport.fi\/verkkokauppa\/tarvikkeet\/valaisimet-ja-osat\/valosetit\/bontrager-bontrager-ion-comp-r-flare-r-city-bike-light-set\/","name":"Bontrager Bontrager Ion Comp R\/Flare R Citybike-ljussats - VM Sport","isPartOf":{"@id":"https:\/\/vmsport.fi\/#website"},"primaryImageOfPage":{"@id":"https:\/\/vmsport.fi\/verkkokauppa\/tarvikkeet\/valaisimet-ja-osat\/valosetit\/bontrager-bontrager-ion-comp-r-flare-r-city-bike-light-set\/#primaryimage"},"image":{"@id":"https:\/\/vmsport.fi\/verkkokauppa\/tarvikkeet\/valaisimet-ja-osat\/valosetit\/bontrager-bontrager-ion-comp-r-flare-r-city-bike-light-set\/#primaryimage"},"thumbnailUrl":"https:\/\/vmsport.fi\/wp-content\/uploads\/2025\/03\/BhoZ1SDbgRYkLomppaN0auo6uCrXyJTImCc5lX6EygbjQo8KAt-1.jpg","datePublished":"2025-03-05T22:00:34+00:00","dateModified":"2026-03-19T00:00:22+00:00","breadcrumb":{"@id":"https:\/\/vmsport.fi\/verkkokauppa\/tarvikkeet\/valaisimet-ja-osat\/valosetit\/bontrager-bontrager-ion-comp-r-flare-r-city-bike-light-set\/#breadcrumb"},"inLanguage":"sv-SE","potentialAction":[{"@type":"ReadAction","target":["https:\/\/vmsport.fi\/verkkokauppa\/tarvikkeet\/valaisimet-ja-osat\/valosetit\/bontrager-bontrager-ion-comp-r-flare-r-city-bike-light-set\/"]}]},{"@type":"ImageObject","inLanguage":"sv-SE","@id":"https:\/\/vmsport.fi\/verkkokauppa\/tarvikkeet\/valaisimet-ja-osat\/valosetit\/bontrager-bontrager-ion-comp-r-flare-r-city-bike-light-set\/#primaryimage","url":"https:\/\/vmsport.fi\/wp-content\/uploads\/2025\/03\/BhoZ1SDbgRYkLomppaN0auo6uCrXyJTImCc5lX6EygbjQo8KAt-1.jpg","contentUrl":"https:\/\/vmsport.fi\/wp-content\/uploads\/2025\/03\/BhoZ1SDbgRYkLomppaN0auo6uCrXyJTImCc5lX6EygbjQo8KAt-1.jpg","width":1000,"height":750,"caption":"BhoZ1SDbgRYkLomppaN0auo6uCrXyJTImCc5lX6EygbjQo8KAt"},{"@type":"BreadcrumbList","@id":"https:\/\/vmsport.fi\/verkkokauppa\/tarvikkeet\/valaisimet-ja-osat\/valosetit\/bontrager-bontrager-ion-comp-r-flare-r-city-bike-light-set\/#breadcrumb","itemListElement":[{"@type":"ListItem","position":1,"name":"Etusivu","item":"https:\/\/vmsport.fi\/"},{"@type":"ListItem","position":2,"name":"Online Store","item":"https:\/\/vmsport.fi\/en\/online-store\/"},{"@type":"ListItem","position":3,"name":"Bontrager Bontrager Ion Comp R\/Flare R City Bike Light Set"}]},{"@type":"WebSite","@id":"https:\/\/vmsport.fi\/#website","url":"https:\/\/vmsport.fi\/","name":"Vmsport","description":"Allt p\u00e5 ett st\u00e4lle f\u00f6r cykling","publisher":{"@id":"https:\/\/vmsport.fi\/#organization"},"potentialAction":[{"@type":"SearchAction","target":{"@type":"EntryPoint","urlTemplate":"https:\/\/vmsport.fi\/?s={search_term_string}"},"query-input":{"@type":"PropertyValueSpecification","valueRequired":true,"valueName":"search_term_string"}}],"inLanguage":"sv-SE"},{"@type":"Organization","@id":"https:\/\/vmsport.fi\/#organization","name":"Vmsport","url":"https:\/\/vmsport.fi\/","logo":{"@type":"ImageObject","inLanguage":"sv-SE","@id":"https:\/\/vmsport.fi\/#\/schema\/logo\/image\/","url":"https:\/\/vmsport.fi\/wp-content\/uploads\/2024\/12\/vm_sport_RGB_horisontal-e1734526017575.png","contentUrl":"https:\/\/vmsport.fi\/wp-content\/uploads\/2024\/12\/vm_sport_RGB_horisontal-e1734526017575.png","width":668,"height":85,"caption":"Vmsport"},"image":{"@id":"https:\/\/vmsport.fi\/#\/schema\/logo\/image\/"},"sameAs":["https:\/\/www.facebook.com\/Vmsport.fi\/","https:\/\/www.instagram.com\/vmsport\/"]}]}},"global_unique_id":"","_links":{"self":[{"href":"https:\/\/vmsport.fi\/sv\/wp-json\/wp\/v2\/product\/55022","targetHints":{"allow":["GET"]}}],"collection":[{"href":"https:\/\/vmsport.fi\/sv\/wp-json\/wp\/v2\/product"}],"about":[{"href":"https:\/\/vmsport.fi\/sv\/wp-json\/wp\/v2\/types\/product"}],"replies":[{"embeddable":true,"href":"https:\/\/vmsport.fi\/sv\/wp-json\/wp\/v2\/comments?post=55022"}],"wp:featuredmedia":[{"embeddable":true,"href":"https:\/\/vmsport.fi\/sv\/wp-json\/wp\/v2\/media\/55016"}],"wp:attachment":[{"href":"https:\/\/vmsport.fi\/sv\/wp-json\/wp\/v2\/media?parent=55022"}],"wp:term":[{"taxonomy":"product_brand","embeddable":true,"href":"https:\/\/vmsport.fi\/sv\/wp-json\/wp\/v2\/product_brand?post=55022"},{"taxonomy":"product_model","embeddable":true,"href":"https:\/\/vmsport.fi\/sv\/wp-json\/wp\/v2\/product_model?post=55022"},{"taxonomy":"product_cat","embeddable":true,"href":"https:\/\/vmsport.fi\/sv\/wp-json\/wp\/v2\/product_cat?post=55022"},{"taxonomy":"product_tag","embeddable":true,"href":"https:\/\/vmsport.fi\/sv\/wp-json\/wp\/v2\/product_tag?post=55022"},{"taxonomy":"industry_terminology","embeddable":true,"href":"https:\/\/vmsport.fi\/sv\/wp-json\/wp\/v2\/industry-terminology?post=55022"}],"curies":[{"name":"wp","href":"https:\/\/api.w.org\/{rel}","templated":true}]}}