{"id":55015,"date":"2025-03-06T00:00:26","date_gmt":"2025-03-05T22:00:26","guid":{"rendered":"https:\/\/vmsport.fi\/verkkokauppa\/Ei-luokiteltu\/trek-fsa-1-5-lower-headset-bearing\/"},"modified":"2026-01-16T13:22:57","modified_gmt":"2026-01-16T11:22:57","slug":"trek-fsa-1-5-nedre-headsetlager","status":"publish","type":"product","link":"https:\/\/vmsport.fi\/sv\/verkkokauppa\/varaosat\/kiekot-ja-navat\/laakerit\/trek-fsa-1-5-lower-headset-bearing\/","title":{"rendered":"Trek FSA 1,5\u2033 nedre headsetlager"},"content":{"rendered":"<p>Trek FSA 1,5\u2033 nedre headsetlager \u00e4r s\u00e4rskilt utformat som headsetlager f\u00f6r Trek-cyklar, vilket ger kompatibilitet med andra komponenter p\u00e5 dessa cyklar. Detta h\u00f6gkvalitativa, silverf\u00e4rgade nedre lager tillverkas av Full Speed Ahead och fungerar utm\u00e4rkt som ers\u00e4ttning. Det har en diameter p\u00e5 1,5 tum, vilket s\u00e4kerst\u00e4ller en exakt passform och f\u00f6rb\u00e4ttrar k\u00f6rupplevelsen.<\/p>","protected":false},"excerpt":{"rendered":"<p>Trek FSA 1.5&#8243; Lower Headset Bearing on suunniteltu erityisesti Trek-polkupy\u00f6rien ohjainlaakeriksi, tarjoten yhteensopivuuden n\u00e4iden py\u00f6rien muiden komponenttien kanssa. T\u00e4m\u00e4 laadukas, hopeanv\u00e4rinen alalaakeri on Full Speed Aheadin valmistama ja toimii erinomaisesti korvaavana osana. Sen halkaisija on 1,5 tuumaa, mik\u00e4 takaa tarkan istuvuuden ja parantaa ajokokemusta. [&#8230;]<\/p>\n<p><a class=\"btn btn-secondary understrap-read-more-link\" href=\"https:\/\/vmsport.fi\/sv\/verkkokauppa\/varaosat\/kiekot-ja-navat\/laakerit\/trek-fsa-1-5-lower-headset-bearing\/\">L\u00e4s mer \u2026<span class=\"screen-reader-text\"> from Trek FSA 1.5&#8243; Lower Headset Bearing<\/span><\/a><\/p>\n","protected":false},"featured_media":55014,"comment_status":"open","ping_status":"closed","template":"","meta":{"_acf_changed":false,"_improvement_type_select":"improve_an_existing","_thumb_yes_seoaic":false,"_frame_yes_seoaic":false,"seoaic_generate_description":"","seoaic_improve_instructions_prompt":"","seoaic_rollback_content_improvement":"","seoaic_idea_thumbnail_generator":"","thumbnail_generated":false,"thumbnail_generate_prompt":"","seoaic_article_description":"","_supplier_stock_quantity":0},"product_brand":[37],"product_model":[],"product_cat":[9464],"product_tag":[],"industry-terminology":[],"class_list":{"0":"post-55015","1":"product","2":"type-product","3":"status-publish","4":"has-post-thumbnail","6":"product_brand-trek","7":"product_cat-laakerit","9":"first","10":"outofstock","11":"taxable","12":"shipping-taxable","13":"product-type-simple"},"acf":{"bike_features":null,"overview":{"copy_overview":null,"key_features":null,"statement":"","youtube_url":""}},"yoast_head":"<!-- This site is optimized with the Yoast SEO plugin v27.3 - https:\/\/yoast.com\/product\/yoast-seo-wordpress\/ -->\n<title>Trek FSA 1.5&quot; Lower Headset Bearing - VM Sport<\/title>\n<meta name=\"robots\" content=\"index, follow, max-snippet:-1, max-image-preview:large, max-video-preview:-1\" \/>\n<link rel=\"canonical\" href=\"https:\/\/vmsport.fi\/sv\/webbutik\/reservdelar\/skivor-och-nav\/lager\/trek-fsa-1-5-nedre-headsetlager\/\" \/>\n<meta property=\"og:locale\" content=\"sv_SE\" \/>\n<meta property=\"og:type\" content=\"article\" \/>\n<meta property=\"og:title\" content=\"Trek FSA 1.5&quot; Lower Headset Bearing - VM Sport\" \/>\n<meta property=\"og:description\" content=\"Trek FSA 1.5&#8243; Lower Headset Bearing on suunniteltu erityisesti Trek-polkupy\u00f6rien ohjainlaakeriksi, tarjoten yhteensopivuuden n\u00e4iden py\u00f6rien muiden komponenttien kanssa. T\u00e4m\u00e4 laadukas, hopeanv\u00e4rinen alalaakeri on Full Speed Aheadin valmistama ja toimii erinomaisesti korvaavana osana. Sen halkaisija on 1,5 tuumaa, mik\u00e4 takaa tarkan istuvuuden ja parantaa ajokokemusta. [...]L\u00e4s mer \u2026 from Trek FSA 1.5&#8243; Lower Headset Bearing\" \/>\n<meta property=\"og:url\" content=\"https:\/\/vmsport.fi\/sv\/webbutik\/reservdelar\/skivor-och-nav\/lager\/trek-fsa-1-5-nedre-headsetlager\/\" \/>\n<meta property=\"og:site_name\" content=\"VM Sport\" \/>\n<meta property=\"article:publisher\" content=\"https:\/\/www.facebook.com\/Vmsport.fi\/\" \/>\n<meta property=\"article:modified_time\" content=\"2026-01-16T11:22:57+00:00\" \/>\n<meta property=\"og:image\" content=\"https:\/\/vmsport.fi\/wp-content\/uploads\/2025\/03\/y5LI5DG596A5VVBqUSEkjFa5NBPFMLjambNS4sO88DYJBVCCAo-1.jpg\" \/>\n\t<meta property=\"og:image:width\" content=\"1000\" \/>\n\t<meta property=\"og:image:height\" content=\"540\" \/>\n\t<meta property=\"og:image:type\" content=\"image\/jpeg\" \/>\n<meta name=\"twitter:card\" content=\"summary_large_image\" \/>\n<script type=\"application\/ld+json\" class=\"yoast-schema-graph\">{\"@context\":\"https:\\\/\\\/schema.org\",\"@graph\":[{\"@type\":[\"WebPage\",\"ItemPage\"],\"@id\":\"https:\\\/\\\/vmsport.fi\\\/verkkokauppa\\\/varaosat\\\/kiekot-ja-navat\\\/laakerit\\\/trek-fsa-1-5-lower-headset-bearing\\\/\",\"url\":\"https:\\\/\\\/vmsport.fi\\\/verkkokauppa\\\/varaosat\\\/kiekot-ja-navat\\\/laakerit\\\/trek-fsa-1-5-lower-headset-bearing\\\/\",\"name\":\"Trek FSA 1.5\\\" Lower Headset Bearing - VM Sport\",\"isPartOf\":{\"@id\":\"https:\\\/\\\/vmsport.fi\\\/#website\"},\"primaryImageOfPage\":{\"@id\":\"https:\\\/\\\/vmsport.fi\\\/verkkokauppa\\\/varaosat\\\/kiekot-ja-navat\\\/laakerit\\\/trek-fsa-1-5-lower-headset-bearing\\\/#primaryimage\"},\"image\":{\"@id\":\"https:\\\/\\\/vmsport.fi\\\/verkkokauppa\\\/varaosat\\\/kiekot-ja-navat\\\/laakerit\\\/trek-fsa-1-5-lower-headset-bearing\\\/#primaryimage\"},\"thumbnailUrl\":\"https:\\\/\\\/vmsport.fi\\\/wp-content\\\/uploads\\\/2025\\\/03\\\/y5LI5DG596A5VVBqUSEkjFa5NBPFMLjambNS4sO88DYJBVCCAo-1.jpg\",\"datePublished\":\"2025-03-05T22:00:26+00:00\",\"dateModified\":\"2026-01-16T11:22:57+00:00\",\"breadcrumb\":{\"@id\":\"https:\\\/\\\/vmsport.fi\\\/verkkokauppa\\\/varaosat\\\/kiekot-ja-navat\\\/laakerit\\\/trek-fsa-1-5-lower-headset-bearing\\\/#breadcrumb\"},\"inLanguage\":\"sv-SE\",\"potentialAction\":[{\"@type\":\"ReadAction\",\"target\":[\"https:\\\/\\\/vmsport.fi\\\/verkkokauppa\\\/varaosat\\\/kiekot-ja-navat\\\/laakerit\\\/trek-fsa-1-5-lower-headset-bearing\\\/\"]}]},{\"@type\":\"ImageObject\",\"inLanguage\":\"sv-SE\",\"@id\":\"https:\\\/\\\/vmsport.fi\\\/verkkokauppa\\\/varaosat\\\/kiekot-ja-navat\\\/laakerit\\\/trek-fsa-1-5-lower-headset-bearing\\\/#primaryimage\",\"url\":\"https:\\\/\\\/vmsport.fi\\\/wp-content\\\/uploads\\\/2025\\\/03\\\/y5LI5DG596A5VVBqUSEkjFa5NBPFMLjambNS4sO88DYJBVCCAo-1.jpg\",\"contentUrl\":\"https:\\\/\\\/vmsport.fi\\\/wp-content\\\/uploads\\\/2025\\\/03\\\/y5LI5DG596A5VVBqUSEkjFa5NBPFMLjambNS4sO88DYJBVCCAo-1.jpg\",\"width\":1000,\"height\":540,\"caption\":\"y5LI5DG596A5VVBqUSEkjFa5NBPFMLjambNS4sO88DYJBVCCAo\"},{\"@type\":\"BreadcrumbList\",\"@id\":\"https:\\\/\\\/vmsport.fi\\\/verkkokauppa\\\/varaosat\\\/kiekot-ja-navat\\\/laakerit\\\/trek-fsa-1-5-lower-headset-bearing\\\/#breadcrumb\",\"itemListElement\":[{\"@type\":\"ListItem\",\"position\":1,\"name\":\"Etusivu\",\"item\":\"https:\\\/\\\/vmsport.fi\\\/\"},{\"@type\":\"ListItem\",\"position\":2,\"name\":\"Online Store\",\"item\":\"https:\\\/\\\/vmsport.fi\\\/en\\\/online-store\\\/\"},{\"@type\":\"ListItem\",\"position\":3,\"name\":\"Trek polkupy\u00f6r\u00e4t\",\"item\":\"https:\\\/\\\/vmsport.fi\\\/sv\\\/merkki\\\/trek\\\/\"},{\"@type\":\"ListItem\",\"position\":4,\"name\":\"Trek FSA 1.5&#8243; Lower Headset Bearing\"}]},{\"@type\":\"WebSite\",\"@id\":\"https:\\\/\\\/vmsport.fi\\\/#website\",\"url\":\"https:\\\/\\\/vmsport.fi\\\/\",\"name\":\"Vmsport\",\"description\":\"Kaikki py\u00f6r\u00e4ilyyn yhdest\u00e4 paikasta\",\"publisher\":{\"@id\":\"https:\\\/\\\/vmsport.fi\\\/#organization\"},\"potentialAction\":[{\"@type\":\"SearchAction\",\"target\":{\"@type\":\"EntryPoint\",\"urlTemplate\":\"https:\\\/\\\/vmsport.fi\\\/?s={search_term_string}\"},\"query-input\":{\"@type\":\"PropertyValueSpecification\",\"valueRequired\":true,\"valueName\":\"search_term_string\"}}],\"inLanguage\":\"sv-SE\"},{\"@type\":\"Organization\",\"@id\":\"https:\\\/\\\/vmsport.fi\\\/#organization\",\"name\":\"Vmsport\",\"url\":\"https:\\\/\\\/vmsport.fi\\\/\",\"logo\":{\"@type\":\"ImageObject\",\"inLanguage\":\"sv-SE\",\"@id\":\"https:\\\/\\\/vmsport.fi\\\/#\\\/schema\\\/logo\\\/image\\\/\",\"url\":\"https:\\\/\\\/vmsport.fi\\\/wp-content\\\/uploads\\\/2024\\\/12\\\/vm_sport_RGB_horisontal-e1734526017575.png\",\"contentUrl\":\"https:\\\/\\\/vmsport.fi\\\/wp-content\\\/uploads\\\/2024\\\/12\\\/vm_sport_RGB_horisontal-e1734526017575.png\",\"width\":668,\"height\":85,\"caption\":\"Vmsport\"},\"image\":{\"@id\":\"https:\\\/\\\/vmsport.fi\\\/#\\\/schema\\\/logo\\\/image\\\/\"},\"sameAs\":[\"https:\\\/\\\/www.facebook.com\\\/Vmsport.fi\\\/\",\"https:\\\/\\\/www.instagram.com\\\/vmsport\\\/\"]}]}<\/script>\n<!-- \/ Yoast SEO plugin. -->","yoast_head_json":{"title":"Trek FSA 1,5\" l\u00e4gre headsetlager - VM Sport","robots":{"index":"index","follow":"follow","max-snippet":"max-snippet:-1","max-image-preview":"max-image-preview:large","max-video-preview":"max-video-preview:-1"},"canonical":"https:\/\/vmsport.fi\/sv\/webbutik\/reservdelar\/skivor-och-nav\/lager\/trek-fsa-1-5-nedre-headsetlager\/","og_locale":"sv_SE","og_type":"article","og_title":"Trek FSA 1.5\" Lower Headset Bearing - VM Sport","og_description":"Trek FSA 1.5&#8243; Lower Headset Bearing on suunniteltu erityisesti Trek-polkupy\u00f6rien ohjainlaakeriksi, tarjoten yhteensopivuuden n\u00e4iden py\u00f6rien muiden komponenttien kanssa. T\u00e4m\u00e4 laadukas, hopeanv\u00e4rinen alalaakeri on Full Speed Aheadin valmistama ja toimii erinomaisesti korvaavana osana. Sen halkaisija on 1,5 tuumaa, mik\u00e4 takaa tarkan istuvuuden ja parantaa ajokokemusta. [...]L\u00e4s mer \u2026 from Trek FSA 1.5&#8243; Lower Headset Bearing","og_url":"https:\/\/vmsport.fi\/sv\/webbutik\/reservdelar\/skivor-och-nav\/lager\/trek-fsa-1-5-nedre-headsetlager\/","og_site_name":"VM Sport","article_publisher":"https:\/\/www.facebook.com\/Vmsport.fi\/","article_modified_time":"2026-01-16T11:22:57+00:00","og_image":[{"width":1000,"height":540,"url":"https:\/\/vmsport.fi\/wp-content\/uploads\/2025\/03\/y5LI5DG596A5VVBqUSEkjFa5NBPFMLjambNS4sO88DYJBVCCAo-1.jpg","type":"image\/jpeg"}],"twitter_card":"summary_large_image","schema":{"@context":"https:\/\/schema.org","@graph":[{"@type":["WebPage","ItemPage"],"@id":"https:\/\/vmsport.fi\/verkkokauppa\/varaosat\/kiekot-ja-navat\/laakerit\/trek-fsa-1-5-lower-headset-bearing\/","url":"https:\/\/vmsport.fi\/verkkokauppa\/varaosat\/kiekot-ja-navat\/laakerit\/trek-fsa-1-5-lower-headset-bearing\/","name":"Trek FSA 1,5\" l\u00e4gre headsetlager - VM Sport","isPartOf":{"@id":"https:\/\/vmsport.fi\/#website"},"primaryImageOfPage":{"@id":"https:\/\/vmsport.fi\/verkkokauppa\/varaosat\/kiekot-ja-navat\/laakerit\/trek-fsa-1-5-lower-headset-bearing\/#primaryimage"},"image":{"@id":"https:\/\/vmsport.fi\/verkkokauppa\/varaosat\/kiekot-ja-navat\/laakerit\/trek-fsa-1-5-lower-headset-bearing\/#primaryimage"},"thumbnailUrl":"https:\/\/vmsport.fi\/wp-content\/uploads\/2025\/03\/y5LI5DG596A5VVBqUSEkjFa5NBPFMLjambNS4sO88DYJBVCCAo-1.jpg","datePublished":"2025-03-05T22:00:26+00:00","dateModified":"2026-01-16T11:22:57+00:00","breadcrumb":{"@id":"https:\/\/vmsport.fi\/verkkokauppa\/varaosat\/kiekot-ja-navat\/laakerit\/trek-fsa-1-5-lower-headset-bearing\/#breadcrumb"},"inLanguage":"sv-SE","potentialAction":[{"@type":"ReadAction","target":["https:\/\/vmsport.fi\/verkkokauppa\/varaosat\/kiekot-ja-navat\/laakerit\/trek-fsa-1-5-lower-headset-bearing\/"]}]},{"@type":"ImageObject","inLanguage":"sv-SE","@id":"https:\/\/vmsport.fi\/verkkokauppa\/varaosat\/kiekot-ja-navat\/laakerit\/trek-fsa-1-5-lower-headset-bearing\/#primaryimage","url":"https:\/\/vmsport.fi\/wp-content\/uploads\/2025\/03\/y5LI5DG596A5VVBqUSEkjFa5NBPFMLjambNS4sO88DYJBVCCAo-1.jpg","contentUrl":"https:\/\/vmsport.fi\/wp-content\/uploads\/2025\/03\/y5LI5DG596A5VVBqUSEkjFa5NBPFMLjambNS4sO88DYJBVCCAo-1.jpg","width":1000,"height":540,"caption":"y5LI5DG596A5VVBqUSEkjFa5NBPFMLjambNS4sO88DYJBVCCAo"},{"@type":"BreadcrumbList","@id":"https:\/\/vmsport.fi\/verkkokauppa\/varaosat\/kiekot-ja-navat\/laakerit\/trek-fsa-1-5-lower-headset-bearing\/#breadcrumb","itemListElement":[{"@type":"ListItem","position":1,"name":"Etusivu","item":"https:\/\/vmsport.fi\/"},{"@type":"ListItem","position":2,"name":"Online Store","item":"https:\/\/vmsport.fi\/en\/online-store\/"},{"@type":"ListItem","position":3,"name":"Trek polkupy\u00f6r\u00e4t","item":"https:\/\/vmsport.fi\/sv\/merkki\/trek\/"},{"@type":"ListItem","position":4,"name":"Trek FSA 1.5&#8243; Lower Headset Bearing"}]},{"@type":"WebSite","@id":"https:\/\/vmsport.fi\/#website","url":"https:\/\/vmsport.fi\/","name":"Vmsport","description":"Allt p\u00e5 ett st\u00e4lle f\u00f6r cykling","publisher":{"@id":"https:\/\/vmsport.fi\/#organization"},"potentialAction":[{"@type":"SearchAction","target":{"@type":"EntryPoint","urlTemplate":"https:\/\/vmsport.fi\/?s={search_term_string}"},"query-input":{"@type":"PropertyValueSpecification","valueRequired":true,"valueName":"search_term_string"}}],"inLanguage":"sv-SE"},{"@type":"Organization","@id":"https:\/\/vmsport.fi\/#organization","name":"Vmsport","url":"https:\/\/vmsport.fi\/","logo":{"@type":"ImageObject","inLanguage":"sv-SE","@id":"https:\/\/vmsport.fi\/#\/schema\/logo\/image\/","url":"https:\/\/vmsport.fi\/wp-content\/uploads\/2024\/12\/vm_sport_RGB_horisontal-e1734526017575.png","contentUrl":"https:\/\/vmsport.fi\/wp-content\/uploads\/2024\/12\/vm_sport_RGB_horisontal-e1734526017575.png","width":668,"height":85,"caption":"Vmsport"},"image":{"@id":"https:\/\/vmsport.fi\/#\/schema\/logo\/image\/"},"sameAs":["https:\/\/www.facebook.com\/Vmsport.fi\/","https:\/\/www.instagram.com\/vmsport\/"]}]}},"global_unique_id":"","_links":{"self":[{"href":"https:\/\/vmsport.fi\/sv\/wp-json\/wp\/v2\/product\/55015","targetHints":{"allow":["GET"]}}],"collection":[{"href":"https:\/\/vmsport.fi\/sv\/wp-json\/wp\/v2\/product"}],"about":[{"href":"https:\/\/vmsport.fi\/sv\/wp-json\/wp\/v2\/types\/product"}],"replies":[{"embeddable":true,"href":"https:\/\/vmsport.fi\/sv\/wp-json\/wp\/v2\/comments?post=55015"}],"wp:featuredmedia":[{"embeddable":true,"href":"https:\/\/vmsport.fi\/sv\/wp-json\/wp\/v2\/media\/55014"}],"wp:attachment":[{"href":"https:\/\/vmsport.fi\/sv\/wp-json\/wp\/v2\/media?parent=55015"}],"wp:term":[{"taxonomy":"product_brand","embeddable":true,"href":"https:\/\/vmsport.fi\/sv\/wp-json\/wp\/v2\/product_brand?post=55015"},{"taxonomy":"product_model","embeddable":true,"href":"https:\/\/vmsport.fi\/sv\/wp-json\/wp\/v2\/product_model?post=55015"},{"taxonomy":"product_cat","embeddable":true,"href":"https:\/\/vmsport.fi\/sv\/wp-json\/wp\/v2\/product_cat?post=55015"},{"taxonomy":"product_tag","embeddable":true,"href":"https:\/\/vmsport.fi\/sv\/wp-json\/wp\/v2\/product_tag?post=55015"},{"taxonomy":"industry_terminology","embeddable":true,"href":"https:\/\/vmsport.fi\/sv\/wp-json\/wp\/v2\/industry-terminology?post=55015"}],"curies":[{"name":"wp","href":"https:\/\/api.w.org\/{rel}","templated":true}]}}