{"id":55013,"date":"2025-03-06T00:00:25","date_gmt":"2025-03-05T22:00:25","guid":{"rendered":"https:\/\/vmsport.fi\/verkkokauppa\/Ei-luokiteltu\/pro-ketjutyokalu-9-10-11-12-vaihteisille\/"},"modified":"2026-03-12T02:00:13","modified_gmt":"2026-03-12T00:00:13","slug":"pro-kedjehjul-for-9-10-11-12-vaxlar","status":"publish","type":"product","link":"https:\/\/vmsport.fi\/sv\/verkkokauppa\/tarvikkeet\/tyokalut\/voimansiirtotyokalut\/pro-ketjutyokalu-9-10-11-12-vaihteisille\/","title":{"rendered":"PRO Kedjeverktyg f\u00f6r 9\/10\/11\/12 v\u00e4xlar"},"content":{"rendered":"<p>PRO-kedjeverktyget \u00e4r s\u00e4rskilt utformat f\u00f6r 9-12-v\u00e4xlade kedjor som anv\u00e4nds p\u00e5 moderna cyklar. Verktyget g\u00f6r det enkelt att ta bort och installera kedjor, med h\u00e5llbara material och omsorgsfull design f\u00f6r att s\u00e4kerst\u00e4lla tillf\u00f6rlitlig drift. N\u00e4r du beh\u00f6ver serva cykelns kedjor s\u00e4kerst\u00e4ller det h\u00e4r kedjeverktyget ett effektivt och enkelt arbete. Det ergonomiska handtaget \u00f6kar anv\u00e4ndarkomforten, vilket inneb\u00e4r att \u00e4ven l\u00e5nga anv\u00e4ndningsperioder \u00e4r bekv\u00e4ma och att dina h\u00e4nder inte anstr\u00e4ngs. Detta g\u00f6r det till det perfekta tillbeh\u00f6ret f\u00f6r alla cyklister som vill h\u00e5lla sin cykel i utm\u00e4rkt skick.<\/p>","protected":false},"excerpt":{"rendered":"<p>PRO-ketjuty\u00f6kalu on suunniteltu erityisesti 9\u201312-vaihteisille ketjuille, joita k\u00e4ytet\u00e4\u00e4n moderneissa polkupy\u00f6riss\u00e4. T\u00e4m\u00e4n ty\u00f6kalun avulla ketjun irrottaminen ja asentaminen sujuu helposti, sill\u00e4 sen kest\u00e4v\u00e4t materiaalit ja huolellinen suunnittelu varmistavat luotettavan toiminnan. Kun tarvitset huoltaa py\u00f6r\u00e4si ketjut, t\u00e4m\u00e4 ketjuty\u00f6kalu takaa tehokkaan ja vaivattoman ty\u00f6skentelyn. Sen ergonominen kahva lis\u00e4\u00e4 k\u00e4ytt\u00f6mukavuutta, mik\u00e4 tarkoittaa, ett\u00e4 pitk\u00e4kin k\u00e4ytt\u00f6aika on miellytt\u00e4v\u00e4\u00e4 ja k\u00e4det [&#8230;]<\/p>\n<p><a class=\"btn btn-secondary understrap-read-more-link\" href=\"https:\/\/vmsport.fi\/sv\/verkkokauppa\/tarvikkeet\/tyokalut\/voimansiirtotyokalut\/pro-ketjutyokalu-9-10-11-12-vaihteisille\/\">L\u00e4s mer \u2026<span class=\"screen-reader-text\"> from PRO Ketjuty\u00f6kalu 9\/10\/11\/12-vaihteisille<\/span><\/a><\/p>\n","protected":false},"featured_media":55012,"comment_status":"open","ping_status":"closed","template":"","meta":{"_acf_changed":false,"_improvement_type_select":"improve_an_existing","_thumb_yes_seoaic":false,"_frame_yes_seoaic":false,"seoaic_generate_description":"","seoaic_improve_instructions_prompt":"","seoaic_rollback_content_improvement":"","seoaic_idea_thumbnail_generator":"","thumbnail_generated":false,"thumbnail_generate_prompt":"","seoaic_article_description":"","_supplier_stock_quantity":0},"product_brand":[],"product_model":[],"product_cat":[9342],"product_tag":[],"industry-terminology":[],"class_list":{"0":"post-55013","1":"product","2":"type-product","3":"status-publish","4":"has-post-thumbnail","6":"product_cat-voimansiirtotyokalut","8":"first","9":"instock","10":"taxable","11":"shipping-taxable","12":"purchasable","13":"product-type-simple"},"acf":{"bike_features":null,"overview":{"copy_overview":null,"key_features":null,"statement":"","youtube_url":""}},"yoast_head":"<!-- This site is optimized with the Yoast SEO plugin v27.3 - https:\/\/yoast.com\/product\/yoast-seo-wordpress\/ -->\n<title>PRO Ketjuty\u00f6kalu 9\/10\/11\/12-vaihteisille - VM Sport<\/title>\n<meta name=\"robots\" content=\"index, follow, max-snippet:-1, max-image-preview:large, max-video-preview:-1\" \/>\n<link rel=\"canonical\" href=\"https:\/\/vmsport.fi\/sv\/webbutik\/tillbehor\/tyokalut\/transmissionsfasten\/pro-kedjehjul-for-9-10-11-12-vaxlar\/\" \/>\n<meta property=\"og:locale\" content=\"sv_SE\" \/>\n<meta property=\"og:type\" content=\"article\" \/>\n<meta property=\"og:title\" content=\"PRO Ketjuty\u00f6kalu 9\/10\/11\/12-vaihteisille - VM Sport\" \/>\n<meta property=\"og:description\" content=\"PRO-ketjuty\u00f6kalu on suunniteltu erityisesti 9\u201312-vaihteisille ketjuille, joita k\u00e4ytet\u00e4\u00e4n moderneissa polkupy\u00f6riss\u00e4. T\u00e4m\u00e4n ty\u00f6kalun avulla ketjun irrottaminen ja asentaminen sujuu helposti, sill\u00e4 sen kest\u00e4v\u00e4t materiaalit ja huolellinen suunnittelu varmistavat luotettavan toiminnan. Kun tarvitset huoltaa py\u00f6r\u00e4si ketjut, t\u00e4m\u00e4 ketjuty\u00f6kalu takaa tehokkaan ja vaivattoman ty\u00f6skentelyn. Sen ergonominen kahva lis\u00e4\u00e4 k\u00e4ytt\u00f6mukavuutta, mik\u00e4 tarkoittaa, ett\u00e4 pitk\u00e4kin k\u00e4ytt\u00f6aika on miellytt\u00e4v\u00e4\u00e4 ja k\u00e4det [...]L\u00e4s mer \u2026 from PRO Ketjuty\u00f6kalu 9\/10\/11\/12-vaihteisille\" \/>\n<meta property=\"og:url\" content=\"https:\/\/vmsport.fi\/sv\/webbutik\/tillbehor\/tyokalut\/transmissionsfasten\/pro-kedjehjul-for-9-10-11-12-vaxlar\/\" \/>\n<meta property=\"og:site_name\" content=\"VM Sport\" \/>\n<meta property=\"article:publisher\" content=\"https:\/\/www.facebook.com\/Vmsport.fi\/\" \/>\n<meta property=\"article:modified_time\" content=\"2026-03-12T00:00:13+00:00\" \/>\n<meta property=\"og:image\" content=\"https:\/\/vmsport.fi\/wp-content\/uploads\/2025\/03\/7xcSK32xkVgGi5tbrUZEQjsESmXCE3vCAenqwewZYHUMNtzZhj-1.jpg\" \/>\n\t<meta property=\"og:image:width\" content=\"600\" \/>\n\t<meta property=\"og:image:height\" content=\"600\" \/>\n\t<meta property=\"og:image:type\" content=\"image\/jpeg\" \/>\n<meta name=\"twitter:card\" content=\"summary_large_image\" \/>\n<meta name=\"twitter:label1\" content=\"Ber\u00e4knad l\u00e4stid\" \/>\n\t<meta name=\"twitter:data1\" content=\"1 minut\" \/>\n<script type=\"application\/ld+json\" class=\"yoast-schema-graph\">{\"@context\":\"https:\\\/\\\/schema.org\",\"@graph\":[{\"@type\":[\"WebPage\",\"ItemPage\"],\"@id\":\"https:\\\/\\\/vmsport.fi\\\/verkkokauppa\\\/tarvikkeet\\\/tyokalut\\\/voimansiirtotyokalut\\\/pro-ketjutyokalu-9-10-11-12-vaihteisille\\\/\",\"url\":\"https:\\\/\\\/vmsport.fi\\\/verkkokauppa\\\/tarvikkeet\\\/tyokalut\\\/voimansiirtotyokalut\\\/pro-ketjutyokalu-9-10-11-12-vaihteisille\\\/\",\"name\":\"PRO Ketjuty\u00f6kalu 9\\\/10\\\/11\\\/12-vaihteisille - VM Sport\",\"isPartOf\":{\"@id\":\"https:\\\/\\\/vmsport.fi\\\/#website\"},\"primaryImageOfPage\":{\"@id\":\"https:\\\/\\\/vmsport.fi\\\/verkkokauppa\\\/tarvikkeet\\\/tyokalut\\\/voimansiirtotyokalut\\\/pro-ketjutyokalu-9-10-11-12-vaihteisille\\\/#primaryimage\"},\"image\":{\"@id\":\"https:\\\/\\\/vmsport.fi\\\/verkkokauppa\\\/tarvikkeet\\\/tyokalut\\\/voimansiirtotyokalut\\\/pro-ketjutyokalu-9-10-11-12-vaihteisille\\\/#primaryimage\"},\"thumbnailUrl\":\"https:\\\/\\\/vmsport.fi\\\/wp-content\\\/uploads\\\/2025\\\/03\\\/7xcSK32xkVgGi5tbrUZEQjsESmXCE3vCAenqwewZYHUMNtzZhj-1.jpg\",\"datePublished\":\"2025-03-05T22:00:25+00:00\",\"dateModified\":\"2026-03-12T00:00:13+00:00\",\"breadcrumb\":{\"@id\":\"https:\\\/\\\/vmsport.fi\\\/verkkokauppa\\\/tarvikkeet\\\/tyokalut\\\/voimansiirtotyokalut\\\/pro-ketjutyokalu-9-10-11-12-vaihteisille\\\/#breadcrumb\"},\"inLanguage\":\"sv-SE\",\"potentialAction\":[{\"@type\":\"ReadAction\",\"target\":[\"https:\\\/\\\/vmsport.fi\\\/verkkokauppa\\\/tarvikkeet\\\/tyokalut\\\/voimansiirtotyokalut\\\/pro-ketjutyokalu-9-10-11-12-vaihteisille\\\/\"]}]},{\"@type\":\"ImageObject\",\"inLanguage\":\"sv-SE\",\"@id\":\"https:\\\/\\\/vmsport.fi\\\/verkkokauppa\\\/tarvikkeet\\\/tyokalut\\\/voimansiirtotyokalut\\\/pro-ketjutyokalu-9-10-11-12-vaihteisille\\\/#primaryimage\",\"url\":\"https:\\\/\\\/vmsport.fi\\\/wp-content\\\/uploads\\\/2025\\\/03\\\/7xcSK32xkVgGi5tbrUZEQjsESmXCE3vCAenqwewZYHUMNtzZhj-1.jpg\",\"contentUrl\":\"https:\\\/\\\/vmsport.fi\\\/wp-content\\\/uploads\\\/2025\\\/03\\\/7xcSK32xkVgGi5tbrUZEQjsESmXCE3vCAenqwewZYHUMNtzZhj-1.jpg\",\"width\":600,\"height\":600,\"caption\":\"7xcSK32xkVgGi5tbrUZEQjsESmXCE3vCAenqwewZYHUMNtzZhj\"},{\"@type\":\"BreadcrumbList\",\"@id\":\"https:\\\/\\\/vmsport.fi\\\/verkkokauppa\\\/tarvikkeet\\\/tyokalut\\\/voimansiirtotyokalut\\\/pro-ketjutyokalu-9-10-11-12-vaihteisille\\\/#breadcrumb\",\"itemListElement\":[{\"@type\":\"ListItem\",\"position\":1,\"name\":\"Etusivu\",\"item\":\"https:\\\/\\\/vmsport.fi\\\/\"},{\"@type\":\"ListItem\",\"position\":2,\"name\":\"Online Store\",\"item\":\"https:\\\/\\\/vmsport.fi\\\/en\\\/online-store\\\/\"},{\"@type\":\"ListItem\",\"position\":3,\"name\":\"PRO Ketjuty\u00f6kalu 9\\\/10\\\/11\\\/12-vaihteisille\"}]},{\"@type\":\"WebSite\",\"@id\":\"https:\\\/\\\/vmsport.fi\\\/#website\",\"url\":\"https:\\\/\\\/vmsport.fi\\\/\",\"name\":\"Vmsport\",\"description\":\"Kaikki py\u00f6r\u00e4ilyyn yhdest\u00e4 paikasta\",\"publisher\":{\"@id\":\"https:\\\/\\\/vmsport.fi\\\/#organization\"},\"potentialAction\":[{\"@type\":\"SearchAction\",\"target\":{\"@type\":\"EntryPoint\",\"urlTemplate\":\"https:\\\/\\\/vmsport.fi\\\/?s={search_term_string}\"},\"query-input\":{\"@type\":\"PropertyValueSpecification\",\"valueRequired\":true,\"valueName\":\"search_term_string\"}}],\"inLanguage\":\"sv-SE\"},{\"@type\":\"Organization\",\"@id\":\"https:\\\/\\\/vmsport.fi\\\/#organization\",\"name\":\"Vmsport\",\"url\":\"https:\\\/\\\/vmsport.fi\\\/\",\"logo\":{\"@type\":\"ImageObject\",\"inLanguage\":\"sv-SE\",\"@id\":\"https:\\\/\\\/vmsport.fi\\\/#\\\/schema\\\/logo\\\/image\\\/\",\"url\":\"https:\\\/\\\/vmsport.fi\\\/wp-content\\\/uploads\\\/2024\\\/12\\\/vm_sport_RGB_horisontal-e1734526017575.png\",\"contentUrl\":\"https:\\\/\\\/vmsport.fi\\\/wp-content\\\/uploads\\\/2024\\\/12\\\/vm_sport_RGB_horisontal-e1734526017575.png\",\"width\":668,\"height\":85,\"caption\":\"Vmsport\"},\"image\":{\"@id\":\"https:\\\/\\\/vmsport.fi\\\/#\\\/schema\\\/logo\\\/image\\\/\"},\"sameAs\":[\"https:\\\/\\\/www.facebook.com\\\/Vmsport.fi\\\/\",\"https:\\\/\\\/www.instagram.com\\\/vmsport\\\/\"]}]}<\/script>\n<!-- \/ Yoast SEO plugin. -->","yoast_head_json":{"title":"PRO Kedjeverktyg f\u00f6r 9\/10\/11\/12 v\u00e4xlar - VM Sport","robots":{"index":"index","follow":"follow","max-snippet":"max-snippet:-1","max-image-preview":"max-image-preview:large","max-video-preview":"max-video-preview:-1"},"canonical":"https:\/\/vmsport.fi\/sv\/webbutik\/tillbehor\/tyokalut\/transmissionsfasten\/pro-kedjehjul-for-9-10-11-12-vaxlar\/","og_locale":"sv_SE","og_type":"article","og_title":"PRO Ketjuty\u00f6kalu 9\/10\/11\/12-vaihteisille - VM Sport","og_description":"PRO-ketjuty\u00f6kalu on suunniteltu erityisesti 9\u201312-vaihteisille ketjuille, joita k\u00e4ytet\u00e4\u00e4n moderneissa polkupy\u00f6riss\u00e4. T\u00e4m\u00e4n ty\u00f6kalun avulla ketjun irrottaminen ja asentaminen sujuu helposti, sill\u00e4 sen kest\u00e4v\u00e4t materiaalit ja huolellinen suunnittelu varmistavat luotettavan toiminnan. Kun tarvitset huoltaa py\u00f6r\u00e4si ketjut, t\u00e4m\u00e4 ketjuty\u00f6kalu takaa tehokkaan ja vaivattoman ty\u00f6skentelyn. Sen ergonominen kahva lis\u00e4\u00e4 k\u00e4ytt\u00f6mukavuutta, mik\u00e4 tarkoittaa, ett\u00e4 pitk\u00e4kin k\u00e4ytt\u00f6aika on miellytt\u00e4v\u00e4\u00e4 ja k\u00e4det [...]L\u00e4s mer \u2026 from PRO Ketjuty\u00f6kalu 9\/10\/11\/12-vaihteisille","og_url":"https:\/\/vmsport.fi\/sv\/webbutik\/tillbehor\/tyokalut\/transmissionsfasten\/pro-kedjehjul-for-9-10-11-12-vaxlar\/","og_site_name":"VM Sport","article_publisher":"https:\/\/www.facebook.com\/Vmsport.fi\/","article_modified_time":"2026-03-12T00:00:13+00:00","og_image":[{"width":600,"height":600,"url":"https:\/\/vmsport.fi\/wp-content\/uploads\/2025\/03\/7xcSK32xkVgGi5tbrUZEQjsESmXCE3vCAenqwewZYHUMNtzZhj-1.jpg","type":"image\/jpeg"}],"twitter_card":"summary_large_image","twitter_misc":{"Ber\u00e4knad l\u00e4stid":"1 minut"},"schema":{"@context":"https:\/\/schema.org","@graph":[{"@type":["WebPage","ItemPage"],"@id":"https:\/\/vmsport.fi\/verkkokauppa\/tarvikkeet\/tyokalut\/voimansiirtotyokalut\/pro-ketjutyokalu-9-10-11-12-vaihteisille\/","url":"https:\/\/vmsport.fi\/verkkokauppa\/tarvikkeet\/tyokalut\/voimansiirtotyokalut\/pro-ketjutyokalu-9-10-11-12-vaihteisille\/","name":"PRO Kedjeverktyg f\u00f6r 9\/10\/11\/12 v\u00e4xlar - VM Sport","isPartOf":{"@id":"https:\/\/vmsport.fi\/#website"},"primaryImageOfPage":{"@id":"https:\/\/vmsport.fi\/verkkokauppa\/tarvikkeet\/tyokalut\/voimansiirtotyokalut\/pro-ketjutyokalu-9-10-11-12-vaihteisille\/#primaryimage"},"image":{"@id":"https:\/\/vmsport.fi\/verkkokauppa\/tarvikkeet\/tyokalut\/voimansiirtotyokalut\/pro-ketjutyokalu-9-10-11-12-vaihteisille\/#primaryimage"},"thumbnailUrl":"https:\/\/vmsport.fi\/wp-content\/uploads\/2025\/03\/7xcSK32xkVgGi5tbrUZEQjsESmXCE3vCAenqwewZYHUMNtzZhj-1.jpg","datePublished":"2025-03-05T22:00:25+00:00","dateModified":"2026-03-12T00:00:13+00:00","breadcrumb":{"@id":"https:\/\/vmsport.fi\/verkkokauppa\/tarvikkeet\/tyokalut\/voimansiirtotyokalut\/pro-ketjutyokalu-9-10-11-12-vaihteisille\/#breadcrumb"},"inLanguage":"sv-SE","potentialAction":[{"@type":"ReadAction","target":["https:\/\/vmsport.fi\/verkkokauppa\/tarvikkeet\/tyokalut\/voimansiirtotyokalut\/pro-ketjutyokalu-9-10-11-12-vaihteisille\/"]}]},{"@type":"ImageObject","inLanguage":"sv-SE","@id":"https:\/\/vmsport.fi\/verkkokauppa\/tarvikkeet\/tyokalut\/voimansiirtotyokalut\/pro-ketjutyokalu-9-10-11-12-vaihteisille\/#primaryimage","url":"https:\/\/vmsport.fi\/wp-content\/uploads\/2025\/03\/7xcSK32xkVgGi5tbrUZEQjsESmXCE3vCAenqwewZYHUMNtzZhj-1.jpg","contentUrl":"https:\/\/vmsport.fi\/wp-content\/uploads\/2025\/03\/7xcSK32xkVgGi5tbrUZEQjsESmXCE3vCAenqwewZYHUMNtzZhj-1.jpg","width":600,"height":600,"caption":"7xcSK32xkVgGi5tbrUZEQjsESmXCE3vCAenqwewZYHUMNtzZhj"},{"@type":"BreadcrumbList","@id":"https:\/\/vmsport.fi\/verkkokauppa\/tarvikkeet\/tyokalut\/voimansiirtotyokalut\/pro-ketjutyokalu-9-10-11-12-vaihteisille\/#breadcrumb","itemListElement":[{"@type":"ListItem","position":1,"name":"Etusivu","item":"https:\/\/vmsport.fi\/"},{"@type":"ListItem","position":2,"name":"Online Store","item":"https:\/\/vmsport.fi\/en\/online-store\/"},{"@type":"ListItem","position":3,"name":"PRO Ketjuty\u00f6kalu 9\/10\/11\/12-vaihteisille"}]},{"@type":"WebSite","@id":"https:\/\/vmsport.fi\/#website","url":"https:\/\/vmsport.fi\/","name":"Vmsport","description":"Allt p\u00e5 ett st\u00e4lle f\u00f6r cykling","publisher":{"@id":"https:\/\/vmsport.fi\/#organization"},"potentialAction":[{"@type":"SearchAction","target":{"@type":"EntryPoint","urlTemplate":"https:\/\/vmsport.fi\/?s={search_term_string}"},"query-input":{"@type":"PropertyValueSpecification","valueRequired":true,"valueName":"search_term_string"}}],"inLanguage":"sv-SE"},{"@type":"Organization","@id":"https:\/\/vmsport.fi\/#organization","name":"Vmsport","url":"https:\/\/vmsport.fi\/","logo":{"@type":"ImageObject","inLanguage":"sv-SE","@id":"https:\/\/vmsport.fi\/#\/schema\/logo\/image\/","url":"https:\/\/vmsport.fi\/wp-content\/uploads\/2024\/12\/vm_sport_RGB_horisontal-e1734526017575.png","contentUrl":"https:\/\/vmsport.fi\/wp-content\/uploads\/2024\/12\/vm_sport_RGB_horisontal-e1734526017575.png","width":668,"height":85,"caption":"Vmsport"},"image":{"@id":"https:\/\/vmsport.fi\/#\/schema\/logo\/image\/"},"sameAs":["https:\/\/www.facebook.com\/Vmsport.fi\/","https:\/\/www.instagram.com\/vmsport\/"]}]}},"global_unique_id":"","_links":{"self":[{"href":"https:\/\/vmsport.fi\/sv\/wp-json\/wp\/v2\/product\/55013","targetHints":{"allow":["GET"]}}],"collection":[{"href":"https:\/\/vmsport.fi\/sv\/wp-json\/wp\/v2\/product"}],"about":[{"href":"https:\/\/vmsport.fi\/sv\/wp-json\/wp\/v2\/types\/product"}],"replies":[{"embeddable":true,"href":"https:\/\/vmsport.fi\/sv\/wp-json\/wp\/v2\/comments?post=55013"}],"wp:featuredmedia":[{"embeddable":true,"href":"https:\/\/vmsport.fi\/sv\/wp-json\/wp\/v2\/media\/55012"}],"wp:attachment":[{"href":"https:\/\/vmsport.fi\/sv\/wp-json\/wp\/v2\/media?parent=55013"}],"wp:term":[{"taxonomy":"product_brand","embeddable":true,"href":"https:\/\/vmsport.fi\/sv\/wp-json\/wp\/v2\/product_brand?post=55013"},{"taxonomy":"product_model","embeddable":true,"href":"https:\/\/vmsport.fi\/sv\/wp-json\/wp\/v2\/product_model?post=55013"},{"taxonomy":"product_cat","embeddable":true,"href":"https:\/\/vmsport.fi\/sv\/wp-json\/wp\/v2\/product_cat?post=55013"},{"taxonomy":"product_tag","embeddable":true,"href":"https:\/\/vmsport.fi\/sv\/wp-json\/wp\/v2\/product_tag?post=55013"},{"taxonomy":"industry_terminology","embeddable":true,"href":"https:\/\/vmsport.fi\/sv\/wp-json\/wp\/v2\/industry-terminology?post=55013"}],"curies":[{"name":"wp","href":"https:\/\/api.w.org\/{rel}","templated":true}]}}