{"id":55011,"date":"2025-03-06T00:00:25","date_gmt":"2025-03-05T22:00:25","guid":{"rendered":"https:\/\/vmsport.fi\/verkkokauppa\/Ei-luokiteltu\/jarrupalat-avid-sram-x0-trail-7-trail\/"},"modified":"2026-01-16T13:22:22","modified_gmt":"2026-01-16T11:22:22","slug":"bromsbelagg-avid-sram-x0-trail-7-trail","status":"publish","type":"product","link":"https:\/\/vmsport.fi\/sv\/verkkokauppa\/varaosat\/jarrut\/jarrupalat\/jarrupalat-avid-sram-x0-trail-7-trail\/","title":{"rendered":"Bromsbel\u00e4gg AVID\/SRAM X0 Trail, 7 Trail,"},"content":{"rendered":"<p>Dessa bromsbel\u00e4gg \u00e4r s\u00e4rskilt utformade f\u00f6r Avid XO Trail- och SRAM Guide-bromssystem och f\u00f6rb\u00e4ttrar bromsprestandan avsev\u00e4rt. Den slitstarka och tysta sammans\u00e4ttningen fungerar utm\u00e4rkt under alla k\u00f6rf\u00f6rh\u00e5llanden. Endast en kort ink\u00f6rningsperiod kr\u00e4vs f\u00f6r att bromsarna ska n\u00e5 sin fulla prestanda. De f\u00f6rhindrar ocks\u00e5 \u00f6verhettning av bromsoket, vilket s\u00e4kerst\u00e4ller konsekventa bromsprestanda. Dessa hydrauliska skivbromsbel\u00e4gg \u00e4r idealiska f\u00f6r mountainbike. Deras kompatibilitet med alla typer av rotorer g\u00f6r dem till ett m\u00e5ngsidigt val f\u00f6r erfarna cyklister.<\/p>","protected":false},"excerpt":{"rendered":"<p>N\u00e4m\u00e4 jarrupalat on suunniteltu erityisesti Avid XO Trail ja SRAM Guide -jarruj\u00e4rjestelmille, ja ne parantavat jarrutustehoa merkitt\u00e4v\u00e4sti. Kest\u00e4v\u00e4 ja hiljainen seos toimii erinomaisesti kaikissa ajo-olosuhteissa. Vain lyhyt sis\u00e4\u00e4najoaika tarvitaan, jotta jarrut saavuttavat t\u00e4ydellisen suorituskykyns\u00e4. Lis\u00e4ksi ne est\u00e4v\u00e4t jarrusatulan ylikuumenemisen, mik\u00e4 varmistaa tasaisen jarrutustehon. N\u00e4m\u00e4 hydraulisiin levyjarruihin sopivat palat ovat ihanteellisia maastopy\u00f6r\u00e4ilyyn. Niiden yhteensopivuus kaikkien roottorityyppien [&#8230;]<\/p>\n<p><a class=\"btn btn-secondary understrap-read-more-link\" href=\"https:\/\/vmsport.fi\/sv\/verkkokauppa\/varaosat\/jarrut\/jarrupalat\/jarrupalat-avid-sram-x0-trail-7-trail\/\">L\u00e4s mer \u2026<span class=\"screen-reader-text\"> from Jarrupalat AVID\/SRAM X0 Trail, 7 Trail,<\/span><\/a><\/p>\n","protected":false},"featured_media":55010,"comment_status":"open","ping_status":"closed","template":"","meta":{"_acf_changed":false,"_improvement_type_select":"improve_an_existing","_thumb_yes_seoaic":false,"_frame_yes_seoaic":false,"seoaic_generate_description":"","seoaic_improve_instructions_prompt":"","seoaic_rollback_content_improvement":"","seoaic_idea_thumbnail_generator":"","thumbnail_generated":false,"thumbnail_generate_prompt":"","seoaic_article_description":"","_supplier_stock_quantity":0},"product_brand":[1588],"product_model":[],"product_cat":[9288],"product_tag":[],"industry-terminology":[],"class_list":{"0":"post-55011","1":"product","2":"type-product","3":"status-publish","4":"has-post-thumbnail","6":"product_brand-sram","7":"product_cat-jarrupalat","9":"first","10":"instock","11":"taxable","12":"shipping-taxable","13":"purchasable","14":"product-type-simple"},"acf":{"bike_features":null,"overview":{"copy_overview":null,"key_features":null,"statement":"","youtube_url":""}},"yoast_head":"<!-- This site is optimized with the Yoast SEO plugin v27.3 - https:\/\/yoast.com\/product\/yoast-seo-wordpress\/ -->\n<title>Jarrupalat AVID\/SRAM X0 Trail, 7 Trail, - VM Sport<\/title>\n<meta name=\"robots\" content=\"index, follow, max-snippet:-1, max-image-preview:large, max-video-preview:-1\" \/>\n<link rel=\"canonical\" href=\"https:\/\/vmsport.fi\/sv\/webbutik\/reservdelar\/bromsar\/bromsbelagg\/bromsbelagg-avid-sram-x0-trail-7-trail\/\" \/>\n<meta property=\"og:locale\" content=\"sv_SE\" \/>\n<meta property=\"og:type\" content=\"article\" \/>\n<meta property=\"og:title\" content=\"Jarrupalat AVID\/SRAM X0 Trail, 7 Trail, - VM Sport\" \/>\n<meta property=\"og:description\" content=\"N\u00e4m\u00e4 jarrupalat on suunniteltu erityisesti Avid XO Trail ja SRAM Guide -jarruj\u00e4rjestelmille, ja ne parantavat jarrutustehoa merkitt\u00e4v\u00e4sti. Kest\u00e4v\u00e4 ja hiljainen seos toimii erinomaisesti kaikissa ajo-olosuhteissa. Vain lyhyt sis\u00e4\u00e4najoaika tarvitaan, jotta jarrut saavuttavat t\u00e4ydellisen suorituskykyns\u00e4. Lis\u00e4ksi ne est\u00e4v\u00e4t jarrusatulan ylikuumenemisen, mik\u00e4 varmistaa tasaisen jarrutustehon. N\u00e4m\u00e4 hydraulisiin levyjarruihin sopivat palat ovat ihanteellisia maastopy\u00f6r\u00e4ilyyn. Niiden yhteensopivuus kaikkien roottorityyppien [...]L\u00e4s mer \u2026 from Jarrupalat AVID\/SRAM X0 Trail, 7 Trail,\" \/>\n<meta property=\"og:url\" content=\"https:\/\/vmsport.fi\/sv\/webbutik\/reservdelar\/bromsar\/bromsbelagg\/bromsbelagg-avid-sram-x0-trail-7-trail\/\" \/>\n<meta property=\"og:site_name\" content=\"VM Sport\" \/>\n<meta property=\"article:publisher\" content=\"https:\/\/www.facebook.com\/Vmsport.fi\/\" \/>\n<meta property=\"article:modified_time\" content=\"2026-01-16T11:22:22+00:00\" \/>\n<meta property=\"og:image\" content=\"https:\/\/vmsport.fi\/wp-content\/uploads\/2025\/03\/Belaegg-Adv-AVID-SRAM-XO-Trail-7-1.jpg\" \/>\n\t<meta property=\"og:image:width\" content=\"500\" \/>\n\t<meta property=\"og:image:height\" content=\"345\" \/>\n\t<meta property=\"og:image:type\" content=\"image\/jpeg\" \/>\n<meta name=\"twitter:card\" content=\"summary_large_image\" \/>\n<script type=\"application\/ld+json\" class=\"yoast-schema-graph\">{\"@context\":\"https:\\\/\\\/schema.org\",\"@graph\":[{\"@type\":[\"WebPage\",\"ItemPage\"],\"@id\":\"https:\\\/\\\/vmsport.fi\\\/verkkokauppa\\\/varaosat\\\/jarrut\\\/jarrupalat\\\/jarrupalat-avid-sram-x0-trail-7-trail\\\/\",\"url\":\"https:\\\/\\\/vmsport.fi\\\/verkkokauppa\\\/varaosat\\\/jarrut\\\/jarrupalat\\\/jarrupalat-avid-sram-x0-trail-7-trail\\\/\",\"name\":\"Jarrupalat AVID\\\/SRAM X0 Trail, 7 Trail, - VM Sport\",\"isPartOf\":{\"@id\":\"https:\\\/\\\/vmsport.fi\\\/#website\"},\"primaryImageOfPage\":{\"@id\":\"https:\\\/\\\/vmsport.fi\\\/verkkokauppa\\\/varaosat\\\/jarrut\\\/jarrupalat\\\/jarrupalat-avid-sram-x0-trail-7-trail\\\/#primaryimage\"},\"image\":{\"@id\":\"https:\\\/\\\/vmsport.fi\\\/verkkokauppa\\\/varaosat\\\/jarrut\\\/jarrupalat\\\/jarrupalat-avid-sram-x0-trail-7-trail\\\/#primaryimage\"},\"thumbnailUrl\":\"https:\\\/\\\/vmsport.fi\\\/wp-content\\\/uploads\\\/2025\\\/03\\\/Belaegg-Adv-AVID-SRAM-XO-Trail-7-1.jpg\",\"datePublished\":\"2025-03-05T22:00:25+00:00\",\"dateModified\":\"2026-01-16T11:22:22+00:00\",\"breadcrumb\":{\"@id\":\"https:\\\/\\\/vmsport.fi\\\/verkkokauppa\\\/varaosat\\\/jarrut\\\/jarrupalat\\\/jarrupalat-avid-sram-x0-trail-7-trail\\\/#breadcrumb\"},\"inLanguage\":\"sv-SE\",\"potentialAction\":[{\"@type\":\"ReadAction\",\"target\":[\"https:\\\/\\\/vmsport.fi\\\/verkkokauppa\\\/varaosat\\\/jarrut\\\/jarrupalat\\\/jarrupalat-avid-sram-x0-trail-7-trail\\\/\"]}]},{\"@type\":\"ImageObject\",\"inLanguage\":\"sv-SE\",\"@id\":\"https:\\\/\\\/vmsport.fi\\\/verkkokauppa\\\/varaosat\\\/jarrut\\\/jarrupalat\\\/jarrupalat-avid-sram-x0-trail-7-trail\\\/#primaryimage\",\"url\":\"https:\\\/\\\/vmsport.fi\\\/wp-content\\\/uploads\\\/2025\\\/03\\\/Belaegg-Adv-AVID-SRAM-XO-Trail-7-1.jpg\",\"contentUrl\":\"https:\\\/\\\/vmsport.fi\\\/wp-content\\\/uploads\\\/2025\\\/03\\\/Belaegg-Adv-AVID-SRAM-XO-Trail-7-1.jpg\",\"width\":500,\"height\":345,\"caption\":\"Belaegg-Adv-AVID-SRAM-XO-Trail-7\"},{\"@type\":\"BreadcrumbList\",\"@id\":\"https:\\\/\\\/vmsport.fi\\\/verkkokauppa\\\/varaosat\\\/jarrut\\\/jarrupalat\\\/jarrupalat-avid-sram-x0-trail-7-trail\\\/#breadcrumb\",\"itemListElement\":[{\"@type\":\"ListItem\",\"position\":1,\"name\":\"Etusivu\",\"item\":\"https:\\\/\\\/vmsport.fi\\\/\"},{\"@type\":\"ListItem\",\"position\":2,\"name\":\"Online Store\",\"item\":\"https:\\\/\\\/vmsport.fi\\\/en\\\/online-store\\\/\"},{\"@type\":\"ListItem\",\"position\":3,\"name\":\"Jarrupalat AVID\\\/SRAM X0 Trail, 7 Trail,\"}]},{\"@type\":\"WebSite\",\"@id\":\"https:\\\/\\\/vmsport.fi\\\/#website\",\"url\":\"https:\\\/\\\/vmsport.fi\\\/\",\"name\":\"Vmsport\",\"description\":\"Kaikki py\u00f6r\u00e4ilyyn yhdest\u00e4 paikasta\",\"publisher\":{\"@id\":\"https:\\\/\\\/vmsport.fi\\\/#organization\"},\"potentialAction\":[{\"@type\":\"SearchAction\",\"target\":{\"@type\":\"EntryPoint\",\"urlTemplate\":\"https:\\\/\\\/vmsport.fi\\\/?s={search_term_string}\"},\"query-input\":{\"@type\":\"PropertyValueSpecification\",\"valueRequired\":true,\"valueName\":\"search_term_string\"}}],\"inLanguage\":\"sv-SE\"},{\"@type\":\"Organization\",\"@id\":\"https:\\\/\\\/vmsport.fi\\\/#organization\",\"name\":\"Vmsport\",\"url\":\"https:\\\/\\\/vmsport.fi\\\/\",\"logo\":{\"@type\":\"ImageObject\",\"inLanguage\":\"sv-SE\",\"@id\":\"https:\\\/\\\/vmsport.fi\\\/#\\\/schema\\\/logo\\\/image\\\/\",\"url\":\"https:\\\/\\\/vmsport.fi\\\/wp-content\\\/uploads\\\/2024\\\/12\\\/vm_sport_RGB_horisontal-e1734526017575.png\",\"contentUrl\":\"https:\\\/\\\/vmsport.fi\\\/wp-content\\\/uploads\\\/2024\\\/12\\\/vm_sport_RGB_horisontal-e1734526017575.png\",\"width\":668,\"height\":85,\"caption\":\"Vmsport\"},\"image\":{\"@id\":\"https:\\\/\\\/vmsport.fi\\\/#\\\/schema\\\/logo\\\/image\\\/\"},\"sameAs\":[\"https:\\\/\\\/www.facebook.com\\\/Vmsport.fi\\\/\",\"https:\\\/\\\/www.instagram.com\\\/vmsport\\\/\"]}]}<\/script>\n<!-- \/ Yoast SEO plugin. -->","yoast_head_json":{"title":"Bromsbel\u00e4gg AVID\/SRAM X0 Trail, 7 Trail, - VM Sport","robots":{"index":"index","follow":"follow","max-snippet":"max-snippet:-1","max-image-preview":"max-image-preview:large","max-video-preview":"max-video-preview:-1"},"canonical":"https:\/\/vmsport.fi\/sv\/webbutik\/reservdelar\/bromsar\/bromsbelagg\/bromsbelagg-avid-sram-x0-trail-7-trail\/","og_locale":"sv_SE","og_type":"article","og_title":"Jarrupalat AVID\/SRAM X0 Trail, 7 Trail, - VM Sport","og_description":"N\u00e4m\u00e4 jarrupalat on suunniteltu erityisesti Avid XO Trail ja SRAM Guide -jarruj\u00e4rjestelmille, ja ne parantavat jarrutustehoa merkitt\u00e4v\u00e4sti. Kest\u00e4v\u00e4 ja hiljainen seos toimii erinomaisesti kaikissa ajo-olosuhteissa. Vain lyhyt sis\u00e4\u00e4najoaika tarvitaan, jotta jarrut saavuttavat t\u00e4ydellisen suorituskykyns\u00e4. Lis\u00e4ksi ne est\u00e4v\u00e4t jarrusatulan ylikuumenemisen, mik\u00e4 varmistaa tasaisen jarrutustehon. N\u00e4m\u00e4 hydraulisiin levyjarruihin sopivat palat ovat ihanteellisia maastopy\u00f6r\u00e4ilyyn. Niiden yhteensopivuus kaikkien roottorityyppien [...]L\u00e4s mer \u2026 from Jarrupalat AVID\/SRAM X0 Trail, 7 Trail,","og_url":"https:\/\/vmsport.fi\/sv\/webbutik\/reservdelar\/bromsar\/bromsbelagg\/bromsbelagg-avid-sram-x0-trail-7-trail\/","og_site_name":"VM Sport","article_publisher":"https:\/\/www.facebook.com\/Vmsport.fi\/","article_modified_time":"2026-01-16T11:22:22+00:00","og_image":[{"width":500,"height":345,"url":"https:\/\/vmsport.fi\/wp-content\/uploads\/2025\/03\/Belaegg-Adv-AVID-SRAM-XO-Trail-7-1.jpg","type":"image\/jpeg"}],"twitter_card":"summary_large_image","schema":{"@context":"https:\/\/schema.org","@graph":[{"@type":["WebPage","ItemPage"],"@id":"https:\/\/vmsport.fi\/verkkokauppa\/varaosat\/jarrut\/jarrupalat\/jarrupalat-avid-sram-x0-trail-7-trail\/","url":"https:\/\/vmsport.fi\/verkkokauppa\/varaosat\/jarrut\/jarrupalat\/jarrupalat-avid-sram-x0-trail-7-trail\/","name":"Bromsbel\u00e4gg AVID\/SRAM X0 Trail, 7 Trail, - VM Sport","isPartOf":{"@id":"https:\/\/vmsport.fi\/#website"},"primaryImageOfPage":{"@id":"https:\/\/vmsport.fi\/verkkokauppa\/varaosat\/jarrut\/jarrupalat\/jarrupalat-avid-sram-x0-trail-7-trail\/#primaryimage"},"image":{"@id":"https:\/\/vmsport.fi\/verkkokauppa\/varaosat\/jarrut\/jarrupalat\/jarrupalat-avid-sram-x0-trail-7-trail\/#primaryimage"},"thumbnailUrl":"https:\/\/vmsport.fi\/wp-content\/uploads\/2025\/03\/Belaegg-Adv-AVID-SRAM-XO-Trail-7-1.jpg","datePublished":"2025-03-05T22:00:25+00:00","dateModified":"2026-01-16T11:22:22+00:00","breadcrumb":{"@id":"https:\/\/vmsport.fi\/verkkokauppa\/varaosat\/jarrut\/jarrupalat\/jarrupalat-avid-sram-x0-trail-7-trail\/#breadcrumb"},"inLanguage":"sv-SE","potentialAction":[{"@type":"ReadAction","target":["https:\/\/vmsport.fi\/verkkokauppa\/varaosat\/jarrut\/jarrupalat\/jarrupalat-avid-sram-x0-trail-7-trail\/"]}]},{"@type":"ImageObject","inLanguage":"sv-SE","@id":"https:\/\/vmsport.fi\/verkkokauppa\/varaosat\/jarrut\/jarrupalat\/jarrupalat-avid-sram-x0-trail-7-trail\/#primaryimage","url":"https:\/\/vmsport.fi\/wp-content\/uploads\/2025\/03\/Belaegg-Adv-AVID-SRAM-XO-Trail-7-1.jpg","contentUrl":"https:\/\/vmsport.fi\/wp-content\/uploads\/2025\/03\/Belaegg-Adv-AVID-SRAM-XO-Trail-7-1.jpg","width":500,"height":345,"caption":"Belaegg-Adv-AVID-SRAM-XO-Trail-7"},{"@type":"BreadcrumbList","@id":"https:\/\/vmsport.fi\/verkkokauppa\/varaosat\/jarrut\/jarrupalat\/jarrupalat-avid-sram-x0-trail-7-trail\/#breadcrumb","itemListElement":[{"@type":"ListItem","position":1,"name":"Etusivu","item":"https:\/\/vmsport.fi\/"},{"@type":"ListItem","position":2,"name":"Online Store","item":"https:\/\/vmsport.fi\/en\/online-store\/"},{"@type":"ListItem","position":3,"name":"Jarrupalat AVID\/SRAM X0 Trail, 7 Trail,"}]},{"@type":"WebSite","@id":"https:\/\/vmsport.fi\/#website","url":"https:\/\/vmsport.fi\/","name":"Vmsport","description":"Allt p\u00e5 ett st\u00e4lle f\u00f6r cykling","publisher":{"@id":"https:\/\/vmsport.fi\/#organization"},"potentialAction":[{"@type":"SearchAction","target":{"@type":"EntryPoint","urlTemplate":"https:\/\/vmsport.fi\/?s={search_term_string}"},"query-input":{"@type":"PropertyValueSpecification","valueRequired":true,"valueName":"search_term_string"}}],"inLanguage":"sv-SE"},{"@type":"Organization","@id":"https:\/\/vmsport.fi\/#organization","name":"Vmsport","url":"https:\/\/vmsport.fi\/","logo":{"@type":"ImageObject","inLanguage":"sv-SE","@id":"https:\/\/vmsport.fi\/#\/schema\/logo\/image\/","url":"https:\/\/vmsport.fi\/wp-content\/uploads\/2024\/12\/vm_sport_RGB_horisontal-e1734526017575.png","contentUrl":"https:\/\/vmsport.fi\/wp-content\/uploads\/2024\/12\/vm_sport_RGB_horisontal-e1734526017575.png","width":668,"height":85,"caption":"Vmsport"},"image":{"@id":"https:\/\/vmsport.fi\/#\/schema\/logo\/image\/"},"sameAs":["https:\/\/www.facebook.com\/Vmsport.fi\/","https:\/\/www.instagram.com\/vmsport\/"]}]}},"global_unique_id":"","_links":{"self":[{"href":"https:\/\/vmsport.fi\/sv\/wp-json\/wp\/v2\/product\/55011","targetHints":{"allow":["GET"]}}],"collection":[{"href":"https:\/\/vmsport.fi\/sv\/wp-json\/wp\/v2\/product"}],"about":[{"href":"https:\/\/vmsport.fi\/sv\/wp-json\/wp\/v2\/types\/product"}],"replies":[{"embeddable":true,"href":"https:\/\/vmsport.fi\/sv\/wp-json\/wp\/v2\/comments?post=55011"}],"wp:featuredmedia":[{"embeddable":true,"href":"https:\/\/vmsport.fi\/sv\/wp-json\/wp\/v2\/media\/55010"}],"wp:attachment":[{"href":"https:\/\/vmsport.fi\/sv\/wp-json\/wp\/v2\/media?parent=55011"}],"wp:term":[{"taxonomy":"product_brand","embeddable":true,"href":"https:\/\/vmsport.fi\/sv\/wp-json\/wp\/v2\/product_brand?post=55011"},{"taxonomy":"product_model","embeddable":true,"href":"https:\/\/vmsport.fi\/sv\/wp-json\/wp\/v2\/product_model?post=55011"},{"taxonomy":"product_cat","embeddable":true,"href":"https:\/\/vmsport.fi\/sv\/wp-json\/wp\/v2\/product_cat?post=55011"},{"taxonomy":"product_tag","embeddable":true,"href":"https:\/\/vmsport.fi\/sv\/wp-json\/wp\/v2\/product_tag?post=55011"},{"taxonomy":"industry_terminology","embeddable":true,"href":"https:\/\/vmsport.fi\/sv\/wp-json\/wp\/v2\/industry-terminology?post=55011"}],"curies":[{"name":"wp","href":"https:\/\/api.w.org\/{rel}","templated":true}]}}